{"id":16379,"date":"2025-03-21T13:19:05","date_gmt":"2025-03-21T05:19:05","guid":{"rendered":"https:\/\/www.yoroow.com\/?post_type=product&#038;p=16379"},"modified":"2025-05-16T09:48:38","modified_gmt":"2025-05-16T01:48:38","slug":"diseno-clasico-de-doble-pomo-mezclador-de-agua-fria-caliente-grifo-de-zinc-montado-en-la-cubierta-del-grifo-de-agua-de-aleacion-de-plasticos-duraderos-grifos-de-lavabo","status":"publish","type":"product","link":"https:\/\/www.yoroow.com\/es\/detalle-del-producto\/diseno-clasico-de-doble-pomo-mezclador-de-agua-fria-caliente-grifo-de-zinc-montado-en-la-cubierta-del-grifo-de-agua-de-aleacion-de-plasticos-duraderos-grifos-de-lavabo\/","title":{"rendered":"Cl\u00e1sico grifo de cocina de doble perilla de aleaci\u00f3n de zinc durable montado en la cubierta del grifo de agua de dise\u00f1o industrial de agua fr\u00eda caliente del grifo del lavabo de la cocina"},"content":{"rendered":"<p>Featuring a classic industrial design, this double-knob kitchen faucet is constructed from durable zinc alloy and designed for deck-mounted installation. It provides separate cold and hot water control, making it perfect for both home kitchens and industrial canteens. Produced with advanced zinc alloy die-casting techniques in our Chinese factory, this faucet supports OEM design changes, color options, and branding. The faucet\u2019s timeless form and reliability make it a staple in export catalogs for customers in South America and Southeast Asia, where robust and stylish designs are in strong demand.<\/p>","protected":false},"excerpt":{"rendered":"<p>Con un dise\u00f1o industrial cl\u00e1sico, este grifo de cocina de doble pomo est\u00e1 fabricado en aleaci\u00f3n de zinc duradera y dise\u00f1ado para su instalaci\u00f3n en cubierta. Proporciona un control separado del agua fr\u00eda y caliente, por lo que es perfecto tanto para cocinas dom\u00e9sticas como para comedores industriales. Producido con t\u00e9cnicas avanzadas de fundici\u00f3n a presi\u00f3n de aleaci\u00f3n de zinc en nuestra f\u00e1brica china, este grifo admite cambios de dise\u00f1o OEM,...<\/p>","protected":false},"featured_media":16374,"template":"","meta":{"_acf_changed":false,"_kad_post_transparent":"default","_kad_post_title":"","_kad_post_layout":"default","_kad_post_sidebar_id":"","_kad_post_content_style":"default","_kad_post_vertical_padding":"default","_kad_post_feature":"","_kad_post_feature_position":"","_kad_post_header":false,"_kad_post_footer":false},"product_brand":[],"product_cat":[102],"product_tag":[3284,5754],"class_list":{"0":"post-16379","1":"product","2":"type-product","3":"status-publish","4":"has-post-thumbnail","6":"product_cat-kitchen-faucet","7":"product_tag-industrial-design-kitchen-faucet","8":"product_tag-plastic-kitchen-tap","10":"first","11":"instock","12":"shipping-taxable","13":"purchasable","14":"product-type-variable","15":"wvs-archive-product-wrapper","16":"entry","17":"content-bg","18":"loop-entry"},"acf":[],"yoast_head":"<!-- This site is optimized with the Yoast SEO Premium plugin v25.4 (Yoast SEO v27.0) - https:\/\/yoast.com\/product\/yoast-seo-premium-wordpress\/ -->\n<title>Classic Double Knob Kitchen Faucet Durable Zinc Alloy Deck Mounted Water Tap Industrial Design Cold Hot Water Basin Tap Kitchen - YOROOW<\/title>\n<meta name=\"description\" content=\"Classic double knob kitchen faucet with durable zinc alloy deck mounted water tap, industrial design with cold and hot water mixer for kitchens, produced by Chinese factories exporting mainly to South American and Southeast Asian markets.\" \/>\n<meta name=\"robots\" content=\"index, follow, max-snippet:-1, max-image-preview:large, max-video-preview:-1\" \/>\n<link rel=\"canonical\" href=\"https:\/\/www.yoroow.com\/es\/detalle-del-producto\/diseno-clasico-de-doble-pomo-mezclador-de-agua-fria-caliente-grifo-de-zinc-montado-en-la-cubierta-del-grifo-de-agua-de-aleacion-de-plasticos-duraderos-grifos-de-lavabo\/\" \/>\n<meta property=\"og:locale\" content=\"es_ES\" \/>\n<meta property=\"og:type\" content=\"article\" \/>\n<meta property=\"og:title\" content=\"Classic Double Knob Kitchen Faucet Durable Zinc Alloy Deck Mounted Water Tap Industrial Design Cold Hot Water Basin Tap Kitchen\" \/>\n<meta property=\"og:description\" content=\"Classic double knob kitchen faucet with durable zinc alloy deck mounted water tap, industrial design with cold and hot water mixer for kitchens, produced by Chinese factories exporting mainly to South American and Southeast Asian markets.\" \/>\n<meta property=\"og:url\" content=\"https:\/\/www.yoroow.com\/es\/detalle-del-producto\/diseno-clasico-de-doble-pomo-mezclador-de-agua-fria-caliente-grifo-de-zinc-montado-en-la-cubierta-del-grifo-de-agua-de-aleacion-de-plasticos-duraderos-grifos-de-lavabo\/\" \/>\n<meta property=\"og:site_name\" content=\"YOROOW\" \/>\n<meta property=\"article:publisher\" content=\"https:\/\/www.facebook.com\/people\/yoroowfaucetfactory\/61564236752362\/\" \/>\n<meta property=\"article:modified_time\" content=\"2025-05-16T01:48:38+00:00\" \/>\n<meta property=\"og:image\" content=\"https:\/\/www.yoroow.com\/wp-content\/uploads\/2025\/03\/2-3.jpg\" \/>\n\t<meta property=\"og:image:width\" content=\"686\" \/>\n\t<meta property=\"og:image:height\" content=\"686\" \/>\n\t<meta property=\"og:image:type\" content=\"image\/jpeg\" \/>\n<meta name=\"twitter:card\" content=\"summary_large_image\" \/>\n<meta name=\"twitter:label1\" content=\"Tiempo de lectura\" \/>\n\t<meta name=\"twitter:data1\" content=\"1 minuto\" \/>\n<script type=\"application\/ld+json\" class=\"yoast-schema-graph\">{\"@context\":\"https:\/\/schema.org\",\"@graph\":[{\"@type\":\"WebPage\",\"@id\":\"https:\/\/www.yoroow.com\/es\/detalle-del-producto\/diseno-clasico-de-doble-pomo-mezclador-de-agua-fria-caliente-grifo-de-zinc-montado-en-la-cubierta-del-grifo-de-agua-de-aleacion-de-plasticos-duraderos-grifos-de-lavabo\/\",\"url\":\"https:\/\/www.yoroow.com\/es\/detalle-del-producto\/diseno-clasico-de-doble-pomo-mezclador-de-agua-fria-caliente-grifo-de-zinc-montado-en-la-cubierta-del-grifo-de-agua-de-aleacion-de-plasticos-duraderos-grifos-de-lavabo\/\",\"name\":\"Classic Double Knob Kitchen Faucet Durable Zinc Alloy Deck Mounted Water Tap Industrial Design Cold Hot Water Basin Tap Kitchen - YOROOW\",\"isPartOf\":{\"@id\":\"https:\/\/www.yoroow.com\/es\/#website\"},\"primaryImageOfPage\":{\"@id\":\"https:\/\/www.yoroow.com\/es\/detalle-del-producto\/diseno-clasico-de-doble-pomo-mezclador-de-agua-fria-caliente-grifo-de-zinc-montado-en-la-cubierta-del-grifo-de-agua-de-aleacion-de-plasticos-duraderos-grifos-de-lavabo\/#primaryimage\"},\"image\":{\"@id\":\"https:\/\/www.yoroow.com\/es\/detalle-del-producto\/diseno-clasico-de-doble-pomo-mezclador-de-agua-fria-caliente-grifo-de-zinc-montado-en-la-cubierta-del-grifo-de-agua-de-aleacion-de-plasticos-duraderos-grifos-de-lavabo\/#primaryimage\"},\"thumbnailUrl\":\"https:\/\/www.yoroow.com\/wp-content\/uploads\/2025\/03\/2-3.jpg\",\"datePublished\":\"2025-03-21T05:19:05+00:00\",\"dateModified\":\"2025-05-16T01:48:38+00:00\",\"description\":\"Classic double knob kitchen faucet with durable zinc alloy deck mounted water tap, industrial design with cold and hot water mixer for kitchens, produced by Chinese factories exporting mainly to South American and Southeast Asian markets.\",\"breadcrumb\":{\"@id\":\"https:\/\/www.yoroow.com\/es\/detalle-del-producto\/diseno-clasico-de-doble-pomo-mezclador-de-agua-fria-caliente-grifo-de-zinc-montado-en-la-cubierta-del-grifo-de-agua-de-aleacion-de-plasticos-duraderos-grifos-de-lavabo\/#breadcrumb\"},\"inLanguage\":\"es\",\"potentialAction\":[{\"@type\":\"ReadAction\",\"target\":[\"https:\/\/www.yoroow.com\/es\/detalle-del-producto\/diseno-clasico-de-doble-pomo-mezclador-de-agua-fria-caliente-grifo-de-zinc-montado-en-la-cubierta-del-grifo-de-agua-de-aleacion-de-plasticos-duraderos-grifos-de-lavabo\/\"]}]},{\"@type\":\"ImageObject\",\"inLanguage\":\"es\",\"@id\":\"https:\/\/www.yoroow.com\/es\/detalle-del-producto\/diseno-clasico-de-doble-pomo-mezclador-de-agua-fria-caliente-grifo-de-zinc-montado-en-la-cubierta-del-grifo-de-agua-de-aleacion-de-plasticos-duraderos-grifos-de-lavabo\/#primaryimage\",\"url\":\"https:\/\/www.yoroow.com\/wp-content\/uploads\/2025\/03\/2-3.jpg\",\"contentUrl\":\"https:\/\/www.yoroow.com\/wp-content\/uploads\/2025\/03\/2-3.jpg\",\"width\":686,\"height\":686},{\"@type\":\"BreadcrumbList\",\"@id\":\"https:\/\/www.yoroow.com\/es\/detalle-del-producto\/diseno-clasico-de-doble-pomo-mezclador-de-agua-fria-caliente-grifo-de-zinc-montado-en-la-cubierta-del-grifo-de-agua-de-aleacion-de-plasticos-duraderos-grifos-de-lavabo\/#breadcrumb\",\"itemListElement\":[{\"@type\":\"ListItem\",\"position\":1,\"name\":\"home\",\"item\":\"https:\/\/www.yoroow.com\/\"},{\"@type\":\"ListItem\",\"position\":2,\"name\":\"Product\",\"item\":\"https:\/\/www.yoroow.com\/product\/\"},{\"@type\":\"ListItem\",\"position\":3,\"name\":\"Classic Double Knob Kitchen Faucet Durable Zinc Alloy Deck Mounted Water Tap Industrial Design Cold Hot Water Basin Tap Kitchen\"}]},{\"@type\":\"WebSite\",\"@id\":\"https:\/\/www.yoroow.com\/es\/#website\",\"url\":\"https:\/\/www.yoroow.com\/es\/\",\"name\":\"YOROOW\",\"description\":\"\",\"publisher\":{\"@id\":\"https:\/\/www.yoroow.com\/es\/#organization\"},\"potentialAction\":[{\"@type\":\"SearchAction\",\"target\":{\"@type\":\"EntryPoint\",\"urlTemplate\":\"https:\/\/www.yoroow.com\/es\/?s={search_term_string}\"},\"query-input\":{\"@type\":\"PropertyValueSpecification\",\"valueRequired\":true,\"valueName\":\"search_term_string\"}}],\"inLanguage\":\"es\"},{\"@type\":\"Organization\",\"@id\":\"https:\/\/www.yoroow.com\/es\/#organization\",\"name\":\"YOROOW\",\"url\":\"https:\/\/www.yoroow.com\/es\/\",\"logo\":{\"@type\":\"ImageObject\",\"inLanguage\":\"es\",\"@id\":\"https:\/\/www.yoroow.com\/es\/#\/schema\/logo\/image\/\",\"url\":\"https:\/\/www.yoroow.com\/wp-content\/uploads\/2024\/12\/2024123007131061.png\",\"contentUrl\":\"https:\/\/www.yoroow.com\/wp-content\/uploads\/2024\/12\/2024123007131061.png\",\"width\":168,\"height\":27,\"caption\":\"YOROOW\"},\"image\":{\"@id\":\"https:\/\/www.yoroow.com\/es\/#\/schema\/logo\/image\/\"},\"sameAs\":[\"https:\/\/www.facebook.com\/people\/yoroowfaucetfactory\/61564236752362\/\"]}]}<\/script>\n<!-- \/ Yoast SEO Premium plugin. -->","yoast_head_json":{"title":"Classic Double Knob Kitchen Faucet Durable Zinc Alloy Deck Mounted Water Tap Industrial Design Cold Hot Water Basin Tap Kitchen - YOROOW","description":"Classic double knob kitchen faucet with durable zinc alloy deck mounted water tap, industrial design with cold and hot water mixer for kitchens, produced by Chinese factories exporting mainly to South American and Southeast Asian markets.","robots":{"index":"index","follow":"follow","max-snippet":"max-snippet:-1","max-image-preview":"max-image-preview:large","max-video-preview":"max-video-preview:-1"},"canonical":"https:\/\/www.yoroow.com\/es\/detalle-del-producto\/diseno-clasico-de-doble-pomo-mezclador-de-agua-fria-caliente-grifo-de-zinc-montado-en-la-cubierta-del-grifo-de-agua-de-aleacion-de-plasticos-duraderos-grifos-de-lavabo\/","og_locale":"es_ES","og_type":"article","og_title":"Classic Double Knob Kitchen Faucet Durable Zinc Alloy Deck Mounted Water Tap Industrial Design Cold Hot Water Basin Tap Kitchen","og_description":"Classic double knob kitchen faucet with durable zinc alloy deck mounted water tap, industrial design with cold and hot water mixer for kitchens, produced by Chinese factories exporting mainly to South American and Southeast Asian markets.","og_url":"https:\/\/www.yoroow.com\/es\/detalle-del-producto\/diseno-clasico-de-doble-pomo-mezclador-de-agua-fria-caliente-grifo-de-zinc-montado-en-la-cubierta-del-grifo-de-agua-de-aleacion-de-plasticos-duraderos-grifos-de-lavabo\/","og_site_name":"YOROOW","article_publisher":"https:\/\/www.facebook.com\/people\/yoroowfaucetfactory\/61564236752362\/","article_modified_time":"2025-05-16T01:48:38+00:00","og_image":[{"width":686,"height":686,"url":"https:\/\/www.yoroow.com\/wp-content\/uploads\/2025\/03\/2-3.jpg","type":"image\/jpeg"}],"twitter_card":"summary_large_image","twitter_misc":{"Tiempo de lectura":"1 minuto"},"schema":{"@context":"https:\/\/schema.org","@graph":[{"@type":"WebPage","@id":"https:\/\/www.yoroow.com\/es\/detalle-del-producto\/diseno-clasico-de-doble-pomo-mezclador-de-agua-fria-caliente-grifo-de-zinc-montado-en-la-cubierta-del-grifo-de-agua-de-aleacion-de-plasticos-duraderos-grifos-de-lavabo\/","url":"https:\/\/www.yoroow.com\/es\/detalle-del-producto\/diseno-clasico-de-doble-pomo-mezclador-de-agua-fria-caliente-grifo-de-zinc-montado-en-la-cubierta-del-grifo-de-agua-de-aleacion-de-plasticos-duraderos-grifos-de-lavabo\/","name":"Classic Double Knob Kitchen Faucet Durable Zinc Alloy Deck Mounted Water Tap Industrial Design Cold Hot Water Basin Tap Kitchen - YOROOW","isPartOf":{"@id":"https:\/\/www.yoroow.com\/es\/#website"},"primaryImageOfPage":{"@id":"https:\/\/www.yoroow.com\/es\/detalle-del-producto\/diseno-clasico-de-doble-pomo-mezclador-de-agua-fria-caliente-grifo-de-zinc-montado-en-la-cubierta-del-grifo-de-agua-de-aleacion-de-plasticos-duraderos-grifos-de-lavabo\/#primaryimage"},"image":{"@id":"https:\/\/www.yoroow.com\/es\/detalle-del-producto\/diseno-clasico-de-doble-pomo-mezclador-de-agua-fria-caliente-grifo-de-zinc-montado-en-la-cubierta-del-grifo-de-agua-de-aleacion-de-plasticos-duraderos-grifos-de-lavabo\/#primaryimage"},"thumbnailUrl":"https:\/\/www.yoroow.com\/wp-content\/uploads\/2025\/03\/2-3.jpg","datePublished":"2025-03-21T05:19:05+00:00","dateModified":"2025-05-16T01:48:38+00:00","description":"Classic double knob kitchen faucet with durable zinc alloy deck mounted water tap, industrial design with cold and hot water mixer for kitchens, produced by Chinese factories exporting mainly to South American and Southeast Asian markets.","breadcrumb":{"@id":"https:\/\/www.yoroow.com\/es\/detalle-del-producto\/diseno-clasico-de-doble-pomo-mezclador-de-agua-fria-caliente-grifo-de-zinc-montado-en-la-cubierta-del-grifo-de-agua-de-aleacion-de-plasticos-duraderos-grifos-de-lavabo\/#breadcrumb"},"inLanguage":"es","potentialAction":[{"@type":"ReadAction","target":["https:\/\/www.yoroow.com\/es\/detalle-del-producto\/diseno-clasico-de-doble-pomo-mezclador-de-agua-fria-caliente-grifo-de-zinc-montado-en-la-cubierta-del-grifo-de-agua-de-aleacion-de-plasticos-duraderos-grifos-de-lavabo\/"]}]},{"@type":"ImageObject","inLanguage":"es","@id":"https:\/\/www.yoroow.com\/es\/detalle-del-producto\/diseno-clasico-de-doble-pomo-mezclador-de-agua-fria-caliente-grifo-de-zinc-montado-en-la-cubierta-del-grifo-de-agua-de-aleacion-de-plasticos-duraderos-grifos-de-lavabo\/#primaryimage","url":"https:\/\/www.yoroow.com\/wp-content\/uploads\/2025\/03\/2-3.jpg","contentUrl":"https:\/\/www.yoroow.com\/wp-content\/uploads\/2025\/03\/2-3.jpg","width":686,"height":686},{"@type":"BreadcrumbList","@id":"https:\/\/www.yoroow.com\/es\/detalle-del-producto\/diseno-clasico-de-doble-pomo-mezclador-de-agua-fria-caliente-grifo-de-zinc-montado-en-la-cubierta-del-grifo-de-agua-de-aleacion-de-plasticos-duraderos-grifos-de-lavabo\/#breadcrumb","itemListElement":[{"@type":"ListItem","position":1,"name":"home","item":"https:\/\/www.yoroow.com\/"},{"@type":"ListItem","position":2,"name":"Product","item":"https:\/\/www.yoroow.com\/product\/"},{"@type":"ListItem","position":3,"name":"Classic Double Knob Kitchen Faucet Durable Zinc Alloy Deck Mounted Water Tap Industrial Design Cold Hot Water Basin Tap Kitchen"}]},{"@type":"WebSite","@id":"https:\/\/www.yoroow.com\/es\/#website","url":"https:\/\/www.yoroow.com\/es\/","name":"YOROOW","description":"","publisher":{"@id":"https:\/\/www.yoroow.com\/es\/#organization"},"potentialAction":[{"@type":"SearchAction","target":{"@type":"EntryPoint","urlTemplate":"https:\/\/www.yoroow.com\/es\/?s={search_term_string}"},"query-input":{"@type":"PropertyValueSpecification","valueRequired":true,"valueName":"search_term_string"}}],"inLanguage":"es"},{"@type":"Organization","@id":"https:\/\/www.yoroow.com\/es\/#organization","name":"YOROOW","url":"https:\/\/www.yoroow.com\/es\/","logo":{"@type":"ImageObject","inLanguage":"es","@id":"https:\/\/www.yoroow.com\/es\/#\/schema\/logo\/image\/","url":"https:\/\/www.yoroow.com\/wp-content\/uploads\/2024\/12\/2024123007131061.png","contentUrl":"https:\/\/www.yoroow.com\/wp-content\/uploads\/2024\/12\/2024123007131061.png","width":168,"height":27,"caption":"YOROOW"},"image":{"@id":"https:\/\/www.yoroow.com\/es\/#\/schema\/logo\/image\/"},"sameAs":["https:\/\/www.facebook.com\/people\/yoroowfaucetfactory\/61564236752362\/"]}]}},"_links":{"self":[{"href":"https:\/\/www.yoroow.com\/es\/wp-json\/wp\/v2\/product\/16379","targetHints":{"allow":["GET"]}}],"collection":[{"href":"https:\/\/www.yoroow.com\/es\/wp-json\/wp\/v2\/product"}],"about":[{"href":"https:\/\/www.yoroow.com\/es\/wp-json\/wp\/v2\/types\/product"}],"wp:featuredmedia":[{"embeddable":true,"href":"https:\/\/www.yoroow.com\/es\/wp-json\/wp\/v2\/media\/16374"}],"wp:attachment":[{"href":"https:\/\/www.yoroow.com\/es\/wp-json\/wp\/v2\/media?parent=16379"}],"wp:term":[{"taxonomy":"product_brand","embeddable":true,"href":"https:\/\/www.yoroow.com\/es\/wp-json\/wp\/v2\/product_brand?post=16379"},{"taxonomy":"product_cat","embeddable":true,"href":"https:\/\/www.yoroow.com\/es\/wp-json\/wp\/v2\/product_cat?post=16379"},{"taxonomy":"product_tag","embeddable":true,"href":"https:\/\/www.yoroow.com\/es\/wp-json\/wp\/v2\/product_tag?post=16379"}],"curies":[{"name":"wp","href":"https:\/\/api.w.org\/{rel}","templated":true}]}}