{"id":16285,"date":"2025-03-20T13:16:19","date_gmt":"2025-03-20T05:16:19","guid":{"rendered":"https:\/\/www.yoroow.com\/?post_type=product&#038;p=16285"},"modified":"2025-05-16T09:48:36","modified_gmt":"2025-05-16T01:48:36","slug":"moderno-grifo-termostatico-de-laton-de-un-solo-orificio-para-lavabo-de-gran-peso-con-un-solo-mando-de-refrigeracion","status":"publish","type":"product","link":"https:\/\/www.yoroow.com\/es\/detalle-del-producto\/moderno-grifo-termostatico-de-laton-de-un-solo-orificio-para-lavabo-de-gran-peso-con-un-solo-mando-de-refrigeracion\/","title":{"rendered":"Moderno grifo termost\u00e1tico de un solo orificio para lavabo de alto peso de un solo mango de refrigeraci\u00f3n de aleaci\u00f3n de zinc cromo grifos para lavabo"},"content":{"rendered":"<p>This modern thermostatic single-hole basin faucet is made of high-weight chrome zinc alloy, ensuring both appearance and durability. Its single cooling handle is ideal for locations that require consistent cold water supply, such as public restrooms or school facilities. With precision casting and electroplated surface treatment done in our Chinese factory, this faucet ensures corrosion resistance and a long service life. This product is highly suitable for export to Latin America and Southeast Asia, where both design and function must align with modern infrastructure projects.<\/p>","protected":false},"excerpt":{"rendered":"<p>This modern thermostatic single-hole basin faucet is made of high-weight chrome zinc alloy, ensuring both appearance and durability. Its single cooling handle is ideal for locations that require consistent cold water supply, such as public restrooms or school facilities. With precision casting and electroplated surface treatment done in our Chinese factory, this faucet ensures corrosion\u2026<\/p>","protected":false},"featured_media":16282,"template":"","meta":{"_acf_changed":false,"_kad_post_transparent":"default","_kad_post_title":"","_kad_post_layout":"default","_kad_post_sidebar_id":"","_kad_post_content_style":"default","_kad_post_vertical_padding":"default","_kad_post_feature":"","_kad_post_feature_position":"","_kad_post_header":false,"_kad_post_footer":false},"product_brand":[],"product_cat":[219],"product_tag":[3365,5915],"class_list":{"0":"post-16285","1":"product","2":"type-product","3":"status-publish","4":"has-post-thumbnail","6":"product_cat-single-cold-basin-faucet","7":"product_tag-basin-faucet-chrome-zinc-alloy-faucet-taps","8":"product_tag-single-cold-water-basin-sink-faucet","10":"first","11":"instock","12":"shipping-taxable","13":"purchasable","14":"product-type-variable","15":"wvs-archive-product-wrapper","16":"entry","17":"content-bg","18":"loop-entry"},"acf":[],"yoast_head":"<!-- This site is optimized with the Yoast SEO Premium plugin v25.4 (Yoast SEO v27.0) - https:\/\/yoast.com\/product\/yoast-seo-premium-wordpress\/ -->\n<title>Modern Thermostatic Single-Hole Basin Faucet High Weight Single Cooling Handle Chrome Zinc Alloy Faucet Taps for Basin - YOROOW<\/title>\n<meta name=\"description\" content=\"Modern thermostatic single-hole basin faucet with high weight single cooling handle, chrome zinc alloy faucet taps for basin, combining style and durability, manufactured by Chinese suppliers exporting to South America and Southeast Asia.\" \/>\n<meta name=\"robots\" content=\"index, follow, max-snippet:-1, max-image-preview:large, max-video-preview:-1\" \/>\n<link rel=\"canonical\" href=\"https:\/\/www.yoroow.com\/es\/detalle-del-producto\/moderno-grifo-termostatico-de-laton-de-un-solo-orificio-para-lavabo-de-gran-peso-con-un-solo-mando-de-refrigeracion\/\" \/>\n<meta property=\"og:locale\" content=\"es_ES\" \/>\n<meta property=\"og:type\" content=\"article\" \/>\n<meta property=\"og:title\" content=\"Modern Thermostatic Single-Hole Basin Faucet High Weight Single Cooling Handle Chrome Zinc Alloy Faucet Taps for Basin\" \/>\n<meta property=\"og:description\" content=\"Modern thermostatic single-hole basin faucet with high weight single cooling handle, chrome zinc alloy faucet taps for basin, combining style and durability, manufactured by Chinese suppliers exporting to South America and Southeast Asia.\" \/>\n<meta property=\"og:url\" content=\"https:\/\/www.yoroow.com\/es\/detalle-del-producto\/moderno-grifo-termostatico-de-laton-de-un-solo-orificio-para-lavabo-de-gran-peso-con-un-solo-mando-de-refrigeracion\/\" \/>\n<meta property=\"og:site_name\" content=\"YOROOW\" \/>\n<meta property=\"article:publisher\" content=\"https:\/\/www.facebook.com\/people\/yoroowfaucetfactory\/61564236752362\/\" \/>\n<meta property=\"article:modified_time\" content=\"2025-05-16T01:48:36+00:00\" \/>\n<meta property=\"og:image\" content=\"https:\/\/www.yoroow.com\/wp-content\/uploads\/2025\/03\/4-3.jpg\" \/>\n\t<meta property=\"og:image:width\" content=\"709\" \/>\n\t<meta property=\"og:image:height\" content=\"710\" \/>\n\t<meta property=\"og:image:type\" content=\"image\/jpeg\" \/>\n<meta name=\"twitter:card\" content=\"summary_large_image\" \/>\n<meta name=\"twitter:label1\" content=\"Tiempo de lectura\" \/>\n\t<meta name=\"twitter:data1\" content=\"1 minuto\" \/>\n<script type=\"application\/ld+json\" class=\"yoast-schema-graph\">{\"@context\":\"https:\/\/schema.org\",\"@graph\":[{\"@type\":\"WebPage\",\"@id\":\"https:\/\/www.yoroow.com\/es\/detalle-del-producto\/moderno-grifo-termostatico-de-laton-de-un-solo-orificio-para-lavabo-de-gran-peso-con-un-solo-mando-de-refrigeracion\/\",\"url\":\"https:\/\/www.yoroow.com\/es\/detalle-del-producto\/moderno-grifo-termostatico-de-laton-de-un-solo-orificio-para-lavabo-de-gran-peso-con-un-solo-mando-de-refrigeracion\/\",\"name\":\"Modern Thermostatic Single-Hole Basin Faucet High Weight Single Cooling Handle Chrome Zinc Alloy Faucet Taps for Basin - YOROOW\",\"isPartOf\":{\"@id\":\"https:\/\/www.yoroow.com\/es\/#website\"},\"primaryImageOfPage\":{\"@id\":\"https:\/\/www.yoroow.com\/es\/detalle-del-producto\/moderno-grifo-termostatico-de-laton-de-un-solo-orificio-para-lavabo-de-gran-peso-con-un-solo-mando-de-refrigeracion\/#primaryimage\"},\"image\":{\"@id\":\"https:\/\/www.yoroow.com\/es\/detalle-del-producto\/moderno-grifo-termostatico-de-laton-de-un-solo-orificio-para-lavabo-de-gran-peso-con-un-solo-mando-de-refrigeracion\/#primaryimage\"},\"thumbnailUrl\":\"https:\/\/www.yoroow.com\/wp-content\/uploads\/2025\/03\/4-3.jpg\",\"datePublished\":\"2025-03-20T05:16:19+00:00\",\"dateModified\":\"2025-05-16T01:48:36+00:00\",\"description\":\"Modern thermostatic single-hole basin faucet with high weight single cooling handle, chrome zinc alloy faucet taps for basin, combining style and durability, manufactured by Chinese suppliers exporting to South America and Southeast Asia.\",\"breadcrumb\":{\"@id\":\"https:\/\/www.yoroow.com\/es\/detalle-del-producto\/moderno-grifo-termostatico-de-laton-de-un-solo-orificio-para-lavabo-de-gran-peso-con-un-solo-mando-de-refrigeracion\/#breadcrumb\"},\"inLanguage\":\"es\",\"potentialAction\":[{\"@type\":\"ReadAction\",\"target\":[\"https:\/\/www.yoroow.com\/es\/detalle-del-producto\/moderno-grifo-termostatico-de-laton-de-un-solo-orificio-para-lavabo-de-gran-peso-con-un-solo-mando-de-refrigeracion\/\"]}]},{\"@type\":\"ImageObject\",\"inLanguage\":\"es\",\"@id\":\"https:\/\/www.yoroow.com\/es\/detalle-del-producto\/moderno-grifo-termostatico-de-laton-de-un-solo-orificio-para-lavabo-de-gran-peso-con-un-solo-mando-de-refrigeracion\/#primaryimage\",\"url\":\"https:\/\/www.yoroow.com\/wp-content\/uploads\/2025\/03\/4-3.jpg\",\"contentUrl\":\"https:\/\/www.yoroow.com\/wp-content\/uploads\/2025\/03\/4-3.jpg\",\"width\":709,\"height\":710,\"caption\":\"High Performance Single Cooling Knob Water Faucet Bibcocks Alloy Plastic Sleeve Iron Hexagonal Handle for Kitchen\/Bathroom Use\"},{\"@type\":\"BreadcrumbList\",\"@id\":\"https:\/\/www.yoroow.com\/es\/detalle-del-producto\/moderno-grifo-termostatico-de-laton-de-un-solo-orificio-para-lavabo-de-gran-peso-con-un-solo-mando-de-refrigeracion\/#breadcrumb\",\"itemListElement\":[{\"@type\":\"ListItem\",\"position\":1,\"name\":\"home\",\"item\":\"https:\/\/www.yoroow.com\/\"},{\"@type\":\"ListItem\",\"position\":2,\"name\":\"Product\",\"item\":\"https:\/\/www.yoroow.com\/product\/\"},{\"@type\":\"ListItem\",\"position\":3,\"name\":\"Modern Thermostatic Single-Hole Basin Faucet High Weight Single Cooling Handle Chrome Zinc Alloy Faucet Taps for Basin\"}]},{\"@type\":\"WebSite\",\"@id\":\"https:\/\/www.yoroow.com\/es\/#website\",\"url\":\"https:\/\/www.yoroow.com\/es\/\",\"name\":\"YOROOW\",\"description\":\"\",\"publisher\":{\"@id\":\"https:\/\/www.yoroow.com\/es\/#organization\"},\"potentialAction\":[{\"@type\":\"SearchAction\",\"target\":{\"@type\":\"EntryPoint\",\"urlTemplate\":\"https:\/\/www.yoroow.com\/es\/?s={search_term_string}\"},\"query-input\":{\"@type\":\"PropertyValueSpecification\",\"valueRequired\":true,\"valueName\":\"search_term_string\"}}],\"inLanguage\":\"es\"},{\"@type\":\"Organization\",\"@id\":\"https:\/\/www.yoroow.com\/es\/#organization\",\"name\":\"YOROOW\",\"url\":\"https:\/\/www.yoroow.com\/es\/\",\"logo\":{\"@type\":\"ImageObject\",\"inLanguage\":\"es\",\"@id\":\"https:\/\/www.yoroow.com\/es\/#\/schema\/logo\/image\/\",\"url\":\"https:\/\/www.yoroow.com\/wp-content\/uploads\/2024\/12\/2024123007131061.png\",\"contentUrl\":\"https:\/\/www.yoroow.com\/wp-content\/uploads\/2024\/12\/2024123007131061.png\",\"width\":168,\"height\":27,\"caption\":\"YOROOW\"},\"image\":{\"@id\":\"https:\/\/www.yoroow.com\/es\/#\/schema\/logo\/image\/\"},\"sameAs\":[\"https:\/\/www.facebook.com\/people\/yoroowfaucetfactory\/61564236752362\/\"]}]}<\/script>\n<!-- \/ Yoast SEO Premium plugin. -->","yoast_head_json":{"title":"Modern Thermostatic Single-Hole Basin Faucet High Weight Single Cooling Handle Chrome Zinc Alloy Faucet Taps for Basin - YOROOW","description":"Modern thermostatic single-hole basin faucet with high weight single cooling handle, chrome zinc alloy faucet taps for basin, combining style and durability, manufactured by Chinese suppliers exporting to South America and Southeast Asia.","robots":{"index":"index","follow":"follow","max-snippet":"max-snippet:-1","max-image-preview":"max-image-preview:large","max-video-preview":"max-video-preview:-1"},"canonical":"https:\/\/www.yoroow.com\/es\/detalle-del-producto\/moderno-grifo-termostatico-de-laton-de-un-solo-orificio-para-lavabo-de-gran-peso-con-un-solo-mando-de-refrigeracion\/","og_locale":"es_ES","og_type":"article","og_title":"Modern Thermostatic Single-Hole Basin Faucet High Weight Single Cooling Handle Chrome Zinc Alloy Faucet Taps for Basin","og_description":"Modern thermostatic single-hole basin faucet with high weight single cooling handle, chrome zinc alloy faucet taps for basin, combining style and durability, manufactured by Chinese suppliers exporting to South America and Southeast Asia.","og_url":"https:\/\/www.yoroow.com\/es\/detalle-del-producto\/moderno-grifo-termostatico-de-laton-de-un-solo-orificio-para-lavabo-de-gran-peso-con-un-solo-mando-de-refrigeracion\/","og_site_name":"YOROOW","article_publisher":"https:\/\/www.facebook.com\/people\/yoroowfaucetfactory\/61564236752362\/","article_modified_time":"2025-05-16T01:48:36+00:00","og_image":[{"width":709,"height":710,"url":"https:\/\/www.yoroow.com\/wp-content\/uploads\/2025\/03\/4-3.jpg","type":"image\/jpeg"}],"twitter_card":"summary_large_image","twitter_misc":{"Tiempo de lectura":"1 minuto"},"schema":{"@context":"https:\/\/schema.org","@graph":[{"@type":"WebPage","@id":"https:\/\/www.yoroow.com\/es\/detalle-del-producto\/moderno-grifo-termostatico-de-laton-de-un-solo-orificio-para-lavabo-de-gran-peso-con-un-solo-mando-de-refrigeracion\/","url":"https:\/\/www.yoroow.com\/es\/detalle-del-producto\/moderno-grifo-termostatico-de-laton-de-un-solo-orificio-para-lavabo-de-gran-peso-con-un-solo-mando-de-refrigeracion\/","name":"Modern Thermostatic Single-Hole Basin Faucet High Weight Single Cooling Handle Chrome Zinc Alloy Faucet Taps for Basin - YOROOW","isPartOf":{"@id":"https:\/\/www.yoroow.com\/es\/#website"},"primaryImageOfPage":{"@id":"https:\/\/www.yoroow.com\/es\/detalle-del-producto\/moderno-grifo-termostatico-de-laton-de-un-solo-orificio-para-lavabo-de-gran-peso-con-un-solo-mando-de-refrigeracion\/#primaryimage"},"image":{"@id":"https:\/\/www.yoroow.com\/es\/detalle-del-producto\/moderno-grifo-termostatico-de-laton-de-un-solo-orificio-para-lavabo-de-gran-peso-con-un-solo-mando-de-refrigeracion\/#primaryimage"},"thumbnailUrl":"https:\/\/www.yoroow.com\/wp-content\/uploads\/2025\/03\/4-3.jpg","datePublished":"2025-03-20T05:16:19+00:00","dateModified":"2025-05-16T01:48:36+00:00","description":"Modern thermostatic single-hole basin faucet with high weight single cooling handle, chrome zinc alloy faucet taps for basin, combining style and durability, manufactured by Chinese suppliers exporting to South America and Southeast Asia.","breadcrumb":{"@id":"https:\/\/www.yoroow.com\/es\/detalle-del-producto\/moderno-grifo-termostatico-de-laton-de-un-solo-orificio-para-lavabo-de-gran-peso-con-un-solo-mando-de-refrigeracion\/#breadcrumb"},"inLanguage":"es","potentialAction":[{"@type":"ReadAction","target":["https:\/\/www.yoroow.com\/es\/detalle-del-producto\/moderno-grifo-termostatico-de-laton-de-un-solo-orificio-para-lavabo-de-gran-peso-con-un-solo-mando-de-refrigeracion\/"]}]},{"@type":"ImageObject","inLanguage":"es","@id":"https:\/\/www.yoroow.com\/es\/detalle-del-producto\/moderno-grifo-termostatico-de-laton-de-un-solo-orificio-para-lavabo-de-gran-peso-con-un-solo-mando-de-refrigeracion\/#primaryimage","url":"https:\/\/www.yoroow.com\/wp-content\/uploads\/2025\/03\/4-3.jpg","contentUrl":"https:\/\/www.yoroow.com\/wp-content\/uploads\/2025\/03\/4-3.jpg","width":709,"height":710,"caption":"High Performance Single Cooling Knob Water Faucet Bibcocks Alloy Plastic Sleeve Iron Hexagonal Handle for Kitchen\/Bathroom Use"},{"@type":"BreadcrumbList","@id":"https:\/\/www.yoroow.com\/es\/detalle-del-producto\/moderno-grifo-termostatico-de-laton-de-un-solo-orificio-para-lavabo-de-gran-peso-con-un-solo-mando-de-refrigeracion\/#breadcrumb","itemListElement":[{"@type":"ListItem","position":1,"name":"home","item":"https:\/\/www.yoroow.com\/"},{"@type":"ListItem","position":2,"name":"Product","item":"https:\/\/www.yoroow.com\/product\/"},{"@type":"ListItem","position":3,"name":"Modern Thermostatic Single-Hole Basin Faucet High Weight Single Cooling Handle Chrome Zinc Alloy Faucet Taps for Basin"}]},{"@type":"WebSite","@id":"https:\/\/www.yoroow.com\/es\/#website","url":"https:\/\/www.yoroow.com\/es\/","name":"YOROOW","description":"","publisher":{"@id":"https:\/\/www.yoroow.com\/es\/#organization"},"potentialAction":[{"@type":"SearchAction","target":{"@type":"EntryPoint","urlTemplate":"https:\/\/www.yoroow.com\/es\/?s={search_term_string}"},"query-input":{"@type":"PropertyValueSpecification","valueRequired":true,"valueName":"search_term_string"}}],"inLanguage":"es"},{"@type":"Organization","@id":"https:\/\/www.yoroow.com\/es\/#organization","name":"YOROOW","url":"https:\/\/www.yoroow.com\/es\/","logo":{"@type":"ImageObject","inLanguage":"es","@id":"https:\/\/www.yoroow.com\/es\/#\/schema\/logo\/image\/","url":"https:\/\/www.yoroow.com\/wp-content\/uploads\/2024\/12\/2024123007131061.png","contentUrl":"https:\/\/www.yoroow.com\/wp-content\/uploads\/2024\/12\/2024123007131061.png","width":168,"height":27,"caption":"YOROOW"},"image":{"@id":"https:\/\/www.yoroow.com\/es\/#\/schema\/logo\/image\/"},"sameAs":["https:\/\/www.facebook.com\/people\/yoroowfaucetfactory\/61564236752362\/"]}]}},"_links":{"self":[{"href":"https:\/\/www.yoroow.com\/es\/wp-json\/wp\/v2\/product\/16285","targetHints":{"allow":["GET"]}}],"collection":[{"href":"https:\/\/www.yoroow.com\/es\/wp-json\/wp\/v2\/product"}],"about":[{"href":"https:\/\/www.yoroow.com\/es\/wp-json\/wp\/v2\/types\/product"}],"wp:featuredmedia":[{"embeddable":true,"href":"https:\/\/www.yoroow.com\/es\/wp-json\/wp\/v2\/media\/16282"}],"wp:attachment":[{"href":"https:\/\/www.yoroow.com\/es\/wp-json\/wp\/v2\/media?parent=16285"}],"wp:term":[{"taxonomy":"product_brand","embeddable":true,"href":"https:\/\/www.yoroow.com\/es\/wp-json\/wp\/v2\/product_brand?post=16285"},{"taxonomy":"product_cat","embeddable":true,"href":"https:\/\/www.yoroow.com\/es\/wp-json\/wp\/v2\/product_cat?post=16285"},{"taxonomy":"product_tag","embeddable":true,"href":"https:\/\/www.yoroow.com\/es\/wp-json\/wp\/v2\/product_tag?post=16285"}],"curies":[{"name":"wp","href":"https:\/\/api.w.org\/{rel}","templated":true}]}}