{"id":15480,"date":"2025-03-18T13:05:48","date_gmt":"2025-03-18T05:05:48","guid":{"rendered":"https:\/\/www.yoroow.com\/?post_type=product&#038;p=15480"},"modified":"2025-05-16T09:47:54","modified_gmt":"2025-05-16T01:47:54","slug":"venta-caliente-bide-de-mano-rociador-de-plastico-negro-mate-con-laton-de-acero-inoxidable-para-la-limpieza-del-hotel-apartamento","status":"publish","type":"product","link":"https:\/\/www.yoroow.com\/es\/detalle-del-producto\/venta-caliente-bide-de-mano-rociador-de-plastico-negro-mate-con-laton-de-acero-inoxidable-para-la-limpieza-del-hotel-apartamento\/","title":{"rendered":"Hot-Selling Bid\u00e9 de mano negro mate Botella de viaje port\u00e1til para la limpieza de apartamentos y hoteles Bid\u00e9 de dise\u00f1o minimalista"},"content":{"rendered":"<p>Hot-Selling Negro Mate Bid\u00e9 Pulverizador de mano Botella de viaje port\u00e1til para Apartamento Hotel Limpieza Dise\u00f1o minimalista Bid\u00e9 y pulverizador de bid\u00e9 minimalista, bid\u00e9 port\u00e1til de viaje botella de mano Esta botella pulverizador de bid\u00e9 port\u00e1til negro mate de venta caliente es compacto y f\u00e1cil de llevar, perfecto para los viajeros y los residentes de apartamentos que priorizan la higiene. Con un dise\u00f1o minimalista de botella exprimible, proporciona una fuerte presi\u00f3n de agua sin necesidad de instalaci\u00f3n, lo que resulta atractivo para los usuarios de viviendas temporales o en movimiento. Fabricado con pl\u00e1stico sin BPA y equipado con una boquilla a prueba de fugas, garantiza comodidad y limpieza dondequiera que est\u00e9. Producido por nuestra experimentada f\u00e1brica de China, el producto se ajusta a las tendencias de consumo en Sudam\u00e9rica y el sudeste asi\u00e1tico, donde los productos de higiene para viajes son cada vez m\u00e1s populares. Admitimos logotipos y esquemas de color personalizados para ayudar a los compradores a crear una identidad de marca local.<\/p>","protected":false},"excerpt":{"rendered":"<p>Hot-Selling Matte Black Handheld Bidet Sprayer Portable Travel Bottle for Apartment Hotel Cleaning Minimalist Design Bidet and minimalist bidet sprayer, portable travel bidet bottle handheld This hot-selling matte black portable bidet sprayer bottle is compact and easy to carry, perfect for travelers and apartment residents prioritizing hygiene. Featuring a minimalist squeeze-bottle design, it provides strong\u2026<\/p>","protected":false},"featured_media":15470,"template":"","meta":{"_acf_changed":false,"_kad_post_transparent":"default","_kad_post_title":"","_kad_post_layout":"default","_kad_post_sidebar_id":"","_kad_post_content_style":"default","_kad_post_vertical_padding":"default","_kad_post_feature":"","_kad_post_feature_position":"","_kad_post_header":false,"_kad_post_footer":false},"product_brand":[],"product_cat":[132],"product_tag":[3607,3532],"class_list":{"0":"post-15480","1":"product","2":"type-product","3":"status-publish","4":"has-post-thumbnail","6":"product_cat-bidet-sprayer","7":"product_tag-minimalist-bidet-sprayer","8":"product_tag-portable-travel-bidet-bottle-handheld","10":"first","11":"instock","12":"shipping-taxable","13":"purchasable","14":"product-type-variable","15":"wvs-archive-product-wrapper","16":"entry","17":"content-bg","18":"loop-entry"},"acf":[],"yoast_head":"<!-- This site is optimized with the Yoast SEO Premium plugin v25.4 (Yoast SEO v27.0) - https:\/\/yoast.com\/product\/yoast-seo-premium-wordpress\/ -->\n<title>Hot-Selling Matte Black Handheld Bidet Sprayer Portable Travel Bottle for Apartment Hotel Cleaning Minimalist Design Bidet - YOROOW<\/title>\n<meta name=\"description\" content=\"Hot-selling matte black handheld bidet sprayer portable travel bottle for apartments and hotels, minimalist design for easy cleaning, manufactured in China with OEM capabilities, focused on South American and Southeast Asian markets.\" \/>\n<meta name=\"robots\" content=\"index, follow, max-snippet:-1, max-image-preview:large, max-video-preview:-1\" \/>\n<link rel=\"canonical\" href=\"https:\/\/www.yoroow.com\/es\/detalle-del-producto\/venta-caliente-bide-de-mano-rociador-de-plastico-negro-mate-con-laton-de-acero-inoxidable-para-la-limpieza-del-hotel-apartamento\/\" \/>\n<meta property=\"og:locale\" content=\"es_ES\" \/>\n<meta property=\"og:type\" content=\"article\" \/>\n<meta property=\"og:title\" content=\"Hot-Selling Matte Black Handheld Bidet Sprayer Portable Travel Bottle for Apartment Hotel Cleaning Minimalist Design Bidet\" \/>\n<meta property=\"og:description\" content=\"Hot-selling matte black handheld bidet sprayer portable travel bottle for apartments and hotels, minimalist design for easy cleaning, manufactured in China with OEM capabilities, focused on South American and Southeast Asian markets.\" \/>\n<meta property=\"og:url\" content=\"https:\/\/www.yoroow.com\/es\/detalle-del-producto\/venta-caliente-bide-de-mano-rociador-de-plastico-negro-mate-con-laton-de-acero-inoxidable-para-la-limpieza-del-hotel-apartamento\/\" \/>\n<meta property=\"og:site_name\" content=\"YOROOW\" \/>\n<meta property=\"article:publisher\" content=\"https:\/\/www.facebook.com\/people\/yoroowfaucetfactory\/61564236752362\/\" \/>\n<meta property=\"article:modified_time\" content=\"2025-05-16T01:47:54+00:00\" \/>\n<meta property=\"og:image\" content=\"https:\/\/www.yoroow.com\/wp-content\/uploads\/2025\/03\/5.jpg\" \/>\n\t<meta property=\"og:image:width\" content=\"509\" \/>\n\t<meta property=\"og:image:height\" content=\"509\" \/>\n\t<meta property=\"og:image:type\" content=\"image\/jpeg\" \/>\n<meta name=\"twitter:card\" content=\"summary_large_image\" \/>\n<meta name=\"twitter:label1\" content=\"Tiempo de lectura\" \/>\n\t<meta name=\"twitter:data1\" content=\"1 minuto\" \/>\n<script type=\"application\/ld+json\" class=\"yoast-schema-graph\">{\"@context\":\"https:\/\/schema.org\",\"@graph\":[{\"@type\":\"WebPage\",\"@id\":\"https:\/\/www.yoroow.com\/es\/detalle-del-producto\/venta-caliente-bide-de-mano-rociador-de-plastico-negro-mate-con-laton-de-acero-inoxidable-para-la-limpieza-del-hotel-apartamento\/\",\"url\":\"https:\/\/www.yoroow.com\/es\/detalle-del-producto\/venta-caliente-bide-de-mano-rociador-de-plastico-negro-mate-con-laton-de-acero-inoxidable-para-la-limpieza-del-hotel-apartamento\/\",\"name\":\"Hot-Selling Matte Black Handheld Bidet Sprayer Portable Travel Bottle for Apartment Hotel Cleaning Minimalist Design Bidet - YOROOW\",\"isPartOf\":{\"@id\":\"https:\/\/www.yoroow.com\/es\/#website\"},\"primaryImageOfPage\":{\"@id\":\"https:\/\/www.yoroow.com\/es\/detalle-del-producto\/venta-caliente-bide-de-mano-rociador-de-plastico-negro-mate-con-laton-de-acero-inoxidable-para-la-limpieza-del-hotel-apartamento\/#primaryimage\"},\"image\":{\"@id\":\"https:\/\/www.yoroow.com\/es\/detalle-del-producto\/venta-caliente-bide-de-mano-rociador-de-plastico-negro-mate-con-laton-de-acero-inoxidable-para-la-limpieza-del-hotel-apartamento\/#primaryimage\"},\"thumbnailUrl\":\"https:\/\/www.yoroow.com\/wp-content\/uploads\/2025\/03\/5.jpg\",\"datePublished\":\"2025-03-18T05:05:48+00:00\",\"dateModified\":\"2025-05-16T01:47:54+00:00\",\"description\":\"Hot-selling matte black handheld bidet sprayer portable travel bottle for apartments and hotels, minimalist design for easy cleaning, manufactured in China with OEM capabilities, focused on South American and Southeast Asian markets.\",\"breadcrumb\":{\"@id\":\"https:\/\/www.yoroow.com\/es\/detalle-del-producto\/venta-caliente-bide-de-mano-rociador-de-plastico-negro-mate-con-laton-de-acero-inoxidable-para-la-limpieza-del-hotel-apartamento\/#breadcrumb\"},\"inLanguage\":\"es\",\"potentialAction\":[{\"@type\":\"ReadAction\",\"target\":[\"https:\/\/www.yoroow.com\/es\/detalle-del-producto\/venta-caliente-bide-de-mano-rociador-de-plastico-negro-mate-con-laton-de-acero-inoxidable-para-la-limpieza-del-hotel-apartamento\/\"]}]},{\"@type\":\"ImageObject\",\"inLanguage\":\"es\",\"@id\":\"https:\/\/www.yoroow.com\/es\/detalle-del-producto\/venta-caliente-bide-de-mano-rociador-de-plastico-negro-mate-con-laton-de-acero-inoxidable-para-la-limpieza-del-hotel-apartamento\/#primaryimage\",\"url\":\"https:\/\/www.yoroow.com\/wp-content\/uploads\/2025\/03\/5.jpg\",\"contentUrl\":\"https:\/\/www.yoroow.com\/wp-content\/uploads\/2025\/03\/5.jpg\",\"width\":509,\"height\":509,\"caption\":\"High Quality Handheld Bidet Sprayer Holder Gun Gray ABS Plastic Convenient for Toilet Cleaning in Apartments and Bathrooms\"},{\"@type\":\"BreadcrumbList\",\"@id\":\"https:\/\/www.yoroow.com\/es\/detalle-del-producto\/venta-caliente-bide-de-mano-rociador-de-plastico-negro-mate-con-laton-de-acero-inoxidable-para-la-limpieza-del-hotel-apartamento\/#breadcrumb\",\"itemListElement\":[{\"@type\":\"ListItem\",\"position\":1,\"name\":\"home\",\"item\":\"https:\/\/www.yoroow.com\/\"},{\"@type\":\"ListItem\",\"position\":2,\"name\":\"Product\",\"item\":\"https:\/\/www.yoroow.com\/product\/\"},{\"@type\":\"ListItem\",\"position\":3,\"name\":\"Hot-Selling Matte Black Handheld Bidet Sprayer Portable Travel Bottle for Apartment Hotel Cleaning Minimalist Design Bidet\"}]},{\"@type\":\"WebSite\",\"@id\":\"https:\/\/www.yoroow.com\/es\/#website\",\"url\":\"https:\/\/www.yoroow.com\/es\/\",\"name\":\"YOROOW\",\"description\":\"\",\"publisher\":{\"@id\":\"https:\/\/www.yoroow.com\/es\/#organization\"},\"potentialAction\":[{\"@type\":\"SearchAction\",\"target\":{\"@type\":\"EntryPoint\",\"urlTemplate\":\"https:\/\/www.yoroow.com\/es\/?s={search_term_string}\"},\"query-input\":{\"@type\":\"PropertyValueSpecification\",\"valueRequired\":true,\"valueName\":\"search_term_string\"}}],\"inLanguage\":\"es\"},{\"@type\":\"Organization\",\"@id\":\"https:\/\/www.yoroow.com\/es\/#organization\",\"name\":\"YOROOW\",\"url\":\"https:\/\/www.yoroow.com\/es\/\",\"logo\":{\"@type\":\"ImageObject\",\"inLanguage\":\"es\",\"@id\":\"https:\/\/www.yoroow.com\/es\/#\/schema\/logo\/image\/\",\"url\":\"https:\/\/www.yoroow.com\/wp-content\/uploads\/2024\/12\/2024123007131061.png\",\"contentUrl\":\"https:\/\/www.yoroow.com\/wp-content\/uploads\/2024\/12\/2024123007131061.png\",\"width\":168,\"height\":27,\"caption\":\"YOROOW\"},\"image\":{\"@id\":\"https:\/\/www.yoroow.com\/es\/#\/schema\/logo\/image\/\"},\"sameAs\":[\"https:\/\/www.facebook.com\/people\/yoroowfaucetfactory\/61564236752362\/\"]}]}<\/script>\n<!-- \/ Yoast SEO Premium plugin. -->","yoast_head_json":{"title":"Hot-Selling Matte Black Handheld Bidet Sprayer Portable Travel Bottle for Apartment Hotel Cleaning Minimalist Design Bidet - YOROOW","description":"Hot-selling matte black handheld bidet sprayer portable travel bottle for apartments and hotels, minimalist design for easy cleaning, manufactured in China with OEM capabilities, focused on South American and Southeast Asian markets.","robots":{"index":"index","follow":"follow","max-snippet":"max-snippet:-1","max-image-preview":"max-image-preview:large","max-video-preview":"max-video-preview:-1"},"canonical":"https:\/\/www.yoroow.com\/es\/detalle-del-producto\/venta-caliente-bide-de-mano-rociador-de-plastico-negro-mate-con-laton-de-acero-inoxidable-para-la-limpieza-del-hotel-apartamento\/","og_locale":"es_ES","og_type":"article","og_title":"Hot-Selling Matte Black Handheld Bidet Sprayer Portable Travel Bottle for Apartment Hotel Cleaning Minimalist Design Bidet","og_description":"Hot-selling matte black handheld bidet sprayer portable travel bottle for apartments and hotels, minimalist design for easy cleaning, manufactured in China with OEM capabilities, focused on South American and Southeast Asian markets.","og_url":"https:\/\/www.yoroow.com\/es\/detalle-del-producto\/venta-caliente-bide-de-mano-rociador-de-plastico-negro-mate-con-laton-de-acero-inoxidable-para-la-limpieza-del-hotel-apartamento\/","og_site_name":"YOROOW","article_publisher":"https:\/\/www.facebook.com\/people\/yoroowfaucetfactory\/61564236752362\/","article_modified_time":"2025-05-16T01:47:54+00:00","og_image":[{"width":509,"height":509,"url":"https:\/\/www.yoroow.com\/wp-content\/uploads\/2025\/03\/5.jpg","type":"image\/jpeg"}],"twitter_card":"summary_large_image","twitter_misc":{"Tiempo de lectura":"1 minuto"},"schema":{"@context":"https:\/\/schema.org","@graph":[{"@type":"WebPage","@id":"https:\/\/www.yoroow.com\/es\/detalle-del-producto\/venta-caliente-bide-de-mano-rociador-de-plastico-negro-mate-con-laton-de-acero-inoxidable-para-la-limpieza-del-hotel-apartamento\/","url":"https:\/\/www.yoroow.com\/es\/detalle-del-producto\/venta-caliente-bide-de-mano-rociador-de-plastico-negro-mate-con-laton-de-acero-inoxidable-para-la-limpieza-del-hotel-apartamento\/","name":"Hot-Selling Matte Black Handheld Bidet Sprayer Portable Travel Bottle for Apartment Hotel Cleaning Minimalist Design Bidet - YOROOW","isPartOf":{"@id":"https:\/\/www.yoroow.com\/es\/#website"},"primaryImageOfPage":{"@id":"https:\/\/www.yoroow.com\/es\/detalle-del-producto\/venta-caliente-bide-de-mano-rociador-de-plastico-negro-mate-con-laton-de-acero-inoxidable-para-la-limpieza-del-hotel-apartamento\/#primaryimage"},"image":{"@id":"https:\/\/www.yoroow.com\/es\/detalle-del-producto\/venta-caliente-bide-de-mano-rociador-de-plastico-negro-mate-con-laton-de-acero-inoxidable-para-la-limpieza-del-hotel-apartamento\/#primaryimage"},"thumbnailUrl":"https:\/\/www.yoroow.com\/wp-content\/uploads\/2025\/03\/5.jpg","datePublished":"2025-03-18T05:05:48+00:00","dateModified":"2025-05-16T01:47:54+00:00","description":"Hot-selling matte black handheld bidet sprayer portable travel bottle for apartments and hotels, minimalist design for easy cleaning, manufactured in China with OEM capabilities, focused on South American and Southeast Asian markets.","breadcrumb":{"@id":"https:\/\/www.yoroow.com\/es\/detalle-del-producto\/venta-caliente-bide-de-mano-rociador-de-plastico-negro-mate-con-laton-de-acero-inoxidable-para-la-limpieza-del-hotel-apartamento\/#breadcrumb"},"inLanguage":"es","potentialAction":[{"@type":"ReadAction","target":["https:\/\/www.yoroow.com\/es\/detalle-del-producto\/venta-caliente-bide-de-mano-rociador-de-plastico-negro-mate-con-laton-de-acero-inoxidable-para-la-limpieza-del-hotel-apartamento\/"]}]},{"@type":"ImageObject","inLanguage":"es","@id":"https:\/\/www.yoroow.com\/es\/detalle-del-producto\/venta-caliente-bide-de-mano-rociador-de-plastico-negro-mate-con-laton-de-acero-inoxidable-para-la-limpieza-del-hotel-apartamento\/#primaryimage","url":"https:\/\/www.yoroow.com\/wp-content\/uploads\/2025\/03\/5.jpg","contentUrl":"https:\/\/www.yoroow.com\/wp-content\/uploads\/2025\/03\/5.jpg","width":509,"height":509,"caption":"High Quality Handheld Bidet Sprayer Holder Gun Gray ABS Plastic Convenient for Toilet Cleaning in Apartments and Bathrooms"},{"@type":"BreadcrumbList","@id":"https:\/\/www.yoroow.com\/es\/detalle-del-producto\/venta-caliente-bide-de-mano-rociador-de-plastico-negro-mate-con-laton-de-acero-inoxidable-para-la-limpieza-del-hotel-apartamento\/#breadcrumb","itemListElement":[{"@type":"ListItem","position":1,"name":"home","item":"https:\/\/www.yoroow.com\/"},{"@type":"ListItem","position":2,"name":"Product","item":"https:\/\/www.yoroow.com\/product\/"},{"@type":"ListItem","position":3,"name":"Hot-Selling Matte Black Handheld Bidet Sprayer Portable Travel Bottle for Apartment Hotel Cleaning Minimalist Design Bidet"}]},{"@type":"WebSite","@id":"https:\/\/www.yoroow.com\/es\/#website","url":"https:\/\/www.yoroow.com\/es\/","name":"YOROOW","description":"","publisher":{"@id":"https:\/\/www.yoroow.com\/es\/#organization"},"potentialAction":[{"@type":"SearchAction","target":{"@type":"EntryPoint","urlTemplate":"https:\/\/www.yoroow.com\/es\/?s={search_term_string}"},"query-input":{"@type":"PropertyValueSpecification","valueRequired":true,"valueName":"search_term_string"}}],"inLanguage":"es"},{"@type":"Organization","@id":"https:\/\/www.yoroow.com\/es\/#organization","name":"YOROOW","url":"https:\/\/www.yoroow.com\/es\/","logo":{"@type":"ImageObject","inLanguage":"es","@id":"https:\/\/www.yoroow.com\/es\/#\/schema\/logo\/image\/","url":"https:\/\/www.yoroow.com\/wp-content\/uploads\/2024\/12\/2024123007131061.png","contentUrl":"https:\/\/www.yoroow.com\/wp-content\/uploads\/2024\/12\/2024123007131061.png","width":168,"height":27,"caption":"YOROOW"},"image":{"@id":"https:\/\/www.yoroow.com\/es\/#\/schema\/logo\/image\/"},"sameAs":["https:\/\/www.facebook.com\/people\/yoroowfaucetfactory\/61564236752362\/"]}]}},"_links":{"self":[{"href":"https:\/\/www.yoroow.com\/es\/wp-json\/wp\/v2\/product\/15480","targetHints":{"allow":["GET"]}}],"collection":[{"href":"https:\/\/www.yoroow.com\/es\/wp-json\/wp\/v2\/product"}],"about":[{"href":"https:\/\/www.yoroow.com\/es\/wp-json\/wp\/v2\/types\/product"}],"wp:featuredmedia":[{"embeddable":true,"href":"https:\/\/www.yoroow.com\/es\/wp-json\/wp\/v2\/media\/15470"}],"wp:attachment":[{"href":"https:\/\/www.yoroow.com\/es\/wp-json\/wp\/v2\/media?parent=15480"}],"wp:term":[{"taxonomy":"product_brand","embeddable":true,"href":"https:\/\/www.yoroow.com\/es\/wp-json\/wp\/v2\/product_brand?post=15480"},{"taxonomy":"product_cat","embeddable":true,"href":"https:\/\/www.yoroow.com\/es\/wp-json\/wp\/v2\/product_cat?post=15480"},{"taxonomy":"product_tag","embeddable":true,"href":"https:\/\/www.yoroow.com\/es\/wp-json\/wp\/v2\/product_tag?post=15480"}],"curies":[{"name":"wp","href":"https:\/\/api.w.org\/{rel}","templated":true}]}}