{"id":15200,"date":"2025-03-17T11:09:42","date_gmt":"2025-03-17T03:09:42","guid":{"rendered":"https:\/\/www.yoroow.com\/?post_type=product&#038;p=15200"},"modified":"2025-05-16T09:47:11","modified_gmt":"2025-05-16T01:47:11","slug":"diseno-moderno-201-acero-inoxidable-montado-en-la-pared-bide-rociador-para-uso-en-el-bano","status":"publish","type":"product","link":"https:\/\/www.yoroow.com\/es\/detalle-del-producto\/diseno-moderno-201-acero-inoxidable-montado-en-la-pared-bide-rociador-para-uso-en-el-bano\/","title":{"rendered":"Bid\u00e9 de pared de dise\u00f1o moderno 201 de acero inoxidable de mano y de viaje para el ba\u00f1o"},"content":{"rendered":"<p>Rociador de bid\u00e9 de pared de dise\u00f1o moderno Acero inoxidable 201 Este rociador de bid\u00e9 de pared est\u00e1 fabricado en acero inoxidable 201 de alta calidad, por lo que es duradero y f\u00e1cil de limpiar. Su dise\u00f1o ergon\u00f3mico garantiza la comodidad y eficacia para los usuarios del ba\u00f1o. La f\u00e1brica de YOROOW ofrece este producto con pr\u00e1cticas de fabricaci\u00f3n fiables, lo que permite realizar pedidos al por mayor para los mercados de Am\u00e9rica del Sur y el Sudeste Asi\u00e1tico, donde la demanda de productos de bid\u00e9 est\u00e1 creciendo debido a una mayor concienciaci\u00f3n sobre la higiene y la comodidad.<\/p>","protected":false},"excerpt":{"rendered":"<p>Modern Design Wall-Mounted Bidet Sprayer 201 Stainless Steel This wall-mounted bidet sprayer is crafted from high-quality 201 stainless steel, making it durable and easy to clean. Its ergonomic design ensures comfort and efficiency for bathroom users. The YOROOW factory offers this product with reliable manufacturing practices, supporting bulk orders for markets in South America and\u2026<\/p>","protected":false},"featured_media":15288,"template":"","meta":{"_acf_changed":false,"_kad_post_transparent":"default","_kad_post_title":"","_kad_post_layout":"default","_kad_post_sidebar_id":"","_kad_post_content_style":"default","_kad_post_vertical_padding":"default","_kad_post_feature":"","_kad_post_feature_position":"","_kad_post_header":false,"_kad_post_footer":false},"product_brand":[],"product_cat":[132],"product_tag":[3523,3575],"class_list":{"0":"post-15200","1":"product","2":"type-product","3":"status-publish","4":"has-post-thumbnail","6":"product_cat-bidet-sprayer","7":"product_tag-handheld-bidet-set","8":"product_tag-travel-bidet-sprayer","10":"first","11":"instock","12":"shipping-taxable","13":"purchasable","14":"product-type-variable","15":"wvs-archive-product-wrapper","16":"entry","17":"content-bg","18":"loop-entry"},"acf":[],"yoast_head":"<!-- This site is optimized with the Yoast SEO Premium plugin v25.4 (Yoast SEO v27.0) - https:\/\/yoast.com\/product\/yoast-seo-premium-wordpress\/ -->\n<title>Modern Design Wall-Mounted Bidet Sprayer 201 Stainless Steel Handheld and Travel-Friendly for Bathroom Use - YOROOW<\/title>\n<meta name=\"description\" content=\"Modern design wall-mounted bidet sprayer with 201 stainless steel handheld travel-friendly design for bathroom use, lightweight and durable, manufactured by Chinese exporters with emphasis on South America and Southeast Asia markets.\" \/>\n<meta name=\"robots\" content=\"index, follow, max-snippet:-1, max-image-preview:large, max-video-preview:-1\" \/>\n<link rel=\"canonical\" href=\"https:\/\/www.yoroow.com\/es\/detalle-del-producto\/diseno-moderno-201-acero-inoxidable-montado-en-la-pared-bide-rociador-para-uso-en-el-bano\/\" \/>\n<meta property=\"og:locale\" content=\"es_ES\" \/>\n<meta property=\"og:type\" content=\"article\" \/>\n<meta property=\"og:title\" content=\"Modern Design Wall-Mounted Bidet Sprayer 201 Stainless Steel Handheld and Travel-Friendly for Bathroom Use\" \/>\n<meta property=\"og:description\" content=\"Modern design wall-mounted bidet sprayer with 201 stainless steel handheld travel-friendly design for bathroom use, lightweight and durable, manufactured by Chinese exporters with emphasis on South America and Southeast Asia markets.\" \/>\n<meta property=\"og:url\" content=\"https:\/\/www.yoroow.com\/es\/detalle-del-producto\/diseno-moderno-201-acero-inoxidable-montado-en-la-pared-bide-rociador-para-uso-en-el-bano\/\" \/>\n<meta property=\"og:site_name\" content=\"YOROOW\" \/>\n<meta property=\"article:publisher\" content=\"https:\/\/www.facebook.com\/people\/yoroowfaucetfactory\/61564236752362\/\" \/>\n<meta property=\"article:modified_time\" content=\"2025-05-16T01:47:11+00:00\" \/>\n<meta property=\"og:image\" content=\"https:\/\/www.yoroow.com\/wp-content\/uploads\/2025\/03\/304\u94a2\u5987\u6d17\u5668\u5957\u88c5.jpg\" \/>\n\t<meta property=\"og:image:width\" content=\"709\" \/>\n\t<meta property=\"og:image:height\" content=\"709\" \/>\n\t<meta property=\"og:image:type\" content=\"image\/jpeg\" \/>\n<meta name=\"twitter:card\" content=\"summary_large_image\" \/>\n<meta name=\"twitter:label1\" content=\"Tiempo de lectura\" \/>\n\t<meta name=\"twitter:data1\" content=\"1 minuto\" \/>\n<script type=\"application\/ld+json\" class=\"yoast-schema-graph\">{\"@context\":\"https:\/\/schema.org\",\"@graph\":[{\"@type\":\"WebPage\",\"@id\":\"https:\/\/www.yoroow.com\/es\/detalle-del-producto\/diseno-moderno-201-acero-inoxidable-montado-en-la-pared-bide-rociador-para-uso-en-el-bano\/\",\"url\":\"https:\/\/www.yoroow.com\/es\/detalle-del-producto\/diseno-moderno-201-acero-inoxidable-montado-en-la-pared-bide-rociador-para-uso-en-el-bano\/\",\"name\":\"Modern Design Wall-Mounted Bidet Sprayer 201 Stainless Steel Handheld and Travel-Friendly for Bathroom Use - YOROOW\",\"isPartOf\":{\"@id\":\"https:\/\/www.yoroow.com\/es\/#website\"},\"primaryImageOfPage\":{\"@id\":\"https:\/\/www.yoroow.com\/es\/detalle-del-producto\/diseno-moderno-201-acero-inoxidable-montado-en-la-pared-bide-rociador-para-uso-en-el-bano\/#primaryimage\"},\"image\":{\"@id\":\"https:\/\/www.yoroow.com\/es\/detalle-del-producto\/diseno-moderno-201-acero-inoxidable-montado-en-la-pared-bide-rociador-para-uso-en-el-bano\/#primaryimage\"},\"thumbnailUrl\":\"https:\/\/www.yoroow.com\/wp-content\/uploads\/2025\/03\/304\u94a2\u5987\u6d17\u5668\u5957\u88c5.jpg\",\"datePublished\":\"2025-03-17T03:09:42+00:00\",\"dateModified\":\"2025-05-16T01:47:11+00:00\",\"description\":\"Modern design wall-mounted bidet sprayer with 201 stainless steel handheld travel-friendly design for bathroom use, lightweight and durable, manufactured by Chinese exporters with emphasis on South America and Southeast Asia markets.\",\"breadcrumb\":{\"@id\":\"https:\/\/www.yoroow.com\/es\/detalle-del-producto\/diseno-moderno-201-acero-inoxidable-montado-en-la-pared-bide-rociador-para-uso-en-el-bano\/#breadcrumb\"},\"inLanguage\":\"es\",\"potentialAction\":[{\"@type\":\"ReadAction\",\"target\":[\"https:\/\/www.yoroow.com\/es\/detalle-del-producto\/diseno-moderno-201-acero-inoxidable-montado-en-la-pared-bide-rociador-para-uso-en-el-bano\/\"]}]},{\"@type\":\"ImageObject\",\"inLanguage\":\"es\",\"@id\":\"https:\/\/www.yoroow.com\/es\/detalle-del-producto\/diseno-moderno-201-acero-inoxidable-montado-en-la-pared-bide-rociador-para-uso-en-el-bano\/#primaryimage\",\"url\":\"https:\/\/www.yoroow.com\/wp-content\/uploads\/2025\/03\/304\u94a2\u5987\u6d17\u5668\u5957\u88c5.jpg\",\"contentUrl\":\"https:\/\/www.yoroow.com\/wp-content\/uploads\/2025\/03\/304\u94a2\u5987\u6d17\u5668\u5957\u88c5.jpg\",\"width\":709,\"height\":709,\"caption\":\"Modern Design Wall-Mounted Bidet Sprayer 201 Stainless Steel Handheld and Travel-Friendly for Bathroom Use\"},{\"@type\":\"BreadcrumbList\",\"@id\":\"https:\/\/www.yoroow.com\/es\/detalle-del-producto\/diseno-moderno-201-acero-inoxidable-montado-en-la-pared-bide-rociador-para-uso-en-el-bano\/#breadcrumb\",\"itemListElement\":[{\"@type\":\"ListItem\",\"position\":1,\"name\":\"home\",\"item\":\"https:\/\/www.yoroow.com\/\"},{\"@type\":\"ListItem\",\"position\":2,\"name\":\"Product\",\"item\":\"https:\/\/www.yoroow.com\/product\/\"},{\"@type\":\"ListItem\",\"position\":3,\"name\":\"Modern Design Wall-Mounted Bidet Sprayer 201 Stainless Steel Handheld and Travel-Friendly for Bathroom Use\"}]},{\"@type\":\"WebSite\",\"@id\":\"https:\/\/www.yoroow.com\/es\/#website\",\"url\":\"https:\/\/www.yoroow.com\/es\/\",\"name\":\"YOROOW\",\"description\":\"\",\"publisher\":{\"@id\":\"https:\/\/www.yoroow.com\/es\/#organization\"},\"potentialAction\":[{\"@type\":\"SearchAction\",\"target\":{\"@type\":\"EntryPoint\",\"urlTemplate\":\"https:\/\/www.yoroow.com\/es\/?s={search_term_string}\"},\"query-input\":{\"@type\":\"PropertyValueSpecification\",\"valueRequired\":true,\"valueName\":\"search_term_string\"}}],\"inLanguage\":\"es\"},{\"@type\":\"Organization\",\"@id\":\"https:\/\/www.yoroow.com\/es\/#organization\",\"name\":\"YOROOW\",\"url\":\"https:\/\/www.yoroow.com\/es\/\",\"logo\":{\"@type\":\"ImageObject\",\"inLanguage\":\"es\",\"@id\":\"https:\/\/www.yoroow.com\/es\/#\/schema\/logo\/image\/\",\"url\":\"https:\/\/www.yoroow.com\/wp-content\/uploads\/2024\/12\/2024123007131061.png\",\"contentUrl\":\"https:\/\/www.yoroow.com\/wp-content\/uploads\/2024\/12\/2024123007131061.png\",\"width\":168,\"height\":27,\"caption\":\"YOROOW\"},\"image\":{\"@id\":\"https:\/\/www.yoroow.com\/es\/#\/schema\/logo\/image\/\"},\"sameAs\":[\"https:\/\/www.facebook.com\/people\/yoroowfaucetfactory\/61564236752362\/\"]}]}<\/script>\n<!-- \/ Yoast SEO Premium plugin. -->","yoast_head_json":{"title":"Modern Design Wall-Mounted Bidet Sprayer 201 Stainless Steel Handheld and Travel-Friendly for Bathroom Use - YOROOW","description":"Modern design wall-mounted bidet sprayer with 201 stainless steel handheld travel-friendly design for bathroom use, lightweight and durable, manufactured by Chinese exporters with emphasis on South America and Southeast Asia markets.","robots":{"index":"index","follow":"follow","max-snippet":"max-snippet:-1","max-image-preview":"max-image-preview:large","max-video-preview":"max-video-preview:-1"},"canonical":"https:\/\/www.yoroow.com\/es\/detalle-del-producto\/diseno-moderno-201-acero-inoxidable-montado-en-la-pared-bide-rociador-para-uso-en-el-bano\/","og_locale":"es_ES","og_type":"article","og_title":"Modern Design Wall-Mounted Bidet Sprayer 201 Stainless Steel Handheld and Travel-Friendly for Bathroom Use","og_description":"Modern design wall-mounted bidet sprayer with 201 stainless steel handheld travel-friendly design for bathroom use, lightweight and durable, manufactured by Chinese exporters with emphasis on South America and Southeast Asia markets.","og_url":"https:\/\/www.yoroow.com\/es\/detalle-del-producto\/diseno-moderno-201-acero-inoxidable-montado-en-la-pared-bide-rociador-para-uso-en-el-bano\/","og_site_name":"YOROOW","article_publisher":"https:\/\/www.facebook.com\/people\/yoroowfaucetfactory\/61564236752362\/","article_modified_time":"2025-05-16T01:47:11+00:00","og_image":[{"width":709,"height":709,"url":"https:\/\/www.yoroow.com\/wp-content\/uploads\/2025\/03\/304\u94a2\u5987\u6d17\u5668\u5957\u88c5.jpg","type":"image\/jpeg"}],"twitter_card":"summary_large_image","twitter_misc":{"Tiempo de lectura":"1 minuto"},"schema":{"@context":"https:\/\/schema.org","@graph":[{"@type":"WebPage","@id":"https:\/\/www.yoroow.com\/es\/detalle-del-producto\/diseno-moderno-201-acero-inoxidable-montado-en-la-pared-bide-rociador-para-uso-en-el-bano\/","url":"https:\/\/www.yoroow.com\/es\/detalle-del-producto\/diseno-moderno-201-acero-inoxidable-montado-en-la-pared-bide-rociador-para-uso-en-el-bano\/","name":"Modern Design Wall-Mounted Bidet Sprayer 201 Stainless Steel Handheld and Travel-Friendly for Bathroom Use - YOROOW","isPartOf":{"@id":"https:\/\/www.yoroow.com\/es\/#website"},"primaryImageOfPage":{"@id":"https:\/\/www.yoroow.com\/es\/detalle-del-producto\/diseno-moderno-201-acero-inoxidable-montado-en-la-pared-bide-rociador-para-uso-en-el-bano\/#primaryimage"},"image":{"@id":"https:\/\/www.yoroow.com\/es\/detalle-del-producto\/diseno-moderno-201-acero-inoxidable-montado-en-la-pared-bide-rociador-para-uso-en-el-bano\/#primaryimage"},"thumbnailUrl":"https:\/\/www.yoroow.com\/wp-content\/uploads\/2025\/03\/304\u94a2\u5987\u6d17\u5668\u5957\u88c5.jpg","datePublished":"2025-03-17T03:09:42+00:00","dateModified":"2025-05-16T01:47:11+00:00","description":"Modern design wall-mounted bidet sprayer with 201 stainless steel handheld travel-friendly design for bathroom use, lightweight and durable, manufactured by Chinese exporters with emphasis on South America and Southeast Asia markets.","breadcrumb":{"@id":"https:\/\/www.yoroow.com\/es\/detalle-del-producto\/diseno-moderno-201-acero-inoxidable-montado-en-la-pared-bide-rociador-para-uso-en-el-bano\/#breadcrumb"},"inLanguage":"es","potentialAction":[{"@type":"ReadAction","target":["https:\/\/www.yoroow.com\/es\/detalle-del-producto\/diseno-moderno-201-acero-inoxidable-montado-en-la-pared-bide-rociador-para-uso-en-el-bano\/"]}]},{"@type":"ImageObject","inLanguage":"es","@id":"https:\/\/www.yoroow.com\/es\/detalle-del-producto\/diseno-moderno-201-acero-inoxidable-montado-en-la-pared-bide-rociador-para-uso-en-el-bano\/#primaryimage","url":"https:\/\/www.yoroow.com\/wp-content\/uploads\/2025\/03\/304\u94a2\u5987\u6d17\u5668\u5957\u88c5.jpg","contentUrl":"https:\/\/www.yoroow.com\/wp-content\/uploads\/2025\/03\/304\u94a2\u5987\u6d17\u5668\u5957\u88c5.jpg","width":709,"height":709,"caption":"Modern Design Wall-Mounted Bidet Sprayer 201 Stainless Steel Handheld and Travel-Friendly for Bathroom Use"},{"@type":"BreadcrumbList","@id":"https:\/\/www.yoroow.com\/es\/detalle-del-producto\/diseno-moderno-201-acero-inoxidable-montado-en-la-pared-bide-rociador-para-uso-en-el-bano\/#breadcrumb","itemListElement":[{"@type":"ListItem","position":1,"name":"home","item":"https:\/\/www.yoroow.com\/"},{"@type":"ListItem","position":2,"name":"Product","item":"https:\/\/www.yoroow.com\/product\/"},{"@type":"ListItem","position":3,"name":"Modern Design Wall-Mounted Bidet Sprayer 201 Stainless Steel Handheld and Travel-Friendly for Bathroom Use"}]},{"@type":"WebSite","@id":"https:\/\/www.yoroow.com\/es\/#website","url":"https:\/\/www.yoroow.com\/es\/","name":"YOROOW","description":"","publisher":{"@id":"https:\/\/www.yoroow.com\/es\/#organization"},"potentialAction":[{"@type":"SearchAction","target":{"@type":"EntryPoint","urlTemplate":"https:\/\/www.yoroow.com\/es\/?s={search_term_string}"},"query-input":{"@type":"PropertyValueSpecification","valueRequired":true,"valueName":"search_term_string"}}],"inLanguage":"es"},{"@type":"Organization","@id":"https:\/\/www.yoroow.com\/es\/#organization","name":"YOROOW","url":"https:\/\/www.yoroow.com\/es\/","logo":{"@type":"ImageObject","inLanguage":"es","@id":"https:\/\/www.yoroow.com\/es\/#\/schema\/logo\/image\/","url":"https:\/\/www.yoroow.com\/wp-content\/uploads\/2024\/12\/2024123007131061.png","contentUrl":"https:\/\/www.yoroow.com\/wp-content\/uploads\/2024\/12\/2024123007131061.png","width":168,"height":27,"caption":"YOROOW"},"image":{"@id":"https:\/\/www.yoroow.com\/es\/#\/schema\/logo\/image\/"},"sameAs":["https:\/\/www.facebook.com\/people\/yoroowfaucetfactory\/61564236752362\/"]}]}},"_links":{"self":[{"href":"https:\/\/www.yoroow.com\/es\/wp-json\/wp\/v2\/product\/15200","targetHints":{"allow":["GET"]}}],"collection":[{"href":"https:\/\/www.yoroow.com\/es\/wp-json\/wp\/v2\/product"}],"about":[{"href":"https:\/\/www.yoroow.com\/es\/wp-json\/wp\/v2\/types\/product"}],"wp:featuredmedia":[{"embeddable":true,"href":"https:\/\/www.yoroow.com\/es\/wp-json\/wp\/v2\/media\/15288"}],"wp:attachment":[{"href":"https:\/\/www.yoroow.com\/es\/wp-json\/wp\/v2\/media?parent=15200"}],"wp:term":[{"taxonomy":"product_brand","embeddable":true,"href":"https:\/\/www.yoroow.com\/es\/wp-json\/wp\/v2\/product_brand?post=15200"},{"taxonomy":"product_cat","embeddable":true,"href":"https:\/\/www.yoroow.com\/es\/wp-json\/wp\/v2\/product_cat?post=15200"},{"taxonomy":"product_tag","embeddable":true,"href":"https:\/\/www.yoroow.com\/es\/wp-json\/wp\/v2\/product_tag?post=15200"}],"curies":[{"name":"wp","href":"https:\/\/api.w.org\/{rel}","templated":true}]}}