{"id":14733,"date":"2025-03-08T17:09:11","date_gmt":"2025-03-08T09:09:11","guid":{"rendered":"https:\/\/www.yoroow.com\/?post_type=product&#038;p=14733"},"modified":"2025-05-16T09:46:29","modified_gmt":"2025-05-16T01:46:29","slug":"nueva-llegada-cuarto-de-bano-ducha-de-lluvia-abs-cabeza-de-la-lluvia-de-ducha-de-3-funciones","status":"publish","type":"product","link":"https:\/\/www.yoroow.com\/es\/detalle-del-producto\/nueva-llegada-cuarto-de-bano-ducha-de-lluvia-abs-cabeza-de-la-lluvia-de-ducha-de-3-funciones\/","title":{"rendered":"Nueva Llegada 3-Funci\u00f3n ABS Lluvia Ba\u00f1o Cabeza de la Ducha Tire Lavabo Grifo Bid\u00e9 de pl\u00e1stico Ducha de mano para ba\u00f1o Ducha Grifos"},"content":{"rendered":"<p>Featuring a versatile 3-function design, this ABS rainfall shower head offers a relaxing shower experience. The pull basin faucet and integrated bidet hand shower provide additional functionality, making it an ideal choice for modern bathrooms. Made from durable plastic, it is lightweight and easy to install. YOROOW\u2019s factory offers high-quality production with customization options, making it a suitable choice for bulk orders to South America and Southeast Asia, where multifunctional bathroom products are in high demand.<\/p>","protected":false},"excerpt":{"rendered":"<p>Featuring a versatile 3-function design, this ABS rainfall shower head offers a relaxing shower experience. The pull basin faucet and integrated bidet hand shower provide additional functionality, making it an ideal choice for modern bathrooms. Made from durable plastic, it is lightweight and easy to install. YOROOW\u2019s factory offers high-quality production with customization options, making\u2026<\/p>","protected":false},"featured_media":14739,"template":"","meta":{"_acf_changed":false,"_kad_post_transparent":"default","_kad_post_title":"","_kad_post_layout":"default","_kad_post_sidebar_id":"","_kad_post_content_style":"default","_kad_post_vertical_padding":"default","_kad_post_feature":"","_kad_post_feature_position":"","_kad_post_header":false,"_kad_post_footer":false},"product_brand":[],"product_cat":[236,7865],"product_tag":[5246,5264],"class_list":{"0":"post-14733","1":"product","2":"type-product","3":"status-publish","4":"has-post-thumbnail","6":"product_cat-shower-head-hand","7":"product_cat-c-shower","8":"product_tag-plastic-bidet-hand-shower","9":"product_tag-pull-basin-faucet","11":"first","12":"instock","13":"shipping-taxable","14":"purchasable","15":"product-type-variable","16":"wvs-archive-product-wrapper","17":"entry","18":"content-bg","19":"loop-entry"},"acf":[],"yoast_head":"<!-- This site is optimized with the Yoast SEO Premium plugin v25.4 (Yoast SEO v27.0) - https:\/\/yoast.com\/product\/yoast-seo-premium-wordpress\/ -->\n<title>New Arrival 3-Function ABS Rainfall Bathroom Shower Head Pull Basin Faucet Plastic Bidet Hand Shower for Bath Shower Faucets - YOROOW<\/title>\n<meta name=\"description\" content=\"New arrival 3-function ABS rainfall bathroom shower head with pull basin faucet and plastic bidet hand shower, versatile for bath and shower use, manufactured by professional Chinese suppliers for South America and Southeast Asia export.\" \/>\n<meta name=\"robots\" content=\"index, follow, max-snippet:-1, max-image-preview:large, max-video-preview:-1\" \/>\n<link rel=\"canonical\" href=\"https:\/\/www.yoroow.com\/es\/detalle-del-producto\/nueva-llegada-cuarto-de-bano-ducha-de-lluvia-abs-cabeza-de-la-lluvia-de-ducha-de-3-funciones\/\" \/>\n<meta property=\"og:locale\" content=\"es_ES\" \/>\n<meta property=\"og:type\" content=\"article\" \/>\n<meta property=\"og:title\" content=\"New Arrival 3-Function ABS Rainfall Bathroom Shower Head Pull Basin Faucet Plastic Bidet Hand Shower for Bath Shower Faucets\" \/>\n<meta property=\"og:description\" content=\"New arrival 3-function ABS rainfall bathroom shower head with pull basin faucet and plastic bidet hand shower, versatile for bath and shower use, manufactured by professional Chinese suppliers for South America and Southeast Asia export.\" \/>\n<meta property=\"og:url\" content=\"https:\/\/www.yoroow.com\/es\/detalle-del-producto\/nueva-llegada-cuarto-de-bano-ducha-de-lluvia-abs-cabeza-de-la-lluvia-de-ducha-de-3-funciones\/\" \/>\n<meta property=\"og:site_name\" content=\"YOROOW\" \/>\n<meta property=\"article:publisher\" content=\"https:\/\/www.facebook.com\/people\/yoroowfaucetfactory\/61564236752362\/\" \/>\n<meta property=\"article:modified_time\" content=\"2025-05-16T01:46:29+00:00\" \/>\n<meta property=\"og:image\" content=\"https:\/\/www.yoroow.com\/wp-content\/uploads\/2025\/03\/O1CN01mP6QFh1ZLZcbm21oX_2215820013178-0-cib.jpg\" \/>\n\t<meta property=\"og:image:width\" content=\"800\" \/>\n\t<meta property=\"og:image:height\" content=\"800\" \/>\n\t<meta property=\"og:image:type\" content=\"image\/jpeg\" \/>\n<meta name=\"twitter:card\" content=\"summary_large_image\" \/>\n<meta name=\"twitter:label1\" content=\"Tiempo de lectura\" \/>\n\t<meta name=\"twitter:data1\" content=\"1 minuto\" \/>\n<script type=\"application\/ld+json\" class=\"yoast-schema-graph\">{\"@context\":\"https:\/\/schema.org\",\"@graph\":[{\"@type\":\"WebPage\",\"@id\":\"https:\/\/www.yoroow.com\/es\/detalle-del-producto\/nueva-llegada-cuarto-de-bano-ducha-de-lluvia-abs-cabeza-de-la-lluvia-de-ducha-de-3-funciones\/\",\"url\":\"https:\/\/www.yoroow.com\/es\/detalle-del-producto\/nueva-llegada-cuarto-de-bano-ducha-de-lluvia-abs-cabeza-de-la-lluvia-de-ducha-de-3-funciones\/\",\"name\":\"New Arrival 3-Function ABS Rainfall Bathroom Shower Head Pull Basin Faucet Plastic Bidet Hand Shower for Bath Shower Faucets - YOROOW\",\"isPartOf\":{\"@id\":\"https:\/\/www.yoroow.com\/es\/#website\"},\"primaryImageOfPage\":{\"@id\":\"https:\/\/www.yoroow.com\/es\/detalle-del-producto\/nueva-llegada-cuarto-de-bano-ducha-de-lluvia-abs-cabeza-de-la-lluvia-de-ducha-de-3-funciones\/#primaryimage\"},\"image\":{\"@id\":\"https:\/\/www.yoroow.com\/es\/detalle-del-producto\/nueva-llegada-cuarto-de-bano-ducha-de-lluvia-abs-cabeza-de-la-lluvia-de-ducha-de-3-funciones\/#primaryimage\"},\"thumbnailUrl\":\"https:\/\/www.yoroow.com\/wp-content\/uploads\/2025\/03\/O1CN01mP6QFh1ZLZcbm21oX_2215820013178-0-cib.jpg\",\"datePublished\":\"2025-03-08T09:09:11+00:00\",\"dateModified\":\"2025-05-16T01:46:29+00:00\",\"description\":\"New arrival 3-function ABS rainfall bathroom shower head with pull basin faucet and plastic bidet hand shower, versatile for bath and shower use, manufactured by professional Chinese suppliers for South America and Southeast Asia export.\",\"breadcrumb\":{\"@id\":\"https:\/\/www.yoroow.com\/es\/detalle-del-producto\/nueva-llegada-cuarto-de-bano-ducha-de-lluvia-abs-cabeza-de-la-lluvia-de-ducha-de-3-funciones\/#breadcrumb\"},\"inLanguage\":\"es\",\"potentialAction\":[{\"@type\":\"ReadAction\",\"target\":[\"https:\/\/www.yoroow.com\/es\/detalle-del-producto\/nueva-llegada-cuarto-de-bano-ducha-de-lluvia-abs-cabeza-de-la-lluvia-de-ducha-de-3-funciones\/\"]}]},{\"@type\":\"ImageObject\",\"inLanguage\":\"es\",\"@id\":\"https:\/\/www.yoroow.com\/es\/detalle-del-producto\/nueva-llegada-cuarto-de-bano-ducha-de-lluvia-abs-cabeza-de-la-lluvia-de-ducha-de-3-funciones\/#primaryimage\",\"url\":\"https:\/\/www.yoroow.com\/wp-content\/uploads\/2025\/03\/O1CN01mP6QFh1ZLZcbm21oX_2215820013178-0-cib.jpg\",\"contentUrl\":\"https:\/\/www.yoroow.com\/wp-content\/uploads\/2025\/03\/O1CN01mP6QFh1ZLZcbm21oX_2215820013178-0-cib.jpg\",\"width\":800,\"height\":800,\"caption\":\"High Quality Wall-Mounted Plastic Bathroom Accessory Handheld Rain Shower Head High Pressure Pet Hand Shower Faucet\"},{\"@type\":\"BreadcrumbList\",\"@id\":\"https:\/\/www.yoroow.com\/es\/detalle-del-producto\/nueva-llegada-cuarto-de-bano-ducha-de-lluvia-abs-cabeza-de-la-lluvia-de-ducha-de-3-funciones\/#breadcrumb\",\"itemListElement\":[{\"@type\":\"ListItem\",\"position\":1,\"name\":\"home\",\"item\":\"https:\/\/www.yoroow.com\/\"},{\"@type\":\"ListItem\",\"position\":2,\"name\":\"Product\",\"item\":\"https:\/\/www.yoroow.com\/product\/\"},{\"@type\":\"ListItem\",\"position\":3,\"name\":\"New Arrival 3-Function ABS Rainfall Bathroom Shower Head Pull Basin Faucet Plastic Bidet Hand Shower for Bath Shower Faucets\"}]},{\"@type\":\"WebSite\",\"@id\":\"https:\/\/www.yoroow.com\/es\/#website\",\"url\":\"https:\/\/www.yoroow.com\/es\/\",\"name\":\"YOROOW\",\"description\":\"\",\"publisher\":{\"@id\":\"https:\/\/www.yoroow.com\/es\/#organization\"},\"potentialAction\":[{\"@type\":\"SearchAction\",\"target\":{\"@type\":\"EntryPoint\",\"urlTemplate\":\"https:\/\/www.yoroow.com\/es\/?s={search_term_string}\"},\"query-input\":{\"@type\":\"PropertyValueSpecification\",\"valueRequired\":true,\"valueName\":\"search_term_string\"}}],\"inLanguage\":\"es\"},{\"@type\":\"Organization\",\"@id\":\"https:\/\/www.yoroow.com\/es\/#organization\",\"name\":\"YOROOW\",\"url\":\"https:\/\/www.yoroow.com\/es\/\",\"logo\":{\"@type\":\"ImageObject\",\"inLanguage\":\"es\",\"@id\":\"https:\/\/www.yoroow.com\/es\/#\/schema\/logo\/image\/\",\"url\":\"https:\/\/www.yoroow.com\/wp-content\/uploads\/2024\/12\/2024123007131061.png\",\"contentUrl\":\"https:\/\/www.yoroow.com\/wp-content\/uploads\/2024\/12\/2024123007131061.png\",\"width\":168,\"height\":27,\"caption\":\"YOROOW\"},\"image\":{\"@id\":\"https:\/\/www.yoroow.com\/es\/#\/schema\/logo\/image\/\"},\"sameAs\":[\"https:\/\/www.facebook.com\/people\/yoroowfaucetfactory\/61564236752362\/\"]}]}<\/script>\n<!-- \/ Yoast SEO Premium plugin. -->","yoast_head_json":{"title":"New Arrival 3-Function ABS Rainfall Bathroom Shower Head Pull Basin Faucet Plastic Bidet Hand Shower for Bath Shower Faucets - YOROOW","description":"New arrival 3-function ABS rainfall bathroom shower head with pull basin faucet and plastic bidet hand shower, versatile for bath and shower use, manufactured by professional Chinese suppliers for South America and Southeast Asia export.","robots":{"index":"index","follow":"follow","max-snippet":"max-snippet:-1","max-image-preview":"max-image-preview:large","max-video-preview":"max-video-preview:-1"},"canonical":"https:\/\/www.yoroow.com\/es\/detalle-del-producto\/nueva-llegada-cuarto-de-bano-ducha-de-lluvia-abs-cabeza-de-la-lluvia-de-ducha-de-3-funciones\/","og_locale":"es_ES","og_type":"article","og_title":"New Arrival 3-Function ABS Rainfall Bathroom Shower Head Pull Basin Faucet Plastic Bidet Hand Shower for Bath Shower Faucets","og_description":"New arrival 3-function ABS rainfall bathroom shower head with pull basin faucet and plastic bidet hand shower, versatile for bath and shower use, manufactured by professional Chinese suppliers for South America and Southeast Asia export.","og_url":"https:\/\/www.yoroow.com\/es\/detalle-del-producto\/nueva-llegada-cuarto-de-bano-ducha-de-lluvia-abs-cabeza-de-la-lluvia-de-ducha-de-3-funciones\/","og_site_name":"YOROOW","article_publisher":"https:\/\/www.facebook.com\/people\/yoroowfaucetfactory\/61564236752362\/","article_modified_time":"2025-05-16T01:46:29+00:00","og_image":[{"width":800,"height":800,"url":"https:\/\/www.yoroow.com\/wp-content\/uploads\/2025\/03\/O1CN01mP6QFh1ZLZcbm21oX_2215820013178-0-cib.jpg","type":"image\/jpeg"}],"twitter_card":"summary_large_image","twitter_misc":{"Tiempo de lectura":"1 minuto"},"schema":{"@context":"https:\/\/schema.org","@graph":[{"@type":"WebPage","@id":"https:\/\/www.yoroow.com\/es\/detalle-del-producto\/nueva-llegada-cuarto-de-bano-ducha-de-lluvia-abs-cabeza-de-la-lluvia-de-ducha-de-3-funciones\/","url":"https:\/\/www.yoroow.com\/es\/detalle-del-producto\/nueva-llegada-cuarto-de-bano-ducha-de-lluvia-abs-cabeza-de-la-lluvia-de-ducha-de-3-funciones\/","name":"New Arrival 3-Function ABS Rainfall Bathroom Shower Head Pull Basin Faucet Plastic Bidet Hand Shower for Bath Shower Faucets - YOROOW","isPartOf":{"@id":"https:\/\/www.yoroow.com\/es\/#website"},"primaryImageOfPage":{"@id":"https:\/\/www.yoroow.com\/es\/detalle-del-producto\/nueva-llegada-cuarto-de-bano-ducha-de-lluvia-abs-cabeza-de-la-lluvia-de-ducha-de-3-funciones\/#primaryimage"},"image":{"@id":"https:\/\/www.yoroow.com\/es\/detalle-del-producto\/nueva-llegada-cuarto-de-bano-ducha-de-lluvia-abs-cabeza-de-la-lluvia-de-ducha-de-3-funciones\/#primaryimage"},"thumbnailUrl":"https:\/\/www.yoroow.com\/wp-content\/uploads\/2025\/03\/O1CN01mP6QFh1ZLZcbm21oX_2215820013178-0-cib.jpg","datePublished":"2025-03-08T09:09:11+00:00","dateModified":"2025-05-16T01:46:29+00:00","description":"New arrival 3-function ABS rainfall bathroom shower head with pull basin faucet and plastic bidet hand shower, versatile for bath and shower use, manufactured by professional Chinese suppliers for South America and Southeast Asia export.","breadcrumb":{"@id":"https:\/\/www.yoroow.com\/es\/detalle-del-producto\/nueva-llegada-cuarto-de-bano-ducha-de-lluvia-abs-cabeza-de-la-lluvia-de-ducha-de-3-funciones\/#breadcrumb"},"inLanguage":"es","potentialAction":[{"@type":"ReadAction","target":["https:\/\/www.yoroow.com\/es\/detalle-del-producto\/nueva-llegada-cuarto-de-bano-ducha-de-lluvia-abs-cabeza-de-la-lluvia-de-ducha-de-3-funciones\/"]}]},{"@type":"ImageObject","inLanguage":"es","@id":"https:\/\/www.yoroow.com\/es\/detalle-del-producto\/nueva-llegada-cuarto-de-bano-ducha-de-lluvia-abs-cabeza-de-la-lluvia-de-ducha-de-3-funciones\/#primaryimage","url":"https:\/\/www.yoroow.com\/wp-content\/uploads\/2025\/03\/O1CN01mP6QFh1ZLZcbm21oX_2215820013178-0-cib.jpg","contentUrl":"https:\/\/www.yoroow.com\/wp-content\/uploads\/2025\/03\/O1CN01mP6QFh1ZLZcbm21oX_2215820013178-0-cib.jpg","width":800,"height":800,"caption":"High Quality Wall-Mounted Plastic Bathroom Accessory Handheld Rain Shower Head High Pressure Pet Hand Shower Faucet"},{"@type":"BreadcrumbList","@id":"https:\/\/www.yoroow.com\/es\/detalle-del-producto\/nueva-llegada-cuarto-de-bano-ducha-de-lluvia-abs-cabeza-de-la-lluvia-de-ducha-de-3-funciones\/#breadcrumb","itemListElement":[{"@type":"ListItem","position":1,"name":"home","item":"https:\/\/www.yoroow.com\/"},{"@type":"ListItem","position":2,"name":"Product","item":"https:\/\/www.yoroow.com\/product\/"},{"@type":"ListItem","position":3,"name":"New Arrival 3-Function ABS Rainfall Bathroom Shower Head Pull Basin Faucet Plastic Bidet Hand Shower for Bath Shower Faucets"}]},{"@type":"WebSite","@id":"https:\/\/www.yoroow.com\/es\/#website","url":"https:\/\/www.yoroow.com\/es\/","name":"YOROOW","description":"","publisher":{"@id":"https:\/\/www.yoroow.com\/es\/#organization"},"potentialAction":[{"@type":"SearchAction","target":{"@type":"EntryPoint","urlTemplate":"https:\/\/www.yoroow.com\/es\/?s={search_term_string}"},"query-input":{"@type":"PropertyValueSpecification","valueRequired":true,"valueName":"search_term_string"}}],"inLanguage":"es"},{"@type":"Organization","@id":"https:\/\/www.yoroow.com\/es\/#organization","name":"YOROOW","url":"https:\/\/www.yoroow.com\/es\/","logo":{"@type":"ImageObject","inLanguage":"es","@id":"https:\/\/www.yoroow.com\/es\/#\/schema\/logo\/image\/","url":"https:\/\/www.yoroow.com\/wp-content\/uploads\/2024\/12\/2024123007131061.png","contentUrl":"https:\/\/www.yoroow.com\/wp-content\/uploads\/2024\/12\/2024123007131061.png","width":168,"height":27,"caption":"YOROOW"},"image":{"@id":"https:\/\/www.yoroow.com\/es\/#\/schema\/logo\/image\/"},"sameAs":["https:\/\/www.facebook.com\/people\/yoroowfaucetfactory\/61564236752362\/"]}]}},"_links":{"self":[{"href":"https:\/\/www.yoroow.com\/es\/wp-json\/wp\/v2\/product\/14733","targetHints":{"allow":["GET"]}}],"collection":[{"href":"https:\/\/www.yoroow.com\/es\/wp-json\/wp\/v2\/product"}],"about":[{"href":"https:\/\/www.yoroow.com\/es\/wp-json\/wp\/v2\/types\/product"}],"wp:featuredmedia":[{"embeddable":true,"href":"https:\/\/www.yoroow.com\/es\/wp-json\/wp\/v2\/media\/14739"}],"wp:attachment":[{"href":"https:\/\/www.yoroow.com\/es\/wp-json\/wp\/v2\/media?parent=14733"}],"wp:term":[{"taxonomy":"product_brand","embeddable":true,"href":"https:\/\/www.yoroow.com\/es\/wp-json\/wp\/v2\/product_brand?post=14733"},{"taxonomy":"product_cat","embeddable":true,"href":"https:\/\/www.yoroow.com\/es\/wp-json\/wp\/v2\/product_cat?post=14733"},{"taxonomy":"product_tag","embeddable":true,"href":"https:\/\/www.yoroow.com\/es\/wp-json\/wp\/v2\/product_tag?post=14733"}],"curies":[{"name":"wp","href":"https:\/\/api.w.org\/{rel}","templated":true}]}}