{"id":14391,"date":"2025-03-07T14:46:04","date_gmt":"2025-03-07T06:46:04","guid":{"rendered":"https:\/\/www.yoroow.com\/?post_type=product&#038;p=14391"},"modified":"2025-05-16T09:46:21","modified_gmt":"2025-05-16T01:46:21","slug":"fabricante-multifuncional-shattaf-spray-sanitario-autolimpiante-bide-de-mano-venta-caliente-bide-de-mano-multifuncional","status":"publish","type":"product","link":"https:\/\/www.yoroow.com\/es\/detalle-del-producto\/fabricante-multifuncional-shattaf-spray-sanitario-autolimpiante-bide-de-mano-venta-caliente-bide-de-mano-multifuncional\/","title":{"rendered":"Venta caliente grado comercial multifuncional mano bid\u00e9 econ\u00f3mico solo agua fr\u00eda Shattaf art\u00edculos sanitarios limpieza caracter\u00edstica"},"content":{"rendered":"<p>Este rociador de bid\u00e9 manual multifuncional est\u00e1 dise\u00f1ado para una limpieza eficaz e higi\u00e9nica del inodoro. Fabricado con materiales duraderos, ofrece un excelente control de la presi\u00f3n del agua y un \u00e1ngulo de rociado c\u00f3modo para los usuarios. El dise\u00f1o de un solo chorro de agua fr\u00eda lo convierte en una opci\u00f3n econ\u00f3mica para aplicaciones comerciales y residenciales. Su dise\u00f1o compacto y ergon\u00f3mico es perfecto para ba\u00f1os modernos de hoteles, apartamentos y hogares. La f\u00e1brica de YOROOW ofrece una fabricaci\u00f3n de alta calidad a precios competitivos, lo que la convierte en una excelente opci\u00f3n para la exportaci\u00f3n a Sudam\u00e9rica y el Sudeste Asi\u00e1tico, donde los productos de bid\u00e9 son cada vez m\u00e1s demandados.<\/p>","protected":false},"excerpt":{"rendered":"<p>This multifunctional hand bidet sprayer is designed for efficient and hygienic toilet cleaning. Made from durable materials, it offers excellent water pressure control and a comfortable spray angle for users. The single cold water design makes it an economical choice for commercial and residential applications. Its compact and ergonomic design is perfect for modern bathrooms&#8230;<\/p>","protected":false},"featured_media":14396,"template":"","meta":{"_acf_changed":false,"_kad_post_transparent":"default","_kad_post_title":"","_kad_post_layout":"default","_kad_post_sidebar_id":"","_kad_post_content_style":"default","_kad_post_vertical_padding":"default","_kad_post_feature":"","_kad_post_feature_position":"","_kad_post_header":false,"_kad_post_footer":false},"product_brand":[],"product_cat":[132],"product_tag":[3637,3668],"class_list":{"0":"post-14391","1":"product","2":"type-product","3":"status-publish","4":"has-post-thumbnail","6":"product_cat-bidet-sprayer","7":"product_tag-commercial-grade-bidet-sprayer","8":"product_tag-economical-bidet-sprayer","10":"first","11":"instock","12":"shipping-taxable","13":"purchasable","14":"product-type-variable","15":"wvs-archive-product-wrapper","16":"entry","17":"content-bg","18":"loop-entry"},"acf":[],"yoast_head":"<!-- This site is optimized with the Yoast SEO Premium plugin v25.4 (Yoast SEO v27.0) - https:\/\/yoast.com\/product\/yoast-seo-premium-wordpress\/ -->\n<title>Hot Selling Commercial Grade Multifunctional Hand Bidet Economical Single Cold Water Shattaf Sanitary Ware Cleaning Feature - YOROOW<\/title>\n<meta name=\"description\" content=\"Commercial grade multifunctional hand bidet sprayer, economical single cold water shattaf for sanitary ware cleaning, durable and easy to install, manufactured by Chinese suppliers with export experience focusing on South America and Southeast Asia markets.\" \/>\n<meta name=\"robots\" content=\"index, follow, max-snippet:-1, max-image-preview:large, max-video-preview:-1\" \/>\n<link rel=\"canonical\" href=\"https:\/\/www.yoroow.com\/es\/detalle-del-producto\/fabricante-multifuncional-shattaf-spray-sanitario-autolimpiante-bide-de-mano-venta-caliente-bide-de-mano-multifuncional\/\" \/>\n<meta property=\"og:locale\" content=\"es_ES\" \/>\n<meta property=\"og:type\" content=\"article\" \/>\n<meta property=\"og:title\" content=\"Hot Selling Commercial Grade Multifunctional Hand Bidet Economical Single Cold Water Shattaf Sanitary Ware Cleaning Feature\" \/>\n<meta property=\"og:description\" content=\"Commercial grade multifunctional hand bidet sprayer, economical single cold water shattaf for sanitary ware cleaning, durable and easy to install, manufactured by Chinese suppliers with export experience focusing on South America and Southeast Asia markets.\" \/>\n<meta property=\"og:url\" content=\"https:\/\/www.yoroow.com\/es\/detalle-del-producto\/fabricante-multifuncional-shattaf-spray-sanitario-autolimpiante-bide-de-mano-venta-caliente-bide-de-mano-multifuncional\/\" \/>\n<meta property=\"og:site_name\" content=\"YOROOW\" \/>\n<meta property=\"article:publisher\" content=\"https:\/\/www.facebook.com\/people\/yoroowfaucetfactory\/61564236752362\/\" \/>\n<meta property=\"article:modified_time\" content=\"2025-05-16T01:46:21+00:00\" \/>\n<meta property=\"og:image\" content=\"https:\/\/www.yoroow.com\/wp-content\/uploads\/2025\/03\/03.jpg\" \/>\n\t<meta property=\"og:image:width\" content=\"765\" \/>\n\t<meta property=\"og:image:height\" content=\"765\" \/>\n\t<meta property=\"og:image:type\" content=\"image\/jpeg\" \/>\n<meta name=\"twitter:card\" content=\"summary_large_image\" \/>\n<meta name=\"twitter:label1\" content=\"Tiempo de lectura\" \/>\n\t<meta name=\"twitter:data1\" content=\"1 minuto\" \/>\n<script type=\"application\/ld+json\" class=\"yoast-schema-graph\">{\"@context\":\"https:\/\/schema.org\",\"@graph\":[{\"@type\":\"WebPage\",\"@id\":\"https:\/\/www.yoroow.com\/es\/detalle-del-producto\/fabricante-multifuncional-shattaf-spray-sanitario-autolimpiante-bide-de-mano-venta-caliente-bide-de-mano-multifuncional\/\",\"url\":\"https:\/\/www.yoroow.com\/es\/detalle-del-producto\/fabricante-multifuncional-shattaf-spray-sanitario-autolimpiante-bide-de-mano-venta-caliente-bide-de-mano-multifuncional\/\",\"name\":\"Hot Selling Commercial Grade Multifunctional Hand Bidet Economical Single Cold Water Shattaf Sanitary Ware Cleaning Feature - YOROOW\",\"isPartOf\":{\"@id\":\"https:\/\/www.yoroow.com\/es\/#website\"},\"primaryImageOfPage\":{\"@id\":\"https:\/\/www.yoroow.com\/es\/detalle-del-producto\/fabricante-multifuncional-shattaf-spray-sanitario-autolimpiante-bide-de-mano-venta-caliente-bide-de-mano-multifuncional\/#primaryimage\"},\"image\":{\"@id\":\"https:\/\/www.yoroow.com\/es\/detalle-del-producto\/fabricante-multifuncional-shattaf-spray-sanitario-autolimpiante-bide-de-mano-venta-caliente-bide-de-mano-multifuncional\/#primaryimage\"},\"thumbnailUrl\":\"https:\/\/www.yoroow.com\/wp-content\/uploads\/2025\/03\/03.jpg\",\"datePublished\":\"2025-03-07T06:46:04+00:00\",\"dateModified\":\"2025-05-16T01:46:21+00:00\",\"description\":\"Commercial grade multifunctional hand bidet sprayer, economical single cold water shattaf for sanitary ware cleaning, durable and easy to install, manufactured by Chinese suppliers with export experience focusing on South America and Southeast Asia markets.\",\"breadcrumb\":{\"@id\":\"https:\/\/www.yoroow.com\/es\/detalle-del-producto\/fabricante-multifuncional-shattaf-spray-sanitario-autolimpiante-bide-de-mano-venta-caliente-bide-de-mano-multifuncional\/#breadcrumb\"},\"inLanguage\":\"es\",\"potentialAction\":[{\"@type\":\"ReadAction\",\"target\":[\"https:\/\/www.yoroow.com\/es\/detalle-del-producto\/fabricante-multifuncional-shattaf-spray-sanitario-autolimpiante-bide-de-mano-venta-caliente-bide-de-mano-multifuncional\/\"]}]},{\"@type\":\"ImageObject\",\"inLanguage\":\"es\",\"@id\":\"https:\/\/www.yoroow.com\/es\/detalle-del-producto\/fabricante-multifuncional-shattaf-spray-sanitario-autolimpiante-bide-de-mano-venta-caliente-bide-de-mano-multifuncional\/#primaryimage\",\"url\":\"https:\/\/www.yoroow.com\/wp-content\/uploads\/2025\/03\/03.jpg\",\"contentUrl\":\"https:\/\/www.yoroow.com\/wp-content\/uploads\/2025\/03\/03.jpg\",\"width\":765,\"height\":765,\"caption\":\"Hot Selling Commercial Grade Multifunctional Hand Bidet Economical Single Cold Water Shattaf Sanitary Ware Cleaning Feature\"},{\"@type\":\"BreadcrumbList\",\"@id\":\"https:\/\/www.yoroow.com\/es\/detalle-del-producto\/fabricante-multifuncional-shattaf-spray-sanitario-autolimpiante-bide-de-mano-venta-caliente-bide-de-mano-multifuncional\/#breadcrumb\",\"itemListElement\":[{\"@type\":\"ListItem\",\"position\":1,\"name\":\"home\",\"item\":\"https:\/\/www.yoroow.com\/\"},{\"@type\":\"ListItem\",\"position\":2,\"name\":\"Product\",\"item\":\"https:\/\/www.yoroow.com\/product\/\"},{\"@type\":\"ListItem\",\"position\":3,\"name\":\"Hot Selling Commercial Grade Multifunctional Hand Bidet Economical Single Cold Water Shattaf Sanitary Ware Cleaning Feature\"}]},{\"@type\":\"WebSite\",\"@id\":\"https:\/\/www.yoroow.com\/es\/#website\",\"url\":\"https:\/\/www.yoroow.com\/es\/\",\"name\":\"YOROOW\",\"description\":\"\",\"publisher\":{\"@id\":\"https:\/\/www.yoroow.com\/es\/#organization\"},\"potentialAction\":[{\"@type\":\"SearchAction\",\"target\":{\"@type\":\"EntryPoint\",\"urlTemplate\":\"https:\/\/www.yoroow.com\/es\/?s={search_term_string}\"},\"query-input\":{\"@type\":\"PropertyValueSpecification\",\"valueRequired\":true,\"valueName\":\"search_term_string\"}}],\"inLanguage\":\"es\"},{\"@type\":\"Organization\",\"@id\":\"https:\/\/www.yoroow.com\/es\/#organization\",\"name\":\"YOROOW\",\"url\":\"https:\/\/www.yoroow.com\/es\/\",\"logo\":{\"@type\":\"ImageObject\",\"inLanguage\":\"es\",\"@id\":\"https:\/\/www.yoroow.com\/es\/#\/schema\/logo\/image\/\",\"url\":\"https:\/\/www.yoroow.com\/wp-content\/uploads\/2024\/12\/2024123007131061.png\",\"contentUrl\":\"https:\/\/www.yoroow.com\/wp-content\/uploads\/2024\/12\/2024123007131061.png\",\"width\":168,\"height\":27,\"caption\":\"YOROOW\"},\"image\":{\"@id\":\"https:\/\/www.yoroow.com\/es\/#\/schema\/logo\/image\/\"},\"sameAs\":[\"https:\/\/www.facebook.com\/people\/yoroowfaucetfactory\/61564236752362\/\"]}]}<\/script>\n<!-- \/ Yoast SEO Premium plugin. -->","yoast_head_json":{"title":"Hot Selling Commercial Grade Multifunctional Hand Bidet Economical Single Cold Water Shattaf Sanitary Ware Cleaning Feature - YOROOW","description":"Commercial grade multifunctional hand bidet sprayer, economical single cold water shattaf for sanitary ware cleaning, durable and easy to install, manufactured by Chinese suppliers with export experience focusing on South America and Southeast Asia markets.","robots":{"index":"index","follow":"follow","max-snippet":"max-snippet:-1","max-image-preview":"max-image-preview:large","max-video-preview":"max-video-preview:-1"},"canonical":"https:\/\/www.yoroow.com\/es\/detalle-del-producto\/fabricante-multifuncional-shattaf-spray-sanitario-autolimpiante-bide-de-mano-venta-caliente-bide-de-mano-multifuncional\/","og_locale":"es_ES","og_type":"article","og_title":"Hot Selling Commercial Grade Multifunctional Hand Bidet Economical Single Cold Water Shattaf Sanitary Ware Cleaning Feature","og_description":"Commercial grade multifunctional hand bidet sprayer, economical single cold water shattaf for sanitary ware cleaning, durable and easy to install, manufactured by Chinese suppliers with export experience focusing on South America and Southeast Asia markets.","og_url":"https:\/\/www.yoroow.com\/es\/detalle-del-producto\/fabricante-multifuncional-shattaf-spray-sanitario-autolimpiante-bide-de-mano-venta-caliente-bide-de-mano-multifuncional\/","og_site_name":"YOROOW","article_publisher":"https:\/\/www.facebook.com\/people\/yoroowfaucetfactory\/61564236752362\/","article_modified_time":"2025-05-16T01:46:21+00:00","og_image":[{"width":765,"height":765,"url":"https:\/\/www.yoroow.com\/wp-content\/uploads\/2025\/03\/03.jpg","type":"image\/jpeg"}],"twitter_card":"summary_large_image","twitter_misc":{"Tiempo de lectura":"1 minuto"},"schema":{"@context":"https:\/\/schema.org","@graph":[{"@type":"WebPage","@id":"https:\/\/www.yoroow.com\/es\/detalle-del-producto\/fabricante-multifuncional-shattaf-spray-sanitario-autolimpiante-bide-de-mano-venta-caliente-bide-de-mano-multifuncional\/","url":"https:\/\/www.yoroow.com\/es\/detalle-del-producto\/fabricante-multifuncional-shattaf-spray-sanitario-autolimpiante-bide-de-mano-venta-caliente-bide-de-mano-multifuncional\/","name":"Hot Selling Commercial Grade Multifunctional Hand Bidet Economical Single Cold Water Shattaf Sanitary Ware Cleaning Feature - YOROOW","isPartOf":{"@id":"https:\/\/www.yoroow.com\/es\/#website"},"primaryImageOfPage":{"@id":"https:\/\/www.yoroow.com\/es\/detalle-del-producto\/fabricante-multifuncional-shattaf-spray-sanitario-autolimpiante-bide-de-mano-venta-caliente-bide-de-mano-multifuncional\/#primaryimage"},"image":{"@id":"https:\/\/www.yoroow.com\/es\/detalle-del-producto\/fabricante-multifuncional-shattaf-spray-sanitario-autolimpiante-bide-de-mano-venta-caliente-bide-de-mano-multifuncional\/#primaryimage"},"thumbnailUrl":"https:\/\/www.yoroow.com\/wp-content\/uploads\/2025\/03\/03.jpg","datePublished":"2025-03-07T06:46:04+00:00","dateModified":"2025-05-16T01:46:21+00:00","description":"Commercial grade multifunctional hand bidet sprayer, economical single cold water shattaf for sanitary ware cleaning, durable and easy to install, manufactured by Chinese suppliers with export experience focusing on South America and Southeast Asia markets.","breadcrumb":{"@id":"https:\/\/www.yoroow.com\/es\/detalle-del-producto\/fabricante-multifuncional-shattaf-spray-sanitario-autolimpiante-bide-de-mano-venta-caliente-bide-de-mano-multifuncional\/#breadcrumb"},"inLanguage":"es","potentialAction":[{"@type":"ReadAction","target":["https:\/\/www.yoroow.com\/es\/detalle-del-producto\/fabricante-multifuncional-shattaf-spray-sanitario-autolimpiante-bide-de-mano-venta-caliente-bide-de-mano-multifuncional\/"]}]},{"@type":"ImageObject","inLanguage":"es","@id":"https:\/\/www.yoroow.com\/es\/detalle-del-producto\/fabricante-multifuncional-shattaf-spray-sanitario-autolimpiante-bide-de-mano-venta-caliente-bide-de-mano-multifuncional\/#primaryimage","url":"https:\/\/www.yoroow.com\/wp-content\/uploads\/2025\/03\/03.jpg","contentUrl":"https:\/\/www.yoroow.com\/wp-content\/uploads\/2025\/03\/03.jpg","width":765,"height":765,"caption":"Hot Selling Commercial Grade Multifunctional Hand Bidet Economical Single Cold Water Shattaf Sanitary Ware Cleaning Feature"},{"@type":"BreadcrumbList","@id":"https:\/\/www.yoroow.com\/es\/detalle-del-producto\/fabricante-multifuncional-shattaf-spray-sanitario-autolimpiante-bide-de-mano-venta-caliente-bide-de-mano-multifuncional\/#breadcrumb","itemListElement":[{"@type":"ListItem","position":1,"name":"home","item":"https:\/\/www.yoroow.com\/"},{"@type":"ListItem","position":2,"name":"Product","item":"https:\/\/www.yoroow.com\/product\/"},{"@type":"ListItem","position":3,"name":"Hot Selling Commercial Grade Multifunctional Hand Bidet Economical Single Cold Water Shattaf Sanitary Ware Cleaning Feature"}]},{"@type":"WebSite","@id":"https:\/\/www.yoroow.com\/es\/#website","url":"https:\/\/www.yoroow.com\/es\/","name":"YOROOW","description":"","publisher":{"@id":"https:\/\/www.yoroow.com\/es\/#organization"},"potentialAction":[{"@type":"SearchAction","target":{"@type":"EntryPoint","urlTemplate":"https:\/\/www.yoroow.com\/es\/?s={search_term_string}"},"query-input":{"@type":"PropertyValueSpecification","valueRequired":true,"valueName":"search_term_string"}}],"inLanguage":"es"},{"@type":"Organization","@id":"https:\/\/www.yoroow.com\/es\/#organization","name":"YOROOW","url":"https:\/\/www.yoroow.com\/es\/","logo":{"@type":"ImageObject","inLanguage":"es","@id":"https:\/\/www.yoroow.com\/es\/#\/schema\/logo\/image\/","url":"https:\/\/www.yoroow.com\/wp-content\/uploads\/2024\/12\/2024123007131061.png","contentUrl":"https:\/\/www.yoroow.com\/wp-content\/uploads\/2024\/12\/2024123007131061.png","width":168,"height":27,"caption":"YOROOW"},"image":{"@id":"https:\/\/www.yoroow.com\/es\/#\/schema\/logo\/image\/"},"sameAs":["https:\/\/www.facebook.com\/people\/yoroowfaucetfactory\/61564236752362\/"]}]}},"_links":{"self":[{"href":"https:\/\/www.yoroow.com\/es\/wp-json\/wp\/v2\/product\/14391","targetHints":{"allow":["GET"]}}],"collection":[{"href":"https:\/\/www.yoroow.com\/es\/wp-json\/wp\/v2\/product"}],"about":[{"href":"https:\/\/www.yoroow.com\/es\/wp-json\/wp\/v2\/types\/product"}],"wp:featuredmedia":[{"embeddable":true,"href":"https:\/\/www.yoroow.com\/es\/wp-json\/wp\/v2\/media\/14396"}],"wp:attachment":[{"href":"https:\/\/www.yoroow.com\/es\/wp-json\/wp\/v2\/media?parent=14391"}],"wp:term":[{"taxonomy":"product_brand","embeddable":true,"href":"https:\/\/www.yoroow.com\/es\/wp-json\/wp\/v2\/product_brand?post=14391"},{"taxonomy":"product_cat","embeddable":true,"href":"https:\/\/www.yoroow.com\/es\/wp-json\/wp\/v2\/product_cat?post=14391"},{"taxonomy":"product_tag","embeddable":true,"href":"https:\/\/www.yoroow.com\/es\/wp-json\/wp\/v2\/product_tag?post=14391"}],"curies":[{"name":"wp","href":"https:\/\/api.w.org\/{rel}","templated":true}]}}