{"id":14225,"date":"2025-03-06T14:18:26","date_gmt":"2025-03-06T06:18:26","guid":{"rendered":"https:\/\/www.yoroow.com\/?post_type=product&#038;p=14225"},"modified":"2025-05-16T09:46:17","modified_gmt":"2025-05-16T01:46:17","slug":"grifo-de-bano-de-pared-de-alta-calidad-grifo-de-lavabo-de-acero-inoxidable-de-un-solo-frio","status":"publish","type":"product","link":"https:\/\/www.yoroow.com\/es\/detalle-del-producto\/grifo-de-bano-de-pared-de-alta-calidad-grifo-de-lavabo-de-acero-inoxidable-de-un-solo-frio\/","title":{"rendered":"Alta calidad moderno acero inoxidable solo fr\u00edo agua lavabo grifo montaje en pared moderno ba\u00f1o grifo"},"content":{"rendered":"<p>Con un dise\u00f1o minimalista, este moderno grifo de lavabo de acero inoxidable se monta en la pared para ahorrar espacio y facilitar la instalaci\u00f3n. Fabricado en acero inoxidable resistente, garantiza un rendimiento duradero y es perfecto para cuartos de ba\u00f1o contempor\u00e1neos. El dise\u00f1o de una sola agua fr\u00eda ofrece un uso sencillo, por lo que es ideal para diversas aplicaciones residenciales y comerciales. La f\u00e1brica de YOROOW ofrece una fabricaci\u00f3n de alta calidad a precios competitivos, adaptada para la exportaci\u00f3n a granel a Sudam\u00e9rica y el Sudeste Asi\u00e1tico. Los clientes de estas regiones se benefician del control de costes, las soluciones personalizadas y los plazos de entrega fiables de la f\u00e1brica.<\/p>","protected":false},"excerpt":{"rendered":"<p>Featuring a minimalist design, this modern stainless steel basin faucet is wall-mounted for space-saving efficiency and easy installation. Made from durable stainless steel, it ensures long-lasting performance and is perfect for contemporary bathroom settings. The single cold water design offers straightforward use, making it ideal for various residential and commercial applications. YOROOW\u2019s factory provides high-quality\u2026<\/p>","protected":false},"featured_media":14226,"template":"","meta":{"_acf_changed":false,"_kad_post_transparent":"default","_kad_post_title":"","_kad_post_layout":"default","_kad_post_sidebar_id":"","_kad_post_content_style":"default","_kad_post_vertical_padding":"default","_kad_post_feature":"","_kad_post_feature_position":"","_kad_post_header":false,"_kad_post_footer":false},"product_brand":[],"product_cat":[219],"product_tag":[3390,5915],"class_list":{"0":"post-14225","1":"product","2":"type-product","3":"status-publish","4":"has-post-thumbnail","6":"product_cat-single-cold-basin-faucet","7":"product_tag-modern-bathroom-faucet","8":"product_tag-single-cold-water-basin-sink-faucet","10":"first","11":"instock","12":"shipping-taxable","13":"purchasable","14":"product-type-variable","15":"wvs-archive-product-wrapper","16":"entry","17":"content-bg","18":"loop-entry"},"acf":[],"yoast_head":"<!-- This site is optimized with the Yoast SEO Premium plugin v25.4 (Yoast SEO v27.0) - https:\/\/yoast.com\/product\/yoast-seo-premium-wordpress\/ -->\n<title>High Quality Modern Stainless Steel Single Cold Water Basin Faucet Wall Mount Modern Bathroom Faucet - YOROOW<\/title>\n<meta name=\"description\" content=\"Modern stainless steel single cold water basin faucet, wall-mounted for contemporary bathroom settings, offering corrosion resistance and easy maintenance, made by Chinese factories with quality assurance and competitive export prices targeting South America and Southeast Asia.\" \/>\n<meta name=\"robots\" content=\"index, follow, max-snippet:-1, max-image-preview:large, max-video-preview:-1\" \/>\n<link rel=\"canonical\" href=\"https:\/\/www.yoroow.com\/es\/detalle-del-producto\/grifo-de-bano-de-pared-de-alta-calidad-grifo-de-lavabo-de-acero-inoxidable-de-un-solo-frio\/\" \/>\n<meta property=\"og:locale\" content=\"es_ES\" \/>\n<meta property=\"og:type\" content=\"article\" \/>\n<meta property=\"og:title\" content=\"High Quality Modern Stainless Steel Single Cold Water Basin Faucet Wall Mount Modern Bathroom Faucet\" \/>\n<meta property=\"og:description\" content=\"Modern stainless steel single cold water basin faucet, wall-mounted for contemporary bathroom settings, offering corrosion resistance and easy maintenance, made by Chinese factories with quality assurance and competitive export prices targeting South America and Southeast Asia.\" \/>\n<meta property=\"og:url\" content=\"https:\/\/www.yoroow.com\/es\/detalle-del-producto\/grifo-de-bano-de-pared-de-alta-calidad-grifo-de-lavabo-de-acero-inoxidable-de-un-solo-frio\/\" \/>\n<meta property=\"og:site_name\" content=\"YOROOW\" \/>\n<meta property=\"article:publisher\" content=\"https:\/\/www.facebook.com\/people\/yoroowfaucetfactory\/61564236752362\/\" \/>\n<meta property=\"article:modified_time\" content=\"2025-05-16T01:46:17+00:00\" \/>\n<meta property=\"og:image\" content=\"https:\/\/www.yoroow.com\/wp-content\/uploads\/2025\/03\/3.jpg\" \/>\n\t<meta property=\"og:image:width\" content=\"800\" \/>\n\t<meta property=\"og:image:height\" content=\"800\" \/>\n\t<meta property=\"og:image:type\" content=\"image\/jpeg\" \/>\n<meta name=\"twitter:card\" content=\"summary_large_image\" \/>\n<meta name=\"twitter:label1\" content=\"Tiempo de lectura\" \/>\n\t<meta name=\"twitter:data1\" content=\"1 minuto\" \/>\n<script type=\"application\/ld+json\" class=\"yoast-schema-graph\">{\"@context\":\"https:\/\/schema.org\",\"@graph\":[{\"@type\":\"WebPage\",\"@id\":\"https:\/\/www.yoroow.com\/es\/detalle-del-producto\/grifo-de-bano-de-pared-de-alta-calidad-grifo-de-lavabo-de-acero-inoxidable-de-un-solo-frio\/\",\"url\":\"https:\/\/www.yoroow.com\/es\/detalle-del-producto\/grifo-de-bano-de-pared-de-alta-calidad-grifo-de-lavabo-de-acero-inoxidable-de-un-solo-frio\/\",\"name\":\"High Quality Modern Stainless Steel Single Cold Water Basin Faucet Wall Mount Modern Bathroom Faucet - YOROOW\",\"isPartOf\":{\"@id\":\"https:\/\/www.yoroow.com\/es\/#website\"},\"primaryImageOfPage\":{\"@id\":\"https:\/\/www.yoroow.com\/es\/detalle-del-producto\/grifo-de-bano-de-pared-de-alta-calidad-grifo-de-lavabo-de-acero-inoxidable-de-un-solo-frio\/#primaryimage\"},\"image\":{\"@id\":\"https:\/\/www.yoroow.com\/es\/detalle-del-producto\/grifo-de-bano-de-pared-de-alta-calidad-grifo-de-lavabo-de-acero-inoxidable-de-un-solo-frio\/#primaryimage\"},\"thumbnailUrl\":\"https:\/\/www.yoroow.com\/wp-content\/uploads\/2025\/03\/3.jpg\",\"datePublished\":\"2025-03-06T06:18:26+00:00\",\"dateModified\":\"2025-05-16T01:46:17+00:00\",\"description\":\"Modern stainless steel single cold water basin faucet, wall-mounted for contemporary bathroom settings, offering corrosion resistance and easy maintenance, made by Chinese factories with quality assurance and competitive export prices targeting South America and Southeast Asia.\",\"breadcrumb\":{\"@id\":\"https:\/\/www.yoroow.com\/es\/detalle-del-producto\/grifo-de-bano-de-pared-de-alta-calidad-grifo-de-lavabo-de-acero-inoxidable-de-un-solo-frio\/#breadcrumb\"},\"inLanguage\":\"es\",\"potentialAction\":[{\"@type\":\"ReadAction\",\"target\":[\"https:\/\/www.yoroow.com\/es\/detalle-del-producto\/grifo-de-bano-de-pared-de-alta-calidad-grifo-de-lavabo-de-acero-inoxidable-de-un-solo-frio\/\"]}]},{\"@type\":\"ImageObject\",\"inLanguage\":\"es\",\"@id\":\"https:\/\/www.yoroow.com\/es\/detalle-del-producto\/grifo-de-bano-de-pared-de-alta-calidad-grifo-de-lavabo-de-acero-inoxidable-de-un-solo-frio\/#primaryimage\",\"url\":\"https:\/\/www.yoroow.com\/wp-content\/uploads\/2025\/03\/3.jpg\",\"contentUrl\":\"https:\/\/www.yoroow.com\/wp-content\/uploads\/2025\/03\/3.jpg\",\"width\":800,\"height\":800,\"caption\":\"High Quality Modern Stainless Steel Single Cold Water Basin Faucet Wall Mount Modern Bathroom Faucet\"},{\"@type\":\"BreadcrumbList\",\"@id\":\"https:\/\/www.yoroow.com\/es\/detalle-del-producto\/grifo-de-bano-de-pared-de-alta-calidad-grifo-de-lavabo-de-acero-inoxidable-de-un-solo-frio\/#breadcrumb\",\"itemListElement\":[{\"@type\":\"ListItem\",\"position\":1,\"name\":\"home\",\"item\":\"https:\/\/www.yoroow.com\/\"},{\"@type\":\"ListItem\",\"position\":2,\"name\":\"Product\",\"item\":\"https:\/\/www.yoroow.com\/product\/\"},{\"@type\":\"ListItem\",\"position\":3,\"name\":\"High Quality Modern Stainless Steel Single Cold Water Basin Faucet Wall Mount Modern Bathroom Faucet\"}]},{\"@type\":\"WebSite\",\"@id\":\"https:\/\/www.yoroow.com\/es\/#website\",\"url\":\"https:\/\/www.yoroow.com\/es\/\",\"name\":\"YOROOW\",\"description\":\"\",\"publisher\":{\"@id\":\"https:\/\/www.yoroow.com\/es\/#organization\"},\"potentialAction\":[{\"@type\":\"SearchAction\",\"target\":{\"@type\":\"EntryPoint\",\"urlTemplate\":\"https:\/\/www.yoroow.com\/es\/?s={search_term_string}\"},\"query-input\":{\"@type\":\"PropertyValueSpecification\",\"valueRequired\":true,\"valueName\":\"search_term_string\"}}],\"inLanguage\":\"es\"},{\"@type\":\"Organization\",\"@id\":\"https:\/\/www.yoroow.com\/es\/#organization\",\"name\":\"YOROOW\",\"url\":\"https:\/\/www.yoroow.com\/es\/\",\"logo\":{\"@type\":\"ImageObject\",\"inLanguage\":\"es\",\"@id\":\"https:\/\/www.yoroow.com\/es\/#\/schema\/logo\/image\/\",\"url\":\"https:\/\/www.yoroow.com\/wp-content\/uploads\/2024\/12\/2024123007131061.png\",\"contentUrl\":\"https:\/\/www.yoroow.com\/wp-content\/uploads\/2024\/12\/2024123007131061.png\",\"width\":168,\"height\":27,\"caption\":\"YOROOW\"},\"image\":{\"@id\":\"https:\/\/www.yoroow.com\/es\/#\/schema\/logo\/image\/\"},\"sameAs\":[\"https:\/\/www.facebook.com\/people\/yoroowfaucetfactory\/61564236752362\/\"]}]}<\/script>\n<!-- \/ Yoast SEO Premium plugin. -->","yoast_head_json":{"title":"High Quality Modern Stainless Steel Single Cold Water Basin Faucet Wall Mount Modern Bathroom Faucet - YOROOW","description":"Modern stainless steel single cold water basin faucet, wall-mounted for contemporary bathroom settings, offering corrosion resistance and easy maintenance, made by Chinese factories with quality assurance and competitive export prices targeting South America and Southeast Asia.","robots":{"index":"index","follow":"follow","max-snippet":"max-snippet:-1","max-image-preview":"max-image-preview:large","max-video-preview":"max-video-preview:-1"},"canonical":"https:\/\/www.yoroow.com\/es\/detalle-del-producto\/grifo-de-bano-de-pared-de-alta-calidad-grifo-de-lavabo-de-acero-inoxidable-de-un-solo-frio\/","og_locale":"es_ES","og_type":"article","og_title":"High Quality Modern Stainless Steel Single Cold Water Basin Faucet Wall Mount Modern Bathroom Faucet","og_description":"Modern stainless steel single cold water basin faucet, wall-mounted for contemporary bathroom settings, offering corrosion resistance and easy maintenance, made by Chinese factories with quality assurance and competitive export prices targeting South America and Southeast Asia.","og_url":"https:\/\/www.yoroow.com\/es\/detalle-del-producto\/grifo-de-bano-de-pared-de-alta-calidad-grifo-de-lavabo-de-acero-inoxidable-de-un-solo-frio\/","og_site_name":"YOROOW","article_publisher":"https:\/\/www.facebook.com\/people\/yoroowfaucetfactory\/61564236752362\/","article_modified_time":"2025-05-16T01:46:17+00:00","og_image":[{"width":800,"height":800,"url":"https:\/\/www.yoroow.com\/wp-content\/uploads\/2025\/03\/3.jpg","type":"image\/jpeg"}],"twitter_card":"summary_large_image","twitter_misc":{"Tiempo de lectura":"1 minuto"},"schema":{"@context":"https:\/\/schema.org","@graph":[{"@type":"WebPage","@id":"https:\/\/www.yoroow.com\/es\/detalle-del-producto\/grifo-de-bano-de-pared-de-alta-calidad-grifo-de-lavabo-de-acero-inoxidable-de-un-solo-frio\/","url":"https:\/\/www.yoroow.com\/es\/detalle-del-producto\/grifo-de-bano-de-pared-de-alta-calidad-grifo-de-lavabo-de-acero-inoxidable-de-un-solo-frio\/","name":"High Quality Modern Stainless Steel Single Cold Water Basin Faucet Wall Mount Modern Bathroom Faucet - YOROOW","isPartOf":{"@id":"https:\/\/www.yoroow.com\/es\/#website"},"primaryImageOfPage":{"@id":"https:\/\/www.yoroow.com\/es\/detalle-del-producto\/grifo-de-bano-de-pared-de-alta-calidad-grifo-de-lavabo-de-acero-inoxidable-de-un-solo-frio\/#primaryimage"},"image":{"@id":"https:\/\/www.yoroow.com\/es\/detalle-del-producto\/grifo-de-bano-de-pared-de-alta-calidad-grifo-de-lavabo-de-acero-inoxidable-de-un-solo-frio\/#primaryimage"},"thumbnailUrl":"https:\/\/www.yoroow.com\/wp-content\/uploads\/2025\/03\/3.jpg","datePublished":"2025-03-06T06:18:26+00:00","dateModified":"2025-05-16T01:46:17+00:00","description":"Modern stainless steel single cold water basin faucet, wall-mounted for contemporary bathroom settings, offering corrosion resistance and easy maintenance, made by Chinese factories with quality assurance and competitive export prices targeting South America and Southeast Asia.","breadcrumb":{"@id":"https:\/\/www.yoroow.com\/es\/detalle-del-producto\/grifo-de-bano-de-pared-de-alta-calidad-grifo-de-lavabo-de-acero-inoxidable-de-un-solo-frio\/#breadcrumb"},"inLanguage":"es","potentialAction":[{"@type":"ReadAction","target":["https:\/\/www.yoroow.com\/es\/detalle-del-producto\/grifo-de-bano-de-pared-de-alta-calidad-grifo-de-lavabo-de-acero-inoxidable-de-un-solo-frio\/"]}]},{"@type":"ImageObject","inLanguage":"es","@id":"https:\/\/www.yoroow.com\/es\/detalle-del-producto\/grifo-de-bano-de-pared-de-alta-calidad-grifo-de-lavabo-de-acero-inoxidable-de-un-solo-frio\/#primaryimage","url":"https:\/\/www.yoroow.com\/wp-content\/uploads\/2025\/03\/3.jpg","contentUrl":"https:\/\/www.yoroow.com\/wp-content\/uploads\/2025\/03\/3.jpg","width":800,"height":800,"caption":"High Quality Modern Stainless Steel Single Cold Water Basin Faucet Wall Mount Modern Bathroom Faucet"},{"@type":"BreadcrumbList","@id":"https:\/\/www.yoroow.com\/es\/detalle-del-producto\/grifo-de-bano-de-pared-de-alta-calidad-grifo-de-lavabo-de-acero-inoxidable-de-un-solo-frio\/#breadcrumb","itemListElement":[{"@type":"ListItem","position":1,"name":"home","item":"https:\/\/www.yoroow.com\/"},{"@type":"ListItem","position":2,"name":"Product","item":"https:\/\/www.yoroow.com\/product\/"},{"@type":"ListItem","position":3,"name":"High Quality Modern Stainless Steel Single Cold Water Basin Faucet Wall Mount Modern Bathroom Faucet"}]},{"@type":"WebSite","@id":"https:\/\/www.yoroow.com\/es\/#website","url":"https:\/\/www.yoroow.com\/es\/","name":"YOROOW","description":"","publisher":{"@id":"https:\/\/www.yoroow.com\/es\/#organization"},"potentialAction":[{"@type":"SearchAction","target":{"@type":"EntryPoint","urlTemplate":"https:\/\/www.yoroow.com\/es\/?s={search_term_string}"},"query-input":{"@type":"PropertyValueSpecification","valueRequired":true,"valueName":"search_term_string"}}],"inLanguage":"es"},{"@type":"Organization","@id":"https:\/\/www.yoroow.com\/es\/#organization","name":"YOROOW","url":"https:\/\/www.yoroow.com\/es\/","logo":{"@type":"ImageObject","inLanguage":"es","@id":"https:\/\/www.yoroow.com\/es\/#\/schema\/logo\/image\/","url":"https:\/\/www.yoroow.com\/wp-content\/uploads\/2024\/12\/2024123007131061.png","contentUrl":"https:\/\/www.yoroow.com\/wp-content\/uploads\/2024\/12\/2024123007131061.png","width":168,"height":27,"caption":"YOROOW"},"image":{"@id":"https:\/\/www.yoroow.com\/es\/#\/schema\/logo\/image\/"},"sameAs":["https:\/\/www.facebook.com\/people\/yoroowfaucetfactory\/61564236752362\/"]}]}},"_links":{"self":[{"href":"https:\/\/www.yoroow.com\/es\/wp-json\/wp\/v2\/product\/14225","targetHints":{"allow":["GET"]}}],"collection":[{"href":"https:\/\/www.yoroow.com\/es\/wp-json\/wp\/v2\/product"}],"about":[{"href":"https:\/\/www.yoroow.com\/es\/wp-json\/wp\/v2\/types\/product"}],"wp:featuredmedia":[{"embeddable":true,"href":"https:\/\/www.yoroow.com\/es\/wp-json\/wp\/v2\/media\/14226"}],"wp:attachment":[{"href":"https:\/\/www.yoroow.com\/es\/wp-json\/wp\/v2\/media?parent=14225"}],"wp:term":[{"taxonomy":"product_brand","embeddable":true,"href":"https:\/\/www.yoroow.com\/es\/wp-json\/wp\/v2\/product_brand?post=14225"},{"taxonomy":"product_cat","embeddable":true,"href":"https:\/\/www.yoroow.com\/es\/wp-json\/wp\/v2\/product_cat?post=14225"},{"taxonomy":"product_tag","embeddable":true,"href":"https:\/\/www.yoroow.com\/es\/wp-json\/wp\/v2\/product_tag?post=14225"}],"curies":[{"name":"wp","href":"https:\/\/api.w.org\/{rel}","templated":true}]}}