{"id":13553,"date":"2025-02-28T17:32:11","date_gmt":"2025-02-28T09:32:11","guid":{"rendered":"https:\/\/www.yoroow.com\/?post_type=product&#038;p=13553"},"modified":"2025-05-16T09:45:32","modified_gmt":"2025-05-16T01:45:32","slug":"grifo-de-pared-de-agua-fria-de-alta-calidad-y-diseno-moderno-grifo-de-ahorro-de-zinc-de-apertura-rapida-para-lavadoras-de-hotel","status":"publish","type":"product","link":"https:\/\/www.yoroow.com\/es\/detalle-del-producto\/grifo-de-pared-de-agua-fria-de-alta-calidad-y-diseno-moderno-grifo-de-ahorro-de-zinc-de-apertura-rapida-para-lavadoras-de-hotel\/","title":{"rendered":"Alta Calidad Dise\u00f1o Moderno Grifo de Pared de Agua Fr\u00eda de Apertura R\u00e1pida Grifo de Ahorro de Zinc para Hotel y Hogar para Lavadoras de Jard\u00edn"},"content":{"rendered":"<p>Este grifo mural de alta calidad est\u00e1 dise\u00f1ado tanto para uso hotelero como dom\u00e9stico, y ofrece la funci\u00f3n de apertura r\u00e1pida para ahorrar agua y mejorar la comodidad. Su cuerpo de zinc duradero y su dise\u00f1o para agua fr\u00eda lo hacen perfecto para cocinas, jardines y lavadoras. Su eficaz funci\u00f3n de ahorro de agua garantiza una reducci\u00f3n de los costes de los servicios p\u00fablicos, lo que lo convierte en una opci\u00f3n sostenible para los hogares y negocios modernos. Producido en China, el grifo aprovecha la amplia experiencia de la f\u00e1brica en la producci\u00f3n de accesorios de ba\u00f1o y cocina de primera calidad a precios competitivos. El producto es especialmente beneficioso para los mercados de Sudam\u00e9rica y el Sudeste Asi\u00e1tico, donde la demanda de productos fiables y asequibles para la mejora del hogar es alta.<\/p>","protected":false},"excerpt":{"rendered":"<p>Este grifo mural de alta calidad est\u00e1 dise\u00f1ado tanto para uso hotelero como dom\u00e9stico, y ofrece la funci\u00f3n de apertura r\u00e1pida para ahorrar agua y mejorar la comodidad. Su cuerpo de zinc duradero y su dise\u00f1o para agua fr\u00eda lo hacen perfecto para cocinas, jardines y lavadoras. Su eficiente funci\u00f3n de ahorro de agua garantiza una reducci\u00f3n de los costes de los servicios p\u00fablicos, lo que lo convierte en una opci\u00f3n sostenible para...<\/p>","protected":false},"featured_media":13549,"template":"","meta":{"_acf_changed":false,"_kad_post_transparent":"default","_kad_post_title":"","_kad_post_layout":"default","_kad_post_sidebar_id":"","_kad_post_content_style":"default","_kad_post_vertical_padding":"default","_kad_post_feature":"","_kad_post_feature_position":"","_kad_post_header":false,"_kad_post_footer":false},"product_brand":[],"product_cat":[217],"product_tag":[1395,1516],"class_list":{"0":"post-13553","1":"product","2":"type-product","3":"status-publish","4":"has-post-thumbnail","6":"product_cat-water-tap","7":"product_tag-garden-water-tap","8":"product_tag-high-quality-water-tap","10":"first","11":"instock","12":"shipping-taxable","13":"purchasable","14":"product-type-variable","15":"wvs-archive-product-wrapper","16":"entry","17":"content-bg","18":"loop-entry"},"acf":[],"yoast_head":"<!-- This site is optimized with the Yoast SEO Premium plugin v25.4 (Yoast SEO v27.0) - https:\/\/yoast.com\/product\/yoast-seo-premium-wordpress\/ -->\n<title>High Quality Modern Design Cold Water Wall Mount Faucet Quick Open Zinc Saving Tap for Hotel &amp; Home for Garden Washing Machines - YOROOW<\/title>\n<meta name=\"description\" content=\"Modern chrome plastic hand shower with adjustable flow and easy installation, designed for domestic bathrooms. Lightweight and durable. Manufactured in China, exported to South American and Southeast Asian markets.\" \/>\n<meta name=\"robots\" content=\"index, follow, max-snippet:-1, max-image-preview:large, max-video-preview:-1\" \/>\n<link rel=\"canonical\" href=\"https:\/\/www.yoroow.com\/es\/detalle-del-producto\/grifo-de-pared-de-agua-fria-de-alta-calidad-y-diseno-moderno-grifo-de-ahorro-de-zinc-de-apertura-rapida-para-lavadoras-de-hotel\/\" \/>\n<meta property=\"og:locale\" content=\"es_ES\" \/>\n<meta property=\"og:type\" content=\"article\" \/>\n<meta property=\"og:title\" content=\"High Quality Modern Design Cold Water Wall Mount Faucet Quick Open Zinc Saving Tap for Hotel &amp; Home for Garden Washing Machines\" \/>\n<meta property=\"og:description\" content=\"Modern chrome plastic hand shower with adjustable flow and easy installation, designed for domestic bathrooms. Lightweight and durable. Manufactured in China, exported to South American and Southeast Asian markets.\" \/>\n<meta property=\"og:url\" content=\"https:\/\/www.yoroow.com\/es\/detalle-del-producto\/grifo-de-pared-de-agua-fria-de-alta-calidad-y-diseno-moderno-grifo-de-ahorro-de-zinc-de-apertura-rapida-para-lavadoras-de-hotel\/\" \/>\n<meta property=\"og:site_name\" content=\"YOROOW\" \/>\n<meta property=\"article:publisher\" content=\"https:\/\/www.facebook.com\/people\/yoroowfaucetfactory\/61564236752362\/\" \/>\n<meta property=\"article:modified_time\" content=\"2025-05-16T01:45:32+00:00\" \/>\n<meta property=\"og:image\" content=\"https:\/\/www.yoroow.com\/wp-content\/uploads\/2025\/02\/8005B-S116C-6.webp\" \/>\n\t<meta property=\"og:image:width\" content=\"750\" \/>\n\t<meta property=\"og:image:height\" content=\"750\" \/>\n\t<meta property=\"og:image:type\" content=\"image\/webp\" \/>\n<meta name=\"twitter:card\" content=\"summary_large_image\" \/>\n<meta name=\"twitter:label1\" content=\"Tiempo de lectura\" \/>\n\t<meta name=\"twitter:data1\" content=\"1 minuto\" \/>\n<script type=\"application\/ld+json\" class=\"yoast-schema-graph\">{\"@context\":\"https:\/\/schema.org\",\"@graph\":[{\"@type\":\"WebPage\",\"@id\":\"https:\/\/www.yoroow.com\/es\/detalle-del-producto\/grifo-de-pared-de-agua-fria-de-alta-calidad-y-diseno-moderno-grifo-de-ahorro-de-zinc-de-apertura-rapida-para-lavadoras-de-hotel\/\",\"url\":\"https:\/\/www.yoroow.com\/es\/detalle-del-producto\/grifo-de-pared-de-agua-fria-de-alta-calidad-y-diseno-moderno-grifo-de-ahorro-de-zinc-de-apertura-rapida-para-lavadoras-de-hotel\/\",\"name\":\"High Quality Modern Design Cold Water Wall Mount Faucet Quick Open Zinc Saving Tap for Hotel & Home for Garden Washing Machines - YOROOW\",\"isPartOf\":{\"@id\":\"https:\/\/www.yoroow.com\/es\/#website\"},\"primaryImageOfPage\":{\"@id\":\"https:\/\/www.yoroow.com\/es\/detalle-del-producto\/grifo-de-pared-de-agua-fria-de-alta-calidad-y-diseno-moderno-grifo-de-ahorro-de-zinc-de-apertura-rapida-para-lavadoras-de-hotel\/#primaryimage\"},\"image\":{\"@id\":\"https:\/\/www.yoroow.com\/es\/detalle-del-producto\/grifo-de-pared-de-agua-fria-de-alta-calidad-y-diseno-moderno-grifo-de-ahorro-de-zinc-de-apertura-rapida-para-lavadoras-de-hotel\/#primaryimage\"},\"thumbnailUrl\":\"https:\/\/www.yoroow.com\/wp-content\/uploads\/2025\/02\/8005B-S116C-6.webp\",\"datePublished\":\"2025-02-28T09:32:11+00:00\",\"dateModified\":\"2025-05-16T01:45:32+00:00\",\"description\":\"Modern chrome plastic hand shower with adjustable flow and easy installation, designed for domestic bathrooms. Lightweight and durable. Manufactured in China, exported to South American and Southeast Asian markets.\",\"breadcrumb\":{\"@id\":\"https:\/\/www.yoroow.com\/es\/detalle-del-producto\/grifo-de-pared-de-agua-fria-de-alta-calidad-y-diseno-moderno-grifo-de-ahorro-de-zinc-de-apertura-rapida-para-lavadoras-de-hotel\/#breadcrumb\"},\"inLanguage\":\"es\",\"potentialAction\":[{\"@type\":\"ReadAction\",\"target\":[\"https:\/\/www.yoroow.com\/es\/detalle-del-producto\/grifo-de-pared-de-agua-fria-de-alta-calidad-y-diseno-moderno-grifo-de-ahorro-de-zinc-de-apertura-rapida-para-lavadoras-de-hotel\/\"]}]},{\"@type\":\"ImageObject\",\"inLanguage\":\"es\",\"@id\":\"https:\/\/www.yoroow.com\/es\/detalle-del-producto\/grifo-de-pared-de-agua-fria-de-alta-calidad-y-diseno-moderno-grifo-de-ahorro-de-zinc-de-apertura-rapida-para-lavadoras-de-hotel\/#primaryimage\",\"url\":\"https:\/\/www.yoroow.com\/wp-content\/uploads\/2025\/02\/8005B-S116C-6.webp\",\"contentUrl\":\"https:\/\/www.yoroow.com\/wp-content\/uploads\/2025\/02\/8005B-S116C-6.webp\",\"width\":750,\"height\":750,\"caption\":\"Factory Bathroom Rain Shower Head Accessories Plastic Water Rainfall Shower Filter Top Round Shower Head\"},{\"@type\":\"BreadcrumbList\",\"@id\":\"https:\/\/www.yoroow.com\/es\/detalle-del-producto\/grifo-de-pared-de-agua-fria-de-alta-calidad-y-diseno-moderno-grifo-de-ahorro-de-zinc-de-apertura-rapida-para-lavadoras-de-hotel\/#breadcrumb\",\"itemListElement\":[{\"@type\":\"ListItem\",\"position\":1,\"name\":\"home\",\"item\":\"https:\/\/www.yoroow.com\/\"},{\"@type\":\"ListItem\",\"position\":2,\"name\":\"Product\",\"item\":\"https:\/\/www.yoroow.com\/product\/\"},{\"@type\":\"ListItem\",\"position\":3,\"name\":\"High Quality Modern Design Cold Water Wall Mount Faucet Quick Open Zinc Saving Tap for Hotel &#038; Home for Garden Washing Machines\"}]},{\"@type\":\"WebSite\",\"@id\":\"https:\/\/www.yoroow.com\/es\/#website\",\"url\":\"https:\/\/www.yoroow.com\/es\/\",\"name\":\"YOROOW\",\"description\":\"\",\"publisher\":{\"@id\":\"https:\/\/www.yoroow.com\/es\/#organization\"},\"potentialAction\":[{\"@type\":\"SearchAction\",\"target\":{\"@type\":\"EntryPoint\",\"urlTemplate\":\"https:\/\/www.yoroow.com\/es\/?s={search_term_string}\"},\"query-input\":{\"@type\":\"PropertyValueSpecification\",\"valueRequired\":true,\"valueName\":\"search_term_string\"}}],\"inLanguage\":\"es\"},{\"@type\":\"Organization\",\"@id\":\"https:\/\/www.yoroow.com\/es\/#organization\",\"name\":\"YOROOW\",\"url\":\"https:\/\/www.yoroow.com\/es\/\",\"logo\":{\"@type\":\"ImageObject\",\"inLanguage\":\"es\",\"@id\":\"https:\/\/www.yoroow.com\/es\/#\/schema\/logo\/image\/\",\"url\":\"https:\/\/www.yoroow.com\/wp-content\/uploads\/2024\/12\/2024123007131061.png\",\"contentUrl\":\"https:\/\/www.yoroow.com\/wp-content\/uploads\/2024\/12\/2024123007131061.png\",\"width\":168,\"height\":27,\"caption\":\"YOROOW\"},\"image\":{\"@id\":\"https:\/\/www.yoroow.com\/es\/#\/schema\/logo\/image\/\"},\"sameAs\":[\"https:\/\/www.facebook.com\/people\/yoroowfaucetfactory\/61564236752362\/\"]}]}<\/script>\n<!-- \/ Yoast SEO Premium plugin. -->","yoast_head_json":{"title":"High Quality Modern Design Cold Water Wall Mount Faucet Quick Open Zinc Saving Tap for Hotel & Home for Garden Washing Machines - YOROOW","description":"Modern chrome plastic hand shower with adjustable flow and easy installation, designed for domestic bathrooms. Lightweight and durable. Manufactured in China, exported to South American and Southeast Asian markets.","robots":{"index":"index","follow":"follow","max-snippet":"max-snippet:-1","max-image-preview":"max-image-preview:large","max-video-preview":"max-video-preview:-1"},"canonical":"https:\/\/www.yoroow.com\/es\/detalle-del-producto\/grifo-de-pared-de-agua-fria-de-alta-calidad-y-diseno-moderno-grifo-de-ahorro-de-zinc-de-apertura-rapida-para-lavadoras-de-hotel\/","og_locale":"es_ES","og_type":"article","og_title":"High Quality Modern Design Cold Water Wall Mount Faucet Quick Open Zinc Saving Tap for Hotel & Home for Garden Washing Machines","og_description":"Modern chrome plastic hand shower with adjustable flow and easy installation, designed for domestic bathrooms. Lightweight and durable. Manufactured in China, exported to South American and Southeast Asian markets.","og_url":"https:\/\/www.yoroow.com\/es\/detalle-del-producto\/grifo-de-pared-de-agua-fria-de-alta-calidad-y-diseno-moderno-grifo-de-ahorro-de-zinc-de-apertura-rapida-para-lavadoras-de-hotel\/","og_site_name":"YOROOW","article_publisher":"https:\/\/www.facebook.com\/people\/yoroowfaucetfactory\/61564236752362\/","article_modified_time":"2025-05-16T01:45:32+00:00","og_image":[{"width":750,"height":750,"url":"https:\/\/www.yoroow.com\/wp-content\/uploads\/2025\/02\/8005B-S116C-6.webp","type":"image\/webp"}],"twitter_card":"summary_large_image","twitter_misc":{"Tiempo de lectura":"1 minuto"},"schema":{"@context":"https:\/\/schema.org","@graph":[{"@type":"WebPage","@id":"https:\/\/www.yoroow.com\/es\/detalle-del-producto\/grifo-de-pared-de-agua-fria-de-alta-calidad-y-diseno-moderno-grifo-de-ahorro-de-zinc-de-apertura-rapida-para-lavadoras-de-hotel\/","url":"https:\/\/www.yoroow.com\/es\/detalle-del-producto\/grifo-de-pared-de-agua-fria-de-alta-calidad-y-diseno-moderno-grifo-de-ahorro-de-zinc-de-apertura-rapida-para-lavadoras-de-hotel\/","name":"High Quality Modern Design Cold Water Wall Mount Faucet Quick Open Zinc Saving Tap for Hotel & Home for Garden Washing Machines - YOROOW","isPartOf":{"@id":"https:\/\/www.yoroow.com\/es\/#website"},"primaryImageOfPage":{"@id":"https:\/\/www.yoroow.com\/es\/detalle-del-producto\/grifo-de-pared-de-agua-fria-de-alta-calidad-y-diseno-moderno-grifo-de-ahorro-de-zinc-de-apertura-rapida-para-lavadoras-de-hotel\/#primaryimage"},"image":{"@id":"https:\/\/www.yoroow.com\/es\/detalle-del-producto\/grifo-de-pared-de-agua-fria-de-alta-calidad-y-diseno-moderno-grifo-de-ahorro-de-zinc-de-apertura-rapida-para-lavadoras-de-hotel\/#primaryimage"},"thumbnailUrl":"https:\/\/www.yoroow.com\/wp-content\/uploads\/2025\/02\/8005B-S116C-6.webp","datePublished":"2025-02-28T09:32:11+00:00","dateModified":"2025-05-16T01:45:32+00:00","description":"Modern chrome plastic hand shower with adjustable flow and easy installation, designed for domestic bathrooms. Lightweight and durable. Manufactured in China, exported to South American and Southeast Asian markets.","breadcrumb":{"@id":"https:\/\/www.yoroow.com\/es\/detalle-del-producto\/grifo-de-pared-de-agua-fria-de-alta-calidad-y-diseno-moderno-grifo-de-ahorro-de-zinc-de-apertura-rapida-para-lavadoras-de-hotel\/#breadcrumb"},"inLanguage":"es","potentialAction":[{"@type":"ReadAction","target":["https:\/\/www.yoroow.com\/es\/detalle-del-producto\/grifo-de-pared-de-agua-fria-de-alta-calidad-y-diseno-moderno-grifo-de-ahorro-de-zinc-de-apertura-rapida-para-lavadoras-de-hotel\/"]}]},{"@type":"ImageObject","inLanguage":"es","@id":"https:\/\/www.yoroow.com\/es\/detalle-del-producto\/grifo-de-pared-de-agua-fria-de-alta-calidad-y-diseno-moderno-grifo-de-ahorro-de-zinc-de-apertura-rapida-para-lavadoras-de-hotel\/#primaryimage","url":"https:\/\/www.yoroow.com\/wp-content\/uploads\/2025\/02\/8005B-S116C-6.webp","contentUrl":"https:\/\/www.yoroow.com\/wp-content\/uploads\/2025\/02\/8005B-S116C-6.webp","width":750,"height":750,"caption":"Factory Bathroom Rain Shower Head Accessories Plastic Water Rainfall Shower Filter Top Round Shower Head"},{"@type":"BreadcrumbList","@id":"https:\/\/www.yoroow.com\/es\/detalle-del-producto\/grifo-de-pared-de-agua-fria-de-alta-calidad-y-diseno-moderno-grifo-de-ahorro-de-zinc-de-apertura-rapida-para-lavadoras-de-hotel\/#breadcrumb","itemListElement":[{"@type":"ListItem","position":1,"name":"home","item":"https:\/\/www.yoroow.com\/"},{"@type":"ListItem","position":2,"name":"Product","item":"https:\/\/www.yoroow.com\/product\/"},{"@type":"ListItem","position":3,"name":"High Quality Modern Design Cold Water Wall Mount Faucet Quick Open Zinc Saving Tap for Hotel &#038; Home for Garden Washing Machines"}]},{"@type":"WebSite","@id":"https:\/\/www.yoroow.com\/es\/#website","url":"https:\/\/www.yoroow.com\/es\/","name":"YOROOW","description":"","publisher":{"@id":"https:\/\/www.yoroow.com\/es\/#organization"},"potentialAction":[{"@type":"SearchAction","target":{"@type":"EntryPoint","urlTemplate":"https:\/\/www.yoroow.com\/es\/?s={search_term_string}"},"query-input":{"@type":"PropertyValueSpecification","valueRequired":true,"valueName":"search_term_string"}}],"inLanguage":"es"},{"@type":"Organization","@id":"https:\/\/www.yoroow.com\/es\/#organization","name":"YOROOW","url":"https:\/\/www.yoroow.com\/es\/","logo":{"@type":"ImageObject","inLanguage":"es","@id":"https:\/\/www.yoroow.com\/es\/#\/schema\/logo\/image\/","url":"https:\/\/www.yoroow.com\/wp-content\/uploads\/2024\/12\/2024123007131061.png","contentUrl":"https:\/\/www.yoroow.com\/wp-content\/uploads\/2024\/12\/2024123007131061.png","width":168,"height":27,"caption":"YOROOW"},"image":{"@id":"https:\/\/www.yoroow.com\/es\/#\/schema\/logo\/image\/"},"sameAs":["https:\/\/www.facebook.com\/people\/yoroowfaucetfactory\/61564236752362\/"]}]}},"_links":{"self":[{"href":"https:\/\/www.yoroow.com\/es\/wp-json\/wp\/v2\/product\/13553","targetHints":{"allow":["GET"]}}],"collection":[{"href":"https:\/\/www.yoroow.com\/es\/wp-json\/wp\/v2\/product"}],"about":[{"href":"https:\/\/www.yoroow.com\/es\/wp-json\/wp\/v2\/types\/product"}],"wp:featuredmedia":[{"embeddable":true,"href":"https:\/\/www.yoroow.com\/es\/wp-json\/wp\/v2\/media\/13549"}],"wp:attachment":[{"href":"https:\/\/www.yoroow.com\/es\/wp-json\/wp\/v2\/media?parent=13553"}],"wp:term":[{"taxonomy":"product_brand","embeddable":true,"href":"https:\/\/www.yoroow.com\/es\/wp-json\/wp\/v2\/product_brand?post=13553"},{"taxonomy":"product_cat","embeddable":true,"href":"https:\/\/www.yoroow.com\/es\/wp-json\/wp\/v2\/product_cat?post=13553"},{"taxonomy":"product_tag","embeddable":true,"href":"https:\/\/www.yoroow.com\/es\/wp-json\/wp\/v2\/product_tag?post=13553"}],"curies":[{"name":"wp","href":"https:\/\/api.w.org\/{rel}","templated":true}]}}