{"id":13552,"date":"2025-02-28T17:22:50","date_gmt":"2025-02-28T09:22:50","guid":{"rendered":"https:\/\/www.yoroow.com\/?post_type=product&#038;p=13552"},"modified":"2025-05-16T09:45:31","modified_gmt":"2025-05-16T01:45:31","slug":"buena-calidad-zinc-monomando-moda-nuevo-monomando-lavamanos-grifo-de-agua","status":"publish","type":"product","link":"https:\/\/www.yoroow.com\/es\/detalle-del-producto\/buena-calidad-zinc-monomando-moda-nuevo-monomando-lavamanos-grifo-de-agua\/","title":{"rendered":"Grifo monomando de zinc de dise\u00f1o moderno para lavadora Accesorio para grifo de peto cl\u00e1sico"},"content":{"rendered":"<p>Este moderno grifo monomando de zinc est\u00e1 dise\u00f1ado para lavadoras y ofrece un funcionamiento sencillo y un rendimiento fiable. El estilo cl\u00e1sico de grifo con pomo proporciona una soluci\u00f3n pr\u00e1ctica para uso dom\u00e9stico y comercial. Presenta un cuerpo de zinc duradero con cromado resistente a la corrosi\u00f3n. El mango ergon\u00f3mico permite ajustar f\u00e1cilmente el caudal de agua, por lo que es perfecto para lavander\u00edas residenciales y comerciales. Fabricada en China, la f\u00e1brica ofrece soluciones personalizadas para diversos mercados, con especial \u00e9nfasis en el ahorro de costes y la exportaci\u00f3n a Sudam\u00e9rica y el Sudeste Asi\u00e1tico. Con procesos de producci\u00f3n racionalizados, plazos de entrega r\u00e1pidos y precios competitivos, este grifo es una gran opci\u00f3n para pedidos al por mayor a gran escala.<\/p>","protected":false},"excerpt":{"rendered":"<p>This modern zinc single-handle water tap is designed for washing machines, offering easy operation and reliable performance. The classic bib cock faucet style provides a convenient solution for home and commercial use. It features a durable zinc body with chrome plating for corrosion resistance. The ergonomic handle ensures easy adjustment of water flow, making it\u2026<\/p>","protected":false},"featured_media":13547,"template":"","meta":{"_acf_changed":false,"_kad_post_transparent":"default","_kad_post_title":"","_kad_post_layout":"default","_kad_post_sidebar_id":"","_kad_post_content_style":"default","_kad_post_vertical_padding":"default","_kad_post_feature":"","_kad_post_feature_position":"","_kad_post_header":false,"_kad_post_footer":false},"product_brand":[],"product_cat":[217],"product_tag":[1440,1446],"class_list":{"0":"post-13552","1":"product","2":"type-product","3":"status-publish","4":"has-post-thumbnail","6":"product_cat-water-tap","7":"product_tag-water-tap-washing-machine-bib-cock","8":"product_tag-water-taps-classic","10":"first","11":"instock","12":"shipping-taxable","13":"purchasable","14":"product-type-variable","15":"wvs-archive-product-wrapper","16":"entry","17":"content-bg","18":"loop-entry"},"acf":[],"yoast_head":"<!-- This site is optimized with the Yoast SEO Premium plugin v25.4 (Yoast SEO v27.0) - https:\/\/yoast.com\/product\/yoast-seo-premium-wordpress\/ -->\n<title>Modern Fashion Design Zinc Single-Handle Water Tap for Washing Machine Classic Bib Cock Faucet Accessory - YOROOW<\/title>\n<meta name=\"description\" content=\"Plastic bidet toilet spray set with stainless steel hose, wall mount bracket, and spray gun. Quality bathroom accessory for hygiene, made in China with OEM customization. Widely exported to South America and Southeast Asia.\" \/>\n<meta name=\"robots\" content=\"index, follow, max-snippet:-1, max-image-preview:large, max-video-preview:-1\" \/>\n<link rel=\"canonical\" href=\"https:\/\/www.yoroow.com\/es\/detalle-del-producto\/buena-calidad-zinc-monomando-moda-nuevo-monomando-lavamanos-grifo-de-agua\/\" \/>\n<meta property=\"og:locale\" content=\"es_ES\" \/>\n<meta property=\"og:type\" content=\"article\" \/>\n<meta property=\"og:title\" content=\"Modern Fashion Design Zinc Single-Handle Water Tap for Washing Machine Classic Bib Cock Faucet Accessory\" \/>\n<meta property=\"og:description\" content=\"Plastic bidet toilet spray set with stainless steel hose, wall mount bracket, and spray gun. Quality bathroom accessory for hygiene, made in China with OEM customization. Widely exported to South America and Southeast Asia.\" \/>\n<meta property=\"og:url\" content=\"https:\/\/www.yoroow.com\/es\/detalle-del-producto\/buena-calidad-zinc-monomando-moda-nuevo-monomando-lavamanos-grifo-de-agua\/\" \/>\n<meta property=\"og:site_name\" content=\"YOROOW\" \/>\n<meta property=\"article:publisher\" content=\"https:\/\/www.facebook.com\/people\/yoroowfaucetfactory\/61564236752362\/\" \/>\n<meta property=\"article:modified_time\" content=\"2025-05-16T01:45:31+00:00\" \/>\n<meta property=\"og:image\" content=\"https:\/\/www.yoroow.com\/wp-content\/uploads\/2025\/02\/8005A-S036A-4.webp\" \/>\n\t<meta property=\"og:image:width\" content=\"750\" \/>\n\t<meta property=\"og:image:height\" content=\"750\" \/>\n\t<meta property=\"og:image:type\" content=\"image\/webp\" \/>\n<meta name=\"twitter:card\" content=\"summary_large_image\" \/>\n<meta name=\"twitter:label1\" content=\"Tiempo de lectura\" \/>\n\t<meta name=\"twitter:data1\" content=\"1 minuto\" \/>\n<script type=\"application\/ld+json\" class=\"yoast-schema-graph\">{\"@context\":\"https:\/\/schema.org\",\"@graph\":[{\"@type\":\"WebPage\",\"@id\":\"https:\/\/www.yoroow.com\/es\/detalle-del-producto\/buena-calidad-zinc-monomando-moda-nuevo-monomando-lavamanos-grifo-de-agua\/\",\"url\":\"https:\/\/www.yoroow.com\/es\/detalle-del-producto\/buena-calidad-zinc-monomando-moda-nuevo-monomando-lavamanos-grifo-de-agua\/\",\"name\":\"Modern Fashion Design Zinc Single-Handle Water Tap for Washing Machine Classic Bib Cock Faucet Accessory - YOROOW\",\"isPartOf\":{\"@id\":\"https:\/\/www.yoroow.com\/es\/#website\"},\"primaryImageOfPage\":{\"@id\":\"https:\/\/www.yoroow.com\/es\/detalle-del-producto\/buena-calidad-zinc-monomando-moda-nuevo-monomando-lavamanos-grifo-de-agua\/#primaryimage\"},\"image\":{\"@id\":\"https:\/\/www.yoroow.com\/es\/detalle-del-producto\/buena-calidad-zinc-monomando-moda-nuevo-monomando-lavamanos-grifo-de-agua\/#primaryimage\"},\"thumbnailUrl\":\"https:\/\/www.yoroow.com\/wp-content\/uploads\/2025\/02\/8005A-S036A-4.webp\",\"datePublished\":\"2025-02-28T09:22:50+00:00\",\"dateModified\":\"2025-05-16T01:45:31+00:00\",\"description\":\"Plastic bidet toilet spray set with stainless steel hose, wall mount bracket, and spray gun. Quality bathroom accessory for hygiene, made in China with OEM customization. Widely exported to South America and Southeast Asia.\",\"breadcrumb\":{\"@id\":\"https:\/\/www.yoroow.com\/es\/detalle-del-producto\/buena-calidad-zinc-monomando-moda-nuevo-monomando-lavamanos-grifo-de-agua\/#breadcrumb\"},\"inLanguage\":\"es\",\"potentialAction\":[{\"@type\":\"ReadAction\",\"target\":[\"https:\/\/www.yoroow.com\/es\/detalle-del-producto\/buena-calidad-zinc-monomando-moda-nuevo-monomando-lavamanos-grifo-de-agua\/\"]}]},{\"@type\":\"ImageObject\",\"inLanguage\":\"es\",\"@id\":\"https:\/\/www.yoroow.com\/es\/detalle-del-producto\/buena-calidad-zinc-monomando-moda-nuevo-monomando-lavamanos-grifo-de-agua\/#primaryimage\",\"url\":\"https:\/\/www.yoroow.com\/wp-content\/uploads\/2025\/02\/8005A-S036A-4.webp\",\"contentUrl\":\"https:\/\/www.yoroow.com\/wp-content\/uploads\/2025\/02\/8005A-S036A-4.webp\",\"width\":750,\"height\":750,\"caption\":\"Factory Bathroom Rain Shower Head Accessories Plastic Water Rainfall Shower Filter Top Round Shower Head\"},{\"@type\":\"BreadcrumbList\",\"@id\":\"https:\/\/www.yoroow.com\/es\/detalle-del-producto\/buena-calidad-zinc-monomando-moda-nuevo-monomando-lavamanos-grifo-de-agua\/#breadcrumb\",\"itemListElement\":[{\"@type\":\"ListItem\",\"position\":1,\"name\":\"home\",\"item\":\"https:\/\/www.yoroow.com\/\"},{\"@type\":\"ListItem\",\"position\":2,\"name\":\"Product\",\"item\":\"https:\/\/www.yoroow.com\/product\/\"},{\"@type\":\"ListItem\",\"position\":3,\"name\":\"Modern Fashion Design Zinc Single-Handle Water Tap for Washing Machine Classic Bib Cock Faucet Accessory\"}]},{\"@type\":\"WebSite\",\"@id\":\"https:\/\/www.yoroow.com\/es\/#website\",\"url\":\"https:\/\/www.yoroow.com\/es\/\",\"name\":\"YOROOW\",\"description\":\"\",\"publisher\":{\"@id\":\"https:\/\/www.yoroow.com\/es\/#organization\"},\"potentialAction\":[{\"@type\":\"SearchAction\",\"target\":{\"@type\":\"EntryPoint\",\"urlTemplate\":\"https:\/\/www.yoroow.com\/es\/?s={search_term_string}\"},\"query-input\":{\"@type\":\"PropertyValueSpecification\",\"valueRequired\":true,\"valueName\":\"search_term_string\"}}],\"inLanguage\":\"es\"},{\"@type\":\"Organization\",\"@id\":\"https:\/\/www.yoroow.com\/es\/#organization\",\"name\":\"YOROOW\",\"url\":\"https:\/\/www.yoroow.com\/es\/\",\"logo\":{\"@type\":\"ImageObject\",\"inLanguage\":\"es\",\"@id\":\"https:\/\/www.yoroow.com\/es\/#\/schema\/logo\/image\/\",\"url\":\"https:\/\/www.yoroow.com\/wp-content\/uploads\/2024\/12\/2024123007131061.png\",\"contentUrl\":\"https:\/\/www.yoroow.com\/wp-content\/uploads\/2024\/12\/2024123007131061.png\",\"width\":168,\"height\":27,\"caption\":\"YOROOW\"},\"image\":{\"@id\":\"https:\/\/www.yoroow.com\/es\/#\/schema\/logo\/image\/\"},\"sameAs\":[\"https:\/\/www.facebook.com\/people\/yoroowfaucetfactory\/61564236752362\/\"]}]}<\/script>\n<!-- \/ Yoast SEO Premium plugin. -->","yoast_head_json":{"title":"Modern Fashion Design Zinc Single-Handle Water Tap for Washing Machine Classic Bib Cock Faucet Accessory - YOROOW","description":"Plastic bidet toilet spray set with stainless steel hose, wall mount bracket, and spray gun. Quality bathroom accessory for hygiene, made in China with OEM customization. Widely exported to South America and Southeast Asia.","robots":{"index":"index","follow":"follow","max-snippet":"max-snippet:-1","max-image-preview":"max-image-preview:large","max-video-preview":"max-video-preview:-1"},"canonical":"https:\/\/www.yoroow.com\/es\/detalle-del-producto\/buena-calidad-zinc-monomando-moda-nuevo-monomando-lavamanos-grifo-de-agua\/","og_locale":"es_ES","og_type":"article","og_title":"Modern Fashion Design Zinc Single-Handle Water Tap for Washing Machine Classic Bib Cock Faucet Accessory","og_description":"Plastic bidet toilet spray set with stainless steel hose, wall mount bracket, and spray gun. Quality bathroom accessory for hygiene, made in China with OEM customization. Widely exported to South America and Southeast Asia.","og_url":"https:\/\/www.yoroow.com\/es\/detalle-del-producto\/buena-calidad-zinc-monomando-moda-nuevo-monomando-lavamanos-grifo-de-agua\/","og_site_name":"YOROOW","article_publisher":"https:\/\/www.facebook.com\/people\/yoroowfaucetfactory\/61564236752362\/","article_modified_time":"2025-05-16T01:45:31+00:00","og_image":[{"width":750,"height":750,"url":"https:\/\/www.yoroow.com\/wp-content\/uploads\/2025\/02\/8005A-S036A-4.webp","type":"image\/webp"}],"twitter_card":"summary_large_image","twitter_misc":{"Tiempo de lectura":"1 minuto"},"schema":{"@context":"https:\/\/schema.org","@graph":[{"@type":"WebPage","@id":"https:\/\/www.yoroow.com\/es\/detalle-del-producto\/buena-calidad-zinc-monomando-moda-nuevo-monomando-lavamanos-grifo-de-agua\/","url":"https:\/\/www.yoroow.com\/es\/detalle-del-producto\/buena-calidad-zinc-monomando-moda-nuevo-monomando-lavamanos-grifo-de-agua\/","name":"Modern Fashion Design Zinc Single-Handle Water Tap for Washing Machine Classic Bib Cock Faucet Accessory - YOROOW","isPartOf":{"@id":"https:\/\/www.yoroow.com\/es\/#website"},"primaryImageOfPage":{"@id":"https:\/\/www.yoroow.com\/es\/detalle-del-producto\/buena-calidad-zinc-monomando-moda-nuevo-monomando-lavamanos-grifo-de-agua\/#primaryimage"},"image":{"@id":"https:\/\/www.yoroow.com\/es\/detalle-del-producto\/buena-calidad-zinc-monomando-moda-nuevo-monomando-lavamanos-grifo-de-agua\/#primaryimage"},"thumbnailUrl":"https:\/\/www.yoroow.com\/wp-content\/uploads\/2025\/02\/8005A-S036A-4.webp","datePublished":"2025-02-28T09:22:50+00:00","dateModified":"2025-05-16T01:45:31+00:00","description":"Plastic bidet toilet spray set with stainless steel hose, wall mount bracket, and spray gun. Quality bathroom accessory for hygiene, made in China with OEM customization. Widely exported to South America and Southeast Asia.","breadcrumb":{"@id":"https:\/\/www.yoroow.com\/es\/detalle-del-producto\/buena-calidad-zinc-monomando-moda-nuevo-monomando-lavamanos-grifo-de-agua\/#breadcrumb"},"inLanguage":"es","potentialAction":[{"@type":"ReadAction","target":["https:\/\/www.yoroow.com\/es\/detalle-del-producto\/buena-calidad-zinc-monomando-moda-nuevo-monomando-lavamanos-grifo-de-agua\/"]}]},{"@type":"ImageObject","inLanguage":"es","@id":"https:\/\/www.yoroow.com\/es\/detalle-del-producto\/buena-calidad-zinc-monomando-moda-nuevo-monomando-lavamanos-grifo-de-agua\/#primaryimage","url":"https:\/\/www.yoroow.com\/wp-content\/uploads\/2025\/02\/8005A-S036A-4.webp","contentUrl":"https:\/\/www.yoroow.com\/wp-content\/uploads\/2025\/02\/8005A-S036A-4.webp","width":750,"height":750,"caption":"Factory Bathroom Rain Shower Head Accessories Plastic Water Rainfall Shower Filter Top Round Shower Head"},{"@type":"BreadcrumbList","@id":"https:\/\/www.yoroow.com\/es\/detalle-del-producto\/buena-calidad-zinc-monomando-moda-nuevo-monomando-lavamanos-grifo-de-agua\/#breadcrumb","itemListElement":[{"@type":"ListItem","position":1,"name":"home","item":"https:\/\/www.yoroow.com\/"},{"@type":"ListItem","position":2,"name":"Product","item":"https:\/\/www.yoroow.com\/product\/"},{"@type":"ListItem","position":3,"name":"Modern Fashion Design Zinc Single-Handle Water Tap for Washing Machine Classic Bib Cock Faucet Accessory"}]},{"@type":"WebSite","@id":"https:\/\/www.yoroow.com\/es\/#website","url":"https:\/\/www.yoroow.com\/es\/","name":"YOROOW","description":"","publisher":{"@id":"https:\/\/www.yoroow.com\/es\/#organization"},"potentialAction":[{"@type":"SearchAction","target":{"@type":"EntryPoint","urlTemplate":"https:\/\/www.yoroow.com\/es\/?s={search_term_string}"},"query-input":{"@type":"PropertyValueSpecification","valueRequired":true,"valueName":"search_term_string"}}],"inLanguage":"es"},{"@type":"Organization","@id":"https:\/\/www.yoroow.com\/es\/#organization","name":"YOROOW","url":"https:\/\/www.yoroow.com\/es\/","logo":{"@type":"ImageObject","inLanguage":"es","@id":"https:\/\/www.yoroow.com\/es\/#\/schema\/logo\/image\/","url":"https:\/\/www.yoroow.com\/wp-content\/uploads\/2024\/12\/2024123007131061.png","contentUrl":"https:\/\/www.yoroow.com\/wp-content\/uploads\/2024\/12\/2024123007131061.png","width":168,"height":27,"caption":"YOROOW"},"image":{"@id":"https:\/\/www.yoroow.com\/es\/#\/schema\/logo\/image\/"},"sameAs":["https:\/\/www.facebook.com\/people\/yoroowfaucetfactory\/61564236752362\/"]}]}},"_links":{"self":[{"href":"https:\/\/www.yoroow.com\/es\/wp-json\/wp\/v2\/product\/13552","targetHints":{"allow":["GET"]}}],"collection":[{"href":"https:\/\/www.yoroow.com\/es\/wp-json\/wp\/v2\/product"}],"about":[{"href":"https:\/\/www.yoroow.com\/es\/wp-json\/wp\/v2\/types\/product"}],"wp:featuredmedia":[{"embeddable":true,"href":"https:\/\/www.yoroow.com\/es\/wp-json\/wp\/v2\/media\/13547"}],"wp:attachment":[{"href":"https:\/\/www.yoroow.com\/es\/wp-json\/wp\/v2\/media?parent=13552"}],"wp:term":[{"taxonomy":"product_brand","embeddable":true,"href":"https:\/\/www.yoroow.com\/es\/wp-json\/wp\/v2\/product_brand?post=13552"},{"taxonomy":"product_cat","embeddable":true,"href":"https:\/\/www.yoroow.com\/es\/wp-json\/wp\/v2\/product_cat?post=13552"},{"taxonomy":"product_tag","embeddable":true,"href":"https:\/\/www.yoroow.com\/es\/wp-json\/wp\/v2\/product_tag?post=13552"}],"curies":[{"name":"wp","href":"https:\/\/api.w.org\/{rel}","templated":true}]}}