{"id":13550,"date":"2025-02-28T17:17:29","date_gmt":"2025-02-28T09:17:29","guid":{"rendered":"https:\/\/www.yoroow.com\/?post_type=product&#038;p=13550"},"modified":"2025-05-16T09:45:29","modified_gmt":"2025-05-16T01:45:29","slug":"fabrica-bano-ducha-de-lluvia-accesorios-de-plastico-de-agua-de-lluvia-filtro-de-ducha-superior-redonda-cabeza-de-la-ducha","status":"publish","type":"product","link":"https:\/\/www.yoroow.com\/es\/detalle-del-producto\/fabrica-bano-ducha-de-lluvia-accesorios-de-plastico-de-agua-de-lluvia-filtro-de-ducha-superior-redonda-cabeza-de-la-ducha\/","title":{"rendered":"Ducha de lluvia port\u00e1til con filtro de f\u00e1brica Accesorios de ba\u00f1o de pl\u00e1stico Top-Gerne Ba\u00f1o y Ducha Grifo de China"},"content":{"rendered":"<p>Este cabezal de ducha de lluvia port\u00e1til est\u00e1 dise\u00f1ado para ofrecer comodidad y durabilidad, fabricado con material pl\u00e1stico de alta calidad. La parte superior del filtro garantiza un flujo de agua m\u00e1s limpio, por lo que es ideal para zonas con agua dura. Este cabezal de ducha es adecuado tanto para cuartos de ba\u00f1o residenciales como para hoteles, y proporciona una refrescante experiencia de lluvia. Su dise\u00f1o ligero hace que sea f\u00e1cil de mover e instalar, lo que garantiza una actualizaci\u00f3n sin complicaciones de cualquier cuarto de ba\u00f1o. El producto se fabrica en China centr\u00e1ndose en soluciones rentables, lo que garantiza una alta calidad a precios competitivos. La capacidad de la f\u00e1brica para producir accesorios de ba\u00f1o duraderos y asequibles es una ventaja para los mercados de Sudam\u00e9rica y el sudeste asi\u00e1tico, ya que ofrece importaciones fiables con env\u00edos r\u00e1pidos y pedidos al por mayor flexibles.<\/p>","protected":false},"excerpt":{"rendered":"<p>This portable rain shower head is designed for convenience and durability, made with high-quality plastic material. The filter top ensures cleaner water flow, making it ideal for areas with hard water. This shower head is suitable for both residential and hotel bathrooms, providing a refreshing rainfall experience. The lightweight design makes it easy to move\u2026<\/p>","protected":false},"featured_media":13545,"template":"","meta":{"_acf_changed":false,"_kad_post_transparent":"default","_kad_post_title":"","_kad_post_layout":"default","_kad_post_sidebar_id":"","_kad_post_content_style":"default","_kad_post_vertical_padding":"default","_kad_post_feature":"","_kad_post_feature_position":"","_kad_post_header":false,"_kad_post_footer":false},"product_brand":[],"product_cat":[236],"product_tag":[4012,4320],"class_list":{"0":"post-13550","1":"product","2":"type-product","3":"status-publish","4":"has-post-thumbnail","6":"product_cat-shower-head-hand","7":"product_tag-portable-shower-head","8":"product_tag-shower-head-made-in-china","10":"first","11":"instock","12":"shipping-taxable","13":"purchasable","14":"product-type-variable","15":"wvs-archive-product-wrapper","16":"entry","17":"content-bg","18":"loop-entry"},"acf":[],"yoast_head":"<!-- This site is optimized with the Yoast SEO Premium plugin v25.4 (Yoast SEO v27.0) - https:\/\/yoast.com\/product\/yoast-seo-premium-wordpress\/ -->\n<title>Factory-Made Portable Rain Shower Head with Filter Top Plastic Bathroom Accessories Top-Gerne Bath &amp; Shower Faucet from China - YOROOW<\/title>\n<meta name=\"description\" content=\"Factory-made portable rain shower head with filter, top plastic bathroom accessory. Popular bath and shower faucet from China, lightweight and easy to install. Exported to South America and Southeast Asia with competitive pricing.\" \/>\n<meta name=\"robots\" content=\"index, follow, max-snippet:-1, max-image-preview:large, max-video-preview:-1\" \/>\n<link rel=\"canonical\" href=\"https:\/\/www.yoroow.com\/es\/detalle-del-producto\/fabrica-bano-ducha-de-lluvia-accesorios-de-plastico-de-agua-de-lluvia-filtro-de-ducha-superior-redonda-cabeza-de-la-ducha\/\" \/>\n<meta property=\"og:locale\" content=\"es_ES\" \/>\n<meta property=\"og:type\" content=\"article\" \/>\n<meta property=\"og:title\" content=\"Factory-Made Portable Rain Shower Head with Filter Top Plastic Bathroom Accessories Top-Gerne Bath &amp; Shower Faucet from China\" \/>\n<meta property=\"og:description\" content=\"Factory-made portable rain shower head with filter, top plastic bathroom accessory. Popular bath and shower faucet from China, lightweight and easy to install. Exported to South America and Southeast Asia with competitive pricing.\" \/>\n<meta property=\"og:url\" content=\"https:\/\/www.yoroow.com\/es\/detalle-del-producto\/fabrica-bano-ducha-de-lluvia-accesorios-de-plastico-de-agua-de-lluvia-filtro-de-ducha-superior-redonda-cabeza-de-la-ducha\/\" \/>\n<meta property=\"og:site_name\" content=\"YOROOW\" \/>\n<meta property=\"article:publisher\" content=\"https:\/\/www.facebook.com\/people\/yoroowfaucetfactory\/61564236752362\/\" \/>\n<meta property=\"article:modified_time\" content=\"2025-05-16T01:45:29+00:00\" \/>\n<meta property=\"og:image\" content=\"https:\/\/www.yoroow.com\/wp-content\/uploads\/2025\/02\/4\u5bf8.jpg\" \/>\n\t<meta property=\"og:image:width\" content=\"519\" \/>\n\t<meta property=\"og:image:height\" content=\"519\" \/>\n\t<meta property=\"og:image:type\" content=\"image\/jpeg\" \/>\n<meta name=\"twitter:card\" content=\"summary_large_image\" \/>\n<meta name=\"twitter:label1\" content=\"Tiempo de lectura\" \/>\n\t<meta name=\"twitter:data1\" content=\"1 minuto\" \/>\n<script type=\"application\/ld+json\" class=\"yoast-schema-graph\">{\"@context\":\"https:\/\/schema.org\",\"@graph\":[{\"@type\":\"WebPage\",\"@id\":\"https:\/\/www.yoroow.com\/es\/detalle-del-producto\/fabrica-bano-ducha-de-lluvia-accesorios-de-plastico-de-agua-de-lluvia-filtro-de-ducha-superior-redonda-cabeza-de-la-ducha\/\",\"url\":\"https:\/\/www.yoroow.com\/es\/detalle-del-producto\/fabrica-bano-ducha-de-lluvia-accesorios-de-plastico-de-agua-de-lluvia-filtro-de-ducha-superior-redonda-cabeza-de-la-ducha\/\",\"name\":\"Factory-Made Portable Rain Shower Head with Filter Top Plastic Bathroom Accessories Top-Gerne Bath & Shower Faucet from China - YOROOW\",\"isPartOf\":{\"@id\":\"https:\/\/www.yoroow.com\/es\/#website\"},\"primaryImageOfPage\":{\"@id\":\"https:\/\/www.yoroow.com\/es\/detalle-del-producto\/fabrica-bano-ducha-de-lluvia-accesorios-de-plastico-de-agua-de-lluvia-filtro-de-ducha-superior-redonda-cabeza-de-la-ducha\/#primaryimage\"},\"image\":{\"@id\":\"https:\/\/www.yoroow.com\/es\/detalle-del-producto\/fabrica-bano-ducha-de-lluvia-accesorios-de-plastico-de-agua-de-lluvia-filtro-de-ducha-superior-redonda-cabeza-de-la-ducha\/#primaryimage\"},\"thumbnailUrl\":\"https:\/\/www.yoroow.com\/wp-content\/uploads\/2025\/02\/4\u5bf8.jpg\",\"datePublished\":\"2025-02-28T09:17:29+00:00\",\"dateModified\":\"2025-05-16T01:45:29+00:00\",\"description\":\"Factory-made portable rain shower head with filter, top plastic bathroom accessory. Popular bath and shower faucet from China, lightweight and easy to install. Exported to South America and Southeast Asia with competitive pricing.\",\"breadcrumb\":{\"@id\":\"https:\/\/www.yoroow.com\/es\/detalle-del-producto\/fabrica-bano-ducha-de-lluvia-accesorios-de-plastico-de-agua-de-lluvia-filtro-de-ducha-superior-redonda-cabeza-de-la-ducha\/#breadcrumb\"},\"inLanguage\":\"es\",\"potentialAction\":[{\"@type\":\"ReadAction\",\"target\":[\"https:\/\/www.yoroow.com\/es\/detalle-del-producto\/fabrica-bano-ducha-de-lluvia-accesorios-de-plastico-de-agua-de-lluvia-filtro-de-ducha-superior-redonda-cabeza-de-la-ducha\/\"]}]},{\"@type\":\"ImageObject\",\"inLanguage\":\"es\",\"@id\":\"https:\/\/www.yoroow.com\/es\/detalle-del-producto\/fabrica-bano-ducha-de-lluvia-accesorios-de-plastico-de-agua-de-lluvia-filtro-de-ducha-superior-redonda-cabeza-de-la-ducha\/#primaryimage\",\"url\":\"https:\/\/www.yoroow.com\/wp-content\/uploads\/2025\/02\/4\u5bf8.jpg\",\"contentUrl\":\"https:\/\/www.yoroow.com\/wp-content\/uploads\/2025\/02\/4\u5bf8.jpg\",\"width\":519,\"height\":519,\"caption\":\"Factory Bathroom Rain Shower Head Accessories Plastic Water Rainfall Shower Filter Top Round Shower Head\"},{\"@type\":\"BreadcrumbList\",\"@id\":\"https:\/\/www.yoroow.com\/es\/detalle-del-producto\/fabrica-bano-ducha-de-lluvia-accesorios-de-plastico-de-agua-de-lluvia-filtro-de-ducha-superior-redonda-cabeza-de-la-ducha\/#breadcrumb\",\"itemListElement\":[{\"@type\":\"ListItem\",\"position\":1,\"name\":\"home\",\"item\":\"https:\/\/www.yoroow.com\/\"},{\"@type\":\"ListItem\",\"position\":2,\"name\":\"Product\",\"item\":\"https:\/\/www.yoroow.com\/product\/\"},{\"@type\":\"ListItem\",\"position\":3,\"name\":\"Factory-Made Portable Rain Shower Head with Filter Top Plastic Bathroom Accessories Top-Gerne Bath &#038; Shower Faucet from China\"}]},{\"@type\":\"WebSite\",\"@id\":\"https:\/\/www.yoroow.com\/es\/#website\",\"url\":\"https:\/\/www.yoroow.com\/es\/\",\"name\":\"YOROOW\",\"description\":\"\",\"publisher\":{\"@id\":\"https:\/\/www.yoroow.com\/es\/#organization\"},\"potentialAction\":[{\"@type\":\"SearchAction\",\"target\":{\"@type\":\"EntryPoint\",\"urlTemplate\":\"https:\/\/www.yoroow.com\/es\/?s={search_term_string}\"},\"query-input\":{\"@type\":\"PropertyValueSpecification\",\"valueRequired\":true,\"valueName\":\"search_term_string\"}}],\"inLanguage\":\"es\"},{\"@type\":\"Organization\",\"@id\":\"https:\/\/www.yoroow.com\/es\/#organization\",\"name\":\"YOROOW\",\"url\":\"https:\/\/www.yoroow.com\/es\/\",\"logo\":{\"@type\":\"ImageObject\",\"inLanguage\":\"es\",\"@id\":\"https:\/\/www.yoroow.com\/es\/#\/schema\/logo\/image\/\",\"url\":\"https:\/\/www.yoroow.com\/wp-content\/uploads\/2024\/12\/2024123007131061.png\",\"contentUrl\":\"https:\/\/www.yoroow.com\/wp-content\/uploads\/2024\/12\/2024123007131061.png\",\"width\":168,\"height\":27,\"caption\":\"YOROOW\"},\"image\":{\"@id\":\"https:\/\/www.yoroow.com\/es\/#\/schema\/logo\/image\/\"},\"sameAs\":[\"https:\/\/www.facebook.com\/people\/yoroowfaucetfactory\/61564236752362\/\"]}]}<\/script>\n<!-- \/ Yoast SEO Premium plugin. -->","yoast_head_json":{"title":"Factory-Made Portable Rain Shower Head with Filter Top Plastic Bathroom Accessories Top-Gerne Bath & Shower Faucet from China - YOROOW","description":"Factory-made portable rain shower head with filter, top plastic bathroom accessory. Popular bath and shower faucet from China, lightweight and easy to install. Exported to South America and Southeast Asia with competitive pricing.","robots":{"index":"index","follow":"follow","max-snippet":"max-snippet:-1","max-image-preview":"max-image-preview:large","max-video-preview":"max-video-preview:-1"},"canonical":"https:\/\/www.yoroow.com\/es\/detalle-del-producto\/fabrica-bano-ducha-de-lluvia-accesorios-de-plastico-de-agua-de-lluvia-filtro-de-ducha-superior-redonda-cabeza-de-la-ducha\/","og_locale":"es_ES","og_type":"article","og_title":"Factory-Made Portable Rain Shower Head with Filter Top Plastic Bathroom Accessories Top-Gerne Bath & Shower Faucet from China","og_description":"Factory-made portable rain shower head with filter, top plastic bathroom accessory. Popular bath and shower faucet from China, lightweight and easy to install. Exported to South America and Southeast Asia with competitive pricing.","og_url":"https:\/\/www.yoroow.com\/es\/detalle-del-producto\/fabrica-bano-ducha-de-lluvia-accesorios-de-plastico-de-agua-de-lluvia-filtro-de-ducha-superior-redonda-cabeza-de-la-ducha\/","og_site_name":"YOROOW","article_publisher":"https:\/\/www.facebook.com\/people\/yoroowfaucetfactory\/61564236752362\/","article_modified_time":"2025-05-16T01:45:29+00:00","og_image":[{"width":519,"height":519,"url":"https:\/\/www.yoroow.com\/wp-content\/uploads\/2025\/02\/4\u5bf8.jpg","type":"image\/jpeg"}],"twitter_card":"summary_large_image","twitter_misc":{"Tiempo de lectura":"1 minuto"},"schema":{"@context":"https:\/\/schema.org","@graph":[{"@type":"WebPage","@id":"https:\/\/www.yoroow.com\/es\/detalle-del-producto\/fabrica-bano-ducha-de-lluvia-accesorios-de-plastico-de-agua-de-lluvia-filtro-de-ducha-superior-redonda-cabeza-de-la-ducha\/","url":"https:\/\/www.yoroow.com\/es\/detalle-del-producto\/fabrica-bano-ducha-de-lluvia-accesorios-de-plastico-de-agua-de-lluvia-filtro-de-ducha-superior-redonda-cabeza-de-la-ducha\/","name":"Factory-Made Portable Rain Shower Head with Filter Top Plastic Bathroom Accessories Top-Gerne Bath & Shower Faucet from China - YOROOW","isPartOf":{"@id":"https:\/\/www.yoroow.com\/es\/#website"},"primaryImageOfPage":{"@id":"https:\/\/www.yoroow.com\/es\/detalle-del-producto\/fabrica-bano-ducha-de-lluvia-accesorios-de-plastico-de-agua-de-lluvia-filtro-de-ducha-superior-redonda-cabeza-de-la-ducha\/#primaryimage"},"image":{"@id":"https:\/\/www.yoroow.com\/es\/detalle-del-producto\/fabrica-bano-ducha-de-lluvia-accesorios-de-plastico-de-agua-de-lluvia-filtro-de-ducha-superior-redonda-cabeza-de-la-ducha\/#primaryimage"},"thumbnailUrl":"https:\/\/www.yoroow.com\/wp-content\/uploads\/2025\/02\/4\u5bf8.jpg","datePublished":"2025-02-28T09:17:29+00:00","dateModified":"2025-05-16T01:45:29+00:00","description":"Factory-made portable rain shower head with filter, top plastic bathroom accessory. Popular bath and shower faucet from China, lightweight and easy to install. Exported to South America and Southeast Asia with competitive pricing.","breadcrumb":{"@id":"https:\/\/www.yoroow.com\/es\/detalle-del-producto\/fabrica-bano-ducha-de-lluvia-accesorios-de-plastico-de-agua-de-lluvia-filtro-de-ducha-superior-redonda-cabeza-de-la-ducha\/#breadcrumb"},"inLanguage":"es","potentialAction":[{"@type":"ReadAction","target":["https:\/\/www.yoroow.com\/es\/detalle-del-producto\/fabrica-bano-ducha-de-lluvia-accesorios-de-plastico-de-agua-de-lluvia-filtro-de-ducha-superior-redonda-cabeza-de-la-ducha\/"]}]},{"@type":"ImageObject","inLanguage":"es","@id":"https:\/\/www.yoroow.com\/es\/detalle-del-producto\/fabrica-bano-ducha-de-lluvia-accesorios-de-plastico-de-agua-de-lluvia-filtro-de-ducha-superior-redonda-cabeza-de-la-ducha\/#primaryimage","url":"https:\/\/www.yoroow.com\/wp-content\/uploads\/2025\/02\/4\u5bf8.jpg","contentUrl":"https:\/\/www.yoroow.com\/wp-content\/uploads\/2025\/02\/4\u5bf8.jpg","width":519,"height":519,"caption":"Factory Bathroom Rain Shower Head Accessories Plastic Water Rainfall Shower Filter Top Round Shower Head"},{"@type":"BreadcrumbList","@id":"https:\/\/www.yoroow.com\/es\/detalle-del-producto\/fabrica-bano-ducha-de-lluvia-accesorios-de-plastico-de-agua-de-lluvia-filtro-de-ducha-superior-redonda-cabeza-de-la-ducha\/#breadcrumb","itemListElement":[{"@type":"ListItem","position":1,"name":"home","item":"https:\/\/www.yoroow.com\/"},{"@type":"ListItem","position":2,"name":"Product","item":"https:\/\/www.yoroow.com\/product\/"},{"@type":"ListItem","position":3,"name":"Factory-Made Portable Rain Shower Head with Filter Top Plastic Bathroom Accessories Top-Gerne Bath &#038; Shower Faucet from China"}]},{"@type":"WebSite","@id":"https:\/\/www.yoroow.com\/es\/#website","url":"https:\/\/www.yoroow.com\/es\/","name":"YOROOW","description":"","publisher":{"@id":"https:\/\/www.yoroow.com\/es\/#organization"},"potentialAction":[{"@type":"SearchAction","target":{"@type":"EntryPoint","urlTemplate":"https:\/\/www.yoroow.com\/es\/?s={search_term_string}"},"query-input":{"@type":"PropertyValueSpecification","valueRequired":true,"valueName":"search_term_string"}}],"inLanguage":"es"},{"@type":"Organization","@id":"https:\/\/www.yoroow.com\/es\/#organization","name":"YOROOW","url":"https:\/\/www.yoroow.com\/es\/","logo":{"@type":"ImageObject","inLanguage":"es","@id":"https:\/\/www.yoroow.com\/es\/#\/schema\/logo\/image\/","url":"https:\/\/www.yoroow.com\/wp-content\/uploads\/2024\/12\/2024123007131061.png","contentUrl":"https:\/\/www.yoroow.com\/wp-content\/uploads\/2024\/12\/2024123007131061.png","width":168,"height":27,"caption":"YOROOW"},"image":{"@id":"https:\/\/www.yoroow.com\/es\/#\/schema\/logo\/image\/"},"sameAs":["https:\/\/www.facebook.com\/people\/yoroowfaucetfactory\/61564236752362\/"]}]}},"_links":{"self":[{"href":"https:\/\/www.yoroow.com\/es\/wp-json\/wp\/v2\/product\/13550","targetHints":{"allow":["GET"]}}],"collection":[{"href":"https:\/\/www.yoroow.com\/es\/wp-json\/wp\/v2\/product"}],"about":[{"href":"https:\/\/www.yoroow.com\/es\/wp-json\/wp\/v2\/types\/product"}],"wp:featuredmedia":[{"embeddable":true,"href":"https:\/\/www.yoroow.com\/es\/wp-json\/wp\/v2\/media\/13545"}],"wp:attachment":[{"href":"https:\/\/www.yoroow.com\/es\/wp-json\/wp\/v2\/media?parent=13550"}],"wp:term":[{"taxonomy":"product_brand","embeddable":true,"href":"https:\/\/www.yoroow.com\/es\/wp-json\/wp\/v2\/product_brand?post=13550"},{"taxonomy":"product_cat","embeddable":true,"href":"https:\/\/www.yoroow.com\/es\/wp-json\/wp\/v2\/product_cat?post=13550"},{"taxonomy":"product_tag","embeddable":true,"href":"https:\/\/www.yoroow.com\/es\/wp-json\/wp\/v2\/product_tag?post=13550"}],"curies":[{"name":"wp","href":"https:\/\/api.w.org\/{rel}","templated":true}]}}