{"id":13272,"date":"2025-02-27T09:42:48","date_gmt":"2025-02-27T01:42:48","guid":{"rendered":"https:\/\/www.yoroow.com\/?post_type=product&#038;p=13272"},"modified":"2025-05-16T09:44:57","modified_gmt":"2025-05-16T01:44:57","slug":"bano-cromado-alto-lavabo-grifo-montado-en-la-cubierta-de-una-sola-ronda-mango-pulsador-de-accion-retardada-grifos","status":"publish","type":"product","link":"https:\/\/www.yoroow.com\/es\/detalle-del-producto\/bano-cromado-alto-lavabo-grifo-montado-en-la-cubierta-de-una-sola-ronda-mango-pulsador-de-accion-retardada-grifos\/","title":{"rendered":"Las ventas directas de f\u00e1brica cromado de un solo mango grifo de ba\u00f1o lavabo alto montado en la cubierta pulsador de acci\u00f3n retardada Bibcocks superficie de montaje de cocina"},"content":{"rendered":"<p>El Factory Direct Sales Chrome Plated Single Handle Bathroom Faucet es un mezclador montado en la cubierta del lavabo alto dise\u00f1ado para el uso de agua fr\u00eda y caliente. Este grifo es perfecto para cuartos de ba\u00f1o, proporcionando una soluci\u00f3n elegante para lavabos y fregaderos. El pulsador de acci\u00f3n retardada lo hace ideal para zonas de mucho tr\u00e1nsito, ya que permite un f\u00e1cil manejo y la conservaci\u00f3n del agua. El acabado cromado garantiza un aspecto elegante y moderno a la vez que mantiene la durabilidad y la resistencia a la corrosi\u00f3n. Fabricada en China, esta grifer\u00eda se beneficia de precios directos de f\u00e1brica y puede personalizarse seg\u00fan las demandas espec\u00edficas del mercado, especialmente para su exportaci\u00f3n a Sudam\u00e9rica y el Sudeste Asi\u00e1tico.<\/p>","protected":false},"excerpt":{"rendered":"<p>El Factory Direct Sales Chrome Plated Single Handle Bathroom Faucet es un mezclador montado en la cubierta del lavabo alto dise\u00f1ado para el uso de agua fr\u00eda y caliente. Este grifo es perfecto para cuartos de ba\u00f1o, proporcionando una soluci\u00f3n elegante para lavabos y fregaderos. El pulsador de acci\u00f3n retardada lo hace ideal para zonas de mucho tr\u00e1nsito, permitiendo un f\u00e1cil manejo y conservaci\u00f3n del agua....<\/p>","protected":false},"featured_media":13281,"template":"","meta":{"_acf_changed":false,"_kad_post_transparent":"default","_kad_post_title":"","_kad_post_layout":"default","_kad_post_sidebar_id":"","_kad_post_content_style":"default","_kad_post_vertical_padding":"default","_kad_post_feature":"","_kad_post_feature_position":"","_kad_post_header":false,"_kad_post_footer":false},"product_brand":[],"product_cat":[227],"product_tag":[7524,7518],"class_list":{"0":"post-13272","1":"product","2":"type-product","3":"status-publish","4":"has-post-thumbnail","6":"product_cat-deck-delay-faucet","7":"product_tag-push-button-time-delay-faucet","8":"product_tag-surface-mounted-time-delay-faucet","10":"first","11":"instock","12":"shipping-taxable","13":"purchasable","14":"product-type-variable","15":"wvs-archive-product-wrapper","16":"entry","17":"content-bg","18":"loop-entry"},"acf":[],"yoast_head":"<!-- This site is optimized with the Yoast SEO Premium plugin v25.4 (Yoast SEO v27.0) - https:\/\/yoast.com\/product\/yoast-seo-premium-wordpress\/ -->\n<title>Factory Direct Sales Chrome Plated Single Handle Bathroom Faucet Tall Basin Deck Mounted Push Button Time Delay Action Bibcocks Surface Mount Kitchen - YOROOW<\/title>\n<meta name=\"description\" content=\"Factory direct sales chrome plated single handle bathroom faucet with tall basin deck mount and push button time delay action. Surface mount design for public facilities. Made in China, exported widely to South America and Southeast Asia.\" \/>\n<meta name=\"robots\" content=\"index, follow, max-snippet:-1, max-image-preview:large, max-video-preview:-1\" \/>\n<link rel=\"canonical\" href=\"https:\/\/www.yoroow.com\/es\/detalle-del-producto\/bano-cromado-alto-lavabo-grifo-montado-en-la-cubierta-de-una-sola-ronda-mango-pulsador-de-accion-retardada-grifos\/\" \/>\n<meta property=\"og:locale\" content=\"es_ES\" \/>\n<meta property=\"og:type\" content=\"article\" \/>\n<meta property=\"og:title\" content=\"Factory Direct Sales Chrome Plated Single Handle Bathroom Faucet Tall Basin Deck Mounted Push Button Time Delay Action Bibcocks Surface Mount Kitchen\" \/>\n<meta property=\"og:description\" content=\"Factory direct sales chrome plated single handle bathroom faucet with tall basin deck mount and push button time delay action. Surface mount design for public facilities. Made in China, exported widely to South America and Southeast Asia.\" \/>\n<meta property=\"og:url\" content=\"https:\/\/www.yoroow.com\/es\/detalle-del-producto\/bano-cromado-alto-lavabo-grifo-montado-en-la-cubierta-de-una-sola-ronda-mango-pulsador-de-accion-retardada-grifos\/\" \/>\n<meta property=\"og:site_name\" content=\"YOROOW\" \/>\n<meta property=\"article:publisher\" content=\"https:\/\/www.facebook.com\/people\/yoroowfaucetfactory\/61564236752362\/\" \/>\n<meta property=\"article:modified_time\" content=\"2025-05-16T01:44:57+00:00\" \/>\n<meta property=\"og:image\" content=\"https:\/\/www.yoroow.com\/wp-content\/uploads\/2025\/02\/22255173264_558095171.jpg\" \/>\n\t<meta property=\"og:image:width\" content=\"800\" \/>\n\t<meta property=\"og:image:height\" content=\"800\" \/>\n\t<meta property=\"og:image:type\" content=\"image\/jpeg\" \/>\n<meta name=\"twitter:card\" content=\"summary_large_image\" \/>\n<meta name=\"twitter:label1\" content=\"Tiempo de lectura\" \/>\n\t<meta name=\"twitter:data1\" content=\"1 minuto\" \/>\n<script type=\"application\/ld+json\" class=\"yoast-schema-graph\">{\"@context\":\"https:\/\/schema.org\",\"@graph\":[{\"@type\":\"WebPage\",\"@id\":\"https:\/\/www.yoroow.com\/es\/detalle-del-producto\/bano-cromado-alto-lavabo-grifo-montado-en-la-cubierta-de-una-sola-ronda-mango-pulsador-de-accion-retardada-grifos\/\",\"url\":\"https:\/\/www.yoroow.com\/es\/detalle-del-producto\/bano-cromado-alto-lavabo-grifo-montado-en-la-cubierta-de-una-sola-ronda-mango-pulsador-de-accion-retardada-grifos\/\",\"name\":\"Factory Direct Sales Chrome Plated Single Handle Bathroom Faucet Tall Basin Deck Mounted Push Button Time Delay Action Bibcocks Surface Mount Kitchen - YOROOW\",\"isPartOf\":{\"@id\":\"https:\/\/www.yoroow.com\/es\/#website\"},\"primaryImageOfPage\":{\"@id\":\"https:\/\/www.yoroow.com\/es\/detalle-del-producto\/bano-cromado-alto-lavabo-grifo-montado-en-la-cubierta-de-una-sola-ronda-mango-pulsador-de-accion-retardada-grifos\/#primaryimage\"},\"image\":{\"@id\":\"https:\/\/www.yoroow.com\/es\/detalle-del-producto\/bano-cromado-alto-lavabo-grifo-montado-en-la-cubierta-de-una-sola-ronda-mango-pulsador-de-accion-retardada-grifos\/#primaryimage\"},\"thumbnailUrl\":\"https:\/\/www.yoroow.com\/wp-content\/uploads\/2025\/02\/22255173264_558095171.jpg\",\"datePublished\":\"2025-02-27T01:42:48+00:00\",\"dateModified\":\"2025-05-16T01:44:57+00:00\",\"description\":\"Factory direct sales chrome plated single handle bathroom faucet with tall basin deck mount and push button time delay action. Surface mount design for public facilities. Made in China, exported widely to South America and Southeast Asia.\",\"breadcrumb\":{\"@id\":\"https:\/\/www.yoroow.com\/es\/detalle-del-producto\/bano-cromado-alto-lavabo-grifo-montado-en-la-cubierta-de-una-sola-ronda-mango-pulsador-de-accion-retardada-grifos\/#breadcrumb\"},\"inLanguage\":\"es\",\"potentialAction\":[{\"@type\":\"ReadAction\",\"target\":[\"https:\/\/www.yoroow.com\/es\/detalle-del-producto\/bano-cromado-alto-lavabo-grifo-montado-en-la-cubierta-de-una-sola-ronda-mango-pulsador-de-accion-retardada-grifos\/\"]}]},{\"@type\":\"ImageObject\",\"inLanguage\":\"es\",\"@id\":\"https:\/\/www.yoroow.com\/es\/detalle-del-producto\/bano-cromado-alto-lavabo-grifo-montado-en-la-cubierta-de-una-sola-ronda-mango-pulsador-de-accion-retardada-grifos\/#primaryimage\",\"url\":\"https:\/\/www.yoroow.com\/wp-content\/uploads\/2025\/02\/22255173264_558095171.jpg\",\"contentUrl\":\"https:\/\/www.yoroow.com\/wp-content\/uploads\/2025\/02\/22255173264_558095171.jpg\",\"width\":800,\"height\":800,\"caption\":\"Chrome Plated Bathroom Tall Basin Faucet Deck Mounted Single Round Handle Push Button Delay Action Taps\"},{\"@type\":\"BreadcrumbList\",\"@id\":\"https:\/\/www.yoroow.com\/es\/detalle-del-producto\/bano-cromado-alto-lavabo-grifo-montado-en-la-cubierta-de-una-sola-ronda-mango-pulsador-de-accion-retardada-grifos\/#breadcrumb\",\"itemListElement\":[{\"@type\":\"ListItem\",\"position\":1,\"name\":\"home\",\"item\":\"https:\/\/www.yoroow.com\/\"},{\"@type\":\"ListItem\",\"position\":2,\"name\":\"Product\",\"item\":\"https:\/\/www.yoroow.com\/product\/\"},{\"@type\":\"ListItem\",\"position\":3,\"name\":\"Factory Direct Sales Chrome Plated Single Handle Bathroom Faucet Tall Basin Deck Mounted Push Button Time Delay Action Bibcocks Surface Mount Kitchen\"}]},{\"@type\":\"WebSite\",\"@id\":\"https:\/\/www.yoroow.com\/es\/#website\",\"url\":\"https:\/\/www.yoroow.com\/es\/\",\"name\":\"YOROOW\",\"description\":\"\",\"publisher\":{\"@id\":\"https:\/\/www.yoroow.com\/es\/#organization\"},\"potentialAction\":[{\"@type\":\"SearchAction\",\"target\":{\"@type\":\"EntryPoint\",\"urlTemplate\":\"https:\/\/www.yoroow.com\/es\/?s={search_term_string}\"},\"query-input\":{\"@type\":\"PropertyValueSpecification\",\"valueRequired\":true,\"valueName\":\"search_term_string\"}}],\"inLanguage\":\"es\"},{\"@type\":\"Organization\",\"@id\":\"https:\/\/www.yoroow.com\/es\/#organization\",\"name\":\"YOROOW\",\"url\":\"https:\/\/www.yoroow.com\/es\/\",\"logo\":{\"@type\":\"ImageObject\",\"inLanguage\":\"es\",\"@id\":\"https:\/\/www.yoroow.com\/es\/#\/schema\/logo\/image\/\",\"url\":\"https:\/\/www.yoroow.com\/wp-content\/uploads\/2024\/12\/2024123007131061.png\",\"contentUrl\":\"https:\/\/www.yoroow.com\/wp-content\/uploads\/2024\/12\/2024123007131061.png\",\"width\":168,\"height\":27,\"caption\":\"YOROOW\"},\"image\":{\"@id\":\"https:\/\/www.yoroow.com\/es\/#\/schema\/logo\/image\/\"},\"sameAs\":[\"https:\/\/www.facebook.com\/people\/yoroowfaucetfactory\/61564236752362\/\"]}]}<\/script>\n<!-- \/ Yoast SEO Premium plugin. -->","yoast_head_json":{"title":"Factory Direct Sales Chrome Plated Single Handle Bathroom Faucet Tall Basin Deck Mounted Push Button Time Delay Action Bibcocks Surface Mount Kitchen - YOROOW","description":"Factory direct sales chrome plated single handle bathroom faucet with tall basin deck mount and push button time delay action. Surface mount design for public facilities. Made in China, exported widely to South America and Southeast Asia.","robots":{"index":"index","follow":"follow","max-snippet":"max-snippet:-1","max-image-preview":"max-image-preview:large","max-video-preview":"max-video-preview:-1"},"canonical":"https:\/\/www.yoroow.com\/es\/detalle-del-producto\/bano-cromado-alto-lavabo-grifo-montado-en-la-cubierta-de-una-sola-ronda-mango-pulsador-de-accion-retardada-grifos\/","og_locale":"es_ES","og_type":"article","og_title":"Factory Direct Sales Chrome Plated Single Handle Bathroom Faucet Tall Basin Deck Mounted Push Button Time Delay Action Bibcocks Surface Mount Kitchen","og_description":"Factory direct sales chrome plated single handle bathroom faucet with tall basin deck mount and push button time delay action. Surface mount design for public facilities. Made in China, exported widely to South America and Southeast Asia.","og_url":"https:\/\/www.yoroow.com\/es\/detalle-del-producto\/bano-cromado-alto-lavabo-grifo-montado-en-la-cubierta-de-una-sola-ronda-mango-pulsador-de-accion-retardada-grifos\/","og_site_name":"YOROOW","article_publisher":"https:\/\/www.facebook.com\/people\/yoroowfaucetfactory\/61564236752362\/","article_modified_time":"2025-05-16T01:44:57+00:00","og_image":[{"width":800,"height":800,"url":"https:\/\/www.yoroow.com\/wp-content\/uploads\/2025\/02\/22255173264_558095171.jpg","type":"image\/jpeg"}],"twitter_card":"summary_large_image","twitter_misc":{"Tiempo de lectura":"1 minuto"},"schema":{"@context":"https:\/\/schema.org","@graph":[{"@type":"WebPage","@id":"https:\/\/www.yoroow.com\/es\/detalle-del-producto\/bano-cromado-alto-lavabo-grifo-montado-en-la-cubierta-de-una-sola-ronda-mango-pulsador-de-accion-retardada-grifos\/","url":"https:\/\/www.yoroow.com\/es\/detalle-del-producto\/bano-cromado-alto-lavabo-grifo-montado-en-la-cubierta-de-una-sola-ronda-mango-pulsador-de-accion-retardada-grifos\/","name":"Factory Direct Sales Chrome Plated Single Handle Bathroom Faucet Tall Basin Deck Mounted Push Button Time Delay Action Bibcocks Surface Mount Kitchen - YOROOW","isPartOf":{"@id":"https:\/\/www.yoroow.com\/es\/#website"},"primaryImageOfPage":{"@id":"https:\/\/www.yoroow.com\/es\/detalle-del-producto\/bano-cromado-alto-lavabo-grifo-montado-en-la-cubierta-de-una-sola-ronda-mango-pulsador-de-accion-retardada-grifos\/#primaryimage"},"image":{"@id":"https:\/\/www.yoroow.com\/es\/detalle-del-producto\/bano-cromado-alto-lavabo-grifo-montado-en-la-cubierta-de-una-sola-ronda-mango-pulsador-de-accion-retardada-grifos\/#primaryimage"},"thumbnailUrl":"https:\/\/www.yoroow.com\/wp-content\/uploads\/2025\/02\/22255173264_558095171.jpg","datePublished":"2025-02-27T01:42:48+00:00","dateModified":"2025-05-16T01:44:57+00:00","description":"Factory direct sales chrome plated single handle bathroom faucet with tall basin deck mount and push button time delay action. Surface mount design for public facilities. Made in China, exported widely to South America and Southeast Asia.","breadcrumb":{"@id":"https:\/\/www.yoroow.com\/es\/detalle-del-producto\/bano-cromado-alto-lavabo-grifo-montado-en-la-cubierta-de-una-sola-ronda-mango-pulsador-de-accion-retardada-grifos\/#breadcrumb"},"inLanguage":"es","potentialAction":[{"@type":"ReadAction","target":["https:\/\/www.yoroow.com\/es\/detalle-del-producto\/bano-cromado-alto-lavabo-grifo-montado-en-la-cubierta-de-una-sola-ronda-mango-pulsador-de-accion-retardada-grifos\/"]}]},{"@type":"ImageObject","inLanguage":"es","@id":"https:\/\/www.yoroow.com\/es\/detalle-del-producto\/bano-cromado-alto-lavabo-grifo-montado-en-la-cubierta-de-una-sola-ronda-mango-pulsador-de-accion-retardada-grifos\/#primaryimage","url":"https:\/\/www.yoroow.com\/wp-content\/uploads\/2025\/02\/22255173264_558095171.jpg","contentUrl":"https:\/\/www.yoroow.com\/wp-content\/uploads\/2025\/02\/22255173264_558095171.jpg","width":800,"height":800,"caption":"Chrome Plated Bathroom Tall Basin Faucet Deck Mounted Single Round Handle Push Button Delay Action Taps"},{"@type":"BreadcrumbList","@id":"https:\/\/www.yoroow.com\/es\/detalle-del-producto\/bano-cromado-alto-lavabo-grifo-montado-en-la-cubierta-de-una-sola-ronda-mango-pulsador-de-accion-retardada-grifos\/#breadcrumb","itemListElement":[{"@type":"ListItem","position":1,"name":"home","item":"https:\/\/www.yoroow.com\/"},{"@type":"ListItem","position":2,"name":"Product","item":"https:\/\/www.yoroow.com\/product\/"},{"@type":"ListItem","position":3,"name":"Factory Direct Sales Chrome Plated Single Handle Bathroom Faucet Tall Basin Deck Mounted Push Button Time Delay Action Bibcocks Surface Mount Kitchen"}]},{"@type":"WebSite","@id":"https:\/\/www.yoroow.com\/es\/#website","url":"https:\/\/www.yoroow.com\/es\/","name":"YOROOW","description":"","publisher":{"@id":"https:\/\/www.yoroow.com\/es\/#organization"},"potentialAction":[{"@type":"SearchAction","target":{"@type":"EntryPoint","urlTemplate":"https:\/\/www.yoroow.com\/es\/?s={search_term_string}"},"query-input":{"@type":"PropertyValueSpecification","valueRequired":true,"valueName":"search_term_string"}}],"inLanguage":"es"},{"@type":"Organization","@id":"https:\/\/www.yoroow.com\/es\/#organization","name":"YOROOW","url":"https:\/\/www.yoroow.com\/es\/","logo":{"@type":"ImageObject","inLanguage":"es","@id":"https:\/\/www.yoroow.com\/es\/#\/schema\/logo\/image\/","url":"https:\/\/www.yoroow.com\/wp-content\/uploads\/2024\/12\/2024123007131061.png","contentUrl":"https:\/\/www.yoroow.com\/wp-content\/uploads\/2024\/12\/2024123007131061.png","width":168,"height":27,"caption":"YOROOW"},"image":{"@id":"https:\/\/www.yoroow.com\/es\/#\/schema\/logo\/image\/"},"sameAs":["https:\/\/www.facebook.com\/people\/yoroowfaucetfactory\/61564236752362\/"]}]}},"_links":{"self":[{"href":"https:\/\/www.yoroow.com\/es\/wp-json\/wp\/v2\/product\/13272","targetHints":{"allow":["GET"]}}],"collection":[{"href":"https:\/\/www.yoroow.com\/es\/wp-json\/wp\/v2\/product"}],"about":[{"href":"https:\/\/www.yoroow.com\/es\/wp-json\/wp\/v2\/types\/product"}],"wp:featuredmedia":[{"embeddable":true,"href":"https:\/\/www.yoroow.com\/es\/wp-json\/wp\/v2\/media\/13281"}],"wp:attachment":[{"href":"https:\/\/www.yoroow.com\/es\/wp-json\/wp\/v2\/media?parent=13272"}],"wp:term":[{"taxonomy":"product_brand","embeddable":true,"href":"https:\/\/www.yoroow.com\/es\/wp-json\/wp\/v2\/product_brand?post=13272"},{"taxonomy":"product_cat","embeddable":true,"href":"https:\/\/www.yoroow.com\/es\/wp-json\/wp\/v2\/product_cat?post=13272"},{"taxonomy":"product_tag","embeddable":true,"href":"https:\/\/www.yoroow.com\/es\/wp-json\/wp\/v2\/product_tag?post=13272"}],"curies":[{"name":"wp","href":"https:\/\/api.w.org\/{rel}","templated":true}]}}