{"id":13006,"date":"2025-02-25T15:36:11","date_gmt":"2025-02-25T07:36:11","guid":{"rendered":"https:\/\/www.yoroow.com\/?post_type=product&#038;p=13006"},"modified":"2025-05-16T09:42:45","modified_gmt":"2025-05-16T01:42:45","slug":"venta-directa-de-fabrica-monomando-de-un-solo-agujero-del-lavabo-grifo-mezclador-grifo-largo-para-lavabo-del-bano-grifo-de-calidad-fregadero","status":"publish","type":"product","link":"https:\/\/www.yoroow.com\/es\/detalle-del-producto\/venta-directa-de-fabrica-monomando-de-un-solo-agujero-del-lavabo-grifo-mezclador-grifo-largo-para-lavabo-del-bano-grifo-de-calidad-fregadero\/","title":{"rendered":"Venta directa de f\u00e1brica de un solo mango de un solo agujero del lavabo grifo mezclador grifo largo para el fregadero del ba\u00f1o grifo de calidad del fregadero"},"content":{"rendered":"<p>El grifo monomando de lavabo de venta directa de f\u00e1brica est\u00e1 dise\u00f1ado para lavabos de ba\u00f1o. Cuenta con un grifo largo para un aspecto elegante y moderno. Este grifo mezclador est\u00e1 fabricado con materiales de alta calidad, lo que garantiza un uso prolongado sin renunciar al estilo. Su dise\u00f1o sencillo pero eficaz lo hace adecuado para una gran variedad de estilos de ba\u00f1o, desde el cl\u00e1sico al contempor\u00e1neo. Fabricado en China por YOROOW, este grifo es una excelente opci\u00f3n para los clientes de Am\u00e9rica del Sur y el Sudeste Asi\u00e1tico que necesitan soluciones fiables, de alta calidad y rentables.<\/p>","protected":false},"excerpt":{"rendered":"<p>The factory direct sale single-handle single-hole basin faucet is designed for bathroom sinks. It features a long faucet for an elegant and modern look. This mixer faucet is built with high-quality materials, ensuring long-term use without compromising on style. The simple yet effective design makes it suitable for a variety of bathroom styles, from classic\u2026<\/p>","protected":false},"featured_media":6700,"template":"","meta":{"_acf_changed":false,"_kad_post_transparent":"default","_kad_post_title":"","_kad_post_layout":"default","_kad_post_sidebar_id":"","_kad_post_content_style":"default","_kad_post_vertical_padding":"default","_kad_post_feature":"","_kad_post_feature_position":"","_kad_post_header":false,"_kad_post_footer":false},"product_brand":[],"product_cat":[238,1553],"product_tag":[6048,6007],"class_list":{"0":"post-13006","1":"product","2":"type-product","3":"status-publish","4":"has-post-thumbnail","6":"product_cat-mixer-basin-faucet","7":"product_cat-square-wide","8":"product_tag-bathroom-sink-basin-tap","9":"product_tag-long-basin-faucet","11":"first","12":"instock","13":"shipping-taxable","14":"purchasable","15":"product-type-variable","16":"wvs-archive-product-wrapper","17":"entry","18":"content-bg","19":"loop-entry"},"acf":[],"yoast_head":"<!-- This site is optimized with the Yoast SEO Premium plugin v25.4 (Yoast SEO v27.0) - https:\/\/yoast.com\/product\/yoast-seo-premium-wordpress\/ -->\n<title>Factory Direct Sale Single Handle Single Hole Basin Faucet Mixer Long Faucet for Bathroom Sink Quality Sink Tap - YOROOW<\/title>\n<meta name=\"description\" content=\"Factory direct single-handle single-hole basin faucet with a long spout, designed for bathroom sinks. Quality materials ensure durability and smooth operation. Manufactured in China with stable export logistics to South American and Southeast Asian clients.\" \/>\n<meta name=\"robots\" content=\"index, follow, max-snippet:-1, max-image-preview:large, max-video-preview:-1\" \/>\n<link rel=\"canonical\" href=\"https:\/\/www.yoroow.com\/es\/detalle-del-producto\/venta-directa-de-fabrica-monomando-de-un-solo-agujero-del-lavabo-grifo-mezclador-grifo-largo-para-lavabo-del-bano-grifo-de-calidad-fregadero\/\" \/>\n<meta property=\"og:locale\" content=\"es_ES\" \/>\n<meta property=\"og:type\" content=\"article\" \/>\n<meta property=\"og:title\" content=\"Factory Direct Sale Single Handle Single Hole Basin Faucet Mixer Long Faucet for Bathroom Sink Quality Sink Tap\" \/>\n<meta property=\"og:description\" content=\"Factory direct single-handle single-hole basin faucet with a long spout, designed for bathroom sinks. Quality materials ensure durability and smooth operation. Manufactured in China with stable export logistics to South American and Southeast Asian clients.\" \/>\n<meta property=\"og:url\" content=\"https:\/\/www.yoroow.com\/es\/detalle-del-producto\/venta-directa-de-fabrica-monomando-de-un-solo-agujero-del-lavabo-grifo-mezclador-grifo-largo-para-lavabo-del-bano-grifo-de-calidad-fregadero\/\" \/>\n<meta property=\"og:site_name\" content=\"YOROOW\" \/>\n<meta property=\"article:publisher\" content=\"https:\/\/www.facebook.com\/people\/yoroowfaucetfactory\/61564236752362\/\" \/>\n<meta property=\"article:modified_time\" content=\"2025-05-16T01:42:45+00:00\" \/>\n<meta property=\"og:image\" content=\"https:\/\/www.yoroow.com\/wp-content\/uploads\/2024\/12\/2024122508452560-e1735116351303.jpg\" \/>\n\t<meta property=\"og:image:width\" content=\"704\" \/>\n\t<meta property=\"og:image:height\" content=\"704\" \/>\n\t<meta property=\"og:image:type\" content=\"image\/jpeg\" \/>\n<meta name=\"twitter:card\" content=\"summary_large_image\" \/>\n<meta name=\"twitter:label1\" content=\"Tiempo de lectura\" \/>\n\t<meta name=\"twitter:data1\" content=\"2 minutos\" \/>\n<script type=\"application\/ld+json\" class=\"yoast-schema-graph\">{\"@context\":\"https:\/\/schema.org\",\"@graph\":[{\"@type\":\"WebPage\",\"@id\":\"https:\/\/www.yoroow.com\/es\/detalle-del-producto\/venta-directa-de-fabrica-monomando-de-un-solo-agujero-del-lavabo-grifo-mezclador-grifo-largo-para-lavabo-del-bano-grifo-de-calidad-fregadero\/\",\"url\":\"https:\/\/www.yoroow.com\/es\/detalle-del-producto\/venta-directa-de-fabrica-monomando-de-un-solo-agujero-del-lavabo-grifo-mezclador-grifo-largo-para-lavabo-del-bano-grifo-de-calidad-fregadero\/\",\"name\":\"Factory Direct Sale Single Handle Single Hole Basin Faucet Mixer Long Faucet for Bathroom Sink Quality Sink Tap - YOROOW\",\"isPartOf\":{\"@id\":\"https:\/\/www.yoroow.com\/es\/#website\"},\"primaryImageOfPage\":{\"@id\":\"https:\/\/www.yoroow.com\/es\/detalle-del-producto\/venta-directa-de-fabrica-monomando-de-un-solo-agujero-del-lavabo-grifo-mezclador-grifo-largo-para-lavabo-del-bano-grifo-de-calidad-fregadero\/#primaryimage\"},\"image\":{\"@id\":\"https:\/\/www.yoroow.com\/es\/detalle-del-producto\/venta-directa-de-fabrica-monomando-de-un-solo-agujero-del-lavabo-grifo-mezclador-grifo-largo-para-lavabo-del-bano-grifo-de-calidad-fregadero\/#primaryimage\"},\"thumbnailUrl\":\"https:\/\/www.yoroow.com\/wp-content\/uploads\/2024\/12\/2024122508452560-e1735116351303.jpg\",\"datePublished\":\"2025-02-25T07:36:11+00:00\",\"dateModified\":\"2025-05-16T01:42:45+00:00\",\"description\":\"Factory direct single-handle single-hole basin faucet with a long spout, designed for bathroom sinks. Quality materials ensure durability and smooth operation. Manufactured in China with stable export logistics to South American and Southeast Asian clients.\",\"breadcrumb\":{\"@id\":\"https:\/\/www.yoroow.com\/es\/detalle-del-producto\/venta-directa-de-fabrica-monomando-de-un-solo-agujero-del-lavabo-grifo-mezclador-grifo-largo-para-lavabo-del-bano-grifo-de-calidad-fregadero\/#breadcrumb\"},\"inLanguage\":\"es\",\"potentialAction\":[{\"@type\":\"ReadAction\",\"target\":[\"https:\/\/www.yoroow.com\/es\/detalle-del-producto\/venta-directa-de-fabrica-monomando-de-un-solo-agujero-del-lavabo-grifo-mezclador-grifo-largo-para-lavabo-del-bano-grifo-de-calidad-fregadero\/\"]}]},{\"@type\":\"ImageObject\",\"inLanguage\":\"es\",\"@id\":\"https:\/\/www.yoroow.com\/es\/detalle-del-producto\/venta-directa-de-fabrica-monomando-de-un-solo-agujero-del-lavabo-grifo-mezclador-grifo-largo-para-lavabo-del-bano-grifo-de-calidad-fregadero\/#primaryimage\",\"url\":\"https:\/\/www.yoroow.com\/wp-content\/uploads\/2024\/12\/2024122508452560-e1735116351303.jpg\",\"contentUrl\":\"https:\/\/www.yoroow.com\/wp-content\/uploads\/2024\/12\/2024122508452560-e1735116351303.jpg\",\"width\":704,\"height\":704,\"caption\":\"Golden Single Handle Contemporary Luxury Bathroom Basin Faucet Stainless Steel SinkWashbasin Mixer Faucet\"},{\"@type\":\"BreadcrumbList\",\"@id\":\"https:\/\/www.yoroow.com\/es\/detalle-del-producto\/venta-directa-de-fabrica-monomando-de-un-solo-agujero-del-lavabo-grifo-mezclador-grifo-largo-para-lavabo-del-bano-grifo-de-calidad-fregadero\/#breadcrumb\",\"itemListElement\":[{\"@type\":\"ListItem\",\"position\":1,\"name\":\"home\",\"item\":\"https:\/\/www.yoroow.com\/\"},{\"@type\":\"ListItem\",\"position\":2,\"name\":\"Product\",\"item\":\"https:\/\/www.yoroow.com\/product\/\"},{\"@type\":\"ListItem\",\"position\":3,\"name\":\"Factory Direct Sale Single Handle Single Hole Basin Faucet Mixer Long Faucet for Bathroom Sink Quality Sink Tap\"}]},{\"@type\":\"WebSite\",\"@id\":\"https:\/\/www.yoroow.com\/es\/#website\",\"url\":\"https:\/\/www.yoroow.com\/es\/\",\"name\":\"YOROOW\",\"description\":\"\",\"publisher\":{\"@id\":\"https:\/\/www.yoroow.com\/es\/#organization\"},\"potentialAction\":[{\"@type\":\"SearchAction\",\"target\":{\"@type\":\"EntryPoint\",\"urlTemplate\":\"https:\/\/www.yoroow.com\/es\/?s={search_term_string}\"},\"query-input\":{\"@type\":\"PropertyValueSpecification\",\"valueRequired\":true,\"valueName\":\"search_term_string\"}}],\"inLanguage\":\"es\"},{\"@type\":\"Organization\",\"@id\":\"https:\/\/www.yoroow.com\/es\/#organization\",\"name\":\"YOROOW\",\"url\":\"https:\/\/www.yoroow.com\/es\/\",\"logo\":{\"@type\":\"ImageObject\",\"inLanguage\":\"es\",\"@id\":\"https:\/\/www.yoroow.com\/es\/#\/schema\/logo\/image\/\",\"url\":\"https:\/\/www.yoroow.com\/wp-content\/uploads\/2024\/12\/2024123007131061.png\",\"contentUrl\":\"https:\/\/www.yoroow.com\/wp-content\/uploads\/2024\/12\/2024123007131061.png\",\"width\":168,\"height\":27,\"caption\":\"YOROOW\"},\"image\":{\"@id\":\"https:\/\/www.yoroow.com\/es\/#\/schema\/logo\/image\/\"},\"sameAs\":[\"https:\/\/www.facebook.com\/people\/yoroowfaucetfactory\/61564236752362\/\"]}]}<\/script>\n<!-- \/ Yoast SEO Premium plugin. -->","yoast_head_json":{"title":"Factory Direct Sale Single Handle Single Hole Basin Faucet Mixer Long Faucet for Bathroom Sink Quality Sink Tap - YOROOW","description":"Factory direct single-handle single-hole basin faucet with a long spout, designed for bathroom sinks. Quality materials ensure durability and smooth operation. Manufactured in China with stable export logistics to South American and Southeast Asian clients.","robots":{"index":"index","follow":"follow","max-snippet":"max-snippet:-1","max-image-preview":"max-image-preview:large","max-video-preview":"max-video-preview:-1"},"canonical":"https:\/\/www.yoroow.com\/es\/detalle-del-producto\/venta-directa-de-fabrica-monomando-de-un-solo-agujero-del-lavabo-grifo-mezclador-grifo-largo-para-lavabo-del-bano-grifo-de-calidad-fregadero\/","og_locale":"es_ES","og_type":"article","og_title":"Factory Direct Sale Single Handle Single Hole Basin Faucet Mixer Long Faucet for Bathroom Sink Quality Sink Tap","og_description":"Factory direct single-handle single-hole basin faucet with a long spout, designed for bathroom sinks. Quality materials ensure durability and smooth operation. Manufactured in China with stable export logistics to South American and Southeast Asian clients.","og_url":"https:\/\/www.yoroow.com\/es\/detalle-del-producto\/venta-directa-de-fabrica-monomando-de-un-solo-agujero-del-lavabo-grifo-mezclador-grifo-largo-para-lavabo-del-bano-grifo-de-calidad-fregadero\/","og_site_name":"YOROOW","article_publisher":"https:\/\/www.facebook.com\/people\/yoroowfaucetfactory\/61564236752362\/","article_modified_time":"2025-05-16T01:42:45+00:00","og_image":[{"width":704,"height":704,"url":"https:\/\/www.yoroow.com\/wp-content\/uploads\/2024\/12\/2024122508452560-e1735116351303.jpg","type":"image\/jpeg"}],"twitter_card":"summary_large_image","twitter_misc":{"Tiempo de lectura":"2 minutos"},"schema":{"@context":"https:\/\/schema.org","@graph":[{"@type":"WebPage","@id":"https:\/\/www.yoroow.com\/es\/detalle-del-producto\/venta-directa-de-fabrica-monomando-de-un-solo-agujero-del-lavabo-grifo-mezclador-grifo-largo-para-lavabo-del-bano-grifo-de-calidad-fregadero\/","url":"https:\/\/www.yoroow.com\/es\/detalle-del-producto\/venta-directa-de-fabrica-monomando-de-un-solo-agujero-del-lavabo-grifo-mezclador-grifo-largo-para-lavabo-del-bano-grifo-de-calidad-fregadero\/","name":"Factory Direct Sale Single Handle Single Hole Basin Faucet Mixer Long Faucet for Bathroom Sink Quality Sink Tap - YOROOW","isPartOf":{"@id":"https:\/\/www.yoroow.com\/es\/#website"},"primaryImageOfPage":{"@id":"https:\/\/www.yoroow.com\/es\/detalle-del-producto\/venta-directa-de-fabrica-monomando-de-un-solo-agujero-del-lavabo-grifo-mezclador-grifo-largo-para-lavabo-del-bano-grifo-de-calidad-fregadero\/#primaryimage"},"image":{"@id":"https:\/\/www.yoroow.com\/es\/detalle-del-producto\/venta-directa-de-fabrica-monomando-de-un-solo-agujero-del-lavabo-grifo-mezclador-grifo-largo-para-lavabo-del-bano-grifo-de-calidad-fregadero\/#primaryimage"},"thumbnailUrl":"https:\/\/www.yoroow.com\/wp-content\/uploads\/2024\/12\/2024122508452560-e1735116351303.jpg","datePublished":"2025-02-25T07:36:11+00:00","dateModified":"2025-05-16T01:42:45+00:00","description":"Factory direct single-handle single-hole basin faucet with a long spout, designed for bathroom sinks. Quality materials ensure durability and smooth operation. Manufactured in China with stable export logistics to South American and Southeast Asian clients.","breadcrumb":{"@id":"https:\/\/www.yoroow.com\/es\/detalle-del-producto\/venta-directa-de-fabrica-monomando-de-un-solo-agujero-del-lavabo-grifo-mezclador-grifo-largo-para-lavabo-del-bano-grifo-de-calidad-fregadero\/#breadcrumb"},"inLanguage":"es","potentialAction":[{"@type":"ReadAction","target":["https:\/\/www.yoroow.com\/es\/detalle-del-producto\/venta-directa-de-fabrica-monomando-de-un-solo-agujero-del-lavabo-grifo-mezclador-grifo-largo-para-lavabo-del-bano-grifo-de-calidad-fregadero\/"]}]},{"@type":"ImageObject","inLanguage":"es","@id":"https:\/\/www.yoroow.com\/es\/detalle-del-producto\/venta-directa-de-fabrica-monomando-de-un-solo-agujero-del-lavabo-grifo-mezclador-grifo-largo-para-lavabo-del-bano-grifo-de-calidad-fregadero\/#primaryimage","url":"https:\/\/www.yoroow.com\/wp-content\/uploads\/2024\/12\/2024122508452560-e1735116351303.jpg","contentUrl":"https:\/\/www.yoroow.com\/wp-content\/uploads\/2024\/12\/2024122508452560-e1735116351303.jpg","width":704,"height":704,"caption":"Golden Single Handle Contemporary Luxury Bathroom Basin Faucet Stainless Steel SinkWashbasin Mixer Faucet"},{"@type":"BreadcrumbList","@id":"https:\/\/www.yoroow.com\/es\/detalle-del-producto\/venta-directa-de-fabrica-monomando-de-un-solo-agujero-del-lavabo-grifo-mezclador-grifo-largo-para-lavabo-del-bano-grifo-de-calidad-fregadero\/#breadcrumb","itemListElement":[{"@type":"ListItem","position":1,"name":"home","item":"https:\/\/www.yoroow.com\/"},{"@type":"ListItem","position":2,"name":"Product","item":"https:\/\/www.yoroow.com\/product\/"},{"@type":"ListItem","position":3,"name":"Factory Direct Sale Single Handle Single Hole Basin Faucet Mixer Long Faucet for Bathroom Sink Quality Sink Tap"}]},{"@type":"WebSite","@id":"https:\/\/www.yoroow.com\/es\/#website","url":"https:\/\/www.yoroow.com\/es\/","name":"YOROOW","description":"","publisher":{"@id":"https:\/\/www.yoroow.com\/es\/#organization"},"potentialAction":[{"@type":"SearchAction","target":{"@type":"EntryPoint","urlTemplate":"https:\/\/www.yoroow.com\/es\/?s={search_term_string}"},"query-input":{"@type":"PropertyValueSpecification","valueRequired":true,"valueName":"search_term_string"}}],"inLanguage":"es"},{"@type":"Organization","@id":"https:\/\/www.yoroow.com\/es\/#organization","name":"YOROOW","url":"https:\/\/www.yoroow.com\/es\/","logo":{"@type":"ImageObject","inLanguage":"es","@id":"https:\/\/www.yoroow.com\/es\/#\/schema\/logo\/image\/","url":"https:\/\/www.yoroow.com\/wp-content\/uploads\/2024\/12\/2024123007131061.png","contentUrl":"https:\/\/www.yoroow.com\/wp-content\/uploads\/2024\/12\/2024123007131061.png","width":168,"height":27,"caption":"YOROOW"},"image":{"@id":"https:\/\/www.yoroow.com\/es\/#\/schema\/logo\/image\/"},"sameAs":["https:\/\/www.facebook.com\/people\/yoroowfaucetfactory\/61564236752362\/"]}]}},"_links":{"self":[{"href":"https:\/\/www.yoroow.com\/es\/wp-json\/wp\/v2\/product\/13006","targetHints":{"allow":["GET"]}}],"collection":[{"href":"https:\/\/www.yoroow.com\/es\/wp-json\/wp\/v2\/product"}],"about":[{"href":"https:\/\/www.yoroow.com\/es\/wp-json\/wp\/v2\/types\/product"}],"wp:featuredmedia":[{"embeddable":true,"href":"https:\/\/www.yoroow.com\/es\/wp-json\/wp\/v2\/media\/6700"}],"wp:attachment":[{"href":"https:\/\/www.yoroow.com\/es\/wp-json\/wp\/v2\/media?parent=13006"}],"wp:term":[{"taxonomy":"product_brand","embeddable":true,"href":"https:\/\/www.yoroow.com\/es\/wp-json\/wp\/v2\/product_brand?post=13006"},{"taxonomy":"product_cat","embeddable":true,"href":"https:\/\/www.yoroow.com\/es\/wp-json\/wp\/v2\/product_cat?post=13006"},{"taxonomy":"product_tag","embeddable":true,"href":"https:\/\/www.yoroow.com\/es\/wp-json\/wp\/v2\/product_tag?post=13006"}],"curies":[{"name":"wp","href":"https:\/\/api.w.org\/{rel}","templated":true}]}}