{"id":12687,"date":"2025-02-24T15:39:29","date_gmt":"2025-02-24T07:39:29","guid":{"rendered":"https:\/\/www.yoroow.com\/?post_type=product&#038;p=12687"},"modified":"2025-05-16T09:39:23","modified_gmt":"2025-05-16T01:39:23","slug":"grifo-lavabo-oro-mezclador-materiales-laton-monomando-agua-fria-y-caliente-grifo-bano-lavabo-grifo-lavabo","status":"publish","type":"product","link":"https:\/\/www.yoroow.com\/es\/detalle-del-producto\/grifo-lavabo-oro-mezclador-materiales-laton-monomando-agua-fria-y-caliente-grifo-bano-lavabo-grifo-lavabo\/","title":{"rendered":"Grifo monomando dorado para lavabo Agua fr\u00eda caliente Grifo para ba\u00f1o Materiales de lat\u00f3n Grifo para lavabo Lavabo Grifo mezclador para ba\u00f1o"},"content":{"rendered":"<p>Grifo monomando dorado para lavabo Agua fr\u00eda y caliente Grifo de ba\u00f1o Materiales de lat\u00f3n Grifo para lavabo Lavabo Grifo mezclador de ba\u00f1o Este grifo monomando dorado para lavabo cuenta con controles de agua fr\u00eda y caliente, por lo que es un complemento vers\u00e1til para cualquier cuarto de ba\u00f1o. Fabricado con materiales de lat\u00f3n duraderos, ofrece un rendimiento duradero y resistencia a la corrosi\u00f3n. Su elegante acabado dorado a\u00f1ade un toque de lujo, por lo que es perfecto para cuartos de ba\u00f1o de lujo. Producido en China por YOROOW, este grifo se fabrica con precisi\u00f3n y rentabilidad, lo que lo convierte en una opci\u00f3n atractiva para los compradores de Sudam\u00e9rica y el sudeste asi\u00e1tico. Con el objetivo de ofrecer accesorios de ba\u00f1o asequibles y de alta calidad, la gran capacidad de fabricaci\u00f3n de YOROOW y su experiencia en exportaci\u00f3n garantizan que este producto cumpla las normas internacionales y ofrezca una excelente relaci\u00f3n calidad-precio.<\/p>","protected":false},"excerpt":{"rendered":"<p>Single-Handle Gold Basin Faucet Hot Cold Water Bathroom Tap Brass Materials Toilet Sink Faucet Wash Basin Bathroom Mixer Tap This single-handle gold basin faucet features hot and cold water controls, making it a versatile addition to any bathroom. Made from durable brass materials, it offers long-lasting performance and resistance to corrosion. Its elegant gold finish\u2026<\/p>","protected":false},"featured_media":12677,"template":"","meta":{"_acf_changed":false,"_kad_post_transparent":"default","_kad_post_title":"","_kad_post_layout":"default","_kad_post_sidebar_id":"","_kad_post_content_style":"default","_kad_post_vertical_padding":"default","_kad_post_feature":"","_kad_post_feature_position":"","_kad_post_header":false,"_kad_post_footer":false},"product_brand":[],"product_cat":[238,1560],"product_tag":[3398,3412],"class_list":{"0":"post-12687","1":"product","2":"type-product","3":"status-publish","4":"has-post-thumbnail","6":"product_cat-mixer-basin-faucet","7":"product_cat-tall-basin-mixer-faucet","8":"product_tag-bathroom-wash-basin-faucet","9":"product_tag-single-handle-bathroom-basin-faucet","11":"first","12":"instock","13":"shipping-taxable","14":"purchasable","15":"product-type-variable","16":"wvs-archive-product-wrapper","17":"entry","18":"content-bg","19":"loop-entry"},"acf":[],"yoast_head":"<!-- This site is optimized with the Yoast SEO Premium plugin v25.4 (Yoast SEO v27.0) - https:\/\/yoast.com\/product\/yoast-seo-premium-wordpress\/ -->\n<title>Single-Handle Gold Basin Faucet Hot Cold Water Bathroom Tap Brass Materials Toilet Sink Faucet Wash Basin Bathroom Mixer Tap - YOROOW<\/title>\n<meta name=\"description\" content=\"Single-handle gold basin faucet made of brass with hot and cold function. Deck mounted design fits residential and hotel bathrooms. Produced in China with support for OEM. In demand across Southeast Asian and South American markets.\" \/>\n<meta name=\"robots\" content=\"index, follow, max-snippet:-1, max-image-preview:large, max-video-preview:-1\" \/>\n<link rel=\"canonical\" href=\"https:\/\/www.yoroow.com\/es\/detalle-del-producto\/grifo-lavabo-oro-mezclador-materiales-laton-monomando-agua-fria-y-caliente-grifo-bano-lavabo-grifo-lavabo\/\" \/>\n<meta property=\"og:locale\" content=\"es_ES\" \/>\n<meta property=\"og:type\" content=\"article\" \/>\n<meta property=\"og:title\" content=\"Single-Handle Gold Basin Faucet Hot Cold Water Bathroom Tap Brass Materials Toilet Sink Faucet Wash Basin Bathroom Mixer Tap\" \/>\n<meta property=\"og:description\" content=\"Single-handle gold basin faucet made of brass with hot and cold function. Deck mounted design fits residential and hotel bathrooms. Produced in China with support for OEM. In demand across Southeast Asian and South American markets.\" \/>\n<meta property=\"og:url\" content=\"https:\/\/www.yoroow.com\/es\/detalle-del-producto\/grifo-lavabo-oro-mezclador-materiales-laton-monomando-agua-fria-y-caliente-grifo-bano-lavabo-grifo-lavabo\/\" \/>\n<meta property=\"og:site_name\" content=\"YOROOW\" \/>\n<meta property=\"article:publisher\" content=\"https:\/\/www.facebook.com\/people\/yoroowfaucetfactory\/61564236752362\/\" \/>\n<meta property=\"article:modified_time\" content=\"2025-05-16T01:39:23+00:00\" \/>\n<meta property=\"og:image\" content=\"https:\/\/www.yoroow.com\/wp-content\/uploads\/2025\/02\/61-0088.fw_.jpg\" \/>\n\t<meta property=\"og:image:width\" content=\"500\" \/>\n\t<meta property=\"og:image:height\" content=\"500\" \/>\n\t<meta property=\"og:image:type\" content=\"image\/jpeg\" \/>\n<meta name=\"twitter:card\" content=\"summary_large_image\" \/>\n<meta name=\"twitter:label1\" content=\"Tiempo de lectura\" \/>\n\t<meta name=\"twitter:data1\" content=\"1 minuto\" \/>\n<script type=\"application\/ld+json\" class=\"yoast-schema-graph\">{\"@context\":\"https:\/\/schema.org\",\"@graph\":[{\"@type\":\"WebPage\",\"@id\":\"https:\/\/www.yoroow.com\/es\/detalle-del-producto\/grifo-lavabo-oro-mezclador-materiales-laton-monomando-agua-fria-y-caliente-grifo-bano-lavabo-grifo-lavabo\/\",\"url\":\"https:\/\/www.yoroow.com\/es\/detalle-del-producto\/grifo-lavabo-oro-mezclador-materiales-laton-monomando-agua-fria-y-caliente-grifo-bano-lavabo-grifo-lavabo\/\",\"name\":\"Single-Handle Gold Basin Faucet Hot Cold Water Bathroom Tap Brass Materials Toilet Sink Faucet Wash Basin Bathroom Mixer Tap - YOROOW\",\"isPartOf\":{\"@id\":\"https:\/\/www.yoroow.com\/es\/#website\"},\"primaryImageOfPage\":{\"@id\":\"https:\/\/www.yoroow.com\/es\/detalle-del-producto\/grifo-lavabo-oro-mezclador-materiales-laton-monomando-agua-fria-y-caliente-grifo-bano-lavabo-grifo-lavabo\/#primaryimage\"},\"image\":{\"@id\":\"https:\/\/www.yoroow.com\/es\/detalle-del-producto\/grifo-lavabo-oro-mezclador-materiales-laton-monomando-agua-fria-y-caliente-grifo-bano-lavabo-grifo-lavabo\/#primaryimage\"},\"thumbnailUrl\":\"https:\/\/www.yoroow.com\/wp-content\/uploads\/2025\/02\/61-0088.fw_.jpg\",\"datePublished\":\"2025-02-24T07:39:29+00:00\",\"dateModified\":\"2025-05-16T01:39:23+00:00\",\"description\":\"Single-handle gold basin faucet made of brass with hot and cold function. Deck mounted design fits residential and hotel bathrooms. Produced in China with support for OEM. In demand across Southeast Asian and South American markets.\",\"breadcrumb\":{\"@id\":\"https:\/\/www.yoroow.com\/es\/detalle-del-producto\/grifo-lavabo-oro-mezclador-materiales-laton-monomando-agua-fria-y-caliente-grifo-bano-lavabo-grifo-lavabo\/#breadcrumb\"},\"inLanguage\":\"es\",\"potentialAction\":[{\"@type\":\"ReadAction\",\"target\":[\"https:\/\/www.yoroow.com\/es\/detalle-del-producto\/grifo-lavabo-oro-mezclador-materiales-laton-monomando-agua-fria-y-caliente-grifo-bano-lavabo-grifo-lavabo\/\"]}]},{\"@type\":\"ImageObject\",\"inLanguage\":\"es\",\"@id\":\"https:\/\/www.yoroow.com\/es\/detalle-del-producto\/grifo-lavabo-oro-mezclador-materiales-laton-monomando-agua-fria-y-caliente-grifo-bano-lavabo-grifo-lavabo\/#primaryimage\",\"url\":\"https:\/\/www.yoroow.com\/wp-content\/uploads\/2025\/02\/61-0088.fw_.jpg\",\"contentUrl\":\"https:\/\/www.yoroow.com\/wp-content\/uploads\/2025\/02\/61-0088.fw_.jpg\",\"width\":500,\"height\":500,\"caption\":\"Classic Brass Single-Handle Basin Faucet Zinc Brass Waterfall Tap Tall Body Hot Cold Water Bathroom Sink Faucet Toilet Faucet\"},{\"@type\":\"BreadcrumbList\",\"@id\":\"https:\/\/www.yoroow.com\/es\/detalle-del-producto\/grifo-lavabo-oro-mezclador-materiales-laton-monomando-agua-fria-y-caliente-grifo-bano-lavabo-grifo-lavabo\/#breadcrumb\",\"itemListElement\":[{\"@type\":\"ListItem\",\"position\":1,\"name\":\"home\",\"item\":\"https:\/\/www.yoroow.com\/\"},{\"@type\":\"ListItem\",\"position\":2,\"name\":\"Product\",\"item\":\"https:\/\/www.yoroow.com\/product\/\"},{\"@type\":\"ListItem\",\"position\":3,\"name\":\"Single-Handle Gold Basin Faucet Hot Cold Water Bathroom Tap Brass Materials Toilet Sink Faucet Wash Basin Bathroom Mixer Tap\"}]},{\"@type\":\"WebSite\",\"@id\":\"https:\/\/www.yoroow.com\/es\/#website\",\"url\":\"https:\/\/www.yoroow.com\/es\/\",\"name\":\"YOROOW\",\"description\":\"\",\"publisher\":{\"@id\":\"https:\/\/www.yoroow.com\/es\/#organization\"},\"potentialAction\":[{\"@type\":\"SearchAction\",\"target\":{\"@type\":\"EntryPoint\",\"urlTemplate\":\"https:\/\/www.yoroow.com\/es\/?s={search_term_string}\"},\"query-input\":{\"@type\":\"PropertyValueSpecification\",\"valueRequired\":true,\"valueName\":\"search_term_string\"}}],\"inLanguage\":\"es\"},{\"@type\":\"Organization\",\"@id\":\"https:\/\/www.yoroow.com\/es\/#organization\",\"name\":\"YOROOW\",\"url\":\"https:\/\/www.yoroow.com\/es\/\",\"logo\":{\"@type\":\"ImageObject\",\"inLanguage\":\"es\",\"@id\":\"https:\/\/www.yoroow.com\/es\/#\/schema\/logo\/image\/\",\"url\":\"https:\/\/www.yoroow.com\/wp-content\/uploads\/2024\/12\/2024123007131061.png\",\"contentUrl\":\"https:\/\/www.yoroow.com\/wp-content\/uploads\/2024\/12\/2024123007131061.png\",\"width\":168,\"height\":27,\"caption\":\"YOROOW\"},\"image\":{\"@id\":\"https:\/\/www.yoroow.com\/es\/#\/schema\/logo\/image\/\"},\"sameAs\":[\"https:\/\/www.facebook.com\/people\/yoroowfaucetfactory\/61564236752362\/\"]}]}<\/script>\n<!-- \/ Yoast SEO Premium plugin. -->","yoast_head_json":{"title":"Single-Handle Gold Basin Faucet Hot Cold Water Bathroom Tap Brass Materials Toilet Sink Faucet Wash Basin Bathroom Mixer Tap - YOROOW","description":"Single-handle gold basin faucet made of brass with hot and cold function. Deck mounted design fits residential and hotel bathrooms. Produced in China with support for OEM. In demand across Southeast Asian and South American markets.","robots":{"index":"index","follow":"follow","max-snippet":"max-snippet:-1","max-image-preview":"max-image-preview:large","max-video-preview":"max-video-preview:-1"},"canonical":"https:\/\/www.yoroow.com\/es\/detalle-del-producto\/grifo-lavabo-oro-mezclador-materiales-laton-monomando-agua-fria-y-caliente-grifo-bano-lavabo-grifo-lavabo\/","og_locale":"es_ES","og_type":"article","og_title":"Single-Handle Gold Basin Faucet Hot Cold Water Bathroom Tap Brass Materials Toilet Sink Faucet Wash Basin Bathroom Mixer Tap","og_description":"Single-handle gold basin faucet made of brass with hot and cold function. Deck mounted design fits residential and hotel bathrooms. Produced in China with support for OEM. In demand across Southeast Asian and South American markets.","og_url":"https:\/\/www.yoroow.com\/es\/detalle-del-producto\/grifo-lavabo-oro-mezclador-materiales-laton-monomando-agua-fria-y-caliente-grifo-bano-lavabo-grifo-lavabo\/","og_site_name":"YOROOW","article_publisher":"https:\/\/www.facebook.com\/people\/yoroowfaucetfactory\/61564236752362\/","article_modified_time":"2025-05-16T01:39:23+00:00","og_image":[{"width":500,"height":500,"url":"https:\/\/www.yoroow.com\/wp-content\/uploads\/2025\/02\/61-0088.fw_.jpg","type":"image\/jpeg"}],"twitter_card":"summary_large_image","twitter_misc":{"Tiempo de lectura":"1 minuto"},"schema":{"@context":"https:\/\/schema.org","@graph":[{"@type":"WebPage","@id":"https:\/\/www.yoroow.com\/es\/detalle-del-producto\/grifo-lavabo-oro-mezclador-materiales-laton-monomando-agua-fria-y-caliente-grifo-bano-lavabo-grifo-lavabo\/","url":"https:\/\/www.yoroow.com\/es\/detalle-del-producto\/grifo-lavabo-oro-mezclador-materiales-laton-monomando-agua-fria-y-caliente-grifo-bano-lavabo-grifo-lavabo\/","name":"Single-Handle Gold Basin Faucet Hot Cold Water Bathroom Tap Brass Materials Toilet Sink Faucet Wash Basin Bathroom Mixer Tap - YOROOW","isPartOf":{"@id":"https:\/\/www.yoroow.com\/es\/#website"},"primaryImageOfPage":{"@id":"https:\/\/www.yoroow.com\/es\/detalle-del-producto\/grifo-lavabo-oro-mezclador-materiales-laton-monomando-agua-fria-y-caliente-grifo-bano-lavabo-grifo-lavabo\/#primaryimage"},"image":{"@id":"https:\/\/www.yoroow.com\/es\/detalle-del-producto\/grifo-lavabo-oro-mezclador-materiales-laton-monomando-agua-fria-y-caliente-grifo-bano-lavabo-grifo-lavabo\/#primaryimage"},"thumbnailUrl":"https:\/\/www.yoroow.com\/wp-content\/uploads\/2025\/02\/61-0088.fw_.jpg","datePublished":"2025-02-24T07:39:29+00:00","dateModified":"2025-05-16T01:39:23+00:00","description":"Single-handle gold basin faucet made of brass with hot and cold function. Deck mounted design fits residential and hotel bathrooms. Produced in China with support for OEM. In demand across Southeast Asian and South American markets.","breadcrumb":{"@id":"https:\/\/www.yoroow.com\/es\/detalle-del-producto\/grifo-lavabo-oro-mezclador-materiales-laton-monomando-agua-fria-y-caliente-grifo-bano-lavabo-grifo-lavabo\/#breadcrumb"},"inLanguage":"es","potentialAction":[{"@type":"ReadAction","target":["https:\/\/www.yoroow.com\/es\/detalle-del-producto\/grifo-lavabo-oro-mezclador-materiales-laton-monomando-agua-fria-y-caliente-grifo-bano-lavabo-grifo-lavabo\/"]}]},{"@type":"ImageObject","inLanguage":"es","@id":"https:\/\/www.yoroow.com\/es\/detalle-del-producto\/grifo-lavabo-oro-mezclador-materiales-laton-monomando-agua-fria-y-caliente-grifo-bano-lavabo-grifo-lavabo\/#primaryimage","url":"https:\/\/www.yoroow.com\/wp-content\/uploads\/2025\/02\/61-0088.fw_.jpg","contentUrl":"https:\/\/www.yoroow.com\/wp-content\/uploads\/2025\/02\/61-0088.fw_.jpg","width":500,"height":500,"caption":"Classic Brass Single-Handle Basin Faucet Zinc Brass Waterfall Tap Tall Body Hot Cold Water Bathroom Sink Faucet Toilet Faucet"},{"@type":"BreadcrumbList","@id":"https:\/\/www.yoroow.com\/es\/detalle-del-producto\/grifo-lavabo-oro-mezclador-materiales-laton-monomando-agua-fria-y-caliente-grifo-bano-lavabo-grifo-lavabo\/#breadcrumb","itemListElement":[{"@type":"ListItem","position":1,"name":"home","item":"https:\/\/www.yoroow.com\/"},{"@type":"ListItem","position":2,"name":"Product","item":"https:\/\/www.yoroow.com\/product\/"},{"@type":"ListItem","position":3,"name":"Single-Handle Gold Basin Faucet Hot Cold Water Bathroom Tap Brass Materials Toilet Sink Faucet Wash Basin Bathroom Mixer Tap"}]},{"@type":"WebSite","@id":"https:\/\/www.yoroow.com\/es\/#website","url":"https:\/\/www.yoroow.com\/es\/","name":"YOROOW","description":"","publisher":{"@id":"https:\/\/www.yoroow.com\/es\/#organization"},"potentialAction":[{"@type":"SearchAction","target":{"@type":"EntryPoint","urlTemplate":"https:\/\/www.yoroow.com\/es\/?s={search_term_string}"},"query-input":{"@type":"PropertyValueSpecification","valueRequired":true,"valueName":"search_term_string"}}],"inLanguage":"es"},{"@type":"Organization","@id":"https:\/\/www.yoroow.com\/es\/#organization","name":"YOROOW","url":"https:\/\/www.yoroow.com\/es\/","logo":{"@type":"ImageObject","inLanguage":"es","@id":"https:\/\/www.yoroow.com\/es\/#\/schema\/logo\/image\/","url":"https:\/\/www.yoroow.com\/wp-content\/uploads\/2024\/12\/2024123007131061.png","contentUrl":"https:\/\/www.yoroow.com\/wp-content\/uploads\/2024\/12\/2024123007131061.png","width":168,"height":27,"caption":"YOROOW"},"image":{"@id":"https:\/\/www.yoroow.com\/es\/#\/schema\/logo\/image\/"},"sameAs":["https:\/\/www.facebook.com\/people\/yoroowfaucetfactory\/61564236752362\/"]}]}},"_links":{"self":[{"href":"https:\/\/www.yoroow.com\/es\/wp-json\/wp\/v2\/product\/12687","targetHints":{"allow":["GET"]}}],"collection":[{"href":"https:\/\/www.yoroow.com\/es\/wp-json\/wp\/v2\/product"}],"about":[{"href":"https:\/\/www.yoroow.com\/es\/wp-json\/wp\/v2\/types\/product"}],"wp:featuredmedia":[{"embeddable":true,"href":"https:\/\/www.yoroow.com\/es\/wp-json\/wp\/v2\/media\/12677"}],"wp:attachment":[{"href":"https:\/\/www.yoroow.com\/es\/wp-json\/wp\/v2\/media?parent=12687"}],"wp:term":[{"taxonomy":"product_brand","embeddable":true,"href":"https:\/\/www.yoroow.com\/es\/wp-json\/wp\/v2\/product_brand?post=12687"},{"taxonomy":"product_cat","embeddable":true,"href":"https:\/\/www.yoroow.com\/es\/wp-json\/wp\/v2\/product_cat?post=12687"},{"taxonomy":"product_tag","embeddable":true,"href":"https:\/\/www.yoroow.com\/es\/wp-json\/wp\/v2\/product_tag?post=12687"}],"curies":[{"name":"wp","href":"https:\/\/api.w.org\/{rel}","templated":true}]}}