{"id":12659,"date":"2025-02-24T15:14:18","date_gmt":"2025-02-24T07:14:18","guid":{"rendered":"https:\/\/www.yoroow.com\/?post_type=product&#038;p=12659"},"modified":"2025-05-16T09:38:52","modified_gmt":"2025-05-16T01:38:52","slug":"diseno-moderno-monomando-acero-inoxidable-lavabo-grifo-pistola-gris-bano-cara-lavabo-grifo-valvula-ceramica-nucleo-solo-agujero","status":"publish","type":"product","link":"https:\/\/www.yoroow.com\/es\/detalle-del-producto\/diseno-moderno-monomando-acero-inoxidable-lavabo-grifo-pistola-gris-bano-cara-lavabo-grifo-valvula-ceramica-nucleo-solo-agujero\/","title":{"rendered":"Grifo monomando para lavabo de dise\u00f1o moderno Grifo monomando para lavabo de dise\u00f1o moderno para lavabo de dise\u00f1o moderno para lavabo de dise\u00f1o moderno para lavabo de dise\u00f1o moderno para lavabo de dise\u00f1o moderno para lavabo de dise\u00f1o moderno para lavabo de dise\u00f1o moderno"},"content":{"rendered":"<p>Moderno grifo de lavabo de un solo orificio Grifo de un solo mando de dise\u00f1o moderno para lavabo de agua de ba\u00f1o Grifo Este moderno grifo de lavabo de un solo orificio combina un dise\u00f1o elegante con una funcionalidad pr\u00e1ctica, ofreciendo un solo mando y grifo para un f\u00e1cil manejo. Ideal para cuartos de ba\u00f1o contempor\u00e1neos, es perfecto para lavabos y proporciona control de agua fr\u00eda y caliente. La construcci\u00f3n duradera del grifo garantiza su longevidad, y su aspecto moderno complementa una amplia gama de dise\u00f1os de cuartos de ba\u00f1o. Fabricado en China por YOROOW, el grifo aprovecha los avanzados procesos de producci\u00f3n de la empresa para ofrecer precios competitivos en compras al por mayor. La calidad y asequibilidad de la grifer\u00eda, muy orientada a los mercados de Sudam\u00e9rica y el sudeste asi\u00e1tico, la convierten en una opci\u00f3n atractiva para los compradores internacionales. La fabricaci\u00f3n flexible de YOROOW permite soluciones personalizadas y entregas puntuales, garantizando la satisfacci\u00f3n del cliente en estos mercados de r\u00e1pido crecimiento.<\/p>","protected":false},"excerpt":{"rendered":"<p>Modern Single-Hole Basin Faucet Modern Designed Single Handle Single Tap for Bathroom Water Wash Basin Faucet Tap This modern single-hole basin faucet combines sleek design with practical functionality, offering a single handle and tap for easy operation. Ideal for contemporary bathroom settings, it is perfect for wash basins and provides hot and cold water control\u2026.<\/p>","protected":false},"featured_media":12651,"template":"","meta":{"_acf_changed":false,"_kad_post_transparent":"default","_kad_post_title":"","_kad_post_layout":"default","_kad_post_sidebar_id":"","_kad_post_content_style":"default","_kad_post_vertical_padding":"default","_kad_post_feature":"","_kad_post_feature_position":"","_kad_post_header":false,"_kad_post_footer":false},"product_brand":[],"product_cat":[238,1560],"product_tag":[3413,3477],"class_list":{"0":"post-12659","1":"product","2":"type-product","3":"status-publish","4":"has-post-thumbnail","6":"product_cat-mixer-basin-faucet","7":"product_cat-tall-basin-mixer-faucet","8":"product_tag-single-hole-modern-bathroom-water-basin-faucet","9":"product_tag-wash-basin-faucet-tap","11":"first","12":"instock","13":"shipping-taxable","14":"purchasable","15":"product-type-variable","16":"wvs-archive-product-wrapper","17":"entry","18":"content-bg","19":"loop-entry"},"acf":[],"yoast_head":"<!-- This site is optimized with the Yoast SEO Premium plugin v25.4 (Yoast SEO v27.0) - https:\/\/yoast.com\/product\/yoast-seo-premium-wordpress\/ -->\n<title>Modern Single-Hole Basin Faucet Modern Designed Single Handle Single Tap for Bathroom Water Wash Basin Faucet Tap - YOROOW<\/title>\n<meta name=\"description\" content=\"Modern single-hole basin faucet with single handle offers simple operation for wash basins. Designed in China with a clean, compact style. Suitable for small bathrooms in homes and hotels in Southeast Asia and South America.\" \/>\n<meta name=\"robots\" content=\"index, follow, max-snippet:-1, max-image-preview:large, max-video-preview:-1\" \/>\n<link rel=\"canonical\" href=\"https:\/\/www.yoroow.com\/es\/detalle-del-producto\/diseno-moderno-monomando-acero-inoxidable-lavabo-grifo-pistola-gris-bano-cara-lavabo-grifo-valvula-ceramica-nucleo-solo-agujero\/\" \/>\n<meta property=\"og:locale\" content=\"es_ES\" \/>\n<meta property=\"og:type\" content=\"article\" \/>\n<meta property=\"og:title\" content=\"Modern Single-Hole Basin Faucet Modern Designed Single Handle Single Tap for Bathroom Water Wash Basin Faucet Tap\" \/>\n<meta property=\"og:description\" content=\"Modern single-hole basin faucet with single handle offers simple operation for wash basins. Designed in China with a clean, compact style. Suitable for small bathrooms in homes and hotels in Southeast Asia and South America.\" \/>\n<meta property=\"og:url\" content=\"https:\/\/www.yoroow.com\/es\/detalle-del-producto\/diseno-moderno-monomando-acero-inoxidable-lavabo-grifo-pistola-gris-bano-cara-lavabo-grifo-valvula-ceramica-nucleo-solo-agujero\/\" \/>\n<meta property=\"og:site_name\" content=\"YOROOW\" \/>\n<meta property=\"article:publisher\" content=\"https:\/\/www.facebook.com\/people\/yoroowfaucetfactory\/61564236752362\/\" \/>\n<meta property=\"article:modified_time\" content=\"2025-05-16T01:38:52+00:00\" \/>\n<meta property=\"og:image\" content=\"https:\/\/www.yoroow.com\/wp-content\/uploads\/2025\/02\/\u67aa\u7070-1.jpg\" \/>\n\t<meta property=\"og:image:width\" content=\"798\" \/>\n\t<meta property=\"og:image:height\" content=\"801\" \/>\n\t<meta property=\"og:image:type\" content=\"image\/jpeg\" \/>\n<meta name=\"twitter:card\" content=\"summary_large_image\" \/>\n<meta name=\"twitter:label1\" content=\"Tiempo de lectura\" \/>\n\t<meta name=\"twitter:data1\" content=\"1 minuto\" \/>\n<script type=\"application\/ld+json\" class=\"yoast-schema-graph\">{\"@context\":\"https:\/\/schema.org\",\"@graph\":[{\"@type\":\"WebPage\",\"@id\":\"https:\/\/www.yoroow.com\/es\/detalle-del-producto\/diseno-moderno-monomando-acero-inoxidable-lavabo-grifo-pistola-gris-bano-cara-lavabo-grifo-valvula-ceramica-nucleo-solo-agujero\/\",\"url\":\"https:\/\/www.yoroow.com\/es\/detalle-del-producto\/diseno-moderno-monomando-acero-inoxidable-lavabo-grifo-pistola-gris-bano-cara-lavabo-grifo-valvula-ceramica-nucleo-solo-agujero\/\",\"name\":\"Modern Single-Hole Basin Faucet Modern Designed Single Handle Single Tap for Bathroom Water Wash Basin Faucet Tap - YOROOW\",\"isPartOf\":{\"@id\":\"https:\/\/www.yoroow.com\/es\/#website\"},\"primaryImageOfPage\":{\"@id\":\"https:\/\/www.yoroow.com\/es\/detalle-del-producto\/diseno-moderno-monomando-acero-inoxidable-lavabo-grifo-pistola-gris-bano-cara-lavabo-grifo-valvula-ceramica-nucleo-solo-agujero\/#primaryimage\"},\"image\":{\"@id\":\"https:\/\/www.yoroow.com\/es\/detalle-del-producto\/diseno-moderno-monomando-acero-inoxidable-lavabo-grifo-pistola-gris-bano-cara-lavabo-grifo-valvula-ceramica-nucleo-solo-agujero\/#primaryimage\"},\"thumbnailUrl\":\"https:\/\/www.yoroow.com\/wp-content\/uploads\/2025\/02\/\u67aa\u7070-1.jpg\",\"datePublished\":\"2025-02-24T07:14:18+00:00\",\"dateModified\":\"2025-05-16T01:38:52+00:00\",\"description\":\"Modern single-hole basin faucet with single handle offers simple operation for wash basins. Designed in China with a clean, compact style. Suitable for small bathrooms in homes and hotels in Southeast Asia and South America.\",\"breadcrumb\":{\"@id\":\"https:\/\/www.yoroow.com\/es\/detalle-del-producto\/diseno-moderno-monomando-acero-inoxidable-lavabo-grifo-pistola-gris-bano-cara-lavabo-grifo-valvula-ceramica-nucleo-solo-agujero\/#breadcrumb\"},\"inLanguage\":\"es\",\"potentialAction\":[{\"@type\":\"ReadAction\",\"target\":[\"https:\/\/www.yoroow.com\/es\/detalle-del-producto\/diseno-moderno-monomando-acero-inoxidable-lavabo-grifo-pistola-gris-bano-cara-lavabo-grifo-valvula-ceramica-nucleo-solo-agujero\/\"]}]},{\"@type\":\"ImageObject\",\"inLanguage\":\"es\",\"@id\":\"https:\/\/www.yoroow.com\/es\/detalle-del-producto\/diseno-moderno-monomando-acero-inoxidable-lavabo-grifo-pistola-gris-bano-cara-lavabo-grifo-valvula-ceramica-nucleo-solo-agujero\/#primaryimage\",\"url\":\"https:\/\/www.yoroow.com\/wp-content\/uploads\/2025\/02\/\u67aa\u7070-1.jpg\",\"contentUrl\":\"https:\/\/www.yoroow.com\/wp-content\/uploads\/2025\/02\/\u67aa\u7070-1.jpg\",\"width\":798,\"height\":801,\"caption\":\"Hot Selling 201 Stainless Steel Single-Handle Basin Faucet Vintage Wash Basin Mixer Tap Hot Cold Water Deck Mount Vanity Sink\"},{\"@type\":\"BreadcrumbList\",\"@id\":\"https:\/\/www.yoroow.com\/es\/detalle-del-producto\/diseno-moderno-monomando-acero-inoxidable-lavabo-grifo-pistola-gris-bano-cara-lavabo-grifo-valvula-ceramica-nucleo-solo-agujero\/#breadcrumb\",\"itemListElement\":[{\"@type\":\"ListItem\",\"position\":1,\"name\":\"home\",\"item\":\"https:\/\/www.yoroow.com\/\"},{\"@type\":\"ListItem\",\"position\":2,\"name\":\"Product\",\"item\":\"https:\/\/www.yoroow.com\/product\/\"},{\"@type\":\"ListItem\",\"position\":3,\"name\":\"Modern Single-Hole Basin Faucet Modern Designed Single Handle Single Tap for Bathroom Water Wash Basin Faucet Tap\"}]},{\"@type\":\"WebSite\",\"@id\":\"https:\/\/www.yoroow.com\/es\/#website\",\"url\":\"https:\/\/www.yoroow.com\/es\/\",\"name\":\"YOROOW\",\"description\":\"\",\"publisher\":{\"@id\":\"https:\/\/www.yoroow.com\/es\/#organization\"},\"potentialAction\":[{\"@type\":\"SearchAction\",\"target\":{\"@type\":\"EntryPoint\",\"urlTemplate\":\"https:\/\/www.yoroow.com\/es\/?s={search_term_string}\"},\"query-input\":{\"@type\":\"PropertyValueSpecification\",\"valueRequired\":true,\"valueName\":\"search_term_string\"}}],\"inLanguage\":\"es\"},{\"@type\":\"Organization\",\"@id\":\"https:\/\/www.yoroow.com\/es\/#organization\",\"name\":\"YOROOW\",\"url\":\"https:\/\/www.yoroow.com\/es\/\",\"logo\":{\"@type\":\"ImageObject\",\"inLanguage\":\"es\",\"@id\":\"https:\/\/www.yoroow.com\/es\/#\/schema\/logo\/image\/\",\"url\":\"https:\/\/www.yoroow.com\/wp-content\/uploads\/2024\/12\/2024123007131061.png\",\"contentUrl\":\"https:\/\/www.yoroow.com\/wp-content\/uploads\/2024\/12\/2024123007131061.png\",\"width\":168,\"height\":27,\"caption\":\"YOROOW\"},\"image\":{\"@id\":\"https:\/\/www.yoroow.com\/es\/#\/schema\/logo\/image\/\"},\"sameAs\":[\"https:\/\/www.facebook.com\/people\/yoroowfaucetfactory\/61564236752362\/\"]}]}<\/script>\n<!-- \/ Yoast SEO Premium plugin. -->","yoast_head_json":{"title":"Modern Single-Hole Basin Faucet Modern Designed Single Handle Single Tap for Bathroom Water Wash Basin Faucet Tap - YOROOW","description":"Modern single-hole basin faucet with single handle offers simple operation for wash basins. Designed in China with a clean, compact style. Suitable for small bathrooms in homes and hotels in Southeast Asia and South America.","robots":{"index":"index","follow":"follow","max-snippet":"max-snippet:-1","max-image-preview":"max-image-preview:large","max-video-preview":"max-video-preview:-1"},"canonical":"https:\/\/www.yoroow.com\/es\/detalle-del-producto\/diseno-moderno-monomando-acero-inoxidable-lavabo-grifo-pistola-gris-bano-cara-lavabo-grifo-valvula-ceramica-nucleo-solo-agujero\/","og_locale":"es_ES","og_type":"article","og_title":"Modern Single-Hole Basin Faucet Modern Designed Single Handle Single Tap for Bathroom Water Wash Basin Faucet Tap","og_description":"Modern single-hole basin faucet with single handle offers simple operation for wash basins. Designed in China with a clean, compact style. Suitable for small bathrooms in homes and hotels in Southeast Asia and South America.","og_url":"https:\/\/www.yoroow.com\/es\/detalle-del-producto\/diseno-moderno-monomando-acero-inoxidable-lavabo-grifo-pistola-gris-bano-cara-lavabo-grifo-valvula-ceramica-nucleo-solo-agujero\/","og_site_name":"YOROOW","article_publisher":"https:\/\/www.facebook.com\/people\/yoroowfaucetfactory\/61564236752362\/","article_modified_time":"2025-05-16T01:38:52+00:00","og_image":[{"width":798,"height":801,"url":"https:\/\/www.yoroow.com\/wp-content\/uploads\/2025\/02\/\u67aa\u7070-1.jpg","type":"image\/jpeg"}],"twitter_card":"summary_large_image","twitter_misc":{"Tiempo de lectura":"1 minuto"},"schema":{"@context":"https:\/\/schema.org","@graph":[{"@type":"WebPage","@id":"https:\/\/www.yoroow.com\/es\/detalle-del-producto\/diseno-moderno-monomando-acero-inoxidable-lavabo-grifo-pistola-gris-bano-cara-lavabo-grifo-valvula-ceramica-nucleo-solo-agujero\/","url":"https:\/\/www.yoroow.com\/es\/detalle-del-producto\/diseno-moderno-monomando-acero-inoxidable-lavabo-grifo-pistola-gris-bano-cara-lavabo-grifo-valvula-ceramica-nucleo-solo-agujero\/","name":"Modern Single-Hole Basin Faucet Modern Designed Single Handle Single Tap for Bathroom Water Wash Basin Faucet Tap - YOROOW","isPartOf":{"@id":"https:\/\/www.yoroow.com\/es\/#website"},"primaryImageOfPage":{"@id":"https:\/\/www.yoroow.com\/es\/detalle-del-producto\/diseno-moderno-monomando-acero-inoxidable-lavabo-grifo-pistola-gris-bano-cara-lavabo-grifo-valvula-ceramica-nucleo-solo-agujero\/#primaryimage"},"image":{"@id":"https:\/\/www.yoroow.com\/es\/detalle-del-producto\/diseno-moderno-monomando-acero-inoxidable-lavabo-grifo-pistola-gris-bano-cara-lavabo-grifo-valvula-ceramica-nucleo-solo-agujero\/#primaryimage"},"thumbnailUrl":"https:\/\/www.yoroow.com\/wp-content\/uploads\/2025\/02\/\u67aa\u7070-1.jpg","datePublished":"2025-02-24T07:14:18+00:00","dateModified":"2025-05-16T01:38:52+00:00","description":"Modern single-hole basin faucet with single handle offers simple operation for wash basins. Designed in China with a clean, compact style. Suitable for small bathrooms in homes and hotels in Southeast Asia and South America.","breadcrumb":{"@id":"https:\/\/www.yoroow.com\/es\/detalle-del-producto\/diseno-moderno-monomando-acero-inoxidable-lavabo-grifo-pistola-gris-bano-cara-lavabo-grifo-valvula-ceramica-nucleo-solo-agujero\/#breadcrumb"},"inLanguage":"es","potentialAction":[{"@type":"ReadAction","target":["https:\/\/www.yoroow.com\/es\/detalle-del-producto\/diseno-moderno-monomando-acero-inoxidable-lavabo-grifo-pistola-gris-bano-cara-lavabo-grifo-valvula-ceramica-nucleo-solo-agujero\/"]}]},{"@type":"ImageObject","inLanguage":"es","@id":"https:\/\/www.yoroow.com\/es\/detalle-del-producto\/diseno-moderno-monomando-acero-inoxidable-lavabo-grifo-pistola-gris-bano-cara-lavabo-grifo-valvula-ceramica-nucleo-solo-agujero\/#primaryimage","url":"https:\/\/www.yoroow.com\/wp-content\/uploads\/2025\/02\/\u67aa\u7070-1.jpg","contentUrl":"https:\/\/www.yoroow.com\/wp-content\/uploads\/2025\/02\/\u67aa\u7070-1.jpg","width":798,"height":801,"caption":"Hot Selling 201 Stainless Steel Single-Handle Basin Faucet Vintage Wash Basin Mixer Tap Hot Cold Water Deck Mount Vanity Sink"},{"@type":"BreadcrumbList","@id":"https:\/\/www.yoroow.com\/es\/detalle-del-producto\/diseno-moderno-monomando-acero-inoxidable-lavabo-grifo-pistola-gris-bano-cara-lavabo-grifo-valvula-ceramica-nucleo-solo-agujero\/#breadcrumb","itemListElement":[{"@type":"ListItem","position":1,"name":"home","item":"https:\/\/www.yoroow.com\/"},{"@type":"ListItem","position":2,"name":"Product","item":"https:\/\/www.yoroow.com\/product\/"},{"@type":"ListItem","position":3,"name":"Modern Single-Hole Basin Faucet Modern Designed Single Handle Single Tap for Bathroom Water Wash Basin Faucet Tap"}]},{"@type":"WebSite","@id":"https:\/\/www.yoroow.com\/es\/#website","url":"https:\/\/www.yoroow.com\/es\/","name":"YOROOW","description":"","publisher":{"@id":"https:\/\/www.yoroow.com\/es\/#organization"},"potentialAction":[{"@type":"SearchAction","target":{"@type":"EntryPoint","urlTemplate":"https:\/\/www.yoroow.com\/es\/?s={search_term_string}"},"query-input":{"@type":"PropertyValueSpecification","valueRequired":true,"valueName":"search_term_string"}}],"inLanguage":"es"},{"@type":"Organization","@id":"https:\/\/www.yoroow.com\/es\/#organization","name":"YOROOW","url":"https:\/\/www.yoroow.com\/es\/","logo":{"@type":"ImageObject","inLanguage":"es","@id":"https:\/\/www.yoroow.com\/es\/#\/schema\/logo\/image\/","url":"https:\/\/www.yoroow.com\/wp-content\/uploads\/2024\/12\/2024123007131061.png","contentUrl":"https:\/\/www.yoroow.com\/wp-content\/uploads\/2024\/12\/2024123007131061.png","width":168,"height":27,"caption":"YOROOW"},"image":{"@id":"https:\/\/www.yoroow.com\/es\/#\/schema\/logo\/image\/"},"sameAs":["https:\/\/www.facebook.com\/people\/yoroowfaucetfactory\/61564236752362\/"]}]}},"_links":{"self":[{"href":"https:\/\/www.yoroow.com\/es\/wp-json\/wp\/v2\/product\/12659","targetHints":{"allow":["GET"]}}],"collection":[{"href":"https:\/\/www.yoroow.com\/es\/wp-json\/wp\/v2\/product"}],"about":[{"href":"https:\/\/www.yoroow.com\/es\/wp-json\/wp\/v2\/types\/product"}],"wp:featuredmedia":[{"embeddable":true,"href":"https:\/\/www.yoroow.com\/es\/wp-json\/wp\/v2\/media\/12651"}],"wp:attachment":[{"href":"https:\/\/www.yoroow.com\/es\/wp-json\/wp\/v2\/media?parent=12659"}],"wp:term":[{"taxonomy":"product_brand","embeddable":true,"href":"https:\/\/www.yoroow.com\/es\/wp-json\/wp\/v2\/product_brand?post=12659"},{"taxonomy":"product_cat","embeddable":true,"href":"https:\/\/www.yoroow.com\/es\/wp-json\/wp\/v2\/product_cat?post=12659"},{"taxonomy":"product_tag","embeddable":true,"href":"https:\/\/www.yoroow.com\/es\/wp-json\/wp\/v2\/product_tag?post=12659"}],"curies":[{"name":"wp","href":"https:\/\/api.w.org\/{rel}","templated":true}]}}