{"id":12601,"date":"2025-02-24T14:13:58","date_gmt":"2025-02-24T06:13:58","guid":{"rendered":"https:\/\/www.yoroow.com\/?post_type=product&#038;p=12601"},"modified":"2025-05-16T09:38:08","modified_gmt":"2025-05-16T01:38:08","slug":"estilo-moderno-fregadero-de-cocina-grifos-de-acero-inoxidable-extraible-primavera-torneira-gourmet-tire-hacia-abajo-de-un-solo-agua-fria-grifo-de-la-cocina","status":"publish","type":"product","link":"https:\/\/www.yoroow.com\/es\/detalle-del-producto\/estilo-moderno-fregadero-de-cocina-grifos-de-acero-inoxidable-extraible-primavera-torneira-gourmet-tire-hacia-abajo-de-un-solo-agua-fria-grifo-de-la-cocina\/","title":{"rendered":"Grifo de cocina de lat\u00f3n antiguo de un solo fr\u00edo de acero inoxidable Tire del resorte de estilo moderno Torneira Gourmet Grifo Grifos de cocina flexible"},"content":{"rendered":"<p>Este grifo de cocina monomando de lat\u00f3n envejecido est\u00e1 fabricado en acero inoxidable de alta calidad y cuenta con un dise\u00f1o de muelle extra\u00edble que combina flexibilidad y practicidad. El acabado en lat\u00f3n antiguo le da un aspecto vintage a la vez que garantiza una larga durabilidad. Su dise\u00f1o es ideal tanto para cocinas modernas como vintage, ya que ofrece estilo y funcionalidad. El precio directo de f\u00e1brica de YOROOW hace que este grifo sea una excelente opci\u00f3n para exportar a Sudam\u00e9rica y el sudeste asi\u00e1tico, donde hay una gran demanda de grifos de cocina de alta calidad.<\/p>","protected":false},"excerpt":{"rendered":"<p>Este grifo de cocina monomando de lat\u00f3n envejecido est\u00e1 fabricado en acero inoxidable de alta calidad y cuenta con un dise\u00f1o de muelle extra\u00edble que combina flexibilidad y practicidad. El acabado en lat\u00f3n antiguo le da un aspecto vintage a la vez que garantiza una larga durabilidad. Su dise\u00f1o es ideal tanto para cocinas modernas como vintage, ya que ofrece estilo y funcionalidad. Precio directo de f\u00e1brica de YOROOW...<\/p>","protected":false},"featured_media":12606,"template":"","meta":{"_acf_changed":false,"_kad_post_transparent":"default","_kad_post_title":"","_kad_post_layout":"default","_kad_post_sidebar_id":"","_kad_post_content_style":"default","_kad_post_vertical_padding":"default","_kad_post_feature":"","_kad_post_feature_position":"","_kad_post_header":false,"_kad_post_footer":false},"product_brand":[],"product_cat":[221,1563],"product_tag":[3115,3304],"class_list":{"0":"post-12601","1":"product","2":"type-product","3":"status-publish","4":"has-post-thumbnail","6":"product_cat-single-cold-kitchen-faucet-kitchen-faucet","7":"product_cat-spring-single-cold-faucet","8":"product_tag-antique-brass-kitchen-faucet","9":"product_tag-kitchen-sink-tap-extension-flexible","11":"first","12":"instock","13":"shipping-taxable","14":"purchasable","15":"product-type-variable","16":"wvs-archive-product-wrapper","17":"entry","18":"content-bg","19":"loop-entry"},"acf":[],"yoast_head":"<!-- This site is optimized with the Yoast SEO Premium plugin v25.4 (Yoast SEO v27.0) - https:\/\/yoast.com\/product\/yoast-seo-premium-wordpress\/ -->\n<title>Antique Brass Single Cold Kitchen Faucet Stainless Steel Pull Spring Modern Style Torneira Gourmet Tap Flexible Kitchen Faucets - YOROOW<\/title>\n<meta name=\"description\" content=\"Antique brass kitchen faucet with pull spring combines classic style with modern use. Built from stainless steel for durability and corrosion resistance. Ideal for vintage kitchens and cafes. Factory-direct from China with customization services, well-received in Southeast Asia and South America.\" \/>\n<meta name=\"robots\" content=\"index, follow, max-snippet:-1, max-image-preview:large, max-video-preview:-1\" \/>\n<link rel=\"canonical\" href=\"https:\/\/www.yoroow.com\/es\/detalle-del-producto\/estilo-moderno-fregadero-de-cocina-grifos-de-acero-inoxidable-extraible-primavera-torneira-gourmet-tire-hacia-abajo-de-un-solo-agua-fria-grifo-de-la-cocina\/\" \/>\n<meta property=\"og:locale\" content=\"es_ES\" \/>\n<meta property=\"og:type\" content=\"article\" \/>\n<meta property=\"og:title\" content=\"Antique Brass Single Cold Kitchen Faucet Stainless Steel Pull Spring Modern Style Torneira Gourmet Tap Flexible Kitchen Faucets\" \/>\n<meta property=\"og:description\" content=\"Antique brass kitchen faucet with pull spring combines classic style with modern use. Built from stainless steel for durability and corrosion resistance. Ideal for vintage kitchens and cafes. Factory-direct from China with customization services, well-received in Southeast Asia and South America.\" \/>\n<meta property=\"og:url\" content=\"https:\/\/www.yoroow.com\/es\/detalle-del-producto\/estilo-moderno-fregadero-de-cocina-grifos-de-acero-inoxidable-extraible-primavera-torneira-gourmet-tire-hacia-abajo-de-un-solo-agua-fria-grifo-de-la-cocina\/\" \/>\n<meta property=\"og:site_name\" content=\"YOROOW\" \/>\n<meta property=\"article:publisher\" content=\"https:\/\/www.facebook.com\/people\/yoroowfaucetfactory\/61564236752362\/\" \/>\n<meta property=\"article:modified_time\" content=\"2025-05-16T01:38:08+00:00\" \/>\n<meta property=\"og:image\" content=\"https:\/\/www.yoroow.com\/wp-content\/uploads\/2025\/02\/9504B4-156S-T11\u7535\u9540-\u94a2-\u7acb\u5f0f-\u5f39\u7c27.jpg\" \/>\n\t<meta property=\"og:image:width\" content=\"1559\" \/>\n\t<meta property=\"og:image:height\" content=\"1559\" \/>\n\t<meta property=\"og:image:type\" content=\"image\/jpeg\" \/>\n<meta name=\"twitter:card\" content=\"summary_large_image\" \/>\n<meta name=\"twitter:label1\" content=\"Tiempo de lectura\" \/>\n\t<meta name=\"twitter:data1\" content=\"1 minuto\" \/>\n<script type=\"application\/ld+json\" class=\"yoast-schema-graph\">{\"@context\":\"https:\/\/schema.org\",\"@graph\":[{\"@type\":\"WebPage\",\"@id\":\"https:\/\/www.yoroow.com\/es\/detalle-del-producto\/estilo-moderno-fregadero-de-cocina-grifos-de-acero-inoxidable-extraible-primavera-torneira-gourmet-tire-hacia-abajo-de-un-solo-agua-fria-grifo-de-la-cocina\/\",\"url\":\"https:\/\/www.yoroow.com\/es\/detalle-del-producto\/estilo-moderno-fregadero-de-cocina-grifos-de-acero-inoxidable-extraible-primavera-torneira-gourmet-tire-hacia-abajo-de-un-solo-agua-fria-grifo-de-la-cocina\/\",\"name\":\"Antique Brass Single Cold Kitchen Faucet Stainless Steel Pull Spring Modern Style Torneira Gourmet Tap Flexible Kitchen Faucets - YOROOW\",\"isPartOf\":{\"@id\":\"https:\/\/www.yoroow.com\/es\/#website\"},\"primaryImageOfPage\":{\"@id\":\"https:\/\/www.yoroow.com\/es\/detalle-del-producto\/estilo-moderno-fregadero-de-cocina-grifos-de-acero-inoxidable-extraible-primavera-torneira-gourmet-tire-hacia-abajo-de-un-solo-agua-fria-grifo-de-la-cocina\/#primaryimage\"},\"image\":{\"@id\":\"https:\/\/www.yoroow.com\/es\/detalle-del-producto\/estilo-moderno-fregadero-de-cocina-grifos-de-acero-inoxidable-extraible-primavera-torneira-gourmet-tire-hacia-abajo-de-un-solo-agua-fria-grifo-de-la-cocina\/#primaryimage\"},\"thumbnailUrl\":\"https:\/\/www.yoroow.com\/wp-content\/uploads\/2025\/02\/9504B4-156S-T11\u7535\u9540-\u94a2-\u7acb\u5f0f-\u5f39\u7c27.jpg\",\"datePublished\":\"2025-02-24T06:13:58+00:00\",\"dateModified\":\"2025-05-16T01:38:08+00:00\",\"description\":\"Antique brass kitchen faucet with pull spring combines classic style with modern use. Built from stainless steel for durability and corrosion resistance. Ideal for vintage kitchens and cafes. Factory-direct from China with customization services, well-received in Southeast Asia and South America.\",\"breadcrumb\":{\"@id\":\"https:\/\/www.yoroow.com\/es\/detalle-del-producto\/estilo-moderno-fregadero-de-cocina-grifos-de-acero-inoxidable-extraible-primavera-torneira-gourmet-tire-hacia-abajo-de-un-solo-agua-fria-grifo-de-la-cocina\/#breadcrumb\"},\"inLanguage\":\"es\",\"potentialAction\":[{\"@type\":\"ReadAction\",\"target\":[\"https:\/\/www.yoroow.com\/es\/detalle-del-producto\/estilo-moderno-fregadero-de-cocina-grifos-de-acero-inoxidable-extraible-primavera-torneira-gourmet-tire-hacia-abajo-de-un-solo-agua-fria-grifo-de-la-cocina\/\"]}]},{\"@type\":\"ImageObject\",\"inLanguage\":\"es\",\"@id\":\"https:\/\/www.yoroow.com\/es\/detalle-del-producto\/estilo-moderno-fregadero-de-cocina-grifos-de-acero-inoxidable-extraible-primavera-torneira-gourmet-tire-hacia-abajo-de-un-solo-agua-fria-grifo-de-la-cocina\/#primaryimage\",\"url\":\"https:\/\/www.yoroow.com\/wp-content\/uploads\/2025\/02\/9504B4-156S-T11\u7535\u9540-\u94a2-\u7acb\u5f0f-\u5f39\u7c27.jpg\",\"contentUrl\":\"https:\/\/www.yoroow.com\/wp-content\/uploads\/2025\/02\/9504B4-156S-T11\u7535\u9540-\u94a2-\u7acb\u5f0f-\u5f39\u7c27.jpg\",\"width\":1559,\"height\":1559,\"caption\":\"Contemporary Chrome Kitchen Faucet Single Cold Sink Tap Extension Stainless Steel Pull Spring Kitchen Faucets\"},{\"@type\":\"BreadcrumbList\",\"@id\":\"https:\/\/www.yoroow.com\/es\/detalle-del-producto\/estilo-moderno-fregadero-de-cocina-grifos-de-acero-inoxidable-extraible-primavera-torneira-gourmet-tire-hacia-abajo-de-un-solo-agua-fria-grifo-de-la-cocina\/#breadcrumb\",\"itemListElement\":[{\"@type\":\"ListItem\",\"position\":1,\"name\":\"home\",\"item\":\"https:\/\/www.yoroow.com\/\"},{\"@type\":\"ListItem\",\"position\":2,\"name\":\"Product\",\"item\":\"https:\/\/www.yoroow.com\/product\/\"},{\"@type\":\"ListItem\",\"position\":3,\"name\":\"Antique Brass Single Cold Kitchen Faucet Stainless Steel Pull Spring Modern Style Torneira Gourmet Tap Flexible Kitchen Faucets\"}]},{\"@type\":\"WebSite\",\"@id\":\"https:\/\/www.yoroow.com\/es\/#website\",\"url\":\"https:\/\/www.yoroow.com\/es\/\",\"name\":\"YOROOW\",\"description\":\"\",\"publisher\":{\"@id\":\"https:\/\/www.yoroow.com\/es\/#organization\"},\"potentialAction\":[{\"@type\":\"SearchAction\",\"target\":{\"@type\":\"EntryPoint\",\"urlTemplate\":\"https:\/\/www.yoroow.com\/es\/?s={search_term_string}\"},\"query-input\":{\"@type\":\"PropertyValueSpecification\",\"valueRequired\":true,\"valueName\":\"search_term_string\"}}],\"inLanguage\":\"es\"},{\"@type\":\"Organization\",\"@id\":\"https:\/\/www.yoroow.com\/es\/#organization\",\"name\":\"YOROOW\",\"url\":\"https:\/\/www.yoroow.com\/es\/\",\"logo\":{\"@type\":\"ImageObject\",\"inLanguage\":\"es\",\"@id\":\"https:\/\/www.yoroow.com\/es\/#\/schema\/logo\/image\/\",\"url\":\"https:\/\/www.yoroow.com\/wp-content\/uploads\/2024\/12\/2024123007131061.png\",\"contentUrl\":\"https:\/\/www.yoroow.com\/wp-content\/uploads\/2024\/12\/2024123007131061.png\",\"width\":168,\"height\":27,\"caption\":\"YOROOW\"},\"image\":{\"@id\":\"https:\/\/www.yoroow.com\/es\/#\/schema\/logo\/image\/\"},\"sameAs\":[\"https:\/\/www.facebook.com\/people\/yoroowfaucetfactory\/61564236752362\/\"]}]}<\/script>\n<!-- \/ Yoast SEO Premium plugin. -->","yoast_head_json":{"title":"Antique Brass Single Cold Kitchen Faucet Stainless Steel Pull Spring Modern Style Torneira Gourmet Tap Flexible Kitchen Faucets - YOROOW","description":"Antique brass kitchen faucet with pull spring combines classic style with modern use. Built from stainless steel for durability and corrosion resistance. Ideal for vintage kitchens and cafes. Factory-direct from China with customization services, well-received in Southeast Asia and South America.","robots":{"index":"index","follow":"follow","max-snippet":"max-snippet:-1","max-image-preview":"max-image-preview:large","max-video-preview":"max-video-preview:-1"},"canonical":"https:\/\/www.yoroow.com\/es\/detalle-del-producto\/estilo-moderno-fregadero-de-cocina-grifos-de-acero-inoxidable-extraible-primavera-torneira-gourmet-tire-hacia-abajo-de-un-solo-agua-fria-grifo-de-la-cocina\/","og_locale":"es_ES","og_type":"article","og_title":"Antique Brass Single Cold Kitchen Faucet Stainless Steel Pull Spring Modern Style Torneira Gourmet Tap Flexible Kitchen Faucets","og_description":"Antique brass kitchen faucet with pull spring combines classic style with modern use. Built from stainless steel for durability and corrosion resistance. Ideal for vintage kitchens and cafes. Factory-direct from China with customization services, well-received in Southeast Asia and South America.","og_url":"https:\/\/www.yoroow.com\/es\/detalle-del-producto\/estilo-moderno-fregadero-de-cocina-grifos-de-acero-inoxidable-extraible-primavera-torneira-gourmet-tire-hacia-abajo-de-un-solo-agua-fria-grifo-de-la-cocina\/","og_site_name":"YOROOW","article_publisher":"https:\/\/www.facebook.com\/people\/yoroowfaucetfactory\/61564236752362\/","article_modified_time":"2025-05-16T01:38:08+00:00","og_image":[{"width":1559,"height":1559,"url":"https:\/\/www.yoroow.com\/wp-content\/uploads\/2025\/02\/9504B4-156S-T11\u7535\u9540-\u94a2-\u7acb\u5f0f-\u5f39\u7c27.jpg","type":"image\/jpeg"}],"twitter_card":"summary_large_image","twitter_misc":{"Tiempo de lectura":"1 minuto"},"schema":{"@context":"https:\/\/schema.org","@graph":[{"@type":"WebPage","@id":"https:\/\/www.yoroow.com\/es\/detalle-del-producto\/estilo-moderno-fregadero-de-cocina-grifos-de-acero-inoxidable-extraible-primavera-torneira-gourmet-tire-hacia-abajo-de-un-solo-agua-fria-grifo-de-la-cocina\/","url":"https:\/\/www.yoroow.com\/es\/detalle-del-producto\/estilo-moderno-fregadero-de-cocina-grifos-de-acero-inoxidable-extraible-primavera-torneira-gourmet-tire-hacia-abajo-de-un-solo-agua-fria-grifo-de-la-cocina\/","name":"Antique Brass Single Cold Kitchen Faucet Stainless Steel Pull Spring Modern Style Torneira Gourmet Tap Flexible Kitchen Faucets - YOROOW","isPartOf":{"@id":"https:\/\/www.yoroow.com\/es\/#website"},"primaryImageOfPage":{"@id":"https:\/\/www.yoroow.com\/es\/detalle-del-producto\/estilo-moderno-fregadero-de-cocina-grifos-de-acero-inoxidable-extraible-primavera-torneira-gourmet-tire-hacia-abajo-de-un-solo-agua-fria-grifo-de-la-cocina\/#primaryimage"},"image":{"@id":"https:\/\/www.yoroow.com\/es\/detalle-del-producto\/estilo-moderno-fregadero-de-cocina-grifos-de-acero-inoxidable-extraible-primavera-torneira-gourmet-tire-hacia-abajo-de-un-solo-agua-fria-grifo-de-la-cocina\/#primaryimage"},"thumbnailUrl":"https:\/\/www.yoroow.com\/wp-content\/uploads\/2025\/02\/9504B4-156S-T11\u7535\u9540-\u94a2-\u7acb\u5f0f-\u5f39\u7c27.jpg","datePublished":"2025-02-24T06:13:58+00:00","dateModified":"2025-05-16T01:38:08+00:00","description":"Antique brass kitchen faucet with pull spring combines classic style with modern use. Built from stainless steel for durability and corrosion resistance. Ideal for vintage kitchens and cafes. Factory-direct from China with customization services, well-received in Southeast Asia and South America.","breadcrumb":{"@id":"https:\/\/www.yoroow.com\/es\/detalle-del-producto\/estilo-moderno-fregadero-de-cocina-grifos-de-acero-inoxidable-extraible-primavera-torneira-gourmet-tire-hacia-abajo-de-un-solo-agua-fria-grifo-de-la-cocina\/#breadcrumb"},"inLanguage":"es","potentialAction":[{"@type":"ReadAction","target":["https:\/\/www.yoroow.com\/es\/detalle-del-producto\/estilo-moderno-fregadero-de-cocina-grifos-de-acero-inoxidable-extraible-primavera-torneira-gourmet-tire-hacia-abajo-de-un-solo-agua-fria-grifo-de-la-cocina\/"]}]},{"@type":"ImageObject","inLanguage":"es","@id":"https:\/\/www.yoroow.com\/es\/detalle-del-producto\/estilo-moderno-fregadero-de-cocina-grifos-de-acero-inoxidable-extraible-primavera-torneira-gourmet-tire-hacia-abajo-de-un-solo-agua-fria-grifo-de-la-cocina\/#primaryimage","url":"https:\/\/www.yoroow.com\/wp-content\/uploads\/2025\/02\/9504B4-156S-T11\u7535\u9540-\u94a2-\u7acb\u5f0f-\u5f39\u7c27.jpg","contentUrl":"https:\/\/www.yoroow.com\/wp-content\/uploads\/2025\/02\/9504B4-156S-T11\u7535\u9540-\u94a2-\u7acb\u5f0f-\u5f39\u7c27.jpg","width":1559,"height":1559,"caption":"Contemporary Chrome Kitchen Faucet Single Cold Sink Tap Extension Stainless Steel Pull Spring Kitchen Faucets"},{"@type":"BreadcrumbList","@id":"https:\/\/www.yoroow.com\/es\/detalle-del-producto\/estilo-moderno-fregadero-de-cocina-grifos-de-acero-inoxidable-extraible-primavera-torneira-gourmet-tire-hacia-abajo-de-un-solo-agua-fria-grifo-de-la-cocina\/#breadcrumb","itemListElement":[{"@type":"ListItem","position":1,"name":"home","item":"https:\/\/www.yoroow.com\/"},{"@type":"ListItem","position":2,"name":"Product","item":"https:\/\/www.yoroow.com\/product\/"},{"@type":"ListItem","position":3,"name":"Antique Brass Single Cold Kitchen Faucet Stainless Steel Pull Spring Modern Style Torneira Gourmet Tap Flexible Kitchen Faucets"}]},{"@type":"WebSite","@id":"https:\/\/www.yoroow.com\/es\/#website","url":"https:\/\/www.yoroow.com\/es\/","name":"YOROOW","description":"","publisher":{"@id":"https:\/\/www.yoroow.com\/es\/#organization"},"potentialAction":[{"@type":"SearchAction","target":{"@type":"EntryPoint","urlTemplate":"https:\/\/www.yoroow.com\/es\/?s={search_term_string}"},"query-input":{"@type":"PropertyValueSpecification","valueRequired":true,"valueName":"search_term_string"}}],"inLanguage":"es"},{"@type":"Organization","@id":"https:\/\/www.yoroow.com\/es\/#organization","name":"YOROOW","url":"https:\/\/www.yoroow.com\/es\/","logo":{"@type":"ImageObject","inLanguage":"es","@id":"https:\/\/www.yoroow.com\/es\/#\/schema\/logo\/image\/","url":"https:\/\/www.yoroow.com\/wp-content\/uploads\/2024\/12\/2024123007131061.png","contentUrl":"https:\/\/www.yoroow.com\/wp-content\/uploads\/2024\/12\/2024123007131061.png","width":168,"height":27,"caption":"YOROOW"},"image":{"@id":"https:\/\/www.yoroow.com\/es\/#\/schema\/logo\/image\/"},"sameAs":["https:\/\/www.facebook.com\/people\/yoroowfaucetfactory\/61564236752362\/"]}]}},"_links":{"self":[{"href":"https:\/\/www.yoroow.com\/es\/wp-json\/wp\/v2\/product\/12601","targetHints":{"allow":["GET"]}}],"collection":[{"href":"https:\/\/www.yoroow.com\/es\/wp-json\/wp\/v2\/product"}],"about":[{"href":"https:\/\/www.yoroow.com\/es\/wp-json\/wp\/v2\/types\/product"}],"wp:featuredmedia":[{"embeddable":true,"href":"https:\/\/www.yoroow.com\/es\/wp-json\/wp\/v2\/media\/12606"}],"wp:attachment":[{"href":"https:\/\/www.yoroow.com\/es\/wp-json\/wp\/v2\/media?parent=12601"}],"wp:term":[{"taxonomy":"product_brand","embeddable":true,"href":"https:\/\/www.yoroow.com\/es\/wp-json\/wp\/v2\/product_brand?post=12601"},{"taxonomy":"product_cat","embeddable":true,"href":"https:\/\/www.yoroow.com\/es\/wp-json\/wp\/v2\/product_cat?post=12601"},{"taxonomy":"product_tag","embeddable":true,"href":"https:\/\/www.yoroow.com\/es\/wp-json\/wp\/v2\/product_tag?post=12601"}],"curies":[{"name":"wp","href":"https:\/\/api.w.org\/{rel}","templated":true}]}}