{"id":12485,"date":"2025-02-24T10:55:33","date_gmt":"2025-02-24T02:55:33","guid":{"rendered":"https:\/\/www.yoroow.com\/?post_type=product&#038;p=12485"},"modified":"2025-05-16T09:37:17","modified_gmt":"2025-05-16T01:37:17","slug":"buen-precio-grifo-de-cocina-de-oro-de-dos-funciones-de-un-solo-mango-tire-hacia-fuera-de-acero-inoxidable-fregadero-de-la-cocina-grifo-mezclador-de-agua-de-la-cocina","status":"publish","type":"product","link":"https:\/\/www.yoroow.com\/es\/detalle-del-producto\/buen-precio-grifo-de-cocina-de-oro-de-dos-funciones-de-un-solo-mango-tire-hacia-fuera-de-acero-inoxidable-fregadero-de-la-cocina-grifo-mezclador-de-agua-de-la-cocina\/","title":{"rendered":"Moderno dise\u00f1o de oro cepillado de acero inoxidable grifo de la cocina Buen precio de una sola manija del tir\u00f3n mezclador de agua para fregadero de la cocina grifo de la cocina"},"content":{"rendered":"<p>Este grifo de cocina de acero inoxidable dorado cepillado de dise\u00f1o moderno combina estilo y funcionalidad. El monomando extra\u00edble permite ajustar f\u00e1cilmente la temperatura y el caudal del agua, garantizando la eficiencia en su uso. Fabricado en acero inoxidable de alta calidad, el acabado en oro cepillado resiste el \u00f3xido y a\u00f1ade un toque lujoso, por lo que es perfecto para cocinas modernas. Ya sea para cocinas residenciales o comerciales, este grifo se integra perfectamente en cualquier ambiente. El precio directo de f\u00e1brica de YOROOW ofrece una ventaja competitiva, por lo que resulta especialmente id\u00f3neo para la exportaci\u00f3n a los mercados de Sudam\u00e9rica y el sudeste asi\u00e1tico, donde existe una creciente demanda de dise\u00f1os de cocina de primera calidad.<\/p>","protected":false},"excerpt":{"rendered":"<p>This modern design brushed gold stainless steel kitchen faucet combines style with functionality. The single handle pull-out mixer allows easy adjustment of water temperature and flow, ensuring efficiency in use. Made from high-quality stainless steel, the brushed gold finish resists rust and adds a luxurious touch, making it perfect for modern kitchens. Whether for residential\u2026<\/p>","protected":false},"featured_media":12465,"template":"","meta":{"_acf_changed":false,"_kad_post_transparent":"default","_kad_post_title":"","_kad_post_layout":"default","_kad_post_sidebar_id":"","_kad_post_content_style":"default","_kad_post_vertical_padding":"default","_kad_post_feature":"","_kad_post_feature_position":"","_kad_post_header":false,"_kad_post_footer":false},"product_brand":[],"product_cat":[246,1565],"product_tag":[5793,5536],"class_list":{"0":"post-12485","1":"product","2":"type-product","3":"status-publish","4":"has-post-thumbnail","6":"product_cat-mixer-kitchen-faucet","7":"product_cat-pulling-kitchen-mixer-faucet","8":"product_tag-bruched-gold-kitchen-tap","9":"product_tag-stainless-steel-kitchen-mixer-faucet","11":"first","12":"instock","13":"shipping-taxable","14":"purchasable","15":"product-type-variable","16":"wvs-archive-product-wrapper","17":"entry","18":"content-bg","19":"loop-entry"},"acf":[],"yoast_head":"<!-- This site is optimized with the Yoast SEO Premium plugin v25.4 (Yoast SEO v27.0) - https:\/\/yoast.com\/product\/yoast-seo-premium-wordpress\/ -->\n<title>Modern Design Brushed Gold Stainless Steel Kitchen Faucet Good Price Single Handle Pull Water Mixer for Kitchen Sink Kitchen Faucet - YOROOW<\/title>\n<meta name=\"description\" content=\"Modern design brushed gold stainless steel kitchen faucet with single handle and pull water mixer. Manufactured by trusted Chinese factories with focus on aesthetics and durability. Well received in South American and Southeast Asian home improvement markets.\" \/>\n<meta name=\"robots\" content=\"index, follow, max-snippet:-1, max-image-preview:large, max-video-preview:-1\" \/>\n<link rel=\"canonical\" href=\"https:\/\/www.yoroow.com\/es\/detalle-del-producto\/buen-precio-grifo-de-cocina-de-oro-de-dos-funciones-de-un-solo-mango-tire-hacia-fuera-de-acero-inoxidable-fregadero-de-la-cocina-grifo-mezclador-de-agua-de-la-cocina\/\" \/>\n<meta property=\"og:locale\" content=\"es_ES\" \/>\n<meta property=\"og:type\" content=\"article\" \/>\n<meta property=\"og:title\" content=\"Modern Design Brushed Gold Stainless Steel Kitchen Faucet Good Price Single Handle Pull Water Mixer for Kitchen Sink Kitchen Faucet\" \/>\n<meta property=\"og:description\" content=\"Modern design brushed gold stainless steel kitchen faucet with single handle and pull water mixer. Manufactured by trusted Chinese factories with focus on aesthetics and durability. Well received in South American and Southeast Asian home improvement markets.\" \/>\n<meta property=\"og:url\" content=\"https:\/\/www.yoroow.com\/es\/detalle-del-producto\/buen-precio-grifo-de-cocina-de-oro-de-dos-funciones-de-un-solo-mango-tire-hacia-fuera-de-acero-inoxidable-fregadero-de-la-cocina-grifo-mezclador-de-agua-de-la-cocina\/\" \/>\n<meta property=\"og:site_name\" content=\"YOROOW\" \/>\n<meta property=\"article:publisher\" content=\"https:\/\/www.facebook.com\/people\/yoroowfaucetfactory\/61564236752362\/\" \/>\n<meta property=\"article:modified_time\" content=\"2025-05-16T01:37:17+00:00\" \/>\n<meta property=\"og:image\" content=\"https:\/\/www.yoroow.com\/wp-content\/uploads\/2025\/02\/deeeee.jpg\" \/>\n\t<meta property=\"og:image:width\" content=\"800\" \/>\n\t<meta property=\"og:image:height\" content=\"800\" \/>\n\t<meta property=\"og:image:type\" content=\"image\/jpeg\" \/>\n<meta name=\"twitter:card\" content=\"summary_large_image\" \/>\n<meta name=\"twitter:label1\" content=\"Tiempo de lectura\" \/>\n\t<meta name=\"twitter:data1\" content=\"1 minuto\" \/>\n<script type=\"application\/ld+json\" class=\"yoast-schema-graph\">{\"@context\":\"https:\/\/schema.org\",\"@graph\":[{\"@type\":\"WebPage\",\"@id\":\"https:\/\/www.yoroow.com\/es\/detalle-del-producto\/buen-precio-grifo-de-cocina-de-oro-de-dos-funciones-de-un-solo-mango-tire-hacia-fuera-de-acero-inoxidable-fregadero-de-la-cocina-grifo-mezclador-de-agua-de-la-cocina\/\",\"url\":\"https:\/\/www.yoroow.com\/es\/detalle-del-producto\/buen-precio-grifo-de-cocina-de-oro-de-dos-funciones-de-un-solo-mango-tire-hacia-fuera-de-acero-inoxidable-fregadero-de-la-cocina-grifo-mezclador-de-agua-de-la-cocina\/\",\"name\":\"Modern Design Brushed Gold Stainless Steel Kitchen Faucet Good Price Single Handle Pull Water Mixer for Kitchen Sink Kitchen Faucet - YOROOW\",\"isPartOf\":{\"@id\":\"https:\/\/www.yoroow.com\/es\/#website\"},\"primaryImageOfPage\":{\"@id\":\"https:\/\/www.yoroow.com\/es\/detalle-del-producto\/buen-precio-grifo-de-cocina-de-oro-de-dos-funciones-de-un-solo-mango-tire-hacia-fuera-de-acero-inoxidable-fregadero-de-la-cocina-grifo-mezclador-de-agua-de-la-cocina\/#primaryimage\"},\"image\":{\"@id\":\"https:\/\/www.yoroow.com\/es\/detalle-del-producto\/buen-precio-grifo-de-cocina-de-oro-de-dos-funciones-de-un-solo-mango-tire-hacia-fuera-de-acero-inoxidable-fregadero-de-la-cocina-grifo-mezclador-de-agua-de-la-cocina\/#primaryimage\"},\"thumbnailUrl\":\"https:\/\/www.yoroow.com\/wp-content\/uploads\/2025\/02\/deeeee.jpg\",\"datePublished\":\"2025-02-24T02:55:33+00:00\",\"dateModified\":\"2025-05-16T01:37:17+00:00\",\"description\":\"Modern design brushed gold stainless steel kitchen faucet with single handle and pull water mixer. Manufactured by trusted Chinese factories with focus on aesthetics and durability. Well received in South American and Southeast Asian home improvement markets.\",\"breadcrumb\":{\"@id\":\"https:\/\/www.yoroow.com\/es\/detalle-del-producto\/buen-precio-grifo-de-cocina-de-oro-de-dos-funciones-de-un-solo-mango-tire-hacia-fuera-de-acero-inoxidable-fregadero-de-la-cocina-grifo-mezclador-de-agua-de-la-cocina\/#breadcrumb\"},\"inLanguage\":\"es\",\"potentialAction\":[{\"@type\":\"ReadAction\",\"target\":[\"https:\/\/www.yoroow.com\/es\/detalle-del-producto\/buen-precio-grifo-de-cocina-de-oro-de-dos-funciones-de-un-solo-mango-tire-hacia-fuera-de-acero-inoxidable-fregadero-de-la-cocina-grifo-mezclador-de-agua-de-la-cocina\/\"]}]},{\"@type\":\"ImageObject\",\"inLanguage\":\"es\",\"@id\":\"https:\/\/www.yoroow.com\/es\/detalle-del-producto\/buen-precio-grifo-de-cocina-de-oro-de-dos-funciones-de-un-solo-mango-tire-hacia-fuera-de-acero-inoxidable-fregadero-de-la-cocina-grifo-mezclador-de-agua-de-la-cocina\/#primaryimage\",\"url\":\"https:\/\/www.yoroow.com\/wp-content\/uploads\/2025\/02\/deeeee.jpg\",\"contentUrl\":\"https:\/\/www.yoroow.com\/wp-content\/uploads\/2025\/02\/deeeee.jpg\",\"width\":800,\"height\":800,\"caption\":\"Factory Direct Sale 201 Stainless Steel Single-Handle Pull Kitchen Faucet High Tap Kitchen Mixer Dual Mode Outlet Black Hot Cold Water Sink Kitchen\"},{\"@type\":\"BreadcrumbList\",\"@id\":\"https:\/\/www.yoroow.com\/es\/detalle-del-producto\/buen-precio-grifo-de-cocina-de-oro-de-dos-funciones-de-un-solo-mango-tire-hacia-fuera-de-acero-inoxidable-fregadero-de-la-cocina-grifo-mezclador-de-agua-de-la-cocina\/#breadcrumb\",\"itemListElement\":[{\"@type\":\"ListItem\",\"position\":1,\"name\":\"home\",\"item\":\"https:\/\/www.yoroow.com\/\"},{\"@type\":\"ListItem\",\"position\":2,\"name\":\"Product\",\"item\":\"https:\/\/www.yoroow.com\/product\/\"},{\"@type\":\"ListItem\",\"position\":3,\"name\":\"Modern Design Brushed Gold Stainless Steel Kitchen Faucet Good Price Single Handle Pull Water Mixer for Kitchen Sink Kitchen Faucet\"}]},{\"@type\":\"WebSite\",\"@id\":\"https:\/\/www.yoroow.com\/es\/#website\",\"url\":\"https:\/\/www.yoroow.com\/es\/\",\"name\":\"YOROOW\",\"description\":\"\",\"publisher\":{\"@id\":\"https:\/\/www.yoroow.com\/es\/#organization\"},\"potentialAction\":[{\"@type\":\"SearchAction\",\"target\":{\"@type\":\"EntryPoint\",\"urlTemplate\":\"https:\/\/www.yoroow.com\/es\/?s={search_term_string}\"},\"query-input\":{\"@type\":\"PropertyValueSpecification\",\"valueRequired\":true,\"valueName\":\"search_term_string\"}}],\"inLanguage\":\"es\"},{\"@type\":\"Organization\",\"@id\":\"https:\/\/www.yoroow.com\/es\/#organization\",\"name\":\"YOROOW\",\"url\":\"https:\/\/www.yoroow.com\/es\/\",\"logo\":{\"@type\":\"ImageObject\",\"inLanguage\":\"es\",\"@id\":\"https:\/\/www.yoroow.com\/es\/#\/schema\/logo\/image\/\",\"url\":\"https:\/\/www.yoroow.com\/wp-content\/uploads\/2024\/12\/2024123007131061.png\",\"contentUrl\":\"https:\/\/www.yoroow.com\/wp-content\/uploads\/2024\/12\/2024123007131061.png\",\"width\":168,\"height\":27,\"caption\":\"YOROOW\"},\"image\":{\"@id\":\"https:\/\/www.yoroow.com\/es\/#\/schema\/logo\/image\/\"},\"sameAs\":[\"https:\/\/www.facebook.com\/people\/yoroowfaucetfactory\/61564236752362\/\"]}]}<\/script>\n<!-- \/ Yoast SEO Premium plugin. -->","yoast_head_json":{"title":"Modern Design Brushed Gold Stainless Steel Kitchen Faucet Good Price Single Handle Pull Water Mixer for Kitchen Sink Kitchen Faucet - YOROOW","description":"Modern design brushed gold stainless steel kitchen faucet with single handle and pull water mixer. Manufactured by trusted Chinese factories with focus on aesthetics and durability. Well received in South American and Southeast Asian home improvement markets.","robots":{"index":"index","follow":"follow","max-snippet":"max-snippet:-1","max-image-preview":"max-image-preview:large","max-video-preview":"max-video-preview:-1"},"canonical":"https:\/\/www.yoroow.com\/es\/detalle-del-producto\/buen-precio-grifo-de-cocina-de-oro-de-dos-funciones-de-un-solo-mango-tire-hacia-fuera-de-acero-inoxidable-fregadero-de-la-cocina-grifo-mezclador-de-agua-de-la-cocina\/","og_locale":"es_ES","og_type":"article","og_title":"Modern Design Brushed Gold Stainless Steel Kitchen Faucet Good Price Single Handle Pull Water Mixer for Kitchen Sink Kitchen Faucet","og_description":"Modern design brushed gold stainless steel kitchen faucet with single handle and pull water mixer. Manufactured by trusted Chinese factories with focus on aesthetics and durability. Well received in South American and Southeast Asian home improvement markets.","og_url":"https:\/\/www.yoroow.com\/es\/detalle-del-producto\/buen-precio-grifo-de-cocina-de-oro-de-dos-funciones-de-un-solo-mango-tire-hacia-fuera-de-acero-inoxidable-fregadero-de-la-cocina-grifo-mezclador-de-agua-de-la-cocina\/","og_site_name":"YOROOW","article_publisher":"https:\/\/www.facebook.com\/people\/yoroowfaucetfactory\/61564236752362\/","article_modified_time":"2025-05-16T01:37:17+00:00","og_image":[{"width":800,"height":800,"url":"https:\/\/www.yoroow.com\/wp-content\/uploads\/2025\/02\/deeeee.jpg","type":"image\/jpeg"}],"twitter_card":"summary_large_image","twitter_misc":{"Tiempo de lectura":"1 minuto"},"schema":{"@context":"https:\/\/schema.org","@graph":[{"@type":"WebPage","@id":"https:\/\/www.yoroow.com\/es\/detalle-del-producto\/buen-precio-grifo-de-cocina-de-oro-de-dos-funciones-de-un-solo-mango-tire-hacia-fuera-de-acero-inoxidable-fregadero-de-la-cocina-grifo-mezclador-de-agua-de-la-cocina\/","url":"https:\/\/www.yoroow.com\/es\/detalle-del-producto\/buen-precio-grifo-de-cocina-de-oro-de-dos-funciones-de-un-solo-mango-tire-hacia-fuera-de-acero-inoxidable-fregadero-de-la-cocina-grifo-mezclador-de-agua-de-la-cocina\/","name":"Modern Design Brushed Gold Stainless Steel Kitchen Faucet Good Price Single Handle Pull Water Mixer for Kitchen Sink Kitchen Faucet - YOROOW","isPartOf":{"@id":"https:\/\/www.yoroow.com\/es\/#website"},"primaryImageOfPage":{"@id":"https:\/\/www.yoroow.com\/es\/detalle-del-producto\/buen-precio-grifo-de-cocina-de-oro-de-dos-funciones-de-un-solo-mango-tire-hacia-fuera-de-acero-inoxidable-fregadero-de-la-cocina-grifo-mezclador-de-agua-de-la-cocina\/#primaryimage"},"image":{"@id":"https:\/\/www.yoroow.com\/es\/detalle-del-producto\/buen-precio-grifo-de-cocina-de-oro-de-dos-funciones-de-un-solo-mango-tire-hacia-fuera-de-acero-inoxidable-fregadero-de-la-cocina-grifo-mezclador-de-agua-de-la-cocina\/#primaryimage"},"thumbnailUrl":"https:\/\/www.yoroow.com\/wp-content\/uploads\/2025\/02\/deeeee.jpg","datePublished":"2025-02-24T02:55:33+00:00","dateModified":"2025-05-16T01:37:17+00:00","description":"Modern design brushed gold stainless steel kitchen faucet with single handle and pull water mixer. Manufactured by trusted Chinese factories with focus on aesthetics and durability. Well received in South American and Southeast Asian home improvement markets.","breadcrumb":{"@id":"https:\/\/www.yoroow.com\/es\/detalle-del-producto\/buen-precio-grifo-de-cocina-de-oro-de-dos-funciones-de-un-solo-mango-tire-hacia-fuera-de-acero-inoxidable-fregadero-de-la-cocina-grifo-mezclador-de-agua-de-la-cocina\/#breadcrumb"},"inLanguage":"es","potentialAction":[{"@type":"ReadAction","target":["https:\/\/www.yoroow.com\/es\/detalle-del-producto\/buen-precio-grifo-de-cocina-de-oro-de-dos-funciones-de-un-solo-mango-tire-hacia-fuera-de-acero-inoxidable-fregadero-de-la-cocina-grifo-mezclador-de-agua-de-la-cocina\/"]}]},{"@type":"ImageObject","inLanguage":"es","@id":"https:\/\/www.yoroow.com\/es\/detalle-del-producto\/buen-precio-grifo-de-cocina-de-oro-de-dos-funciones-de-un-solo-mango-tire-hacia-fuera-de-acero-inoxidable-fregadero-de-la-cocina-grifo-mezclador-de-agua-de-la-cocina\/#primaryimage","url":"https:\/\/www.yoroow.com\/wp-content\/uploads\/2025\/02\/deeeee.jpg","contentUrl":"https:\/\/www.yoroow.com\/wp-content\/uploads\/2025\/02\/deeeee.jpg","width":800,"height":800,"caption":"Factory Direct Sale 201 Stainless Steel Single-Handle Pull Kitchen Faucet High Tap Kitchen Mixer Dual Mode Outlet Black Hot Cold Water Sink Kitchen"},{"@type":"BreadcrumbList","@id":"https:\/\/www.yoroow.com\/es\/detalle-del-producto\/buen-precio-grifo-de-cocina-de-oro-de-dos-funciones-de-un-solo-mango-tire-hacia-fuera-de-acero-inoxidable-fregadero-de-la-cocina-grifo-mezclador-de-agua-de-la-cocina\/#breadcrumb","itemListElement":[{"@type":"ListItem","position":1,"name":"home","item":"https:\/\/www.yoroow.com\/"},{"@type":"ListItem","position":2,"name":"Product","item":"https:\/\/www.yoroow.com\/product\/"},{"@type":"ListItem","position":3,"name":"Modern Design Brushed Gold Stainless Steel Kitchen Faucet Good Price Single Handle Pull Water Mixer for Kitchen Sink Kitchen Faucet"}]},{"@type":"WebSite","@id":"https:\/\/www.yoroow.com\/es\/#website","url":"https:\/\/www.yoroow.com\/es\/","name":"YOROOW","description":"","publisher":{"@id":"https:\/\/www.yoroow.com\/es\/#organization"},"potentialAction":[{"@type":"SearchAction","target":{"@type":"EntryPoint","urlTemplate":"https:\/\/www.yoroow.com\/es\/?s={search_term_string}"},"query-input":{"@type":"PropertyValueSpecification","valueRequired":true,"valueName":"search_term_string"}}],"inLanguage":"es"},{"@type":"Organization","@id":"https:\/\/www.yoroow.com\/es\/#organization","name":"YOROOW","url":"https:\/\/www.yoroow.com\/es\/","logo":{"@type":"ImageObject","inLanguage":"es","@id":"https:\/\/www.yoroow.com\/es\/#\/schema\/logo\/image\/","url":"https:\/\/www.yoroow.com\/wp-content\/uploads\/2024\/12\/2024123007131061.png","contentUrl":"https:\/\/www.yoroow.com\/wp-content\/uploads\/2024\/12\/2024123007131061.png","width":168,"height":27,"caption":"YOROOW"},"image":{"@id":"https:\/\/www.yoroow.com\/es\/#\/schema\/logo\/image\/"},"sameAs":["https:\/\/www.facebook.com\/people\/yoroowfaucetfactory\/61564236752362\/"]}]}},"_links":{"self":[{"href":"https:\/\/www.yoroow.com\/es\/wp-json\/wp\/v2\/product\/12485","targetHints":{"allow":["GET"]}}],"collection":[{"href":"https:\/\/www.yoroow.com\/es\/wp-json\/wp\/v2\/product"}],"about":[{"href":"https:\/\/www.yoroow.com\/es\/wp-json\/wp\/v2\/types\/product"}],"wp:featuredmedia":[{"embeddable":true,"href":"https:\/\/www.yoroow.com\/es\/wp-json\/wp\/v2\/media\/12465"}],"wp:attachment":[{"href":"https:\/\/www.yoroow.com\/es\/wp-json\/wp\/v2\/media?parent=12485"}],"wp:term":[{"taxonomy":"product_brand","embeddable":true,"href":"https:\/\/www.yoroow.com\/es\/wp-json\/wp\/v2\/product_brand?post=12485"},{"taxonomy":"product_cat","embeddable":true,"href":"https:\/\/www.yoroow.com\/es\/wp-json\/wp\/v2\/product_cat?post=12485"},{"taxonomy":"product_tag","embeddable":true,"href":"https:\/\/www.yoroow.com\/es\/wp-json\/wp\/v2\/product_tag?post=12485"}],"curies":[{"name":"wp","href":"https:\/\/api.w.org\/{rel}","templated":true}]}}