{"id":12401,"date":"2025-02-22T14:04:05","date_gmt":"2025-02-22T06:04:05","guid":{"rendered":"https:\/\/www.yoroow.com\/?post_type=product&#038;p=12401"},"modified":"2025-05-16T09:37:08","modified_gmt":"2025-05-16T01:37:08","slug":"buena-calidad-grifo-de-ducha-oculto-grifo-de-ducha-de-bano-de-laton-negro","status":"publish","type":"product","link":"https:\/\/www.yoroow.com\/es\/detalle-del-producto\/buena-calidad-grifo-de-ducha-oculto-grifo-de-ducha-de-bano-de-laton-negro\/","title":{"rendered":"Grifo mezclador de lat\u00f3n de calidad oculto Juego de ducha negro industrial con patr\u00f3n de chorro suave para apartamentos Bueno para uso en ba\u00f1os"},"content":{"rendered":"<p>Este grifo mezclador empotrado de lat\u00f3n de alta calidad presenta un dise\u00f1o negro industrial, ideal para cuartos de ba\u00f1o de apartamentos modernos. Ofrece un patr\u00f3n de chorro suave que proporciona una experiencia de ducha c\u00f3moda y relajante. Fabricado con lat\u00f3n, el grifo garantiza durabilidad y longevidad, mientras que su elegante dise\u00f1o se adapta a las decoraciones de ba\u00f1o contempor\u00e1neas. YOROOW ofrece este producto a precios de f\u00e1brica competitivos, y su producci\u00f3n de alta calidad es ideal para exportar a Sudam\u00e9rica y el Sudeste Asi\u00e1tico, donde el dise\u00f1o industrial moderno est\u00e1 ganando popularidad.<\/p>","protected":false},"excerpt":{"rendered":"<p>This high-quality concealed brass mixer faucet features an industrial black design, ideal for modern apartment bathrooms. It offers a soft jet spray pattern that provides a comfortable and relaxing shower experience. Made with brass, the faucet ensures durability and longevity, while its sleek design suits contemporary bathroom decors. YOROOW offers this product at competitive factory\u2026<\/p>","protected":false},"featured_media":12406,"template":"","meta":{"_acf_changed":false,"_kad_post_transparent":"default","_kad_post_title":"","_kad_post_layout":"default","_kad_post_sidebar_id":"","_kad_post_content_style":"default","_kad_post_vertical_padding":"default","_kad_post_feature":"","_kad_post_feature_position":"","_kad_post_header":false,"_kad_post_footer":false},"product_brand":[],"product_cat":[234],"product_tag":[5302,5512],"class_list":{"0":"post-12401","1":"product","2":"type-product","3":"status-publish","4":"has-post-thumbnail","6":"product_cat-concealed-shower-set","7":"product_tag-brass-mixer-faucets-and-shower-set","8":"product_tag-industrial-shower-system","10":"first","11":"instock","12":"shipping-taxable","13":"purchasable","14":"product-type-variable","15":"wvs-archive-product-wrapper","16":"entry","17":"content-bg","18":"loop-entry"},"acf":[],"yoast_head":"<!-- This site is optimized with the Yoast SEO Premium plugin v25.4 (Yoast SEO v27.0) - https:\/\/yoast.com\/product\/yoast-seo-premium-wordpress\/ -->\n<title>Quality Concealed Brass Mixer Faucet Industrial Black Shower Set Soft Jet Spray Pattern for Apartments Good for Bathroom Use - YOROOW<\/title>\n<meta name=\"description\" content=\"Quality concealed brass mixer faucet with industrial black finish and soft jet spray pattern. Suitable for apartment and commercial bathrooms. Chinese factory direct sales ensure competitive price and quality for South American and Southeast Asian customers.\" \/>\n<meta name=\"robots\" content=\"index, follow, max-snippet:-1, max-image-preview:large, max-video-preview:-1\" \/>\n<link rel=\"canonical\" href=\"https:\/\/www.yoroow.com\/es\/detalle-del-producto\/buena-calidad-grifo-de-ducha-oculto-grifo-de-ducha-de-bano-de-laton-negro\/\" \/>\n<meta property=\"og:locale\" content=\"es_ES\" \/>\n<meta property=\"og:type\" content=\"article\" \/>\n<meta property=\"og:title\" content=\"Quality Concealed Brass Mixer Faucet Industrial Black Shower Set Soft Jet Spray Pattern for Apartments Good for Bathroom Use\" \/>\n<meta property=\"og:description\" content=\"Quality concealed brass mixer faucet with industrial black finish and soft jet spray pattern. Suitable for apartment and commercial bathrooms. Chinese factory direct sales ensure competitive price and quality for South American and Southeast Asian customers.\" \/>\n<meta property=\"og:url\" content=\"https:\/\/www.yoroow.com\/es\/detalle-del-producto\/buena-calidad-grifo-de-ducha-oculto-grifo-de-ducha-de-bano-de-laton-negro\/\" \/>\n<meta property=\"og:site_name\" content=\"YOROOW\" \/>\n<meta property=\"article:publisher\" content=\"https:\/\/www.facebook.com\/people\/yoroowfaucetfactory\/61564236752362\/\" \/>\n<meta property=\"article:modified_time\" content=\"2025-05-16T01:37:08+00:00\" \/>\n<meta property=\"og:image\" content=\"https:\/\/www.yoroow.com\/wp-content\/uploads\/2025\/02\/\u9ed1\u8272.jpg\" \/>\n\t<meta property=\"og:image:width\" content=\"475\" \/>\n\t<meta property=\"og:image:height\" content=\"475\" \/>\n\t<meta property=\"og:image:type\" content=\"image\/jpeg\" \/>\n<meta name=\"twitter:card\" content=\"summary_large_image\" \/>\n<meta name=\"twitter:label1\" content=\"Tiempo de lectura\" \/>\n\t<meta name=\"twitter:data1\" content=\"1 minuto\" \/>\n<script type=\"application\/ld+json\" class=\"yoast-schema-graph\">{\"@context\":\"https:\/\/schema.org\",\"@graph\":[{\"@type\":\"WebPage\",\"@id\":\"https:\/\/www.yoroow.com\/es\/detalle-del-producto\/buena-calidad-grifo-de-ducha-oculto-grifo-de-ducha-de-bano-de-laton-negro\/\",\"url\":\"https:\/\/www.yoroow.com\/es\/detalle-del-producto\/buena-calidad-grifo-de-ducha-oculto-grifo-de-ducha-de-bano-de-laton-negro\/\",\"name\":\"Quality Concealed Brass Mixer Faucet Industrial Black Shower Set Soft Jet Spray Pattern for Apartments Good for Bathroom Use - YOROOW\",\"isPartOf\":{\"@id\":\"https:\/\/www.yoroow.com\/es\/#website\"},\"primaryImageOfPage\":{\"@id\":\"https:\/\/www.yoroow.com\/es\/detalle-del-producto\/buena-calidad-grifo-de-ducha-oculto-grifo-de-ducha-de-bano-de-laton-negro\/#primaryimage\"},\"image\":{\"@id\":\"https:\/\/www.yoroow.com\/es\/detalle-del-producto\/buena-calidad-grifo-de-ducha-oculto-grifo-de-ducha-de-bano-de-laton-negro\/#primaryimage\"},\"thumbnailUrl\":\"https:\/\/www.yoroow.com\/wp-content\/uploads\/2025\/02\/\u9ed1\u8272.jpg\",\"datePublished\":\"2025-02-22T06:04:05+00:00\",\"dateModified\":\"2025-05-16T01:37:08+00:00\",\"description\":\"Quality concealed brass mixer faucet with industrial black finish and soft jet spray pattern. Suitable for apartment and commercial bathrooms. Chinese factory direct sales ensure competitive price and quality for South American and Southeast Asian customers.\",\"breadcrumb\":{\"@id\":\"https:\/\/www.yoroow.com\/es\/detalle-del-producto\/buena-calidad-grifo-de-ducha-oculto-grifo-de-ducha-de-bano-de-laton-negro\/#breadcrumb\"},\"inLanguage\":\"es\",\"potentialAction\":[{\"@type\":\"ReadAction\",\"target\":[\"https:\/\/www.yoroow.com\/es\/detalle-del-producto\/buena-calidad-grifo-de-ducha-oculto-grifo-de-ducha-de-bano-de-laton-negro\/\"]}]},{\"@type\":\"ImageObject\",\"inLanguage\":\"es\",\"@id\":\"https:\/\/www.yoroow.com\/es\/detalle-del-producto\/buena-calidad-grifo-de-ducha-oculto-grifo-de-ducha-de-bano-de-laton-negro\/#primaryimage\",\"url\":\"https:\/\/www.yoroow.com\/wp-content\/uploads\/2025\/02\/\u9ed1\u8272.jpg\",\"contentUrl\":\"https:\/\/www.yoroow.com\/wp-content\/uploads\/2025\/02\/\u9ed1\u8272.jpg\",\"width\":475,\"height\":475,\"caption\":\"Quality Concealed Brass Mixer Faucet Industrial Black Shower Set Soft Jet Spray Pattern for Apartments Good for Bathroom Use\"},{\"@type\":\"BreadcrumbList\",\"@id\":\"https:\/\/www.yoroow.com\/es\/detalle-del-producto\/buena-calidad-grifo-de-ducha-oculto-grifo-de-ducha-de-bano-de-laton-negro\/#breadcrumb\",\"itemListElement\":[{\"@type\":\"ListItem\",\"position\":1,\"name\":\"home\",\"item\":\"https:\/\/www.yoroow.com\/\"},{\"@type\":\"ListItem\",\"position\":2,\"name\":\"Product\",\"item\":\"https:\/\/www.yoroow.com\/product\/\"},{\"@type\":\"ListItem\",\"position\":3,\"name\":\"Quality Concealed Brass Mixer Faucet Industrial Black Shower Set Soft Jet Spray Pattern for Apartments Good for Bathroom Use\"}]},{\"@type\":\"WebSite\",\"@id\":\"https:\/\/www.yoroow.com\/es\/#website\",\"url\":\"https:\/\/www.yoroow.com\/es\/\",\"name\":\"YOROOW\",\"description\":\"\",\"publisher\":{\"@id\":\"https:\/\/www.yoroow.com\/es\/#organization\"},\"potentialAction\":[{\"@type\":\"SearchAction\",\"target\":{\"@type\":\"EntryPoint\",\"urlTemplate\":\"https:\/\/www.yoroow.com\/es\/?s={search_term_string}\"},\"query-input\":{\"@type\":\"PropertyValueSpecification\",\"valueRequired\":true,\"valueName\":\"search_term_string\"}}],\"inLanguage\":\"es\"},{\"@type\":\"Organization\",\"@id\":\"https:\/\/www.yoroow.com\/es\/#organization\",\"name\":\"YOROOW\",\"url\":\"https:\/\/www.yoroow.com\/es\/\",\"logo\":{\"@type\":\"ImageObject\",\"inLanguage\":\"es\",\"@id\":\"https:\/\/www.yoroow.com\/es\/#\/schema\/logo\/image\/\",\"url\":\"https:\/\/www.yoroow.com\/wp-content\/uploads\/2024\/12\/2024123007131061.png\",\"contentUrl\":\"https:\/\/www.yoroow.com\/wp-content\/uploads\/2024\/12\/2024123007131061.png\",\"width\":168,\"height\":27,\"caption\":\"YOROOW\"},\"image\":{\"@id\":\"https:\/\/www.yoroow.com\/es\/#\/schema\/logo\/image\/\"},\"sameAs\":[\"https:\/\/www.facebook.com\/people\/yoroowfaucetfactory\/61564236752362\/\"]}]}<\/script>\n<!-- \/ Yoast SEO Premium plugin. -->","yoast_head_json":{"title":"Quality Concealed Brass Mixer Faucet Industrial Black Shower Set Soft Jet Spray Pattern for Apartments Good for Bathroom Use - YOROOW","description":"Quality concealed brass mixer faucet with industrial black finish and soft jet spray pattern. Suitable for apartment and commercial bathrooms. Chinese factory direct sales ensure competitive price and quality for South American and Southeast Asian customers.","robots":{"index":"index","follow":"follow","max-snippet":"max-snippet:-1","max-image-preview":"max-image-preview:large","max-video-preview":"max-video-preview:-1"},"canonical":"https:\/\/www.yoroow.com\/es\/detalle-del-producto\/buena-calidad-grifo-de-ducha-oculto-grifo-de-ducha-de-bano-de-laton-negro\/","og_locale":"es_ES","og_type":"article","og_title":"Quality Concealed Brass Mixer Faucet Industrial Black Shower Set Soft Jet Spray Pattern for Apartments Good for Bathroom Use","og_description":"Quality concealed brass mixer faucet with industrial black finish and soft jet spray pattern. Suitable for apartment and commercial bathrooms. Chinese factory direct sales ensure competitive price and quality for South American and Southeast Asian customers.","og_url":"https:\/\/www.yoroow.com\/es\/detalle-del-producto\/buena-calidad-grifo-de-ducha-oculto-grifo-de-ducha-de-bano-de-laton-negro\/","og_site_name":"YOROOW","article_publisher":"https:\/\/www.facebook.com\/people\/yoroowfaucetfactory\/61564236752362\/","article_modified_time":"2025-05-16T01:37:08+00:00","og_image":[{"width":475,"height":475,"url":"https:\/\/www.yoroow.com\/wp-content\/uploads\/2025\/02\/\u9ed1\u8272.jpg","type":"image\/jpeg"}],"twitter_card":"summary_large_image","twitter_misc":{"Tiempo de lectura":"1 minuto"},"schema":{"@context":"https:\/\/schema.org","@graph":[{"@type":"WebPage","@id":"https:\/\/www.yoroow.com\/es\/detalle-del-producto\/buena-calidad-grifo-de-ducha-oculto-grifo-de-ducha-de-bano-de-laton-negro\/","url":"https:\/\/www.yoroow.com\/es\/detalle-del-producto\/buena-calidad-grifo-de-ducha-oculto-grifo-de-ducha-de-bano-de-laton-negro\/","name":"Quality Concealed Brass Mixer Faucet Industrial Black Shower Set Soft Jet Spray Pattern for Apartments Good for Bathroom Use - YOROOW","isPartOf":{"@id":"https:\/\/www.yoroow.com\/es\/#website"},"primaryImageOfPage":{"@id":"https:\/\/www.yoroow.com\/es\/detalle-del-producto\/buena-calidad-grifo-de-ducha-oculto-grifo-de-ducha-de-bano-de-laton-negro\/#primaryimage"},"image":{"@id":"https:\/\/www.yoroow.com\/es\/detalle-del-producto\/buena-calidad-grifo-de-ducha-oculto-grifo-de-ducha-de-bano-de-laton-negro\/#primaryimage"},"thumbnailUrl":"https:\/\/www.yoroow.com\/wp-content\/uploads\/2025\/02\/\u9ed1\u8272.jpg","datePublished":"2025-02-22T06:04:05+00:00","dateModified":"2025-05-16T01:37:08+00:00","description":"Quality concealed brass mixer faucet with industrial black finish and soft jet spray pattern. Suitable for apartment and commercial bathrooms. Chinese factory direct sales ensure competitive price and quality for South American and Southeast Asian customers.","breadcrumb":{"@id":"https:\/\/www.yoroow.com\/es\/detalle-del-producto\/buena-calidad-grifo-de-ducha-oculto-grifo-de-ducha-de-bano-de-laton-negro\/#breadcrumb"},"inLanguage":"es","potentialAction":[{"@type":"ReadAction","target":["https:\/\/www.yoroow.com\/es\/detalle-del-producto\/buena-calidad-grifo-de-ducha-oculto-grifo-de-ducha-de-bano-de-laton-negro\/"]}]},{"@type":"ImageObject","inLanguage":"es","@id":"https:\/\/www.yoroow.com\/es\/detalle-del-producto\/buena-calidad-grifo-de-ducha-oculto-grifo-de-ducha-de-bano-de-laton-negro\/#primaryimage","url":"https:\/\/www.yoroow.com\/wp-content\/uploads\/2025\/02\/\u9ed1\u8272.jpg","contentUrl":"https:\/\/www.yoroow.com\/wp-content\/uploads\/2025\/02\/\u9ed1\u8272.jpg","width":475,"height":475,"caption":"Quality Concealed Brass Mixer Faucet Industrial Black Shower Set Soft Jet Spray Pattern for Apartments Good for Bathroom Use"},{"@type":"BreadcrumbList","@id":"https:\/\/www.yoroow.com\/es\/detalle-del-producto\/buena-calidad-grifo-de-ducha-oculto-grifo-de-ducha-de-bano-de-laton-negro\/#breadcrumb","itemListElement":[{"@type":"ListItem","position":1,"name":"home","item":"https:\/\/www.yoroow.com\/"},{"@type":"ListItem","position":2,"name":"Product","item":"https:\/\/www.yoroow.com\/product\/"},{"@type":"ListItem","position":3,"name":"Quality Concealed Brass Mixer Faucet Industrial Black Shower Set Soft Jet Spray Pattern for Apartments Good for Bathroom Use"}]},{"@type":"WebSite","@id":"https:\/\/www.yoroow.com\/es\/#website","url":"https:\/\/www.yoroow.com\/es\/","name":"YOROOW","description":"","publisher":{"@id":"https:\/\/www.yoroow.com\/es\/#organization"},"potentialAction":[{"@type":"SearchAction","target":{"@type":"EntryPoint","urlTemplate":"https:\/\/www.yoroow.com\/es\/?s={search_term_string}"},"query-input":{"@type":"PropertyValueSpecification","valueRequired":true,"valueName":"search_term_string"}}],"inLanguage":"es"},{"@type":"Organization","@id":"https:\/\/www.yoroow.com\/es\/#organization","name":"YOROOW","url":"https:\/\/www.yoroow.com\/es\/","logo":{"@type":"ImageObject","inLanguage":"es","@id":"https:\/\/www.yoroow.com\/es\/#\/schema\/logo\/image\/","url":"https:\/\/www.yoroow.com\/wp-content\/uploads\/2024\/12\/2024123007131061.png","contentUrl":"https:\/\/www.yoroow.com\/wp-content\/uploads\/2024\/12\/2024123007131061.png","width":168,"height":27,"caption":"YOROOW"},"image":{"@id":"https:\/\/www.yoroow.com\/es\/#\/schema\/logo\/image\/"},"sameAs":["https:\/\/www.facebook.com\/people\/yoroowfaucetfactory\/61564236752362\/"]}]}},"_links":{"self":[{"href":"https:\/\/www.yoroow.com\/es\/wp-json\/wp\/v2\/product\/12401","targetHints":{"allow":["GET"]}}],"collection":[{"href":"https:\/\/www.yoroow.com\/es\/wp-json\/wp\/v2\/product"}],"about":[{"href":"https:\/\/www.yoroow.com\/es\/wp-json\/wp\/v2\/types\/product"}],"wp:featuredmedia":[{"embeddable":true,"href":"https:\/\/www.yoroow.com\/es\/wp-json\/wp\/v2\/media\/12406"}],"wp:attachment":[{"href":"https:\/\/www.yoroow.com\/es\/wp-json\/wp\/v2\/media?parent=12401"}],"wp:term":[{"taxonomy":"product_brand","embeddable":true,"href":"https:\/\/www.yoroow.com\/es\/wp-json\/wp\/v2\/product_brand?post=12401"},{"taxonomy":"product_cat","embeddable":true,"href":"https:\/\/www.yoroow.com\/es\/wp-json\/wp\/v2\/product_cat?post=12401"},{"taxonomy":"product_tag","embeddable":true,"href":"https:\/\/www.yoroow.com\/es\/wp-json\/wp\/v2\/product_tag?post=12401"}],"curies":[{"name":"wp","href":"https:\/\/api.w.org\/{rel}","templated":true}]}}