{"id":12368,"date":"2025-02-22T11:28:28","date_gmt":"2025-02-22T03:28:28","guid":{"rendered":"https:\/\/www.yoroow.com\/?post_type=product&#038;p=12368"},"modified":"2025-05-16T09:36:24","modified_gmt":"2025-05-16T01:36:24","slug":"buen-precio-especial-bano-mezclador-grifo-automatico-hospital-o-fabrica-lavabo-pedal-grifos-2","status":"publish","type":"product","link":"https:\/\/www.yoroow.com\/es\/detalle-del-producto\/buen-precio-especial-bano-mezclador-grifo-automatico-hospital-o-fabrica-lavabo-pedal-grifos-2\/","title":{"rendered":"Buen precio de lat\u00f3n de pie de accionamiento autom\u00e1tico del grifo del lavabo grifo de pedal para el ba\u00f1o del hospital fregadero mezclador de accesorios"},"content":{"rendered":"<p>Buen precio de lat\u00f3n de pie de accionamiento autom\u00e1tico del grifo del lavabo grifo de pedal para el ba\u00f1o del hospital fregadero mezclador accesorio Este grifo de pie de lat\u00f3n proporciona un control autom\u00e1tico del flujo de agua, por lo que es ideal para hospitales, ba\u00f1os p\u00fablicos, y otros entornos comerciales. La construcci\u00f3n de lat\u00f3n garantiza un rendimiento duradero, mientras que el pedal permite un funcionamiento manos libres para mejorar la higiene. Este grifo est\u00e1 dise\u00f1ado para minimizar el desperdicio de agua con una funci\u00f3n de cierre autom\u00e1tico, por lo que es pr\u00e1ctico y respetuoso con el medio ambiente. La f\u00e1brica de YOROOW en China ofrece este producto a precios competitivos, lo que lo convierte en una opci\u00f3n rentable para las empresas que se dirigen a los mercados de Am\u00e9rica del Sur y el Sudeste Asi\u00e1tico, donde la conservaci\u00f3n del agua y la higiene son las principales prioridades.<\/p>","protected":false},"excerpt":{"rendered":"<p>Good Price Brass Foot-Operated Automatic Faucet Basin Pedal Tap for Bathroom Hospital Sink Mixer Accessory This brass foot-operated faucet provides automatic water flow control, making it ideal for hospitals, public restrooms, and other commercial settings. The brass construction ensures long-lasting performance, while the foot pedal enables hands-free operation for enhanced hygiene. This faucet is designed\u2026<\/p>","protected":false},"featured_media":12372,"template":"","meta":{"_acf_changed":false,"_kad_post_transparent":"default","_kad_post_title":"","_kad_post_layout":"default","_kad_post_sidebar_id":"","_kad_post_content_style":"default","_kad_post_vertical_padding":"default","_kad_post_feature":"","_kad_post_feature_position":"","_kad_post_header":false,"_kad_post_footer":false},"product_brand":[],"product_cat":[233],"product_tag":[7405,7398],"class_list":{"0":"post-12368","1":"product","2":"type-product","3":"status-publish","4":"has-post-thumbnail","6":"product_cat-pedaled-faucet","7":"product_tag-brass-foot-operated-sink","8":"product_tag-foot-pedal-operated-water-tap","10":"first","11":"instock","12":"shipping-taxable","13":"product-type-variable","14":"wvs-archive-product-wrapper","15":"entry","16":"content-bg","17":"loop-entry"},"acf":[],"yoast_head":"<!-- This site is optimized with the Yoast SEO Premium plugin v25.4 (Yoast SEO v27.0) - https:\/\/yoast.com\/product\/yoast-seo-premium-wordpress\/ -->\n<title>Good Price Brass Foot-Operated Automatic Faucet Basin Pedal Tap for Bathroom Hospital Sink Mixer Accessory - YOROOW<\/title>\n<meta name=\"description\" content=\"Brass foot-operated automatic basin pedal tap suitable for hospital sinks. Durable construction with reliable operation, produced in China. Focused on hygienic public and medical environments with key exports to Latin America and Southeast Asia.\" \/>\n<meta name=\"robots\" content=\"index, follow, max-snippet:-1, max-image-preview:large, max-video-preview:-1\" \/>\n<link rel=\"canonical\" href=\"https:\/\/www.yoroow.com\/es\/detalle-del-producto\/buen-precio-especial-bano-mezclador-grifo-automatico-hospital-o-fabrica-lavabo-pedal-grifos-2\/\" \/>\n<meta property=\"og:locale\" content=\"es_ES\" \/>\n<meta property=\"og:type\" content=\"article\" \/>\n<meta property=\"og:title\" content=\"Good Price Brass Foot-Operated Automatic Faucet Basin Pedal Tap for Bathroom Hospital Sink Mixer Accessory\" \/>\n<meta property=\"og:description\" content=\"Brass foot-operated automatic basin pedal tap suitable for hospital sinks. Durable construction with reliable operation, produced in China. Focused on hygienic public and medical environments with key exports to Latin America and Southeast Asia.\" \/>\n<meta property=\"og:url\" content=\"https:\/\/www.yoroow.com\/es\/detalle-del-producto\/buen-precio-especial-bano-mezclador-grifo-automatico-hospital-o-fabrica-lavabo-pedal-grifos-2\/\" \/>\n<meta property=\"og:site_name\" content=\"YOROOW\" \/>\n<meta property=\"article:publisher\" content=\"https:\/\/www.facebook.com\/people\/yoroowfaucetfactory\/61564236752362\/\" \/>\n<meta property=\"article:modified_time\" content=\"2025-05-16T01:36:24+00:00\" \/>\n<meta property=\"og:image\" content=\"https:\/\/www.yoroow.com\/wp-content\/uploads\/2025\/02\/d625594086f4a29e569efdffcaf033a.png\" \/>\n\t<meta property=\"og:image:width\" content=\"720\" \/>\n\t<meta property=\"og:image:height\" content=\"720\" \/>\n\t<meta property=\"og:image:type\" content=\"image\/png\" \/>\n<meta name=\"twitter:card\" content=\"summary_large_image\" \/>\n<meta name=\"twitter:label1\" content=\"Tiempo de lectura\" \/>\n\t<meta name=\"twitter:data1\" content=\"1 minuto\" \/>\n<script type=\"application\/ld+json\" class=\"yoast-schema-graph\">{\"@context\":\"https:\/\/schema.org\",\"@graph\":[{\"@type\":\"WebPage\",\"@id\":\"https:\/\/www.yoroow.com\/es\/detalle-del-producto\/buen-precio-especial-bano-mezclador-grifo-automatico-hospital-o-fabrica-lavabo-pedal-grifos-2\/\",\"url\":\"https:\/\/www.yoroow.com\/es\/detalle-del-producto\/buen-precio-especial-bano-mezclador-grifo-automatico-hospital-o-fabrica-lavabo-pedal-grifos-2\/\",\"name\":\"Good Price Brass Foot-Operated Automatic Faucet Basin Pedal Tap for Bathroom Hospital Sink Mixer Accessory - YOROOW\",\"isPartOf\":{\"@id\":\"https:\/\/www.yoroow.com\/es\/#website\"},\"primaryImageOfPage\":{\"@id\":\"https:\/\/www.yoroow.com\/es\/detalle-del-producto\/buen-precio-especial-bano-mezclador-grifo-automatico-hospital-o-fabrica-lavabo-pedal-grifos-2\/#primaryimage\"},\"image\":{\"@id\":\"https:\/\/www.yoroow.com\/es\/detalle-del-producto\/buen-precio-especial-bano-mezclador-grifo-automatico-hospital-o-fabrica-lavabo-pedal-grifos-2\/#primaryimage\"},\"thumbnailUrl\":\"https:\/\/www.yoroow.com\/wp-content\/uploads\/2025\/02\/d625594086f4a29e569efdffcaf033a.png\",\"datePublished\":\"2025-02-22T03:28:28+00:00\",\"dateModified\":\"2025-05-16T01:36:24+00:00\",\"description\":\"Brass foot-operated automatic basin pedal tap suitable for hospital sinks. Durable construction with reliable operation, produced in China. Focused on hygienic public and medical environments with key exports to Latin America and Southeast Asia.\",\"breadcrumb\":{\"@id\":\"https:\/\/www.yoroow.com\/es\/detalle-del-producto\/buen-precio-especial-bano-mezclador-grifo-automatico-hospital-o-fabrica-lavabo-pedal-grifos-2\/#breadcrumb\"},\"inLanguage\":\"es\",\"potentialAction\":[{\"@type\":\"ReadAction\",\"target\":[\"https:\/\/www.yoroow.com\/es\/detalle-del-producto\/buen-precio-especial-bano-mezclador-grifo-automatico-hospital-o-fabrica-lavabo-pedal-grifos-2\/\"]}]},{\"@type\":\"ImageObject\",\"inLanguage\":\"es\",\"@id\":\"https:\/\/www.yoroow.com\/es\/detalle-del-producto\/buen-precio-especial-bano-mezclador-grifo-automatico-hospital-o-fabrica-lavabo-pedal-grifos-2\/#primaryimage\",\"url\":\"https:\/\/www.yoroow.com\/wp-content\/uploads\/2025\/02\/d625594086f4a29e569efdffcaf033a.png\",\"contentUrl\":\"https:\/\/www.yoroow.com\/wp-content\/uploads\/2025\/02\/d625594086f4a29e569efdffcaf033a.png\",\"width\":720,\"height\":720,\"caption\":\"Good Price Special Bathroom Mixer Automatic Faucet Hospital or Factory Basin Foot Pedal Faucets\"},{\"@type\":\"BreadcrumbList\",\"@id\":\"https:\/\/www.yoroow.com\/es\/detalle-del-producto\/buen-precio-especial-bano-mezclador-grifo-automatico-hospital-o-fabrica-lavabo-pedal-grifos-2\/#breadcrumb\",\"itemListElement\":[{\"@type\":\"ListItem\",\"position\":1,\"name\":\"home\",\"item\":\"https:\/\/www.yoroow.com\/\"},{\"@type\":\"ListItem\",\"position\":2,\"name\":\"Product\",\"item\":\"https:\/\/www.yoroow.com\/product\/\"},{\"@type\":\"ListItem\",\"position\":3,\"name\":\"Good Price Brass Foot-Operated Automatic Faucet Basin Pedal Tap for Bathroom Hospital Sink Mixer Accessory\"}]},{\"@type\":\"WebSite\",\"@id\":\"https:\/\/www.yoroow.com\/es\/#website\",\"url\":\"https:\/\/www.yoroow.com\/es\/\",\"name\":\"YOROOW\",\"description\":\"\",\"publisher\":{\"@id\":\"https:\/\/www.yoroow.com\/es\/#organization\"},\"potentialAction\":[{\"@type\":\"SearchAction\",\"target\":{\"@type\":\"EntryPoint\",\"urlTemplate\":\"https:\/\/www.yoroow.com\/es\/?s={search_term_string}\"},\"query-input\":{\"@type\":\"PropertyValueSpecification\",\"valueRequired\":true,\"valueName\":\"search_term_string\"}}],\"inLanguage\":\"es\"},{\"@type\":\"Organization\",\"@id\":\"https:\/\/www.yoroow.com\/es\/#organization\",\"name\":\"YOROOW\",\"url\":\"https:\/\/www.yoroow.com\/es\/\",\"logo\":{\"@type\":\"ImageObject\",\"inLanguage\":\"es\",\"@id\":\"https:\/\/www.yoroow.com\/es\/#\/schema\/logo\/image\/\",\"url\":\"https:\/\/www.yoroow.com\/wp-content\/uploads\/2024\/12\/2024123007131061.png\",\"contentUrl\":\"https:\/\/www.yoroow.com\/wp-content\/uploads\/2024\/12\/2024123007131061.png\",\"width\":168,\"height\":27,\"caption\":\"YOROOW\"},\"image\":{\"@id\":\"https:\/\/www.yoroow.com\/es\/#\/schema\/logo\/image\/\"},\"sameAs\":[\"https:\/\/www.facebook.com\/people\/yoroowfaucetfactory\/61564236752362\/\"]}]}<\/script>\n<!-- \/ Yoast SEO Premium plugin. -->","yoast_head_json":{"title":"Good Price Brass Foot-Operated Automatic Faucet Basin Pedal Tap for Bathroom Hospital Sink Mixer Accessory - YOROOW","description":"Brass foot-operated automatic basin pedal tap suitable for hospital sinks. Durable construction with reliable operation, produced in China. Focused on hygienic public and medical environments with key exports to Latin America and Southeast Asia.","robots":{"index":"index","follow":"follow","max-snippet":"max-snippet:-1","max-image-preview":"max-image-preview:large","max-video-preview":"max-video-preview:-1"},"canonical":"https:\/\/www.yoroow.com\/es\/detalle-del-producto\/buen-precio-especial-bano-mezclador-grifo-automatico-hospital-o-fabrica-lavabo-pedal-grifos-2\/","og_locale":"es_ES","og_type":"article","og_title":"Good Price Brass Foot-Operated Automatic Faucet Basin Pedal Tap for Bathroom Hospital Sink Mixer Accessory","og_description":"Brass foot-operated automatic basin pedal tap suitable for hospital sinks. Durable construction with reliable operation, produced in China. Focused on hygienic public and medical environments with key exports to Latin America and Southeast Asia.","og_url":"https:\/\/www.yoroow.com\/es\/detalle-del-producto\/buen-precio-especial-bano-mezclador-grifo-automatico-hospital-o-fabrica-lavabo-pedal-grifos-2\/","og_site_name":"YOROOW","article_publisher":"https:\/\/www.facebook.com\/people\/yoroowfaucetfactory\/61564236752362\/","article_modified_time":"2025-05-16T01:36:24+00:00","og_image":[{"width":720,"height":720,"url":"https:\/\/www.yoroow.com\/wp-content\/uploads\/2025\/02\/d625594086f4a29e569efdffcaf033a.png","type":"image\/png"}],"twitter_card":"summary_large_image","twitter_misc":{"Tiempo de lectura":"1 minuto"},"schema":{"@context":"https:\/\/schema.org","@graph":[{"@type":"WebPage","@id":"https:\/\/www.yoroow.com\/es\/detalle-del-producto\/buen-precio-especial-bano-mezclador-grifo-automatico-hospital-o-fabrica-lavabo-pedal-grifos-2\/","url":"https:\/\/www.yoroow.com\/es\/detalle-del-producto\/buen-precio-especial-bano-mezclador-grifo-automatico-hospital-o-fabrica-lavabo-pedal-grifos-2\/","name":"Good Price Brass Foot-Operated Automatic Faucet Basin Pedal Tap for Bathroom Hospital Sink Mixer Accessory - YOROOW","isPartOf":{"@id":"https:\/\/www.yoroow.com\/es\/#website"},"primaryImageOfPage":{"@id":"https:\/\/www.yoroow.com\/es\/detalle-del-producto\/buen-precio-especial-bano-mezclador-grifo-automatico-hospital-o-fabrica-lavabo-pedal-grifos-2\/#primaryimage"},"image":{"@id":"https:\/\/www.yoroow.com\/es\/detalle-del-producto\/buen-precio-especial-bano-mezclador-grifo-automatico-hospital-o-fabrica-lavabo-pedal-grifos-2\/#primaryimage"},"thumbnailUrl":"https:\/\/www.yoroow.com\/wp-content\/uploads\/2025\/02\/d625594086f4a29e569efdffcaf033a.png","datePublished":"2025-02-22T03:28:28+00:00","dateModified":"2025-05-16T01:36:24+00:00","description":"Brass foot-operated automatic basin pedal tap suitable for hospital sinks. Durable construction with reliable operation, produced in China. Focused on hygienic public and medical environments with key exports to Latin America and Southeast Asia.","breadcrumb":{"@id":"https:\/\/www.yoroow.com\/es\/detalle-del-producto\/buen-precio-especial-bano-mezclador-grifo-automatico-hospital-o-fabrica-lavabo-pedal-grifos-2\/#breadcrumb"},"inLanguage":"es","potentialAction":[{"@type":"ReadAction","target":["https:\/\/www.yoroow.com\/es\/detalle-del-producto\/buen-precio-especial-bano-mezclador-grifo-automatico-hospital-o-fabrica-lavabo-pedal-grifos-2\/"]}]},{"@type":"ImageObject","inLanguage":"es","@id":"https:\/\/www.yoroow.com\/es\/detalle-del-producto\/buen-precio-especial-bano-mezclador-grifo-automatico-hospital-o-fabrica-lavabo-pedal-grifos-2\/#primaryimage","url":"https:\/\/www.yoroow.com\/wp-content\/uploads\/2025\/02\/d625594086f4a29e569efdffcaf033a.png","contentUrl":"https:\/\/www.yoroow.com\/wp-content\/uploads\/2025\/02\/d625594086f4a29e569efdffcaf033a.png","width":720,"height":720,"caption":"Good Price Special Bathroom Mixer Automatic Faucet Hospital or Factory Basin Foot Pedal Faucets"},{"@type":"BreadcrumbList","@id":"https:\/\/www.yoroow.com\/es\/detalle-del-producto\/buen-precio-especial-bano-mezclador-grifo-automatico-hospital-o-fabrica-lavabo-pedal-grifos-2\/#breadcrumb","itemListElement":[{"@type":"ListItem","position":1,"name":"home","item":"https:\/\/www.yoroow.com\/"},{"@type":"ListItem","position":2,"name":"Product","item":"https:\/\/www.yoroow.com\/product\/"},{"@type":"ListItem","position":3,"name":"Good Price Brass Foot-Operated Automatic Faucet Basin Pedal Tap for Bathroom Hospital Sink Mixer Accessory"}]},{"@type":"WebSite","@id":"https:\/\/www.yoroow.com\/es\/#website","url":"https:\/\/www.yoroow.com\/es\/","name":"YOROOW","description":"","publisher":{"@id":"https:\/\/www.yoroow.com\/es\/#organization"},"potentialAction":[{"@type":"SearchAction","target":{"@type":"EntryPoint","urlTemplate":"https:\/\/www.yoroow.com\/es\/?s={search_term_string}"},"query-input":{"@type":"PropertyValueSpecification","valueRequired":true,"valueName":"search_term_string"}}],"inLanguage":"es"},{"@type":"Organization","@id":"https:\/\/www.yoroow.com\/es\/#organization","name":"YOROOW","url":"https:\/\/www.yoroow.com\/es\/","logo":{"@type":"ImageObject","inLanguage":"es","@id":"https:\/\/www.yoroow.com\/es\/#\/schema\/logo\/image\/","url":"https:\/\/www.yoroow.com\/wp-content\/uploads\/2024\/12\/2024123007131061.png","contentUrl":"https:\/\/www.yoroow.com\/wp-content\/uploads\/2024\/12\/2024123007131061.png","width":168,"height":27,"caption":"YOROOW"},"image":{"@id":"https:\/\/www.yoroow.com\/es\/#\/schema\/logo\/image\/"},"sameAs":["https:\/\/www.facebook.com\/people\/yoroowfaucetfactory\/61564236752362\/"]}]}},"_links":{"self":[{"href":"https:\/\/www.yoroow.com\/es\/wp-json\/wp\/v2\/product\/12368","targetHints":{"allow":["GET"]}}],"collection":[{"href":"https:\/\/www.yoroow.com\/es\/wp-json\/wp\/v2\/product"}],"about":[{"href":"https:\/\/www.yoroow.com\/es\/wp-json\/wp\/v2\/types\/product"}],"wp:featuredmedia":[{"embeddable":true,"href":"https:\/\/www.yoroow.com\/es\/wp-json\/wp\/v2\/media\/12372"}],"wp:attachment":[{"href":"https:\/\/www.yoroow.com\/es\/wp-json\/wp\/v2\/media?parent=12368"}],"wp:term":[{"taxonomy":"product_brand","embeddable":true,"href":"https:\/\/www.yoroow.com\/es\/wp-json\/wp\/v2\/product_brand?post=12368"},{"taxonomy":"product_cat","embeddable":true,"href":"https:\/\/www.yoroow.com\/es\/wp-json\/wp\/v2\/product_cat?post=12368"},{"taxonomy":"product_tag","embeddable":true,"href":"https:\/\/www.yoroow.com\/es\/wp-json\/wp\/v2\/product_tag?post=12368"}],"curies":[{"name":"wp","href":"https:\/\/api.w.org\/{rel}","templated":true}]}}