{"id":12251,"date":"2025-02-22T09:34:38","date_gmt":"2025-02-22T01:34:38","guid":{"rendered":"https:\/\/www.yoroow.com\/?post_type=product&#038;p=12251"},"modified":"2025-05-16T09:35:32","modified_gmt":"2025-05-16T01:35:32","slug":"grifos-de-cocina-de-acero-inoxidable-moderno-extraible-negro-ce-contemporaneo-mezclador-de-agua-fria-caliente-grifo-del-fregadero-de-ceramica","status":"publish","type":"product","link":"https:\/\/www.yoroow.com\/es\/detalle-del-producto\/grifos-de-cocina-de-acero-inoxidable-moderno-extraible-negro-ce-contemporaneo-mezclador-de-agua-fria-caliente-grifo-del-fregadero-de-ceramica\/","title":{"rendered":"Contempor\u00e1neo de acero inoxidable grifo de la cocina moderna Tire Negro de agua caliente y fr\u00eda de cer\u00e1mica mezclador de fregadero"},"content":{"rendered":"<p>El grifo de cocina contempor\u00e1neo de acero inoxidable Modern Pull Black Hot &amp; Cold Water Ceramic Sink Mixer combina un estilo moderno con una funcionalidad pr\u00e1ctica. El acabado en negro le da un toque elegante, mientras que el mezclador cer\u00e1mico para fregadero garantiza un funcionamiento suave. El grifo est\u00e1 fabricado en acero inoxidable de alta calidad para una mayor durabilidad y rendimiento a largo plazo. La experiencia de YOROOW en la fabricaci\u00f3n proporciona soluciones rentables con resultados de alta calidad. Este grifo es perfecto para clientes de Sudam\u00e9rica y el sudeste asi\u00e1tico, donde se demandan grifos de cocina duraderos, modernos y asequibles.<\/p>","protected":false},"excerpt":{"rendered":"<p>Contemporary Stainless Steel Kitchen Faucet Modern Pull Black Hot &amp; Cold Water Ceramic Sink Mixer combines modern styling with practical functionality. The black finish adds a sleek touch, while the ceramic sink mixer ensures smooth operation. The faucet is built from high-quality stainless steel for durability and long-term performance. YOROOW\u2019s expertise in manufacturing provides cost-effective\u2026<\/p>","protected":false},"featured_media":12239,"template":"","meta":{"_acf_changed":false,"_kad_post_transparent":"default","_kad_post_title":"","_kad_post_layout":"default","_kad_post_sidebar_id":"","_kad_post_content_style":"default","_kad_post_vertical_padding":"default","_kad_post_feature":"","_kad_post_feature_position":"","_kad_post_header":false,"_kad_post_footer":false},"product_brand":[],"product_cat":[246,1564],"product_tag":[3148,5540],"class_list":{"0":"post-12251","1":"product","2":"type-product","3":"status-publish","4":"has-post-thumbnail","6":"product_cat-mixer-kitchen-faucet","7":"product_cat-spring-mixer-faucet","8":"product_tag-kitchen-faucet-with-hot-water","9":"product_tag-stainless-steel-kitchen-sink-faucet","11":"first","12":"instock","13":"shipping-taxable","14":"purchasable","15":"product-type-variable","16":"wvs-archive-product-wrapper","17":"entry","18":"content-bg","19":"loop-entry"},"acf":[],"yoast_head":"<!-- This site is optimized with the Yoast SEO Premium plugin v25.4 (Yoast SEO v27.0) - https:\/\/yoast.com\/product\/yoast-seo-premium-wordpress\/ -->\n<title>Contemporary Stainless Steel Kitchen Faucet Modern Pull Black Hot &amp; Cold Water Ceramic Sink Mixer - YOROOW<\/title>\n<meta name=\"description\" content=\"Contemporary stainless steel kitchen faucet with modern pull black hot &amp; cold water ceramic sink mixer. Chinese factory made for quality and export to South America and Southeast Asia markets.\" \/>\n<meta name=\"robots\" content=\"index, follow, max-snippet:-1, max-image-preview:large, max-video-preview:-1\" \/>\n<link rel=\"canonical\" href=\"https:\/\/www.yoroow.com\/es\/detalle-del-producto\/grifos-de-cocina-de-acero-inoxidable-moderno-extraible-negro-ce-contemporaneo-mezclador-de-agua-fria-caliente-grifo-del-fregadero-de-ceramica\/\" \/>\n<meta property=\"og:locale\" content=\"es_ES\" \/>\n<meta property=\"og:type\" content=\"article\" \/>\n<meta property=\"og:title\" content=\"Contemporary Stainless Steel Kitchen Faucet Modern Pull Black Hot &amp; Cold Water Ceramic Sink Mixer\" \/>\n<meta property=\"og:description\" content=\"Contemporary stainless steel kitchen faucet with modern pull black hot &amp; cold water ceramic sink mixer. Chinese factory made for quality and export to South America and Southeast Asia markets.\" \/>\n<meta property=\"og:url\" content=\"https:\/\/www.yoroow.com\/es\/detalle-del-producto\/grifos-de-cocina-de-acero-inoxidable-moderno-extraible-negro-ce-contemporaneo-mezclador-de-agua-fria-caliente-grifo-del-fregadero-de-ceramica\/\" \/>\n<meta property=\"og:site_name\" content=\"YOROOW\" \/>\n<meta property=\"article:publisher\" content=\"https:\/\/www.facebook.com\/people\/yoroowfaucetfactory\/61564236752362\/\" \/>\n<meta property=\"article:modified_time\" content=\"2025-05-16T01:35:32+00:00\" \/>\n<meta property=\"og:image\" content=\"https:\/\/www.yoroow.com\/wp-content\/uploads\/2025\/02\/3444444.jpg\" \/>\n\t<meta property=\"og:image:width\" content=\"768\" \/>\n\t<meta property=\"og:image:height\" content=\"768\" \/>\n\t<meta property=\"og:image:type\" content=\"image\/jpeg\" \/>\n<meta name=\"twitter:card\" content=\"summary_large_image\" \/>\n<meta name=\"twitter:label1\" content=\"Tiempo de lectura\" \/>\n\t<meta name=\"twitter:data1\" content=\"1 minuto\" \/>\n<script type=\"application\/ld+json\" class=\"yoast-schema-graph\">{\"@context\":\"https:\/\/schema.org\",\"@graph\":[{\"@type\":\"WebPage\",\"@id\":\"https:\/\/www.yoroow.com\/es\/detalle-del-producto\/grifos-de-cocina-de-acero-inoxidable-moderno-extraible-negro-ce-contemporaneo-mezclador-de-agua-fria-caliente-grifo-del-fregadero-de-ceramica\/\",\"url\":\"https:\/\/www.yoroow.com\/es\/detalle-del-producto\/grifos-de-cocina-de-acero-inoxidable-moderno-extraible-negro-ce-contemporaneo-mezclador-de-agua-fria-caliente-grifo-del-fregadero-de-ceramica\/\",\"name\":\"Contemporary Stainless Steel Kitchen Faucet Modern Pull Black Hot & Cold Water Ceramic Sink Mixer - YOROOW\",\"isPartOf\":{\"@id\":\"https:\/\/www.yoroow.com\/es\/#website\"},\"primaryImageOfPage\":{\"@id\":\"https:\/\/www.yoroow.com\/es\/detalle-del-producto\/grifos-de-cocina-de-acero-inoxidable-moderno-extraible-negro-ce-contemporaneo-mezclador-de-agua-fria-caliente-grifo-del-fregadero-de-ceramica\/#primaryimage\"},\"image\":{\"@id\":\"https:\/\/www.yoroow.com\/es\/detalle-del-producto\/grifos-de-cocina-de-acero-inoxidable-moderno-extraible-negro-ce-contemporaneo-mezclador-de-agua-fria-caliente-grifo-del-fregadero-de-ceramica\/#primaryimage\"},\"thumbnailUrl\":\"https:\/\/www.yoroow.com\/wp-content\/uploads\/2025\/02\/3444444.jpg\",\"datePublished\":\"2025-02-22T01:34:38+00:00\",\"dateModified\":\"2025-05-16T01:35:32+00:00\",\"description\":\"Contemporary stainless steel kitchen faucet with modern pull black hot &amp; cold water ceramic sink mixer. Chinese factory made for quality and export to South America and Southeast Asia markets.\",\"breadcrumb\":{\"@id\":\"https:\/\/www.yoroow.com\/es\/detalle-del-producto\/grifos-de-cocina-de-acero-inoxidable-moderno-extraible-negro-ce-contemporaneo-mezclador-de-agua-fria-caliente-grifo-del-fregadero-de-ceramica\/#breadcrumb\"},\"inLanguage\":\"es\",\"potentialAction\":[{\"@type\":\"ReadAction\",\"target\":[\"https:\/\/www.yoroow.com\/es\/detalle-del-producto\/grifos-de-cocina-de-acero-inoxidable-moderno-extraible-negro-ce-contemporaneo-mezclador-de-agua-fria-caliente-grifo-del-fregadero-de-ceramica\/\"]}]},{\"@type\":\"ImageObject\",\"inLanguage\":\"es\",\"@id\":\"https:\/\/www.yoroow.com\/es\/detalle-del-producto\/grifos-de-cocina-de-acero-inoxidable-moderno-extraible-negro-ce-contemporaneo-mezclador-de-agua-fria-caliente-grifo-del-fregadero-de-ceramica\/#primaryimage\",\"url\":\"https:\/\/www.yoroow.com\/wp-content\/uploads\/2025\/02\/3444444.jpg\",\"contentUrl\":\"https:\/\/www.yoroow.com\/wp-content\/uploads\/2025\/02\/3444444.jpg\",\"width\":768,\"height\":768,\"caption\":\"Modern Design 360 Degree Rotatable Kitchen Faucet High Quality Chrome Spring Pull Sprayer 304 Stainless Steel Hot Cold Mixer Tap\"},{\"@type\":\"BreadcrumbList\",\"@id\":\"https:\/\/www.yoroow.com\/es\/detalle-del-producto\/grifos-de-cocina-de-acero-inoxidable-moderno-extraible-negro-ce-contemporaneo-mezclador-de-agua-fria-caliente-grifo-del-fregadero-de-ceramica\/#breadcrumb\",\"itemListElement\":[{\"@type\":\"ListItem\",\"position\":1,\"name\":\"home\",\"item\":\"https:\/\/www.yoroow.com\/\"},{\"@type\":\"ListItem\",\"position\":2,\"name\":\"Product\",\"item\":\"https:\/\/www.yoroow.com\/product\/\"},{\"@type\":\"ListItem\",\"position\":3,\"name\":\"Contemporary Stainless Steel Kitchen Faucet Modern Pull Black Hot &#038; Cold Water Ceramic Sink Mixer\"}]},{\"@type\":\"WebSite\",\"@id\":\"https:\/\/www.yoroow.com\/es\/#website\",\"url\":\"https:\/\/www.yoroow.com\/es\/\",\"name\":\"YOROOW\",\"description\":\"\",\"publisher\":{\"@id\":\"https:\/\/www.yoroow.com\/es\/#organization\"},\"potentialAction\":[{\"@type\":\"SearchAction\",\"target\":{\"@type\":\"EntryPoint\",\"urlTemplate\":\"https:\/\/www.yoroow.com\/es\/?s={search_term_string}\"},\"query-input\":{\"@type\":\"PropertyValueSpecification\",\"valueRequired\":true,\"valueName\":\"search_term_string\"}}],\"inLanguage\":\"es\"},{\"@type\":\"Organization\",\"@id\":\"https:\/\/www.yoroow.com\/es\/#organization\",\"name\":\"YOROOW\",\"url\":\"https:\/\/www.yoroow.com\/es\/\",\"logo\":{\"@type\":\"ImageObject\",\"inLanguage\":\"es\",\"@id\":\"https:\/\/www.yoroow.com\/es\/#\/schema\/logo\/image\/\",\"url\":\"https:\/\/www.yoroow.com\/wp-content\/uploads\/2024\/12\/2024123007131061.png\",\"contentUrl\":\"https:\/\/www.yoroow.com\/wp-content\/uploads\/2024\/12\/2024123007131061.png\",\"width\":168,\"height\":27,\"caption\":\"YOROOW\"},\"image\":{\"@id\":\"https:\/\/www.yoroow.com\/es\/#\/schema\/logo\/image\/\"},\"sameAs\":[\"https:\/\/www.facebook.com\/people\/yoroowfaucetfactory\/61564236752362\/\"]}]}<\/script>\n<!-- \/ Yoast SEO Premium plugin. -->","yoast_head_json":{"title":"Contemporary Stainless Steel Kitchen Faucet Modern Pull Black Hot & Cold Water Ceramic Sink Mixer - YOROOW","description":"Contemporary stainless steel kitchen faucet with modern pull black hot &amp; cold water ceramic sink mixer. Chinese factory made for quality and export to South America and Southeast Asia markets.","robots":{"index":"index","follow":"follow","max-snippet":"max-snippet:-1","max-image-preview":"max-image-preview:large","max-video-preview":"max-video-preview:-1"},"canonical":"https:\/\/www.yoroow.com\/es\/detalle-del-producto\/grifos-de-cocina-de-acero-inoxidable-moderno-extraible-negro-ce-contemporaneo-mezclador-de-agua-fria-caliente-grifo-del-fregadero-de-ceramica\/","og_locale":"es_ES","og_type":"article","og_title":"Contemporary Stainless Steel Kitchen Faucet Modern Pull Black Hot & Cold Water Ceramic Sink Mixer","og_description":"Contemporary stainless steel kitchen faucet with modern pull black hot &amp; cold water ceramic sink mixer. Chinese factory made for quality and export to South America and Southeast Asia markets.","og_url":"https:\/\/www.yoroow.com\/es\/detalle-del-producto\/grifos-de-cocina-de-acero-inoxidable-moderno-extraible-negro-ce-contemporaneo-mezclador-de-agua-fria-caliente-grifo-del-fregadero-de-ceramica\/","og_site_name":"YOROOW","article_publisher":"https:\/\/www.facebook.com\/people\/yoroowfaucetfactory\/61564236752362\/","article_modified_time":"2025-05-16T01:35:32+00:00","og_image":[{"width":768,"height":768,"url":"https:\/\/www.yoroow.com\/wp-content\/uploads\/2025\/02\/3444444.jpg","type":"image\/jpeg"}],"twitter_card":"summary_large_image","twitter_misc":{"Tiempo de lectura":"1 minuto"},"schema":{"@context":"https:\/\/schema.org","@graph":[{"@type":"WebPage","@id":"https:\/\/www.yoroow.com\/es\/detalle-del-producto\/grifos-de-cocina-de-acero-inoxidable-moderno-extraible-negro-ce-contemporaneo-mezclador-de-agua-fria-caliente-grifo-del-fregadero-de-ceramica\/","url":"https:\/\/www.yoroow.com\/es\/detalle-del-producto\/grifos-de-cocina-de-acero-inoxidable-moderno-extraible-negro-ce-contemporaneo-mezclador-de-agua-fria-caliente-grifo-del-fregadero-de-ceramica\/","name":"Contemporary Stainless Steel Kitchen Faucet Modern Pull Black Hot & Cold Water Ceramic Sink Mixer - YOROOW","isPartOf":{"@id":"https:\/\/www.yoroow.com\/es\/#website"},"primaryImageOfPage":{"@id":"https:\/\/www.yoroow.com\/es\/detalle-del-producto\/grifos-de-cocina-de-acero-inoxidable-moderno-extraible-negro-ce-contemporaneo-mezclador-de-agua-fria-caliente-grifo-del-fregadero-de-ceramica\/#primaryimage"},"image":{"@id":"https:\/\/www.yoroow.com\/es\/detalle-del-producto\/grifos-de-cocina-de-acero-inoxidable-moderno-extraible-negro-ce-contemporaneo-mezclador-de-agua-fria-caliente-grifo-del-fregadero-de-ceramica\/#primaryimage"},"thumbnailUrl":"https:\/\/www.yoroow.com\/wp-content\/uploads\/2025\/02\/3444444.jpg","datePublished":"2025-02-22T01:34:38+00:00","dateModified":"2025-05-16T01:35:32+00:00","description":"Contemporary stainless steel kitchen faucet with modern pull black hot &amp; cold water ceramic sink mixer. Chinese factory made for quality and export to South America and Southeast Asia markets.","breadcrumb":{"@id":"https:\/\/www.yoroow.com\/es\/detalle-del-producto\/grifos-de-cocina-de-acero-inoxidable-moderno-extraible-negro-ce-contemporaneo-mezclador-de-agua-fria-caliente-grifo-del-fregadero-de-ceramica\/#breadcrumb"},"inLanguage":"es","potentialAction":[{"@type":"ReadAction","target":["https:\/\/www.yoroow.com\/es\/detalle-del-producto\/grifos-de-cocina-de-acero-inoxidable-moderno-extraible-negro-ce-contemporaneo-mezclador-de-agua-fria-caliente-grifo-del-fregadero-de-ceramica\/"]}]},{"@type":"ImageObject","inLanguage":"es","@id":"https:\/\/www.yoroow.com\/es\/detalle-del-producto\/grifos-de-cocina-de-acero-inoxidable-moderno-extraible-negro-ce-contemporaneo-mezclador-de-agua-fria-caliente-grifo-del-fregadero-de-ceramica\/#primaryimage","url":"https:\/\/www.yoroow.com\/wp-content\/uploads\/2025\/02\/3444444.jpg","contentUrl":"https:\/\/www.yoroow.com\/wp-content\/uploads\/2025\/02\/3444444.jpg","width":768,"height":768,"caption":"Modern Design 360 Degree Rotatable Kitchen Faucet High Quality Chrome Spring Pull Sprayer 304 Stainless Steel Hot Cold Mixer Tap"},{"@type":"BreadcrumbList","@id":"https:\/\/www.yoroow.com\/es\/detalle-del-producto\/grifos-de-cocina-de-acero-inoxidable-moderno-extraible-negro-ce-contemporaneo-mezclador-de-agua-fria-caliente-grifo-del-fregadero-de-ceramica\/#breadcrumb","itemListElement":[{"@type":"ListItem","position":1,"name":"home","item":"https:\/\/www.yoroow.com\/"},{"@type":"ListItem","position":2,"name":"Product","item":"https:\/\/www.yoroow.com\/product\/"},{"@type":"ListItem","position":3,"name":"Contemporary Stainless Steel Kitchen Faucet Modern Pull Black Hot &#038; Cold Water Ceramic Sink Mixer"}]},{"@type":"WebSite","@id":"https:\/\/www.yoroow.com\/es\/#website","url":"https:\/\/www.yoroow.com\/es\/","name":"YOROOW","description":"","publisher":{"@id":"https:\/\/www.yoroow.com\/es\/#organization"},"potentialAction":[{"@type":"SearchAction","target":{"@type":"EntryPoint","urlTemplate":"https:\/\/www.yoroow.com\/es\/?s={search_term_string}"},"query-input":{"@type":"PropertyValueSpecification","valueRequired":true,"valueName":"search_term_string"}}],"inLanguage":"es"},{"@type":"Organization","@id":"https:\/\/www.yoroow.com\/es\/#organization","name":"YOROOW","url":"https:\/\/www.yoroow.com\/es\/","logo":{"@type":"ImageObject","inLanguage":"es","@id":"https:\/\/www.yoroow.com\/es\/#\/schema\/logo\/image\/","url":"https:\/\/www.yoroow.com\/wp-content\/uploads\/2024\/12\/2024123007131061.png","contentUrl":"https:\/\/www.yoroow.com\/wp-content\/uploads\/2024\/12\/2024123007131061.png","width":168,"height":27,"caption":"YOROOW"},"image":{"@id":"https:\/\/www.yoroow.com\/es\/#\/schema\/logo\/image\/"},"sameAs":["https:\/\/www.facebook.com\/people\/yoroowfaucetfactory\/61564236752362\/"]}]}},"_links":{"self":[{"href":"https:\/\/www.yoroow.com\/es\/wp-json\/wp\/v2\/product\/12251","targetHints":{"allow":["GET"]}}],"collection":[{"href":"https:\/\/www.yoroow.com\/es\/wp-json\/wp\/v2\/product"}],"about":[{"href":"https:\/\/www.yoroow.com\/es\/wp-json\/wp\/v2\/types\/product"}],"wp:featuredmedia":[{"embeddable":true,"href":"https:\/\/www.yoroow.com\/es\/wp-json\/wp\/v2\/media\/12239"}],"wp:attachment":[{"href":"https:\/\/www.yoroow.com\/es\/wp-json\/wp\/v2\/media?parent=12251"}],"wp:term":[{"taxonomy":"product_brand","embeddable":true,"href":"https:\/\/www.yoroow.com\/es\/wp-json\/wp\/v2\/product_brand?post=12251"},{"taxonomy":"product_cat","embeddable":true,"href":"https:\/\/www.yoroow.com\/es\/wp-json\/wp\/v2\/product_cat?post=12251"},{"taxonomy":"product_tag","embeddable":true,"href":"https:\/\/www.yoroow.com\/es\/wp-json\/wp\/v2\/product_tag?post=12251"}],"curies":[{"name":"wp","href":"https:\/\/api.w.org\/{rel}","templated":true}]}}