{"id":12142,"date":"2025-02-21T22:19:34","date_gmt":"2025-02-21T14:19:34","guid":{"rendered":"https:\/\/www.yoroow.com\/?post_type=product&#038;p=12142"},"modified":"2025-05-16T09:34:04","modified_gmt":"2025-05-16T01:34:04","slug":"estilo-moderno-caliente-y-frio-lavabo-grifo-cascada-mate-negro-fregadero-de-acero-inoxidable-grifo-del-lavabo","status":"publish","type":"product","link":"https:\/\/www.yoroow.com\/es\/detalle-del-producto\/estilo-moderno-caliente-y-frio-lavabo-grifo-cascada-mate-negro-fregadero-de-acero-inoxidable-grifo-del-lavabo\/","title":{"rendered":"Grifo de lavabo moderno cuadrado negro mate Grifo mezclador de ba\u00f1o en cascada de acero inoxidable de estilo contempor\u00e1neo"},"content":{"rendered":"<p>Este moderno grifo cuadrado para lavabo en negro mate presenta un elegante dise\u00f1o contempor\u00e1neo y una cascada de acero inoxidable, que ofrece la funcionalidad de mezclar agua fr\u00eda y caliente. Ideal para uso residencial, hotelero y comercial, combina estilo y funcionalidad. Fabricado por YOROOW en China, este grifo se beneficia de procesos de producci\u00f3n de alta calidad y materiales duraderos, lo que garantiza un rendimiento duradero. La capacidad de YOROOW para ofrecer soluciones personalizadas hace que este grifo sea una gran elecci\u00f3n para los mercados de Am\u00e9rica del Sur y el Sudeste Asi\u00e1tico, donde la demanda de productos de ba\u00f1o elegantes, funcionales y asequibles va en aumento.<\/p>","protected":false},"excerpt":{"rendered":"<p>Este moderno grifo cuadrado para lavabo en negro mate presenta un elegante dise\u00f1o contempor\u00e1neo y una cascada de acero inoxidable, que ofrece la funcionalidad de mezclar agua fr\u00eda y caliente. Ideal para uso residencial, hotelero y comercial, combina estilo y funcionalidad. Fabricado por YOROOW en China, este grifo se beneficia de procesos de producci\u00f3n de alta calidad y materiales duraderos,...<\/p>","protected":false},"featured_media":18946,"template":"","meta":{"_acf_changed":false,"_kad_post_transparent":"default","_kad_post_title":"","_kad_post_layout":"default","_kad_post_sidebar_id":"","_kad_post_content_style":"default","_kad_post_vertical_padding":"default","_kad_post_feature":"","_kad_post_feature_position":"","_kad_post_header":false,"_kad_post_footer":false},"product_brand":[],"product_cat":[238],"product_tag":[3388,5995],"class_list":{"0":"post-12142","1":"product","2":"type-product","3":"status-publish","4":"has-post-thumbnail","6":"product_cat-mixer-basin-faucet","7":"product_tag-modern-square-basin-faucet","8":"product_tag-waterfall-bathroom-basin-faucet","10":"first","11":"instock","12":"shipping-taxable","13":"purchasable","14":"product-type-variable","15":"wvs-archive-product-wrapper","16":"entry","17":"content-bg","18":"loop-entry"},"acf":[],"yoast_head":"<!-- This site is optimized with the Yoast SEO Premium plugin v25.4 (Yoast SEO v27.0) - https:\/\/yoast.com\/product\/yoast-seo-premium-wordpress\/ -->\n<title>Modern Square Matte Black Basin Faucet Contemporary Style Stainless Steel Waterfall Bathroom Mixer Faucet - YOROOW<\/title>\n<meta name=\"description\" content=\"Modern square matte black basin faucet with contemporary style, stainless steel waterfall bathroom mixer faucet. Chinese factory production with focus on quality for South America and Southeast Asia.\" \/>\n<meta name=\"robots\" content=\"index, follow, max-snippet:-1, max-image-preview:large, max-video-preview:-1\" \/>\n<link rel=\"canonical\" href=\"https:\/\/www.yoroow.com\/es\/detalle-del-producto\/estilo-moderno-caliente-y-frio-lavabo-grifo-cascada-mate-negro-fregadero-de-acero-inoxidable-grifo-del-lavabo\/\" \/>\n<meta property=\"og:locale\" content=\"es_ES\" \/>\n<meta property=\"og:type\" content=\"article\" \/>\n<meta property=\"og:title\" content=\"Modern Square Matte Black Basin Faucet Contemporary Style Stainless Steel Waterfall Bathroom Mixer Faucet\" \/>\n<meta property=\"og:description\" content=\"Modern square matte black basin faucet with contemporary style, stainless steel waterfall bathroom mixer faucet. Chinese factory production with focus on quality for South America and Southeast Asia.\" \/>\n<meta property=\"og:url\" content=\"https:\/\/www.yoroow.com\/es\/detalle-del-producto\/estilo-moderno-caliente-y-frio-lavabo-grifo-cascada-mate-negro-fregadero-de-acero-inoxidable-grifo-del-lavabo\/\" \/>\n<meta property=\"og:site_name\" content=\"YOROOW\" \/>\n<meta property=\"article:publisher\" content=\"https:\/\/www.facebook.com\/people\/yoroowfaucetfactory\/61564236752362\/\" \/>\n<meta property=\"article:modified_time\" content=\"2025-05-16T01:34:04+00:00\" \/>\n<meta property=\"og:image\" content=\"https:\/\/www.yoroow.com\/wp-content\/uploads\/2025\/02\/11-2.jpg\" \/>\n\t<meta property=\"og:image:width\" content=\"651\" \/>\n\t<meta property=\"og:image:height\" content=\"651\" \/>\n\t<meta property=\"og:image:type\" content=\"image\/jpeg\" \/>\n<meta name=\"twitter:card\" content=\"summary_large_image\" \/>\n<meta name=\"twitter:label1\" content=\"Tiempo de lectura\" \/>\n\t<meta name=\"twitter:data1\" content=\"1 minuto\" \/>\n<script type=\"application\/ld+json\" class=\"yoast-schema-graph\">{\"@context\":\"https:\/\/schema.org\",\"@graph\":[{\"@type\":\"WebPage\",\"@id\":\"https:\/\/www.yoroow.com\/es\/detalle-del-producto\/estilo-moderno-caliente-y-frio-lavabo-grifo-cascada-mate-negro-fregadero-de-acero-inoxidable-grifo-del-lavabo\/\",\"url\":\"https:\/\/www.yoroow.com\/es\/detalle-del-producto\/estilo-moderno-caliente-y-frio-lavabo-grifo-cascada-mate-negro-fregadero-de-acero-inoxidable-grifo-del-lavabo\/\",\"name\":\"Modern Square Matte Black Basin Faucet Contemporary Style Stainless Steel Waterfall Bathroom Mixer Faucet - YOROOW\",\"isPartOf\":{\"@id\":\"https:\/\/www.yoroow.com\/es\/#website\"},\"primaryImageOfPage\":{\"@id\":\"https:\/\/www.yoroow.com\/es\/detalle-del-producto\/estilo-moderno-caliente-y-frio-lavabo-grifo-cascada-mate-negro-fregadero-de-acero-inoxidable-grifo-del-lavabo\/#primaryimage\"},\"image\":{\"@id\":\"https:\/\/www.yoroow.com\/es\/detalle-del-producto\/estilo-moderno-caliente-y-frio-lavabo-grifo-cascada-mate-negro-fregadero-de-acero-inoxidable-grifo-del-lavabo\/#primaryimage\"},\"thumbnailUrl\":\"https:\/\/www.yoroow.com\/wp-content\/uploads\/2025\/02\/11-2.jpg\",\"datePublished\":\"2025-02-21T14:19:34+00:00\",\"dateModified\":\"2025-05-16T01:34:04+00:00\",\"description\":\"Modern square matte black basin faucet with contemporary style, stainless steel waterfall bathroom mixer faucet. Chinese factory production with focus on quality for South America and Southeast Asia.\",\"breadcrumb\":{\"@id\":\"https:\/\/www.yoroow.com\/es\/detalle-del-producto\/estilo-moderno-caliente-y-frio-lavabo-grifo-cascada-mate-negro-fregadero-de-acero-inoxidable-grifo-del-lavabo\/#breadcrumb\"},\"inLanguage\":\"es\",\"potentialAction\":[{\"@type\":\"ReadAction\",\"target\":[\"https:\/\/www.yoroow.com\/es\/detalle-del-producto\/estilo-moderno-caliente-y-frio-lavabo-grifo-cascada-mate-negro-fregadero-de-acero-inoxidable-grifo-del-lavabo\/\"]}]},{\"@type\":\"ImageObject\",\"inLanguage\":\"es\",\"@id\":\"https:\/\/www.yoroow.com\/es\/detalle-del-producto\/estilo-moderno-caliente-y-frio-lavabo-grifo-cascada-mate-negro-fregadero-de-acero-inoxidable-grifo-del-lavabo\/#primaryimage\",\"url\":\"https:\/\/www.yoroow.com\/wp-content\/uploads\/2025\/02\/11-2.jpg\",\"contentUrl\":\"https:\/\/www.yoroow.com\/wp-content\/uploads\/2025\/02\/11-2.jpg\",\"width\":651,\"height\":651,\"caption\":\"Modern Square Matte Black Basin Faucet Contemporary Style Stainless Steel Waterfall Bathroom Mixer Faucet\"},{\"@type\":\"BreadcrumbList\",\"@id\":\"https:\/\/www.yoroow.com\/es\/detalle-del-producto\/estilo-moderno-caliente-y-frio-lavabo-grifo-cascada-mate-negro-fregadero-de-acero-inoxidable-grifo-del-lavabo\/#breadcrumb\",\"itemListElement\":[{\"@type\":\"ListItem\",\"position\":1,\"name\":\"home\",\"item\":\"https:\/\/www.yoroow.com\/\"},{\"@type\":\"ListItem\",\"position\":2,\"name\":\"Product\",\"item\":\"https:\/\/www.yoroow.com\/product\/\"},{\"@type\":\"ListItem\",\"position\":3,\"name\":\"Modern Square Matte Black Basin Faucet Contemporary Style Stainless Steel Waterfall Bathroom Mixer Faucet\"}]},{\"@type\":\"WebSite\",\"@id\":\"https:\/\/www.yoroow.com\/es\/#website\",\"url\":\"https:\/\/www.yoroow.com\/es\/\",\"name\":\"YOROOW\",\"description\":\"\",\"publisher\":{\"@id\":\"https:\/\/www.yoroow.com\/es\/#organization\"},\"potentialAction\":[{\"@type\":\"SearchAction\",\"target\":{\"@type\":\"EntryPoint\",\"urlTemplate\":\"https:\/\/www.yoroow.com\/es\/?s={search_term_string}\"},\"query-input\":{\"@type\":\"PropertyValueSpecification\",\"valueRequired\":true,\"valueName\":\"search_term_string\"}}],\"inLanguage\":\"es\"},{\"@type\":\"Organization\",\"@id\":\"https:\/\/www.yoroow.com\/es\/#organization\",\"name\":\"YOROOW\",\"url\":\"https:\/\/www.yoroow.com\/es\/\",\"logo\":{\"@type\":\"ImageObject\",\"inLanguage\":\"es\",\"@id\":\"https:\/\/www.yoroow.com\/es\/#\/schema\/logo\/image\/\",\"url\":\"https:\/\/www.yoroow.com\/wp-content\/uploads\/2024\/12\/2024123007131061.png\",\"contentUrl\":\"https:\/\/www.yoroow.com\/wp-content\/uploads\/2024\/12\/2024123007131061.png\",\"width\":168,\"height\":27,\"caption\":\"YOROOW\"},\"image\":{\"@id\":\"https:\/\/www.yoroow.com\/es\/#\/schema\/logo\/image\/\"},\"sameAs\":[\"https:\/\/www.facebook.com\/people\/yoroowfaucetfactory\/61564236752362\/\"]}]}<\/script>\n<!-- \/ Yoast SEO Premium plugin. -->","yoast_head_json":{"title":"Modern Square Matte Black Basin Faucet Contemporary Style Stainless Steel Waterfall Bathroom Mixer Faucet - YOROOW","description":"Modern square matte black basin faucet with contemporary style, stainless steel waterfall bathroom mixer faucet. Chinese factory production with focus on quality for South America and Southeast Asia.","robots":{"index":"index","follow":"follow","max-snippet":"max-snippet:-1","max-image-preview":"max-image-preview:large","max-video-preview":"max-video-preview:-1"},"canonical":"https:\/\/www.yoroow.com\/es\/detalle-del-producto\/estilo-moderno-caliente-y-frio-lavabo-grifo-cascada-mate-negro-fregadero-de-acero-inoxidable-grifo-del-lavabo\/","og_locale":"es_ES","og_type":"article","og_title":"Modern Square Matte Black Basin Faucet Contemporary Style Stainless Steel Waterfall Bathroom Mixer Faucet","og_description":"Modern square matte black basin faucet with contemporary style, stainless steel waterfall bathroom mixer faucet. Chinese factory production with focus on quality for South America and Southeast Asia.","og_url":"https:\/\/www.yoroow.com\/es\/detalle-del-producto\/estilo-moderno-caliente-y-frio-lavabo-grifo-cascada-mate-negro-fregadero-de-acero-inoxidable-grifo-del-lavabo\/","og_site_name":"YOROOW","article_publisher":"https:\/\/www.facebook.com\/people\/yoroowfaucetfactory\/61564236752362\/","article_modified_time":"2025-05-16T01:34:04+00:00","og_image":[{"width":651,"height":651,"url":"https:\/\/www.yoroow.com\/wp-content\/uploads\/2025\/02\/11-2.jpg","type":"image\/jpeg"}],"twitter_card":"summary_large_image","twitter_misc":{"Tiempo de lectura":"1 minuto"},"schema":{"@context":"https:\/\/schema.org","@graph":[{"@type":"WebPage","@id":"https:\/\/www.yoroow.com\/es\/detalle-del-producto\/estilo-moderno-caliente-y-frio-lavabo-grifo-cascada-mate-negro-fregadero-de-acero-inoxidable-grifo-del-lavabo\/","url":"https:\/\/www.yoroow.com\/es\/detalle-del-producto\/estilo-moderno-caliente-y-frio-lavabo-grifo-cascada-mate-negro-fregadero-de-acero-inoxidable-grifo-del-lavabo\/","name":"Modern Square Matte Black Basin Faucet Contemporary Style Stainless Steel Waterfall Bathroom Mixer Faucet - YOROOW","isPartOf":{"@id":"https:\/\/www.yoroow.com\/es\/#website"},"primaryImageOfPage":{"@id":"https:\/\/www.yoroow.com\/es\/detalle-del-producto\/estilo-moderno-caliente-y-frio-lavabo-grifo-cascada-mate-negro-fregadero-de-acero-inoxidable-grifo-del-lavabo\/#primaryimage"},"image":{"@id":"https:\/\/www.yoroow.com\/es\/detalle-del-producto\/estilo-moderno-caliente-y-frio-lavabo-grifo-cascada-mate-negro-fregadero-de-acero-inoxidable-grifo-del-lavabo\/#primaryimage"},"thumbnailUrl":"https:\/\/www.yoroow.com\/wp-content\/uploads\/2025\/02\/11-2.jpg","datePublished":"2025-02-21T14:19:34+00:00","dateModified":"2025-05-16T01:34:04+00:00","description":"Modern square matte black basin faucet with contemporary style, stainless steel waterfall bathroom mixer faucet. Chinese factory production with focus on quality for South America and Southeast Asia.","breadcrumb":{"@id":"https:\/\/www.yoroow.com\/es\/detalle-del-producto\/estilo-moderno-caliente-y-frio-lavabo-grifo-cascada-mate-negro-fregadero-de-acero-inoxidable-grifo-del-lavabo\/#breadcrumb"},"inLanguage":"es","potentialAction":[{"@type":"ReadAction","target":["https:\/\/www.yoroow.com\/es\/detalle-del-producto\/estilo-moderno-caliente-y-frio-lavabo-grifo-cascada-mate-negro-fregadero-de-acero-inoxidable-grifo-del-lavabo\/"]}]},{"@type":"ImageObject","inLanguage":"es","@id":"https:\/\/www.yoroow.com\/es\/detalle-del-producto\/estilo-moderno-caliente-y-frio-lavabo-grifo-cascada-mate-negro-fregadero-de-acero-inoxidable-grifo-del-lavabo\/#primaryimage","url":"https:\/\/www.yoroow.com\/wp-content\/uploads\/2025\/02\/11-2.jpg","contentUrl":"https:\/\/www.yoroow.com\/wp-content\/uploads\/2025\/02\/11-2.jpg","width":651,"height":651,"caption":"Modern Square Matte Black Basin Faucet Contemporary Style Stainless Steel Waterfall Bathroom Mixer Faucet"},{"@type":"BreadcrumbList","@id":"https:\/\/www.yoroow.com\/es\/detalle-del-producto\/estilo-moderno-caliente-y-frio-lavabo-grifo-cascada-mate-negro-fregadero-de-acero-inoxidable-grifo-del-lavabo\/#breadcrumb","itemListElement":[{"@type":"ListItem","position":1,"name":"home","item":"https:\/\/www.yoroow.com\/"},{"@type":"ListItem","position":2,"name":"Product","item":"https:\/\/www.yoroow.com\/product\/"},{"@type":"ListItem","position":3,"name":"Modern Square Matte Black Basin Faucet Contemporary Style Stainless Steel Waterfall Bathroom Mixer Faucet"}]},{"@type":"WebSite","@id":"https:\/\/www.yoroow.com\/es\/#website","url":"https:\/\/www.yoroow.com\/es\/","name":"YOROOW","description":"","publisher":{"@id":"https:\/\/www.yoroow.com\/es\/#organization"},"potentialAction":[{"@type":"SearchAction","target":{"@type":"EntryPoint","urlTemplate":"https:\/\/www.yoroow.com\/es\/?s={search_term_string}"},"query-input":{"@type":"PropertyValueSpecification","valueRequired":true,"valueName":"search_term_string"}}],"inLanguage":"es"},{"@type":"Organization","@id":"https:\/\/www.yoroow.com\/es\/#organization","name":"YOROOW","url":"https:\/\/www.yoroow.com\/es\/","logo":{"@type":"ImageObject","inLanguage":"es","@id":"https:\/\/www.yoroow.com\/es\/#\/schema\/logo\/image\/","url":"https:\/\/www.yoroow.com\/wp-content\/uploads\/2024\/12\/2024123007131061.png","contentUrl":"https:\/\/www.yoroow.com\/wp-content\/uploads\/2024\/12\/2024123007131061.png","width":168,"height":27,"caption":"YOROOW"},"image":{"@id":"https:\/\/www.yoroow.com\/es\/#\/schema\/logo\/image\/"},"sameAs":["https:\/\/www.facebook.com\/people\/yoroowfaucetfactory\/61564236752362\/"]}]}},"_links":{"self":[{"href":"https:\/\/www.yoroow.com\/es\/wp-json\/wp\/v2\/product\/12142","targetHints":{"allow":["GET"]}}],"collection":[{"href":"https:\/\/www.yoroow.com\/es\/wp-json\/wp\/v2\/product"}],"about":[{"href":"https:\/\/www.yoroow.com\/es\/wp-json\/wp\/v2\/types\/product"}],"wp:featuredmedia":[{"embeddable":true,"href":"https:\/\/www.yoroow.com\/es\/wp-json\/wp\/v2\/media\/18946"}],"wp:attachment":[{"href":"https:\/\/www.yoroow.com\/es\/wp-json\/wp\/v2\/media?parent=12142"}],"wp:term":[{"taxonomy":"product_brand","embeddable":true,"href":"https:\/\/www.yoroow.com\/es\/wp-json\/wp\/v2\/product_brand?post=12142"},{"taxonomy":"product_cat","embeddable":true,"href":"https:\/\/www.yoroow.com\/es\/wp-json\/wp\/v2\/product_cat?post=12142"},{"taxonomy":"product_tag","embeddable":true,"href":"https:\/\/www.yoroow.com\/es\/wp-json\/wp\/v2\/product_tag?post=12142"}],"curies":[{"name":"wp","href":"https:\/\/api.w.org\/{rel}","templated":true}]}}