{"id":12067,"date":"2025-02-21T22:01:11","date_gmt":"2025-02-21T14:01:11","guid":{"rendered":"https:\/\/www.yoroow.com\/?post_type=product&#038;p=12067"},"modified":"2025-05-16T09:33:26","modified_gmt":"2025-05-16T01:33:26","slug":"buena-calidad-oro-acero-inoxidable-laton-wasterfall-cuarto-de-bano-grifo-mezclador-caliente-frio-grifo-de-bano","status":"publish","type":"product","link":"https:\/\/www.yoroow.com\/es\/detalle-del-producto\/buena-calidad-oro-acero-inoxidable-laton-wasterfall-cuarto-de-bano-grifo-mezclador-caliente-frio-grifo-de-bano\/","title":{"rendered":"Grifo monomando de lujo de lat\u00f3n con acabado en oro cepillado Moderno mezclador de agua caliente\/fr\u00eda para uso escolar y hospitalario"},"content":{"rendered":"<p>Este lujoso grifo monomando de lat\u00f3n con acabado en oro cepillado est\u00e1 dise\u00f1ado para proporcionar control de agua fr\u00eda y caliente en entornos escolares y hospitalarios. Su moderno dise\u00f1o, combinado con una duradera construcci\u00f3n en lat\u00f3n, garantiza tanto estilo como longevidad. Ideal para zonas de mucho tr\u00e1nsito, el grifo est\u00e1 fabricado para soportar un uso constante y mantener al mismo tiempo un aspecto elegante. Fabricado por YOROOW en China, este grifo se beneficia de las avanzadas t\u00e9cnicas de producci\u00f3n, los est\u00e1ndares de alta calidad y los precios competitivos de la empresa, lo que lo convierte en una opci\u00f3n popular en Sudam\u00e9rica y el sudeste asi\u00e1tico, donde crece la demanda de grifos duraderos y elegantes para espacios p\u00fablicos y comerciales. La capacidad de YOROOW para ofrecer soluciones personalizadas convierte a este grifo en la mejor opci\u00f3n para diversos mercados.<\/p>","protected":false},"excerpt":{"rendered":"<p>This luxury single-handle brass faucet with a brushed gold finish is designed to provide both hot and cold water control in school and hospital settings. Its modern design, combined with durable brass construction, ensures both style and longevity. Ideal for high-traffic areas, the faucet is built to withstand constant use while maintaining a sleek appearance\u2026.<\/p>","protected":false},"featured_media":12064,"template":"","meta":{"_acf_changed":false,"_kad_post_transparent":"default","_kad_post_title":"","_kad_post_layout":"default","_kad_post_sidebar_id":"","_kad_post_content_style":"default","_kad_post_vertical_padding":"default","_kad_post_feature":"","_kad_post_feature_position":"","_kad_post_header":false,"_kad_post_footer":false},"product_brand":[],"product_cat":[238,1553],"product_tag":[3392,3389],"class_list":{"0":"post-12067","1":"product","2":"type-product","3":"status-publish","4":"has-post-thumbnail","6":"product_cat-mixer-basin-faucet","7":"product_cat-square-wide","8":"product_tag-luxury-wash-basin-faucet-brass-brushed-gold","9":"product_tag-modern-basin-faucet","11":"first","12":"instock","13":"shipping-taxable","14":"purchasable","15":"product-type-variable","16":"wvs-archive-product-wrapper","17":"entry","18":"content-bg","19":"loop-entry"},"acf":[],"yoast_head":"<!-- This site is optimized with the Yoast SEO Premium plugin v25.4 (Yoast SEO v27.0) - https:\/\/yoast.com\/product\/yoast-seo-premium-wordpress\/ -->\n<title>Luxury Single-Handle Brass Faucet with Brushed Gold Finish Modern Hot\/Cold Water Mixer for School &amp; Hospital Use - YOROOW<\/title>\n<meta name=\"description\" content=\"Luxury single-handle brass faucet with brushed gold finish offering modern hot\/cold water mixer for schools and hospitals. Made by Chinese factory with fine craftsmanship targeting South American and Southeast Asian customers.\" \/>\n<meta name=\"robots\" content=\"index, follow, max-snippet:-1, max-image-preview:large, max-video-preview:-1\" \/>\n<link rel=\"canonical\" href=\"https:\/\/www.yoroow.com\/es\/detalle-del-producto\/buena-calidad-oro-acero-inoxidable-laton-wasterfall-cuarto-de-bano-grifo-mezclador-caliente-frio-grifo-de-bano\/\" \/>\n<meta property=\"og:locale\" content=\"es_ES\" \/>\n<meta property=\"og:type\" content=\"article\" \/>\n<meta property=\"og:title\" content=\"Luxury Single-Handle Brass Faucet with Brushed Gold Finish Modern Hot\/Cold Water Mixer for School &amp; Hospital Use\" \/>\n<meta property=\"og:description\" content=\"Luxury single-handle brass faucet with brushed gold finish offering modern hot\/cold water mixer for schools and hospitals. Made by Chinese factory with fine craftsmanship targeting South American and Southeast Asian customers.\" \/>\n<meta property=\"og:url\" content=\"https:\/\/www.yoroow.com\/es\/detalle-del-producto\/buena-calidad-oro-acero-inoxidable-laton-wasterfall-cuarto-de-bano-grifo-mezclador-caliente-frio-grifo-de-bano\/\" \/>\n<meta property=\"og:site_name\" content=\"YOROOW\" \/>\n<meta property=\"article:publisher\" content=\"https:\/\/www.facebook.com\/people\/yoroowfaucetfactory\/61564236752362\/\" \/>\n<meta property=\"article:modified_time\" content=\"2025-05-16T01:33:26+00:00\" \/>\n<meta property=\"og:image\" content=\"https:\/\/www.yoroow.com\/wp-content\/uploads\/2025\/02\/\u91d1\u8272-2.jpg\" \/>\n\t<meta property=\"og:image:width\" content=\"565\" \/>\n\t<meta property=\"og:image:height\" content=\"565\" \/>\n\t<meta property=\"og:image:type\" content=\"image\/jpeg\" \/>\n<meta name=\"twitter:card\" content=\"summary_large_image\" \/>\n<meta name=\"twitter:label1\" content=\"Tiempo de lectura\" \/>\n\t<meta name=\"twitter:data1\" content=\"1 minuto\" \/>\n<script type=\"application\/ld+json\" class=\"yoast-schema-graph\">{\"@context\":\"https:\/\/schema.org\",\"@graph\":[{\"@type\":\"WebPage\",\"@id\":\"https:\/\/www.yoroow.com\/es\/detalle-del-producto\/buena-calidad-oro-acero-inoxidable-laton-wasterfall-cuarto-de-bano-grifo-mezclador-caliente-frio-grifo-de-bano\/\",\"url\":\"https:\/\/www.yoroow.com\/es\/detalle-del-producto\/buena-calidad-oro-acero-inoxidable-laton-wasterfall-cuarto-de-bano-grifo-mezclador-caliente-frio-grifo-de-bano\/\",\"name\":\"Luxury Single-Handle Brass Faucet with Brushed Gold Finish Modern Hot\/Cold Water Mixer for School & Hospital Use - YOROOW\",\"isPartOf\":{\"@id\":\"https:\/\/www.yoroow.com\/es\/#website\"},\"primaryImageOfPage\":{\"@id\":\"https:\/\/www.yoroow.com\/es\/detalle-del-producto\/buena-calidad-oro-acero-inoxidable-laton-wasterfall-cuarto-de-bano-grifo-mezclador-caliente-frio-grifo-de-bano\/#primaryimage\"},\"image\":{\"@id\":\"https:\/\/www.yoroow.com\/es\/detalle-del-producto\/buena-calidad-oro-acero-inoxidable-laton-wasterfall-cuarto-de-bano-grifo-mezclador-caliente-frio-grifo-de-bano\/#primaryimage\"},\"thumbnailUrl\":\"https:\/\/www.yoroow.com\/wp-content\/uploads\/2025\/02\/\u91d1\u8272-2.jpg\",\"datePublished\":\"2025-02-21T14:01:11+00:00\",\"dateModified\":\"2025-05-16T01:33:26+00:00\",\"description\":\"Luxury single-handle brass faucet with brushed gold finish offering modern hot\/cold water mixer for schools and hospitals. Made by Chinese factory with fine craftsmanship targeting South American and Southeast Asian customers.\",\"breadcrumb\":{\"@id\":\"https:\/\/www.yoroow.com\/es\/detalle-del-producto\/buena-calidad-oro-acero-inoxidable-laton-wasterfall-cuarto-de-bano-grifo-mezclador-caliente-frio-grifo-de-bano\/#breadcrumb\"},\"inLanguage\":\"es\",\"potentialAction\":[{\"@type\":\"ReadAction\",\"target\":[\"https:\/\/www.yoroow.com\/es\/detalle-del-producto\/buena-calidad-oro-acero-inoxidable-laton-wasterfall-cuarto-de-bano-grifo-mezclador-caliente-frio-grifo-de-bano\/\"]}]},{\"@type\":\"ImageObject\",\"inLanguage\":\"es\",\"@id\":\"https:\/\/www.yoroow.com\/es\/detalle-del-producto\/buena-calidad-oro-acero-inoxidable-laton-wasterfall-cuarto-de-bano-grifo-mezclador-caliente-frio-grifo-de-bano\/#primaryimage\",\"url\":\"https:\/\/www.yoroow.com\/wp-content\/uploads\/2025\/02\/\u91d1\u8272-2.jpg\",\"contentUrl\":\"https:\/\/www.yoroow.com\/wp-content\/uploads\/2025\/02\/\u91d1\u8272-2.jpg\",\"width\":565,\"height\":565,\"caption\":\"High Quality Single-Hole Mounted Square Basin Faucet Mixer Thermostatic Waterfall Face for Bathroom School Stylish Contemporary Design - 7163B6\"},{\"@type\":\"BreadcrumbList\",\"@id\":\"https:\/\/www.yoroow.com\/es\/detalle-del-producto\/buena-calidad-oro-acero-inoxidable-laton-wasterfall-cuarto-de-bano-grifo-mezclador-caliente-frio-grifo-de-bano\/#breadcrumb\",\"itemListElement\":[{\"@type\":\"ListItem\",\"position\":1,\"name\":\"home\",\"item\":\"https:\/\/www.yoroow.com\/\"},{\"@type\":\"ListItem\",\"position\":2,\"name\":\"Product\",\"item\":\"https:\/\/www.yoroow.com\/product\/\"},{\"@type\":\"ListItem\",\"position\":3,\"name\":\"Luxury Single-Handle Brass Faucet with Brushed Gold Finish Modern Hot\/Cold Water Mixer for School &#038; Hospital Use\"}]},{\"@type\":\"WebSite\",\"@id\":\"https:\/\/www.yoroow.com\/es\/#website\",\"url\":\"https:\/\/www.yoroow.com\/es\/\",\"name\":\"YOROOW\",\"description\":\"\",\"publisher\":{\"@id\":\"https:\/\/www.yoroow.com\/es\/#organization\"},\"potentialAction\":[{\"@type\":\"SearchAction\",\"target\":{\"@type\":\"EntryPoint\",\"urlTemplate\":\"https:\/\/www.yoroow.com\/es\/?s={search_term_string}\"},\"query-input\":{\"@type\":\"PropertyValueSpecification\",\"valueRequired\":true,\"valueName\":\"search_term_string\"}}],\"inLanguage\":\"es\"},{\"@type\":\"Organization\",\"@id\":\"https:\/\/www.yoroow.com\/es\/#organization\",\"name\":\"YOROOW\",\"url\":\"https:\/\/www.yoroow.com\/es\/\",\"logo\":{\"@type\":\"ImageObject\",\"inLanguage\":\"es\",\"@id\":\"https:\/\/www.yoroow.com\/es\/#\/schema\/logo\/image\/\",\"url\":\"https:\/\/www.yoroow.com\/wp-content\/uploads\/2024\/12\/2024123007131061.png\",\"contentUrl\":\"https:\/\/www.yoroow.com\/wp-content\/uploads\/2024\/12\/2024123007131061.png\",\"width\":168,\"height\":27,\"caption\":\"YOROOW\"},\"image\":{\"@id\":\"https:\/\/www.yoroow.com\/es\/#\/schema\/logo\/image\/\"},\"sameAs\":[\"https:\/\/www.facebook.com\/people\/yoroowfaucetfactory\/61564236752362\/\"]}]}<\/script>\n<!-- \/ Yoast SEO Premium plugin. -->","yoast_head_json":{"title":"Luxury Single-Handle Brass Faucet with Brushed Gold Finish Modern Hot\/Cold Water Mixer for School & Hospital Use - YOROOW","description":"Luxury single-handle brass faucet with brushed gold finish offering modern hot\/cold water mixer for schools and hospitals. Made by Chinese factory with fine craftsmanship targeting South American and Southeast Asian customers.","robots":{"index":"index","follow":"follow","max-snippet":"max-snippet:-1","max-image-preview":"max-image-preview:large","max-video-preview":"max-video-preview:-1"},"canonical":"https:\/\/www.yoroow.com\/es\/detalle-del-producto\/buena-calidad-oro-acero-inoxidable-laton-wasterfall-cuarto-de-bano-grifo-mezclador-caliente-frio-grifo-de-bano\/","og_locale":"es_ES","og_type":"article","og_title":"Luxury Single-Handle Brass Faucet with Brushed Gold Finish Modern Hot\/Cold Water Mixer for School & Hospital Use","og_description":"Luxury single-handle brass faucet with brushed gold finish offering modern hot\/cold water mixer for schools and hospitals. Made by Chinese factory with fine craftsmanship targeting South American and Southeast Asian customers.","og_url":"https:\/\/www.yoroow.com\/es\/detalle-del-producto\/buena-calidad-oro-acero-inoxidable-laton-wasterfall-cuarto-de-bano-grifo-mezclador-caliente-frio-grifo-de-bano\/","og_site_name":"YOROOW","article_publisher":"https:\/\/www.facebook.com\/people\/yoroowfaucetfactory\/61564236752362\/","article_modified_time":"2025-05-16T01:33:26+00:00","og_image":[{"width":565,"height":565,"url":"https:\/\/www.yoroow.com\/wp-content\/uploads\/2025\/02\/\u91d1\u8272-2.jpg","type":"image\/jpeg"}],"twitter_card":"summary_large_image","twitter_misc":{"Tiempo de lectura":"1 minuto"},"schema":{"@context":"https:\/\/schema.org","@graph":[{"@type":"WebPage","@id":"https:\/\/www.yoroow.com\/es\/detalle-del-producto\/buena-calidad-oro-acero-inoxidable-laton-wasterfall-cuarto-de-bano-grifo-mezclador-caliente-frio-grifo-de-bano\/","url":"https:\/\/www.yoroow.com\/es\/detalle-del-producto\/buena-calidad-oro-acero-inoxidable-laton-wasterfall-cuarto-de-bano-grifo-mezclador-caliente-frio-grifo-de-bano\/","name":"Luxury Single-Handle Brass Faucet with Brushed Gold Finish Modern Hot\/Cold Water Mixer for School & Hospital Use - YOROOW","isPartOf":{"@id":"https:\/\/www.yoroow.com\/es\/#website"},"primaryImageOfPage":{"@id":"https:\/\/www.yoroow.com\/es\/detalle-del-producto\/buena-calidad-oro-acero-inoxidable-laton-wasterfall-cuarto-de-bano-grifo-mezclador-caliente-frio-grifo-de-bano\/#primaryimage"},"image":{"@id":"https:\/\/www.yoroow.com\/es\/detalle-del-producto\/buena-calidad-oro-acero-inoxidable-laton-wasterfall-cuarto-de-bano-grifo-mezclador-caliente-frio-grifo-de-bano\/#primaryimage"},"thumbnailUrl":"https:\/\/www.yoroow.com\/wp-content\/uploads\/2025\/02\/\u91d1\u8272-2.jpg","datePublished":"2025-02-21T14:01:11+00:00","dateModified":"2025-05-16T01:33:26+00:00","description":"Luxury single-handle brass faucet with brushed gold finish offering modern hot\/cold water mixer for schools and hospitals. Made by Chinese factory with fine craftsmanship targeting South American and Southeast Asian customers.","breadcrumb":{"@id":"https:\/\/www.yoroow.com\/es\/detalle-del-producto\/buena-calidad-oro-acero-inoxidable-laton-wasterfall-cuarto-de-bano-grifo-mezclador-caliente-frio-grifo-de-bano\/#breadcrumb"},"inLanguage":"es","potentialAction":[{"@type":"ReadAction","target":["https:\/\/www.yoroow.com\/es\/detalle-del-producto\/buena-calidad-oro-acero-inoxidable-laton-wasterfall-cuarto-de-bano-grifo-mezclador-caliente-frio-grifo-de-bano\/"]}]},{"@type":"ImageObject","inLanguage":"es","@id":"https:\/\/www.yoroow.com\/es\/detalle-del-producto\/buena-calidad-oro-acero-inoxidable-laton-wasterfall-cuarto-de-bano-grifo-mezclador-caliente-frio-grifo-de-bano\/#primaryimage","url":"https:\/\/www.yoroow.com\/wp-content\/uploads\/2025\/02\/\u91d1\u8272-2.jpg","contentUrl":"https:\/\/www.yoroow.com\/wp-content\/uploads\/2025\/02\/\u91d1\u8272-2.jpg","width":565,"height":565,"caption":"High Quality Single-Hole Mounted Square Basin Faucet Mixer Thermostatic Waterfall Face for Bathroom School Stylish Contemporary Design - 7163B6"},{"@type":"BreadcrumbList","@id":"https:\/\/www.yoroow.com\/es\/detalle-del-producto\/buena-calidad-oro-acero-inoxidable-laton-wasterfall-cuarto-de-bano-grifo-mezclador-caliente-frio-grifo-de-bano\/#breadcrumb","itemListElement":[{"@type":"ListItem","position":1,"name":"home","item":"https:\/\/www.yoroow.com\/"},{"@type":"ListItem","position":2,"name":"Product","item":"https:\/\/www.yoroow.com\/product\/"},{"@type":"ListItem","position":3,"name":"Luxury Single-Handle Brass Faucet with Brushed Gold Finish Modern Hot\/Cold Water Mixer for School &#038; Hospital Use"}]},{"@type":"WebSite","@id":"https:\/\/www.yoroow.com\/es\/#website","url":"https:\/\/www.yoroow.com\/es\/","name":"YOROOW","description":"","publisher":{"@id":"https:\/\/www.yoroow.com\/es\/#organization"},"potentialAction":[{"@type":"SearchAction","target":{"@type":"EntryPoint","urlTemplate":"https:\/\/www.yoroow.com\/es\/?s={search_term_string}"},"query-input":{"@type":"PropertyValueSpecification","valueRequired":true,"valueName":"search_term_string"}}],"inLanguage":"es"},{"@type":"Organization","@id":"https:\/\/www.yoroow.com\/es\/#organization","name":"YOROOW","url":"https:\/\/www.yoroow.com\/es\/","logo":{"@type":"ImageObject","inLanguage":"es","@id":"https:\/\/www.yoroow.com\/es\/#\/schema\/logo\/image\/","url":"https:\/\/www.yoroow.com\/wp-content\/uploads\/2024\/12\/2024123007131061.png","contentUrl":"https:\/\/www.yoroow.com\/wp-content\/uploads\/2024\/12\/2024123007131061.png","width":168,"height":27,"caption":"YOROOW"},"image":{"@id":"https:\/\/www.yoroow.com\/es\/#\/schema\/logo\/image\/"},"sameAs":["https:\/\/www.facebook.com\/people\/yoroowfaucetfactory\/61564236752362\/"]}]}},"_links":{"self":[{"href":"https:\/\/www.yoroow.com\/es\/wp-json\/wp\/v2\/product\/12067","targetHints":{"allow":["GET"]}}],"collection":[{"href":"https:\/\/www.yoroow.com\/es\/wp-json\/wp\/v2\/product"}],"about":[{"href":"https:\/\/www.yoroow.com\/es\/wp-json\/wp\/v2\/types\/product"}],"wp:featuredmedia":[{"embeddable":true,"href":"https:\/\/www.yoroow.com\/es\/wp-json\/wp\/v2\/media\/12064"}],"wp:attachment":[{"href":"https:\/\/www.yoroow.com\/es\/wp-json\/wp\/v2\/media?parent=12067"}],"wp:term":[{"taxonomy":"product_brand","embeddable":true,"href":"https:\/\/www.yoroow.com\/es\/wp-json\/wp\/v2\/product_brand?post=12067"},{"taxonomy":"product_cat","embeddable":true,"href":"https:\/\/www.yoroow.com\/es\/wp-json\/wp\/v2\/product_cat?post=12067"},{"taxonomy":"product_tag","embeddable":true,"href":"https:\/\/www.yoroow.com\/es\/wp-json\/wp\/v2\/product_tag?post=12067"}],"curies":[{"name":"wp","href":"https:\/\/api.w.org\/{rel}","templated":true}]}}