{"id":11981,"date":"2025-02-21T17:54:59","date_gmt":"2025-02-21T09:54:59","guid":{"rendered":"https:\/\/www.yoroow.com\/?post_type=product&#038;p=11981"},"modified":"2025-05-16T09:32:39","modified_gmt":"2025-05-16T01:32:39","slug":"precio-barato-cromo-grifo-mezclador-de-ducha-bano-moderno-sus201-montaje-en-pared-grifos-de-ducha-mezcladores","status":"publish","type":"product","link":"https:\/\/www.yoroow.com\/es\/detalle-del-producto\/precio-barato-cromo-grifo-mezclador-de-ducha-bano-moderno-sus201-montaje-en-pared-grifos-de-ducha-mezcladores\/","title":{"rendered":"Moderno presupuesto de ba\u00f1o y ducha grifos de acero inoxidable caliente fr\u00edo cromo grifo mezclador de ducha SUS201 montaje en pared"},"content":{"rendered":"<p>Este grifo de ba\u00f1o y ducha econ\u00f3mico est\u00e1 fabricado en acero inoxidable SUS201 duradero y cuenta con un elegante acabado cromado, que proporciona funcionalidad de mezcla de agua fr\u00eda y caliente. El dise\u00f1o de montaje en pared es perfecto para cuartos de ba\u00f1o con poco espacio en hogares, hoteles y otros establecimientos comerciales. El dise\u00f1o f\u00e1cil de instalar garantiza una instalaci\u00f3n r\u00e1pida, mientras que la construcci\u00f3n de acero inoxidable de alta calidad asegura la longevidad y la resistencia a la corrosi\u00f3n. Fabricado por YOROOW en China, este grifo ofrece una excelente relaci\u00f3n calidad-precio, por lo que es una opci\u00f3n popular para los clientes de Am\u00e9rica del Sur y el Sudeste Asi\u00e1tico, donde la demanda de productos de ba\u00f1o asequibles y de alta calidad va en aumento. La experiencia de YOROOW en producci\u00f3n a gran escala y log\u00edstica internacional garantiza que el grifo se entregue a tiempo y satisfaga las necesidades de una amplia gama de clientes. Gracias a su precio asequible, su durabilidad y su elegante dise\u00f1o, este grifo es una soluci\u00f3n ideal para los consumidores preocupados por su presupuesto que no quieren renunciar a la calidad.<\/p>","protected":false},"excerpt":{"rendered":"<p>Este grifo de ba\u00f1o y ducha econ\u00f3mico est\u00e1 fabricado en acero inoxidable SUS201 duradero y cuenta con un elegante acabado cromado, que proporciona funcionalidad de mezcla de agua fr\u00eda y caliente. El dise\u00f1o de montaje en pared es perfecto para cuartos de ba\u00f1o con poco espacio en hogares, hoteles y otros establecimientos comerciales. El dise\u00f1o f\u00e1cil de instalar garantiza una instalaci\u00f3n r\u00e1pida, mientras que la construcci\u00f3n de acero inoxidable de alta calidad...<\/p>","protected":false},"featured_media":11988,"template":"","meta":{"_acf_changed":false,"_kad_post_transparent":"default","_kad_post_title":"","_kad_post_layout":"default","_kad_post_sidebar_id":"","_kad_post_content_style":"default","_kad_post_vertical_padding":"default","_kad_post_feature":"","_kad_post_feature_position":"","_kad_post_header":false,"_kad_post_footer":false},"product_brand":[],"product_cat":[122,1552],"product_tag":[6562,6335],"class_list":{"0":"post-11981","1":"product","2":"type-product","3":"status-publish","4":"has-post-thumbnail","6":"product_cat-bathshower-faucet","7":"product_cat-bxg01series","8":"product_tag-budget-bath-faucet","9":"product_tag-stainless-steel-hot-and-cold-shower-faucet-set","11":"first","12":"instock","13":"shipping-taxable","14":"purchasable","15":"product-type-variable","16":"wvs-archive-product-wrapper","17":"entry","18":"content-bg","19":"loop-entry"},"acf":[],"yoast_head":"<!-- This site is optimized with the Yoast SEO Premium plugin v25.4 (Yoast SEO v27.0) - https:\/\/yoast.com\/product\/yoast-seo-premium-wordpress\/ -->\n<title>Modern Budget Bath &amp; Shower Faucets Stainless Steel Hot Cold Chrome Shower Mixer Faucet SUS201 Wall Mount - YOROOW<\/title>\n<meta name=\"description\" content=\"Modern budget bath and shower faucet set made from stainless steel SUS201 with hot and cold chrome shower mixer. Wall mount design for easy installation. Produced in China with cost efficiency, targeting South American and Southeast Asian budget-conscious consumers.\" \/>\n<meta name=\"robots\" content=\"index, follow, max-snippet:-1, max-image-preview:large, max-video-preview:-1\" \/>\n<link rel=\"canonical\" href=\"https:\/\/www.yoroow.com\/es\/detalle-del-producto\/precio-barato-cromo-grifo-mezclador-de-ducha-bano-moderno-sus201-montaje-en-pared-grifos-de-ducha-mezcladores\/\" \/>\n<meta property=\"og:locale\" content=\"es_ES\" \/>\n<meta property=\"og:type\" content=\"article\" \/>\n<meta property=\"og:title\" content=\"Modern Budget Bath &amp; Shower Faucets Stainless Steel Hot Cold Chrome Shower Mixer Faucet SUS201 Wall Mount\" \/>\n<meta property=\"og:description\" content=\"Modern budget bath and shower faucet set made from stainless steel SUS201 with hot and cold chrome shower mixer. Wall mount design for easy installation. Produced in China with cost efficiency, targeting South American and Southeast Asian budget-conscious consumers.\" \/>\n<meta property=\"og:url\" content=\"https:\/\/www.yoroow.com\/es\/detalle-del-producto\/precio-barato-cromo-grifo-mezclador-de-ducha-bano-moderno-sus201-montaje-en-pared-grifos-de-ducha-mezcladores\/\" \/>\n<meta property=\"og:site_name\" content=\"YOROOW\" \/>\n<meta property=\"article:publisher\" content=\"https:\/\/www.facebook.com\/people\/yoroowfaucetfactory\/61564236752362\/\" \/>\n<meta property=\"article:modified_time\" content=\"2025-05-16T01:32:39+00:00\" \/>\n<meta property=\"og:image\" content=\"https:\/\/www.yoroow.com\/wp-content\/uploads\/2025\/02\/O1CN01eip6sz1mwIDVP3QIZ_3084865018-0-cib.jpg\" \/>\n\t<meta property=\"og:image:width\" content=\"673\" \/>\n\t<meta property=\"og:image:height\" content=\"673\" \/>\n\t<meta property=\"og:image:type\" content=\"image\/jpeg\" \/>\n<meta name=\"twitter:card\" content=\"summary_large_image\" \/>\n<meta name=\"twitter:label1\" content=\"Tiempo de lectura\" \/>\n\t<meta name=\"twitter:data1\" content=\"1 minuto\" \/>\n<script type=\"application\/ld+json\" class=\"yoast-schema-graph\">{\"@context\":\"https:\/\/schema.org\",\"@graph\":[{\"@type\":\"WebPage\",\"@id\":\"https:\/\/www.yoroow.com\/es\/detalle-del-producto\/precio-barato-cromo-grifo-mezclador-de-ducha-bano-moderno-sus201-montaje-en-pared-grifos-de-ducha-mezcladores\/\",\"url\":\"https:\/\/www.yoroow.com\/es\/detalle-del-producto\/precio-barato-cromo-grifo-mezclador-de-ducha-bano-moderno-sus201-montaje-en-pared-grifos-de-ducha-mezcladores\/\",\"name\":\"Modern Budget Bath & Shower Faucets Stainless Steel Hot Cold Chrome Shower Mixer Faucet SUS201 Wall Mount - YOROOW\",\"isPartOf\":{\"@id\":\"https:\/\/www.yoroow.com\/es\/#website\"},\"primaryImageOfPage\":{\"@id\":\"https:\/\/www.yoroow.com\/es\/detalle-del-producto\/precio-barato-cromo-grifo-mezclador-de-ducha-bano-moderno-sus201-montaje-en-pared-grifos-de-ducha-mezcladores\/#primaryimage\"},\"image\":{\"@id\":\"https:\/\/www.yoroow.com\/es\/detalle-del-producto\/precio-barato-cromo-grifo-mezclador-de-ducha-bano-moderno-sus201-montaje-en-pared-grifos-de-ducha-mezcladores\/#primaryimage\"},\"thumbnailUrl\":\"https:\/\/www.yoroow.com\/wp-content\/uploads\/2025\/02\/O1CN01eip6sz1mwIDVP3QIZ_3084865018-0-cib.jpg\",\"datePublished\":\"2025-02-21T09:54:59+00:00\",\"dateModified\":\"2025-05-16T01:32:39+00:00\",\"description\":\"Modern budget bath and shower faucet set made from stainless steel SUS201 with hot and cold chrome shower mixer. Wall mount design for easy installation. Produced in China with cost efficiency, targeting South American and Southeast Asian budget-conscious consumers.\",\"breadcrumb\":{\"@id\":\"https:\/\/www.yoroow.com\/es\/detalle-del-producto\/precio-barato-cromo-grifo-mezclador-de-ducha-bano-moderno-sus201-montaje-en-pared-grifos-de-ducha-mezcladores\/#breadcrumb\"},\"inLanguage\":\"es\",\"potentialAction\":[{\"@type\":\"ReadAction\",\"target\":[\"https:\/\/www.yoroow.com\/es\/detalle-del-producto\/precio-barato-cromo-grifo-mezclador-de-ducha-bano-moderno-sus201-montaje-en-pared-grifos-de-ducha-mezcladores\/\"]}]},{\"@type\":\"ImageObject\",\"inLanguage\":\"es\",\"@id\":\"https:\/\/www.yoroow.com\/es\/detalle-del-producto\/precio-barato-cromo-grifo-mezclador-de-ducha-bano-moderno-sus201-montaje-en-pared-grifos-de-ducha-mezcladores\/#primaryimage\",\"url\":\"https:\/\/www.yoroow.com\/wp-content\/uploads\/2025\/02\/O1CN01eip6sz1mwIDVP3QIZ_3084865018-0-cib.jpg\",\"contentUrl\":\"https:\/\/www.yoroow.com\/wp-content\/uploads\/2025\/02\/O1CN01eip6sz1mwIDVP3QIZ_3084865018-0-cib.jpg\",\"width\":673,\"height\":673,\"caption\":\"Modern Budget Bath & Shower Faucets Stainless Steel Hot Cold Chrome Shower Mixer Faucet SUS201 Wall Mount\"},{\"@type\":\"BreadcrumbList\",\"@id\":\"https:\/\/www.yoroow.com\/es\/detalle-del-producto\/precio-barato-cromo-grifo-mezclador-de-ducha-bano-moderno-sus201-montaje-en-pared-grifos-de-ducha-mezcladores\/#breadcrumb\",\"itemListElement\":[{\"@type\":\"ListItem\",\"position\":1,\"name\":\"home\",\"item\":\"https:\/\/www.yoroow.com\/\"},{\"@type\":\"ListItem\",\"position\":2,\"name\":\"Product\",\"item\":\"https:\/\/www.yoroow.com\/product\/\"},{\"@type\":\"ListItem\",\"position\":3,\"name\":\"Modern Budget Bath &#038; Shower Faucets Stainless Steel Hot Cold Chrome Shower Mixer Faucet SUS201 Wall Mount\"}]},{\"@type\":\"WebSite\",\"@id\":\"https:\/\/www.yoroow.com\/es\/#website\",\"url\":\"https:\/\/www.yoroow.com\/es\/\",\"name\":\"YOROOW\",\"description\":\"\",\"publisher\":{\"@id\":\"https:\/\/www.yoroow.com\/es\/#organization\"},\"potentialAction\":[{\"@type\":\"SearchAction\",\"target\":{\"@type\":\"EntryPoint\",\"urlTemplate\":\"https:\/\/www.yoroow.com\/es\/?s={search_term_string}\"},\"query-input\":{\"@type\":\"PropertyValueSpecification\",\"valueRequired\":true,\"valueName\":\"search_term_string\"}}],\"inLanguage\":\"es\"},{\"@type\":\"Organization\",\"@id\":\"https:\/\/www.yoroow.com\/es\/#organization\",\"name\":\"YOROOW\",\"url\":\"https:\/\/www.yoroow.com\/es\/\",\"logo\":{\"@type\":\"ImageObject\",\"inLanguage\":\"es\",\"@id\":\"https:\/\/www.yoroow.com\/es\/#\/schema\/logo\/image\/\",\"url\":\"https:\/\/www.yoroow.com\/wp-content\/uploads\/2024\/12\/2024123007131061.png\",\"contentUrl\":\"https:\/\/www.yoroow.com\/wp-content\/uploads\/2024\/12\/2024123007131061.png\",\"width\":168,\"height\":27,\"caption\":\"YOROOW\"},\"image\":{\"@id\":\"https:\/\/www.yoroow.com\/es\/#\/schema\/logo\/image\/\"},\"sameAs\":[\"https:\/\/www.facebook.com\/people\/yoroowfaucetfactory\/61564236752362\/\"]}]}<\/script>\n<!-- \/ Yoast SEO Premium plugin. -->","yoast_head_json":{"title":"Modern Budget Bath & Shower Faucets Stainless Steel Hot Cold Chrome Shower Mixer Faucet SUS201 Wall Mount - YOROOW","description":"Modern budget bath and shower faucet set made from stainless steel SUS201 with hot and cold chrome shower mixer. Wall mount design for easy installation. Produced in China with cost efficiency, targeting South American and Southeast Asian budget-conscious consumers.","robots":{"index":"index","follow":"follow","max-snippet":"max-snippet:-1","max-image-preview":"max-image-preview:large","max-video-preview":"max-video-preview:-1"},"canonical":"https:\/\/www.yoroow.com\/es\/detalle-del-producto\/precio-barato-cromo-grifo-mezclador-de-ducha-bano-moderno-sus201-montaje-en-pared-grifos-de-ducha-mezcladores\/","og_locale":"es_ES","og_type":"article","og_title":"Modern Budget Bath & Shower Faucets Stainless Steel Hot Cold Chrome Shower Mixer Faucet SUS201 Wall Mount","og_description":"Modern budget bath and shower faucet set made from stainless steel SUS201 with hot and cold chrome shower mixer. Wall mount design for easy installation. Produced in China with cost efficiency, targeting South American and Southeast Asian budget-conscious consumers.","og_url":"https:\/\/www.yoroow.com\/es\/detalle-del-producto\/precio-barato-cromo-grifo-mezclador-de-ducha-bano-moderno-sus201-montaje-en-pared-grifos-de-ducha-mezcladores\/","og_site_name":"YOROOW","article_publisher":"https:\/\/www.facebook.com\/people\/yoroowfaucetfactory\/61564236752362\/","article_modified_time":"2025-05-16T01:32:39+00:00","og_image":[{"width":673,"height":673,"url":"https:\/\/www.yoroow.com\/wp-content\/uploads\/2025\/02\/O1CN01eip6sz1mwIDVP3QIZ_3084865018-0-cib.jpg","type":"image\/jpeg"}],"twitter_card":"summary_large_image","twitter_misc":{"Tiempo de lectura":"1 minuto"},"schema":{"@context":"https:\/\/schema.org","@graph":[{"@type":"WebPage","@id":"https:\/\/www.yoroow.com\/es\/detalle-del-producto\/precio-barato-cromo-grifo-mezclador-de-ducha-bano-moderno-sus201-montaje-en-pared-grifos-de-ducha-mezcladores\/","url":"https:\/\/www.yoroow.com\/es\/detalle-del-producto\/precio-barato-cromo-grifo-mezclador-de-ducha-bano-moderno-sus201-montaje-en-pared-grifos-de-ducha-mezcladores\/","name":"Modern Budget Bath & Shower Faucets Stainless Steel Hot Cold Chrome Shower Mixer Faucet SUS201 Wall Mount - YOROOW","isPartOf":{"@id":"https:\/\/www.yoroow.com\/es\/#website"},"primaryImageOfPage":{"@id":"https:\/\/www.yoroow.com\/es\/detalle-del-producto\/precio-barato-cromo-grifo-mezclador-de-ducha-bano-moderno-sus201-montaje-en-pared-grifos-de-ducha-mezcladores\/#primaryimage"},"image":{"@id":"https:\/\/www.yoroow.com\/es\/detalle-del-producto\/precio-barato-cromo-grifo-mezclador-de-ducha-bano-moderno-sus201-montaje-en-pared-grifos-de-ducha-mezcladores\/#primaryimage"},"thumbnailUrl":"https:\/\/www.yoroow.com\/wp-content\/uploads\/2025\/02\/O1CN01eip6sz1mwIDVP3QIZ_3084865018-0-cib.jpg","datePublished":"2025-02-21T09:54:59+00:00","dateModified":"2025-05-16T01:32:39+00:00","description":"Modern budget bath and shower faucet set made from stainless steel SUS201 with hot and cold chrome shower mixer. Wall mount design for easy installation. Produced in China with cost efficiency, targeting South American and Southeast Asian budget-conscious consumers.","breadcrumb":{"@id":"https:\/\/www.yoroow.com\/es\/detalle-del-producto\/precio-barato-cromo-grifo-mezclador-de-ducha-bano-moderno-sus201-montaje-en-pared-grifos-de-ducha-mezcladores\/#breadcrumb"},"inLanguage":"es","potentialAction":[{"@type":"ReadAction","target":["https:\/\/www.yoroow.com\/es\/detalle-del-producto\/precio-barato-cromo-grifo-mezclador-de-ducha-bano-moderno-sus201-montaje-en-pared-grifos-de-ducha-mezcladores\/"]}]},{"@type":"ImageObject","inLanguage":"es","@id":"https:\/\/www.yoroow.com\/es\/detalle-del-producto\/precio-barato-cromo-grifo-mezclador-de-ducha-bano-moderno-sus201-montaje-en-pared-grifos-de-ducha-mezcladores\/#primaryimage","url":"https:\/\/www.yoroow.com\/wp-content\/uploads\/2025\/02\/O1CN01eip6sz1mwIDVP3QIZ_3084865018-0-cib.jpg","contentUrl":"https:\/\/www.yoroow.com\/wp-content\/uploads\/2025\/02\/O1CN01eip6sz1mwIDVP3QIZ_3084865018-0-cib.jpg","width":673,"height":673,"caption":"Modern Budget Bath & Shower Faucets Stainless Steel Hot Cold Chrome Shower Mixer Faucet SUS201 Wall Mount"},{"@type":"BreadcrumbList","@id":"https:\/\/www.yoroow.com\/es\/detalle-del-producto\/precio-barato-cromo-grifo-mezclador-de-ducha-bano-moderno-sus201-montaje-en-pared-grifos-de-ducha-mezcladores\/#breadcrumb","itemListElement":[{"@type":"ListItem","position":1,"name":"home","item":"https:\/\/www.yoroow.com\/"},{"@type":"ListItem","position":2,"name":"Product","item":"https:\/\/www.yoroow.com\/product\/"},{"@type":"ListItem","position":3,"name":"Modern Budget Bath &#038; Shower Faucets Stainless Steel Hot Cold Chrome Shower Mixer Faucet SUS201 Wall Mount"}]},{"@type":"WebSite","@id":"https:\/\/www.yoroow.com\/es\/#website","url":"https:\/\/www.yoroow.com\/es\/","name":"YOROOW","description":"","publisher":{"@id":"https:\/\/www.yoroow.com\/es\/#organization"},"potentialAction":[{"@type":"SearchAction","target":{"@type":"EntryPoint","urlTemplate":"https:\/\/www.yoroow.com\/es\/?s={search_term_string}"},"query-input":{"@type":"PropertyValueSpecification","valueRequired":true,"valueName":"search_term_string"}}],"inLanguage":"es"},{"@type":"Organization","@id":"https:\/\/www.yoroow.com\/es\/#organization","name":"YOROOW","url":"https:\/\/www.yoroow.com\/es\/","logo":{"@type":"ImageObject","inLanguage":"es","@id":"https:\/\/www.yoroow.com\/es\/#\/schema\/logo\/image\/","url":"https:\/\/www.yoroow.com\/wp-content\/uploads\/2024\/12\/2024123007131061.png","contentUrl":"https:\/\/www.yoroow.com\/wp-content\/uploads\/2024\/12\/2024123007131061.png","width":168,"height":27,"caption":"YOROOW"},"image":{"@id":"https:\/\/www.yoroow.com\/es\/#\/schema\/logo\/image\/"},"sameAs":["https:\/\/www.facebook.com\/people\/yoroowfaucetfactory\/61564236752362\/"]}]}},"_links":{"self":[{"href":"https:\/\/www.yoroow.com\/es\/wp-json\/wp\/v2\/product\/11981","targetHints":{"allow":["GET"]}}],"collection":[{"href":"https:\/\/www.yoroow.com\/es\/wp-json\/wp\/v2\/product"}],"about":[{"href":"https:\/\/www.yoroow.com\/es\/wp-json\/wp\/v2\/types\/product"}],"wp:featuredmedia":[{"embeddable":true,"href":"https:\/\/www.yoroow.com\/es\/wp-json\/wp\/v2\/media\/11988"}],"wp:attachment":[{"href":"https:\/\/www.yoroow.com\/es\/wp-json\/wp\/v2\/media?parent=11981"}],"wp:term":[{"taxonomy":"product_brand","embeddable":true,"href":"https:\/\/www.yoroow.com\/es\/wp-json\/wp\/v2\/product_brand?post=11981"},{"taxonomy":"product_cat","embeddable":true,"href":"https:\/\/www.yoroow.com\/es\/wp-json\/wp\/v2\/product_cat?post=11981"},{"taxonomy":"product_tag","embeddable":true,"href":"https:\/\/www.yoroow.com\/es\/wp-json\/wp\/v2\/product_tag?post=11981"}],"curies":[{"name":"wp","href":"https:\/\/api.w.org\/{rel}","templated":true}]}}