{"id":11971,"date":"2025-02-21T17:43:27","date_gmt":"2025-02-21T09:43:27","guid":{"rendered":"https:\/\/www.yoroow.com\/?post_type=product&#038;p=11971"},"modified":"2025-05-16T09:32:13","modified_gmt":"2025-05-16T01:32:13","slug":"venta-caliente-montado-en-la-pared-ducha-bano-mezclador-banera-grifo-moderno-cromo-elegante-grifo-de-la-ducha","status":"publish","type":"product","link":"https:\/\/www.yoroow.com\/es\/detalle-del-producto\/venta-caliente-montado-en-la-pared-ducha-bano-mezclador-banera-grifo-moderno-cromo-elegante-grifo-de-la-ducha\/","title":{"rendered":"Venta caliente moderno grifo de ducha de cromo montado en la pared rociador de lluvia para ba\u00f1o comercial de ba\u00f1o con estilo moderno mezclador de ducha"},"content":{"rendered":"<p>The hot sale modern chrome shower faucet is a wall-mounted rain sprayer designed for commercial and residential use. Its sleek modern design offers both style and functionality, making it a popular choice for bathrooms. The faucet provides a soothing rain shower experience, while its chrome finish resists corrosion and maintains a polished look over time. Manufactured by a Chinese faucet factory, this product is ideal for export to Southeast Asia and Latin America, where modern bathroom fixtures are in high demand. It offers a reliable and affordable solution for customers looking for a high-quality, stylish shower faucet.<\/p>","protected":false},"excerpt":{"rendered":"<p>El grifo de ducha cromado moderno Hot Sale es un rociador de lluvia montado en la pared dise\u00f1ado para uso comercial y residencial. Su dise\u00f1o moderno y elegante ofrece estilo y funcionalidad, por lo que es una opci\u00f3n popular para cuartos de ba\u00f1o. El grifo proporciona una relajante experiencia de ducha de lluvia, mientras que su acabado cromado resiste la corrosi\u00f3n y mantiene un aspecto pulido con el tiempo....<\/p>","protected":false},"featured_media":11976,"template":"","meta":{"_acf_changed":false,"_kad_post_transparent":"default","_kad_post_title":"","_kad_post_layout":"default","_kad_post_sidebar_id":"","_kad_post_content_style":"default","_kad_post_vertical_padding":"default","_kad_post_feature":"","_kad_post_feature_position":"","_kad_post_header":false,"_kad_post_footer":false},"product_brand":[],"product_cat":[122,1552],"product_tag":[6534,6380],"class_list":{"0":"post-11971","1":"product","2":"type-product","3":"status-publish","4":"has-post-thumbnail","6":"product_cat-bathshower-faucet","7":"product_cat-bxg01series","8":"product_tag-commercial-bath-faucet","9":"product_tag-modern-shower-faucet","11":"first","12":"instock","13":"shipping-taxable","14":"purchasable","15":"product-type-variable","16":"wvs-archive-product-wrapper","17":"entry","18":"content-bg","19":"loop-entry"},"acf":[],"yoast_head":"<!-- This site is optimized with the Yoast SEO Premium plugin v25.4 (Yoast SEO v27.0) - https:\/\/yoast.com\/product\/yoast-seo-premium-wordpress\/ -->\n<title>Hot Sale Modern Chrome Shower Faucet Wall Mounted Rain Sprayer for Commercial Bath Bathroom Stylish Modern Shower Mixer - YOROOW<\/title>\n<meta name=\"description\" content=\"Hot sale modern chrome shower faucet with wall-mounted rain sprayer. Stylish modern shower mixer ideal for commercial bath and bathroom settings. Made in China with reliable quality, exported widely to South American and Southeast Asian commercial markets.\" \/>\n<meta name=\"robots\" content=\"index, follow, max-snippet:-1, max-image-preview:large, max-video-preview:-1\" \/>\n<link rel=\"canonical\" href=\"https:\/\/www.yoroow.com\/es\/detalle-del-producto\/venta-caliente-montado-en-la-pared-ducha-bano-mezclador-banera-grifo-moderno-cromo-elegante-grifo-de-la-ducha\/\" \/>\n<meta property=\"og:locale\" content=\"es_ES\" \/>\n<meta property=\"og:type\" content=\"article\" \/>\n<meta property=\"og:title\" content=\"Hot Sale Modern Chrome Shower Faucet Wall Mounted Rain Sprayer for Commercial Bath Bathroom Stylish Modern Shower Mixer\" \/>\n<meta property=\"og:description\" content=\"Hot sale modern chrome shower faucet with wall-mounted rain sprayer. Stylish modern shower mixer ideal for commercial bath and bathroom settings. Made in China with reliable quality, exported widely to South American and Southeast Asian commercial markets.\" \/>\n<meta property=\"og:url\" content=\"https:\/\/www.yoroow.com\/es\/detalle-del-producto\/venta-caliente-montado-en-la-pared-ducha-bano-mezclador-banera-grifo-moderno-cromo-elegante-grifo-de-la-ducha\/\" \/>\n<meta property=\"og:site_name\" content=\"YOROOW\" \/>\n<meta property=\"article:publisher\" content=\"https:\/\/www.facebook.com\/people\/yoroowfaucetfactory\/61564236752362\/\" \/>\n<meta property=\"article:modified_time\" content=\"2025-05-16T01:32:13+00:00\" \/>\n<meta property=\"og:image\" content=\"https:\/\/www.yoroow.com\/wp-content\/uploads\/2025\/02\/\u6dcb\u6d74\u9f99\u5934.jpg\" \/>\n\t<meta property=\"og:image:width\" content=\"800\" \/>\n\t<meta property=\"og:image:height\" content=\"800\" \/>\n\t<meta property=\"og:image:type\" content=\"image\/jpeg\" \/>\n<meta name=\"twitter:card\" content=\"summary_large_image\" \/>\n<meta name=\"twitter:label1\" content=\"Tiempo de lectura\" \/>\n\t<meta name=\"twitter:data1\" content=\"1 minuto\" \/>\n<script type=\"application\/ld+json\" class=\"yoast-schema-graph\">{\"@context\":\"https:\/\/schema.org\",\"@graph\":[{\"@type\":\"WebPage\",\"@id\":\"https:\/\/www.yoroow.com\/es\/detalle-del-producto\/venta-caliente-montado-en-la-pared-ducha-bano-mezclador-banera-grifo-moderno-cromo-elegante-grifo-de-la-ducha\/\",\"url\":\"https:\/\/www.yoroow.com\/es\/detalle-del-producto\/venta-caliente-montado-en-la-pared-ducha-bano-mezclador-banera-grifo-moderno-cromo-elegante-grifo-de-la-ducha\/\",\"name\":\"Hot Sale Modern Chrome Shower Faucet Wall Mounted Rain Sprayer for Commercial Bath Bathroom Stylish Modern Shower Mixer - YOROOW\",\"isPartOf\":{\"@id\":\"https:\/\/www.yoroow.com\/es\/#website\"},\"primaryImageOfPage\":{\"@id\":\"https:\/\/www.yoroow.com\/es\/detalle-del-producto\/venta-caliente-montado-en-la-pared-ducha-bano-mezclador-banera-grifo-moderno-cromo-elegante-grifo-de-la-ducha\/#primaryimage\"},\"image\":{\"@id\":\"https:\/\/www.yoroow.com\/es\/detalle-del-producto\/venta-caliente-montado-en-la-pared-ducha-bano-mezclador-banera-grifo-moderno-cromo-elegante-grifo-de-la-ducha\/#primaryimage\"},\"thumbnailUrl\":\"https:\/\/www.yoroow.com\/wp-content\/uploads\/2025\/02\/\u6dcb\u6d74\u9f99\u5934.jpg\",\"datePublished\":\"2025-02-21T09:43:27+00:00\",\"dateModified\":\"2025-05-16T01:32:13+00:00\",\"description\":\"Hot sale modern chrome shower faucet with wall-mounted rain sprayer. Stylish modern shower mixer ideal for commercial bath and bathroom settings. Made in China with reliable quality, exported widely to South American and Southeast Asian commercial markets.\",\"breadcrumb\":{\"@id\":\"https:\/\/www.yoroow.com\/es\/detalle-del-producto\/venta-caliente-montado-en-la-pared-ducha-bano-mezclador-banera-grifo-moderno-cromo-elegante-grifo-de-la-ducha\/#breadcrumb\"},\"inLanguage\":\"es\",\"potentialAction\":[{\"@type\":\"ReadAction\",\"target\":[\"https:\/\/www.yoroow.com\/es\/detalle-del-producto\/venta-caliente-montado-en-la-pared-ducha-bano-mezclador-banera-grifo-moderno-cromo-elegante-grifo-de-la-ducha\/\"]}]},{\"@type\":\"ImageObject\",\"inLanguage\":\"es\",\"@id\":\"https:\/\/www.yoroow.com\/es\/detalle-del-producto\/venta-caliente-montado-en-la-pared-ducha-bano-mezclador-banera-grifo-moderno-cromo-elegante-grifo-de-la-ducha\/#primaryimage\",\"url\":\"https:\/\/www.yoroow.com\/wp-content\/uploads\/2025\/02\/\u6dcb\u6d74\u9f99\u5934.jpg\",\"contentUrl\":\"https:\/\/www.yoroow.com\/wp-content\/uploads\/2025\/02\/\u6dcb\u6d74\u9f99\u5934.jpg\",\"width\":800,\"height\":800,\"caption\":\"Hot Sale Modern Chrome Shower Faucet Wall Mounted Rain Sprayer for Commercial Bath Bathroom Stylish Modern Shower Mixer\"},{\"@type\":\"BreadcrumbList\",\"@id\":\"https:\/\/www.yoroow.com\/es\/detalle-del-producto\/venta-caliente-montado-en-la-pared-ducha-bano-mezclador-banera-grifo-moderno-cromo-elegante-grifo-de-la-ducha\/#breadcrumb\",\"itemListElement\":[{\"@type\":\"ListItem\",\"position\":1,\"name\":\"home\",\"item\":\"https:\/\/www.yoroow.com\/\"},{\"@type\":\"ListItem\",\"position\":2,\"name\":\"Product\",\"item\":\"https:\/\/www.yoroow.com\/product\/\"},{\"@type\":\"ListItem\",\"position\":3,\"name\":\"Hot Sale Modern Chrome Shower Faucet Wall Mounted Rain Sprayer for Commercial Bath Bathroom Stylish Modern Shower Mixer\"}]},{\"@type\":\"WebSite\",\"@id\":\"https:\/\/www.yoroow.com\/es\/#website\",\"url\":\"https:\/\/www.yoroow.com\/es\/\",\"name\":\"YOROOW\",\"description\":\"\",\"publisher\":{\"@id\":\"https:\/\/www.yoroow.com\/es\/#organization\"},\"potentialAction\":[{\"@type\":\"SearchAction\",\"target\":{\"@type\":\"EntryPoint\",\"urlTemplate\":\"https:\/\/www.yoroow.com\/es\/?s={search_term_string}\"},\"query-input\":{\"@type\":\"PropertyValueSpecification\",\"valueRequired\":true,\"valueName\":\"search_term_string\"}}],\"inLanguage\":\"es\"},{\"@type\":\"Organization\",\"@id\":\"https:\/\/www.yoroow.com\/es\/#organization\",\"name\":\"YOROOW\",\"url\":\"https:\/\/www.yoroow.com\/es\/\",\"logo\":{\"@type\":\"ImageObject\",\"inLanguage\":\"es\",\"@id\":\"https:\/\/www.yoroow.com\/es\/#\/schema\/logo\/image\/\",\"url\":\"https:\/\/www.yoroow.com\/wp-content\/uploads\/2024\/12\/2024123007131061.png\",\"contentUrl\":\"https:\/\/www.yoroow.com\/wp-content\/uploads\/2024\/12\/2024123007131061.png\",\"width\":168,\"height\":27,\"caption\":\"YOROOW\"},\"image\":{\"@id\":\"https:\/\/www.yoroow.com\/es\/#\/schema\/logo\/image\/\"},\"sameAs\":[\"https:\/\/www.facebook.com\/people\/yoroowfaucetfactory\/61564236752362\/\"]}]}<\/script>\n<!-- \/ Yoast SEO Premium plugin. -->","yoast_head_json":{"title":"Hot Sale Modern Chrome Shower Faucet Wall Mounted Rain Sprayer for Commercial Bath Bathroom Stylish Modern Shower Mixer - YOROOW","description":"Hot sale modern chrome shower faucet with wall-mounted rain sprayer. Stylish modern shower mixer ideal for commercial bath and bathroom settings. Made in China with reliable quality, exported widely to South American and Southeast Asian commercial markets.","robots":{"index":"index","follow":"follow","max-snippet":"max-snippet:-1","max-image-preview":"max-image-preview:large","max-video-preview":"max-video-preview:-1"},"canonical":"https:\/\/www.yoroow.com\/es\/detalle-del-producto\/venta-caliente-montado-en-la-pared-ducha-bano-mezclador-banera-grifo-moderno-cromo-elegante-grifo-de-la-ducha\/","og_locale":"es_ES","og_type":"article","og_title":"Hot Sale Modern Chrome Shower Faucet Wall Mounted Rain Sprayer for Commercial Bath Bathroom Stylish Modern Shower Mixer","og_description":"Hot sale modern chrome shower faucet with wall-mounted rain sprayer. Stylish modern shower mixer ideal for commercial bath and bathroom settings. Made in China with reliable quality, exported widely to South American and Southeast Asian commercial markets.","og_url":"https:\/\/www.yoroow.com\/es\/detalle-del-producto\/venta-caliente-montado-en-la-pared-ducha-bano-mezclador-banera-grifo-moderno-cromo-elegante-grifo-de-la-ducha\/","og_site_name":"YOROOW","article_publisher":"https:\/\/www.facebook.com\/people\/yoroowfaucetfactory\/61564236752362\/","article_modified_time":"2025-05-16T01:32:13+00:00","og_image":[{"width":800,"height":800,"url":"https:\/\/www.yoroow.com\/wp-content\/uploads\/2025\/02\/\u6dcb\u6d74\u9f99\u5934.jpg","type":"image\/jpeg"}],"twitter_card":"summary_large_image","twitter_misc":{"Tiempo de lectura":"1 minuto"},"schema":{"@context":"https:\/\/schema.org","@graph":[{"@type":"WebPage","@id":"https:\/\/www.yoroow.com\/es\/detalle-del-producto\/venta-caliente-montado-en-la-pared-ducha-bano-mezclador-banera-grifo-moderno-cromo-elegante-grifo-de-la-ducha\/","url":"https:\/\/www.yoroow.com\/es\/detalle-del-producto\/venta-caliente-montado-en-la-pared-ducha-bano-mezclador-banera-grifo-moderno-cromo-elegante-grifo-de-la-ducha\/","name":"Hot Sale Modern Chrome Shower Faucet Wall Mounted Rain Sprayer for Commercial Bath Bathroom Stylish Modern Shower Mixer - YOROOW","isPartOf":{"@id":"https:\/\/www.yoroow.com\/es\/#website"},"primaryImageOfPage":{"@id":"https:\/\/www.yoroow.com\/es\/detalle-del-producto\/venta-caliente-montado-en-la-pared-ducha-bano-mezclador-banera-grifo-moderno-cromo-elegante-grifo-de-la-ducha\/#primaryimage"},"image":{"@id":"https:\/\/www.yoroow.com\/es\/detalle-del-producto\/venta-caliente-montado-en-la-pared-ducha-bano-mezclador-banera-grifo-moderno-cromo-elegante-grifo-de-la-ducha\/#primaryimage"},"thumbnailUrl":"https:\/\/www.yoroow.com\/wp-content\/uploads\/2025\/02\/\u6dcb\u6d74\u9f99\u5934.jpg","datePublished":"2025-02-21T09:43:27+00:00","dateModified":"2025-05-16T01:32:13+00:00","description":"Hot sale modern chrome shower faucet with wall-mounted rain sprayer. Stylish modern shower mixer ideal for commercial bath and bathroom settings. Made in China with reliable quality, exported widely to South American and Southeast Asian commercial markets.","breadcrumb":{"@id":"https:\/\/www.yoroow.com\/es\/detalle-del-producto\/venta-caliente-montado-en-la-pared-ducha-bano-mezclador-banera-grifo-moderno-cromo-elegante-grifo-de-la-ducha\/#breadcrumb"},"inLanguage":"es","potentialAction":[{"@type":"ReadAction","target":["https:\/\/www.yoroow.com\/es\/detalle-del-producto\/venta-caliente-montado-en-la-pared-ducha-bano-mezclador-banera-grifo-moderno-cromo-elegante-grifo-de-la-ducha\/"]}]},{"@type":"ImageObject","inLanguage":"es","@id":"https:\/\/www.yoroow.com\/es\/detalle-del-producto\/venta-caliente-montado-en-la-pared-ducha-bano-mezclador-banera-grifo-moderno-cromo-elegante-grifo-de-la-ducha\/#primaryimage","url":"https:\/\/www.yoroow.com\/wp-content\/uploads\/2025\/02\/\u6dcb\u6d74\u9f99\u5934.jpg","contentUrl":"https:\/\/www.yoroow.com\/wp-content\/uploads\/2025\/02\/\u6dcb\u6d74\u9f99\u5934.jpg","width":800,"height":800,"caption":"Hot Sale Modern Chrome Shower Faucet Wall Mounted Rain Sprayer for Commercial Bath Bathroom Stylish Modern Shower Mixer"},{"@type":"BreadcrumbList","@id":"https:\/\/www.yoroow.com\/es\/detalle-del-producto\/venta-caliente-montado-en-la-pared-ducha-bano-mezclador-banera-grifo-moderno-cromo-elegante-grifo-de-la-ducha\/#breadcrumb","itemListElement":[{"@type":"ListItem","position":1,"name":"home","item":"https:\/\/www.yoroow.com\/"},{"@type":"ListItem","position":2,"name":"Product","item":"https:\/\/www.yoroow.com\/product\/"},{"@type":"ListItem","position":3,"name":"Hot Sale Modern Chrome Shower Faucet Wall Mounted Rain Sprayer for Commercial Bath Bathroom Stylish Modern Shower Mixer"}]},{"@type":"WebSite","@id":"https:\/\/www.yoroow.com\/es\/#website","url":"https:\/\/www.yoroow.com\/es\/","name":"YOROOW","description":"","publisher":{"@id":"https:\/\/www.yoroow.com\/es\/#organization"},"potentialAction":[{"@type":"SearchAction","target":{"@type":"EntryPoint","urlTemplate":"https:\/\/www.yoroow.com\/es\/?s={search_term_string}"},"query-input":{"@type":"PropertyValueSpecification","valueRequired":true,"valueName":"search_term_string"}}],"inLanguage":"es"},{"@type":"Organization","@id":"https:\/\/www.yoroow.com\/es\/#organization","name":"YOROOW","url":"https:\/\/www.yoroow.com\/es\/","logo":{"@type":"ImageObject","inLanguage":"es","@id":"https:\/\/www.yoroow.com\/es\/#\/schema\/logo\/image\/","url":"https:\/\/www.yoroow.com\/wp-content\/uploads\/2024\/12\/2024123007131061.png","contentUrl":"https:\/\/www.yoroow.com\/wp-content\/uploads\/2024\/12\/2024123007131061.png","width":168,"height":27,"caption":"YOROOW"},"image":{"@id":"https:\/\/www.yoroow.com\/es\/#\/schema\/logo\/image\/"},"sameAs":["https:\/\/www.facebook.com\/people\/yoroowfaucetfactory\/61564236752362\/"]}]}},"_links":{"self":[{"href":"https:\/\/www.yoroow.com\/es\/wp-json\/wp\/v2\/product\/11971","targetHints":{"allow":["GET"]}}],"collection":[{"href":"https:\/\/www.yoroow.com\/es\/wp-json\/wp\/v2\/product"}],"about":[{"href":"https:\/\/www.yoroow.com\/es\/wp-json\/wp\/v2\/types\/product"}],"wp:featuredmedia":[{"embeddable":true,"href":"https:\/\/www.yoroow.com\/es\/wp-json\/wp\/v2\/media\/11976"}],"wp:attachment":[{"href":"https:\/\/www.yoroow.com\/es\/wp-json\/wp\/v2\/media?parent=11971"}],"wp:term":[{"taxonomy":"product_brand","embeddable":true,"href":"https:\/\/www.yoroow.com\/es\/wp-json\/wp\/v2\/product_brand?post=11971"},{"taxonomy":"product_cat","embeddable":true,"href":"https:\/\/www.yoroow.com\/es\/wp-json\/wp\/v2\/product_cat?post=11971"},{"taxonomy":"product_tag","embeddable":true,"href":"https:\/\/www.yoroow.com\/es\/wp-json\/wp\/v2\/product_tag?post=11971"}],"curies":[{"name":"wp","href":"https:\/\/api.w.org\/{rel}","templated":true}]}}