{"id":11820,"date":"2025-02-21T14:20:35","date_gmt":"2025-02-21T06:20:35","guid":{"rendered":"https:\/\/www.yoroow.com\/?post_type=product&#038;p=11820"},"modified":"2025-05-16T09:29:35","modified_gmt":"2025-05-16T01:29:35","slug":"nuevo-estilo-contemporaneo-monomando-monomando-de-pared-grifo-de-agua-fria-cromado","status":"publish","type":"product","link":"https:\/\/www.yoroow.com\/es\/detalle-del-producto\/nuevo-estilo-contemporaneo-monomando-monomando-de-pared-grifo-de-agua-fria-cromado\/","title":{"rendered":"Grifo monomando contempor\u00e1neo cromado grifo de cocina de dise\u00f1o moderno y grifo de manguera de lugar p\u00fablico grifo de agua montado en la pared"},"content":{"rendered":"<p>Grifo cromado monomando contempor\u00e1neo Grifo de cocina de dise\u00f1o moderno y grifo de manguera para lugares p\u00fablicos Grifo de agua montado en la pared Este grifo cromado combina un aspecto contempor\u00e1neo con una robusta utilidad, ideal tanto para uso en cocinas como en espacios p\u00fablicos como parques o lavabos colectivos. Su dise\u00f1o de montaje en pared y su monomando facilitan su manejo, mientras que el resistente material de aleaci\u00f3n de zinc garantiza una larga vida \u00fatil. Construido en una f\u00e1brica china especializada en grifer\u00eda con experiencia en normas de exportaci\u00f3n, este producto admite la personalizaci\u00f3n de marca y embalaje. Este modelo, que suele utilizarse en lavabos p\u00fablicos, escuelas o fregaderos exteriores, es muy apreciado en el sudeste asi\u00e1tico y Latinoam\u00e9rica por su fiabilidad y bajo coste de mantenimiento.<\/p>","protected":false},"excerpt":{"rendered":"<p>Grifo cromado monomando contempor\u00e1neo Grifo de cocina de dise\u00f1o moderno y grifo de manguera para lugares p\u00fablicos Grifo de agua montado en pared Este grifo cromado combina un aspecto contempor\u00e1neo con una robusta utilidad, ideal tanto para uso en cocina como en espacios p\u00fablicos como parques o lavabos colectivos. Su dise\u00f1o de montaje en pared y su monomando facilitan su manejo, mientras que la...<\/p>","protected":false},"featured_media":11829,"template":"","meta":{"_acf_changed":false,"_kad_post_transparent":"default","_kad_post_title":"","_kad_post_layout":"default","_kad_post_sidebar_id":"","_kad_post_content_style":"default","_kad_post_vertical_padding":"default","_kad_post_feature":"","_kad_post_feature_position":"","_kad_post_header":false,"_kad_post_footer":false},"product_brand":[],"product_cat":[217,1534],"product_tag":[1202,1253],"class_list":{"0":"post-11820","1":"product","2":"type-product","3":"status-publish","4":"has-post-thumbnail","6":"product_cat-water-tap","7":"product_cat-593sseries","8":"product_tag-kitchen-bibcock","9":"product_tag-public-place-hose-bib","11":"first","12":"instock","13":"shipping-taxable","14":"purchasable","15":"product-type-variable","16":"wvs-archive-product-wrapper","17":"entry","18":"content-bg","19":"loop-entry"},"acf":[],"yoast_head":"<!-- This site is optimized with the Yoast SEO Premium plugin v25.4 (Yoast SEO v27.0) - https:\/\/yoast.com\/product\/yoast-seo-premium-wordpress\/ -->\n<title>Contemporary Single-Handle Chrome Faucet Modern Design Kitchen Bibcock and Public Place Hose Tap Wall Mounted Water Bibcock - YOROOW<\/title>\n<meta name=\"description\" content=\"Contemporary single-handle chrome kitchen bibcock faucet for public places and hose tap use. Wall mounted, durable design. Chinese factory offers OEM customization and stable export logistics for South American and Southeast Asian customers.\" \/>\n<meta name=\"robots\" content=\"index, follow, max-snippet:-1, max-image-preview:large, max-video-preview:-1\" \/>\n<link rel=\"canonical\" href=\"https:\/\/www.yoroow.com\/es\/detalle-del-producto\/nuevo-estilo-contemporaneo-monomando-monomando-de-pared-grifo-de-agua-fria-cromado\/\" \/>\n<meta property=\"og:locale\" content=\"es_ES\" \/>\n<meta property=\"og:type\" content=\"article\" \/>\n<meta property=\"og:title\" content=\"Contemporary Single-Handle Chrome Faucet Modern Design Kitchen Bibcock and Public Place Hose Tap Wall Mounted Water Bibcock\" \/>\n<meta property=\"og:description\" content=\"Contemporary single-handle chrome kitchen bibcock faucet for public places and hose tap use. Wall mounted, durable design. Chinese factory offers OEM customization and stable export logistics for South American and Southeast Asian customers.\" \/>\n<meta property=\"og:url\" content=\"https:\/\/www.yoroow.com\/es\/detalle-del-producto\/nuevo-estilo-contemporaneo-monomando-monomando-de-pared-grifo-de-agua-fria-cromado\/\" \/>\n<meta property=\"og:site_name\" content=\"YOROOW\" \/>\n<meta property=\"article:publisher\" content=\"https:\/\/www.facebook.com\/people\/yoroowfaucetfactory\/61564236752362\/\" \/>\n<meta property=\"article:modified_time\" content=\"2025-05-16T01:29:35+00:00\" \/>\n<meta property=\"og:image\" content=\"https:\/\/www.yoroow.com\/wp-content\/uploads\/2025\/02\/\u5fae\u4fe1\u56fe\u7247_20221218100309.jpg\" \/>\n\t<meta property=\"og:image:width\" content=\"428\" \/>\n\t<meta property=\"og:image:height\" content=\"425\" \/>\n\t<meta property=\"og:image:type\" content=\"image\/jpeg\" \/>\n<meta name=\"twitter:card\" content=\"summary_large_image\" \/>\n<meta name=\"twitter:label1\" content=\"Tiempo de lectura\" \/>\n\t<meta name=\"twitter:data1\" content=\"1 minuto\" \/>\n<script type=\"application\/ld+json\" class=\"yoast-schema-graph\">{\"@context\":\"https:\/\/schema.org\",\"@graph\":[{\"@type\":\"WebPage\",\"@id\":\"https:\/\/www.yoroow.com\/es\/detalle-del-producto\/nuevo-estilo-contemporaneo-monomando-monomando-de-pared-grifo-de-agua-fria-cromado\/\",\"url\":\"https:\/\/www.yoroow.com\/es\/detalle-del-producto\/nuevo-estilo-contemporaneo-monomando-monomando-de-pared-grifo-de-agua-fria-cromado\/\",\"name\":\"Contemporary Single-Handle Chrome Faucet Modern Design Kitchen Bibcock and Public Place Hose Tap Wall Mounted Water Bibcock - YOROOW\",\"isPartOf\":{\"@id\":\"https:\/\/www.yoroow.com\/es\/#website\"},\"primaryImageOfPage\":{\"@id\":\"https:\/\/www.yoroow.com\/es\/detalle-del-producto\/nuevo-estilo-contemporaneo-monomando-monomando-de-pared-grifo-de-agua-fria-cromado\/#primaryimage\"},\"image\":{\"@id\":\"https:\/\/www.yoroow.com\/es\/detalle-del-producto\/nuevo-estilo-contemporaneo-monomando-monomando-de-pared-grifo-de-agua-fria-cromado\/#primaryimage\"},\"thumbnailUrl\":\"https:\/\/www.yoroow.com\/wp-content\/uploads\/2025\/02\/\u5fae\u4fe1\u56fe\u7247_20221218100309.jpg\",\"datePublished\":\"2025-02-21T06:20:35+00:00\",\"dateModified\":\"2025-05-16T01:29:35+00:00\",\"description\":\"Contemporary single-handle chrome kitchen bibcock faucet for public places and hose tap use. Wall mounted, durable design. Chinese factory offers OEM customization and stable export logistics for South American and Southeast Asian customers.\",\"breadcrumb\":{\"@id\":\"https:\/\/www.yoroow.com\/es\/detalle-del-producto\/nuevo-estilo-contemporaneo-monomando-monomando-de-pared-grifo-de-agua-fria-cromado\/#breadcrumb\"},\"inLanguage\":\"es\",\"potentialAction\":[{\"@type\":\"ReadAction\",\"target\":[\"https:\/\/www.yoroow.com\/es\/detalle-del-producto\/nuevo-estilo-contemporaneo-monomando-monomando-de-pared-grifo-de-agua-fria-cromado\/\"]}]},{\"@type\":\"ImageObject\",\"inLanguage\":\"es\",\"@id\":\"https:\/\/www.yoroow.com\/es\/detalle-del-producto\/nuevo-estilo-contemporaneo-monomando-monomando-de-pared-grifo-de-agua-fria-cromado\/#primaryimage\",\"url\":\"https:\/\/www.yoroow.com\/wp-content\/uploads\/2025\/02\/\u5fae\u4fe1\u56fe\u7247_20221218100309.jpg\",\"contentUrl\":\"https:\/\/www.yoroow.com\/wp-content\/uploads\/2025\/02\/\u5fae\u4fe1\u56fe\u7247_20221218100309.jpg\",\"width\":428,\"height\":425,\"caption\":\"Factory Direct Sales Economy 2-Way Tap for Washing Machine New Zinc Alloy Double Outlet Faucet with Extended Faucet for Mop Pool\"},{\"@type\":\"BreadcrumbList\",\"@id\":\"https:\/\/www.yoroow.com\/es\/detalle-del-producto\/nuevo-estilo-contemporaneo-monomando-monomando-de-pared-grifo-de-agua-fria-cromado\/#breadcrumb\",\"itemListElement\":[{\"@type\":\"ListItem\",\"position\":1,\"name\":\"home\",\"item\":\"https:\/\/www.yoroow.com\/\"},{\"@type\":\"ListItem\",\"position\":2,\"name\":\"Product\",\"item\":\"https:\/\/www.yoroow.com\/product\/\"},{\"@type\":\"ListItem\",\"position\":3,\"name\":\"Contemporary Single-Handle Chrome Faucet Modern Design Kitchen Bibcock and Public Place Hose Tap Wall Mounted Water Bibcock\"}]},{\"@type\":\"WebSite\",\"@id\":\"https:\/\/www.yoroow.com\/es\/#website\",\"url\":\"https:\/\/www.yoroow.com\/es\/\",\"name\":\"YOROOW\",\"description\":\"\",\"publisher\":{\"@id\":\"https:\/\/www.yoroow.com\/es\/#organization\"},\"potentialAction\":[{\"@type\":\"SearchAction\",\"target\":{\"@type\":\"EntryPoint\",\"urlTemplate\":\"https:\/\/www.yoroow.com\/es\/?s={search_term_string}\"},\"query-input\":{\"@type\":\"PropertyValueSpecification\",\"valueRequired\":true,\"valueName\":\"search_term_string\"}}],\"inLanguage\":\"es\"},{\"@type\":\"Organization\",\"@id\":\"https:\/\/www.yoroow.com\/es\/#organization\",\"name\":\"YOROOW\",\"url\":\"https:\/\/www.yoroow.com\/es\/\",\"logo\":{\"@type\":\"ImageObject\",\"inLanguage\":\"es\",\"@id\":\"https:\/\/www.yoroow.com\/es\/#\/schema\/logo\/image\/\",\"url\":\"https:\/\/www.yoroow.com\/wp-content\/uploads\/2024\/12\/2024123007131061.png\",\"contentUrl\":\"https:\/\/www.yoroow.com\/wp-content\/uploads\/2024\/12\/2024123007131061.png\",\"width\":168,\"height\":27,\"caption\":\"YOROOW\"},\"image\":{\"@id\":\"https:\/\/www.yoroow.com\/es\/#\/schema\/logo\/image\/\"},\"sameAs\":[\"https:\/\/www.facebook.com\/people\/yoroowfaucetfactory\/61564236752362\/\"]}]}<\/script>\n<!-- \/ Yoast SEO Premium plugin. -->","yoast_head_json":{"title":"Contemporary Single-Handle Chrome Faucet Modern Design Kitchen Bibcock and Public Place Hose Tap Wall Mounted Water Bibcock - YOROOW","description":"Contemporary single-handle chrome kitchen bibcock faucet for public places and hose tap use. Wall mounted, durable design. Chinese factory offers OEM customization and stable export logistics for South American and Southeast Asian customers.","robots":{"index":"index","follow":"follow","max-snippet":"max-snippet:-1","max-image-preview":"max-image-preview:large","max-video-preview":"max-video-preview:-1"},"canonical":"https:\/\/www.yoroow.com\/es\/detalle-del-producto\/nuevo-estilo-contemporaneo-monomando-monomando-de-pared-grifo-de-agua-fria-cromado\/","og_locale":"es_ES","og_type":"article","og_title":"Contemporary Single-Handle Chrome Faucet Modern Design Kitchen Bibcock and Public Place Hose Tap Wall Mounted Water Bibcock","og_description":"Contemporary single-handle chrome kitchen bibcock faucet for public places and hose tap use. Wall mounted, durable design. Chinese factory offers OEM customization and stable export logistics for South American and Southeast Asian customers.","og_url":"https:\/\/www.yoroow.com\/es\/detalle-del-producto\/nuevo-estilo-contemporaneo-monomando-monomando-de-pared-grifo-de-agua-fria-cromado\/","og_site_name":"YOROOW","article_publisher":"https:\/\/www.facebook.com\/people\/yoroowfaucetfactory\/61564236752362\/","article_modified_time":"2025-05-16T01:29:35+00:00","og_image":[{"width":428,"height":425,"url":"https:\/\/www.yoroow.com\/wp-content\/uploads\/2025\/02\/\u5fae\u4fe1\u56fe\u7247_20221218100309.jpg","type":"image\/jpeg"}],"twitter_card":"summary_large_image","twitter_misc":{"Tiempo de lectura":"1 minuto"},"schema":{"@context":"https:\/\/schema.org","@graph":[{"@type":"WebPage","@id":"https:\/\/www.yoroow.com\/es\/detalle-del-producto\/nuevo-estilo-contemporaneo-monomando-monomando-de-pared-grifo-de-agua-fria-cromado\/","url":"https:\/\/www.yoroow.com\/es\/detalle-del-producto\/nuevo-estilo-contemporaneo-monomando-monomando-de-pared-grifo-de-agua-fria-cromado\/","name":"Contemporary Single-Handle Chrome Faucet Modern Design Kitchen Bibcock and Public Place Hose Tap Wall Mounted Water Bibcock - YOROOW","isPartOf":{"@id":"https:\/\/www.yoroow.com\/es\/#website"},"primaryImageOfPage":{"@id":"https:\/\/www.yoroow.com\/es\/detalle-del-producto\/nuevo-estilo-contemporaneo-monomando-monomando-de-pared-grifo-de-agua-fria-cromado\/#primaryimage"},"image":{"@id":"https:\/\/www.yoroow.com\/es\/detalle-del-producto\/nuevo-estilo-contemporaneo-monomando-monomando-de-pared-grifo-de-agua-fria-cromado\/#primaryimage"},"thumbnailUrl":"https:\/\/www.yoroow.com\/wp-content\/uploads\/2025\/02\/\u5fae\u4fe1\u56fe\u7247_20221218100309.jpg","datePublished":"2025-02-21T06:20:35+00:00","dateModified":"2025-05-16T01:29:35+00:00","description":"Contemporary single-handle chrome kitchen bibcock faucet for public places and hose tap use. Wall mounted, durable design. Chinese factory offers OEM customization and stable export logistics for South American and Southeast Asian customers.","breadcrumb":{"@id":"https:\/\/www.yoroow.com\/es\/detalle-del-producto\/nuevo-estilo-contemporaneo-monomando-monomando-de-pared-grifo-de-agua-fria-cromado\/#breadcrumb"},"inLanguage":"es","potentialAction":[{"@type":"ReadAction","target":["https:\/\/www.yoroow.com\/es\/detalle-del-producto\/nuevo-estilo-contemporaneo-monomando-monomando-de-pared-grifo-de-agua-fria-cromado\/"]}]},{"@type":"ImageObject","inLanguage":"es","@id":"https:\/\/www.yoroow.com\/es\/detalle-del-producto\/nuevo-estilo-contemporaneo-monomando-monomando-de-pared-grifo-de-agua-fria-cromado\/#primaryimage","url":"https:\/\/www.yoroow.com\/wp-content\/uploads\/2025\/02\/\u5fae\u4fe1\u56fe\u7247_20221218100309.jpg","contentUrl":"https:\/\/www.yoroow.com\/wp-content\/uploads\/2025\/02\/\u5fae\u4fe1\u56fe\u7247_20221218100309.jpg","width":428,"height":425,"caption":"Factory Direct Sales Economy 2-Way Tap for Washing Machine New Zinc Alloy Double Outlet Faucet with Extended Faucet for Mop Pool"},{"@type":"BreadcrumbList","@id":"https:\/\/www.yoroow.com\/es\/detalle-del-producto\/nuevo-estilo-contemporaneo-monomando-monomando-de-pared-grifo-de-agua-fria-cromado\/#breadcrumb","itemListElement":[{"@type":"ListItem","position":1,"name":"home","item":"https:\/\/www.yoroow.com\/"},{"@type":"ListItem","position":2,"name":"Product","item":"https:\/\/www.yoroow.com\/product\/"},{"@type":"ListItem","position":3,"name":"Contemporary Single-Handle Chrome Faucet Modern Design Kitchen Bibcock and Public Place Hose Tap Wall Mounted Water Bibcock"}]},{"@type":"WebSite","@id":"https:\/\/www.yoroow.com\/es\/#website","url":"https:\/\/www.yoroow.com\/es\/","name":"YOROOW","description":"","publisher":{"@id":"https:\/\/www.yoroow.com\/es\/#organization"},"potentialAction":[{"@type":"SearchAction","target":{"@type":"EntryPoint","urlTemplate":"https:\/\/www.yoroow.com\/es\/?s={search_term_string}"},"query-input":{"@type":"PropertyValueSpecification","valueRequired":true,"valueName":"search_term_string"}}],"inLanguage":"es"},{"@type":"Organization","@id":"https:\/\/www.yoroow.com\/es\/#organization","name":"YOROOW","url":"https:\/\/www.yoroow.com\/es\/","logo":{"@type":"ImageObject","inLanguage":"es","@id":"https:\/\/www.yoroow.com\/es\/#\/schema\/logo\/image\/","url":"https:\/\/www.yoroow.com\/wp-content\/uploads\/2024\/12\/2024123007131061.png","contentUrl":"https:\/\/www.yoroow.com\/wp-content\/uploads\/2024\/12\/2024123007131061.png","width":168,"height":27,"caption":"YOROOW"},"image":{"@id":"https:\/\/www.yoroow.com\/es\/#\/schema\/logo\/image\/"},"sameAs":["https:\/\/www.facebook.com\/people\/yoroowfaucetfactory\/61564236752362\/"]}]}},"_links":{"self":[{"href":"https:\/\/www.yoroow.com\/es\/wp-json\/wp\/v2\/product\/11820","targetHints":{"allow":["GET"]}}],"collection":[{"href":"https:\/\/www.yoroow.com\/es\/wp-json\/wp\/v2\/product"}],"about":[{"href":"https:\/\/www.yoroow.com\/es\/wp-json\/wp\/v2\/types\/product"}],"wp:featuredmedia":[{"embeddable":true,"href":"https:\/\/www.yoroow.com\/es\/wp-json\/wp\/v2\/media\/11829"}],"wp:attachment":[{"href":"https:\/\/www.yoroow.com\/es\/wp-json\/wp\/v2\/media?parent=11820"}],"wp:term":[{"taxonomy":"product_brand","embeddable":true,"href":"https:\/\/www.yoroow.com\/es\/wp-json\/wp\/v2\/product_brand?post=11820"},{"taxonomy":"product_cat","embeddable":true,"href":"https:\/\/www.yoroow.com\/es\/wp-json\/wp\/v2\/product_cat?post=11820"},{"taxonomy":"product_tag","embeddable":true,"href":"https:\/\/www.yoroow.com\/es\/wp-json\/wp\/v2\/product_tag?post=11820"}],"curies":[{"name":"wp","href":"https:\/\/api.w.org\/{rel}","templated":true}]}}