{"id":11818,"date":"2025-02-21T14:07:02","date_gmt":"2025-02-21T06:07:02","guid":{"rendered":"https:\/\/www.yoroow.com\/?post_type=product&#038;p=11818"},"modified":"2025-05-16T09:29:15","modified_gmt":"2025-05-16T01:29:15","slug":"nuevo-producto-grifo-de-aleacion-de-zinc-grifo-extendido-adecuado-para-doble-salida-lavadora-y-fregona-piscina","status":"publish","type":"product","link":"https:\/\/www.yoroow.com\/es\/detalle-del-producto\/nuevo-producto-grifo-de-aleacion-de-zinc-grifo-extendido-adecuado-para-doble-salida-lavadora-y-fregona-piscina\/","title":{"rendered":"Las ventas directas de f\u00e1brica de Econom\u00eda de 2 v\u00edas grifo para lavadora de aleaci\u00f3n de zinc nuevo grifo de doble salida con grifo extendido para la fregona de la piscina"},"content":{"rendered":"<p>Venta directa de f\u00e1brica Grifo econ\u00f3mico de 2 v\u00edas para lavadora Nuevo grifo de aleaci\u00f3n de zinc de doble salida con grifo extendido para fregona Este grifo de 2 v\u00edas de doble salida est\u00e1 dise\u00f1ado para aplicaciones de lavadora y fregona, ofreciendo una soluci\u00f3n econ\u00f3mica para instalaciones dom\u00e9sticas. Fabricado en aleaci\u00f3n de zinc duradera, incluye una salida para manguera de lavadora y otra con ca\u00f1o extendido para limpieza con fregona, ahorrando espacio y aumentando la comodidad. El producto se suministra directamente de f\u00e1brica, lo que permite su personalizaci\u00f3n por parte de fabricantes de equipos originales en plazos muy breves. Su dise\u00f1o compacto y asequible lo convierten en una opci\u00f3n excelente para instalaciones de apartamentos, lavander\u00edas y zonas de servicios p\u00fablicos. La producci\u00f3n china garantiza un control de calidad fiable y una producci\u00f3n escalable para pedidos de gran volumen. Es muy popular en los mercados del sudeste asi\u00e1tico y Sudam\u00e9rica por su rentabilidad y su doble funcionalidad.<\/p>","protected":false},"excerpt":{"rendered":"<p>Venta directa de f\u00e1brica Grifo econ\u00f3mico de 2 v\u00edas para lavadora Nuevo grifo de aleaci\u00f3n de zinc de doble salida con grifo extendido para fregona Este grifo de 2 v\u00edas de doble salida est\u00e1 dise\u00f1ado para aplicaciones de lavadora y fregona, ofreciendo una soluci\u00f3n econ\u00f3mica para instalaciones dom\u00e9sticas. Fabricado en aleaci\u00f3n de zinc duradera, incluye una salida para lavadora...<\/p>","protected":false},"featured_media":11826,"template":"","meta":{"_acf_changed":false,"_kad_post_transparent":"default","_kad_post_title":"","_kad_post_layout":"default","_kad_post_sidebar_id":"","_kad_post_content_style":"default","_kad_post_vertical_padding":"default","_kad_post_feature":"","_kad_post_feature_position":"","_kad_post_header":false,"_kad_post_footer":false},"product_brand":[],"product_cat":[218,1534],"product_tag":[1304,1271],"class_list":{"0":"post-11818","1":"product","2":"type-product","3":"status-publish","4":"has-post-thumbnail","6":"product_cat-2-way-tap","7":"product_cat-593sseries","8":"product_tag-2-way-tap-for-economy","9":"product_tag-washing-machine-faucet-2-way-tap","11":"first","12":"instock","13":"shipping-taxable","14":"purchasable","15":"product-type-variable","16":"wvs-archive-product-wrapper","17":"entry","18":"content-bg","19":"loop-entry"},"acf":[],"yoast_head":"<!-- This site is optimized with the Yoast SEO Premium plugin v25.4 (Yoast SEO v27.0) - https:\/\/yoast.com\/product\/yoast-seo-premium-wordpress\/ -->\n<title>Factory Direct Sales Economy 2-Way Tap for Washing Machine New Zinc Alloy Double Outlet Faucet with Extended Faucet for Mop Pool - YOROOW<\/title>\n<meta name=\"description\" content=\"Economy 2-way tap for washing machines with new zinc alloy double outlet and extended faucet for mop pools. Cost-effective solution from Chinese factory with export readiness for South American and Southeast Asian markets.\" \/>\n<meta name=\"robots\" content=\"index, follow, max-snippet:-1, max-image-preview:large, max-video-preview:-1\" \/>\n<link rel=\"canonical\" href=\"https:\/\/www.yoroow.com\/es\/detalle-del-producto\/nuevo-producto-grifo-de-aleacion-de-zinc-grifo-extendido-adecuado-para-doble-salida-lavadora-y-fregona-piscina\/\" \/>\n<meta property=\"og:locale\" content=\"es_ES\" \/>\n<meta property=\"og:type\" content=\"article\" \/>\n<meta property=\"og:title\" content=\"Factory Direct Sales Economy 2-Way Tap for Washing Machine New Zinc Alloy Double Outlet Faucet with Extended Faucet for Mop Pool\" \/>\n<meta property=\"og:description\" content=\"Economy 2-way tap for washing machines with new zinc alloy double outlet and extended faucet for mop pools. Cost-effective solution from Chinese factory with export readiness for South American and Southeast Asian markets.\" \/>\n<meta property=\"og:url\" content=\"https:\/\/www.yoroow.com\/es\/detalle-del-producto\/nuevo-producto-grifo-de-aleacion-de-zinc-grifo-extendido-adecuado-para-doble-salida-lavadora-y-fregona-piscina\/\" \/>\n<meta property=\"og:site_name\" content=\"YOROOW\" \/>\n<meta property=\"article:publisher\" content=\"https:\/\/www.facebook.com\/people\/yoroowfaucetfactory\/61564236752362\/\" \/>\n<meta property=\"article:modified_time\" content=\"2025-05-16T01:29:15+00:00\" \/>\n<meta property=\"og:image\" content=\"https:\/\/www.yoroow.com\/wp-content\/uploads\/2025\/02\/Ha8cfe64796194f9e81a6757452cbbe36Y.jpg_960x960.webp.jpg\" \/>\n\t<meta property=\"og:image:width\" content=\"567\" \/>\n\t<meta property=\"og:image:height\" content=\"567\" \/>\n\t<meta property=\"og:image:type\" content=\"image\/jpeg\" \/>\n<meta name=\"twitter:card\" content=\"summary_large_image\" \/>\n<meta name=\"twitter:label1\" content=\"Tiempo de lectura\" \/>\n\t<meta name=\"twitter:data1\" content=\"1 minuto\" \/>\n<script type=\"application\/ld+json\" class=\"yoast-schema-graph\">{\"@context\":\"https:\/\/schema.org\",\"@graph\":[{\"@type\":\"WebPage\",\"@id\":\"https:\/\/www.yoroow.com\/es\/detalle-del-producto\/nuevo-producto-grifo-de-aleacion-de-zinc-grifo-extendido-adecuado-para-doble-salida-lavadora-y-fregona-piscina\/\",\"url\":\"https:\/\/www.yoroow.com\/es\/detalle-del-producto\/nuevo-producto-grifo-de-aleacion-de-zinc-grifo-extendido-adecuado-para-doble-salida-lavadora-y-fregona-piscina\/\",\"name\":\"Factory Direct Sales Economy 2-Way Tap for Washing Machine New Zinc Alloy Double Outlet Faucet with Extended Faucet for Mop Pool - YOROOW\",\"isPartOf\":{\"@id\":\"https:\/\/www.yoroow.com\/es\/#website\"},\"primaryImageOfPage\":{\"@id\":\"https:\/\/www.yoroow.com\/es\/detalle-del-producto\/nuevo-producto-grifo-de-aleacion-de-zinc-grifo-extendido-adecuado-para-doble-salida-lavadora-y-fregona-piscina\/#primaryimage\"},\"image\":{\"@id\":\"https:\/\/www.yoroow.com\/es\/detalle-del-producto\/nuevo-producto-grifo-de-aleacion-de-zinc-grifo-extendido-adecuado-para-doble-salida-lavadora-y-fregona-piscina\/#primaryimage\"},\"thumbnailUrl\":\"https:\/\/www.yoroow.com\/wp-content\/uploads\/2025\/02\/Ha8cfe64796194f9e81a6757452cbbe36Y.jpg_960x960.webp.jpg\",\"datePublished\":\"2025-02-21T06:07:02+00:00\",\"dateModified\":\"2025-05-16T01:29:15+00:00\",\"description\":\"Economy 2-way tap for washing machines with new zinc alloy double outlet and extended faucet for mop pools. Cost-effective solution from Chinese factory with export readiness for South American and Southeast Asian markets.\",\"breadcrumb\":{\"@id\":\"https:\/\/www.yoroow.com\/es\/detalle-del-producto\/nuevo-producto-grifo-de-aleacion-de-zinc-grifo-extendido-adecuado-para-doble-salida-lavadora-y-fregona-piscina\/#breadcrumb\"},\"inLanguage\":\"es\",\"potentialAction\":[{\"@type\":\"ReadAction\",\"target\":[\"https:\/\/www.yoroow.com\/es\/detalle-del-producto\/nuevo-producto-grifo-de-aleacion-de-zinc-grifo-extendido-adecuado-para-doble-salida-lavadora-y-fregona-piscina\/\"]}]},{\"@type\":\"ImageObject\",\"inLanguage\":\"es\",\"@id\":\"https:\/\/www.yoroow.com\/es\/detalle-del-producto\/nuevo-producto-grifo-de-aleacion-de-zinc-grifo-extendido-adecuado-para-doble-salida-lavadora-y-fregona-piscina\/#primaryimage\",\"url\":\"https:\/\/www.yoroow.com\/wp-content\/uploads\/2025\/02\/Ha8cfe64796194f9e81a6757452cbbe36Y.jpg_960x960.webp.jpg\",\"contentUrl\":\"https:\/\/www.yoroow.com\/wp-content\/uploads\/2025\/02\/Ha8cfe64796194f9e81a6757452cbbe36Y.jpg_960x960.webp.jpg\",\"width\":567,\"height\":567,\"caption\":\"Factory Direct Sales Economy 2-Way Tap for Washing Machine New Zinc Alloy Double Outlet Faucet with Extended Faucet for Mop Pool\"},{\"@type\":\"BreadcrumbList\",\"@id\":\"https:\/\/www.yoroow.com\/es\/detalle-del-producto\/nuevo-producto-grifo-de-aleacion-de-zinc-grifo-extendido-adecuado-para-doble-salida-lavadora-y-fregona-piscina\/#breadcrumb\",\"itemListElement\":[{\"@type\":\"ListItem\",\"position\":1,\"name\":\"home\",\"item\":\"https:\/\/www.yoroow.com\/\"},{\"@type\":\"ListItem\",\"position\":2,\"name\":\"Product\",\"item\":\"https:\/\/www.yoroow.com\/product\/\"},{\"@type\":\"ListItem\",\"position\":3,\"name\":\"Factory Direct Sales Economy 2-Way Tap for Washing Machine New Zinc Alloy Double Outlet Faucet with Extended Faucet for Mop Pool\"}]},{\"@type\":\"WebSite\",\"@id\":\"https:\/\/www.yoroow.com\/es\/#website\",\"url\":\"https:\/\/www.yoroow.com\/es\/\",\"name\":\"YOROOW\",\"description\":\"\",\"publisher\":{\"@id\":\"https:\/\/www.yoroow.com\/es\/#organization\"},\"potentialAction\":[{\"@type\":\"SearchAction\",\"target\":{\"@type\":\"EntryPoint\",\"urlTemplate\":\"https:\/\/www.yoroow.com\/es\/?s={search_term_string}\"},\"query-input\":{\"@type\":\"PropertyValueSpecification\",\"valueRequired\":true,\"valueName\":\"search_term_string\"}}],\"inLanguage\":\"es\"},{\"@type\":\"Organization\",\"@id\":\"https:\/\/www.yoroow.com\/es\/#organization\",\"name\":\"YOROOW\",\"url\":\"https:\/\/www.yoroow.com\/es\/\",\"logo\":{\"@type\":\"ImageObject\",\"inLanguage\":\"es\",\"@id\":\"https:\/\/www.yoroow.com\/es\/#\/schema\/logo\/image\/\",\"url\":\"https:\/\/www.yoroow.com\/wp-content\/uploads\/2024\/12\/2024123007131061.png\",\"contentUrl\":\"https:\/\/www.yoroow.com\/wp-content\/uploads\/2024\/12\/2024123007131061.png\",\"width\":168,\"height\":27,\"caption\":\"YOROOW\"},\"image\":{\"@id\":\"https:\/\/www.yoroow.com\/es\/#\/schema\/logo\/image\/\"},\"sameAs\":[\"https:\/\/www.facebook.com\/people\/yoroowfaucetfactory\/61564236752362\/\"]}]}<\/script>\n<!-- \/ Yoast SEO Premium plugin. -->","yoast_head_json":{"title":"Factory Direct Sales Economy 2-Way Tap for Washing Machine New Zinc Alloy Double Outlet Faucet with Extended Faucet for Mop Pool - YOROOW","description":"Economy 2-way tap for washing machines with new zinc alloy double outlet and extended faucet for mop pools. Cost-effective solution from Chinese factory with export readiness for South American and Southeast Asian markets.","robots":{"index":"index","follow":"follow","max-snippet":"max-snippet:-1","max-image-preview":"max-image-preview:large","max-video-preview":"max-video-preview:-1"},"canonical":"https:\/\/www.yoroow.com\/es\/detalle-del-producto\/nuevo-producto-grifo-de-aleacion-de-zinc-grifo-extendido-adecuado-para-doble-salida-lavadora-y-fregona-piscina\/","og_locale":"es_ES","og_type":"article","og_title":"Factory Direct Sales Economy 2-Way Tap for Washing Machine New Zinc Alloy Double Outlet Faucet with Extended Faucet for Mop Pool","og_description":"Economy 2-way tap for washing machines with new zinc alloy double outlet and extended faucet for mop pools. Cost-effective solution from Chinese factory with export readiness for South American and Southeast Asian markets.","og_url":"https:\/\/www.yoroow.com\/es\/detalle-del-producto\/nuevo-producto-grifo-de-aleacion-de-zinc-grifo-extendido-adecuado-para-doble-salida-lavadora-y-fregona-piscina\/","og_site_name":"YOROOW","article_publisher":"https:\/\/www.facebook.com\/people\/yoroowfaucetfactory\/61564236752362\/","article_modified_time":"2025-05-16T01:29:15+00:00","og_image":[{"width":567,"height":567,"url":"https:\/\/www.yoroow.com\/wp-content\/uploads\/2025\/02\/Ha8cfe64796194f9e81a6757452cbbe36Y.jpg_960x960.webp.jpg","type":"image\/jpeg"}],"twitter_card":"summary_large_image","twitter_misc":{"Tiempo de lectura":"1 minuto"},"schema":{"@context":"https:\/\/schema.org","@graph":[{"@type":"WebPage","@id":"https:\/\/www.yoroow.com\/es\/detalle-del-producto\/nuevo-producto-grifo-de-aleacion-de-zinc-grifo-extendido-adecuado-para-doble-salida-lavadora-y-fregona-piscina\/","url":"https:\/\/www.yoroow.com\/es\/detalle-del-producto\/nuevo-producto-grifo-de-aleacion-de-zinc-grifo-extendido-adecuado-para-doble-salida-lavadora-y-fregona-piscina\/","name":"Factory Direct Sales Economy 2-Way Tap for Washing Machine New Zinc Alloy Double Outlet Faucet with Extended Faucet for Mop Pool - YOROOW","isPartOf":{"@id":"https:\/\/www.yoroow.com\/es\/#website"},"primaryImageOfPage":{"@id":"https:\/\/www.yoroow.com\/es\/detalle-del-producto\/nuevo-producto-grifo-de-aleacion-de-zinc-grifo-extendido-adecuado-para-doble-salida-lavadora-y-fregona-piscina\/#primaryimage"},"image":{"@id":"https:\/\/www.yoroow.com\/es\/detalle-del-producto\/nuevo-producto-grifo-de-aleacion-de-zinc-grifo-extendido-adecuado-para-doble-salida-lavadora-y-fregona-piscina\/#primaryimage"},"thumbnailUrl":"https:\/\/www.yoroow.com\/wp-content\/uploads\/2025\/02\/Ha8cfe64796194f9e81a6757452cbbe36Y.jpg_960x960.webp.jpg","datePublished":"2025-02-21T06:07:02+00:00","dateModified":"2025-05-16T01:29:15+00:00","description":"Economy 2-way tap for washing machines with new zinc alloy double outlet and extended faucet for mop pools. Cost-effective solution from Chinese factory with export readiness for South American and Southeast Asian markets.","breadcrumb":{"@id":"https:\/\/www.yoroow.com\/es\/detalle-del-producto\/nuevo-producto-grifo-de-aleacion-de-zinc-grifo-extendido-adecuado-para-doble-salida-lavadora-y-fregona-piscina\/#breadcrumb"},"inLanguage":"es","potentialAction":[{"@type":"ReadAction","target":["https:\/\/www.yoroow.com\/es\/detalle-del-producto\/nuevo-producto-grifo-de-aleacion-de-zinc-grifo-extendido-adecuado-para-doble-salida-lavadora-y-fregona-piscina\/"]}]},{"@type":"ImageObject","inLanguage":"es","@id":"https:\/\/www.yoroow.com\/es\/detalle-del-producto\/nuevo-producto-grifo-de-aleacion-de-zinc-grifo-extendido-adecuado-para-doble-salida-lavadora-y-fregona-piscina\/#primaryimage","url":"https:\/\/www.yoroow.com\/wp-content\/uploads\/2025\/02\/Ha8cfe64796194f9e81a6757452cbbe36Y.jpg_960x960.webp.jpg","contentUrl":"https:\/\/www.yoroow.com\/wp-content\/uploads\/2025\/02\/Ha8cfe64796194f9e81a6757452cbbe36Y.jpg_960x960.webp.jpg","width":567,"height":567,"caption":"Factory Direct Sales Economy 2-Way Tap for Washing Machine New Zinc Alloy Double Outlet Faucet with Extended Faucet for Mop Pool"},{"@type":"BreadcrumbList","@id":"https:\/\/www.yoroow.com\/es\/detalle-del-producto\/nuevo-producto-grifo-de-aleacion-de-zinc-grifo-extendido-adecuado-para-doble-salida-lavadora-y-fregona-piscina\/#breadcrumb","itemListElement":[{"@type":"ListItem","position":1,"name":"home","item":"https:\/\/www.yoroow.com\/"},{"@type":"ListItem","position":2,"name":"Product","item":"https:\/\/www.yoroow.com\/product\/"},{"@type":"ListItem","position":3,"name":"Factory Direct Sales Economy 2-Way Tap for Washing Machine New Zinc Alloy Double Outlet Faucet with Extended Faucet for Mop Pool"}]},{"@type":"WebSite","@id":"https:\/\/www.yoroow.com\/es\/#website","url":"https:\/\/www.yoroow.com\/es\/","name":"YOROOW","description":"","publisher":{"@id":"https:\/\/www.yoroow.com\/es\/#organization"},"potentialAction":[{"@type":"SearchAction","target":{"@type":"EntryPoint","urlTemplate":"https:\/\/www.yoroow.com\/es\/?s={search_term_string}"},"query-input":{"@type":"PropertyValueSpecification","valueRequired":true,"valueName":"search_term_string"}}],"inLanguage":"es"},{"@type":"Organization","@id":"https:\/\/www.yoroow.com\/es\/#organization","name":"YOROOW","url":"https:\/\/www.yoroow.com\/es\/","logo":{"@type":"ImageObject","inLanguage":"es","@id":"https:\/\/www.yoroow.com\/es\/#\/schema\/logo\/image\/","url":"https:\/\/www.yoroow.com\/wp-content\/uploads\/2024\/12\/2024123007131061.png","contentUrl":"https:\/\/www.yoroow.com\/wp-content\/uploads\/2024\/12\/2024123007131061.png","width":168,"height":27,"caption":"YOROOW"},"image":{"@id":"https:\/\/www.yoroow.com\/es\/#\/schema\/logo\/image\/"},"sameAs":["https:\/\/www.facebook.com\/people\/yoroowfaucetfactory\/61564236752362\/"]}]}},"_links":{"self":[{"href":"https:\/\/www.yoroow.com\/es\/wp-json\/wp\/v2\/product\/11818","targetHints":{"allow":["GET"]}}],"collection":[{"href":"https:\/\/www.yoroow.com\/es\/wp-json\/wp\/v2\/product"}],"about":[{"href":"https:\/\/www.yoroow.com\/es\/wp-json\/wp\/v2\/types\/product"}],"wp:featuredmedia":[{"embeddable":true,"href":"https:\/\/www.yoroow.com\/es\/wp-json\/wp\/v2\/media\/11826"}],"wp:attachment":[{"href":"https:\/\/www.yoroow.com\/es\/wp-json\/wp\/v2\/media?parent=11818"}],"wp:term":[{"taxonomy":"product_brand","embeddable":true,"href":"https:\/\/www.yoroow.com\/es\/wp-json\/wp\/v2\/product_brand?post=11818"},{"taxonomy":"product_cat","embeddable":true,"href":"https:\/\/www.yoroow.com\/es\/wp-json\/wp\/v2\/product_cat?post=11818"},{"taxonomy":"product_tag","embeddable":true,"href":"https:\/\/www.yoroow.com\/es\/wp-json\/wp\/v2\/product_tag?post=11818"}],"curies":[{"name":"wp","href":"https:\/\/api.w.org\/{rel}","templated":true}]}}