{"id":11739,"date":"2025-02-21T10:56:03","date_gmt":"2025-02-21T02:56:03","guid":{"rendered":"https:\/\/www.yoroow.com\/?post_type=product&#038;p=11739"},"modified":"2025-05-16T09:27:40","modified_gmt":"2025-05-16T01:27:40","slug":"grifo-de-pared-de-agua-fria-de-alta-calidad-estilo-moderno-cuerpo-de-zinc-rapido-grifo-abierto-para-hotel","status":"publish","type":"product","link":"https:\/\/www.yoroow.com\/es\/detalle-del-producto\/grifo-de-pared-de-agua-fria-de-alta-calidad-estilo-moderno-cuerpo-de-zinc-rapido-grifo-abierto-para-hotel\/","title":{"rendered":"Grifo de pared de estilo moderno de alta calidad Grifo de cuerpo de zinc para hoteles Jardines Grifo de cuerpo largo de pl\u00e1stico Accesorios"},"content":{"rendered":"<p>El grifo de cocina Antique Single Cold con brazo largo es un grifo de inspiraci\u00f3n vintage dise\u00f1ado para cocinas de hoteles y apartamentos. Fabricado con lat\u00f3n de alta calidad y acabado con un revestimiento antiguo, a\u00f1ade un encanto atemporal a los dise\u00f1os de cocina tradicionales o r\u00fasticos. El brazo largo garantiza flexibilidad y facilidad de uso, ideal para fregaderos grandes o zonas que requieran un mayor alcance. Fabricado en China, este grifo se beneficia de las avanzadas t\u00e9cnicas de producci\u00f3n de YOROOW, que garantizan tanto su belleza como su durabilidad. Este grifo est\u00e1 ganando popularidad en los mercados sudamericanos y del sudeste asi\u00e1tico, donde los dise\u00f1os cl\u00e1sicos y vintage son cada vez m\u00e1s buscados por su est\u00e9tica \u00fanica.<\/p>","protected":false},"excerpt":{"rendered":"<p>El grifo de cocina Antique Single Cold con brazo largo es un grifo de inspiraci\u00f3n vintage dise\u00f1ado para cocinas de hoteles y apartamentos. Fabricado con lat\u00f3n de alta calidad y acabado con un revestimiento antiguo, a\u00f1ade un encanto atemporal a los dise\u00f1os de cocina tradicionales o r\u00fasticos. El brazo largo garantiza flexibilidad y facilidad de uso, ideal para fregaderos grandes o...<\/p>","protected":false},"featured_media":11752,"template":"","meta":{"_acf_changed":false,"_kad_post_transparent":"default","_kad_post_title":"","_kad_post_layout":"default","_kad_post_sidebar_id":"","_kad_post_content_style":"default","_kad_post_vertical_padding":"default","_kad_post_feature":"","_kad_post_feature_position":"","_kad_post_header":false,"_kad_post_footer":false},"product_brand":[],"product_cat":[217,1532],"product_tag":[1206,1200],"class_list":{"0":"post-11739","1":"product","2":"type-product","3":"status-publish","4":"has-post-thumbnail","6":"product_cat-water-tap","7":"product_cat-008sseries","8":"product_tag-garden-bibcock","9":"product_tag-long-body-plastic-bibcock-tap-for-bathroom-fitting","11":"first","12":"instock","13":"shipping-taxable","14":"purchasable","15":"product-type-variable","16":"wvs-archive-product-wrapper","17":"entry","18":"content-bg","19":"loop-entry"},"acf":[],"yoast_head":"<!-- This site is optimized with the Yoast SEO Premium plugin v25.4 (Yoast SEO v27.0) - https:\/\/yoast.com\/product\/yoast-seo-premium-wordpress\/ -->\n<title>High Quality Modern Style Wall Mount Tap Zinc Body Faucet for Hotels Gardens Long Body Plastic Faucet Accessories - YOROOW<\/title>\n<meta name=\"description\" content=\"High quality zinc body wall mount tap designed for hotels and gardens featuring a long plastic body and durable accessories. Ideal for outdoor garden bibcock use. Our Chinese factory ensures excellent quality control and competitive pricing, targeting South American and Southeast Asian markets.\" \/>\n<meta name=\"robots\" content=\"index, follow, max-snippet:-1, max-image-preview:large, max-video-preview:-1\" \/>\n<link rel=\"canonical\" href=\"https:\/\/www.yoroow.com\/es\/detalle-del-producto\/grifo-de-pared-de-agua-fria-de-alta-calidad-estilo-moderno-cuerpo-de-zinc-rapido-grifo-abierto-para-hotel\/\" \/>\n<meta property=\"og:locale\" content=\"es_ES\" \/>\n<meta property=\"og:type\" content=\"article\" \/>\n<meta property=\"og:title\" content=\"High Quality Modern Style Wall Mount Tap Zinc Body Faucet for Hotels Gardens Long Body Plastic Faucet Accessories\" \/>\n<meta property=\"og:description\" content=\"High quality zinc body wall mount tap designed for hotels and gardens featuring a long plastic body and durable accessories. Ideal for outdoor garden bibcock use. Our Chinese factory ensures excellent quality control and competitive pricing, targeting South American and Southeast Asian markets.\" \/>\n<meta property=\"og:url\" content=\"https:\/\/www.yoroow.com\/es\/detalle-del-producto\/grifo-de-pared-de-agua-fria-de-alta-calidad-estilo-moderno-cuerpo-de-zinc-rapido-grifo-abierto-para-hotel\/\" \/>\n<meta property=\"og:site_name\" content=\"YOROOW\" \/>\n<meta property=\"article:publisher\" content=\"https:\/\/www.facebook.com\/people\/yoroowfaucetfactory\/61564236752362\/\" \/>\n<meta property=\"article:modified_time\" content=\"2025-05-16T01:27:40+00:00\" \/>\n<meta property=\"og:image\" content=\"https:\/\/www.yoroow.com\/wp-content\/uploads\/2025\/02\/image-6.jpg\" \/>\n\t<meta property=\"og:image:width\" content=\"508\" \/>\n\t<meta property=\"og:image:height\" content=\"503\" \/>\n\t<meta property=\"og:image:type\" content=\"image\/jpeg\" \/>\n<meta name=\"twitter:card\" content=\"summary_large_image\" \/>\n<meta name=\"twitter:label1\" content=\"Tiempo de lectura\" \/>\n\t<meta name=\"twitter:data1\" content=\"1 minuto\" \/>\n<script type=\"application\/ld+json\" class=\"yoast-schema-graph\">{\"@context\":\"https:\/\/schema.org\",\"@graph\":[{\"@type\":\"WebPage\",\"@id\":\"https:\/\/www.yoroow.com\/es\/detalle-del-producto\/grifo-de-pared-de-agua-fria-de-alta-calidad-estilo-moderno-cuerpo-de-zinc-rapido-grifo-abierto-para-hotel\/\",\"url\":\"https:\/\/www.yoroow.com\/es\/detalle-del-producto\/grifo-de-pared-de-agua-fria-de-alta-calidad-estilo-moderno-cuerpo-de-zinc-rapido-grifo-abierto-para-hotel\/\",\"name\":\"High Quality Modern Style Wall Mount Tap Zinc Body Faucet for Hotels Gardens Long Body Plastic Faucet Accessories - YOROOW\",\"isPartOf\":{\"@id\":\"https:\/\/www.yoroow.com\/es\/#website\"},\"primaryImageOfPage\":{\"@id\":\"https:\/\/www.yoroow.com\/es\/detalle-del-producto\/grifo-de-pared-de-agua-fria-de-alta-calidad-estilo-moderno-cuerpo-de-zinc-rapido-grifo-abierto-para-hotel\/#primaryimage\"},\"image\":{\"@id\":\"https:\/\/www.yoroow.com\/es\/detalle-del-producto\/grifo-de-pared-de-agua-fria-de-alta-calidad-estilo-moderno-cuerpo-de-zinc-rapido-grifo-abierto-para-hotel\/#primaryimage\"},\"thumbnailUrl\":\"https:\/\/www.yoroow.com\/wp-content\/uploads\/2025\/02\/image-6.jpg\",\"datePublished\":\"2025-02-21T02:56:03+00:00\",\"dateModified\":\"2025-05-16T01:27:40+00:00\",\"description\":\"High quality zinc body wall mount tap designed for hotels and gardens featuring a long plastic body and durable accessories. Ideal for outdoor garden bibcock use. Our Chinese factory ensures excellent quality control and competitive pricing, targeting South American and Southeast Asian markets.\",\"breadcrumb\":{\"@id\":\"https:\/\/www.yoroow.com\/es\/detalle-del-producto\/grifo-de-pared-de-agua-fria-de-alta-calidad-estilo-moderno-cuerpo-de-zinc-rapido-grifo-abierto-para-hotel\/#breadcrumb\"},\"inLanguage\":\"es\",\"potentialAction\":[{\"@type\":\"ReadAction\",\"target\":[\"https:\/\/www.yoroow.com\/es\/detalle-del-producto\/grifo-de-pared-de-agua-fria-de-alta-calidad-estilo-moderno-cuerpo-de-zinc-rapido-grifo-abierto-para-hotel\/\"]}]},{\"@type\":\"ImageObject\",\"inLanguage\":\"es\",\"@id\":\"https:\/\/www.yoroow.com\/es\/detalle-del-producto\/grifo-de-pared-de-agua-fria-de-alta-calidad-estilo-moderno-cuerpo-de-zinc-rapido-grifo-abierto-para-hotel\/#primaryimage\",\"url\":\"https:\/\/www.yoroow.com\/wp-content\/uploads\/2025\/02\/image-6.jpg\",\"contentUrl\":\"https:\/\/www.yoroow.com\/wp-content\/uploads\/2025\/02\/image-6.jpg\",\"width\":508,\"height\":503,\"caption\":\"High Quality Modern Style Wall Mount Tap Zinc Body Faucet for Hotels Gardens Long Body Plastic Faucet Accessories\"},{\"@type\":\"BreadcrumbList\",\"@id\":\"https:\/\/www.yoroow.com\/es\/detalle-del-producto\/grifo-de-pared-de-agua-fria-de-alta-calidad-estilo-moderno-cuerpo-de-zinc-rapido-grifo-abierto-para-hotel\/#breadcrumb\",\"itemListElement\":[{\"@type\":\"ListItem\",\"position\":1,\"name\":\"home\",\"item\":\"https:\/\/www.yoroow.com\/\"},{\"@type\":\"ListItem\",\"position\":2,\"name\":\"Product\",\"item\":\"https:\/\/www.yoroow.com\/product\/\"},{\"@type\":\"ListItem\",\"position\":3,\"name\":\"High Quality Modern Style Wall Mount Tap Zinc Body Faucet for Hotels Gardens Long Body Plastic Faucet Accessories\"}]},{\"@type\":\"WebSite\",\"@id\":\"https:\/\/www.yoroow.com\/es\/#website\",\"url\":\"https:\/\/www.yoroow.com\/es\/\",\"name\":\"YOROOW\",\"description\":\"\",\"publisher\":{\"@id\":\"https:\/\/www.yoroow.com\/es\/#organization\"},\"potentialAction\":[{\"@type\":\"SearchAction\",\"target\":{\"@type\":\"EntryPoint\",\"urlTemplate\":\"https:\/\/www.yoroow.com\/es\/?s={search_term_string}\"},\"query-input\":{\"@type\":\"PropertyValueSpecification\",\"valueRequired\":true,\"valueName\":\"search_term_string\"}}],\"inLanguage\":\"es\"},{\"@type\":\"Organization\",\"@id\":\"https:\/\/www.yoroow.com\/es\/#organization\",\"name\":\"YOROOW\",\"url\":\"https:\/\/www.yoroow.com\/es\/\",\"logo\":{\"@type\":\"ImageObject\",\"inLanguage\":\"es\",\"@id\":\"https:\/\/www.yoroow.com\/es\/#\/schema\/logo\/image\/\",\"url\":\"https:\/\/www.yoroow.com\/wp-content\/uploads\/2024\/12\/2024123007131061.png\",\"contentUrl\":\"https:\/\/www.yoroow.com\/wp-content\/uploads\/2024\/12\/2024123007131061.png\",\"width\":168,\"height\":27,\"caption\":\"YOROOW\"},\"image\":{\"@id\":\"https:\/\/www.yoroow.com\/es\/#\/schema\/logo\/image\/\"},\"sameAs\":[\"https:\/\/www.facebook.com\/people\/yoroowfaucetfactory\/61564236752362\/\"]}]}<\/script>\n<!-- \/ Yoast SEO Premium plugin. -->","yoast_head_json":{"title":"High Quality Modern Style Wall Mount Tap Zinc Body Faucet for Hotels Gardens Long Body Plastic Faucet Accessories - YOROOW","description":"High quality zinc body wall mount tap designed for hotels and gardens featuring a long plastic body and durable accessories. Ideal for outdoor garden bibcock use. Our Chinese factory ensures excellent quality control and competitive pricing, targeting South American and Southeast Asian markets.","robots":{"index":"index","follow":"follow","max-snippet":"max-snippet:-1","max-image-preview":"max-image-preview:large","max-video-preview":"max-video-preview:-1"},"canonical":"https:\/\/www.yoroow.com\/es\/detalle-del-producto\/grifo-de-pared-de-agua-fria-de-alta-calidad-estilo-moderno-cuerpo-de-zinc-rapido-grifo-abierto-para-hotel\/","og_locale":"es_ES","og_type":"article","og_title":"High Quality Modern Style Wall Mount Tap Zinc Body Faucet for Hotels Gardens Long Body Plastic Faucet Accessories","og_description":"High quality zinc body wall mount tap designed for hotels and gardens featuring a long plastic body and durable accessories. Ideal for outdoor garden bibcock use. Our Chinese factory ensures excellent quality control and competitive pricing, targeting South American and Southeast Asian markets.","og_url":"https:\/\/www.yoroow.com\/es\/detalle-del-producto\/grifo-de-pared-de-agua-fria-de-alta-calidad-estilo-moderno-cuerpo-de-zinc-rapido-grifo-abierto-para-hotel\/","og_site_name":"YOROOW","article_publisher":"https:\/\/www.facebook.com\/people\/yoroowfaucetfactory\/61564236752362\/","article_modified_time":"2025-05-16T01:27:40+00:00","og_image":[{"width":508,"height":503,"url":"https:\/\/www.yoroow.com\/wp-content\/uploads\/2025\/02\/image-6.jpg","type":"image\/jpeg"}],"twitter_card":"summary_large_image","twitter_misc":{"Tiempo de lectura":"1 minuto"},"schema":{"@context":"https:\/\/schema.org","@graph":[{"@type":"WebPage","@id":"https:\/\/www.yoroow.com\/es\/detalle-del-producto\/grifo-de-pared-de-agua-fria-de-alta-calidad-estilo-moderno-cuerpo-de-zinc-rapido-grifo-abierto-para-hotel\/","url":"https:\/\/www.yoroow.com\/es\/detalle-del-producto\/grifo-de-pared-de-agua-fria-de-alta-calidad-estilo-moderno-cuerpo-de-zinc-rapido-grifo-abierto-para-hotel\/","name":"High Quality Modern Style Wall Mount Tap Zinc Body Faucet for Hotels Gardens Long Body Plastic Faucet Accessories - YOROOW","isPartOf":{"@id":"https:\/\/www.yoroow.com\/es\/#website"},"primaryImageOfPage":{"@id":"https:\/\/www.yoroow.com\/es\/detalle-del-producto\/grifo-de-pared-de-agua-fria-de-alta-calidad-estilo-moderno-cuerpo-de-zinc-rapido-grifo-abierto-para-hotel\/#primaryimage"},"image":{"@id":"https:\/\/www.yoroow.com\/es\/detalle-del-producto\/grifo-de-pared-de-agua-fria-de-alta-calidad-estilo-moderno-cuerpo-de-zinc-rapido-grifo-abierto-para-hotel\/#primaryimage"},"thumbnailUrl":"https:\/\/www.yoroow.com\/wp-content\/uploads\/2025\/02\/image-6.jpg","datePublished":"2025-02-21T02:56:03+00:00","dateModified":"2025-05-16T01:27:40+00:00","description":"High quality zinc body wall mount tap designed for hotels and gardens featuring a long plastic body and durable accessories. Ideal for outdoor garden bibcock use. Our Chinese factory ensures excellent quality control and competitive pricing, targeting South American and Southeast Asian markets.","breadcrumb":{"@id":"https:\/\/www.yoroow.com\/es\/detalle-del-producto\/grifo-de-pared-de-agua-fria-de-alta-calidad-estilo-moderno-cuerpo-de-zinc-rapido-grifo-abierto-para-hotel\/#breadcrumb"},"inLanguage":"es","potentialAction":[{"@type":"ReadAction","target":["https:\/\/www.yoroow.com\/es\/detalle-del-producto\/grifo-de-pared-de-agua-fria-de-alta-calidad-estilo-moderno-cuerpo-de-zinc-rapido-grifo-abierto-para-hotel\/"]}]},{"@type":"ImageObject","inLanguage":"es","@id":"https:\/\/www.yoroow.com\/es\/detalle-del-producto\/grifo-de-pared-de-agua-fria-de-alta-calidad-estilo-moderno-cuerpo-de-zinc-rapido-grifo-abierto-para-hotel\/#primaryimage","url":"https:\/\/www.yoroow.com\/wp-content\/uploads\/2025\/02\/image-6.jpg","contentUrl":"https:\/\/www.yoroow.com\/wp-content\/uploads\/2025\/02\/image-6.jpg","width":508,"height":503,"caption":"High Quality Modern Style Wall Mount Tap Zinc Body Faucet for Hotels Gardens Long Body Plastic Faucet Accessories"},{"@type":"BreadcrumbList","@id":"https:\/\/www.yoroow.com\/es\/detalle-del-producto\/grifo-de-pared-de-agua-fria-de-alta-calidad-estilo-moderno-cuerpo-de-zinc-rapido-grifo-abierto-para-hotel\/#breadcrumb","itemListElement":[{"@type":"ListItem","position":1,"name":"home","item":"https:\/\/www.yoroow.com\/"},{"@type":"ListItem","position":2,"name":"Product","item":"https:\/\/www.yoroow.com\/product\/"},{"@type":"ListItem","position":3,"name":"High Quality Modern Style Wall Mount Tap Zinc Body Faucet for Hotels Gardens Long Body Plastic Faucet Accessories"}]},{"@type":"WebSite","@id":"https:\/\/www.yoroow.com\/es\/#website","url":"https:\/\/www.yoroow.com\/es\/","name":"YOROOW","description":"","publisher":{"@id":"https:\/\/www.yoroow.com\/es\/#organization"},"potentialAction":[{"@type":"SearchAction","target":{"@type":"EntryPoint","urlTemplate":"https:\/\/www.yoroow.com\/es\/?s={search_term_string}"},"query-input":{"@type":"PropertyValueSpecification","valueRequired":true,"valueName":"search_term_string"}}],"inLanguage":"es"},{"@type":"Organization","@id":"https:\/\/www.yoroow.com\/es\/#organization","name":"YOROOW","url":"https:\/\/www.yoroow.com\/es\/","logo":{"@type":"ImageObject","inLanguage":"es","@id":"https:\/\/www.yoroow.com\/es\/#\/schema\/logo\/image\/","url":"https:\/\/www.yoroow.com\/wp-content\/uploads\/2024\/12\/2024123007131061.png","contentUrl":"https:\/\/www.yoroow.com\/wp-content\/uploads\/2024\/12\/2024123007131061.png","width":168,"height":27,"caption":"YOROOW"},"image":{"@id":"https:\/\/www.yoroow.com\/es\/#\/schema\/logo\/image\/"},"sameAs":["https:\/\/www.facebook.com\/people\/yoroowfaucetfactory\/61564236752362\/"]}]}},"_links":{"self":[{"href":"https:\/\/www.yoroow.com\/es\/wp-json\/wp\/v2\/product\/11739","targetHints":{"allow":["GET"]}}],"collection":[{"href":"https:\/\/www.yoroow.com\/es\/wp-json\/wp\/v2\/product"}],"about":[{"href":"https:\/\/www.yoroow.com\/es\/wp-json\/wp\/v2\/types\/product"}],"wp:featuredmedia":[{"embeddable":true,"href":"https:\/\/www.yoroow.com\/es\/wp-json\/wp\/v2\/media\/11752"}],"wp:attachment":[{"href":"https:\/\/www.yoroow.com\/es\/wp-json\/wp\/v2\/media?parent=11739"}],"wp:term":[{"taxonomy":"product_brand","embeddable":true,"href":"https:\/\/www.yoroow.com\/es\/wp-json\/wp\/v2\/product_brand?post=11739"},{"taxonomy":"product_cat","embeddable":true,"href":"https:\/\/www.yoroow.com\/es\/wp-json\/wp\/v2\/product_cat?post=11739"},{"taxonomy":"product_tag","embeddable":true,"href":"https:\/\/www.yoroow.com\/es\/wp-json\/wp\/v2\/product_tag?post=11739"}],"curies":[{"name":"wp","href":"https:\/\/api.w.org\/{rel}","templated":true}]}}