{"id":11601,"date":"2025-02-20T16:55:57","date_gmt":"2025-02-20T08:55:57","guid":{"rendered":"https:\/\/www.yoroow.com\/?post_type=product&#038;p=11601"},"modified":"2025-05-16T09:25:33","modified_gmt":"2025-05-16T01:25:33","slug":"buena-calidad-grifo-de-cocina-grifo-de-niquel-cepillo-de-lujo-grifo-de-cocina-para-el-grifo-del-fregadero-del-hotel","status":"publish","type":"product","link":"https:\/\/www.yoroow.com\/es\/detalle-del-producto\/buena-calidad-grifo-de-cocina-grifo-de-niquel-cepillo-de-lujo-grifo-de-cocina-para-el-grifo-del-fregadero-del-hotel\/","title":{"rendered":"Grifo de cocina de lujo de alta calidad Grifo de fregadero de oro de un solo fr\u00edo Grifo de hotel de n\u00edquel cepillado de calidad Grifo de cocina de grifo"},"content":{"rendered":"<p>El grifo de cocina de lujo de alta calidad en dorado es un sofisticado grifo de fregadero que cuenta con un \u00fanico mando de agua fr\u00eda y un lujoso acabado dorado. Este grifo es ideal para cocinas de hoteles, apartamentos residenciales de lujo y restaurantes de lujo. Su construcci\u00f3n en n\u00edquel cepillado garantiza su durabilidad, y su suave funcionamiento lo hace perfecto para zonas de mucho uso. Dise\u00f1ado por el experto equipo de I+D de YOROOW en China, este grifo muestra el compromiso de la empresa con la fabricaci\u00f3n de calidad. El tono dorado del grifo a\u00f1ade un toque de elegancia a cualquier cocina, y su dise\u00f1o de alta gama atrae la creciente demanda de los mercados sudamericanos y del sudeste asi\u00e1tico, donde los accesorios de cocina de lujo son cada vez m\u00e1s populares.<\/p>","protected":false},"excerpt":{"rendered":"<p>El grifo de cocina de lujo de alta calidad en dorado es un sofisticado grifo de fregadero que cuenta con un \u00fanico mando de agua fr\u00eda y un lujoso acabado dorado. Este grifo es ideal para cocinas de hoteles, apartamentos residenciales de lujo y restaurantes de lujo. Su construcci\u00f3n en n\u00edquel cepillado garantiza su durabilidad, y su suave funcionamiento lo hace perfecto para zonas de mucho uso. Dise\u00f1ado por...<\/p>","protected":false},"featured_media":11539,"template":"","meta":{"_acf_changed":false,"_kad_post_transparent":"default","_kad_post_title":"","_kad_post_layout":"default","_kad_post_sidebar_id":"","_kad_post_content_style":"default","_kad_post_vertical_padding":"default","_kad_post_feature":"","_kad_post_feature_position":"","_kad_post_header":false,"_kad_post_footer":false},"product_brand":[],"product_cat":[221],"product_tag":[3278,3269],"class_list":{"0":"post-11601","1":"product","2":"type-product","3":"status-publish","4":"has-post-thumbnail","6":"product_cat-single-cold-kitchen-faucet-kitchen-faucet","7":"product_tag-high-quality-kitchen-faucet","8":"product_tag-kitchen-gold-faucet","10":"first","11":"instock","12":"shipping-taxable","13":"purchasable","14":"product-type-variable","15":"wvs-archive-product-wrapper","16":"entry","17":"content-bg","18":"loop-entry"},"acf":[],"yoast_head":"<!-- This site is optimized with the Yoast SEO Premium plugin v25.4 (Yoast SEO v27.0) - https:\/\/yoast.com\/product\/yoast-seo-premium-wordpress\/ -->\n<title>High Quality Luxury Kitchen Faucet Gold Single Cold Sink Faucet Quality Brush Nickel Hotel Tap Kitchen Faucet Tap - YOROOW<\/title>\n<meta name=\"description\" content=\"High-quality gold single cold kitchen faucet with brushed nickel finish perfect for upscale hotels. China manufacturing offers precision and reliable supply chain for Latin American and Southeast Asian customers.\" \/>\n<meta name=\"robots\" content=\"index, follow, max-snippet:-1, max-image-preview:large, max-video-preview:-1\" \/>\n<link rel=\"canonical\" href=\"https:\/\/www.yoroow.com\/es\/detalle-del-producto\/buena-calidad-grifo-de-cocina-grifo-de-niquel-cepillo-de-lujo-grifo-de-cocina-para-el-grifo-del-fregadero-del-hotel\/\" \/>\n<meta property=\"og:locale\" content=\"es_ES\" \/>\n<meta property=\"og:type\" content=\"article\" \/>\n<meta property=\"og:title\" content=\"High Quality Luxury Kitchen Faucet Gold Single Cold Sink Faucet Quality Brush Nickel Hotel Tap Kitchen Faucet Tap\" \/>\n<meta property=\"og:description\" content=\"High-quality gold single cold kitchen faucet with brushed nickel finish perfect for upscale hotels. China manufacturing offers precision and reliable supply chain for Latin American and Southeast Asian customers.\" \/>\n<meta property=\"og:url\" content=\"https:\/\/www.yoroow.com\/es\/detalle-del-producto\/buena-calidad-grifo-de-cocina-grifo-de-niquel-cepillo-de-lujo-grifo-de-cocina-para-el-grifo-del-fregadero-del-hotel\/\" \/>\n<meta property=\"og:site_name\" content=\"YOROOW\" \/>\n<meta property=\"article:publisher\" content=\"https:\/\/www.facebook.com\/people\/yoroowfaucetfactory\/61564236752362\/\" \/>\n<meta property=\"article:modified_time\" content=\"2025-05-16T01:25:33+00:00\" \/>\n<meta property=\"og:image\" content=\"https:\/\/www.yoroow.com\/wp-content\/uploads\/2025\/02\/4-4.jpg\" \/>\n\t<meta property=\"og:image:width\" content=\"626\" \/>\n\t<meta property=\"og:image:height\" content=\"626\" \/>\n\t<meta property=\"og:image:type\" content=\"image\/jpeg\" \/>\n<meta name=\"twitter:card\" content=\"summary_large_image\" \/>\n<meta name=\"twitter:label1\" content=\"Tiempo de lectura\" \/>\n\t<meta name=\"twitter:data1\" content=\"1 minuto\" \/>\n<script type=\"application\/ld+json\" class=\"yoast-schema-graph\">{\"@context\":\"https:\/\/schema.org\",\"@graph\":[{\"@type\":\"WebPage\",\"@id\":\"https:\/\/www.yoroow.com\/es\/detalle-del-producto\/buena-calidad-grifo-de-cocina-grifo-de-niquel-cepillo-de-lujo-grifo-de-cocina-para-el-grifo-del-fregadero-del-hotel\/\",\"url\":\"https:\/\/www.yoroow.com\/es\/detalle-del-producto\/buena-calidad-grifo-de-cocina-grifo-de-niquel-cepillo-de-lujo-grifo-de-cocina-para-el-grifo-del-fregadero-del-hotel\/\",\"name\":\"High Quality Luxury Kitchen Faucet Gold Single Cold Sink Faucet Quality Brush Nickel Hotel Tap Kitchen Faucet Tap - YOROOW\",\"isPartOf\":{\"@id\":\"https:\/\/www.yoroow.com\/es\/#website\"},\"primaryImageOfPage\":{\"@id\":\"https:\/\/www.yoroow.com\/es\/detalle-del-producto\/buena-calidad-grifo-de-cocina-grifo-de-niquel-cepillo-de-lujo-grifo-de-cocina-para-el-grifo-del-fregadero-del-hotel\/#primaryimage\"},\"image\":{\"@id\":\"https:\/\/www.yoroow.com\/es\/detalle-del-producto\/buena-calidad-grifo-de-cocina-grifo-de-niquel-cepillo-de-lujo-grifo-de-cocina-para-el-grifo-del-fregadero-del-hotel\/#primaryimage\"},\"thumbnailUrl\":\"https:\/\/www.yoroow.com\/wp-content\/uploads\/2025\/02\/4-4.jpg\",\"datePublished\":\"2025-02-20T08:55:57+00:00\",\"dateModified\":\"2025-05-16T01:25:33+00:00\",\"description\":\"High-quality gold single cold kitchen faucet with brushed nickel finish perfect for upscale hotels. China manufacturing offers precision and reliable supply chain for Latin American and Southeast Asian customers.\",\"breadcrumb\":{\"@id\":\"https:\/\/www.yoroow.com\/es\/detalle-del-producto\/buena-calidad-grifo-de-cocina-grifo-de-niquel-cepillo-de-lujo-grifo-de-cocina-para-el-grifo-del-fregadero-del-hotel\/#breadcrumb\"},\"inLanguage\":\"es\",\"potentialAction\":[{\"@type\":\"ReadAction\",\"target\":[\"https:\/\/www.yoroow.com\/es\/detalle-del-producto\/buena-calidad-grifo-de-cocina-grifo-de-niquel-cepillo-de-lujo-grifo-de-cocina-para-el-grifo-del-fregadero-del-hotel\/\"]}]},{\"@type\":\"ImageObject\",\"inLanguage\":\"es\",\"@id\":\"https:\/\/www.yoroow.com\/es\/detalle-del-producto\/buena-calidad-grifo-de-cocina-grifo-de-niquel-cepillo-de-lujo-grifo-de-cocina-para-el-grifo-del-fregadero-del-hotel\/#primaryimage\",\"url\":\"https:\/\/www.yoroow.com\/wp-content\/uploads\/2025\/02\/4-4.jpg\",\"contentUrl\":\"https:\/\/www.yoroow.com\/wp-content\/uploads\/2025\/02\/4-4.jpg\",\"width\":626,\"height\":626,\"caption\":\"Best Selling Wall Mounted Single Lever Kitchen Tap Commercial Kitchen Faucet with Zinc Sink Single Cold Gourmet Faucet\"},{\"@type\":\"BreadcrumbList\",\"@id\":\"https:\/\/www.yoroow.com\/es\/detalle-del-producto\/buena-calidad-grifo-de-cocina-grifo-de-niquel-cepillo-de-lujo-grifo-de-cocina-para-el-grifo-del-fregadero-del-hotel\/#breadcrumb\",\"itemListElement\":[{\"@type\":\"ListItem\",\"position\":1,\"name\":\"home\",\"item\":\"https:\/\/www.yoroow.com\/\"},{\"@type\":\"ListItem\",\"position\":2,\"name\":\"Product\",\"item\":\"https:\/\/www.yoroow.com\/product\/\"},{\"@type\":\"ListItem\",\"position\":3,\"name\":\"High Quality Luxury Kitchen Faucet Gold Single Cold Sink Faucet Quality Brush Nickel Hotel Tap Kitchen Faucet Tap\"}]},{\"@type\":\"WebSite\",\"@id\":\"https:\/\/www.yoroow.com\/es\/#website\",\"url\":\"https:\/\/www.yoroow.com\/es\/\",\"name\":\"YOROOW\",\"description\":\"\",\"publisher\":{\"@id\":\"https:\/\/www.yoroow.com\/es\/#organization\"},\"potentialAction\":[{\"@type\":\"SearchAction\",\"target\":{\"@type\":\"EntryPoint\",\"urlTemplate\":\"https:\/\/www.yoroow.com\/es\/?s={search_term_string}\"},\"query-input\":{\"@type\":\"PropertyValueSpecification\",\"valueRequired\":true,\"valueName\":\"search_term_string\"}}],\"inLanguage\":\"es\"},{\"@type\":\"Organization\",\"@id\":\"https:\/\/www.yoroow.com\/es\/#organization\",\"name\":\"YOROOW\",\"url\":\"https:\/\/www.yoroow.com\/es\/\",\"logo\":{\"@type\":\"ImageObject\",\"inLanguage\":\"es\",\"@id\":\"https:\/\/www.yoroow.com\/es\/#\/schema\/logo\/image\/\",\"url\":\"https:\/\/www.yoroow.com\/wp-content\/uploads\/2024\/12\/2024123007131061.png\",\"contentUrl\":\"https:\/\/www.yoroow.com\/wp-content\/uploads\/2024\/12\/2024123007131061.png\",\"width\":168,\"height\":27,\"caption\":\"YOROOW\"},\"image\":{\"@id\":\"https:\/\/www.yoroow.com\/es\/#\/schema\/logo\/image\/\"},\"sameAs\":[\"https:\/\/www.facebook.com\/people\/yoroowfaucetfactory\/61564236752362\/\"]}]}<\/script>\n<!-- \/ Yoast SEO Premium plugin. -->","yoast_head_json":{"title":"High Quality Luxury Kitchen Faucet Gold Single Cold Sink Faucet Quality Brush Nickel Hotel Tap Kitchen Faucet Tap - YOROOW","description":"High-quality gold single cold kitchen faucet with brushed nickel finish perfect for upscale hotels. China manufacturing offers precision and reliable supply chain for Latin American and Southeast Asian customers.","robots":{"index":"index","follow":"follow","max-snippet":"max-snippet:-1","max-image-preview":"max-image-preview:large","max-video-preview":"max-video-preview:-1"},"canonical":"https:\/\/www.yoroow.com\/es\/detalle-del-producto\/buena-calidad-grifo-de-cocina-grifo-de-niquel-cepillo-de-lujo-grifo-de-cocina-para-el-grifo-del-fregadero-del-hotel\/","og_locale":"es_ES","og_type":"article","og_title":"High Quality Luxury Kitchen Faucet Gold Single Cold Sink Faucet Quality Brush Nickel Hotel Tap Kitchen Faucet Tap","og_description":"High-quality gold single cold kitchen faucet with brushed nickel finish perfect for upscale hotels. China manufacturing offers precision and reliable supply chain for Latin American and Southeast Asian customers.","og_url":"https:\/\/www.yoroow.com\/es\/detalle-del-producto\/buena-calidad-grifo-de-cocina-grifo-de-niquel-cepillo-de-lujo-grifo-de-cocina-para-el-grifo-del-fregadero-del-hotel\/","og_site_name":"YOROOW","article_publisher":"https:\/\/www.facebook.com\/people\/yoroowfaucetfactory\/61564236752362\/","article_modified_time":"2025-05-16T01:25:33+00:00","og_image":[{"width":626,"height":626,"url":"https:\/\/www.yoroow.com\/wp-content\/uploads\/2025\/02\/4-4.jpg","type":"image\/jpeg"}],"twitter_card":"summary_large_image","twitter_misc":{"Tiempo de lectura":"1 minuto"},"schema":{"@context":"https:\/\/schema.org","@graph":[{"@type":"WebPage","@id":"https:\/\/www.yoroow.com\/es\/detalle-del-producto\/buena-calidad-grifo-de-cocina-grifo-de-niquel-cepillo-de-lujo-grifo-de-cocina-para-el-grifo-del-fregadero-del-hotel\/","url":"https:\/\/www.yoroow.com\/es\/detalle-del-producto\/buena-calidad-grifo-de-cocina-grifo-de-niquel-cepillo-de-lujo-grifo-de-cocina-para-el-grifo-del-fregadero-del-hotel\/","name":"High Quality Luxury Kitchen Faucet Gold Single Cold Sink Faucet Quality Brush Nickel Hotel Tap Kitchen Faucet Tap - YOROOW","isPartOf":{"@id":"https:\/\/www.yoroow.com\/es\/#website"},"primaryImageOfPage":{"@id":"https:\/\/www.yoroow.com\/es\/detalle-del-producto\/buena-calidad-grifo-de-cocina-grifo-de-niquel-cepillo-de-lujo-grifo-de-cocina-para-el-grifo-del-fregadero-del-hotel\/#primaryimage"},"image":{"@id":"https:\/\/www.yoroow.com\/es\/detalle-del-producto\/buena-calidad-grifo-de-cocina-grifo-de-niquel-cepillo-de-lujo-grifo-de-cocina-para-el-grifo-del-fregadero-del-hotel\/#primaryimage"},"thumbnailUrl":"https:\/\/www.yoroow.com\/wp-content\/uploads\/2025\/02\/4-4.jpg","datePublished":"2025-02-20T08:55:57+00:00","dateModified":"2025-05-16T01:25:33+00:00","description":"High-quality gold single cold kitchen faucet with brushed nickel finish perfect for upscale hotels. China manufacturing offers precision and reliable supply chain for Latin American and Southeast Asian customers.","breadcrumb":{"@id":"https:\/\/www.yoroow.com\/es\/detalle-del-producto\/buena-calidad-grifo-de-cocina-grifo-de-niquel-cepillo-de-lujo-grifo-de-cocina-para-el-grifo-del-fregadero-del-hotel\/#breadcrumb"},"inLanguage":"es","potentialAction":[{"@type":"ReadAction","target":["https:\/\/www.yoroow.com\/es\/detalle-del-producto\/buena-calidad-grifo-de-cocina-grifo-de-niquel-cepillo-de-lujo-grifo-de-cocina-para-el-grifo-del-fregadero-del-hotel\/"]}]},{"@type":"ImageObject","inLanguage":"es","@id":"https:\/\/www.yoroow.com\/es\/detalle-del-producto\/buena-calidad-grifo-de-cocina-grifo-de-niquel-cepillo-de-lujo-grifo-de-cocina-para-el-grifo-del-fregadero-del-hotel\/#primaryimage","url":"https:\/\/www.yoroow.com\/wp-content\/uploads\/2025\/02\/4-4.jpg","contentUrl":"https:\/\/www.yoroow.com\/wp-content\/uploads\/2025\/02\/4-4.jpg","width":626,"height":626,"caption":"Best Selling Wall Mounted Single Lever Kitchen Tap Commercial Kitchen Faucet with Zinc Sink Single Cold Gourmet Faucet"},{"@type":"BreadcrumbList","@id":"https:\/\/www.yoroow.com\/es\/detalle-del-producto\/buena-calidad-grifo-de-cocina-grifo-de-niquel-cepillo-de-lujo-grifo-de-cocina-para-el-grifo-del-fregadero-del-hotel\/#breadcrumb","itemListElement":[{"@type":"ListItem","position":1,"name":"home","item":"https:\/\/www.yoroow.com\/"},{"@type":"ListItem","position":2,"name":"Product","item":"https:\/\/www.yoroow.com\/product\/"},{"@type":"ListItem","position":3,"name":"High Quality Luxury Kitchen Faucet Gold Single Cold Sink Faucet Quality Brush Nickel Hotel Tap Kitchen Faucet Tap"}]},{"@type":"WebSite","@id":"https:\/\/www.yoroow.com\/es\/#website","url":"https:\/\/www.yoroow.com\/es\/","name":"YOROOW","description":"","publisher":{"@id":"https:\/\/www.yoroow.com\/es\/#organization"},"potentialAction":[{"@type":"SearchAction","target":{"@type":"EntryPoint","urlTemplate":"https:\/\/www.yoroow.com\/es\/?s={search_term_string}"},"query-input":{"@type":"PropertyValueSpecification","valueRequired":true,"valueName":"search_term_string"}}],"inLanguage":"es"},{"@type":"Organization","@id":"https:\/\/www.yoroow.com\/es\/#organization","name":"YOROOW","url":"https:\/\/www.yoroow.com\/es\/","logo":{"@type":"ImageObject","inLanguage":"es","@id":"https:\/\/www.yoroow.com\/es\/#\/schema\/logo\/image\/","url":"https:\/\/www.yoroow.com\/wp-content\/uploads\/2024\/12\/2024123007131061.png","contentUrl":"https:\/\/www.yoroow.com\/wp-content\/uploads\/2024\/12\/2024123007131061.png","width":168,"height":27,"caption":"YOROOW"},"image":{"@id":"https:\/\/www.yoroow.com\/es\/#\/schema\/logo\/image\/"},"sameAs":["https:\/\/www.facebook.com\/people\/yoroowfaucetfactory\/61564236752362\/"]}]}},"_links":{"self":[{"href":"https:\/\/www.yoroow.com\/es\/wp-json\/wp\/v2\/product\/11601","targetHints":{"allow":["GET"]}}],"collection":[{"href":"https:\/\/www.yoroow.com\/es\/wp-json\/wp\/v2\/product"}],"about":[{"href":"https:\/\/www.yoroow.com\/es\/wp-json\/wp\/v2\/types\/product"}],"wp:featuredmedia":[{"embeddable":true,"href":"https:\/\/www.yoroow.com\/es\/wp-json\/wp\/v2\/media\/11539"}],"wp:attachment":[{"href":"https:\/\/www.yoroow.com\/es\/wp-json\/wp\/v2\/media?parent=11601"}],"wp:term":[{"taxonomy":"product_brand","embeddable":true,"href":"https:\/\/www.yoroow.com\/es\/wp-json\/wp\/v2\/product_brand?post=11601"},{"taxonomy":"product_cat","embeddable":true,"href":"https:\/\/www.yoroow.com\/es\/wp-json\/wp\/v2\/product_cat?post=11601"},{"taxonomy":"product_tag","embeddable":true,"href":"https:\/\/www.yoroow.com\/es\/wp-json\/wp\/v2\/product_tag?post=11601"}],"curies":[{"name":"wp","href":"https:\/\/api.w.org\/{rel}","templated":true}]}}