{"id":11594,"date":"2025-02-20T16:55:56","date_gmt":"2025-02-20T08:55:56","guid":{"rendered":"https:\/\/www.yoroow.com\/?post_type=product&#038;p=11594"},"modified":"2025-05-16T09:25:31","modified_gmt":"2025-05-16T01:25:31","slug":"precio-barato-grifo-de-cocina-grifo-negro-de-lujo-grifo-de-cocina-para-hotel-apartamento-cocina-2","status":"publish","type":"product","link":"https:\/\/www.yoroow.com\/es\/detalle-del-producto\/precio-barato-grifo-de-cocina-grifo-negro-de-lujo-grifo-de-cocina-para-hotel-apartamento-cocina-2\/","title":{"rendered":"Buen precio de lujo negro de cuello de cisne grifo de la cocina grifo de un solo fr\u00edo para el hotel apartamento de cocina grifo de la cocina"},"content":{"rendered":"<p>El grifo de cocina de cuello de cisne negro Luxury es un grifo monomando de alta calidad dise\u00f1ado para cocinas de alta gama de hoteles y apartamentos. Con un elegante acabado en negro, combina estilo y funcionalidad, ofreciendo un dise\u00f1o elegante que complementa los entornos de cocina modernos. La forma de cuello de cisne garantiza un flujo de agua y un alcance \u00f3ptimos, por lo que es ideal para fregaderos grandes. Este grifo est\u00e1 fabricado en China con aleaci\u00f3n de zinc de primera calidad, lo que garantiza su durabilidad y rendimiento a largo plazo. La experiencia de YOROOW en grifos personalizados garantiza unos est\u00e1ndares de alta calidad para su exportaci\u00f3n a los mercados de Sudam\u00e9rica y el sudeste asi\u00e1tico. Con servicios OEM flexibles y precios rentables, es la opci\u00f3n perfecta para los clientes internacionales.<\/p>","protected":false},"excerpt":{"rendered":"<p>The Luxury Black Gooseneck Kitchen Tap is a premium, single cold faucet designed for high-end kitchens in hotels and apartments. Featuring a sleek black finish, it combines style with functionality, offering an elegant design that complements modern kitchen settings. The gooseneck shape ensures optimal water flow and reach, making it ideal for large sinks. This\u2026<\/p>","protected":false},"featured_media":11587,"template":"","meta":{"_acf_changed":false,"_kad_post_transparent":"default","_kad_post_title":"","_kad_post_layout":"default","_kad_post_sidebar_id":"","_kad_post_content_style":"default","_kad_post_vertical_padding":"default","_kad_post_feature":"","_kad_post_feature_position":"","_kad_post_header":false,"_kad_post_footer":false},"product_brand":[],"product_cat":[221],"product_tag":[3345,3343],"class_list":{"0":"post-11594","1":"product","2":"type-product","3":"status-publish","4":"has-post-thumbnail","6":"product_cat-single-cold-kitchen-faucet-kitchen-faucet","7":"product_tag-gooseneck-kitchen-tap","8":"product_tag-kitchen-tap-black-antik","10":"first","11":"instock","12":"shipping-taxable","13":"purchasable","14":"product-type-variable","15":"wvs-archive-product-wrapper","16":"entry","17":"content-bg","18":"loop-entry"},"acf":[],"yoast_head":"<!-- This site is optimized with the Yoast SEO Premium plugin v25.4 (Yoast SEO v27.0) - https:\/\/yoast.com\/product\/yoast-seo-premium-wordpress\/ -->\n<title>Good Price Luxury Black Gooseneck Kitchen Tap Single Cold Faucet for Hotel Apartment Kitchen Kitchen Faucet - YOROOW<\/title>\n<meta name=\"description\" content=\"Luxury black gooseneck kitchen tap designed for hotel and apartment kitchens with single cold function. Chinese factory emphasizes quality control and efficient export to South American and Southeast Asian markets.\" \/>\n<meta name=\"robots\" content=\"index, follow, max-snippet:-1, max-image-preview:large, max-video-preview:-1\" \/>\n<link rel=\"canonical\" href=\"https:\/\/www.yoroow.com\/es\/detalle-del-producto\/precio-barato-grifo-de-cocina-grifo-negro-de-lujo-grifo-de-cocina-para-hotel-apartamento-cocina-2\/\" \/>\n<meta property=\"og:locale\" content=\"es_ES\" \/>\n<meta property=\"og:type\" content=\"article\" \/>\n<meta property=\"og:title\" content=\"Good Price Luxury Black Gooseneck Kitchen Tap Single Cold Faucet for Hotel Apartment Kitchen Kitchen Faucet\" \/>\n<meta property=\"og:description\" content=\"Luxury black gooseneck kitchen tap designed for hotel and apartment kitchens with single cold function. Chinese factory emphasizes quality control and efficient export to South American and Southeast Asian markets.\" \/>\n<meta property=\"og:url\" content=\"https:\/\/www.yoroow.com\/es\/detalle-del-producto\/precio-barato-grifo-de-cocina-grifo-negro-de-lujo-grifo-de-cocina-para-hotel-apartamento-cocina-2\/\" \/>\n<meta property=\"og:site_name\" content=\"YOROOW\" \/>\n<meta property=\"article:publisher\" content=\"https:\/\/www.facebook.com\/people\/yoroowfaucetfactory\/61564236752362\/\" \/>\n<meta property=\"article:modified_time\" content=\"2025-05-16T01:25:31+00:00\" \/>\n<meta property=\"og:image\" content=\"https:\/\/www.yoroow.com\/wp-content\/uploads\/2025\/02\/3-5.jpg\" \/>\n\t<meta property=\"og:image:width\" content=\"759\" \/>\n\t<meta property=\"og:image:height\" content=\"759\" \/>\n\t<meta property=\"og:image:type\" content=\"image\/jpeg\" \/>\n<meta name=\"twitter:card\" content=\"summary_large_image\" \/>\n<meta name=\"twitter:label1\" content=\"Tiempo de lectura\" \/>\n\t<meta name=\"twitter:data1\" content=\"1 minuto\" \/>\n<script type=\"application\/ld+json\" class=\"yoast-schema-graph\">{\"@context\":\"https:\/\/schema.org\",\"@graph\":[{\"@type\":\"WebPage\",\"@id\":\"https:\/\/www.yoroow.com\/es\/detalle-del-producto\/precio-barato-grifo-de-cocina-grifo-negro-de-lujo-grifo-de-cocina-para-hotel-apartamento-cocina-2\/\",\"url\":\"https:\/\/www.yoroow.com\/es\/detalle-del-producto\/precio-barato-grifo-de-cocina-grifo-negro-de-lujo-grifo-de-cocina-para-hotel-apartamento-cocina-2\/\",\"name\":\"Good Price Luxury Black Gooseneck Kitchen Tap Single Cold Faucet for Hotel Apartment Kitchen Kitchen Faucet - YOROOW\",\"isPartOf\":{\"@id\":\"https:\/\/www.yoroow.com\/es\/#website\"},\"primaryImageOfPage\":{\"@id\":\"https:\/\/www.yoroow.com\/es\/detalle-del-producto\/precio-barato-grifo-de-cocina-grifo-negro-de-lujo-grifo-de-cocina-para-hotel-apartamento-cocina-2\/#primaryimage\"},\"image\":{\"@id\":\"https:\/\/www.yoroow.com\/es\/detalle-del-producto\/precio-barato-grifo-de-cocina-grifo-negro-de-lujo-grifo-de-cocina-para-hotel-apartamento-cocina-2\/#primaryimage\"},\"thumbnailUrl\":\"https:\/\/www.yoroow.com\/wp-content\/uploads\/2025\/02\/3-5.jpg\",\"datePublished\":\"2025-02-20T08:55:56+00:00\",\"dateModified\":\"2025-05-16T01:25:31+00:00\",\"description\":\"Luxury black gooseneck kitchen tap designed for hotel and apartment kitchens with single cold function. Chinese factory emphasizes quality control and efficient export to South American and Southeast Asian markets.\",\"breadcrumb\":{\"@id\":\"https:\/\/www.yoroow.com\/es\/detalle-del-producto\/precio-barato-grifo-de-cocina-grifo-negro-de-lujo-grifo-de-cocina-para-hotel-apartamento-cocina-2\/#breadcrumb\"},\"inLanguage\":\"es\",\"potentialAction\":[{\"@type\":\"ReadAction\",\"target\":[\"https:\/\/www.yoroow.com\/es\/detalle-del-producto\/precio-barato-grifo-de-cocina-grifo-negro-de-lujo-grifo-de-cocina-para-hotel-apartamento-cocina-2\/\"]}]},{\"@type\":\"ImageObject\",\"inLanguage\":\"es\",\"@id\":\"https:\/\/www.yoroow.com\/es\/detalle-del-producto\/precio-barato-grifo-de-cocina-grifo-negro-de-lujo-grifo-de-cocina-para-hotel-apartamento-cocina-2\/#primaryimage\",\"url\":\"https:\/\/www.yoroow.com\/wp-content\/uploads\/2025\/02\/3-5.jpg\",\"contentUrl\":\"https:\/\/www.yoroow.com\/wp-content\/uploads\/2025\/02\/3-5.jpg\",\"width\":759,\"height\":759},{\"@type\":\"BreadcrumbList\",\"@id\":\"https:\/\/www.yoroow.com\/es\/detalle-del-producto\/precio-barato-grifo-de-cocina-grifo-negro-de-lujo-grifo-de-cocina-para-hotel-apartamento-cocina-2\/#breadcrumb\",\"itemListElement\":[{\"@type\":\"ListItem\",\"position\":1,\"name\":\"home\",\"item\":\"https:\/\/www.yoroow.com\/\"},{\"@type\":\"ListItem\",\"position\":2,\"name\":\"Product\",\"item\":\"https:\/\/www.yoroow.com\/product\/\"},{\"@type\":\"ListItem\",\"position\":3,\"name\":\"Good Price Luxury Black Gooseneck Kitchen Tap Single Cold Faucet for Hotel Apartment Kitchen Kitchen Faucet\"}]},{\"@type\":\"WebSite\",\"@id\":\"https:\/\/www.yoroow.com\/es\/#website\",\"url\":\"https:\/\/www.yoroow.com\/es\/\",\"name\":\"YOROOW\",\"description\":\"\",\"publisher\":{\"@id\":\"https:\/\/www.yoroow.com\/es\/#organization\"},\"potentialAction\":[{\"@type\":\"SearchAction\",\"target\":{\"@type\":\"EntryPoint\",\"urlTemplate\":\"https:\/\/www.yoroow.com\/es\/?s={search_term_string}\"},\"query-input\":{\"@type\":\"PropertyValueSpecification\",\"valueRequired\":true,\"valueName\":\"search_term_string\"}}],\"inLanguage\":\"es\"},{\"@type\":\"Organization\",\"@id\":\"https:\/\/www.yoroow.com\/es\/#organization\",\"name\":\"YOROOW\",\"url\":\"https:\/\/www.yoroow.com\/es\/\",\"logo\":{\"@type\":\"ImageObject\",\"inLanguage\":\"es\",\"@id\":\"https:\/\/www.yoroow.com\/es\/#\/schema\/logo\/image\/\",\"url\":\"https:\/\/www.yoroow.com\/wp-content\/uploads\/2024\/12\/2024123007131061.png\",\"contentUrl\":\"https:\/\/www.yoroow.com\/wp-content\/uploads\/2024\/12\/2024123007131061.png\",\"width\":168,\"height\":27,\"caption\":\"YOROOW\"},\"image\":{\"@id\":\"https:\/\/www.yoroow.com\/es\/#\/schema\/logo\/image\/\"},\"sameAs\":[\"https:\/\/www.facebook.com\/people\/yoroowfaucetfactory\/61564236752362\/\"]}]}<\/script>\n<!-- \/ Yoast SEO Premium plugin. -->","yoast_head_json":{"title":"Good Price Luxury Black Gooseneck Kitchen Tap Single Cold Faucet for Hotel Apartment Kitchen Kitchen Faucet - YOROOW","description":"Luxury black gooseneck kitchen tap designed for hotel and apartment kitchens with single cold function. Chinese factory emphasizes quality control and efficient export to South American and Southeast Asian markets.","robots":{"index":"index","follow":"follow","max-snippet":"max-snippet:-1","max-image-preview":"max-image-preview:large","max-video-preview":"max-video-preview:-1"},"canonical":"https:\/\/www.yoroow.com\/es\/detalle-del-producto\/precio-barato-grifo-de-cocina-grifo-negro-de-lujo-grifo-de-cocina-para-hotel-apartamento-cocina-2\/","og_locale":"es_ES","og_type":"article","og_title":"Good Price Luxury Black Gooseneck Kitchen Tap Single Cold Faucet for Hotel Apartment Kitchen Kitchen Faucet","og_description":"Luxury black gooseneck kitchen tap designed for hotel and apartment kitchens with single cold function. Chinese factory emphasizes quality control and efficient export to South American and Southeast Asian markets.","og_url":"https:\/\/www.yoroow.com\/es\/detalle-del-producto\/precio-barato-grifo-de-cocina-grifo-negro-de-lujo-grifo-de-cocina-para-hotel-apartamento-cocina-2\/","og_site_name":"YOROOW","article_publisher":"https:\/\/www.facebook.com\/people\/yoroowfaucetfactory\/61564236752362\/","article_modified_time":"2025-05-16T01:25:31+00:00","og_image":[{"width":759,"height":759,"url":"https:\/\/www.yoroow.com\/wp-content\/uploads\/2025\/02\/3-5.jpg","type":"image\/jpeg"}],"twitter_card":"summary_large_image","twitter_misc":{"Tiempo de lectura":"1 minuto"},"schema":{"@context":"https:\/\/schema.org","@graph":[{"@type":"WebPage","@id":"https:\/\/www.yoroow.com\/es\/detalle-del-producto\/precio-barato-grifo-de-cocina-grifo-negro-de-lujo-grifo-de-cocina-para-hotel-apartamento-cocina-2\/","url":"https:\/\/www.yoroow.com\/es\/detalle-del-producto\/precio-barato-grifo-de-cocina-grifo-negro-de-lujo-grifo-de-cocina-para-hotel-apartamento-cocina-2\/","name":"Good Price Luxury Black Gooseneck Kitchen Tap Single Cold Faucet for Hotel Apartment Kitchen Kitchen Faucet - YOROOW","isPartOf":{"@id":"https:\/\/www.yoroow.com\/es\/#website"},"primaryImageOfPage":{"@id":"https:\/\/www.yoroow.com\/es\/detalle-del-producto\/precio-barato-grifo-de-cocina-grifo-negro-de-lujo-grifo-de-cocina-para-hotel-apartamento-cocina-2\/#primaryimage"},"image":{"@id":"https:\/\/www.yoroow.com\/es\/detalle-del-producto\/precio-barato-grifo-de-cocina-grifo-negro-de-lujo-grifo-de-cocina-para-hotel-apartamento-cocina-2\/#primaryimage"},"thumbnailUrl":"https:\/\/www.yoroow.com\/wp-content\/uploads\/2025\/02\/3-5.jpg","datePublished":"2025-02-20T08:55:56+00:00","dateModified":"2025-05-16T01:25:31+00:00","description":"Luxury black gooseneck kitchen tap designed for hotel and apartment kitchens with single cold function. Chinese factory emphasizes quality control and efficient export to South American and Southeast Asian markets.","breadcrumb":{"@id":"https:\/\/www.yoroow.com\/es\/detalle-del-producto\/precio-barato-grifo-de-cocina-grifo-negro-de-lujo-grifo-de-cocina-para-hotel-apartamento-cocina-2\/#breadcrumb"},"inLanguage":"es","potentialAction":[{"@type":"ReadAction","target":["https:\/\/www.yoroow.com\/es\/detalle-del-producto\/precio-barato-grifo-de-cocina-grifo-negro-de-lujo-grifo-de-cocina-para-hotel-apartamento-cocina-2\/"]}]},{"@type":"ImageObject","inLanguage":"es","@id":"https:\/\/www.yoroow.com\/es\/detalle-del-producto\/precio-barato-grifo-de-cocina-grifo-negro-de-lujo-grifo-de-cocina-para-hotel-apartamento-cocina-2\/#primaryimage","url":"https:\/\/www.yoroow.com\/wp-content\/uploads\/2025\/02\/3-5.jpg","contentUrl":"https:\/\/www.yoroow.com\/wp-content\/uploads\/2025\/02\/3-5.jpg","width":759,"height":759},{"@type":"BreadcrumbList","@id":"https:\/\/www.yoroow.com\/es\/detalle-del-producto\/precio-barato-grifo-de-cocina-grifo-negro-de-lujo-grifo-de-cocina-para-hotel-apartamento-cocina-2\/#breadcrumb","itemListElement":[{"@type":"ListItem","position":1,"name":"home","item":"https:\/\/www.yoroow.com\/"},{"@type":"ListItem","position":2,"name":"Product","item":"https:\/\/www.yoroow.com\/product\/"},{"@type":"ListItem","position":3,"name":"Good Price Luxury Black Gooseneck Kitchen Tap Single Cold Faucet for Hotel Apartment Kitchen Kitchen Faucet"}]},{"@type":"WebSite","@id":"https:\/\/www.yoroow.com\/es\/#website","url":"https:\/\/www.yoroow.com\/es\/","name":"YOROOW","description":"","publisher":{"@id":"https:\/\/www.yoroow.com\/es\/#organization"},"potentialAction":[{"@type":"SearchAction","target":{"@type":"EntryPoint","urlTemplate":"https:\/\/www.yoroow.com\/es\/?s={search_term_string}"},"query-input":{"@type":"PropertyValueSpecification","valueRequired":true,"valueName":"search_term_string"}}],"inLanguage":"es"},{"@type":"Organization","@id":"https:\/\/www.yoroow.com\/es\/#organization","name":"YOROOW","url":"https:\/\/www.yoroow.com\/es\/","logo":{"@type":"ImageObject","inLanguage":"es","@id":"https:\/\/www.yoroow.com\/es\/#\/schema\/logo\/image\/","url":"https:\/\/www.yoroow.com\/wp-content\/uploads\/2024\/12\/2024123007131061.png","contentUrl":"https:\/\/www.yoroow.com\/wp-content\/uploads\/2024\/12\/2024123007131061.png","width":168,"height":27,"caption":"YOROOW"},"image":{"@id":"https:\/\/www.yoroow.com\/es\/#\/schema\/logo\/image\/"},"sameAs":["https:\/\/www.facebook.com\/people\/yoroowfaucetfactory\/61564236752362\/"]}]}},"_links":{"self":[{"href":"https:\/\/www.yoroow.com\/es\/wp-json\/wp\/v2\/product\/11594","targetHints":{"allow":["GET"]}}],"collection":[{"href":"https:\/\/www.yoroow.com\/es\/wp-json\/wp\/v2\/product"}],"about":[{"href":"https:\/\/www.yoroow.com\/es\/wp-json\/wp\/v2\/types\/product"}],"wp:featuredmedia":[{"embeddable":true,"href":"https:\/\/www.yoroow.com\/es\/wp-json\/wp\/v2\/media\/11587"}],"wp:attachment":[{"href":"https:\/\/www.yoroow.com\/es\/wp-json\/wp\/v2\/media?parent=11594"}],"wp:term":[{"taxonomy":"product_brand","embeddable":true,"href":"https:\/\/www.yoroow.com\/es\/wp-json\/wp\/v2\/product_brand?post=11594"},{"taxonomy":"product_cat","embeddable":true,"href":"https:\/\/www.yoroow.com\/es\/wp-json\/wp\/v2\/product_cat?post=11594"},{"taxonomy":"product_tag","embeddable":true,"href":"https:\/\/www.yoroow.com\/es\/wp-json\/wp\/v2\/product_tag?post=11594"}],"curies":[{"name":"wp","href":"https:\/\/api.w.org\/{rel}","templated":true}]}}