{"id":11451,"date":"2025-02-20T16:04:15","date_gmt":"2025-02-20T08:04:15","guid":{"rendered":"https:\/\/www.yoroow.com\/?post_type=product&#038;p=11451"},"modified":"2025-05-16T09:25:22","modified_gmt":"2025-05-16T01:25:22","slug":"nuevo-producto-grifos-monomando-antiguo-grifo-de-lavabo-grifos-de-bano","status":"publish","type":"product","link":"https:\/\/www.yoroow.com\/es\/detalle-del-producto\/nuevo-producto-grifos-monomando-antiguo-grifo-de-lavabo-grifos-de-bano\/","title":{"rendered":"Elegante cromo aleaci\u00f3n de zinc de pl\u00e1stico de un solo fr\u00edo grifo del lavabo termost\u00e1tica con un solo agujero de montaje de salida de f\u00e1brica elegante grifo de lavado"},"content":{"rendered":"<p>Este elegante grifo monomando para lavabo de pl\u00e1stico cromado y aleaci\u00f3n de zinc cuenta con control termost\u00e1tico y est\u00e1 dise\u00f1ado para montaje en un solo orificio. Su elegante acabado cromado y su pr\u00e1ctico dise\u00f1o lo hacen ideal para instalaciones de ba\u00f1o modernas, especialmente en espacios comerciales como escuelas y hospitales. La construcci\u00f3n de pl\u00e1stico ofrece rentabilidad sin comprometer la durabilidad. Fabricada en China por YOROOW, esta grifer\u00eda se beneficia de la gran capacidad de producci\u00f3n de la empresa y de sus precios competitivos, lo que la hace perfecta para la exportaci\u00f3n a los mercados de Sudam\u00e9rica y el sudeste asi\u00e1tico, donde crece la demanda de grifer\u00edas fiables y asequibles.<\/p>","protected":false},"excerpt":{"rendered":"<p>Este elegante grifo monomando para lavabo de pl\u00e1stico cromado y aleaci\u00f3n de zinc cuenta con control termost\u00e1tico y est\u00e1 dise\u00f1ado para montaje en un solo orificio. Su elegante acabado cromado y su pr\u00e1ctico dise\u00f1o lo hacen ideal para instalaciones de ba\u00f1o modernas, especialmente en espacios comerciales como escuelas y hospitales. La construcci\u00f3n de pl\u00e1stico ofrece rentabilidad sin comprometer la durabilidad. Fabricado en China por...<\/p>","protected":false},"featured_media":11484,"template":"","meta":{"_acf_changed":false,"_kad_post_transparent":"default","_kad_post_title":"","_kad_post_layout":"default","_kad_post_sidebar_id":"","_kad_post_content_style":"default","_kad_post_vertical_padding":"default","_kad_post_feature":"","_kad_post_feature_position":"","_kad_post_header":false,"_kad_post_footer":false},"product_brand":[],"product_cat":[219],"product_tag":[3441,3430],"class_list":{"0":"post-11451","1":"product","2":"type-product","3":"status-publish","4":"has-post-thumbnail","6":"product_cat-single-cold-basin-faucet","7":"product_tag-basin-faucet-chrome-zinc-alloy","8":"product_tag-plastic-wash-basin-tap","10":"first","11":"instock","12":"shipping-taxable","13":"purchasable","14":"product-type-variable","15":"wvs-archive-product-wrapper","16":"entry","17":"content-bg","18":"loop-entry"},"acf":[],"yoast_head":"<!-- This site is optimized with the Yoast SEO Premium plugin v25.4 (Yoast SEO v27.0) - https:\/\/yoast.com\/product\/yoast-seo-premium-wordpress\/ -->\n<title>Elegant Chrome Zinc Alloy Plastic Single Cold Basin Faucet Thermostatic with Single Hole Mount Factory Outlet Elegant Wash Tap - YOROOW<\/title>\n<meta name=\"description\" content=\"Elegant chrome zinc alloy plastic single cold basin faucet with thermostatic control provides durability and ease of installation. Chinese factory supports OEM and tailored orders for South American and Southeast Asian markets.\" \/>\n<meta name=\"robots\" content=\"index, follow, max-snippet:-1, max-image-preview:large, max-video-preview:-1\" \/>\n<link rel=\"canonical\" href=\"https:\/\/www.yoroow.com\/es\/detalle-del-producto\/nuevo-producto-grifos-monomando-antiguo-grifo-de-lavabo-grifos-de-bano\/\" \/>\n<meta property=\"og:locale\" content=\"es_ES\" \/>\n<meta property=\"og:type\" content=\"article\" \/>\n<meta property=\"og:title\" content=\"Elegant Chrome Zinc Alloy Plastic Single Cold Basin Faucet Thermostatic with Single Hole Mount Factory Outlet Elegant Wash Tap\" \/>\n<meta property=\"og:description\" content=\"Elegant chrome zinc alloy plastic single cold basin faucet with thermostatic control provides durability and ease of installation. Chinese factory supports OEM and tailored orders for South American and Southeast Asian markets.\" \/>\n<meta property=\"og:url\" content=\"https:\/\/www.yoroow.com\/es\/detalle-del-producto\/nuevo-producto-grifos-monomando-antiguo-grifo-de-lavabo-grifos-de-bano\/\" \/>\n<meta property=\"og:site_name\" content=\"YOROOW\" \/>\n<meta property=\"article:publisher\" content=\"https:\/\/www.facebook.com\/people\/yoroowfaucetfactory\/61564236752362\/\" \/>\n<meta property=\"article:modified_time\" content=\"2025-05-16T01:25:22+00:00\" \/>\n<meta property=\"og:image\" content=\"https:\/\/www.yoroow.com\/wp-content\/uploads\/2025\/02\/9041A.jpg\" \/>\n\t<meta property=\"og:image:width\" content=\"595\" \/>\n\t<meta property=\"og:image:height\" content=\"595\" \/>\n\t<meta property=\"og:image:type\" content=\"image\/jpeg\" \/>\n<meta name=\"twitter:card\" content=\"summary_large_image\" \/>\n<meta name=\"twitter:label1\" content=\"Tiempo de lectura\" \/>\n\t<meta name=\"twitter:data1\" content=\"1 minuto\" \/>\n<script type=\"application\/ld+json\" class=\"yoast-schema-graph\">{\"@context\":\"https:\/\/schema.org\",\"@graph\":[{\"@type\":\"WebPage\",\"@id\":\"https:\/\/www.yoroow.com\/es\/detalle-del-producto\/nuevo-producto-grifos-monomando-antiguo-grifo-de-lavabo-grifos-de-bano\/\",\"url\":\"https:\/\/www.yoroow.com\/es\/detalle-del-producto\/nuevo-producto-grifos-monomando-antiguo-grifo-de-lavabo-grifos-de-bano\/\",\"name\":\"Elegant Chrome Zinc Alloy Plastic Single Cold Basin Faucet Thermostatic with Single Hole Mount Factory Outlet Elegant Wash Tap - YOROOW\",\"isPartOf\":{\"@id\":\"https:\/\/www.yoroow.com\/es\/#website\"},\"primaryImageOfPage\":{\"@id\":\"https:\/\/www.yoroow.com\/es\/detalle-del-producto\/nuevo-producto-grifos-monomando-antiguo-grifo-de-lavabo-grifos-de-bano\/#primaryimage\"},\"image\":{\"@id\":\"https:\/\/www.yoroow.com\/es\/detalle-del-producto\/nuevo-producto-grifos-monomando-antiguo-grifo-de-lavabo-grifos-de-bano\/#primaryimage\"},\"thumbnailUrl\":\"https:\/\/www.yoroow.com\/wp-content\/uploads\/2025\/02\/9041A.jpg\",\"datePublished\":\"2025-02-20T08:04:15+00:00\",\"dateModified\":\"2025-05-16T01:25:22+00:00\",\"description\":\"Elegant chrome zinc alloy plastic single cold basin faucet with thermostatic control provides durability and ease of installation. Chinese factory supports OEM and tailored orders for South American and Southeast Asian markets.\",\"breadcrumb\":{\"@id\":\"https:\/\/www.yoroow.com\/es\/detalle-del-producto\/nuevo-producto-grifos-monomando-antiguo-grifo-de-lavabo-grifos-de-bano\/#breadcrumb\"},\"inLanguage\":\"es\",\"potentialAction\":[{\"@type\":\"ReadAction\",\"target\":[\"https:\/\/www.yoroow.com\/es\/detalle-del-producto\/nuevo-producto-grifos-monomando-antiguo-grifo-de-lavabo-grifos-de-bano\/\"]}]},{\"@type\":\"ImageObject\",\"inLanguage\":\"es\",\"@id\":\"https:\/\/www.yoroow.com\/es\/detalle-del-producto\/nuevo-producto-grifos-monomando-antiguo-grifo-de-lavabo-grifos-de-bano\/#primaryimage\",\"url\":\"https:\/\/www.yoroow.com\/wp-content\/uploads\/2025\/02\/9041A.jpg\",\"contentUrl\":\"https:\/\/www.yoroow.com\/wp-content\/uploads\/2025\/02\/9041A.jpg\",\"width\":595,\"height\":595,\"caption\":\"Elegant Chrome Zinc Alloy Plastic Single Cold Basin Faucet Thermostatic with Single Hole Mount Factory Outlet Elegant Wash Tap\"},{\"@type\":\"BreadcrumbList\",\"@id\":\"https:\/\/www.yoroow.com\/es\/detalle-del-producto\/nuevo-producto-grifos-monomando-antiguo-grifo-de-lavabo-grifos-de-bano\/#breadcrumb\",\"itemListElement\":[{\"@type\":\"ListItem\",\"position\":1,\"name\":\"home\",\"item\":\"https:\/\/www.yoroow.com\/\"},{\"@type\":\"ListItem\",\"position\":2,\"name\":\"Product\",\"item\":\"https:\/\/www.yoroow.com\/product\/\"},{\"@type\":\"ListItem\",\"position\":3,\"name\":\"Elegant Chrome Zinc Alloy Plastic Single Cold Basin Faucet Thermostatic with Single Hole Mount Factory Outlet Elegant Wash Tap\"}]},{\"@type\":\"WebSite\",\"@id\":\"https:\/\/www.yoroow.com\/es\/#website\",\"url\":\"https:\/\/www.yoroow.com\/es\/\",\"name\":\"YOROOW\",\"description\":\"\",\"publisher\":{\"@id\":\"https:\/\/www.yoroow.com\/es\/#organization\"},\"potentialAction\":[{\"@type\":\"SearchAction\",\"target\":{\"@type\":\"EntryPoint\",\"urlTemplate\":\"https:\/\/www.yoroow.com\/es\/?s={search_term_string}\"},\"query-input\":{\"@type\":\"PropertyValueSpecification\",\"valueRequired\":true,\"valueName\":\"search_term_string\"}}],\"inLanguage\":\"es\"},{\"@type\":\"Organization\",\"@id\":\"https:\/\/www.yoroow.com\/es\/#organization\",\"name\":\"YOROOW\",\"url\":\"https:\/\/www.yoroow.com\/es\/\",\"logo\":{\"@type\":\"ImageObject\",\"inLanguage\":\"es\",\"@id\":\"https:\/\/www.yoroow.com\/es\/#\/schema\/logo\/image\/\",\"url\":\"https:\/\/www.yoroow.com\/wp-content\/uploads\/2024\/12\/2024123007131061.png\",\"contentUrl\":\"https:\/\/www.yoroow.com\/wp-content\/uploads\/2024\/12\/2024123007131061.png\",\"width\":168,\"height\":27,\"caption\":\"YOROOW\"},\"image\":{\"@id\":\"https:\/\/www.yoroow.com\/es\/#\/schema\/logo\/image\/\"},\"sameAs\":[\"https:\/\/www.facebook.com\/people\/yoroowfaucetfactory\/61564236752362\/\"]}]}<\/script>\n<!-- \/ Yoast SEO Premium plugin. -->","yoast_head_json":{"title":"Elegant Chrome Zinc Alloy Plastic Single Cold Basin Faucet Thermostatic with Single Hole Mount Factory Outlet Elegant Wash Tap - YOROOW","description":"Elegant chrome zinc alloy plastic single cold basin faucet with thermostatic control provides durability and ease of installation. Chinese factory supports OEM and tailored orders for South American and Southeast Asian markets.","robots":{"index":"index","follow":"follow","max-snippet":"max-snippet:-1","max-image-preview":"max-image-preview:large","max-video-preview":"max-video-preview:-1"},"canonical":"https:\/\/www.yoroow.com\/es\/detalle-del-producto\/nuevo-producto-grifos-monomando-antiguo-grifo-de-lavabo-grifos-de-bano\/","og_locale":"es_ES","og_type":"article","og_title":"Elegant Chrome Zinc Alloy Plastic Single Cold Basin Faucet Thermostatic with Single Hole Mount Factory Outlet Elegant Wash Tap","og_description":"Elegant chrome zinc alloy plastic single cold basin faucet with thermostatic control provides durability and ease of installation. Chinese factory supports OEM and tailored orders for South American and Southeast Asian markets.","og_url":"https:\/\/www.yoroow.com\/es\/detalle-del-producto\/nuevo-producto-grifos-monomando-antiguo-grifo-de-lavabo-grifos-de-bano\/","og_site_name":"YOROOW","article_publisher":"https:\/\/www.facebook.com\/people\/yoroowfaucetfactory\/61564236752362\/","article_modified_time":"2025-05-16T01:25:22+00:00","og_image":[{"width":595,"height":595,"url":"https:\/\/www.yoroow.com\/wp-content\/uploads\/2025\/02\/9041A.jpg","type":"image\/jpeg"}],"twitter_card":"summary_large_image","twitter_misc":{"Tiempo de lectura":"1 minuto"},"schema":{"@context":"https:\/\/schema.org","@graph":[{"@type":"WebPage","@id":"https:\/\/www.yoroow.com\/es\/detalle-del-producto\/nuevo-producto-grifos-monomando-antiguo-grifo-de-lavabo-grifos-de-bano\/","url":"https:\/\/www.yoroow.com\/es\/detalle-del-producto\/nuevo-producto-grifos-monomando-antiguo-grifo-de-lavabo-grifos-de-bano\/","name":"Elegant Chrome Zinc Alloy Plastic Single Cold Basin Faucet Thermostatic with Single Hole Mount Factory Outlet Elegant Wash Tap - YOROOW","isPartOf":{"@id":"https:\/\/www.yoroow.com\/es\/#website"},"primaryImageOfPage":{"@id":"https:\/\/www.yoroow.com\/es\/detalle-del-producto\/nuevo-producto-grifos-monomando-antiguo-grifo-de-lavabo-grifos-de-bano\/#primaryimage"},"image":{"@id":"https:\/\/www.yoroow.com\/es\/detalle-del-producto\/nuevo-producto-grifos-monomando-antiguo-grifo-de-lavabo-grifos-de-bano\/#primaryimage"},"thumbnailUrl":"https:\/\/www.yoroow.com\/wp-content\/uploads\/2025\/02\/9041A.jpg","datePublished":"2025-02-20T08:04:15+00:00","dateModified":"2025-05-16T01:25:22+00:00","description":"Elegant chrome zinc alloy plastic single cold basin faucet with thermostatic control provides durability and ease of installation. Chinese factory supports OEM and tailored orders for South American and Southeast Asian markets.","breadcrumb":{"@id":"https:\/\/www.yoroow.com\/es\/detalle-del-producto\/nuevo-producto-grifos-monomando-antiguo-grifo-de-lavabo-grifos-de-bano\/#breadcrumb"},"inLanguage":"es","potentialAction":[{"@type":"ReadAction","target":["https:\/\/www.yoroow.com\/es\/detalle-del-producto\/nuevo-producto-grifos-monomando-antiguo-grifo-de-lavabo-grifos-de-bano\/"]}]},{"@type":"ImageObject","inLanguage":"es","@id":"https:\/\/www.yoroow.com\/es\/detalle-del-producto\/nuevo-producto-grifos-monomando-antiguo-grifo-de-lavabo-grifos-de-bano\/#primaryimage","url":"https:\/\/www.yoroow.com\/wp-content\/uploads\/2025\/02\/9041A.jpg","contentUrl":"https:\/\/www.yoroow.com\/wp-content\/uploads\/2025\/02\/9041A.jpg","width":595,"height":595,"caption":"Elegant Chrome Zinc Alloy Plastic Single Cold Basin Faucet Thermostatic with Single Hole Mount Factory Outlet Elegant Wash Tap"},{"@type":"BreadcrumbList","@id":"https:\/\/www.yoroow.com\/es\/detalle-del-producto\/nuevo-producto-grifos-monomando-antiguo-grifo-de-lavabo-grifos-de-bano\/#breadcrumb","itemListElement":[{"@type":"ListItem","position":1,"name":"home","item":"https:\/\/www.yoroow.com\/"},{"@type":"ListItem","position":2,"name":"Product","item":"https:\/\/www.yoroow.com\/product\/"},{"@type":"ListItem","position":3,"name":"Elegant Chrome Zinc Alloy Plastic Single Cold Basin Faucet Thermostatic with Single Hole Mount Factory Outlet Elegant Wash Tap"}]},{"@type":"WebSite","@id":"https:\/\/www.yoroow.com\/es\/#website","url":"https:\/\/www.yoroow.com\/es\/","name":"YOROOW","description":"","publisher":{"@id":"https:\/\/www.yoroow.com\/es\/#organization"},"potentialAction":[{"@type":"SearchAction","target":{"@type":"EntryPoint","urlTemplate":"https:\/\/www.yoroow.com\/es\/?s={search_term_string}"},"query-input":{"@type":"PropertyValueSpecification","valueRequired":true,"valueName":"search_term_string"}}],"inLanguage":"es"},{"@type":"Organization","@id":"https:\/\/www.yoroow.com\/es\/#organization","name":"YOROOW","url":"https:\/\/www.yoroow.com\/es\/","logo":{"@type":"ImageObject","inLanguage":"es","@id":"https:\/\/www.yoroow.com\/es\/#\/schema\/logo\/image\/","url":"https:\/\/www.yoroow.com\/wp-content\/uploads\/2024\/12\/2024123007131061.png","contentUrl":"https:\/\/www.yoroow.com\/wp-content\/uploads\/2024\/12\/2024123007131061.png","width":168,"height":27,"caption":"YOROOW"},"image":{"@id":"https:\/\/www.yoroow.com\/es\/#\/schema\/logo\/image\/"},"sameAs":["https:\/\/www.facebook.com\/people\/yoroowfaucetfactory\/61564236752362\/"]}]}},"_links":{"self":[{"href":"https:\/\/www.yoroow.com\/es\/wp-json\/wp\/v2\/product\/11451","targetHints":{"allow":["GET"]}}],"collection":[{"href":"https:\/\/www.yoroow.com\/es\/wp-json\/wp\/v2\/product"}],"about":[{"href":"https:\/\/www.yoroow.com\/es\/wp-json\/wp\/v2\/types\/product"}],"wp:featuredmedia":[{"embeddable":true,"href":"https:\/\/www.yoroow.com\/es\/wp-json\/wp\/v2\/media\/11484"}],"wp:attachment":[{"href":"https:\/\/www.yoroow.com\/es\/wp-json\/wp\/v2\/media?parent=11451"}],"wp:term":[{"taxonomy":"product_brand","embeddable":true,"href":"https:\/\/www.yoroow.com\/es\/wp-json\/wp\/v2\/product_brand?post=11451"},{"taxonomy":"product_cat","embeddable":true,"href":"https:\/\/www.yoroow.com\/es\/wp-json\/wp\/v2\/product_cat?post=11451"},{"taxonomy":"product_tag","embeddable":true,"href":"https:\/\/www.yoroow.com\/es\/wp-json\/wp\/v2\/product_tag?post=11451"}],"curies":[{"name":"wp","href":"https:\/\/api.w.org\/{rel}","templated":true}]}}