{"id":10966,"date":"2025-02-18T17:20:39","date_gmt":"2025-02-18T09:20:39","guid":{"rendered":"https:\/\/www.yoroow.com\/?post_type=product&#038;p=10966"},"modified":"2025-05-16T09:24:44","modified_gmt":"2025-05-16T01:24:44","slug":"buena-agua-fria-sola-placa-de-cromo-cartucho-de-laton-bano-pequeno-tamano-grifo-del-lavabo","status":"publish","type":"product","link":"https:\/\/www.yoroow.com\/es\/detalle-del-producto\/buena-agua-fria-sola-placa-de-cromo-cartucho-de-laton-bano-pequeno-tamano-grifo-del-lavabo\/","title":{"rendered":"Rentable de una sola manija 304 de acero inoxidable del grifo del lavabo Sanitaria Ware grifo de agua para el lavado de agua fr\u00eda grifo del lavabo de la mano"},"content":{"rendered":"<p>Este rentable grifo monomando de acero inoxidable 304 para lavabo est\u00e1 dise\u00f1ado para aplicaciones sanitarias y proporciona un grifo duradero y eficaz para el uso de agua fr\u00eda. Su dise\u00f1o sencillo pero elegante lo hace adecuado tanto para instalaciones de ba\u00f1o residenciales como comerciales. Fabricado en China por YOROOW, el grifo se beneficia de un modelo de precios directos de f\u00e1brica que permite soluciones rentables. El fuerte enfoque de la empresa en mercados de exportaci\u00f3n como Sudam\u00e9rica y el sudeste asi\u00e1tico garantiza que este grifo satisfaga las necesidades de los clientes internacionales, con precios competitivos y est\u00e1ndares de alta calidad.<\/p>","protected":false},"excerpt":{"rendered":"<p>Este rentable grifo monomando de acero inoxidable 304 para lavabo est\u00e1 dise\u00f1ado para aplicaciones sanitarias y proporciona un grifo duradero y eficaz para el uso de agua fr\u00eda. Su dise\u00f1o sencillo pero elegante lo hace adecuado tanto para instalaciones de ba\u00f1o residenciales como comerciales. Fabricado en China por YOROOW, el grifo se beneficia de un modelo de precios directos de f\u00e1brica,...<\/p>","protected":false},"featured_media":10960,"template":"","meta":{"_acf_changed":false,"_kad_post_transparent":"default","_kad_post_title":"","_kad_post_layout":"default","_kad_post_sidebar_id":"","_kad_post_content_style":"default","_kad_post_vertical_padding":"default","_kad_post_feature":"","_kad_post_feature_position":"","_kad_post_header":false,"_kad_post_footer":false},"product_brand":[],"product_cat":[219],"product_tag":[3437,3434],"class_list":{"0":"post-10966","1":"product","2":"type-product","3":"status-publish","4":"has-post-thumbnail","6":"product_cat-single-cold-basin-faucet","7":"product_tag-basin-faucet-water-tap-sanitary-ware-single-handle","8":"product_tag-wash-hand-basin-tap","10":"first","11":"instock","12":"shipping-taxable","13":"purchasable","14":"product-type-variable","15":"wvs-archive-product-wrapper","16":"entry","17":"content-bg","18":"loop-entry"},"acf":[],"yoast_head":"<!-- This site is optimized with the Yoast SEO Premium plugin v25.4 (Yoast SEO v27.0) - https:\/\/yoast.com\/product\/yoast-seo-premium-wordpress\/ -->\n<title>Cost-Effective Single Handle 304 Stainless Steel Basin Faucet Sanitary Ware Water Tap for Cold Water Wash Hand Basin Tap - YOROOW<\/title>\n<meta name=\"description\" content=\"Cost-Effective Single Handle 304 Stainless Steel Basin Faucet sanitary ware water tap for cold water wash hand basin tap, sturdy and hygienic. Chinese factory offers competitive pricing and export readiness for South American and Southeast Asian buyers seeking durable sanitary fittings.\" \/>\n<meta name=\"robots\" content=\"index, follow, max-snippet:-1, max-image-preview:large, max-video-preview:-1\" \/>\n<link rel=\"canonical\" href=\"https:\/\/www.yoroow.com\/es\/detalle-del-producto\/buena-agua-fria-sola-placa-de-cromo-cartucho-de-laton-bano-pequeno-tamano-grifo-del-lavabo\/\" \/>\n<meta property=\"og:locale\" content=\"es_ES\" \/>\n<meta property=\"og:type\" content=\"article\" \/>\n<meta property=\"og:title\" content=\"Cost-Effective Single Handle 304 Stainless Steel Basin Faucet Sanitary Ware Water Tap for Cold Water Wash Hand Basin Tap\" \/>\n<meta property=\"og:description\" content=\"Cost-Effective Single Handle 304 Stainless Steel Basin Faucet sanitary ware water tap for cold water wash hand basin tap, sturdy and hygienic. Chinese factory offers competitive pricing and export readiness for South American and Southeast Asian buyers seeking durable sanitary fittings.\" \/>\n<meta property=\"og:url\" content=\"https:\/\/www.yoroow.com\/es\/detalle-del-producto\/buena-agua-fria-sola-placa-de-cromo-cartucho-de-laton-bano-pequeno-tamano-grifo-del-lavabo\/\" \/>\n<meta property=\"og:site_name\" content=\"YOROOW\" \/>\n<meta property=\"article:publisher\" content=\"https:\/\/www.facebook.com\/people\/yoroowfaucetfactory\/61564236752362\/\" \/>\n<meta property=\"article:modified_time\" content=\"2025-05-16T01:24:44+00:00\" \/>\n<meta property=\"og:image\" content=\"https:\/\/www.yoroow.com\/wp-content\/uploads\/2025\/02\/sku\u56fe_wmjQEtlf_4.jpg\" \/>\n\t<meta property=\"og:image:width\" content=\"1794\" \/>\n\t<meta property=\"og:image:height\" content=\"1794\" \/>\n\t<meta property=\"og:image:type\" content=\"image\/jpeg\" \/>\n<meta name=\"twitter:card\" content=\"summary_large_image\" \/>\n<meta name=\"twitter:label1\" content=\"Tiempo de lectura\" \/>\n\t<meta name=\"twitter:data1\" content=\"1 minuto\" \/>\n<script type=\"application\/ld+json\" class=\"yoast-schema-graph\">{\"@context\":\"https:\/\/schema.org\",\"@graph\":[{\"@type\":\"WebPage\",\"@id\":\"https:\/\/www.yoroow.com\/es\/detalle-del-producto\/buena-agua-fria-sola-placa-de-cromo-cartucho-de-laton-bano-pequeno-tamano-grifo-del-lavabo\/\",\"url\":\"https:\/\/www.yoroow.com\/es\/detalle-del-producto\/buena-agua-fria-sola-placa-de-cromo-cartucho-de-laton-bano-pequeno-tamano-grifo-del-lavabo\/\",\"name\":\"Cost-Effective Single Handle 304 Stainless Steel Basin Faucet Sanitary Ware Water Tap for Cold Water Wash Hand Basin Tap - YOROOW\",\"isPartOf\":{\"@id\":\"https:\/\/www.yoroow.com\/es\/#website\"},\"primaryImageOfPage\":{\"@id\":\"https:\/\/www.yoroow.com\/es\/detalle-del-producto\/buena-agua-fria-sola-placa-de-cromo-cartucho-de-laton-bano-pequeno-tamano-grifo-del-lavabo\/#primaryimage\"},\"image\":{\"@id\":\"https:\/\/www.yoroow.com\/es\/detalle-del-producto\/buena-agua-fria-sola-placa-de-cromo-cartucho-de-laton-bano-pequeno-tamano-grifo-del-lavabo\/#primaryimage\"},\"thumbnailUrl\":\"https:\/\/www.yoroow.com\/wp-content\/uploads\/2025\/02\/sku\u56fe_wmjQEtlf_4.jpg\",\"datePublished\":\"2025-02-18T09:20:39+00:00\",\"dateModified\":\"2025-05-16T01:24:44+00:00\",\"description\":\"Cost-Effective Single Handle 304 Stainless Steel Basin Faucet sanitary ware water tap for cold water wash hand basin tap, sturdy and hygienic. Chinese factory offers competitive pricing and export readiness for South American and Southeast Asian buyers seeking durable sanitary fittings.\",\"breadcrumb\":{\"@id\":\"https:\/\/www.yoroow.com\/es\/detalle-del-producto\/buena-agua-fria-sola-placa-de-cromo-cartucho-de-laton-bano-pequeno-tamano-grifo-del-lavabo\/#breadcrumb\"},\"inLanguage\":\"es\",\"potentialAction\":[{\"@type\":\"ReadAction\",\"target\":[\"https:\/\/www.yoroow.com\/es\/detalle-del-producto\/buena-agua-fria-sola-placa-de-cromo-cartucho-de-laton-bano-pequeno-tamano-grifo-del-lavabo\/\"]}]},{\"@type\":\"ImageObject\",\"inLanguage\":\"es\",\"@id\":\"https:\/\/www.yoroow.com\/es\/detalle-del-producto\/buena-agua-fria-sola-placa-de-cromo-cartucho-de-laton-bano-pequeno-tamano-grifo-del-lavabo\/#primaryimage\",\"url\":\"https:\/\/www.yoroow.com\/wp-content\/uploads\/2025\/02\/sku\u56fe_wmjQEtlf_4.jpg\",\"contentUrl\":\"https:\/\/www.yoroow.com\/wp-content\/uploads\/2025\/02\/sku\u56fe_wmjQEtlf_4.jpg\",\"width\":1794,\"height\":1794,\"caption\":\"Factory Outlet Chrome Zinc Alloy Single Cold Basin Faucet Table Top Wash Basin Tap with Handle Faucet - 9135A-585A\"},{\"@type\":\"BreadcrumbList\",\"@id\":\"https:\/\/www.yoroow.com\/es\/detalle-del-producto\/buena-agua-fria-sola-placa-de-cromo-cartucho-de-laton-bano-pequeno-tamano-grifo-del-lavabo\/#breadcrumb\",\"itemListElement\":[{\"@type\":\"ListItem\",\"position\":1,\"name\":\"home\",\"item\":\"https:\/\/www.yoroow.com\/\"},{\"@type\":\"ListItem\",\"position\":2,\"name\":\"Product\",\"item\":\"https:\/\/www.yoroow.com\/product\/\"},{\"@type\":\"ListItem\",\"position\":3,\"name\":\"Cost-Effective Single Handle 304 Stainless Steel Basin Faucet Sanitary Ware Water Tap for Cold Water Wash Hand Basin Tap\"}]},{\"@type\":\"WebSite\",\"@id\":\"https:\/\/www.yoroow.com\/es\/#website\",\"url\":\"https:\/\/www.yoroow.com\/es\/\",\"name\":\"YOROOW\",\"description\":\"\",\"publisher\":{\"@id\":\"https:\/\/www.yoroow.com\/es\/#organization\"},\"potentialAction\":[{\"@type\":\"SearchAction\",\"target\":{\"@type\":\"EntryPoint\",\"urlTemplate\":\"https:\/\/www.yoroow.com\/es\/?s={search_term_string}\"},\"query-input\":{\"@type\":\"PropertyValueSpecification\",\"valueRequired\":true,\"valueName\":\"search_term_string\"}}],\"inLanguage\":\"es\"},{\"@type\":\"Organization\",\"@id\":\"https:\/\/www.yoroow.com\/es\/#organization\",\"name\":\"YOROOW\",\"url\":\"https:\/\/www.yoroow.com\/es\/\",\"logo\":{\"@type\":\"ImageObject\",\"inLanguage\":\"es\",\"@id\":\"https:\/\/www.yoroow.com\/es\/#\/schema\/logo\/image\/\",\"url\":\"https:\/\/www.yoroow.com\/wp-content\/uploads\/2024\/12\/2024123007131061.png\",\"contentUrl\":\"https:\/\/www.yoroow.com\/wp-content\/uploads\/2024\/12\/2024123007131061.png\",\"width\":168,\"height\":27,\"caption\":\"YOROOW\"},\"image\":{\"@id\":\"https:\/\/www.yoroow.com\/es\/#\/schema\/logo\/image\/\"},\"sameAs\":[\"https:\/\/www.facebook.com\/people\/yoroowfaucetfactory\/61564236752362\/\"]}]}<\/script>\n<!-- \/ Yoast SEO Premium plugin. -->","yoast_head_json":{"title":"Cost-Effective Single Handle 304 Stainless Steel Basin Faucet Sanitary Ware Water Tap for Cold Water Wash Hand Basin Tap - YOROOW","description":"Cost-Effective Single Handle 304 Stainless Steel Basin Faucet sanitary ware water tap for cold water wash hand basin tap, sturdy and hygienic. Chinese factory offers competitive pricing and export readiness for South American and Southeast Asian buyers seeking durable sanitary fittings.","robots":{"index":"index","follow":"follow","max-snippet":"max-snippet:-1","max-image-preview":"max-image-preview:large","max-video-preview":"max-video-preview:-1"},"canonical":"https:\/\/www.yoroow.com\/es\/detalle-del-producto\/buena-agua-fria-sola-placa-de-cromo-cartucho-de-laton-bano-pequeno-tamano-grifo-del-lavabo\/","og_locale":"es_ES","og_type":"article","og_title":"Cost-Effective Single Handle 304 Stainless Steel Basin Faucet Sanitary Ware Water Tap for Cold Water Wash Hand Basin Tap","og_description":"Cost-Effective Single Handle 304 Stainless Steel Basin Faucet sanitary ware water tap for cold water wash hand basin tap, sturdy and hygienic. Chinese factory offers competitive pricing and export readiness for South American and Southeast Asian buyers seeking durable sanitary fittings.","og_url":"https:\/\/www.yoroow.com\/es\/detalle-del-producto\/buena-agua-fria-sola-placa-de-cromo-cartucho-de-laton-bano-pequeno-tamano-grifo-del-lavabo\/","og_site_name":"YOROOW","article_publisher":"https:\/\/www.facebook.com\/people\/yoroowfaucetfactory\/61564236752362\/","article_modified_time":"2025-05-16T01:24:44+00:00","og_image":[{"width":1794,"height":1794,"url":"https:\/\/www.yoroow.com\/wp-content\/uploads\/2025\/02\/sku\u56fe_wmjQEtlf_4.jpg","type":"image\/jpeg"}],"twitter_card":"summary_large_image","twitter_misc":{"Tiempo de lectura":"1 minuto"},"schema":{"@context":"https:\/\/schema.org","@graph":[{"@type":"WebPage","@id":"https:\/\/www.yoroow.com\/es\/detalle-del-producto\/buena-agua-fria-sola-placa-de-cromo-cartucho-de-laton-bano-pequeno-tamano-grifo-del-lavabo\/","url":"https:\/\/www.yoroow.com\/es\/detalle-del-producto\/buena-agua-fria-sola-placa-de-cromo-cartucho-de-laton-bano-pequeno-tamano-grifo-del-lavabo\/","name":"Cost-Effective Single Handle 304 Stainless Steel Basin Faucet Sanitary Ware Water Tap for Cold Water Wash Hand Basin Tap - YOROOW","isPartOf":{"@id":"https:\/\/www.yoroow.com\/es\/#website"},"primaryImageOfPage":{"@id":"https:\/\/www.yoroow.com\/es\/detalle-del-producto\/buena-agua-fria-sola-placa-de-cromo-cartucho-de-laton-bano-pequeno-tamano-grifo-del-lavabo\/#primaryimage"},"image":{"@id":"https:\/\/www.yoroow.com\/es\/detalle-del-producto\/buena-agua-fria-sola-placa-de-cromo-cartucho-de-laton-bano-pequeno-tamano-grifo-del-lavabo\/#primaryimage"},"thumbnailUrl":"https:\/\/www.yoroow.com\/wp-content\/uploads\/2025\/02\/sku\u56fe_wmjQEtlf_4.jpg","datePublished":"2025-02-18T09:20:39+00:00","dateModified":"2025-05-16T01:24:44+00:00","description":"Cost-Effective Single Handle 304 Stainless Steel Basin Faucet sanitary ware water tap for cold water wash hand basin tap, sturdy and hygienic. Chinese factory offers competitive pricing and export readiness for South American and Southeast Asian buyers seeking durable sanitary fittings.","breadcrumb":{"@id":"https:\/\/www.yoroow.com\/es\/detalle-del-producto\/buena-agua-fria-sola-placa-de-cromo-cartucho-de-laton-bano-pequeno-tamano-grifo-del-lavabo\/#breadcrumb"},"inLanguage":"es","potentialAction":[{"@type":"ReadAction","target":["https:\/\/www.yoroow.com\/es\/detalle-del-producto\/buena-agua-fria-sola-placa-de-cromo-cartucho-de-laton-bano-pequeno-tamano-grifo-del-lavabo\/"]}]},{"@type":"ImageObject","inLanguage":"es","@id":"https:\/\/www.yoroow.com\/es\/detalle-del-producto\/buena-agua-fria-sola-placa-de-cromo-cartucho-de-laton-bano-pequeno-tamano-grifo-del-lavabo\/#primaryimage","url":"https:\/\/www.yoroow.com\/wp-content\/uploads\/2025\/02\/sku\u56fe_wmjQEtlf_4.jpg","contentUrl":"https:\/\/www.yoroow.com\/wp-content\/uploads\/2025\/02\/sku\u56fe_wmjQEtlf_4.jpg","width":1794,"height":1794,"caption":"Factory Outlet Chrome Zinc Alloy Single Cold Basin Faucet Table Top Wash Basin Tap with Handle Faucet - 9135A-585A"},{"@type":"BreadcrumbList","@id":"https:\/\/www.yoroow.com\/es\/detalle-del-producto\/buena-agua-fria-sola-placa-de-cromo-cartucho-de-laton-bano-pequeno-tamano-grifo-del-lavabo\/#breadcrumb","itemListElement":[{"@type":"ListItem","position":1,"name":"home","item":"https:\/\/www.yoroow.com\/"},{"@type":"ListItem","position":2,"name":"Product","item":"https:\/\/www.yoroow.com\/product\/"},{"@type":"ListItem","position":3,"name":"Cost-Effective Single Handle 304 Stainless Steel Basin Faucet Sanitary Ware Water Tap for Cold Water Wash Hand Basin Tap"}]},{"@type":"WebSite","@id":"https:\/\/www.yoroow.com\/es\/#website","url":"https:\/\/www.yoroow.com\/es\/","name":"YOROOW","description":"","publisher":{"@id":"https:\/\/www.yoroow.com\/es\/#organization"},"potentialAction":[{"@type":"SearchAction","target":{"@type":"EntryPoint","urlTemplate":"https:\/\/www.yoroow.com\/es\/?s={search_term_string}"},"query-input":{"@type":"PropertyValueSpecification","valueRequired":true,"valueName":"search_term_string"}}],"inLanguage":"es"},{"@type":"Organization","@id":"https:\/\/www.yoroow.com\/es\/#organization","name":"YOROOW","url":"https:\/\/www.yoroow.com\/es\/","logo":{"@type":"ImageObject","inLanguage":"es","@id":"https:\/\/www.yoroow.com\/es\/#\/schema\/logo\/image\/","url":"https:\/\/www.yoroow.com\/wp-content\/uploads\/2024\/12\/2024123007131061.png","contentUrl":"https:\/\/www.yoroow.com\/wp-content\/uploads\/2024\/12\/2024123007131061.png","width":168,"height":27,"caption":"YOROOW"},"image":{"@id":"https:\/\/www.yoroow.com\/es\/#\/schema\/logo\/image\/"},"sameAs":["https:\/\/www.facebook.com\/people\/yoroowfaucetfactory\/61564236752362\/"]}]}},"_links":{"self":[{"href":"https:\/\/www.yoroow.com\/es\/wp-json\/wp\/v2\/product\/10966","targetHints":{"allow":["GET"]}}],"collection":[{"href":"https:\/\/www.yoroow.com\/es\/wp-json\/wp\/v2\/product"}],"about":[{"href":"https:\/\/www.yoroow.com\/es\/wp-json\/wp\/v2\/types\/product"}],"wp:featuredmedia":[{"embeddable":true,"href":"https:\/\/www.yoroow.com\/es\/wp-json\/wp\/v2\/media\/10960"}],"wp:attachment":[{"href":"https:\/\/www.yoroow.com\/es\/wp-json\/wp\/v2\/media?parent=10966"}],"wp:term":[{"taxonomy":"product_brand","embeddable":true,"href":"https:\/\/www.yoroow.com\/es\/wp-json\/wp\/v2\/product_brand?post=10966"},{"taxonomy":"product_cat","embeddable":true,"href":"https:\/\/www.yoroow.com\/es\/wp-json\/wp\/v2\/product_cat?post=10966"},{"taxonomy":"product_tag","embeddable":true,"href":"https:\/\/www.yoroow.com\/es\/wp-json\/wp\/v2\/product_tag?post=10966"}],"curies":[{"name":"wp","href":"https:\/\/api.w.org\/{rel}","templated":true}]}}