{"id":10961,"date":"2025-02-18T17:20:38","date_gmt":"2025-02-18T09:20:38","guid":{"rendered":"https:\/\/www.yoroow.com\/?post_type=product&#038;p=10961"},"modified":"2025-05-16T09:24:42","modified_gmt":"2025-05-16T01:24:42","slug":"venta-directa-de-fabrica-de-agua-fria-sola-placa-de-laton-cromado-cartucho-lavabo-grifo-del-lavabo","status":"publish","type":"product","link":"https:\/\/www.yoroow.com\/es\/detalle-del-producto\/venta-directa-de-fabrica-de-agua-fria-sola-placa-de-laton-cromado-cartucho-lavabo-grifo-del-lavabo\/","title":{"rendered":"Grifo tradicional monomando de aleaci\u00f3n de zinc y cromo para lavabo Grifo termost\u00e1tico para ba\u00f1o con funci\u00f3n de agua fr\u00eda"},"content":{"rendered":"<p>The traditional single-handle chrome zinc alloy basin faucet is thermostatic, designed for bathroom use with a cold water feature. Its simple yet functional design makes it ideal for a wide range of bathroom settings, from residential to commercial properties. The chrome zinc alloy construction ensures long-lasting durability. YOROOW\u2019s factory direct sales and ability to customize orders allow businesses to meet the specific needs of customers in South America and Southeast Asia, offering an efficient solution for export markets seeking high-quality and affordable products.<\/p>","protected":false},"excerpt":{"rendered":"<p>The traditional single-handle chrome zinc alloy basin faucet is thermostatic, designed for bathroom use with a cold water feature. Its simple yet functional design makes it ideal for a wide range of bathroom settings, from residential to commercial properties. The chrome zinc alloy construction ensures long-lasting durability. YOROOW\u2019s factory direct sales and ability to customize&#8230;<\/p>","protected":false},"featured_media":10959,"template":"","meta":{"_acf_changed":false,"_kad_post_transparent":"default","_kad_post_title":"","_kad_post_layout":"default","_kad_post_sidebar_id":"","_kad_post_content_style":"default","_kad_post_vertical_padding":"default","_kad_post_feature":"","_kad_post_feature_position":"","_kad_post_header":false,"_kad_post_footer":false},"product_brand":[],"product_cat":[219],"product_tag":[3441,3455],"class_list":{"0":"post-10961","1":"product","2":"type-product","3":"status-publish","4":"has-post-thumbnail","6":"product_cat-single-cold-basin-faucet","7":"product_tag-basin-faucet-chrome-zinc-alloy","8":"product_tag-bathroom-face-basin-tap-traditional","10":"first","11":"instock","12":"shipping-taxable","13":"purchasable","14":"product-type-variable","15":"wvs-archive-product-wrapper","16":"entry","17":"content-bg","18":"loop-entry"},"acf":[],"yoast_head":"<!-- This site is optimized with the Yoast SEO Premium plugin v25.4 (Yoast SEO v27.0) - https:\/\/yoast.com\/product\/yoast-seo-premium-wordpress\/ -->\n<title>Traditional Single-Handle Chrome Zinc Alloy Basin Faucet Thermostatic Bathroom Face Tap with Cold Water Feature - YOROOW<\/title>\n<meta name=\"description\" content=\"Traditional Single-Handle Chrome Zinc Alloy Basin Faucet with thermostatic bathroom face tap and cold water feature, classic design. Made in China with consistent quality for export to Latin America and Southeast Asia traditional bathroom markets.\" \/>\n<meta name=\"robots\" content=\"index, follow, max-snippet:-1, max-image-preview:large, max-video-preview:-1\" \/>\n<link rel=\"canonical\" href=\"https:\/\/www.yoroow.com\/es\/detalle-del-producto\/venta-directa-de-fabrica-de-agua-fria-sola-placa-de-laton-cromado-cartucho-lavabo-grifo-del-lavabo\/\" \/>\n<meta property=\"og:locale\" content=\"es_ES\" \/>\n<meta property=\"og:type\" content=\"article\" \/>\n<meta property=\"og:title\" content=\"Traditional Single-Handle Chrome Zinc Alloy Basin Faucet Thermostatic Bathroom Face Tap with Cold Water Feature\" \/>\n<meta property=\"og:description\" content=\"Traditional Single-Handle Chrome Zinc Alloy Basin Faucet with thermostatic bathroom face tap and cold water feature, classic design. Made in China with consistent quality for export to Latin America and Southeast Asia traditional bathroom markets.\" \/>\n<meta property=\"og:url\" content=\"https:\/\/www.yoroow.com\/es\/detalle-del-producto\/venta-directa-de-fabrica-de-agua-fria-sola-placa-de-laton-cromado-cartucho-lavabo-grifo-del-lavabo\/\" \/>\n<meta property=\"og:site_name\" content=\"YOROOW\" \/>\n<meta property=\"article:publisher\" content=\"https:\/\/www.facebook.com\/people\/yoroowfaucetfactory\/61564236752362\/\" \/>\n<meta property=\"article:modified_time\" content=\"2025-05-16T01:24:42+00:00\" \/>\n<meta property=\"og:image\" content=\"https:\/\/www.yoroow.com\/wp-content\/uploads\/2025\/02\/sku\u56fe_wmjQEtlf_3.jpg\" \/>\n\t<meta property=\"og:image:width\" content=\"496\" \/>\n\t<meta property=\"og:image:height\" content=\"496\" \/>\n\t<meta property=\"og:image:type\" content=\"image\/jpeg\" \/>\n<meta name=\"twitter:card\" content=\"summary_large_image\" \/>\n<meta name=\"twitter:label1\" content=\"Tiempo de lectura\" \/>\n\t<meta name=\"twitter:data1\" content=\"1 minuto\" \/>\n<script type=\"application\/ld+json\" class=\"yoast-schema-graph\">{\"@context\":\"https:\/\/schema.org\",\"@graph\":[{\"@type\":\"WebPage\",\"@id\":\"https:\/\/www.yoroow.com\/es\/detalle-del-producto\/venta-directa-de-fabrica-de-agua-fria-sola-placa-de-laton-cromado-cartucho-lavabo-grifo-del-lavabo\/\",\"url\":\"https:\/\/www.yoroow.com\/es\/detalle-del-producto\/venta-directa-de-fabrica-de-agua-fria-sola-placa-de-laton-cromado-cartucho-lavabo-grifo-del-lavabo\/\",\"name\":\"Traditional Single-Handle Chrome Zinc Alloy Basin Faucet Thermostatic Bathroom Face Tap with Cold Water Feature - YOROOW\",\"isPartOf\":{\"@id\":\"https:\/\/www.yoroow.com\/es\/#website\"},\"primaryImageOfPage\":{\"@id\":\"https:\/\/www.yoroow.com\/es\/detalle-del-producto\/venta-directa-de-fabrica-de-agua-fria-sola-placa-de-laton-cromado-cartucho-lavabo-grifo-del-lavabo\/#primaryimage\"},\"image\":{\"@id\":\"https:\/\/www.yoroow.com\/es\/detalle-del-producto\/venta-directa-de-fabrica-de-agua-fria-sola-placa-de-laton-cromado-cartucho-lavabo-grifo-del-lavabo\/#primaryimage\"},\"thumbnailUrl\":\"https:\/\/www.yoroow.com\/wp-content\/uploads\/2025\/02\/sku\u56fe_wmjQEtlf_3.jpg\",\"datePublished\":\"2025-02-18T09:20:38+00:00\",\"dateModified\":\"2025-05-16T01:24:42+00:00\",\"description\":\"Traditional Single-Handle Chrome Zinc Alloy Basin Faucet with thermostatic bathroom face tap and cold water feature, classic design. Made in China with consistent quality for export to Latin America and Southeast Asia traditional bathroom markets.\",\"breadcrumb\":{\"@id\":\"https:\/\/www.yoroow.com\/es\/detalle-del-producto\/venta-directa-de-fabrica-de-agua-fria-sola-placa-de-laton-cromado-cartucho-lavabo-grifo-del-lavabo\/#breadcrumb\"},\"inLanguage\":\"es\",\"potentialAction\":[{\"@type\":\"ReadAction\",\"target\":[\"https:\/\/www.yoroow.com\/es\/detalle-del-producto\/venta-directa-de-fabrica-de-agua-fria-sola-placa-de-laton-cromado-cartucho-lavabo-grifo-del-lavabo\/\"]}]},{\"@type\":\"ImageObject\",\"inLanguage\":\"es\",\"@id\":\"https:\/\/www.yoroow.com\/es\/detalle-del-producto\/venta-directa-de-fabrica-de-agua-fria-sola-placa-de-laton-cromado-cartucho-lavabo-grifo-del-lavabo\/#primaryimage\",\"url\":\"https:\/\/www.yoroow.com\/wp-content\/uploads\/2025\/02\/sku\u56fe_wmjQEtlf_3.jpg\",\"contentUrl\":\"https:\/\/www.yoroow.com\/wp-content\/uploads\/2025\/02\/sku\u56fe_wmjQEtlf_3.jpg\",\"width\":496,\"height\":496,\"caption\":\"Factory Outlet Chrome Zinc Alloy Single Cold Basin Faucet Table Top Wash Basin Tap with Handle Faucet - 9135A-585A\"},{\"@type\":\"BreadcrumbList\",\"@id\":\"https:\/\/www.yoroow.com\/es\/detalle-del-producto\/venta-directa-de-fabrica-de-agua-fria-sola-placa-de-laton-cromado-cartucho-lavabo-grifo-del-lavabo\/#breadcrumb\",\"itemListElement\":[{\"@type\":\"ListItem\",\"position\":1,\"name\":\"home\",\"item\":\"https:\/\/www.yoroow.com\/\"},{\"@type\":\"ListItem\",\"position\":2,\"name\":\"Product\",\"item\":\"https:\/\/www.yoroow.com\/product\/\"},{\"@type\":\"ListItem\",\"position\":3,\"name\":\"Traditional Single-Handle Chrome Zinc Alloy Basin Faucet Thermostatic Bathroom Face Tap with Cold Water Feature\"}]},{\"@type\":\"WebSite\",\"@id\":\"https:\/\/www.yoroow.com\/es\/#website\",\"url\":\"https:\/\/www.yoroow.com\/es\/\",\"name\":\"YOROOW\",\"description\":\"\",\"publisher\":{\"@id\":\"https:\/\/www.yoroow.com\/es\/#organization\"},\"potentialAction\":[{\"@type\":\"SearchAction\",\"target\":{\"@type\":\"EntryPoint\",\"urlTemplate\":\"https:\/\/www.yoroow.com\/es\/?s={search_term_string}\"},\"query-input\":{\"@type\":\"PropertyValueSpecification\",\"valueRequired\":true,\"valueName\":\"search_term_string\"}}],\"inLanguage\":\"es\"},{\"@type\":\"Organization\",\"@id\":\"https:\/\/www.yoroow.com\/es\/#organization\",\"name\":\"YOROOW\",\"url\":\"https:\/\/www.yoroow.com\/es\/\",\"logo\":{\"@type\":\"ImageObject\",\"inLanguage\":\"es\",\"@id\":\"https:\/\/www.yoroow.com\/es\/#\/schema\/logo\/image\/\",\"url\":\"https:\/\/www.yoroow.com\/wp-content\/uploads\/2024\/12\/2024123007131061.png\",\"contentUrl\":\"https:\/\/www.yoroow.com\/wp-content\/uploads\/2024\/12\/2024123007131061.png\",\"width\":168,\"height\":27,\"caption\":\"YOROOW\"},\"image\":{\"@id\":\"https:\/\/www.yoroow.com\/es\/#\/schema\/logo\/image\/\"},\"sameAs\":[\"https:\/\/www.facebook.com\/people\/yoroowfaucetfactory\/61564236752362\/\"]}]}<\/script>\n<!-- \/ Yoast SEO Premium plugin. -->","yoast_head_json":{"title":"Traditional Single-Handle Chrome Zinc Alloy Basin Faucet Thermostatic Bathroom Face Tap with Cold Water Feature - YOROOW","description":"Traditional Single-Handle Chrome Zinc Alloy Basin Faucet with thermostatic bathroom face tap and cold water feature, classic design. Made in China with consistent quality for export to Latin America and Southeast Asia traditional bathroom markets.","robots":{"index":"index","follow":"follow","max-snippet":"max-snippet:-1","max-image-preview":"max-image-preview:large","max-video-preview":"max-video-preview:-1"},"canonical":"https:\/\/www.yoroow.com\/es\/detalle-del-producto\/venta-directa-de-fabrica-de-agua-fria-sola-placa-de-laton-cromado-cartucho-lavabo-grifo-del-lavabo\/","og_locale":"es_ES","og_type":"article","og_title":"Traditional Single-Handle Chrome Zinc Alloy Basin Faucet Thermostatic Bathroom Face Tap with Cold Water Feature","og_description":"Traditional Single-Handle Chrome Zinc Alloy Basin Faucet with thermostatic bathroom face tap and cold water feature, classic design. Made in China with consistent quality for export to Latin America and Southeast Asia traditional bathroom markets.","og_url":"https:\/\/www.yoroow.com\/es\/detalle-del-producto\/venta-directa-de-fabrica-de-agua-fria-sola-placa-de-laton-cromado-cartucho-lavabo-grifo-del-lavabo\/","og_site_name":"YOROOW","article_publisher":"https:\/\/www.facebook.com\/people\/yoroowfaucetfactory\/61564236752362\/","article_modified_time":"2025-05-16T01:24:42+00:00","og_image":[{"width":496,"height":496,"url":"https:\/\/www.yoroow.com\/wp-content\/uploads\/2025\/02\/sku\u56fe_wmjQEtlf_3.jpg","type":"image\/jpeg"}],"twitter_card":"summary_large_image","twitter_misc":{"Tiempo de lectura":"1 minuto"},"schema":{"@context":"https:\/\/schema.org","@graph":[{"@type":"WebPage","@id":"https:\/\/www.yoroow.com\/es\/detalle-del-producto\/venta-directa-de-fabrica-de-agua-fria-sola-placa-de-laton-cromado-cartucho-lavabo-grifo-del-lavabo\/","url":"https:\/\/www.yoroow.com\/es\/detalle-del-producto\/venta-directa-de-fabrica-de-agua-fria-sola-placa-de-laton-cromado-cartucho-lavabo-grifo-del-lavabo\/","name":"Traditional Single-Handle Chrome Zinc Alloy Basin Faucet Thermostatic Bathroom Face Tap with Cold Water Feature - YOROOW","isPartOf":{"@id":"https:\/\/www.yoroow.com\/es\/#website"},"primaryImageOfPage":{"@id":"https:\/\/www.yoroow.com\/es\/detalle-del-producto\/venta-directa-de-fabrica-de-agua-fria-sola-placa-de-laton-cromado-cartucho-lavabo-grifo-del-lavabo\/#primaryimage"},"image":{"@id":"https:\/\/www.yoroow.com\/es\/detalle-del-producto\/venta-directa-de-fabrica-de-agua-fria-sola-placa-de-laton-cromado-cartucho-lavabo-grifo-del-lavabo\/#primaryimage"},"thumbnailUrl":"https:\/\/www.yoroow.com\/wp-content\/uploads\/2025\/02\/sku\u56fe_wmjQEtlf_3.jpg","datePublished":"2025-02-18T09:20:38+00:00","dateModified":"2025-05-16T01:24:42+00:00","description":"Traditional Single-Handle Chrome Zinc Alloy Basin Faucet with thermostatic bathroom face tap and cold water feature, classic design. Made in China with consistent quality for export to Latin America and Southeast Asia traditional bathroom markets.","breadcrumb":{"@id":"https:\/\/www.yoroow.com\/es\/detalle-del-producto\/venta-directa-de-fabrica-de-agua-fria-sola-placa-de-laton-cromado-cartucho-lavabo-grifo-del-lavabo\/#breadcrumb"},"inLanguage":"es","potentialAction":[{"@type":"ReadAction","target":["https:\/\/www.yoroow.com\/es\/detalle-del-producto\/venta-directa-de-fabrica-de-agua-fria-sola-placa-de-laton-cromado-cartucho-lavabo-grifo-del-lavabo\/"]}]},{"@type":"ImageObject","inLanguage":"es","@id":"https:\/\/www.yoroow.com\/es\/detalle-del-producto\/venta-directa-de-fabrica-de-agua-fria-sola-placa-de-laton-cromado-cartucho-lavabo-grifo-del-lavabo\/#primaryimage","url":"https:\/\/www.yoroow.com\/wp-content\/uploads\/2025\/02\/sku\u56fe_wmjQEtlf_3.jpg","contentUrl":"https:\/\/www.yoroow.com\/wp-content\/uploads\/2025\/02\/sku\u56fe_wmjQEtlf_3.jpg","width":496,"height":496,"caption":"Factory Outlet Chrome Zinc Alloy Single Cold Basin Faucet Table Top Wash Basin Tap with Handle Faucet - 9135A-585A"},{"@type":"BreadcrumbList","@id":"https:\/\/www.yoroow.com\/es\/detalle-del-producto\/venta-directa-de-fabrica-de-agua-fria-sola-placa-de-laton-cromado-cartucho-lavabo-grifo-del-lavabo\/#breadcrumb","itemListElement":[{"@type":"ListItem","position":1,"name":"home","item":"https:\/\/www.yoroow.com\/"},{"@type":"ListItem","position":2,"name":"Product","item":"https:\/\/www.yoroow.com\/product\/"},{"@type":"ListItem","position":3,"name":"Traditional Single-Handle Chrome Zinc Alloy Basin Faucet Thermostatic Bathroom Face Tap with Cold Water Feature"}]},{"@type":"WebSite","@id":"https:\/\/www.yoroow.com\/es\/#website","url":"https:\/\/www.yoroow.com\/es\/","name":"YOROOW","description":"","publisher":{"@id":"https:\/\/www.yoroow.com\/es\/#organization"},"potentialAction":[{"@type":"SearchAction","target":{"@type":"EntryPoint","urlTemplate":"https:\/\/www.yoroow.com\/es\/?s={search_term_string}"},"query-input":{"@type":"PropertyValueSpecification","valueRequired":true,"valueName":"search_term_string"}}],"inLanguage":"es"},{"@type":"Organization","@id":"https:\/\/www.yoroow.com\/es\/#organization","name":"YOROOW","url":"https:\/\/www.yoroow.com\/es\/","logo":{"@type":"ImageObject","inLanguage":"es","@id":"https:\/\/www.yoroow.com\/es\/#\/schema\/logo\/image\/","url":"https:\/\/www.yoroow.com\/wp-content\/uploads\/2024\/12\/2024123007131061.png","contentUrl":"https:\/\/www.yoroow.com\/wp-content\/uploads\/2024\/12\/2024123007131061.png","width":168,"height":27,"caption":"YOROOW"},"image":{"@id":"https:\/\/www.yoroow.com\/es\/#\/schema\/logo\/image\/"},"sameAs":["https:\/\/www.facebook.com\/people\/yoroowfaucetfactory\/61564236752362\/"]}]}},"_links":{"self":[{"href":"https:\/\/www.yoroow.com\/es\/wp-json\/wp\/v2\/product\/10961","targetHints":{"allow":["GET"]}}],"collection":[{"href":"https:\/\/www.yoroow.com\/es\/wp-json\/wp\/v2\/product"}],"about":[{"href":"https:\/\/www.yoroow.com\/es\/wp-json\/wp\/v2\/types\/product"}],"wp:featuredmedia":[{"embeddable":true,"href":"https:\/\/www.yoroow.com\/es\/wp-json\/wp\/v2\/media\/10959"}],"wp:attachment":[{"href":"https:\/\/www.yoroow.com\/es\/wp-json\/wp\/v2\/media?parent=10961"}],"wp:term":[{"taxonomy":"product_brand","embeddable":true,"href":"https:\/\/www.yoroow.com\/es\/wp-json\/wp\/v2\/product_brand?post=10961"},{"taxonomy":"product_cat","embeddable":true,"href":"https:\/\/www.yoroow.com\/es\/wp-json\/wp\/v2\/product_cat?post=10961"},{"taxonomy":"product_tag","embeddable":true,"href":"https:\/\/www.yoroow.com\/es\/wp-json\/wp\/v2\/product_tag?post=10961"}],"curies":[{"name":"wp","href":"https:\/\/api.w.org\/{rel}","templated":true}]}}