{"id":10819,"date":"2025-02-18T13:09:56","date_gmt":"2025-02-18T05:09:56","guid":{"rendered":"https:\/\/www.yoroow.com\/?post_type=product&#038;p=10819"},"modified":"2025-05-16T09:24:05","modified_gmt":"2025-05-16T01:24:05","slug":"yoroow-grifo-para-lavabo-de-bano-moderno-de-alta-gama-grifo-flexible-de-agua-fria-360-grados-de-rotacion-grifos-para-lavabo","status":"publish","type":"product","link":"https:\/\/www.yoroow.com\/es\/detalle-del-producto\/yoroow-grifo-para-lavabo-de-bano-moderno-de-alta-gama-grifo-flexible-de-agua-fria-360-grados-de-rotacion-grifos-para-lavabo\/","title":{"rendered":"Grifo de lavabo contempor\u00e1neo de agua fr\u00eda para escuelas y hospitales con acabado de lujo en gris pistola y superficie cepillada"},"content":{"rendered":"<p>El grifo contempor\u00e1neo para lavabo de agua fr\u00eda con un lujoso acabado gris pistola ofrece una soluci\u00f3n elegante para lavabos de escuelas y hospitales. La superficie cepillada y el dise\u00f1o moderno garantizan un aspecto elegante, mientras que la funci\u00f3n de una sola agua fr\u00eda hace que sea energ\u00e9ticamente eficiente y f\u00e1cil de usar. Fabricado con materiales de alta calidad en China, el grifo ofrece fiabilidad y durabilidad, con un precio competitivo que atrae a los compradores al por mayor. Este grifo es una excelente opci\u00f3n para exportar a Sudam\u00e9rica y el sudeste asi\u00e1tico, donde hay una gran demanda de grifer\u00edas modernas y funcionales para aplicaciones residenciales y comerciales.<\/p>","protected":false},"excerpt":{"rendered":"<p>Contemporary Single Cold Water Basin Faucet with a luxury gun grey finish provides an elegant solution for wash basins in schools and hospitals. The brushed surface and modern design ensure a sleek appearance, while the single cold water feature makes it energy-efficient and easy to use. Made from high-quality materials in China, the faucet offers&#8230;<\/p>","protected":false},"featured_media":10785,"template":"","meta":{"_acf_changed":false,"_kad_post_transparent":"default","_kad_post_title":"","_kad_post_layout":"default","_kad_post_sidebar_id":"","_kad_post_content_style":"default","_kad_post_vertical_padding":"default","_kad_post_feature":"","_kad_post_feature_position":"","_kad_post_header":false,"_kad_post_footer":false},"product_brand":[],"product_cat":[219],"product_tag":[3465,5915],"class_list":{"0":"post-10819","1":"product","2":"type-product","3":"status-publish","4":"has-post-thumbnail","6":"product_cat-single-cold-basin-faucet","7":"product_tag-gun-grey-basin-taps","8":"product_tag-single-cold-water-basin-sink-faucet","10":"first","11":"instock","12":"shipping-taxable","13":"purchasable","14":"product-type-variable","15":"wvs-archive-product-wrapper","16":"entry","17":"content-bg","18":"loop-entry"},"acf":[],"yoast_head":"<!-- This site is optimized with the Yoast SEO Premium plugin v25.4 (Yoast SEO v27.0) - https:\/\/yoast.com\/product\/yoast-seo-premium-wordpress\/ -->\n<title>Contemporary Single Cold Water Basin Sink Faucet Luxury Gun Grey Finish Brushed Surface for Schools and Hospitals - YOROOW<\/title>\n<meta name=\"description\" content=\"Contemporary Single Cold Water Basin Sink Faucet with luxury gun grey brushed surface, designed for schools and hospitals. Manufactured in China with sanitary grade materials, suitable for export to health institutions in South America and Southeast Asia.\" \/>\n<meta name=\"robots\" content=\"index, follow, max-snippet:-1, max-image-preview:large, max-video-preview:-1\" \/>\n<link rel=\"canonical\" href=\"https:\/\/www.yoroow.com\/es\/detalle-del-producto\/yoroow-grifo-para-lavabo-de-bano-moderno-de-alta-gama-grifo-flexible-de-agua-fria-360-grados-de-rotacion-grifos-para-lavabo\/\" \/>\n<meta property=\"og:locale\" content=\"es_ES\" \/>\n<meta property=\"og:type\" content=\"article\" \/>\n<meta property=\"og:title\" content=\"Contemporary Single Cold Water Basin Sink Faucet Luxury Gun Grey Finish Brushed Surface for Schools and Hospitals\" \/>\n<meta property=\"og:description\" content=\"Contemporary Single Cold Water Basin Sink Faucet with luxury gun grey brushed surface, designed for schools and hospitals. Manufactured in China with sanitary grade materials, suitable for export to health institutions in South America and Southeast Asia.\" \/>\n<meta property=\"og:url\" content=\"https:\/\/www.yoroow.com\/es\/detalle-del-producto\/yoroow-grifo-para-lavabo-de-bano-moderno-de-alta-gama-grifo-flexible-de-agua-fria-360-grados-de-rotacion-grifos-para-lavabo\/\" \/>\n<meta property=\"og:site_name\" content=\"YOROOW\" \/>\n<meta property=\"article:publisher\" content=\"https:\/\/www.facebook.com\/people\/yoroowfaucetfactory\/61564236752362\/\" \/>\n<meta property=\"article:modified_time\" content=\"2025-05-16T01:24:05+00:00\" \/>\n<meta property=\"og:image\" content=\"https:\/\/www.yoroow.com\/wp-content\/uploads\/2025\/02\/sku\u56fe_J7uAttWo_1.jpg\" \/>\n\t<meta property=\"og:image:width\" content=\"648\" \/>\n\t<meta property=\"og:image:height\" content=\"648\" \/>\n\t<meta property=\"og:image:type\" content=\"image\/jpeg\" \/>\n<meta name=\"twitter:card\" content=\"summary_large_image\" \/>\n<meta name=\"twitter:label1\" content=\"Tiempo de lectura\" \/>\n\t<meta name=\"twitter:data1\" content=\"2 minutos\" \/>\n<script type=\"application\/ld+json\" class=\"yoast-schema-graph\">{\"@context\":\"https:\/\/schema.org\",\"@graph\":[{\"@type\":\"WebPage\",\"@id\":\"https:\/\/www.yoroow.com\/es\/detalle-del-producto\/yoroow-grifo-para-lavabo-de-bano-moderno-de-alta-gama-grifo-flexible-de-agua-fria-360-grados-de-rotacion-grifos-para-lavabo\/\",\"url\":\"https:\/\/www.yoroow.com\/es\/detalle-del-producto\/yoroow-grifo-para-lavabo-de-bano-moderno-de-alta-gama-grifo-flexible-de-agua-fria-360-grados-de-rotacion-grifos-para-lavabo\/\",\"name\":\"Contemporary Single Cold Water Basin Sink Faucet Luxury Gun Grey Finish Brushed Surface for Schools and Hospitals - YOROOW\",\"isPartOf\":{\"@id\":\"https:\/\/www.yoroow.com\/es\/#website\"},\"primaryImageOfPage\":{\"@id\":\"https:\/\/www.yoroow.com\/es\/detalle-del-producto\/yoroow-grifo-para-lavabo-de-bano-moderno-de-alta-gama-grifo-flexible-de-agua-fria-360-grados-de-rotacion-grifos-para-lavabo\/#primaryimage\"},\"image\":{\"@id\":\"https:\/\/www.yoroow.com\/es\/detalle-del-producto\/yoroow-grifo-para-lavabo-de-bano-moderno-de-alta-gama-grifo-flexible-de-agua-fria-360-grados-de-rotacion-grifos-para-lavabo\/#primaryimage\"},\"thumbnailUrl\":\"https:\/\/www.yoroow.com\/wp-content\/uploads\/2025\/02\/sku\u56fe_J7uAttWo_1.jpg\",\"datePublished\":\"2025-02-18T05:09:56+00:00\",\"dateModified\":\"2025-05-16T01:24:05+00:00\",\"description\":\"Contemporary Single Cold Water Basin Sink Faucet with luxury gun grey brushed surface, designed for schools and hospitals. Manufactured in China with sanitary grade materials, suitable for export to health institutions in South America and Southeast Asia.\",\"breadcrumb\":{\"@id\":\"https:\/\/www.yoroow.com\/es\/detalle-del-producto\/yoroow-grifo-para-lavabo-de-bano-moderno-de-alta-gama-grifo-flexible-de-agua-fria-360-grados-de-rotacion-grifos-para-lavabo\/#breadcrumb\"},\"inLanguage\":\"es\",\"potentialAction\":[{\"@type\":\"ReadAction\",\"target\":[\"https:\/\/www.yoroow.com\/es\/detalle-del-producto\/yoroow-grifo-para-lavabo-de-bano-moderno-de-alta-gama-grifo-flexible-de-agua-fria-360-grados-de-rotacion-grifos-para-lavabo\/\"]}]},{\"@type\":\"ImageObject\",\"inLanguage\":\"es\",\"@id\":\"https:\/\/www.yoroow.com\/es\/detalle-del-producto\/yoroow-grifo-para-lavabo-de-bano-moderno-de-alta-gama-grifo-flexible-de-agua-fria-360-grados-de-rotacion-grifos-para-lavabo\/#primaryimage\",\"url\":\"https:\/\/www.yoroow.com\/wp-content\/uploads\/2025\/02\/sku\u56fe_J7uAttWo_1.jpg\",\"contentUrl\":\"https:\/\/www.yoroow.com\/wp-content\/uploads\/2025\/02\/sku\u56fe_J7uAttWo_1.jpg\",\"width\":648,\"height\":648,\"caption\":\"304 Stainless Steel Single Cold Water Basin Sink Faucet with Long Spout Modern Design Single Hole Mount\"},{\"@type\":\"BreadcrumbList\",\"@id\":\"https:\/\/www.yoroow.com\/es\/detalle-del-producto\/yoroow-grifo-para-lavabo-de-bano-moderno-de-alta-gama-grifo-flexible-de-agua-fria-360-grados-de-rotacion-grifos-para-lavabo\/#breadcrumb\",\"itemListElement\":[{\"@type\":\"ListItem\",\"position\":1,\"name\":\"home\",\"item\":\"https:\/\/www.yoroow.com\/\"},{\"@type\":\"ListItem\",\"position\":2,\"name\":\"Product\",\"item\":\"https:\/\/www.yoroow.com\/product\/\"},{\"@type\":\"ListItem\",\"position\":3,\"name\":\"Contemporary Single Cold Water Basin Sink Faucet Luxury Gun Grey Finish Brushed Surface for Schools and Hospitals\"}]},{\"@type\":\"WebSite\",\"@id\":\"https:\/\/www.yoroow.com\/es\/#website\",\"url\":\"https:\/\/www.yoroow.com\/es\/\",\"name\":\"YOROOW\",\"description\":\"\",\"publisher\":{\"@id\":\"https:\/\/www.yoroow.com\/es\/#organization\"},\"potentialAction\":[{\"@type\":\"SearchAction\",\"target\":{\"@type\":\"EntryPoint\",\"urlTemplate\":\"https:\/\/www.yoroow.com\/es\/?s={search_term_string}\"},\"query-input\":{\"@type\":\"PropertyValueSpecification\",\"valueRequired\":true,\"valueName\":\"search_term_string\"}}],\"inLanguage\":\"es\"},{\"@type\":\"Organization\",\"@id\":\"https:\/\/www.yoroow.com\/es\/#organization\",\"name\":\"YOROOW\",\"url\":\"https:\/\/www.yoroow.com\/es\/\",\"logo\":{\"@type\":\"ImageObject\",\"inLanguage\":\"es\",\"@id\":\"https:\/\/www.yoroow.com\/es\/#\/schema\/logo\/image\/\",\"url\":\"https:\/\/www.yoroow.com\/wp-content\/uploads\/2024\/12\/2024123007131061.png\",\"contentUrl\":\"https:\/\/www.yoroow.com\/wp-content\/uploads\/2024\/12\/2024123007131061.png\",\"width\":168,\"height\":27,\"caption\":\"YOROOW\"},\"image\":{\"@id\":\"https:\/\/www.yoroow.com\/es\/#\/schema\/logo\/image\/\"},\"sameAs\":[\"https:\/\/www.facebook.com\/people\/yoroowfaucetfactory\/61564236752362\/\"]}]}<\/script>\n<!-- \/ Yoast SEO Premium plugin. -->","yoast_head_json":{"title":"Contemporary Single Cold Water Basin Sink Faucet Luxury Gun Grey Finish Brushed Surface for Schools and Hospitals - YOROOW","description":"Contemporary Single Cold Water Basin Sink Faucet with luxury gun grey brushed surface, designed for schools and hospitals. Manufactured in China with sanitary grade materials, suitable for export to health institutions in South America and Southeast Asia.","robots":{"index":"index","follow":"follow","max-snippet":"max-snippet:-1","max-image-preview":"max-image-preview:large","max-video-preview":"max-video-preview:-1"},"canonical":"https:\/\/www.yoroow.com\/es\/detalle-del-producto\/yoroow-grifo-para-lavabo-de-bano-moderno-de-alta-gama-grifo-flexible-de-agua-fria-360-grados-de-rotacion-grifos-para-lavabo\/","og_locale":"es_ES","og_type":"article","og_title":"Contemporary Single Cold Water Basin Sink Faucet Luxury Gun Grey Finish Brushed Surface for Schools and Hospitals","og_description":"Contemporary Single Cold Water Basin Sink Faucet with luxury gun grey brushed surface, designed for schools and hospitals. Manufactured in China with sanitary grade materials, suitable for export to health institutions in South America and Southeast Asia.","og_url":"https:\/\/www.yoroow.com\/es\/detalle-del-producto\/yoroow-grifo-para-lavabo-de-bano-moderno-de-alta-gama-grifo-flexible-de-agua-fria-360-grados-de-rotacion-grifos-para-lavabo\/","og_site_name":"YOROOW","article_publisher":"https:\/\/www.facebook.com\/people\/yoroowfaucetfactory\/61564236752362\/","article_modified_time":"2025-05-16T01:24:05+00:00","og_image":[{"width":648,"height":648,"url":"https:\/\/www.yoroow.com\/wp-content\/uploads\/2025\/02\/sku\u56fe_J7uAttWo_1.jpg","type":"image\/jpeg"}],"twitter_card":"summary_large_image","twitter_misc":{"Tiempo de lectura":"2 minutos"},"schema":{"@context":"https:\/\/schema.org","@graph":[{"@type":"WebPage","@id":"https:\/\/www.yoroow.com\/es\/detalle-del-producto\/yoroow-grifo-para-lavabo-de-bano-moderno-de-alta-gama-grifo-flexible-de-agua-fria-360-grados-de-rotacion-grifos-para-lavabo\/","url":"https:\/\/www.yoroow.com\/es\/detalle-del-producto\/yoroow-grifo-para-lavabo-de-bano-moderno-de-alta-gama-grifo-flexible-de-agua-fria-360-grados-de-rotacion-grifos-para-lavabo\/","name":"Contemporary Single Cold Water Basin Sink Faucet Luxury Gun Grey Finish Brushed Surface for Schools and Hospitals - YOROOW","isPartOf":{"@id":"https:\/\/www.yoroow.com\/es\/#website"},"primaryImageOfPage":{"@id":"https:\/\/www.yoroow.com\/es\/detalle-del-producto\/yoroow-grifo-para-lavabo-de-bano-moderno-de-alta-gama-grifo-flexible-de-agua-fria-360-grados-de-rotacion-grifos-para-lavabo\/#primaryimage"},"image":{"@id":"https:\/\/www.yoroow.com\/es\/detalle-del-producto\/yoroow-grifo-para-lavabo-de-bano-moderno-de-alta-gama-grifo-flexible-de-agua-fria-360-grados-de-rotacion-grifos-para-lavabo\/#primaryimage"},"thumbnailUrl":"https:\/\/www.yoroow.com\/wp-content\/uploads\/2025\/02\/sku\u56fe_J7uAttWo_1.jpg","datePublished":"2025-02-18T05:09:56+00:00","dateModified":"2025-05-16T01:24:05+00:00","description":"Contemporary Single Cold Water Basin Sink Faucet with luxury gun grey brushed surface, designed for schools and hospitals. Manufactured in China with sanitary grade materials, suitable for export to health institutions in South America and Southeast Asia.","breadcrumb":{"@id":"https:\/\/www.yoroow.com\/es\/detalle-del-producto\/yoroow-grifo-para-lavabo-de-bano-moderno-de-alta-gama-grifo-flexible-de-agua-fria-360-grados-de-rotacion-grifos-para-lavabo\/#breadcrumb"},"inLanguage":"es","potentialAction":[{"@type":"ReadAction","target":["https:\/\/www.yoroow.com\/es\/detalle-del-producto\/yoroow-grifo-para-lavabo-de-bano-moderno-de-alta-gama-grifo-flexible-de-agua-fria-360-grados-de-rotacion-grifos-para-lavabo\/"]}]},{"@type":"ImageObject","inLanguage":"es","@id":"https:\/\/www.yoroow.com\/es\/detalle-del-producto\/yoroow-grifo-para-lavabo-de-bano-moderno-de-alta-gama-grifo-flexible-de-agua-fria-360-grados-de-rotacion-grifos-para-lavabo\/#primaryimage","url":"https:\/\/www.yoroow.com\/wp-content\/uploads\/2025\/02\/sku\u56fe_J7uAttWo_1.jpg","contentUrl":"https:\/\/www.yoroow.com\/wp-content\/uploads\/2025\/02\/sku\u56fe_J7uAttWo_1.jpg","width":648,"height":648,"caption":"304 Stainless Steel Single Cold Water Basin Sink Faucet with Long Spout Modern Design Single Hole Mount"},{"@type":"BreadcrumbList","@id":"https:\/\/www.yoroow.com\/es\/detalle-del-producto\/yoroow-grifo-para-lavabo-de-bano-moderno-de-alta-gama-grifo-flexible-de-agua-fria-360-grados-de-rotacion-grifos-para-lavabo\/#breadcrumb","itemListElement":[{"@type":"ListItem","position":1,"name":"home","item":"https:\/\/www.yoroow.com\/"},{"@type":"ListItem","position":2,"name":"Product","item":"https:\/\/www.yoroow.com\/product\/"},{"@type":"ListItem","position":3,"name":"Contemporary Single Cold Water Basin Sink Faucet Luxury Gun Grey Finish Brushed Surface for Schools and Hospitals"}]},{"@type":"WebSite","@id":"https:\/\/www.yoroow.com\/es\/#website","url":"https:\/\/www.yoroow.com\/es\/","name":"YOROOW","description":"","publisher":{"@id":"https:\/\/www.yoroow.com\/es\/#organization"},"potentialAction":[{"@type":"SearchAction","target":{"@type":"EntryPoint","urlTemplate":"https:\/\/www.yoroow.com\/es\/?s={search_term_string}"},"query-input":{"@type":"PropertyValueSpecification","valueRequired":true,"valueName":"search_term_string"}}],"inLanguage":"es"},{"@type":"Organization","@id":"https:\/\/www.yoroow.com\/es\/#organization","name":"YOROOW","url":"https:\/\/www.yoroow.com\/es\/","logo":{"@type":"ImageObject","inLanguage":"es","@id":"https:\/\/www.yoroow.com\/es\/#\/schema\/logo\/image\/","url":"https:\/\/www.yoroow.com\/wp-content\/uploads\/2024\/12\/2024123007131061.png","contentUrl":"https:\/\/www.yoroow.com\/wp-content\/uploads\/2024\/12\/2024123007131061.png","width":168,"height":27,"caption":"YOROOW"},"image":{"@id":"https:\/\/www.yoroow.com\/es\/#\/schema\/logo\/image\/"},"sameAs":["https:\/\/www.facebook.com\/people\/yoroowfaucetfactory\/61564236752362\/"]}]}},"_links":{"self":[{"href":"https:\/\/www.yoroow.com\/es\/wp-json\/wp\/v2\/product\/10819","targetHints":{"allow":["GET"]}}],"collection":[{"href":"https:\/\/www.yoroow.com\/es\/wp-json\/wp\/v2\/product"}],"about":[{"href":"https:\/\/www.yoroow.com\/es\/wp-json\/wp\/v2\/types\/product"}],"wp:featuredmedia":[{"embeddable":true,"href":"https:\/\/www.yoroow.com\/es\/wp-json\/wp\/v2\/media\/10785"}],"wp:attachment":[{"href":"https:\/\/www.yoroow.com\/es\/wp-json\/wp\/v2\/media?parent=10819"}],"wp:term":[{"taxonomy":"product_brand","embeddable":true,"href":"https:\/\/www.yoroow.com\/es\/wp-json\/wp\/v2\/product_brand?post=10819"},{"taxonomy":"product_cat","embeddable":true,"href":"https:\/\/www.yoroow.com\/es\/wp-json\/wp\/v2\/product_cat?post=10819"},{"taxonomy":"product_tag","embeddable":true,"href":"https:\/\/www.yoroow.com\/es\/wp-json\/wp\/v2\/product_tag?post=10819"}],"curies":[{"name":"wp","href":"https:\/\/api.w.org\/{rel}","templated":true}]}}