{"id":10798,"date":"2025-02-18T13:09:41","date_gmt":"2025-02-18T05:09:41","guid":{"rendered":"https:\/\/www.yoroow.com\/?post_type=product&#038;p=10798"},"modified":"2025-05-16T09:23:58","modified_gmt":"2025-05-16T01:23:58","slug":"grifo-de-lavabo-negro-estilo-popular-grifo-flexible-de-agua-fria-360-grados-de-rotacion-grifos-de-lavabo","status":"publish","type":"product","link":"https:\/\/www.yoroow.com\/es\/detalle-del-producto\/grifo-de-lavabo-negro-estilo-popular-grifo-flexible-de-agua-fria-360-grados-de-rotacion-grifos-de-lavabo\/","title":{"rendered":"Moderno grifo de lavabo de un orificio de acero inoxidable cepillado Grifo de agua fr\u00eda de dise\u00f1o contempor\u00e1neo para ba\u00f1o o parque"},"content":{"rendered":"<p>El grifo de lavabo de acero inoxidable Modern es un elegante grifo de agua fr\u00eda dise\u00f1ado para ba\u00f1os contempor\u00e1neos. Con un acabado de acero inoxidable cepillado y un n\u00facleo de v\u00e1lvula de cer\u00e1mica, proporciona una durabilidad superior y un control preciso del agua. Su dise\u00f1o vers\u00e1til lo hace adecuado tanto para el hogar como para instalaciones p\u00fablicas, ofreciendo un aspecto limpio y moderno. Fabricada en China, la grifer\u00eda se beneficia de avanzadas t\u00e9cnicas de producci\u00f3n y precios rentables, lo que la convierte en una opci\u00f3n popular para pedidos al por mayor. Su robusta construcci\u00f3n y su atractivo est\u00e9tico lo hacen perfecto para exportar a Sudam\u00e9rica y el sudeste asi\u00e1tico, donde se valora el dise\u00f1o moderno y la calidad artesanal.<\/p>","protected":false},"excerpt":{"rendered":"<p>El grifo de lavabo de acero inoxidable Modern es un elegante grifo de agua fr\u00eda dise\u00f1ado para ba\u00f1os contempor\u00e1neos. Con un acabado de acero inoxidable cepillado y un n\u00facleo de v\u00e1lvula de cer\u00e1mica, proporciona una durabilidad superior y un control preciso del agua. Su dise\u00f1o vers\u00e1til lo hace adecuado tanto para el hogar como para instalaciones p\u00fablicas, ofreciendo un aspecto limpio y moderno. Fabricado en China, el...<\/p>","protected":false},"featured_media":10787,"template":"","meta":{"_acf_changed":false,"_kad_post_transparent":"default","_kad_post_title":"","_kad_post_layout":"default","_kad_post_sidebar_id":"","_kad_post_content_style":"default","_kad_post_vertical_padding":"default","_kad_post_feature":"","_kad_post_feature_position":"","_kad_post_header":false,"_kad_post_footer":false},"product_brand":[],"product_cat":[219],"product_tag":[3413,3424],"class_list":{"0":"post-10798","1":"product","2":"type-product","3":"status-publish","4":"has-post-thumbnail","6":"product_cat-single-cold-basin-faucet","7":"product_tag-single-hole-modern-bathroom-water-basin-faucet","8":"product_tag-stainless-steel-basin-tap","10":"first","11":"instock","12":"shipping-taxable","13":"purchasable","14":"product-type-variable","15":"wvs-archive-product-wrapper","16":"entry","17":"content-bg","18":"loop-entry"},"acf":[],"yoast_head":"<!-- This site is optimized with the Yoast SEO Premium plugin v25.4 (Yoast SEO v27.0) - https:\/\/yoast.com\/product\/yoast-seo-premium-wordpress\/ -->\n<title>Modern Single-Hole Stainless Steel Basin Tap Brushed Single Cold Water Faucet with Contemporary Design for Bathroom or Park Use - YOROOW<\/title>\n<meta name=\"description\" content=\"Modern Single-Hole Stainless Steel Basin Tap with brushed finish and single cold water function, suitable for bathroom or park use. Chinese factory ensures premium stainless steel quality, targeting export markets in South America and Southeast Asia requiring robust sanitary fittings.\" \/>\n<meta name=\"robots\" content=\"index, follow, max-snippet:-1, max-image-preview:large, max-video-preview:-1\" \/>\n<link rel=\"canonical\" href=\"https:\/\/www.yoroow.com\/es\/detalle-del-producto\/grifo-de-lavabo-negro-estilo-popular-grifo-flexible-de-agua-fria-360-grados-de-rotacion-grifos-de-lavabo\/\" \/>\n<meta property=\"og:locale\" content=\"es_ES\" \/>\n<meta property=\"og:type\" content=\"article\" \/>\n<meta property=\"og:title\" content=\"Modern Single-Hole Stainless Steel Basin Tap Brushed Single Cold Water Faucet with Contemporary Design for Bathroom or Park Use\" \/>\n<meta property=\"og:description\" content=\"Modern Single-Hole Stainless Steel Basin Tap with brushed finish and single cold water function, suitable for bathroom or park use. Chinese factory ensures premium stainless steel quality, targeting export markets in South America and Southeast Asia requiring robust sanitary fittings.\" \/>\n<meta property=\"og:url\" content=\"https:\/\/www.yoroow.com\/es\/detalle-del-producto\/grifo-de-lavabo-negro-estilo-popular-grifo-flexible-de-agua-fria-360-grados-de-rotacion-grifos-de-lavabo\/\" \/>\n<meta property=\"og:site_name\" content=\"YOROOW\" \/>\n<meta property=\"article:publisher\" content=\"https:\/\/www.facebook.com\/people\/yoroowfaucetfactory\/61564236752362\/\" \/>\n<meta property=\"article:modified_time\" content=\"2025-05-16T01:23:58+00:00\" \/>\n<meta property=\"og:image\" content=\"https:\/\/www.yoroow.com\/wp-content\/uploads\/2025\/02\/sku\u56fe_J7uAttWo_3.jpg\" \/>\n\t<meta property=\"og:image:width\" content=\"624\" \/>\n\t<meta property=\"og:image:height\" content=\"624\" \/>\n\t<meta property=\"og:image:type\" content=\"image\/jpeg\" \/>\n<meta name=\"twitter:card\" content=\"summary_large_image\" \/>\n<meta name=\"twitter:label1\" content=\"Tiempo de lectura\" \/>\n\t<meta name=\"twitter:data1\" content=\"2 minutos\" \/>\n<script type=\"application\/ld+json\" class=\"yoast-schema-graph\">{\"@context\":\"https:\/\/schema.org\",\"@graph\":[{\"@type\":\"WebPage\",\"@id\":\"https:\/\/www.yoroow.com\/es\/detalle-del-producto\/grifo-de-lavabo-negro-estilo-popular-grifo-flexible-de-agua-fria-360-grados-de-rotacion-grifos-de-lavabo\/\",\"url\":\"https:\/\/www.yoroow.com\/es\/detalle-del-producto\/grifo-de-lavabo-negro-estilo-popular-grifo-flexible-de-agua-fria-360-grados-de-rotacion-grifos-de-lavabo\/\",\"name\":\"Modern Single-Hole Stainless Steel Basin Tap Brushed Single Cold Water Faucet with Contemporary Design for Bathroom or Park Use - YOROOW\",\"isPartOf\":{\"@id\":\"https:\/\/www.yoroow.com\/es\/#website\"},\"primaryImageOfPage\":{\"@id\":\"https:\/\/www.yoroow.com\/es\/detalle-del-producto\/grifo-de-lavabo-negro-estilo-popular-grifo-flexible-de-agua-fria-360-grados-de-rotacion-grifos-de-lavabo\/#primaryimage\"},\"image\":{\"@id\":\"https:\/\/www.yoroow.com\/es\/detalle-del-producto\/grifo-de-lavabo-negro-estilo-popular-grifo-flexible-de-agua-fria-360-grados-de-rotacion-grifos-de-lavabo\/#primaryimage\"},\"thumbnailUrl\":\"https:\/\/www.yoroow.com\/wp-content\/uploads\/2025\/02\/sku\u56fe_J7uAttWo_3.jpg\",\"datePublished\":\"2025-02-18T05:09:41+00:00\",\"dateModified\":\"2025-05-16T01:23:58+00:00\",\"description\":\"Modern Single-Hole Stainless Steel Basin Tap with brushed finish and single cold water function, suitable for bathroom or park use. Chinese factory ensures premium stainless steel quality, targeting export markets in South America and Southeast Asia requiring robust sanitary fittings.\",\"breadcrumb\":{\"@id\":\"https:\/\/www.yoroow.com\/es\/detalle-del-producto\/grifo-de-lavabo-negro-estilo-popular-grifo-flexible-de-agua-fria-360-grados-de-rotacion-grifos-de-lavabo\/#breadcrumb\"},\"inLanguage\":\"es\",\"potentialAction\":[{\"@type\":\"ReadAction\",\"target\":[\"https:\/\/www.yoroow.com\/es\/detalle-del-producto\/grifo-de-lavabo-negro-estilo-popular-grifo-flexible-de-agua-fria-360-grados-de-rotacion-grifos-de-lavabo\/\"]}]},{\"@type\":\"ImageObject\",\"inLanguage\":\"es\",\"@id\":\"https:\/\/www.yoroow.com\/es\/detalle-del-producto\/grifo-de-lavabo-negro-estilo-popular-grifo-flexible-de-agua-fria-360-grados-de-rotacion-grifos-de-lavabo\/#primaryimage\",\"url\":\"https:\/\/www.yoroow.com\/wp-content\/uploads\/2025\/02\/sku\u56fe_J7uAttWo_3.jpg\",\"contentUrl\":\"https:\/\/www.yoroow.com\/wp-content\/uploads\/2025\/02\/sku\u56fe_J7uAttWo_3.jpg\",\"width\":624,\"height\":624,\"caption\":\"304 Stainless Steel Single Cold Water Basin Sink Faucet with Long Spout Modern Design Single Hole Mount\"},{\"@type\":\"BreadcrumbList\",\"@id\":\"https:\/\/www.yoroow.com\/es\/detalle-del-producto\/grifo-de-lavabo-negro-estilo-popular-grifo-flexible-de-agua-fria-360-grados-de-rotacion-grifos-de-lavabo\/#breadcrumb\",\"itemListElement\":[{\"@type\":\"ListItem\",\"position\":1,\"name\":\"home\",\"item\":\"https:\/\/www.yoroow.com\/\"},{\"@type\":\"ListItem\",\"position\":2,\"name\":\"Product\",\"item\":\"https:\/\/www.yoroow.com\/product\/\"},{\"@type\":\"ListItem\",\"position\":3,\"name\":\"Modern Single-Hole Stainless Steel Basin Tap Brushed Single Cold Water Faucet with Contemporary Design for Bathroom or Park Use\"}]},{\"@type\":\"WebSite\",\"@id\":\"https:\/\/www.yoroow.com\/es\/#website\",\"url\":\"https:\/\/www.yoroow.com\/es\/\",\"name\":\"YOROOW\",\"description\":\"\",\"publisher\":{\"@id\":\"https:\/\/www.yoroow.com\/es\/#organization\"},\"potentialAction\":[{\"@type\":\"SearchAction\",\"target\":{\"@type\":\"EntryPoint\",\"urlTemplate\":\"https:\/\/www.yoroow.com\/es\/?s={search_term_string}\"},\"query-input\":{\"@type\":\"PropertyValueSpecification\",\"valueRequired\":true,\"valueName\":\"search_term_string\"}}],\"inLanguage\":\"es\"},{\"@type\":\"Organization\",\"@id\":\"https:\/\/www.yoroow.com\/es\/#organization\",\"name\":\"YOROOW\",\"url\":\"https:\/\/www.yoroow.com\/es\/\",\"logo\":{\"@type\":\"ImageObject\",\"inLanguage\":\"es\",\"@id\":\"https:\/\/www.yoroow.com\/es\/#\/schema\/logo\/image\/\",\"url\":\"https:\/\/www.yoroow.com\/wp-content\/uploads\/2024\/12\/2024123007131061.png\",\"contentUrl\":\"https:\/\/www.yoroow.com\/wp-content\/uploads\/2024\/12\/2024123007131061.png\",\"width\":168,\"height\":27,\"caption\":\"YOROOW\"},\"image\":{\"@id\":\"https:\/\/www.yoroow.com\/es\/#\/schema\/logo\/image\/\"},\"sameAs\":[\"https:\/\/www.facebook.com\/people\/yoroowfaucetfactory\/61564236752362\/\"]}]}<\/script>\n<!-- \/ Yoast SEO Premium plugin. -->","yoast_head_json":{"title":"Modern Single-Hole Stainless Steel Basin Tap Brushed Single Cold Water Faucet with Contemporary Design for Bathroom or Park Use - YOROOW","description":"Modern Single-Hole Stainless Steel Basin Tap with brushed finish and single cold water function, suitable for bathroom or park use. Chinese factory ensures premium stainless steel quality, targeting export markets in South America and Southeast Asia requiring robust sanitary fittings.","robots":{"index":"index","follow":"follow","max-snippet":"max-snippet:-1","max-image-preview":"max-image-preview:large","max-video-preview":"max-video-preview:-1"},"canonical":"https:\/\/www.yoroow.com\/es\/detalle-del-producto\/grifo-de-lavabo-negro-estilo-popular-grifo-flexible-de-agua-fria-360-grados-de-rotacion-grifos-de-lavabo\/","og_locale":"es_ES","og_type":"article","og_title":"Modern Single-Hole Stainless Steel Basin Tap Brushed Single Cold Water Faucet with Contemporary Design for Bathroom or Park Use","og_description":"Modern Single-Hole Stainless Steel Basin Tap with brushed finish and single cold water function, suitable for bathroom or park use. Chinese factory ensures premium stainless steel quality, targeting export markets in South America and Southeast Asia requiring robust sanitary fittings.","og_url":"https:\/\/www.yoroow.com\/es\/detalle-del-producto\/grifo-de-lavabo-negro-estilo-popular-grifo-flexible-de-agua-fria-360-grados-de-rotacion-grifos-de-lavabo\/","og_site_name":"YOROOW","article_publisher":"https:\/\/www.facebook.com\/people\/yoroowfaucetfactory\/61564236752362\/","article_modified_time":"2025-05-16T01:23:58+00:00","og_image":[{"width":624,"height":624,"url":"https:\/\/www.yoroow.com\/wp-content\/uploads\/2025\/02\/sku\u56fe_J7uAttWo_3.jpg","type":"image\/jpeg"}],"twitter_card":"summary_large_image","twitter_misc":{"Tiempo de lectura":"2 minutos"},"schema":{"@context":"https:\/\/schema.org","@graph":[{"@type":"WebPage","@id":"https:\/\/www.yoroow.com\/es\/detalle-del-producto\/grifo-de-lavabo-negro-estilo-popular-grifo-flexible-de-agua-fria-360-grados-de-rotacion-grifos-de-lavabo\/","url":"https:\/\/www.yoroow.com\/es\/detalle-del-producto\/grifo-de-lavabo-negro-estilo-popular-grifo-flexible-de-agua-fria-360-grados-de-rotacion-grifos-de-lavabo\/","name":"Modern Single-Hole Stainless Steel Basin Tap Brushed Single Cold Water Faucet with Contemporary Design for Bathroom or Park Use - YOROOW","isPartOf":{"@id":"https:\/\/www.yoroow.com\/es\/#website"},"primaryImageOfPage":{"@id":"https:\/\/www.yoroow.com\/es\/detalle-del-producto\/grifo-de-lavabo-negro-estilo-popular-grifo-flexible-de-agua-fria-360-grados-de-rotacion-grifos-de-lavabo\/#primaryimage"},"image":{"@id":"https:\/\/www.yoroow.com\/es\/detalle-del-producto\/grifo-de-lavabo-negro-estilo-popular-grifo-flexible-de-agua-fria-360-grados-de-rotacion-grifos-de-lavabo\/#primaryimage"},"thumbnailUrl":"https:\/\/www.yoroow.com\/wp-content\/uploads\/2025\/02\/sku\u56fe_J7uAttWo_3.jpg","datePublished":"2025-02-18T05:09:41+00:00","dateModified":"2025-05-16T01:23:58+00:00","description":"Modern Single-Hole Stainless Steel Basin Tap with brushed finish and single cold water function, suitable for bathroom or park use. Chinese factory ensures premium stainless steel quality, targeting export markets in South America and Southeast Asia requiring robust sanitary fittings.","breadcrumb":{"@id":"https:\/\/www.yoroow.com\/es\/detalle-del-producto\/grifo-de-lavabo-negro-estilo-popular-grifo-flexible-de-agua-fria-360-grados-de-rotacion-grifos-de-lavabo\/#breadcrumb"},"inLanguage":"es","potentialAction":[{"@type":"ReadAction","target":["https:\/\/www.yoroow.com\/es\/detalle-del-producto\/grifo-de-lavabo-negro-estilo-popular-grifo-flexible-de-agua-fria-360-grados-de-rotacion-grifos-de-lavabo\/"]}]},{"@type":"ImageObject","inLanguage":"es","@id":"https:\/\/www.yoroow.com\/es\/detalle-del-producto\/grifo-de-lavabo-negro-estilo-popular-grifo-flexible-de-agua-fria-360-grados-de-rotacion-grifos-de-lavabo\/#primaryimage","url":"https:\/\/www.yoroow.com\/wp-content\/uploads\/2025\/02\/sku\u56fe_J7uAttWo_3.jpg","contentUrl":"https:\/\/www.yoroow.com\/wp-content\/uploads\/2025\/02\/sku\u56fe_J7uAttWo_3.jpg","width":624,"height":624,"caption":"304 Stainless Steel Single Cold Water Basin Sink Faucet with Long Spout Modern Design Single Hole Mount"},{"@type":"BreadcrumbList","@id":"https:\/\/www.yoroow.com\/es\/detalle-del-producto\/grifo-de-lavabo-negro-estilo-popular-grifo-flexible-de-agua-fria-360-grados-de-rotacion-grifos-de-lavabo\/#breadcrumb","itemListElement":[{"@type":"ListItem","position":1,"name":"home","item":"https:\/\/www.yoroow.com\/"},{"@type":"ListItem","position":2,"name":"Product","item":"https:\/\/www.yoroow.com\/product\/"},{"@type":"ListItem","position":3,"name":"Modern Single-Hole Stainless Steel Basin Tap Brushed Single Cold Water Faucet with Contemporary Design for Bathroom or Park Use"}]},{"@type":"WebSite","@id":"https:\/\/www.yoroow.com\/es\/#website","url":"https:\/\/www.yoroow.com\/es\/","name":"YOROOW","description":"","publisher":{"@id":"https:\/\/www.yoroow.com\/es\/#organization"},"potentialAction":[{"@type":"SearchAction","target":{"@type":"EntryPoint","urlTemplate":"https:\/\/www.yoroow.com\/es\/?s={search_term_string}"},"query-input":{"@type":"PropertyValueSpecification","valueRequired":true,"valueName":"search_term_string"}}],"inLanguage":"es"},{"@type":"Organization","@id":"https:\/\/www.yoroow.com\/es\/#organization","name":"YOROOW","url":"https:\/\/www.yoroow.com\/es\/","logo":{"@type":"ImageObject","inLanguage":"es","@id":"https:\/\/www.yoroow.com\/es\/#\/schema\/logo\/image\/","url":"https:\/\/www.yoroow.com\/wp-content\/uploads\/2024\/12\/2024123007131061.png","contentUrl":"https:\/\/www.yoroow.com\/wp-content\/uploads\/2024\/12\/2024123007131061.png","width":168,"height":27,"caption":"YOROOW"},"image":{"@id":"https:\/\/www.yoroow.com\/es\/#\/schema\/logo\/image\/"},"sameAs":["https:\/\/www.facebook.com\/people\/yoroowfaucetfactory\/61564236752362\/"]}]}},"_links":{"self":[{"href":"https:\/\/www.yoroow.com\/es\/wp-json\/wp\/v2\/product\/10798","targetHints":{"allow":["GET"]}}],"collection":[{"href":"https:\/\/www.yoroow.com\/es\/wp-json\/wp\/v2\/product"}],"about":[{"href":"https:\/\/www.yoroow.com\/es\/wp-json\/wp\/v2\/types\/product"}],"wp:featuredmedia":[{"embeddable":true,"href":"https:\/\/www.yoroow.com\/es\/wp-json\/wp\/v2\/media\/10787"}],"wp:attachment":[{"href":"https:\/\/www.yoroow.com\/es\/wp-json\/wp\/v2\/media?parent=10798"}],"wp:term":[{"taxonomy":"product_brand","embeddable":true,"href":"https:\/\/www.yoroow.com\/es\/wp-json\/wp\/v2\/product_brand?post=10798"},{"taxonomy":"product_cat","embeddable":true,"href":"https:\/\/www.yoroow.com\/es\/wp-json\/wp\/v2\/product_cat?post=10798"},{"taxonomy":"product_tag","embeddable":true,"href":"https:\/\/www.yoroow.com\/es\/wp-json\/wp\/v2\/product_tag?post=10798"}],"curies":[{"name":"wp","href":"https:\/\/api.w.org\/{rel}","templated":true}]}}