{"id":10749,"date":"2025-02-18T10:22:57","date_gmt":"2025-02-18T02:22:57","guid":{"rendered":"https:\/\/www.yoroow.com\/?post_type=product&#038;p=10749"},"modified":"2025-05-16T09:23:29","modified_gmt":"2025-05-16T01:23:29","slug":"fabrica-al-por-mayor-grifo-lavabo-lavabo-zinc-grifo-agua-fria-bubbler-grifo-lavabo-negro","status":"publish","type":"product","link":"https:\/\/www.yoroow.com\/es\/detalle-del-producto\/fabrica-al-por-mayor-grifo-lavabo-lavabo-zinc-grifo-agua-fria-bubbler-grifo-lavabo-negro\/","title":{"rendered":"F\u00e1brica al por mayor negro solo mango lavabo grifo zinc grifo de agua fr\u00eda con Bubbler Sanitary Ware ba\u00f1o fregadero grifo"},"content":{"rendered":"<p>Moderno grifo para lavabo sanitario de un orificio con n\u00facleo de v\u00e1lvula de cer\u00e1mica que ofrece un excelente control del caudal de agua tanto para uso residencial como comercial. Dise\u00f1ado con un aspecto elegante y contempor\u00e1neo, este grifo es ideal para ba\u00f1os modernos, escuelas e instalaciones p\u00fablicas. El mecanismo de un solo grifo de agua fr\u00eda es sencillo pero eficaz, lo que garantiza la facilidad de uso y la eficiencia energ\u00e9tica. Fabricado en China con materiales de primera calidad, este grifo ofrece un gran valor sin comprometer el estilo ni la funcionalidad. Es una opci\u00f3n popular para los mercados de Sudam\u00e9rica y el sudeste asi\u00e1tico, ya que ofrece una combinaci\u00f3n de asequibilidad, estilo y durabilidad que satisface las demandas locales.<\/p>","protected":false},"excerpt":{"rendered":"<p>Moderno grifo para lavabo sanitario de un orificio con n\u00facleo de v\u00e1lvula de cer\u00e1mica que ofrece un excelente control del caudal de agua tanto para uso residencial como comercial. Dise\u00f1ado con un aspecto elegante y contempor\u00e1neo, este grifo es ideal para ba\u00f1os modernos, escuelas e instalaciones p\u00fablicas. El mecanismo de un solo grifo de agua fr\u00eda es sencillo pero eficaz, lo que garantiza la facilidad de uso y la eficiencia energ\u00e9tica. Fabricado...<\/p>","protected":false},"featured_media":10767,"template":"","meta":{"_acf_changed":false,"_kad_post_transparent":"default","_kad_post_title":"","_kad_post_layout":"default","_kad_post_sidebar_id":"","_kad_post_content_style":"default","_kad_post_vertical_padding":"default","_kad_post_feature":"","_kad_post_feature_position":"","_kad_post_header":false,"_kad_post_footer":false},"product_brand":[],"product_cat":[219],"product_tag":[3437,3504],"class_list":{"0":"post-10749","1":"product","2":"type-product","3":"status-publish","4":"has-post-thumbnail","6":"product_cat-single-cold-basin-faucet","7":"product_tag-basin-faucet-water-tap-sanitary-ware-single-handle","8":"product_tag-taps-for-basin","10":"first","11":"instock","12":"shipping-taxable","13":"purchasable","14":"product-type-variable","15":"wvs-archive-product-wrapper","16":"entry","17":"content-bg","18":"loop-entry"},"acf":[],"yoast_head":"<!-- This site is optimized with the Yoast SEO Premium plugin v25.4 (Yoast SEO v27.0) - https:\/\/yoast.com\/product\/yoast-seo-premium-wordpress\/ -->\n<title>Factory Wholesale Black Single Handle Basin Faucet Zinc Cold Water Tap with Bubbler Sanitary Ware Bathroom Sink Tap - YOROOW<\/title>\n<meta name=\"description\" content=\"Modern Single-Hole Single Handle Sanitary Ware Basin Faucet with ceramic valve core and single cold water function, popular for bathrooms. Manufactured in China with export emphasis to Latin American and Southeast Asian markets requiring durable and modern basin taps.\" \/>\n<meta name=\"robots\" content=\"index, follow, max-snippet:-1, max-image-preview:large, max-video-preview:-1\" \/>\n<link rel=\"canonical\" href=\"https:\/\/www.yoroow.com\/es\/detalle-del-producto\/fabrica-al-por-mayor-grifo-lavabo-lavabo-zinc-grifo-agua-fria-bubbler-grifo-lavabo-negro\/\" \/>\n<meta property=\"og:locale\" content=\"es_ES\" \/>\n<meta property=\"og:type\" content=\"article\" \/>\n<meta property=\"og:title\" content=\"Factory Wholesale Black Single Handle Basin Faucet Zinc Cold Water Tap with Bubbler Sanitary Ware Bathroom Sink Tap\" \/>\n<meta property=\"og:description\" content=\"Modern Single-Hole Single Handle Sanitary Ware Basin Faucet with ceramic valve core and single cold water function, popular for bathrooms. Manufactured in China with export emphasis to Latin American and Southeast Asian markets requiring durable and modern basin taps.\" \/>\n<meta property=\"og:url\" content=\"https:\/\/www.yoroow.com\/es\/detalle-del-producto\/fabrica-al-por-mayor-grifo-lavabo-lavabo-zinc-grifo-agua-fria-bubbler-grifo-lavabo-negro\/\" \/>\n<meta property=\"og:site_name\" content=\"YOROOW\" \/>\n<meta property=\"article:publisher\" content=\"https:\/\/www.facebook.com\/people\/yoroowfaucetfactory\/61564236752362\/\" \/>\n<meta property=\"article:modified_time\" content=\"2025-05-16T01:23:29+00:00\" \/>\n<meta property=\"og:image\" content=\"https:\/\/www.yoroow.com\/wp-content\/uploads\/2025\/02\/9132A2-191A2.png\" \/>\n\t<meta property=\"og:image:width\" content=\"654\" \/>\n\t<meta property=\"og:image:height\" content=\"654\" \/>\n\t<meta property=\"og:image:type\" content=\"image\/png\" \/>\n<meta name=\"twitter:card\" content=\"summary_large_image\" \/>\n<meta name=\"twitter:label1\" content=\"Tiempo de lectura\" \/>\n\t<meta name=\"twitter:data1\" content=\"2 minutos\" \/>\n<script type=\"application\/ld+json\" class=\"yoast-schema-graph\">{\"@context\":\"https:\/\/schema.org\",\"@graph\":[{\"@type\":\"WebPage\",\"@id\":\"https:\/\/www.yoroow.com\/es\/detalle-del-producto\/fabrica-al-por-mayor-grifo-lavabo-lavabo-zinc-grifo-agua-fria-bubbler-grifo-lavabo-negro\/\",\"url\":\"https:\/\/www.yoroow.com\/es\/detalle-del-producto\/fabrica-al-por-mayor-grifo-lavabo-lavabo-zinc-grifo-agua-fria-bubbler-grifo-lavabo-negro\/\",\"name\":\"Factory Wholesale Black Single Handle Basin Faucet Zinc Cold Water Tap with Bubbler Sanitary Ware Bathroom Sink Tap - YOROOW\",\"isPartOf\":{\"@id\":\"https:\/\/www.yoroow.com\/es\/#website\"},\"primaryImageOfPage\":{\"@id\":\"https:\/\/www.yoroow.com\/es\/detalle-del-producto\/fabrica-al-por-mayor-grifo-lavabo-lavabo-zinc-grifo-agua-fria-bubbler-grifo-lavabo-negro\/#primaryimage\"},\"image\":{\"@id\":\"https:\/\/www.yoroow.com\/es\/detalle-del-producto\/fabrica-al-por-mayor-grifo-lavabo-lavabo-zinc-grifo-agua-fria-bubbler-grifo-lavabo-negro\/#primaryimage\"},\"thumbnailUrl\":\"https:\/\/www.yoroow.com\/wp-content\/uploads\/2025\/02\/9132A2-191A2.png\",\"datePublished\":\"2025-02-18T02:22:57+00:00\",\"dateModified\":\"2025-05-16T01:23:29+00:00\",\"description\":\"Modern Single-Hole Single Handle Sanitary Ware Basin Faucet with ceramic valve core and single cold water function, popular for bathrooms. Manufactured in China with export emphasis to Latin American and Southeast Asian markets requiring durable and modern basin taps.\",\"breadcrumb\":{\"@id\":\"https:\/\/www.yoroow.com\/es\/detalle-del-producto\/fabrica-al-por-mayor-grifo-lavabo-lavabo-zinc-grifo-agua-fria-bubbler-grifo-lavabo-negro\/#breadcrumb\"},\"inLanguage\":\"es\",\"potentialAction\":[{\"@type\":\"ReadAction\",\"target\":[\"https:\/\/www.yoroow.com\/es\/detalle-del-producto\/fabrica-al-por-mayor-grifo-lavabo-lavabo-zinc-grifo-agua-fria-bubbler-grifo-lavabo-negro\/\"]}]},{\"@type\":\"ImageObject\",\"inLanguage\":\"es\",\"@id\":\"https:\/\/www.yoroow.com\/es\/detalle-del-producto\/fabrica-al-por-mayor-grifo-lavabo-lavabo-zinc-grifo-agua-fria-bubbler-grifo-lavabo-negro\/#primaryimage\",\"url\":\"https:\/\/www.yoroow.com\/wp-content\/uploads\/2025\/02\/9132A2-191A2.png\",\"contentUrl\":\"https:\/\/www.yoroow.com\/wp-content\/uploads\/2025\/02\/9132A2-191A2.png\",\"width\":654,\"height\":654,\"caption\":\"Modern Single-Hole Single Handle Sanitary Ware Basin Faucet Popular Cupc Water Tap with Ceramic Valve Core Single Cold Tap\"},{\"@type\":\"BreadcrumbList\",\"@id\":\"https:\/\/www.yoroow.com\/es\/detalle-del-producto\/fabrica-al-por-mayor-grifo-lavabo-lavabo-zinc-grifo-agua-fria-bubbler-grifo-lavabo-negro\/#breadcrumb\",\"itemListElement\":[{\"@type\":\"ListItem\",\"position\":1,\"name\":\"home\",\"item\":\"https:\/\/www.yoroow.com\/\"},{\"@type\":\"ListItem\",\"position\":2,\"name\":\"Product\",\"item\":\"https:\/\/www.yoroow.com\/product\/\"},{\"@type\":\"ListItem\",\"position\":3,\"name\":\"Factory Wholesale Black Single Handle Basin Faucet Zinc Cold Water Tap with Bubbler Sanitary Ware Bathroom Sink Tap\"}]},{\"@type\":\"WebSite\",\"@id\":\"https:\/\/www.yoroow.com\/es\/#website\",\"url\":\"https:\/\/www.yoroow.com\/es\/\",\"name\":\"YOROOW\",\"description\":\"\",\"publisher\":{\"@id\":\"https:\/\/www.yoroow.com\/es\/#organization\"},\"potentialAction\":[{\"@type\":\"SearchAction\",\"target\":{\"@type\":\"EntryPoint\",\"urlTemplate\":\"https:\/\/www.yoroow.com\/es\/?s={search_term_string}\"},\"query-input\":{\"@type\":\"PropertyValueSpecification\",\"valueRequired\":true,\"valueName\":\"search_term_string\"}}],\"inLanguage\":\"es\"},{\"@type\":\"Organization\",\"@id\":\"https:\/\/www.yoroow.com\/es\/#organization\",\"name\":\"YOROOW\",\"url\":\"https:\/\/www.yoroow.com\/es\/\",\"logo\":{\"@type\":\"ImageObject\",\"inLanguage\":\"es\",\"@id\":\"https:\/\/www.yoroow.com\/es\/#\/schema\/logo\/image\/\",\"url\":\"https:\/\/www.yoroow.com\/wp-content\/uploads\/2024\/12\/2024123007131061.png\",\"contentUrl\":\"https:\/\/www.yoroow.com\/wp-content\/uploads\/2024\/12\/2024123007131061.png\",\"width\":168,\"height\":27,\"caption\":\"YOROOW\"},\"image\":{\"@id\":\"https:\/\/www.yoroow.com\/es\/#\/schema\/logo\/image\/\"},\"sameAs\":[\"https:\/\/www.facebook.com\/people\/yoroowfaucetfactory\/61564236752362\/\"]}]}<\/script>\n<!-- \/ Yoast SEO Premium plugin. -->","yoast_head_json":{"title":"Factory Wholesale Black Single Handle Basin Faucet Zinc Cold Water Tap with Bubbler Sanitary Ware Bathroom Sink Tap - YOROOW","description":"Modern Single-Hole Single Handle Sanitary Ware Basin Faucet with ceramic valve core and single cold water function, popular for bathrooms. Manufactured in China with export emphasis to Latin American and Southeast Asian markets requiring durable and modern basin taps.","robots":{"index":"index","follow":"follow","max-snippet":"max-snippet:-1","max-image-preview":"max-image-preview:large","max-video-preview":"max-video-preview:-1"},"canonical":"https:\/\/www.yoroow.com\/es\/detalle-del-producto\/fabrica-al-por-mayor-grifo-lavabo-lavabo-zinc-grifo-agua-fria-bubbler-grifo-lavabo-negro\/","og_locale":"es_ES","og_type":"article","og_title":"Factory Wholesale Black Single Handle Basin Faucet Zinc Cold Water Tap with Bubbler Sanitary Ware Bathroom Sink Tap","og_description":"Modern Single-Hole Single Handle Sanitary Ware Basin Faucet with ceramic valve core and single cold water function, popular for bathrooms. Manufactured in China with export emphasis to Latin American and Southeast Asian markets requiring durable and modern basin taps.","og_url":"https:\/\/www.yoroow.com\/es\/detalle-del-producto\/fabrica-al-por-mayor-grifo-lavabo-lavabo-zinc-grifo-agua-fria-bubbler-grifo-lavabo-negro\/","og_site_name":"YOROOW","article_publisher":"https:\/\/www.facebook.com\/people\/yoroowfaucetfactory\/61564236752362\/","article_modified_time":"2025-05-16T01:23:29+00:00","og_image":[{"width":654,"height":654,"url":"https:\/\/www.yoroow.com\/wp-content\/uploads\/2025\/02\/9132A2-191A2.png","type":"image\/png"}],"twitter_card":"summary_large_image","twitter_misc":{"Tiempo de lectura":"2 minutos"},"schema":{"@context":"https:\/\/schema.org","@graph":[{"@type":"WebPage","@id":"https:\/\/www.yoroow.com\/es\/detalle-del-producto\/fabrica-al-por-mayor-grifo-lavabo-lavabo-zinc-grifo-agua-fria-bubbler-grifo-lavabo-negro\/","url":"https:\/\/www.yoroow.com\/es\/detalle-del-producto\/fabrica-al-por-mayor-grifo-lavabo-lavabo-zinc-grifo-agua-fria-bubbler-grifo-lavabo-negro\/","name":"Factory Wholesale Black Single Handle Basin Faucet Zinc Cold Water Tap with Bubbler Sanitary Ware Bathroom Sink Tap - YOROOW","isPartOf":{"@id":"https:\/\/www.yoroow.com\/es\/#website"},"primaryImageOfPage":{"@id":"https:\/\/www.yoroow.com\/es\/detalle-del-producto\/fabrica-al-por-mayor-grifo-lavabo-lavabo-zinc-grifo-agua-fria-bubbler-grifo-lavabo-negro\/#primaryimage"},"image":{"@id":"https:\/\/www.yoroow.com\/es\/detalle-del-producto\/fabrica-al-por-mayor-grifo-lavabo-lavabo-zinc-grifo-agua-fria-bubbler-grifo-lavabo-negro\/#primaryimage"},"thumbnailUrl":"https:\/\/www.yoroow.com\/wp-content\/uploads\/2025\/02\/9132A2-191A2.png","datePublished":"2025-02-18T02:22:57+00:00","dateModified":"2025-05-16T01:23:29+00:00","description":"Modern Single-Hole Single Handle Sanitary Ware Basin Faucet with ceramic valve core and single cold water function, popular for bathrooms. Manufactured in China with export emphasis to Latin American and Southeast Asian markets requiring durable and modern basin taps.","breadcrumb":{"@id":"https:\/\/www.yoroow.com\/es\/detalle-del-producto\/fabrica-al-por-mayor-grifo-lavabo-lavabo-zinc-grifo-agua-fria-bubbler-grifo-lavabo-negro\/#breadcrumb"},"inLanguage":"es","potentialAction":[{"@type":"ReadAction","target":["https:\/\/www.yoroow.com\/es\/detalle-del-producto\/fabrica-al-por-mayor-grifo-lavabo-lavabo-zinc-grifo-agua-fria-bubbler-grifo-lavabo-negro\/"]}]},{"@type":"ImageObject","inLanguage":"es","@id":"https:\/\/www.yoroow.com\/es\/detalle-del-producto\/fabrica-al-por-mayor-grifo-lavabo-lavabo-zinc-grifo-agua-fria-bubbler-grifo-lavabo-negro\/#primaryimage","url":"https:\/\/www.yoroow.com\/wp-content\/uploads\/2025\/02\/9132A2-191A2.png","contentUrl":"https:\/\/www.yoroow.com\/wp-content\/uploads\/2025\/02\/9132A2-191A2.png","width":654,"height":654,"caption":"Modern Single-Hole Single Handle Sanitary Ware Basin Faucet Popular Cupc Water Tap with Ceramic Valve Core Single Cold Tap"},{"@type":"BreadcrumbList","@id":"https:\/\/www.yoroow.com\/es\/detalle-del-producto\/fabrica-al-por-mayor-grifo-lavabo-lavabo-zinc-grifo-agua-fria-bubbler-grifo-lavabo-negro\/#breadcrumb","itemListElement":[{"@type":"ListItem","position":1,"name":"home","item":"https:\/\/www.yoroow.com\/"},{"@type":"ListItem","position":2,"name":"Product","item":"https:\/\/www.yoroow.com\/product\/"},{"@type":"ListItem","position":3,"name":"Factory Wholesale Black Single Handle Basin Faucet Zinc Cold Water Tap with Bubbler Sanitary Ware Bathroom Sink Tap"}]},{"@type":"WebSite","@id":"https:\/\/www.yoroow.com\/es\/#website","url":"https:\/\/www.yoroow.com\/es\/","name":"YOROOW","description":"","publisher":{"@id":"https:\/\/www.yoroow.com\/es\/#organization"},"potentialAction":[{"@type":"SearchAction","target":{"@type":"EntryPoint","urlTemplate":"https:\/\/www.yoroow.com\/es\/?s={search_term_string}"},"query-input":{"@type":"PropertyValueSpecification","valueRequired":true,"valueName":"search_term_string"}}],"inLanguage":"es"},{"@type":"Organization","@id":"https:\/\/www.yoroow.com\/es\/#organization","name":"YOROOW","url":"https:\/\/www.yoroow.com\/es\/","logo":{"@type":"ImageObject","inLanguage":"es","@id":"https:\/\/www.yoroow.com\/es\/#\/schema\/logo\/image\/","url":"https:\/\/www.yoroow.com\/wp-content\/uploads\/2024\/12\/2024123007131061.png","contentUrl":"https:\/\/www.yoroow.com\/wp-content\/uploads\/2024\/12\/2024123007131061.png","width":168,"height":27,"caption":"YOROOW"},"image":{"@id":"https:\/\/www.yoroow.com\/es\/#\/schema\/logo\/image\/"},"sameAs":["https:\/\/www.facebook.com\/people\/yoroowfaucetfactory\/61564236752362\/"]}]}},"_links":{"self":[{"href":"https:\/\/www.yoroow.com\/es\/wp-json\/wp\/v2\/product\/10749","targetHints":{"allow":["GET"]}}],"collection":[{"href":"https:\/\/www.yoroow.com\/es\/wp-json\/wp\/v2\/product"}],"about":[{"href":"https:\/\/www.yoroow.com\/es\/wp-json\/wp\/v2\/types\/product"}],"wp:featuredmedia":[{"embeddable":true,"href":"https:\/\/www.yoroow.com\/es\/wp-json\/wp\/v2\/media\/10767"}],"wp:attachment":[{"href":"https:\/\/www.yoroow.com\/es\/wp-json\/wp\/v2\/media?parent=10749"}],"wp:term":[{"taxonomy":"product_brand","embeddable":true,"href":"https:\/\/www.yoroow.com\/es\/wp-json\/wp\/v2\/product_brand?post=10749"},{"taxonomy":"product_cat","embeddable":true,"href":"https:\/\/www.yoroow.com\/es\/wp-json\/wp\/v2\/product_cat?post=10749"},{"taxonomy":"product_tag","embeddable":true,"href":"https:\/\/www.yoroow.com\/es\/wp-json\/wp\/v2\/product_tag?post=10749"}],"curies":[{"name":"wp","href":"https:\/\/api.w.org\/{rel}","templated":true}]}}