{"id":10688,"date":"2025-02-18T09:31:40","date_gmt":"2025-02-18T01:31:40","guid":{"rendered":"https:\/\/www.yoroow.com\/?post_type=product&#038;p=10688"},"modified":"2025-05-16T09:23:16","modified_gmt":"2025-05-16T01:23:16","slug":"venta-directa-de-fabrica-laton-oculto-pared-cocina-negro-lavabo-grifo-balcon-bano-gabinete-grifo-hotel-hogar","status":"publish","type":"product","link":"https:\/\/www.yoroow.com\/es\/detalle-del-producto\/venta-directa-de-fabrica-laton-oculto-pared-cocina-negro-lavabo-grifo-balcon-bano-gabinete-grifo-hotel-hogar\/","title":{"rendered":"Hotel Dom\u00e9stico Grifo de cocina Pull-Spray Sensor mezclador montado en la pared de lat\u00f3n grifo de lavabo para ba\u00f1o cocina cocina"},"content":{"rendered":"<p>Dise\u00f1ado tanto para uso hotelero como dom\u00e9stico, este grifo de lat\u00f3n montado en la pared cuenta con un mezclador con sensor de pulverizaci\u00f3n, que proporciona comodidad y eficiencia h\u00eddrica. Su dise\u00f1o vers\u00e1til lo hace adecuado tanto para aplicaciones de ba\u00f1o como de cocina. La construcci\u00f3n en lat\u00f3n garantiza su longevidad y resistencia a la corrosi\u00f3n. Fabricado en China, se beneficia de avanzadas t\u00e9cnicas de producci\u00f3n y de una mano de obra rentable. Este producto es ideal para exportar a los mercados de Sudam\u00e9rica y el Sudeste Asi\u00e1tico, donde hay demanda de grifer\u00edas multifuncionales y duraderas.<\/p>","protected":false},"excerpt":{"rendered":"<p>Dise\u00f1ado tanto para uso hotelero como dom\u00e9stico, este grifo de lat\u00f3n montado en la pared cuenta con un mezclador con sensor de pulverizaci\u00f3n, que proporciona comodidad y eficiencia h\u00eddrica. Su dise\u00f1o vers\u00e1til lo hace adecuado tanto para aplicaciones de ba\u00f1o como de cocina. La construcci\u00f3n en lat\u00f3n garantiza su longevidad y resistencia a la corrosi\u00f3n. Fabricado en China, se beneficia de avanzadas t\u00e9cnicas de producci\u00f3n y mano de obra rentable. Este...<\/p>","protected":false},"featured_media":10706,"template":"","meta":{"_acf_changed":false,"_kad_post_transparent":"default","_kad_post_title":"","_kad_post_layout":"default","_kad_post_sidebar_id":"","_kad_post_content_style":"default","_kad_post_vertical_padding":"default","_kad_post_feature":"","_kad_post_feature_position":"","_kad_post_header":false,"_kad_post_footer":false},"product_brand":[],"product_cat":[102,223],"product_tag":[5825,3798],"class_list":{"0":"post-10688","1":"product","2":"type-product","3":"status-publish","4":"has-post-thumbnail","6":"product_cat-kitchen-faucet","7":"product_cat-wall-mounted-kitchen-faucet","8":"product_tag-hotel-kitchen-tap","9":"product_tag-kitchen-pull-out-spray-mixer-sensor-tap","11":"first","12":"instock","13":"shipping-taxable","14":"purchasable","15":"product-type-variable","16":"wvs-archive-product-wrapper","17":"entry","18":"content-bg","19":"loop-entry"},"acf":[],"yoast_head":"<!-- This site is optimized with the Yoast SEO Premium plugin v25.4 (Yoast SEO v27.0) - https:\/\/yoast.com\/product\/yoast-seo-premium-wordpress\/ -->\n<title>Hotel Household Kitchen Tap Pull-Spray Sensor Mixer Wall-Mounted Brass Faucet Basin Faucet for Bathroom Kitchen Kitchen - YOROOW<\/title>\n<meta name=\"description\" content=\"Hotel Household Kitchen Tap with pull-spray sensor mixer, wall-mounted brass faucet for bathroom and kitchen use. Chinese manufacturing guarantees smart technology integration and durability, focusing on export to hotels and homes in Latin America and Southeast Asia.\" \/>\n<meta name=\"robots\" content=\"index, follow, max-snippet:-1, max-image-preview:large, max-video-preview:-1\" \/>\n<link rel=\"canonical\" href=\"https:\/\/www.yoroow.com\/es\/detalle-del-producto\/venta-directa-de-fabrica-laton-oculto-pared-cocina-negro-lavabo-grifo-balcon-bano-gabinete-grifo-hotel-hogar\/\" \/>\n<meta property=\"og:locale\" content=\"es_ES\" \/>\n<meta property=\"og:type\" content=\"article\" \/>\n<meta property=\"og:title\" content=\"Hotel Household Kitchen Tap Pull-Spray Sensor Mixer Wall-Mounted Brass Faucet Basin Faucet for Bathroom Kitchen Kitchen\" \/>\n<meta property=\"og:description\" content=\"Hotel Household Kitchen Tap with pull-spray sensor mixer, wall-mounted brass faucet for bathroom and kitchen use. Chinese manufacturing guarantees smart technology integration and durability, focusing on export to hotels and homes in Latin America and Southeast Asia.\" \/>\n<meta property=\"og:url\" content=\"https:\/\/www.yoroow.com\/es\/detalle-del-producto\/venta-directa-de-fabrica-laton-oculto-pared-cocina-negro-lavabo-grifo-balcon-bano-gabinete-grifo-hotel-hogar\/\" \/>\n<meta property=\"og:site_name\" content=\"YOROOW\" \/>\n<meta property=\"article:publisher\" content=\"https:\/\/www.facebook.com\/people\/yoroowfaucetfactory\/61564236752362\/\" \/>\n<meta property=\"article:modified_time\" content=\"2025-05-16T01:23:16+00:00\" \/>\n<meta property=\"og:image\" content=\"https:\/\/www.yoroow.com\/wp-content\/uploads\/2025\/02\/7962C3-082P5-Y96-e1739842478396.png\" \/>\n\t<meta property=\"og:image:width\" content=\"397\" \/>\n\t<meta property=\"og:image:height\" content=\"394\" \/>\n\t<meta property=\"og:image:type\" content=\"image\/png\" \/>\n<meta name=\"twitter:card\" content=\"summary_large_image\" \/>\n<meta name=\"twitter:label1\" content=\"Tiempo de lectura\" \/>\n\t<meta name=\"twitter:data1\" content=\"2 minutos\" \/>\n<script type=\"application\/ld+json\" class=\"yoast-schema-graph\">{\"@context\":\"https:\/\/schema.org\",\"@graph\":[{\"@type\":\"WebPage\",\"@id\":\"https:\/\/www.yoroow.com\/es\/detalle-del-producto\/venta-directa-de-fabrica-laton-oculto-pared-cocina-negro-lavabo-grifo-balcon-bano-gabinete-grifo-hotel-hogar\/\",\"url\":\"https:\/\/www.yoroow.com\/es\/detalle-del-producto\/venta-directa-de-fabrica-laton-oculto-pared-cocina-negro-lavabo-grifo-balcon-bano-gabinete-grifo-hotel-hogar\/\",\"name\":\"Hotel Household Kitchen Tap Pull-Spray Sensor Mixer Wall-Mounted Brass Faucet Basin Faucet for Bathroom Kitchen Kitchen - YOROOW\",\"isPartOf\":{\"@id\":\"https:\/\/www.yoroow.com\/es\/#website\"},\"primaryImageOfPage\":{\"@id\":\"https:\/\/www.yoroow.com\/es\/detalle-del-producto\/venta-directa-de-fabrica-laton-oculto-pared-cocina-negro-lavabo-grifo-balcon-bano-gabinete-grifo-hotel-hogar\/#primaryimage\"},\"image\":{\"@id\":\"https:\/\/www.yoroow.com\/es\/detalle-del-producto\/venta-directa-de-fabrica-laton-oculto-pared-cocina-negro-lavabo-grifo-balcon-bano-gabinete-grifo-hotel-hogar\/#primaryimage\"},\"thumbnailUrl\":\"https:\/\/www.yoroow.com\/wp-content\/uploads\/2025\/02\/7962C3-082P5-Y96-e1739842478396.png\",\"datePublished\":\"2025-02-18T01:31:40+00:00\",\"dateModified\":\"2025-05-16T01:23:16+00:00\",\"description\":\"Hotel Household Kitchen Tap with pull-spray sensor mixer, wall-mounted brass faucet for bathroom and kitchen use. Chinese manufacturing guarantees smart technology integration and durability, focusing on export to hotels and homes in Latin America and Southeast Asia.\",\"breadcrumb\":{\"@id\":\"https:\/\/www.yoroow.com\/es\/detalle-del-producto\/venta-directa-de-fabrica-laton-oculto-pared-cocina-negro-lavabo-grifo-balcon-bano-gabinete-grifo-hotel-hogar\/#breadcrumb\"},\"inLanguage\":\"es\",\"potentialAction\":[{\"@type\":\"ReadAction\",\"target\":[\"https:\/\/www.yoroow.com\/es\/detalle-del-producto\/venta-directa-de-fabrica-laton-oculto-pared-cocina-negro-lavabo-grifo-balcon-bano-gabinete-grifo-hotel-hogar\/\"]}]},{\"@type\":\"ImageObject\",\"inLanguage\":\"es\",\"@id\":\"https:\/\/www.yoroow.com\/es\/detalle-del-producto\/venta-directa-de-fabrica-laton-oculto-pared-cocina-negro-lavabo-grifo-balcon-bano-gabinete-grifo-hotel-hogar\/#primaryimage\",\"url\":\"https:\/\/www.yoroow.com\/wp-content\/uploads\/2025\/02\/7962C3-082P5-Y96-e1739842478396.png\",\"contentUrl\":\"https:\/\/www.yoroow.com\/wp-content\/uploads\/2025\/02\/7962C3-082P5-Y96-e1739842478396.png\",\"width\":397,\"height\":394,\"caption\":\"Hotel Household Kitchen Tap Pull-Spray Sensor Mixer Wall-Mounted Brass Faucet Basin Faucet for Bathroom Kitchen Kitchen\"},{\"@type\":\"BreadcrumbList\",\"@id\":\"https:\/\/www.yoroow.com\/es\/detalle-del-producto\/venta-directa-de-fabrica-laton-oculto-pared-cocina-negro-lavabo-grifo-balcon-bano-gabinete-grifo-hotel-hogar\/#breadcrumb\",\"itemListElement\":[{\"@type\":\"ListItem\",\"position\":1,\"name\":\"home\",\"item\":\"https:\/\/www.yoroow.com\/\"},{\"@type\":\"ListItem\",\"position\":2,\"name\":\"Product\",\"item\":\"https:\/\/www.yoroow.com\/product\/\"},{\"@type\":\"ListItem\",\"position\":3,\"name\":\"Hotel Household Kitchen Tap Pull-Spray Sensor Mixer Wall-Mounted Brass Faucet Basin Faucet for Bathroom Kitchen Kitchen\"}]},{\"@type\":\"WebSite\",\"@id\":\"https:\/\/www.yoroow.com\/es\/#website\",\"url\":\"https:\/\/www.yoroow.com\/es\/\",\"name\":\"YOROOW\",\"description\":\"\",\"publisher\":{\"@id\":\"https:\/\/www.yoroow.com\/es\/#organization\"},\"potentialAction\":[{\"@type\":\"SearchAction\",\"target\":{\"@type\":\"EntryPoint\",\"urlTemplate\":\"https:\/\/www.yoroow.com\/es\/?s={search_term_string}\"},\"query-input\":{\"@type\":\"PropertyValueSpecification\",\"valueRequired\":true,\"valueName\":\"search_term_string\"}}],\"inLanguage\":\"es\"},{\"@type\":\"Organization\",\"@id\":\"https:\/\/www.yoroow.com\/es\/#organization\",\"name\":\"YOROOW\",\"url\":\"https:\/\/www.yoroow.com\/es\/\",\"logo\":{\"@type\":\"ImageObject\",\"inLanguage\":\"es\",\"@id\":\"https:\/\/www.yoroow.com\/es\/#\/schema\/logo\/image\/\",\"url\":\"https:\/\/www.yoroow.com\/wp-content\/uploads\/2024\/12\/2024123007131061.png\",\"contentUrl\":\"https:\/\/www.yoroow.com\/wp-content\/uploads\/2024\/12\/2024123007131061.png\",\"width\":168,\"height\":27,\"caption\":\"YOROOW\"},\"image\":{\"@id\":\"https:\/\/www.yoroow.com\/es\/#\/schema\/logo\/image\/\"},\"sameAs\":[\"https:\/\/www.facebook.com\/people\/yoroowfaucetfactory\/61564236752362\/\"]}]}<\/script>\n<!-- \/ Yoast SEO Premium plugin. -->","yoast_head_json":{"title":"Hotel Household Kitchen Tap Pull-Spray Sensor Mixer Wall-Mounted Brass Faucet Basin Faucet for Bathroom Kitchen Kitchen - YOROOW","description":"Hotel Household Kitchen Tap with pull-spray sensor mixer, wall-mounted brass faucet for bathroom and kitchen use. Chinese manufacturing guarantees smart technology integration and durability, focusing on export to hotels and homes in Latin America and Southeast Asia.","robots":{"index":"index","follow":"follow","max-snippet":"max-snippet:-1","max-image-preview":"max-image-preview:large","max-video-preview":"max-video-preview:-1"},"canonical":"https:\/\/www.yoroow.com\/es\/detalle-del-producto\/venta-directa-de-fabrica-laton-oculto-pared-cocina-negro-lavabo-grifo-balcon-bano-gabinete-grifo-hotel-hogar\/","og_locale":"es_ES","og_type":"article","og_title":"Hotel Household Kitchen Tap Pull-Spray Sensor Mixer Wall-Mounted Brass Faucet Basin Faucet for Bathroom Kitchen Kitchen","og_description":"Hotel Household Kitchen Tap with pull-spray sensor mixer, wall-mounted brass faucet for bathroom and kitchen use. Chinese manufacturing guarantees smart technology integration and durability, focusing on export to hotels and homes in Latin America and Southeast Asia.","og_url":"https:\/\/www.yoroow.com\/es\/detalle-del-producto\/venta-directa-de-fabrica-laton-oculto-pared-cocina-negro-lavabo-grifo-balcon-bano-gabinete-grifo-hotel-hogar\/","og_site_name":"YOROOW","article_publisher":"https:\/\/www.facebook.com\/people\/yoroowfaucetfactory\/61564236752362\/","article_modified_time":"2025-05-16T01:23:16+00:00","og_image":[{"width":397,"height":394,"url":"https:\/\/www.yoroow.com\/wp-content\/uploads\/2025\/02\/7962C3-082P5-Y96-e1739842478396.png","type":"image\/png"}],"twitter_card":"summary_large_image","twitter_misc":{"Tiempo de lectura":"2 minutos"},"schema":{"@context":"https:\/\/schema.org","@graph":[{"@type":"WebPage","@id":"https:\/\/www.yoroow.com\/es\/detalle-del-producto\/venta-directa-de-fabrica-laton-oculto-pared-cocina-negro-lavabo-grifo-balcon-bano-gabinete-grifo-hotel-hogar\/","url":"https:\/\/www.yoroow.com\/es\/detalle-del-producto\/venta-directa-de-fabrica-laton-oculto-pared-cocina-negro-lavabo-grifo-balcon-bano-gabinete-grifo-hotel-hogar\/","name":"Hotel Household Kitchen Tap Pull-Spray Sensor Mixer Wall-Mounted Brass Faucet Basin Faucet for Bathroom Kitchen Kitchen - YOROOW","isPartOf":{"@id":"https:\/\/www.yoroow.com\/es\/#website"},"primaryImageOfPage":{"@id":"https:\/\/www.yoroow.com\/es\/detalle-del-producto\/venta-directa-de-fabrica-laton-oculto-pared-cocina-negro-lavabo-grifo-balcon-bano-gabinete-grifo-hotel-hogar\/#primaryimage"},"image":{"@id":"https:\/\/www.yoroow.com\/es\/detalle-del-producto\/venta-directa-de-fabrica-laton-oculto-pared-cocina-negro-lavabo-grifo-balcon-bano-gabinete-grifo-hotel-hogar\/#primaryimage"},"thumbnailUrl":"https:\/\/www.yoroow.com\/wp-content\/uploads\/2025\/02\/7962C3-082P5-Y96-e1739842478396.png","datePublished":"2025-02-18T01:31:40+00:00","dateModified":"2025-05-16T01:23:16+00:00","description":"Hotel Household Kitchen Tap with pull-spray sensor mixer, wall-mounted brass faucet for bathroom and kitchen use. Chinese manufacturing guarantees smart technology integration and durability, focusing on export to hotels and homes in Latin America and Southeast Asia.","breadcrumb":{"@id":"https:\/\/www.yoroow.com\/es\/detalle-del-producto\/venta-directa-de-fabrica-laton-oculto-pared-cocina-negro-lavabo-grifo-balcon-bano-gabinete-grifo-hotel-hogar\/#breadcrumb"},"inLanguage":"es","potentialAction":[{"@type":"ReadAction","target":["https:\/\/www.yoroow.com\/es\/detalle-del-producto\/venta-directa-de-fabrica-laton-oculto-pared-cocina-negro-lavabo-grifo-balcon-bano-gabinete-grifo-hotel-hogar\/"]}]},{"@type":"ImageObject","inLanguage":"es","@id":"https:\/\/www.yoroow.com\/es\/detalle-del-producto\/venta-directa-de-fabrica-laton-oculto-pared-cocina-negro-lavabo-grifo-balcon-bano-gabinete-grifo-hotel-hogar\/#primaryimage","url":"https:\/\/www.yoroow.com\/wp-content\/uploads\/2025\/02\/7962C3-082P5-Y96-e1739842478396.png","contentUrl":"https:\/\/www.yoroow.com\/wp-content\/uploads\/2025\/02\/7962C3-082P5-Y96-e1739842478396.png","width":397,"height":394,"caption":"Hotel Household Kitchen Tap Pull-Spray Sensor Mixer Wall-Mounted Brass Faucet Basin Faucet for Bathroom Kitchen Kitchen"},{"@type":"BreadcrumbList","@id":"https:\/\/www.yoroow.com\/es\/detalle-del-producto\/venta-directa-de-fabrica-laton-oculto-pared-cocina-negro-lavabo-grifo-balcon-bano-gabinete-grifo-hotel-hogar\/#breadcrumb","itemListElement":[{"@type":"ListItem","position":1,"name":"home","item":"https:\/\/www.yoroow.com\/"},{"@type":"ListItem","position":2,"name":"Product","item":"https:\/\/www.yoroow.com\/product\/"},{"@type":"ListItem","position":3,"name":"Hotel Household Kitchen Tap Pull-Spray Sensor Mixer Wall-Mounted Brass Faucet Basin Faucet for Bathroom Kitchen Kitchen"}]},{"@type":"WebSite","@id":"https:\/\/www.yoroow.com\/es\/#website","url":"https:\/\/www.yoroow.com\/es\/","name":"YOROOW","description":"","publisher":{"@id":"https:\/\/www.yoroow.com\/es\/#organization"},"potentialAction":[{"@type":"SearchAction","target":{"@type":"EntryPoint","urlTemplate":"https:\/\/www.yoroow.com\/es\/?s={search_term_string}"},"query-input":{"@type":"PropertyValueSpecification","valueRequired":true,"valueName":"search_term_string"}}],"inLanguage":"es"},{"@type":"Organization","@id":"https:\/\/www.yoroow.com\/es\/#organization","name":"YOROOW","url":"https:\/\/www.yoroow.com\/es\/","logo":{"@type":"ImageObject","inLanguage":"es","@id":"https:\/\/www.yoroow.com\/es\/#\/schema\/logo\/image\/","url":"https:\/\/www.yoroow.com\/wp-content\/uploads\/2024\/12\/2024123007131061.png","contentUrl":"https:\/\/www.yoroow.com\/wp-content\/uploads\/2024\/12\/2024123007131061.png","width":168,"height":27,"caption":"YOROOW"},"image":{"@id":"https:\/\/www.yoroow.com\/es\/#\/schema\/logo\/image\/"},"sameAs":["https:\/\/www.facebook.com\/people\/yoroowfaucetfactory\/61564236752362\/"]}]}},"_links":{"self":[{"href":"https:\/\/www.yoroow.com\/es\/wp-json\/wp\/v2\/product\/10688","targetHints":{"allow":["GET"]}}],"collection":[{"href":"https:\/\/www.yoroow.com\/es\/wp-json\/wp\/v2\/product"}],"about":[{"href":"https:\/\/www.yoroow.com\/es\/wp-json\/wp\/v2\/types\/product"}],"wp:featuredmedia":[{"embeddable":true,"href":"https:\/\/www.yoroow.com\/es\/wp-json\/wp\/v2\/media\/10706"}],"wp:attachment":[{"href":"https:\/\/www.yoroow.com\/es\/wp-json\/wp\/v2\/media?parent=10688"}],"wp:term":[{"taxonomy":"product_brand","embeddable":true,"href":"https:\/\/www.yoroow.com\/es\/wp-json\/wp\/v2\/product_brand?post=10688"},{"taxonomy":"product_cat","embeddable":true,"href":"https:\/\/www.yoroow.com\/es\/wp-json\/wp\/v2\/product_cat?post=10688"},{"taxonomy":"product_tag","embeddable":true,"href":"https:\/\/www.yoroow.com\/es\/wp-json\/wp\/v2\/product_tag?post=10688"}],"curies":[{"name":"wp","href":"https:\/\/api.w.org\/{rel}","templated":true}]}}