{"id":10684,"date":"2025-02-18T09:18:04","date_gmt":"2025-02-18T01:18:04","guid":{"rendered":"https:\/\/www.yoroow.com\/?post_type=product&#038;p=10684"},"modified":"2025-05-16T09:23:13","modified_gmt":"2025-05-16T01:23:13","slug":"venta-directa-de-fabrica-monomando-de-cocina-monomando-de-agua-fria-grifo-de-pared-de-cocina-cuerpo-de-zinc-fregadero-de-la-cocina-grifos-de-agua","status":"publish","type":"product","link":"https:\/\/www.yoroow.com\/es\/detalle-del-producto\/venta-directa-de-fabrica-monomando-de-cocina-monomando-de-agua-fria-grifo-de-pared-de-cocina-cuerpo-de-zinc-fregadero-de-la-cocina-grifos-de-agua\/","title":{"rendered":"Venta directa de f\u00e1brica de un solo mango negro mate grifo de la cocina de agua fr\u00eda de un solo grifo de pared para fregadero de cocina Cuerpo de zinc Cocina"},"content":{"rendered":"<p>Este grifo de cocina negro mate ofrece un funcionamiento monomando con un \u00fanico suministro de agua fr\u00eda. Su dise\u00f1o de montaje en pared y su cuerpo de zinc garantizan durabilidad y facilidad de instalaci\u00f3n. El acabado mate proporciona un aspecto contempor\u00e1neo, atractivo para la est\u00e9tica de las cocinas modernas. Fabricado directamente en China, ofrece un precio competitivo y una calidad fiable. Este grifo es ideal para exportar a pa\u00edses de Sudam\u00e9rica y el sudeste asi\u00e1tico, donde hay un mercado creciente de accesorios de cocina modernos y asequibles.<\/p>","protected":false},"excerpt":{"rendered":"<p>Este grifo de cocina negro mate ofrece un funcionamiento monomando con un \u00fanico suministro de agua fr\u00eda. Su dise\u00f1o de montaje en pared y su cuerpo de zinc garantizan durabilidad y facilidad de instalaci\u00f3n. El acabado mate proporciona un aspecto contempor\u00e1neo, atractivo para la est\u00e9tica de las cocinas modernas. Fabricado directamente en China, ofrece un precio competitivo y una calidad fiable. Este grifo es muy adecuado...<\/p>","protected":false},"featured_media":10687,"template":"","meta":{"_acf_changed":false,"_kad_post_transparent":"default","_kad_post_title":"","_kad_post_layout":"default","_kad_post_sidebar_id":"","_kad_post_content_style":"default","_kad_post_vertical_padding":"default","_kad_post_feature":"","_kad_post_feature_position":"","_kad_post_header":false,"_kad_post_footer":false},"product_brand":[],"product_cat":[221,223],"product_tag":[3087,3182],"class_list":{"0":"post-10684","1":"product","2":"type-product","3":"status-publish","4":"has-post-thumbnail","6":"product_cat-single-cold-kitchen-faucet-kitchen-faucet","7":"product_cat-wall-mounted-kitchen-faucet","8":"product_tag-kitchen-faucet-black-matte","9":"product_tag-kitchen-faucet-for-restaurant","11":"first","12":"instock","13":"shipping-taxable","14":"purchasable","15":"product-type-variable","16":"wvs-archive-product-wrapper","17":"entry","18":"content-bg","19":"loop-entry"},"acf":[],"yoast_head":"<!-- This site is optimized with the Yoast SEO Premium plugin v25.4 (Yoast SEO v27.0) - https:\/\/yoast.com\/product\/yoast-seo-premium-wordpress\/ -->\n<title>Factory Direct Sale Single-Handle Black Matte Kitchen Faucet Single Cold Water Wall Faucet for Kitchen Sink Zinc Body Kitchen - YOROOW<\/title>\n<meta name=\"description\" content=\"Factory Direct Sale Single-Handle Black Matte Kitchen Faucet wall-mounted, zinc body, perfect for restaurant kitchens needing durable, stylish fixtures. China-based production ensures competitive pricing and export reliability to South American and Southeast Asian markets.\" \/>\n<meta name=\"robots\" content=\"index, follow, max-snippet:-1, max-image-preview:large, max-video-preview:-1\" \/>\n<link rel=\"canonical\" href=\"https:\/\/www.yoroow.com\/es\/detalle-del-producto\/venta-directa-de-fabrica-monomando-de-cocina-monomando-de-agua-fria-grifo-de-pared-de-cocina-cuerpo-de-zinc-fregadero-de-la-cocina-grifos-de-agua\/\" \/>\n<meta property=\"og:locale\" content=\"es_ES\" \/>\n<meta property=\"og:type\" content=\"article\" \/>\n<meta property=\"og:title\" content=\"Factory Direct Sale Single-Handle Black Matte Kitchen Faucet Single Cold Water Wall Faucet for Kitchen Sink Zinc Body Kitchen\" \/>\n<meta property=\"og:description\" content=\"Factory Direct Sale Single-Handle Black Matte Kitchen Faucet wall-mounted, zinc body, perfect for restaurant kitchens needing durable, stylish fixtures. China-based production ensures competitive pricing and export reliability to South American and Southeast Asian markets.\" \/>\n<meta property=\"og:url\" content=\"https:\/\/www.yoroow.com\/es\/detalle-del-producto\/venta-directa-de-fabrica-monomando-de-cocina-monomando-de-agua-fria-grifo-de-pared-de-cocina-cuerpo-de-zinc-fregadero-de-la-cocina-grifos-de-agua\/\" \/>\n<meta property=\"og:site_name\" content=\"YOROOW\" \/>\n<meta property=\"article:publisher\" content=\"https:\/\/www.facebook.com\/people\/yoroowfaucetfactory\/61564236752362\/\" \/>\n<meta property=\"article:modified_time\" content=\"2025-05-16T01:23:13+00:00\" \/>\n<meta property=\"og:image\" content=\"https:\/\/www.yoroow.com\/wp-content\/uploads\/2025\/02\/9579A-030S-C11BK.jpg\" \/>\n\t<meta property=\"og:image:width\" content=\"683\" \/>\n\t<meta property=\"og:image:height\" content=\"683\" \/>\n\t<meta property=\"og:image:type\" content=\"image\/jpeg\" \/>\n<meta name=\"twitter:card\" content=\"summary_large_image\" \/>\n<meta name=\"twitter:label1\" content=\"Tiempo de lectura\" \/>\n\t<meta name=\"twitter:data1\" content=\"1 minuto\" \/>\n<script type=\"application\/ld+json\" class=\"yoast-schema-graph\">{\"@context\":\"https:\/\/schema.org\",\"@graph\":[{\"@type\":\"WebPage\",\"@id\":\"https:\/\/www.yoroow.com\/es\/detalle-del-producto\/venta-directa-de-fabrica-monomando-de-cocina-monomando-de-agua-fria-grifo-de-pared-de-cocina-cuerpo-de-zinc-fregadero-de-la-cocina-grifos-de-agua\/\",\"url\":\"https:\/\/www.yoroow.com\/es\/detalle-del-producto\/venta-directa-de-fabrica-monomando-de-cocina-monomando-de-agua-fria-grifo-de-pared-de-cocina-cuerpo-de-zinc-fregadero-de-la-cocina-grifos-de-agua\/\",\"name\":\"Factory Direct Sale Single-Handle Black Matte Kitchen Faucet Single Cold Water Wall Faucet for Kitchen Sink Zinc Body Kitchen - YOROOW\",\"isPartOf\":{\"@id\":\"https:\/\/www.yoroow.com\/es\/#website\"},\"primaryImageOfPage\":{\"@id\":\"https:\/\/www.yoroow.com\/es\/detalle-del-producto\/venta-directa-de-fabrica-monomando-de-cocina-monomando-de-agua-fria-grifo-de-pared-de-cocina-cuerpo-de-zinc-fregadero-de-la-cocina-grifos-de-agua\/#primaryimage\"},\"image\":{\"@id\":\"https:\/\/www.yoroow.com\/es\/detalle-del-producto\/venta-directa-de-fabrica-monomando-de-cocina-monomando-de-agua-fria-grifo-de-pared-de-cocina-cuerpo-de-zinc-fregadero-de-la-cocina-grifos-de-agua\/#primaryimage\"},\"thumbnailUrl\":\"https:\/\/www.yoroow.com\/wp-content\/uploads\/2025\/02\/9579A-030S-C11BK.jpg\",\"datePublished\":\"2025-02-18T01:18:04+00:00\",\"dateModified\":\"2025-05-16T01:23:13+00:00\",\"description\":\"Factory Direct Sale Single-Handle Black Matte Kitchen Faucet wall-mounted, zinc body, perfect for restaurant kitchens needing durable, stylish fixtures. China-based production ensures competitive pricing and export reliability to South American and Southeast Asian markets.\",\"breadcrumb\":{\"@id\":\"https:\/\/www.yoroow.com\/es\/detalle-del-producto\/venta-directa-de-fabrica-monomando-de-cocina-monomando-de-agua-fria-grifo-de-pared-de-cocina-cuerpo-de-zinc-fregadero-de-la-cocina-grifos-de-agua\/#breadcrumb\"},\"inLanguage\":\"es\",\"potentialAction\":[{\"@type\":\"ReadAction\",\"target\":[\"https:\/\/www.yoroow.com\/es\/detalle-del-producto\/venta-directa-de-fabrica-monomando-de-cocina-monomando-de-agua-fria-grifo-de-pared-de-cocina-cuerpo-de-zinc-fregadero-de-la-cocina-grifos-de-agua\/\"]}]},{\"@type\":\"ImageObject\",\"inLanguage\":\"es\",\"@id\":\"https:\/\/www.yoroow.com\/es\/detalle-del-producto\/venta-directa-de-fabrica-monomando-de-cocina-monomando-de-agua-fria-grifo-de-pared-de-cocina-cuerpo-de-zinc-fregadero-de-la-cocina-grifos-de-agua\/#primaryimage\",\"url\":\"https:\/\/www.yoroow.com\/wp-content\/uploads\/2025\/02\/9579A-030S-C11BK.jpg\",\"contentUrl\":\"https:\/\/www.yoroow.com\/wp-content\/uploads\/2025\/02\/9579A-030S-C11BK.jpg\",\"width\":683,\"height\":683,\"caption\":\"Factory Direct Sale Single-Handle Black Matte Kitchen Faucet Single Cold Water Wall Faucet for Kitchen Sink Zinc Body Kitchen\"},{\"@type\":\"BreadcrumbList\",\"@id\":\"https:\/\/www.yoroow.com\/es\/detalle-del-producto\/venta-directa-de-fabrica-monomando-de-cocina-monomando-de-agua-fria-grifo-de-pared-de-cocina-cuerpo-de-zinc-fregadero-de-la-cocina-grifos-de-agua\/#breadcrumb\",\"itemListElement\":[{\"@type\":\"ListItem\",\"position\":1,\"name\":\"home\",\"item\":\"https:\/\/www.yoroow.com\/\"},{\"@type\":\"ListItem\",\"position\":2,\"name\":\"Product\",\"item\":\"https:\/\/www.yoroow.com\/product\/\"},{\"@type\":\"ListItem\",\"position\":3,\"name\":\"Factory Direct Sale Single-Handle Black Matte Kitchen Faucet Single Cold Water Wall Faucet for Kitchen Sink Zinc Body Kitchen\"}]},{\"@type\":\"WebSite\",\"@id\":\"https:\/\/www.yoroow.com\/es\/#website\",\"url\":\"https:\/\/www.yoroow.com\/es\/\",\"name\":\"YOROOW\",\"description\":\"\",\"publisher\":{\"@id\":\"https:\/\/www.yoroow.com\/es\/#organization\"},\"potentialAction\":[{\"@type\":\"SearchAction\",\"target\":{\"@type\":\"EntryPoint\",\"urlTemplate\":\"https:\/\/www.yoroow.com\/es\/?s={search_term_string}\"},\"query-input\":{\"@type\":\"PropertyValueSpecification\",\"valueRequired\":true,\"valueName\":\"search_term_string\"}}],\"inLanguage\":\"es\"},{\"@type\":\"Organization\",\"@id\":\"https:\/\/www.yoroow.com\/es\/#organization\",\"name\":\"YOROOW\",\"url\":\"https:\/\/www.yoroow.com\/es\/\",\"logo\":{\"@type\":\"ImageObject\",\"inLanguage\":\"es\",\"@id\":\"https:\/\/www.yoroow.com\/es\/#\/schema\/logo\/image\/\",\"url\":\"https:\/\/www.yoroow.com\/wp-content\/uploads\/2024\/12\/2024123007131061.png\",\"contentUrl\":\"https:\/\/www.yoroow.com\/wp-content\/uploads\/2024\/12\/2024123007131061.png\",\"width\":168,\"height\":27,\"caption\":\"YOROOW\"},\"image\":{\"@id\":\"https:\/\/www.yoroow.com\/es\/#\/schema\/logo\/image\/\"},\"sameAs\":[\"https:\/\/www.facebook.com\/people\/yoroowfaucetfactory\/61564236752362\/\"]}]}<\/script>\n<!-- \/ Yoast SEO Premium plugin. -->","yoast_head_json":{"title":"Factory Direct Sale Single-Handle Black Matte Kitchen Faucet Single Cold Water Wall Faucet for Kitchen Sink Zinc Body Kitchen - YOROOW","description":"Factory Direct Sale Single-Handle Black Matte Kitchen Faucet wall-mounted, zinc body, perfect for restaurant kitchens needing durable, stylish fixtures. China-based production ensures competitive pricing and export reliability to South American and Southeast Asian markets.","robots":{"index":"index","follow":"follow","max-snippet":"max-snippet:-1","max-image-preview":"max-image-preview:large","max-video-preview":"max-video-preview:-1"},"canonical":"https:\/\/www.yoroow.com\/es\/detalle-del-producto\/venta-directa-de-fabrica-monomando-de-cocina-monomando-de-agua-fria-grifo-de-pared-de-cocina-cuerpo-de-zinc-fregadero-de-la-cocina-grifos-de-agua\/","og_locale":"es_ES","og_type":"article","og_title":"Factory Direct Sale Single-Handle Black Matte Kitchen Faucet Single Cold Water Wall Faucet for Kitchen Sink Zinc Body Kitchen","og_description":"Factory Direct Sale Single-Handle Black Matte Kitchen Faucet wall-mounted, zinc body, perfect for restaurant kitchens needing durable, stylish fixtures. China-based production ensures competitive pricing and export reliability to South American and Southeast Asian markets.","og_url":"https:\/\/www.yoroow.com\/es\/detalle-del-producto\/venta-directa-de-fabrica-monomando-de-cocina-monomando-de-agua-fria-grifo-de-pared-de-cocina-cuerpo-de-zinc-fregadero-de-la-cocina-grifos-de-agua\/","og_site_name":"YOROOW","article_publisher":"https:\/\/www.facebook.com\/people\/yoroowfaucetfactory\/61564236752362\/","article_modified_time":"2025-05-16T01:23:13+00:00","og_image":[{"width":683,"height":683,"url":"https:\/\/www.yoroow.com\/wp-content\/uploads\/2025\/02\/9579A-030S-C11BK.jpg","type":"image\/jpeg"}],"twitter_card":"summary_large_image","twitter_misc":{"Tiempo de lectura":"1 minuto"},"schema":{"@context":"https:\/\/schema.org","@graph":[{"@type":"WebPage","@id":"https:\/\/www.yoroow.com\/es\/detalle-del-producto\/venta-directa-de-fabrica-monomando-de-cocina-monomando-de-agua-fria-grifo-de-pared-de-cocina-cuerpo-de-zinc-fregadero-de-la-cocina-grifos-de-agua\/","url":"https:\/\/www.yoroow.com\/es\/detalle-del-producto\/venta-directa-de-fabrica-monomando-de-cocina-monomando-de-agua-fria-grifo-de-pared-de-cocina-cuerpo-de-zinc-fregadero-de-la-cocina-grifos-de-agua\/","name":"Factory Direct Sale Single-Handle Black Matte Kitchen Faucet Single Cold Water Wall Faucet for Kitchen Sink Zinc Body Kitchen - YOROOW","isPartOf":{"@id":"https:\/\/www.yoroow.com\/es\/#website"},"primaryImageOfPage":{"@id":"https:\/\/www.yoroow.com\/es\/detalle-del-producto\/venta-directa-de-fabrica-monomando-de-cocina-monomando-de-agua-fria-grifo-de-pared-de-cocina-cuerpo-de-zinc-fregadero-de-la-cocina-grifos-de-agua\/#primaryimage"},"image":{"@id":"https:\/\/www.yoroow.com\/es\/detalle-del-producto\/venta-directa-de-fabrica-monomando-de-cocina-monomando-de-agua-fria-grifo-de-pared-de-cocina-cuerpo-de-zinc-fregadero-de-la-cocina-grifos-de-agua\/#primaryimage"},"thumbnailUrl":"https:\/\/www.yoroow.com\/wp-content\/uploads\/2025\/02\/9579A-030S-C11BK.jpg","datePublished":"2025-02-18T01:18:04+00:00","dateModified":"2025-05-16T01:23:13+00:00","description":"Factory Direct Sale Single-Handle Black Matte Kitchen Faucet wall-mounted, zinc body, perfect for restaurant kitchens needing durable, stylish fixtures. China-based production ensures competitive pricing and export reliability to South American and Southeast Asian markets.","breadcrumb":{"@id":"https:\/\/www.yoroow.com\/es\/detalle-del-producto\/venta-directa-de-fabrica-monomando-de-cocina-monomando-de-agua-fria-grifo-de-pared-de-cocina-cuerpo-de-zinc-fregadero-de-la-cocina-grifos-de-agua\/#breadcrumb"},"inLanguage":"es","potentialAction":[{"@type":"ReadAction","target":["https:\/\/www.yoroow.com\/es\/detalle-del-producto\/venta-directa-de-fabrica-monomando-de-cocina-monomando-de-agua-fria-grifo-de-pared-de-cocina-cuerpo-de-zinc-fregadero-de-la-cocina-grifos-de-agua\/"]}]},{"@type":"ImageObject","inLanguage":"es","@id":"https:\/\/www.yoroow.com\/es\/detalle-del-producto\/venta-directa-de-fabrica-monomando-de-cocina-monomando-de-agua-fria-grifo-de-pared-de-cocina-cuerpo-de-zinc-fregadero-de-la-cocina-grifos-de-agua\/#primaryimage","url":"https:\/\/www.yoroow.com\/wp-content\/uploads\/2025\/02\/9579A-030S-C11BK.jpg","contentUrl":"https:\/\/www.yoroow.com\/wp-content\/uploads\/2025\/02\/9579A-030S-C11BK.jpg","width":683,"height":683,"caption":"Factory Direct Sale Single-Handle Black Matte Kitchen Faucet Single Cold Water Wall Faucet for Kitchen Sink Zinc Body Kitchen"},{"@type":"BreadcrumbList","@id":"https:\/\/www.yoroow.com\/es\/detalle-del-producto\/venta-directa-de-fabrica-monomando-de-cocina-monomando-de-agua-fria-grifo-de-pared-de-cocina-cuerpo-de-zinc-fregadero-de-la-cocina-grifos-de-agua\/#breadcrumb","itemListElement":[{"@type":"ListItem","position":1,"name":"home","item":"https:\/\/www.yoroow.com\/"},{"@type":"ListItem","position":2,"name":"Product","item":"https:\/\/www.yoroow.com\/product\/"},{"@type":"ListItem","position":3,"name":"Factory Direct Sale Single-Handle Black Matte Kitchen Faucet Single Cold Water Wall Faucet for Kitchen Sink Zinc Body Kitchen"}]},{"@type":"WebSite","@id":"https:\/\/www.yoroow.com\/es\/#website","url":"https:\/\/www.yoroow.com\/es\/","name":"YOROOW","description":"","publisher":{"@id":"https:\/\/www.yoroow.com\/es\/#organization"},"potentialAction":[{"@type":"SearchAction","target":{"@type":"EntryPoint","urlTemplate":"https:\/\/www.yoroow.com\/es\/?s={search_term_string}"},"query-input":{"@type":"PropertyValueSpecification","valueRequired":true,"valueName":"search_term_string"}}],"inLanguage":"es"},{"@type":"Organization","@id":"https:\/\/www.yoroow.com\/es\/#organization","name":"YOROOW","url":"https:\/\/www.yoroow.com\/es\/","logo":{"@type":"ImageObject","inLanguage":"es","@id":"https:\/\/www.yoroow.com\/es\/#\/schema\/logo\/image\/","url":"https:\/\/www.yoroow.com\/wp-content\/uploads\/2024\/12\/2024123007131061.png","contentUrl":"https:\/\/www.yoroow.com\/wp-content\/uploads\/2024\/12\/2024123007131061.png","width":168,"height":27,"caption":"YOROOW"},"image":{"@id":"https:\/\/www.yoroow.com\/es\/#\/schema\/logo\/image\/"},"sameAs":["https:\/\/www.facebook.com\/people\/yoroowfaucetfactory\/61564236752362\/"]}]}},"_links":{"self":[{"href":"https:\/\/www.yoroow.com\/es\/wp-json\/wp\/v2\/product\/10684","targetHints":{"allow":["GET"]}}],"collection":[{"href":"https:\/\/www.yoroow.com\/es\/wp-json\/wp\/v2\/product"}],"about":[{"href":"https:\/\/www.yoroow.com\/es\/wp-json\/wp\/v2\/types\/product"}],"wp:featuredmedia":[{"embeddable":true,"href":"https:\/\/www.yoroow.com\/es\/wp-json\/wp\/v2\/media\/10687"}],"wp:attachment":[{"href":"https:\/\/www.yoroow.com\/es\/wp-json\/wp\/v2\/media?parent=10684"}],"wp:term":[{"taxonomy":"product_brand","embeddable":true,"href":"https:\/\/www.yoroow.com\/es\/wp-json\/wp\/v2\/product_brand?post=10684"},{"taxonomy":"product_cat","embeddable":true,"href":"https:\/\/www.yoroow.com\/es\/wp-json\/wp\/v2\/product_cat?post=10684"},{"taxonomy":"product_tag","embeddable":true,"href":"https:\/\/www.yoroow.com\/es\/wp-json\/wp\/v2\/product_tag?post=10684"}],"curies":[{"name":"wp","href":"https:\/\/api.w.org\/{rel}","templated":true}]}}