{"id":10226,"date":"2025-02-14T16:29:34","date_gmt":"2025-02-14T08:29:34","guid":{"rendered":"https:\/\/www.yoroow.com\/?post_type=product&#038;p=10226"},"modified":"2025-05-16T09:21:10","modified_gmt":"2025-05-16T01:21:10","slug":"yoroow-cromado-bano-lavabo-laton-cartucho-alto-zinc-cuerpo-frio-agua-grifo-cubierta-montado-lavabo-grifo-%e5%a4%8d%e5%88%b6-%e5%a4%8d%e5%88%b6","status":"publish","type":"product","link":"https:\/\/www.yoroow.com\/es\/detalle-del-producto\/yoroow-cromado-bano-lavabo-laton-cartucho-alto-zinc-cuerpo-frio-agua-grifo-cubierta-montado-lavabo-grifo-%e5%a4%8d%e5%88%b6-%e5%a4%8d%e5%88%b6\/","title":{"rendered":"Contemporary Classic Zinc Tall Basin Tap Long Neck Single Cold Faucet with Ceramic Core Hot Cold Features for Bathroom Home Use"},"content":{"rendered":"<p>Este grifo de lavabo cl\u00e1sico contempor\u00e1neo de zinc presenta un dise\u00f1o de cuello alto y largo con una \u00fanica v\u00e1lvula de agua fr\u00eda para uso dom\u00e9stico en el cuarto de ba\u00f1o. El n\u00facleo cer\u00e1mico garantiza un funcionamiento suave, mientras que la funci\u00f3n fr\u00edo\/calor permite controlar f\u00e1cilmente la temperatura. Su dise\u00f1o cl\u00e1sico encaja bien tanto en cuartos de ba\u00f1o de estilo moderno como tradicional. Fabricado en China, este grifo ofrece precios competitivos y una producci\u00f3n eficiente, lo que lo convierte en una gran opci\u00f3n para exportar a Sudam\u00e9rica y el sudeste asi\u00e1tico, donde crece la demanda de accesorios de ba\u00f1o elegantes pero funcionales.<\/p>","protected":false},"excerpt":{"rendered":"<div class=\"woocommerce-product-details__short-description\">\n<table class=\"has-fixed-layout\">\n<tbody>\n<tr>\n<td class=\"wp-block-table__cell-content\">\n<div class=\"block-editor-rich-text__editable rich-text\" role=\"textbox\" contenteditable=\"true\" aria-multiline=\"true\" aria-label=\"Cuerpo \u5355\u5143\u683c\u6587\u5b57\"><strong data-rich-text-format-boundary=\"true\">N\u00famero de modelo<\/strong><\/div>\n<\/td>\n<td class=\"wp-block-table__cell-content\">9139A<\/td>\n<\/tr>\n<tr>\n<td class=\"wp-block-table__cell-content\">\n<div class=\"block-editor-rich-text__editable rich-text\" role=\"textbox\" contenteditable=\"true\" aria-multiline=\"true\" aria-label=\"Cuerpo \u5355\u5143\u683c\u6587\u5b57\"><strong>Estilo<\/strong><\/div>\n<\/td>\n<td class=\"wp-block-table__cell-content\">\n<div class=\"block-editor-rich-text__editable rich-text\" role=\"textbox\" contenteditable=\"true\" aria-multiline=\"true\" aria-label=\"Cuerpo \u5355\u5143\u683c\u6587\u5b57\">Moderno<\/div>\n<\/td>\n<\/tr>\n<tr>\n<td class=\"wp-block-table__cell-content\">\n<div class=\"block-editor-rich-text__editable rich-text\" role=\"textbox\" contenteditable=\"true\" aria-multiline=\"true\" aria-label=\"Cuerpo \u5355\u5143\u683c\u6587\u5b57\"><strong>Material<\/strong><\/div>\n<\/td>\n<td class=\"wp-block-table__cell-content\">\n<div class=\"block-editor-rich-text__editable rich-text\" role=\"textbox\" contenteditable=\"true\" aria-multiline=\"true\" aria-label=\"Cuerpo \u5355\u5143\u683c\u6587\u5b57\">Zinc<\/div>\n<\/td>\n<\/tr>\n<tr>\n<td class=\"wp-block-table__cell-content\">\n<div class=\"block-editor-rich-text__editable rich-text\" role=\"textbox\" contenteditable=\"true\" aria-multiline=\"true\" aria-label=\"Cuerpo \u5355\u5143\u683c\u6587\u5b57\"><strong>Cartucho<\/strong><\/div>\n<\/td>\n<td class=\"wp-block-table__cell-content\">\n<div class=\"block-editor-rich-text__editable rich-text\" role=\"textbox\" contenteditable=\"true\" aria-multiline=\"true\" aria-label=\"Cuerpo \u5355\u5143\u683c\u6587\u5b57\">Cartucho de lat\u00f3n<\/div>\n<\/td>\n<\/tr>\n<tr>\n<td class=\"wp-block-table__cell-content\">\n<div class=\"block-editor-rich-text__editable rich-text\" role=\"textbox\" contenteditable=\"true\" aria-multiline=\"true\" aria-label=\"Cuerpo \u5355\u5143\u683c\u6587\u5b57\"><strong>Tratamiento de superficies<\/strong><\/div>\n<\/td>\n<td class=\"wp-block-table__cell-content\">\n<div class=\"block-editor-rich-text__editable rich-text\" role=\"textbox\" contenteditable=\"true\" aria-multiline=\"true\" aria-label=\"Cuerpo \u5355\u5143\u683c\u6587\u5b57\">Cromo<\/div>\n<\/td>\n<\/tr>\n<tr>\n<td class=\"wp-block-table__cell-content\">\n<div class=\"block-editor-rich-text__editable rich-text\" role=\"textbox\" contenteditable=\"true\" aria-multiline=\"true\" aria-label=\"Cuerpo \u5355\u5143\u683c\u6587\u5b57\"><strong>Tipos de ca\u00f1o<\/strong><\/div>\n<\/td>\n<td class=\"wp-block-table__cell-content\">\n<div class=\"block-editor-rich-text__editable rich-text\" role=\"textbox\" contenteditable=\"true\" aria-multiline=\"true\" aria-label=\"Cuerpo \u5355\u5143\u683c\u6587\u5b57\">Est\u00e1ndar<\/div>\n<\/td>\n<\/tr>\n<tr>\n<td class=\"wp-block-table__cell-content\">\n<div class=\"block-editor-rich-text__editable rich-text\" role=\"textbox\" contenteditable=\"true\" aria-multiline=\"true\" aria-label=\"Cuerpo \u5355\u5143\u683c\u6587\u5b57\"><strong>peso<\/strong><\/div>\n<\/td>\n<td class=\"wp-block-table__cell-content\">\n<div class=\"block-editor-rich-text__editable rich-text\" role=\"textbox\" contenteditable=\"true\" aria-multiline=\"true\" aria-label=\"Cuerpo \u5355\u5143\u683c\u6587\u5b57\">\u00a0<\/div>\n<\/td>\n<\/tr>\n<tr>\n<td class=\"wp-block-table__cell-content\">\n<div class=\"block-editor-rich-text__editable rich-text\" role=\"textbox\" contenteditable=\"true\" aria-multiline=\"true\" aria-label=\"Cuerpo \u5355\u5143\u683c\u6587\u5b57\"><strong>N\u00famero de orificios para la instalaci\u00f3n<\/strong><\/div>\n<\/td>\n<td class=\"wp-block-table__cell-content\">\n<div class=\"block-editor-rich-text__editable rich-text\" role=\"textbox\" contenteditable=\"true\" aria-multiline=\"true\" aria-label=\"Cuerpo \u5355\u5143\u683c\u6587\u5b57\">Agujero \u00fanico<\/div>\n<\/td>\n<\/tr>\n<tr>\n<td class=\"wp-block-table__cell-content\">\n<div class=\"block-editor-rich-text__editable rich-text\" role=\"textbox\" contenteditable=\"true\" aria-multiline=\"true\" aria-label=\"Cuerpo \u5355\u5143\u683c\u6587\u5b57\"><strong>N\u00famero de asas<\/strong><\/div>\n<\/td>\n<td class=\"wp-block-table__cell-content\">\n<div class=\"block-editor-rich-text__editable rich-text\" role=\"textbox\" contenteditable=\"true\" aria-multiline=\"true\" aria-label=\"Cuerpo \u5355\u5143\u683c\u6587\u5b57\">asa \u00fanica<\/div>\n<\/td>\n<\/tr>\n<tr>\n<td class=\"wp-block-table__cell-content\">\n<div class=\"block-editor-rich-text__editable rich-text\" role=\"textbox\" contenteditable=\"true\" aria-multiline=\"true\" aria-label=\"Cuerpo \u5355\u5143\u683c\u6587\u5b57\"><strong>Tipo de instalaci\u00f3n<\/strong><\/div>\n<\/td>\n<td class=\"wp-block-table__cell-content\">\n<div class=\"block-editor-rich-text__editable rich-text\" role=\"textbox\" contenteditable=\"true\" aria-multiline=\"true\" aria-label=\"Cuerpo \u5355\u5143\u683c\u6587\u5b57\">Montaje en cubierta<\/div>\n<\/td>\n<\/tr>\n<tr>\n<td class=\"wp-block-table__cell-content\">\n<div class=\"block-editor-rich-text__editable rich-text\" role=\"textbox\" contenteditable=\"true\" aria-multiline=\"true\" aria-label=\"Cuerpo \u5355\u5143\u683c\u6587\u5b57\"><strong>Vida \u00fatil de InsCartridge<\/strong><\/div>\n<\/td>\n<td class=\"wp-block-table__cell-content\">\n<div class=\"block-editor-rich-text__editable rich-text\" role=\"textbox\" contenteditable=\"true\" aria-multiline=\"true\" aria-label=\"Cuerpo \u5355\u5143\u683c\u6587\u5b57\">500000 Veces Tipos de apertura<\/div>\n<\/td>\n<\/tr>\n<tr>\n<td class=\"wp-block-table__cell-content\">\n<div class=\"block-editor-rich-text__editable rich-text\" role=\"textbox\" contenteditable=\"true\" aria-multiline=\"true\" aria-label=\"Cuerpo \u5355\u5143\u683c\u6587\u5b57\"><strong>Garant\u00eda<\/strong><\/div>\n<\/td>\n<td class=\"wp-block-table__cell-content\">\n<div class=\"block-editor-rich-text__editable rich-text\" role=\"textbox\" contenteditable=\"true\" aria-multiline=\"true\" aria-label=\"Cuerpo \u5355\u5143\u683c\u6587\u5b57\">5 a\u00f1os de garant\u00eda de calidad<\/div>\n<\/td>\n<\/tr>\n<tr>\n<td class=\"wp-block-table__cell-content\">\n<div class=\"block-editor-rich-text__editable rich-text\" role=\"textbox\" contenteditable=\"true\" aria-multiline=\"true\" aria-label=\"Cuerpo \u5355\u5143\u683c\u6587\u5b57\"><strong>Presi\u00f3n del agua<\/strong><\/div>\n<\/td>\n<td class=\"wp-block-table__cell-content\">\n<div class=\"block-editor-rich-text__editable rich-text\" role=\"textbox\" contenteditable=\"true\" aria-multiline=\"true\" aria-label=\"Cuerpo \u5355\u5143\u683c\u6587\u5b57\">0,05-0,8mpa<\/div>\n<\/td>\n<\/tr>\n<tr>\n<td class=\"wp-block-table__cell-content\">\n<div class=\"block-editor-rich-text__editable rich-text\" role=\"textbox\" contenteditable=\"true\" aria-multiline=\"true\" aria-label=\"Cuerpo \u5355\u5143\u683c\u6587\u5b57\"><strong>Temperatura de trabajo<\/strong><\/div>\n<\/td>\n<td class=\"wp-block-table__cell-content\">\n<div class=\"block-editor-rich-text__editable rich-text\" role=\"textbox\" contenteditable=\"true\" aria-multiline=\"true\" aria-label=\"Cuerpo \u5355\u5143\u683c\u6587\u5b57\">5-99\u2103<\/div>\n<\/td>\n<\/tr>\n<\/tbody>\n<\/table>\n<p>\u00a0<\/p><\/div>\n<div class=\"product_meta\">\u00a0<\/div>\n<div class=\"wp-block-kadence-advancedbtn kb-buttons-wrap kb-btns1303_b530bc-a6\">\u00a0<\/div>","protected":false},"featured_media":10231,"template":"","meta":{"_acf_changed":false,"_kad_post_transparent":"default","_kad_post_title":"","_kad_post_layout":"default","_kad_post_sidebar_id":"","_kad_post_content_style":"default","_kad_post_vertical_padding":"default","_kad_post_feature":"","_kad_post_feature_position":"","_kad_post_header":false,"_kad_post_footer":false},"product_brand":[],"product_cat":[219],"product_tag":[3502,3476],"class_list":{"0":"post-10226","1":"product","2":"type-product","3":"status-publish","4":"has-post-thumbnail","6":"product_cat-single-cold-basin-faucet","7":"product_tag-long-neck-tap-basin","8":"product_tag-tall-basin-tap","10":"first","11":"instock","12":"shipping-taxable","13":"purchasable","14":"product-type-variable","15":"wvs-archive-product-wrapper","16":"entry","17":"content-bg","18":"loop-entry"},"acf":[],"yoast_head":"<!-- This site is optimized with the Yoast SEO Premium plugin v25.4 (Yoast SEO v27.0) - https:\/\/yoast.com\/product\/yoast-seo-premium-wordpress\/ -->\n<title>Contemporary Classic Zinc Tall Basin Tap Long Neck Single Cold Faucet with Ceramic Core Hot Cold Features for Bathroom Home Use - YOROOW<\/title>\n<meta name=\"description\" content=\"Contemporary classic zinc tall basin tap with long neck. Single cold faucet with ceramic core for hot and cold features. Suitable for bathroom home use. Made in China for export to South America and Southeast Asia.\" \/>\n<meta name=\"robots\" content=\"index, follow, max-snippet:-1, max-image-preview:large, max-video-preview:-1\" \/>\n<link rel=\"canonical\" href=\"https:\/\/www.yoroow.com\/es\/detalle-del-producto\/yoroow-cromado-bano-lavabo-laton-cartucho-alto-zinc-cuerpo-frio-agua-grifo-cubierta-montado-lavabo-grifo-\u590d\u5236-\u590d\u5236\/\" \/>\n<meta property=\"og:locale\" content=\"es_ES\" \/>\n<meta property=\"og:type\" content=\"article\" \/>\n<meta property=\"og:title\" content=\"Contemporary Classic Zinc Tall Basin Tap Long Neck Single Cold Faucet with Ceramic Core Hot Cold Features for Bathroom Home Use\" \/>\n<meta property=\"og:description\" content=\"Contemporary classic zinc tall basin tap with long neck. Single cold faucet with ceramic core for hot and cold features. Suitable for bathroom home use. Made in China for export to South America and Southeast Asia.\" \/>\n<meta property=\"og:url\" content=\"https:\/\/www.yoroow.com\/es\/detalle-del-producto\/yoroow-cromado-bano-lavabo-laton-cartucho-alto-zinc-cuerpo-frio-agua-grifo-cubierta-montado-lavabo-grifo-\u590d\u5236-\u590d\u5236\/\" \/>\n<meta property=\"og:site_name\" content=\"YOROOW\" \/>\n<meta property=\"article:publisher\" content=\"https:\/\/www.facebook.com\/people\/yoroowfaucetfactory\/61564236752362\/\" \/>\n<meta property=\"article:modified_time\" content=\"2025-05-16T01:21:10+00:00\" \/>\n<meta property=\"og:image\" content=\"https:\/\/www.yoroow.com\/wp-content\/uploads\/2025\/02\/9140A.jpg\" \/>\n\t<meta property=\"og:image:width\" content=\"639\" \/>\n\t<meta property=\"og:image:height\" content=\"639\" \/>\n\t<meta property=\"og:image:type\" content=\"image\/jpeg\" \/>\n<meta name=\"twitter:card\" content=\"summary_large_image\" \/>\n<meta name=\"twitter:label1\" content=\"Tiempo de lectura\" \/>\n\t<meta name=\"twitter:data1\" content=\"2 minutos\" \/>\n<script type=\"application\/ld+json\" class=\"yoast-schema-graph\">{\"@context\":\"https:\/\/schema.org\",\"@graph\":[{\"@type\":\"WebPage\",\"@id\":\"https:\/\/www.yoroow.com\/es\/detalle-del-producto\/yoroow-cromado-bano-lavabo-laton-cartucho-alto-zinc-cuerpo-frio-agua-grifo-cubierta-montado-lavabo-grifo-%e5%a4%8d%e5%88%b6-%e5%a4%8d%e5%88%b6\/\",\"url\":\"https:\/\/www.yoroow.com\/es\/detalle-del-producto\/yoroow-cromado-bano-lavabo-laton-cartucho-alto-zinc-cuerpo-frio-agua-grifo-cubierta-montado-lavabo-grifo-%e5%a4%8d%e5%88%b6-%e5%a4%8d%e5%88%b6\/\",\"name\":\"Contemporary Classic Zinc Tall Basin Tap Long Neck Single Cold Faucet with Ceramic Core Hot Cold Features for Bathroom Home Use - YOROOW\",\"isPartOf\":{\"@id\":\"https:\/\/www.yoroow.com\/es\/#website\"},\"primaryImageOfPage\":{\"@id\":\"https:\/\/www.yoroow.com\/es\/detalle-del-producto\/yoroow-cromado-bano-lavabo-laton-cartucho-alto-zinc-cuerpo-frio-agua-grifo-cubierta-montado-lavabo-grifo-%e5%a4%8d%e5%88%b6-%e5%a4%8d%e5%88%b6\/#primaryimage\"},\"image\":{\"@id\":\"https:\/\/www.yoroow.com\/es\/detalle-del-producto\/yoroow-cromado-bano-lavabo-laton-cartucho-alto-zinc-cuerpo-frio-agua-grifo-cubierta-montado-lavabo-grifo-%e5%a4%8d%e5%88%b6-%e5%a4%8d%e5%88%b6\/#primaryimage\"},\"thumbnailUrl\":\"https:\/\/www.yoroow.com\/wp-content\/uploads\/2025\/02\/9140A.jpg\",\"datePublished\":\"2025-02-14T08:29:34+00:00\",\"dateModified\":\"2025-05-16T01:21:10+00:00\",\"description\":\"Contemporary classic zinc tall basin tap with long neck. Single cold faucet with ceramic core for hot and cold features. Suitable for bathroom home use. Made in China for export to South America and Southeast Asia.\",\"breadcrumb\":{\"@id\":\"https:\/\/www.yoroow.com\/es\/detalle-del-producto\/yoroow-cromado-bano-lavabo-laton-cartucho-alto-zinc-cuerpo-frio-agua-grifo-cubierta-montado-lavabo-grifo-%e5%a4%8d%e5%88%b6-%e5%a4%8d%e5%88%b6\/#breadcrumb\"},\"inLanguage\":\"es\",\"potentialAction\":[{\"@type\":\"ReadAction\",\"target\":[\"https:\/\/www.yoroow.com\/es\/detalle-del-producto\/yoroow-cromado-bano-lavabo-laton-cartucho-alto-zinc-cuerpo-frio-agua-grifo-cubierta-montado-lavabo-grifo-%e5%a4%8d%e5%88%b6-%e5%a4%8d%e5%88%b6\/\"]}]},{\"@type\":\"ImageObject\",\"inLanguage\":\"es\",\"@id\":\"https:\/\/www.yoroow.com\/es\/detalle-del-producto\/yoroow-cromado-bano-lavabo-laton-cartucho-alto-zinc-cuerpo-frio-agua-grifo-cubierta-montado-lavabo-grifo-%e5%a4%8d%e5%88%b6-%e5%a4%8d%e5%88%b6\/#primaryimage\",\"url\":\"https:\/\/www.yoroow.com\/wp-content\/uploads\/2025\/02\/9140A.jpg\",\"contentUrl\":\"https:\/\/www.yoroow.com\/wp-content\/uploads\/2025\/02\/9140A.jpg\",\"width\":639,\"height\":639,\"caption\":\"Contemporary Classic Zinc Tall Basin Tap Long Neck Single Cold Faucet with Ceramic Core Hot Cold Features for Bathroom Home Use\"},{\"@type\":\"BreadcrumbList\",\"@id\":\"https:\/\/www.yoroow.com\/es\/detalle-del-producto\/yoroow-cromado-bano-lavabo-laton-cartucho-alto-zinc-cuerpo-frio-agua-grifo-cubierta-montado-lavabo-grifo-%e5%a4%8d%e5%88%b6-%e5%a4%8d%e5%88%b6\/#breadcrumb\",\"itemListElement\":[{\"@type\":\"ListItem\",\"position\":1,\"name\":\"home\",\"item\":\"https:\/\/www.yoroow.com\/\"},{\"@type\":\"ListItem\",\"position\":2,\"name\":\"Product\",\"item\":\"https:\/\/www.yoroow.com\/product\/\"},{\"@type\":\"ListItem\",\"position\":3,\"name\":\"Contemporary Classic Zinc Tall Basin Tap Long Neck Single Cold Faucet with Ceramic Core Hot Cold Features for Bathroom Home Use\"}]},{\"@type\":\"WebSite\",\"@id\":\"https:\/\/www.yoroow.com\/es\/#website\",\"url\":\"https:\/\/www.yoroow.com\/es\/\",\"name\":\"YOROOW\",\"description\":\"\",\"publisher\":{\"@id\":\"https:\/\/www.yoroow.com\/es\/#organization\"},\"potentialAction\":[{\"@type\":\"SearchAction\",\"target\":{\"@type\":\"EntryPoint\",\"urlTemplate\":\"https:\/\/www.yoroow.com\/es\/?s={search_term_string}\"},\"query-input\":{\"@type\":\"PropertyValueSpecification\",\"valueRequired\":true,\"valueName\":\"search_term_string\"}}],\"inLanguage\":\"es\"},{\"@type\":\"Organization\",\"@id\":\"https:\/\/www.yoroow.com\/es\/#organization\",\"name\":\"YOROOW\",\"url\":\"https:\/\/www.yoroow.com\/es\/\",\"logo\":{\"@type\":\"ImageObject\",\"inLanguage\":\"es\",\"@id\":\"https:\/\/www.yoroow.com\/es\/#\/schema\/logo\/image\/\",\"url\":\"https:\/\/www.yoroow.com\/wp-content\/uploads\/2024\/12\/2024123007131061.png\",\"contentUrl\":\"https:\/\/www.yoroow.com\/wp-content\/uploads\/2024\/12\/2024123007131061.png\",\"width\":168,\"height\":27,\"caption\":\"YOROOW\"},\"image\":{\"@id\":\"https:\/\/www.yoroow.com\/es\/#\/schema\/logo\/image\/\"},\"sameAs\":[\"https:\/\/www.facebook.com\/people\/yoroowfaucetfactory\/61564236752362\/\"]}]}<\/script>\n<!-- \/ Yoast SEO Premium plugin. -->","yoast_head_json":{"title":"Contemporary Classic Zinc Tall Basin Tap Long Neck Single Cold Faucet with Ceramic Core Hot Cold Features for Bathroom Home Use - YOROOW","description":"Contemporary classic zinc tall basin tap with long neck. Single cold faucet with ceramic core for hot and cold features. Suitable for bathroom home use. Made in China for export to South America and Southeast Asia.","robots":{"index":"index","follow":"follow","max-snippet":"max-snippet:-1","max-image-preview":"max-image-preview:large","max-video-preview":"max-video-preview:-1"},"canonical":"https:\/\/www.yoroow.com\/es\/detalle-del-producto\/yoroow-cromado-bano-lavabo-laton-cartucho-alto-zinc-cuerpo-frio-agua-grifo-cubierta-montado-lavabo-grifo-\u590d\u5236-\u590d\u5236\/","og_locale":"es_ES","og_type":"article","og_title":"Contemporary Classic Zinc Tall Basin Tap Long Neck Single Cold Faucet with Ceramic Core Hot Cold Features for Bathroom Home Use","og_description":"Contemporary classic zinc tall basin tap with long neck. Single cold faucet with ceramic core for hot and cold features. Suitable for bathroom home use. Made in China for export to South America and Southeast Asia.","og_url":"https:\/\/www.yoroow.com\/es\/detalle-del-producto\/yoroow-cromado-bano-lavabo-laton-cartucho-alto-zinc-cuerpo-frio-agua-grifo-cubierta-montado-lavabo-grifo-\u590d\u5236-\u590d\u5236\/","og_site_name":"YOROOW","article_publisher":"https:\/\/www.facebook.com\/people\/yoroowfaucetfactory\/61564236752362\/","article_modified_time":"2025-05-16T01:21:10+00:00","og_image":[{"width":639,"height":639,"url":"https:\/\/www.yoroow.com\/wp-content\/uploads\/2025\/02\/9140A.jpg","type":"image\/jpeg"}],"twitter_card":"summary_large_image","twitter_misc":{"Tiempo de lectura":"2 minutos"},"schema":{"@context":"https:\/\/schema.org","@graph":[{"@type":"WebPage","@id":"https:\/\/www.yoroow.com\/es\/detalle-del-producto\/yoroow-cromado-bano-lavabo-laton-cartucho-alto-zinc-cuerpo-frio-agua-grifo-cubierta-montado-lavabo-grifo-%e5%a4%8d%e5%88%b6-%e5%a4%8d%e5%88%b6\/","url":"https:\/\/www.yoroow.com\/es\/detalle-del-producto\/yoroow-cromado-bano-lavabo-laton-cartucho-alto-zinc-cuerpo-frio-agua-grifo-cubierta-montado-lavabo-grifo-%e5%a4%8d%e5%88%b6-%e5%a4%8d%e5%88%b6\/","name":"Contemporary Classic Zinc Tall Basin Tap Long Neck Single Cold Faucet with Ceramic Core Hot Cold Features for Bathroom Home Use - YOROOW","isPartOf":{"@id":"https:\/\/www.yoroow.com\/es\/#website"},"primaryImageOfPage":{"@id":"https:\/\/www.yoroow.com\/es\/detalle-del-producto\/yoroow-cromado-bano-lavabo-laton-cartucho-alto-zinc-cuerpo-frio-agua-grifo-cubierta-montado-lavabo-grifo-%e5%a4%8d%e5%88%b6-%e5%a4%8d%e5%88%b6\/#primaryimage"},"image":{"@id":"https:\/\/www.yoroow.com\/es\/detalle-del-producto\/yoroow-cromado-bano-lavabo-laton-cartucho-alto-zinc-cuerpo-frio-agua-grifo-cubierta-montado-lavabo-grifo-%e5%a4%8d%e5%88%b6-%e5%a4%8d%e5%88%b6\/#primaryimage"},"thumbnailUrl":"https:\/\/www.yoroow.com\/wp-content\/uploads\/2025\/02\/9140A.jpg","datePublished":"2025-02-14T08:29:34+00:00","dateModified":"2025-05-16T01:21:10+00:00","description":"Contemporary classic zinc tall basin tap with long neck. Single cold faucet with ceramic core for hot and cold features. Suitable for bathroom home use. Made in China for export to South America and Southeast Asia.","breadcrumb":{"@id":"https:\/\/www.yoroow.com\/es\/detalle-del-producto\/yoroow-cromado-bano-lavabo-laton-cartucho-alto-zinc-cuerpo-frio-agua-grifo-cubierta-montado-lavabo-grifo-%e5%a4%8d%e5%88%b6-%e5%a4%8d%e5%88%b6\/#breadcrumb"},"inLanguage":"es","potentialAction":[{"@type":"ReadAction","target":["https:\/\/www.yoroow.com\/es\/detalle-del-producto\/yoroow-cromado-bano-lavabo-laton-cartucho-alto-zinc-cuerpo-frio-agua-grifo-cubierta-montado-lavabo-grifo-%e5%a4%8d%e5%88%b6-%e5%a4%8d%e5%88%b6\/"]}]},{"@type":"ImageObject","inLanguage":"es","@id":"https:\/\/www.yoroow.com\/es\/detalle-del-producto\/yoroow-cromado-bano-lavabo-laton-cartucho-alto-zinc-cuerpo-frio-agua-grifo-cubierta-montado-lavabo-grifo-%e5%a4%8d%e5%88%b6-%e5%a4%8d%e5%88%b6\/#primaryimage","url":"https:\/\/www.yoroow.com\/wp-content\/uploads\/2025\/02\/9140A.jpg","contentUrl":"https:\/\/www.yoroow.com\/wp-content\/uploads\/2025\/02\/9140A.jpg","width":639,"height":639,"caption":"Contemporary Classic Zinc Tall Basin Tap Long Neck Single Cold Faucet with Ceramic Core Hot Cold Features for Bathroom Home Use"},{"@type":"BreadcrumbList","@id":"https:\/\/www.yoroow.com\/es\/detalle-del-producto\/yoroow-cromado-bano-lavabo-laton-cartucho-alto-zinc-cuerpo-frio-agua-grifo-cubierta-montado-lavabo-grifo-%e5%a4%8d%e5%88%b6-%e5%a4%8d%e5%88%b6\/#breadcrumb","itemListElement":[{"@type":"ListItem","position":1,"name":"home","item":"https:\/\/www.yoroow.com\/"},{"@type":"ListItem","position":2,"name":"Product","item":"https:\/\/www.yoroow.com\/product\/"},{"@type":"ListItem","position":3,"name":"Contemporary Classic Zinc Tall Basin Tap Long Neck Single Cold Faucet with Ceramic Core Hot Cold Features for Bathroom Home Use"}]},{"@type":"WebSite","@id":"https:\/\/www.yoroow.com\/es\/#website","url":"https:\/\/www.yoroow.com\/es\/","name":"YOROOW","description":"","publisher":{"@id":"https:\/\/www.yoroow.com\/es\/#organization"},"potentialAction":[{"@type":"SearchAction","target":{"@type":"EntryPoint","urlTemplate":"https:\/\/www.yoroow.com\/es\/?s={search_term_string}"},"query-input":{"@type":"PropertyValueSpecification","valueRequired":true,"valueName":"search_term_string"}}],"inLanguage":"es"},{"@type":"Organization","@id":"https:\/\/www.yoroow.com\/es\/#organization","name":"YOROOW","url":"https:\/\/www.yoroow.com\/es\/","logo":{"@type":"ImageObject","inLanguage":"es","@id":"https:\/\/www.yoroow.com\/es\/#\/schema\/logo\/image\/","url":"https:\/\/www.yoroow.com\/wp-content\/uploads\/2024\/12\/2024123007131061.png","contentUrl":"https:\/\/www.yoroow.com\/wp-content\/uploads\/2024\/12\/2024123007131061.png","width":168,"height":27,"caption":"YOROOW"},"image":{"@id":"https:\/\/www.yoroow.com\/es\/#\/schema\/logo\/image\/"},"sameAs":["https:\/\/www.facebook.com\/people\/yoroowfaucetfactory\/61564236752362\/"]}]}},"_links":{"self":[{"href":"https:\/\/www.yoroow.com\/es\/wp-json\/wp\/v2\/product\/10226","targetHints":{"allow":["GET"]}}],"collection":[{"href":"https:\/\/www.yoroow.com\/es\/wp-json\/wp\/v2\/product"}],"about":[{"href":"https:\/\/www.yoroow.com\/es\/wp-json\/wp\/v2\/types\/product"}],"wp:featuredmedia":[{"embeddable":true,"href":"https:\/\/www.yoroow.com\/es\/wp-json\/wp\/v2\/media\/10231"}],"wp:attachment":[{"href":"https:\/\/www.yoroow.com\/es\/wp-json\/wp\/v2\/media?parent=10226"}],"wp:term":[{"taxonomy":"product_brand","embeddable":true,"href":"https:\/\/www.yoroow.com\/es\/wp-json\/wp\/v2\/product_brand?post=10226"},{"taxonomy":"product_cat","embeddable":true,"href":"https:\/\/www.yoroow.com\/es\/wp-json\/wp\/v2\/product_cat?post=10226"},{"taxonomy":"product_tag","embeddable":true,"href":"https:\/\/www.yoroow.com\/es\/wp-json\/wp\/v2\/product_tag?post=10226"}],"curies":[{"name":"wp","href":"https:\/\/api.w.org\/{rel}","templated":true}]}}