{"id":9953,"date":"2025-02-13T17:01:50","date_gmt":"2025-02-13T09:01:50","guid":{"rendered":"https:\/\/www.yoroow.com\/?post_type=product&#038;p=9953"},"modified":"2025-05-16T09:19:50","modified_gmt":"2025-05-16T01:19:50","slug":"luxus-modernes-messing-pistole-grauwasserfall-wasserhahn-einzelne-kalte-flexible-kuche-spultisch-wasserhahn-kuche-dusche-wasserhahn","status":"publish","type":"product","link":"https:\/\/www.yoroow.com\/de\/produktdetail\/luxus-modernes-messing-pistole-grauwasserfall-wasserhahn-einzelne-kalte-flexible-kuche-spultisch-wasserhahn-kuche-dusche-wasserhahn\/","title":{"rendered":"Luxus Modern Messing Wandmontage K\u00fcchenarmatur Flexibel Gun Grau Wasserfall Sp\u00fcle Wasserhahn K\u00fcche Wasserhahn Dusche Wasserfall Design"},"content":{"rendered":"<p>Diese luxuri\u00f6se, moderne, wandmontierte K\u00fcchenarmatur aus Messing verf\u00fcgt \u00fcber ein flexibles, pistolengraues Design, das jeder K\u00fcche einen Hauch von Eleganz und Funktionalit\u00e4t verleiht. Das Design der Wasserfall-Sp\u00fcltischarmatur sorgt f\u00fcr einen gleichm\u00e4\u00dfigen und ununterbrochenen Wasserfluss, der jedes Mal, wenn er benutzt wird, ein luxuri\u00f6ses Erlebnis bietet. Die robuste Messingkonstruktion macht diese Armatur langlebig und bietet eine hervorragende Best\u00e4ndigkeit gegen Korrosion und Verschlei\u00df. Der Wasserhahn ist mit einer Duschfunktion ausgestattet, die einen vielseitigen Wasserfluss erm\u00f6glicht und somit ideal f\u00fcr verschiedene Aufgaben in der K\u00fcche ist. Diese Armatur wird in China von einer Fabrik hergestellt, die f\u00fcr ihre Expertise in der Produktion von hochwertigen K\u00fcchenarmaturen bekannt ist, und bietet sowohl Stil als auch Funktionalit\u00e4t. Sie ist besonders auf den s\u00fcdamerikanischen und s\u00fcdostasiatischen M\u00e4rkten beliebt, wo moderne, luxuri\u00f6se K\u00fcchenarmaturen sehr gefragt sind. Die Fabrik bietet OEM-Services f\u00fcr die Anpassung von Design, Verpackung und Markenzeichen, was sie zur perfekten Wahl f\u00fcr den Export macht.<\/p>","protected":false},"excerpt":{"rendered":"<p>This luxury modern brass wall-mounted kitchen faucet features a flexible gun grey design, perfect for adding a touch of elegance and functionality to any kitchen. The waterfall sink faucet design ensures a smooth and uninterrupted flow of water, creating a luxurious experience every time it is used. With a durable brass construction, this faucet is&#8230;<\/p>","protected":false},"featured_media":9961,"template":"","meta":{"_acf_changed":false,"_kad_post_transparent":"default","_kad_post_title":"","_kad_post_layout":"default","_kad_post_sidebar_id":"","_kad_post_content_style":"default","_kad_post_vertical_padding":"default","_kad_post_feature":"","_kad_post_feature_position":"","_kad_post_header":false,"_kad_post_footer":false},"product_brand":[],"product_cat":[102,223],"product_tag":[3310,3353],"class_list":{"0":"post-9953","1":"product","2":"type-product","3":"status-publish","4":"has-post-thumbnail","6":"product_cat-kitchen-faucet","7":"product_cat-wall-mounted-kitchen-faucet","8":"product_tag-kitchen-tap-water","9":"product_tag-kitchen-taps-wall-mounted","11":"first","12":"instock","13":"shipping-taxable","14":"purchasable","15":"product-type-variable","16":"wvs-archive-product-wrapper","17":"entry","18":"content-bg","19":"loop-entry"},"acf":[],"yoast_head":"<!-- This site is optimized with the Yoast SEO Premium plugin v25.4 (Yoast SEO v27.0) - https:\/\/yoast.com\/product\/yoast-seo-premium-wordpress\/ -->\n<title>Luxury Modern Brass Wall Mounted Kitchen Faucet Flexible Gun Grey WaterFall Sink Faucet Kitchen Tap Shower Tap Waterfall Design - YOROOW<\/title>\n<meta name=\"description\" content=\"Luxury modern brass wall mounted kitchen faucet with flexible gun grey waterfall design. Sink faucet with shower tap functionality. Made in China and exported to South America and Southeast Asia.\" \/>\n<meta name=\"robots\" content=\"index, follow, max-snippet:-1, max-image-preview:large, max-video-preview:-1\" \/>\n<link rel=\"canonical\" href=\"https:\/\/www.yoroow.com\/de\/produktdetail\/luxus-modernes-messing-pistole-grauwasserfall-wasserhahn-einzelne-kalte-flexible-kuche-spultisch-wasserhahn-kuche-dusche-wasserhahn\/\" \/>\n<meta property=\"og:locale\" content=\"de_DE\" \/>\n<meta property=\"og:type\" content=\"article\" \/>\n<meta property=\"og:title\" content=\"Luxury Modern Brass Wall Mounted Kitchen Faucet Flexible Gun Grey WaterFall Sink Faucet Kitchen Tap Shower Tap Waterfall Design\" \/>\n<meta property=\"og:description\" content=\"Luxury modern brass wall mounted kitchen faucet with flexible gun grey waterfall design. Sink faucet with shower tap functionality. Made in China and exported to South America and Southeast Asia.\" \/>\n<meta property=\"og:url\" content=\"https:\/\/www.yoroow.com\/de\/produktdetail\/luxus-modernes-messing-pistole-grauwasserfall-wasserhahn-einzelne-kalte-flexible-kuche-spultisch-wasserhahn-kuche-dusche-wasserhahn\/\" \/>\n<meta property=\"og:site_name\" content=\"YOROOW\" \/>\n<meta property=\"article:publisher\" content=\"https:\/\/www.facebook.com\/people\/yoroowfaucetfactory\/61564236752362\/\" \/>\n<meta property=\"article:modified_time\" content=\"2025-05-16T01:19:50+00:00\" \/>\n<meta property=\"og:image\" content=\"https:\/\/www.yoroow.com\/wp-content\/uploads\/2025\/02\/\u4e3b\u56fe_4-scaled.jpg\" \/>\n\t<meta property=\"og:image:width\" content=\"2560\" \/>\n\t<meta property=\"og:image:height\" content=\"2560\" \/>\n\t<meta property=\"og:image:type\" content=\"image\/jpeg\" \/>\n<meta name=\"twitter:card\" content=\"summary_large_image\" \/>\n<meta name=\"twitter:label1\" content=\"Gesch\u00e4tzte Lesezeit\" \/>\n\t<meta name=\"twitter:data1\" content=\"2\u00a0Minuten\" \/>\n<script type=\"application\/ld+json\" class=\"yoast-schema-graph\">{\"@context\":\"https:\/\/schema.org\",\"@graph\":[{\"@type\":\"WebPage\",\"@id\":\"https:\/\/www.yoroow.com\/de\/produktdetail\/luxus-modernes-messing-pistole-grauwasserfall-wasserhahn-einzelne-kalte-flexible-kuche-spultisch-wasserhahn-kuche-dusche-wasserhahn\/\",\"url\":\"https:\/\/www.yoroow.com\/de\/produktdetail\/luxus-modernes-messing-pistole-grauwasserfall-wasserhahn-einzelne-kalte-flexible-kuche-spultisch-wasserhahn-kuche-dusche-wasserhahn\/\",\"name\":\"Luxury Modern Brass Wall Mounted Kitchen Faucet Flexible Gun Grey WaterFall Sink Faucet Kitchen Tap Shower Tap Waterfall Design - YOROOW\",\"isPartOf\":{\"@id\":\"https:\/\/www.yoroow.com\/de\/#website\"},\"primaryImageOfPage\":{\"@id\":\"https:\/\/www.yoroow.com\/de\/produktdetail\/luxus-modernes-messing-pistole-grauwasserfall-wasserhahn-einzelne-kalte-flexible-kuche-spultisch-wasserhahn-kuche-dusche-wasserhahn\/#primaryimage\"},\"image\":{\"@id\":\"https:\/\/www.yoroow.com\/de\/produktdetail\/luxus-modernes-messing-pistole-grauwasserfall-wasserhahn-einzelne-kalte-flexible-kuche-spultisch-wasserhahn-kuche-dusche-wasserhahn\/#primaryimage\"},\"thumbnailUrl\":\"https:\/\/www.yoroow.com\/wp-content\/uploads\/2025\/02\/\u4e3b\u56fe_4-scaled.jpg\",\"datePublished\":\"2025-02-13T09:01:50+00:00\",\"dateModified\":\"2025-05-16T01:19:50+00:00\",\"description\":\"Luxury modern brass wall mounted kitchen faucet with flexible gun grey waterfall design. Sink faucet with shower tap functionality. Made in China and exported to South America and Southeast Asia.\",\"breadcrumb\":{\"@id\":\"https:\/\/www.yoroow.com\/de\/produktdetail\/luxus-modernes-messing-pistole-grauwasserfall-wasserhahn-einzelne-kalte-flexible-kuche-spultisch-wasserhahn-kuche-dusche-wasserhahn\/#breadcrumb\"},\"inLanguage\":\"de\",\"potentialAction\":[{\"@type\":\"ReadAction\",\"target\":[\"https:\/\/www.yoroow.com\/de\/produktdetail\/luxus-modernes-messing-pistole-grauwasserfall-wasserhahn-einzelne-kalte-flexible-kuche-spultisch-wasserhahn-kuche-dusche-wasserhahn\/\"]}]},{\"@type\":\"ImageObject\",\"inLanguage\":\"de\",\"@id\":\"https:\/\/www.yoroow.com\/de\/produktdetail\/luxus-modernes-messing-pistole-grauwasserfall-wasserhahn-einzelne-kalte-flexible-kuche-spultisch-wasserhahn-kuche-dusche-wasserhahn\/#primaryimage\",\"url\":\"https:\/\/www.yoroow.com\/wp-content\/uploads\/2025\/02\/\u4e3b\u56fe_4-scaled.jpg\",\"contentUrl\":\"https:\/\/www.yoroow.com\/wp-content\/uploads\/2025\/02\/\u4e3b\u56fe_4-scaled.jpg\",\"width\":2560,\"height\":2560,\"caption\":\"Luxury Modern Brass Wall Mounted Kitchen Faucet Flexible Gun Grey WaterFall Sink Faucet Kitchen Tap Shower Tap Waterfall Design\"},{\"@type\":\"BreadcrumbList\",\"@id\":\"https:\/\/www.yoroow.com\/de\/produktdetail\/luxus-modernes-messing-pistole-grauwasserfall-wasserhahn-einzelne-kalte-flexible-kuche-spultisch-wasserhahn-kuche-dusche-wasserhahn\/#breadcrumb\",\"itemListElement\":[{\"@type\":\"ListItem\",\"position\":1,\"name\":\"home\",\"item\":\"https:\/\/www.yoroow.com\/\"},{\"@type\":\"ListItem\",\"position\":2,\"name\":\"Product\",\"item\":\"https:\/\/www.yoroow.com\/product\/\"},{\"@type\":\"ListItem\",\"position\":3,\"name\":\"Luxury Modern Brass Wall Mounted Kitchen Faucet Flexible Gun Grey WaterFall Sink Faucet Kitchen Tap Shower Tap Waterfall Design\"}]},{\"@type\":\"WebSite\",\"@id\":\"https:\/\/www.yoroow.com\/de\/#website\",\"url\":\"https:\/\/www.yoroow.com\/de\/\",\"name\":\"YOROOW\",\"description\":\"\",\"publisher\":{\"@id\":\"https:\/\/www.yoroow.com\/de\/#organization\"},\"potentialAction\":[{\"@type\":\"SearchAction\",\"target\":{\"@type\":\"EntryPoint\",\"urlTemplate\":\"https:\/\/www.yoroow.com\/de\/?s={search_term_string}\"},\"query-input\":{\"@type\":\"PropertyValueSpecification\",\"valueRequired\":true,\"valueName\":\"search_term_string\"}}],\"inLanguage\":\"de\"},{\"@type\":\"Organization\",\"@id\":\"https:\/\/www.yoroow.com\/de\/#organization\",\"name\":\"YOROOW\",\"url\":\"https:\/\/www.yoroow.com\/de\/\",\"logo\":{\"@type\":\"ImageObject\",\"inLanguage\":\"de\",\"@id\":\"https:\/\/www.yoroow.com\/de\/#\/schema\/logo\/image\/\",\"url\":\"https:\/\/www.yoroow.com\/wp-content\/uploads\/2024\/12\/2024123007131061.png\",\"contentUrl\":\"https:\/\/www.yoroow.com\/wp-content\/uploads\/2024\/12\/2024123007131061.png\",\"width\":168,\"height\":27,\"caption\":\"YOROOW\"},\"image\":{\"@id\":\"https:\/\/www.yoroow.com\/de\/#\/schema\/logo\/image\/\"},\"sameAs\":[\"https:\/\/www.facebook.com\/people\/yoroowfaucetfactory\/61564236752362\/\"]}]}<\/script>\n<!-- \/ Yoast SEO Premium plugin. -->","yoast_head_json":{"title":"Luxury Modern Brass Wall Mounted Kitchen Faucet Flexible Gun Grey WaterFall Sink Faucet Kitchen Tap Shower Tap Waterfall Design - YOROOW","description":"Luxury modern brass wall mounted kitchen faucet with flexible gun grey waterfall design. Sink faucet with shower tap functionality. Made in China and exported to South America and Southeast Asia.","robots":{"index":"index","follow":"follow","max-snippet":"max-snippet:-1","max-image-preview":"max-image-preview:large","max-video-preview":"max-video-preview:-1"},"canonical":"https:\/\/www.yoroow.com\/de\/produktdetail\/luxus-modernes-messing-pistole-grauwasserfall-wasserhahn-einzelne-kalte-flexible-kuche-spultisch-wasserhahn-kuche-dusche-wasserhahn\/","og_locale":"de_DE","og_type":"article","og_title":"Luxury Modern Brass Wall Mounted Kitchen Faucet Flexible Gun Grey WaterFall Sink Faucet Kitchen Tap Shower Tap Waterfall Design","og_description":"Luxury modern brass wall mounted kitchen faucet with flexible gun grey waterfall design. Sink faucet with shower tap functionality. Made in China and exported to South America and Southeast Asia.","og_url":"https:\/\/www.yoroow.com\/de\/produktdetail\/luxus-modernes-messing-pistole-grauwasserfall-wasserhahn-einzelne-kalte-flexible-kuche-spultisch-wasserhahn-kuche-dusche-wasserhahn\/","og_site_name":"YOROOW","article_publisher":"https:\/\/www.facebook.com\/people\/yoroowfaucetfactory\/61564236752362\/","article_modified_time":"2025-05-16T01:19:50+00:00","og_image":[{"width":2560,"height":2560,"url":"https:\/\/www.yoroow.com\/wp-content\/uploads\/2025\/02\/\u4e3b\u56fe_4-scaled.jpg","type":"image\/jpeg"}],"twitter_card":"summary_large_image","twitter_misc":{"Gesch\u00e4tzte Lesezeit":"2\u00a0Minuten"},"schema":{"@context":"https:\/\/schema.org","@graph":[{"@type":"WebPage","@id":"https:\/\/www.yoroow.com\/de\/produktdetail\/luxus-modernes-messing-pistole-grauwasserfall-wasserhahn-einzelne-kalte-flexible-kuche-spultisch-wasserhahn-kuche-dusche-wasserhahn\/","url":"https:\/\/www.yoroow.com\/de\/produktdetail\/luxus-modernes-messing-pistole-grauwasserfall-wasserhahn-einzelne-kalte-flexible-kuche-spultisch-wasserhahn-kuche-dusche-wasserhahn\/","name":"Luxury Modern Brass Wall Mounted Kitchen Faucet Flexible Gun Grey WaterFall Sink Faucet Kitchen Tap Shower Tap Waterfall Design - YOROOW","isPartOf":{"@id":"https:\/\/www.yoroow.com\/de\/#website"},"primaryImageOfPage":{"@id":"https:\/\/www.yoroow.com\/de\/produktdetail\/luxus-modernes-messing-pistole-grauwasserfall-wasserhahn-einzelne-kalte-flexible-kuche-spultisch-wasserhahn-kuche-dusche-wasserhahn\/#primaryimage"},"image":{"@id":"https:\/\/www.yoroow.com\/de\/produktdetail\/luxus-modernes-messing-pistole-grauwasserfall-wasserhahn-einzelne-kalte-flexible-kuche-spultisch-wasserhahn-kuche-dusche-wasserhahn\/#primaryimage"},"thumbnailUrl":"https:\/\/www.yoroow.com\/wp-content\/uploads\/2025\/02\/\u4e3b\u56fe_4-scaled.jpg","datePublished":"2025-02-13T09:01:50+00:00","dateModified":"2025-05-16T01:19:50+00:00","description":"Luxury modern brass wall mounted kitchen faucet with flexible gun grey waterfall design. Sink faucet with shower tap functionality. Made in China and exported to South America and Southeast Asia.","breadcrumb":{"@id":"https:\/\/www.yoroow.com\/de\/produktdetail\/luxus-modernes-messing-pistole-grauwasserfall-wasserhahn-einzelne-kalte-flexible-kuche-spultisch-wasserhahn-kuche-dusche-wasserhahn\/#breadcrumb"},"inLanguage":"de","potentialAction":[{"@type":"ReadAction","target":["https:\/\/www.yoroow.com\/de\/produktdetail\/luxus-modernes-messing-pistole-grauwasserfall-wasserhahn-einzelne-kalte-flexible-kuche-spultisch-wasserhahn-kuche-dusche-wasserhahn\/"]}]},{"@type":"ImageObject","inLanguage":"de","@id":"https:\/\/www.yoroow.com\/de\/produktdetail\/luxus-modernes-messing-pistole-grauwasserfall-wasserhahn-einzelne-kalte-flexible-kuche-spultisch-wasserhahn-kuche-dusche-wasserhahn\/#primaryimage","url":"https:\/\/www.yoroow.com\/wp-content\/uploads\/2025\/02\/\u4e3b\u56fe_4-scaled.jpg","contentUrl":"https:\/\/www.yoroow.com\/wp-content\/uploads\/2025\/02\/\u4e3b\u56fe_4-scaled.jpg","width":2560,"height":2560,"caption":"Luxury Modern Brass Wall Mounted Kitchen Faucet Flexible Gun Grey WaterFall Sink Faucet Kitchen Tap Shower Tap Waterfall Design"},{"@type":"BreadcrumbList","@id":"https:\/\/www.yoroow.com\/de\/produktdetail\/luxus-modernes-messing-pistole-grauwasserfall-wasserhahn-einzelne-kalte-flexible-kuche-spultisch-wasserhahn-kuche-dusche-wasserhahn\/#breadcrumb","itemListElement":[{"@type":"ListItem","position":1,"name":"home","item":"https:\/\/www.yoroow.com\/"},{"@type":"ListItem","position":2,"name":"Product","item":"https:\/\/www.yoroow.com\/product\/"},{"@type":"ListItem","position":3,"name":"Luxury Modern Brass Wall Mounted Kitchen Faucet Flexible Gun Grey WaterFall Sink Faucet Kitchen Tap Shower Tap Waterfall Design"}]},{"@type":"WebSite","@id":"https:\/\/www.yoroow.com\/de\/#website","url":"https:\/\/www.yoroow.com\/de\/","name":"YOROOW","description":"","publisher":{"@id":"https:\/\/www.yoroow.com\/de\/#organization"},"potentialAction":[{"@type":"SearchAction","target":{"@type":"EntryPoint","urlTemplate":"https:\/\/www.yoroow.com\/de\/?s={search_term_string}"},"query-input":{"@type":"PropertyValueSpecification","valueRequired":true,"valueName":"search_term_string"}}],"inLanguage":"de"},{"@type":"Organization","@id":"https:\/\/www.yoroow.com\/de\/#organization","name":"YOROOW","url":"https:\/\/www.yoroow.com\/de\/","logo":{"@type":"ImageObject","inLanguage":"de","@id":"https:\/\/www.yoroow.com\/de\/#\/schema\/logo\/image\/","url":"https:\/\/www.yoroow.com\/wp-content\/uploads\/2024\/12\/2024123007131061.png","contentUrl":"https:\/\/www.yoroow.com\/wp-content\/uploads\/2024\/12\/2024123007131061.png","width":168,"height":27,"caption":"YOROOW"},"image":{"@id":"https:\/\/www.yoroow.com\/de\/#\/schema\/logo\/image\/"},"sameAs":["https:\/\/www.facebook.com\/people\/yoroowfaucetfactory\/61564236752362\/"]}]}},"_links":{"self":[{"href":"https:\/\/www.yoroow.com\/de\/wp-json\/wp\/v2\/product\/9953","targetHints":{"allow":["GET"]}}],"collection":[{"href":"https:\/\/www.yoroow.com\/de\/wp-json\/wp\/v2\/product"}],"about":[{"href":"https:\/\/www.yoroow.com\/de\/wp-json\/wp\/v2\/types\/product"}],"wp:featuredmedia":[{"embeddable":true,"href":"https:\/\/www.yoroow.com\/de\/wp-json\/wp\/v2\/media\/9961"}],"wp:attachment":[{"href":"https:\/\/www.yoroow.com\/de\/wp-json\/wp\/v2\/media?parent=9953"}],"wp:term":[{"taxonomy":"product_brand","embeddable":true,"href":"https:\/\/www.yoroow.com\/de\/wp-json\/wp\/v2\/product_brand?post=9953"},{"taxonomy":"product_cat","embeddable":true,"href":"https:\/\/www.yoroow.com\/de\/wp-json\/wp\/v2\/product_cat?post=9953"},{"taxonomy":"product_tag","embeddable":true,"href":"https:\/\/www.yoroow.com\/de\/wp-json\/wp\/v2\/product_tag?post=9953"}],"curies":[{"name":"wp","href":"https:\/\/api.w.org\/{rel}","templated":true}]}}