{"id":9536,"date":"2025-01-24T14:02:41","date_gmt":"2025-01-24T06:02:41","guid":{"rendered":"https:\/\/www.yoroow.com\/?post_type=product&#038;p=9536"},"modified":"2025-05-16T09:19:01","modified_gmt":"2025-05-16T01:19:01","slug":"china-fabrik-gute-qualitat-messing-korper-einzigen-griff-deck-montiert-verzogerung-waschbecken-wasserhahn-fur-bad","status":"publish","type":"product","link":"https:\/\/www.yoroow.com\/de\/produktdetail\/china-fabrik-gute-qualitat-messing-korper-einzigen-griff-deck-montiert-verzogerung-waschbecken-wasserhahn-fur-bad\/","title":{"rendered":"Moderne Einhand-Waschtischarmatur mit Verz\u00f6gerung Hochwertige Wanddruckarmatur f\u00fcr Badezimmer"},"content":{"rendered":"<p>Diese moderne Einhebel-Waschtischarmatur f\u00fcr die Aufputzmontage zeichnet sich durch ein hochwertiges Design aus und verf\u00fcgt \u00fcber eine Wanddruckfunktion, die durch die Begrenzung der Durchflusszeit zum Wassersparen beitr\u00e4gt. Die Armatur ist aus langlebigem Messing und Edelstahl gefertigt und eignet sich gut f\u00fcr \u00f6ffentliche und stark frequentierte Toiletten, z. B. in Schulen, B\u00fcrogeb\u00e4uden und Flugh\u00e4fen. Dieses Produkt wird in China hergestellt und profitiert von einem kosteneffizienten Produktionsprozess bei gleichzeitiger Einhaltung hoher Standards in der Qualit\u00e4tskontrolle. Es ist sowohl in S\u00fcdamerika als auch in S\u00fcdostasien beliebt, bietet erhebliche Einsparungen bei den Wasserrechnungen und unterst\u00fctzt eine einfache Wartung. OEM-Optionen f\u00fcr kundenspezifisches Design, Branding und Verpackung sind verf\u00fcgbar.<\/p>","protected":false},"excerpt":{"rendered":"<p>This modern single-handle deck-mounted delay basin faucet features a high-quality design, with a wall push function that helps save water by limiting the flow time. Made from durable brass and stainless steel, this faucet is well-suited for public and high-traffic restrooms, including those in schools, office buildings, and airports. Manufactured in China, this product leverages\u2026<\/p>","protected":false},"featured_media":9540,"template":"","meta":{"_acf_changed":false,"_kad_post_transparent":"default","_kad_post_title":"","_kad_post_layout":"default","_kad_post_sidebar_id":"","_kad_post_content_style":"default","_kad_post_vertical_padding":"default","_kad_post_feature":"","_kad_post_feature_position":"","_kad_post_header":false,"_kad_post_footer":false},"product_brand":[],"product_cat":[227],"product_tag":[7516,7523],"class_list":{"0":"post-9536","1":"product","2":"type-product","3":"status-publish","4":"has-post-thumbnail","6":"product_cat-deck-delay-faucet","7":"product_tag-deck-delay-faucet","8":"product_tag-wall-push-down-faucet","10":"first","11":"instock","12":"shipping-taxable","13":"purchasable","14":"product-type-variable","15":"wvs-archive-product-wrapper","16":"entry","17":"content-bg","18":"loop-entry"},"acf":[],"yoast_head":"<!-- This site is optimized with the Yoast SEO Premium plugin v25.4 (Yoast SEO v27.0) - https:\/\/yoast.com\/product\/yoast-seo-premium-wordpress\/ -->\n<title>Modern Single-Handle Deck Mounted Delay Basin Faucet High Quality Wall Push Faucet for Bathrooms - YOROOW<\/title>\n<meta name=\"description\" content=\"Modern single-handle deck-mounted delay basin faucet with wall push operation. High quality and efficient water saving. Made in China with export focus on South American and Southeast Asian restroom markets.\" \/>\n<meta name=\"robots\" content=\"index, follow, max-snippet:-1, max-image-preview:large, max-video-preview:-1\" \/>\n<link rel=\"canonical\" href=\"https:\/\/www.yoroow.com\/de\/produktdetail\/china-fabrik-gute-qualitat-messing-korper-einzigen-griff-deck-montiert-verzogerung-waschbecken-wasserhahn-fur-bad\/\" \/>\n<meta property=\"og:locale\" content=\"de_DE\" \/>\n<meta property=\"og:type\" content=\"article\" \/>\n<meta property=\"og:title\" content=\"Modern Single-Handle Deck Mounted Delay Basin Faucet High Quality Wall Push Faucet for Bathrooms\" \/>\n<meta property=\"og:description\" content=\"Modern single-handle deck-mounted delay basin faucet with wall push operation. High quality and efficient water saving. Made in China with export focus on South American and Southeast Asian restroom markets.\" \/>\n<meta property=\"og:url\" content=\"https:\/\/www.yoroow.com\/de\/produktdetail\/china-fabrik-gute-qualitat-messing-korper-einzigen-griff-deck-montiert-verzogerung-waschbecken-wasserhahn-fur-bad\/\" \/>\n<meta property=\"og:site_name\" content=\"YOROOW\" \/>\n<meta property=\"article:publisher\" content=\"https:\/\/www.facebook.com\/people\/yoroowfaucetfactory\/61564236752362\/\" \/>\n<meta property=\"article:modified_time\" content=\"2025-05-16T01:19:01+00:00\" \/>\n<meta property=\"og:image\" content=\"https:\/\/www.yoroow.com\/wp-content\/uploads\/2025\/01\/\u4e3b\u56fe_6-8.jpg\" \/>\n\t<meta property=\"og:image:width\" content=\"800\" \/>\n\t<meta property=\"og:image:height\" content=\"800\" \/>\n\t<meta property=\"og:image:type\" content=\"image\/jpeg\" \/>\n<meta name=\"twitter:card\" content=\"summary_large_image\" \/>\n<meta name=\"twitter:label1\" content=\"Gesch\u00e4tzte Lesezeit\" \/>\n\t<meta name=\"twitter:data1\" content=\"1\u00a0Minute\" \/>\n<script type=\"application\/ld+json\" class=\"yoast-schema-graph\">{\"@context\":\"https:\/\/schema.org\",\"@graph\":[{\"@type\":\"WebPage\",\"@id\":\"https:\/\/www.yoroow.com\/de\/produktdetail\/china-fabrik-gute-qualitat-messing-korper-einzigen-griff-deck-montiert-verzogerung-waschbecken-wasserhahn-fur-bad\/\",\"url\":\"https:\/\/www.yoroow.com\/de\/produktdetail\/china-fabrik-gute-qualitat-messing-korper-einzigen-griff-deck-montiert-verzogerung-waschbecken-wasserhahn-fur-bad\/\",\"name\":\"Modern Single-Handle Deck Mounted Delay Basin Faucet High Quality Wall Push Faucet for Bathrooms - YOROOW\",\"isPartOf\":{\"@id\":\"https:\/\/www.yoroow.com\/de\/#website\"},\"primaryImageOfPage\":{\"@id\":\"https:\/\/www.yoroow.com\/de\/produktdetail\/china-fabrik-gute-qualitat-messing-korper-einzigen-griff-deck-montiert-verzogerung-waschbecken-wasserhahn-fur-bad\/#primaryimage\"},\"image\":{\"@id\":\"https:\/\/www.yoroow.com\/de\/produktdetail\/china-fabrik-gute-qualitat-messing-korper-einzigen-griff-deck-montiert-verzogerung-waschbecken-wasserhahn-fur-bad\/#primaryimage\"},\"thumbnailUrl\":\"https:\/\/www.yoroow.com\/wp-content\/uploads\/2025\/01\/\u4e3b\u56fe_6-8.jpg\",\"datePublished\":\"2025-01-24T06:02:41+00:00\",\"dateModified\":\"2025-05-16T01:19:01+00:00\",\"description\":\"Modern single-handle deck-mounted delay basin faucet with wall push operation. High quality and efficient water saving. Made in China with export focus on South American and Southeast Asian restroom markets.\",\"breadcrumb\":{\"@id\":\"https:\/\/www.yoroow.com\/de\/produktdetail\/china-fabrik-gute-qualitat-messing-korper-einzigen-griff-deck-montiert-verzogerung-waschbecken-wasserhahn-fur-bad\/#breadcrumb\"},\"inLanguage\":\"de\",\"potentialAction\":[{\"@type\":\"ReadAction\",\"target\":[\"https:\/\/www.yoroow.com\/de\/produktdetail\/china-fabrik-gute-qualitat-messing-korper-einzigen-griff-deck-montiert-verzogerung-waschbecken-wasserhahn-fur-bad\/\"]}]},{\"@type\":\"ImageObject\",\"inLanguage\":\"de\",\"@id\":\"https:\/\/www.yoroow.com\/de\/produktdetail\/china-fabrik-gute-qualitat-messing-korper-einzigen-griff-deck-montiert-verzogerung-waschbecken-wasserhahn-fur-bad\/#primaryimage\",\"url\":\"https:\/\/www.yoroow.com\/wp-content\/uploads\/2025\/01\/\u4e3b\u56fe_6-8.jpg\",\"contentUrl\":\"https:\/\/www.yoroow.com\/wp-content\/uploads\/2025\/01\/\u4e3b\u56fe_6-8.jpg\",\"width\":800,\"height\":800,\"caption\":\"China factory good quality brass body single handle deck mounted delay basin faucet for bathroom\"},{\"@type\":\"BreadcrumbList\",\"@id\":\"https:\/\/www.yoroow.com\/de\/produktdetail\/china-fabrik-gute-qualitat-messing-korper-einzigen-griff-deck-montiert-verzogerung-waschbecken-wasserhahn-fur-bad\/#breadcrumb\",\"itemListElement\":[{\"@type\":\"ListItem\",\"position\":1,\"name\":\"home\",\"item\":\"https:\/\/www.yoroow.com\/\"},{\"@type\":\"ListItem\",\"position\":2,\"name\":\"Product\",\"item\":\"https:\/\/www.yoroow.com\/product\/\"},{\"@type\":\"ListItem\",\"position\":3,\"name\":\"Modern Single-Handle Deck Mounted Delay Basin Faucet High Quality Wall Push Faucet for Bathrooms\"}]},{\"@type\":\"WebSite\",\"@id\":\"https:\/\/www.yoroow.com\/de\/#website\",\"url\":\"https:\/\/www.yoroow.com\/de\/\",\"name\":\"YOROOW\",\"description\":\"\",\"publisher\":{\"@id\":\"https:\/\/www.yoroow.com\/de\/#organization\"},\"potentialAction\":[{\"@type\":\"SearchAction\",\"target\":{\"@type\":\"EntryPoint\",\"urlTemplate\":\"https:\/\/www.yoroow.com\/de\/?s={search_term_string}\"},\"query-input\":{\"@type\":\"PropertyValueSpecification\",\"valueRequired\":true,\"valueName\":\"search_term_string\"}}],\"inLanguage\":\"de\"},{\"@type\":\"Organization\",\"@id\":\"https:\/\/www.yoroow.com\/de\/#organization\",\"name\":\"YOROOW\",\"url\":\"https:\/\/www.yoroow.com\/de\/\",\"logo\":{\"@type\":\"ImageObject\",\"inLanguage\":\"de\",\"@id\":\"https:\/\/www.yoroow.com\/de\/#\/schema\/logo\/image\/\",\"url\":\"https:\/\/www.yoroow.com\/wp-content\/uploads\/2024\/12\/2024123007131061.png\",\"contentUrl\":\"https:\/\/www.yoroow.com\/wp-content\/uploads\/2024\/12\/2024123007131061.png\",\"width\":168,\"height\":27,\"caption\":\"YOROOW\"},\"image\":{\"@id\":\"https:\/\/www.yoroow.com\/de\/#\/schema\/logo\/image\/\"},\"sameAs\":[\"https:\/\/www.facebook.com\/people\/yoroowfaucetfactory\/61564236752362\/\"]}]}<\/script>\n<!-- \/ Yoast SEO Premium plugin. -->","yoast_head_json":{"title":"Modern Single-Handle Deck Mounted Delay Basin Faucet High Quality Wall Push Faucet for Bathrooms - YOROOW","description":"Modern single-handle deck-mounted delay basin faucet with wall push operation. High quality and efficient water saving. Made in China with export focus on South American and Southeast Asian restroom markets.","robots":{"index":"index","follow":"follow","max-snippet":"max-snippet:-1","max-image-preview":"max-image-preview:large","max-video-preview":"max-video-preview:-1"},"canonical":"https:\/\/www.yoroow.com\/de\/produktdetail\/china-fabrik-gute-qualitat-messing-korper-einzigen-griff-deck-montiert-verzogerung-waschbecken-wasserhahn-fur-bad\/","og_locale":"de_DE","og_type":"article","og_title":"Modern Single-Handle Deck Mounted Delay Basin Faucet High Quality Wall Push Faucet for Bathrooms","og_description":"Modern single-handle deck-mounted delay basin faucet with wall push operation. High quality and efficient water saving. Made in China with export focus on South American and Southeast Asian restroom markets.","og_url":"https:\/\/www.yoroow.com\/de\/produktdetail\/china-fabrik-gute-qualitat-messing-korper-einzigen-griff-deck-montiert-verzogerung-waschbecken-wasserhahn-fur-bad\/","og_site_name":"YOROOW","article_publisher":"https:\/\/www.facebook.com\/people\/yoroowfaucetfactory\/61564236752362\/","article_modified_time":"2025-05-16T01:19:01+00:00","og_image":[{"width":800,"height":800,"url":"https:\/\/www.yoroow.com\/wp-content\/uploads\/2025\/01\/\u4e3b\u56fe_6-8.jpg","type":"image\/jpeg"}],"twitter_card":"summary_large_image","twitter_misc":{"Gesch\u00e4tzte Lesezeit":"1\u00a0Minute"},"schema":{"@context":"https:\/\/schema.org","@graph":[{"@type":"WebPage","@id":"https:\/\/www.yoroow.com\/de\/produktdetail\/china-fabrik-gute-qualitat-messing-korper-einzigen-griff-deck-montiert-verzogerung-waschbecken-wasserhahn-fur-bad\/","url":"https:\/\/www.yoroow.com\/de\/produktdetail\/china-fabrik-gute-qualitat-messing-korper-einzigen-griff-deck-montiert-verzogerung-waschbecken-wasserhahn-fur-bad\/","name":"Modern Single-Handle Deck Mounted Delay Basin Faucet High Quality Wall Push Faucet for Bathrooms - YOROOW","isPartOf":{"@id":"https:\/\/www.yoroow.com\/de\/#website"},"primaryImageOfPage":{"@id":"https:\/\/www.yoroow.com\/de\/produktdetail\/china-fabrik-gute-qualitat-messing-korper-einzigen-griff-deck-montiert-verzogerung-waschbecken-wasserhahn-fur-bad\/#primaryimage"},"image":{"@id":"https:\/\/www.yoroow.com\/de\/produktdetail\/china-fabrik-gute-qualitat-messing-korper-einzigen-griff-deck-montiert-verzogerung-waschbecken-wasserhahn-fur-bad\/#primaryimage"},"thumbnailUrl":"https:\/\/www.yoroow.com\/wp-content\/uploads\/2025\/01\/\u4e3b\u56fe_6-8.jpg","datePublished":"2025-01-24T06:02:41+00:00","dateModified":"2025-05-16T01:19:01+00:00","description":"Modern single-handle deck-mounted delay basin faucet with wall push operation. High quality and efficient water saving. Made in China with export focus on South American and Southeast Asian restroom markets.","breadcrumb":{"@id":"https:\/\/www.yoroow.com\/de\/produktdetail\/china-fabrik-gute-qualitat-messing-korper-einzigen-griff-deck-montiert-verzogerung-waschbecken-wasserhahn-fur-bad\/#breadcrumb"},"inLanguage":"de","potentialAction":[{"@type":"ReadAction","target":["https:\/\/www.yoroow.com\/de\/produktdetail\/china-fabrik-gute-qualitat-messing-korper-einzigen-griff-deck-montiert-verzogerung-waschbecken-wasserhahn-fur-bad\/"]}]},{"@type":"ImageObject","inLanguage":"de","@id":"https:\/\/www.yoroow.com\/de\/produktdetail\/china-fabrik-gute-qualitat-messing-korper-einzigen-griff-deck-montiert-verzogerung-waschbecken-wasserhahn-fur-bad\/#primaryimage","url":"https:\/\/www.yoroow.com\/wp-content\/uploads\/2025\/01\/\u4e3b\u56fe_6-8.jpg","contentUrl":"https:\/\/www.yoroow.com\/wp-content\/uploads\/2025\/01\/\u4e3b\u56fe_6-8.jpg","width":800,"height":800,"caption":"China factory good quality brass body single handle deck mounted delay basin faucet for bathroom"},{"@type":"BreadcrumbList","@id":"https:\/\/www.yoroow.com\/de\/produktdetail\/china-fabrik-gute-qualitat-messing-korper-einzigen-griff-deck-montiert-verzogerung-waschbecken-wasserhahn-fur-bad\/#breadcrumb","itemListElement":[{"@type":"ListItem","position":1,"name":"home","item":"https:\/\/www.yoroow.com\/"},{"@type":"ListItem","position":2,"name":"Product","item":"https:\/\/www.yoroow.com\/product\/"},{"@type":"ListItem","position":3,"name":"Modern Single-Handle Deck Mounted Delay Basin Faucet High Quality Wall Push Faucet for Bathrooms"}]},{"@type":"WebSite","@id":"https:\/\/www.yoroow.com\/de\/#website","url":"https:\/\/www.yoroow.com\/de\/","name":"YOROOW","description":"","publisher":{"@id":"https:\/\/www.yoroow.com\/de\/#organization"},"potentialAction":[{"@type":"SearchAction","target":{"@type":"EntryPoint","urlTemplate":"https:\/\/www.yoroow.com\/de\/?s={search_term_string}"},"query-input":{"@type":"PropertyValueSpecification","valueRequired":true,"valueName":"search_term_string"}}],"inLanguage":"de"},{"@type":"Organization","@id":"https:\/\/www.yoroow.com\/de\/#organization","name":"YOROOW","url":"https:\/\/www.yoroow.com\/de\/","logo":{"@type":"ImageObject","inLanguage":"de","@id":"https:\/\/www.yoroow.com\/de\/#\/schema\/logo\/image\/","url":"https:\/\/www.yoroow.com\/wp-content\/uploads\/2024\/12\/2024123007131061.png","contentUrl":"https:\/\/www.yoroow.com\/wp-content\/uploads\/2024\/12\/2024123007131061.png","width":168,"height":27,"caption":"YOROOW"},"image":{"@id":"https:\/\/www.yoroow.com\/de\/#\/schema\/logo\/image\/"},"sameAs":["https:\/\/www.facebook.com\/people\/yoroowfaucetfactory\/61564236752362\/"]}]}},"_links":{"self":[{"href":"https:\/\/www.yoroow.com\/de\/wp-json\/wp\/v2\/product\/9536","targetHints":{"allow":["GET"]}}],"collection":[{"href":"https:\/\/www.yoroow.com\/de\/wp-json\/wp\/v2\/product"}],"about":[{"href":"https:\/\/www.yoroow.com\/de\/wp-json\/wp\/v2\/types\/product"}],"wp:featuredmedia":[{"embeddable":true,"href":"https:\/\/www.yoroow.com\/de\/wp-json\/wp\/v2\/media\/9540"}],"wp:attachment":[{"href":"https:\/\/www.yoroow.com\/de\/wp-json\/wp\/v2\/media?parent=9536"}],"wp:term":[{"taxonomy":"product_brand","embeddable":true,"href":"https:\/\/www.yoroow.com\/de\/wp-json\/wp\/v2\/product_brand?post=9536"},{"taxonomy":"product_cat","embeddable":true,"href":"https:\/\/www.yoroow.com\/de\/wp-json\/wp\/v2\/product_cat?post=9536"},{"taxonomy":"product_tag","embeddable":true,"href":"https:\/\/www.yoroow.com\/de\/wp-json\/wp\/v2\/product_tag?post=9536"}],"curies":[{"name":"wp","href":"https:\/\/api.w.org\/{rel}","templated":true}]}}