{"id":5349,"date":"2024-12-21T10:41:19","date_gmt":"2024-12-21T02:41:19","guid":{"rendered":"https:\/\/www.yoroow.com\/?post_type=product&#038;p=5349"},"modified":"2025-05-16T09:15:39","modified_gmt":"2025-05-16T01:15:39","slug":"professionelle-qualitat-fur-jemen-messing-zink-gut-poliert-bibcock","status":"publish","type":"product","link":"https:\/\/www.yoroow.com\/de\/produktdetail\/professionelle-qualitat-fur-jemen-messing-zink-gut-poliert-bibcock\/","title":{"rendered":"Modernes Design Professionelle Qualit\u00e4t \u00d6ffentliche Bibcock Kunststoff Eisen Ventileinsatz mit Kupferstange Zink gut poliert f\u00fcr Balkon Verwendung"},"content":{"rendered":"<p>Dieser Absperrhahn f\u00fcr den \u00f6ffentlichen Bereich verf\u00fcgt \u00fcber eine Hybridstruktur - einen Ventileinsatz aus Kunststoff und Eisen mit einem robusten Kupferstab und einem Au\u00dfenk\u00f6rper aus Zink -, die eine hervorragende Leistung und einen hohen Wert bietet. Er ist f\u00fcr Au\u00dfen- und Halbau\u00dfenanwendungen wie Balkone, Schulen und \u00f6ffentliche Flure konzipiert. Die polierte Oberfl\u00e4che sorgt f\u00fcr ein attraktives Aussehen und einen reibungslosen Betrieb, w\u00e4hrend die Konstruktion aus verschiedenen Materialien ein ausgewogenes Verh\u00e4ltnis zwischen Haltbarkeit und Kosten bietet. Dieser Wasserhahn ist ideal f\u00fcr den \u00f6ffentlichen Wohnungsbau oder staatlich gef\u00f6rderte Installationen und ist einfach zu installieren und zu warten. Das YOROOW-Werk nutzt Materialoptimierung und Pr\u00e4zisionsmontage, um diese Wasserh\u00e4hne in gro\u00dfen Mengen zu produzieren und dabei Qualit\u00e4t und Funktionalit\u00e4t zu erhalten. Da der Schwerpunkt auf dem Value Engineering liegt, eignet sich dieses Produkt besonders f\u00fcr Gro\u00dfausschreibungen und den Vertrieb im Einzelhandel in S\u00fcdamerika und S\u00fcdostasien. Das Werk unterst\u00fctzt die mehrsprachige Kommunikation, das anpassbare Branding und die schnelle logistische Abwicklung, was es den Kunden leicht macht, dieses Modell effektiv zu importieren und zu vertreiben.<\/p>","protected":false},"excerpt":{"rendered":"<p>This public-use bibcock features a hybrid structure\u2014plastic and iron valve core with a sturdy copper rod and zinc outer body\u2014providing excellent performance and value. It is designed for outdoor and semi-outdoor applications like balconies, schools, and public corridors. The polished finish ensures an attractive appearance and smooth operation, while the mixed-material construction balances durability and\u2026<\/p>","protected":false},"featured_media":6345,"template":"","meta":{"_acf_changed":false,"_kad_post_transparent":"default","_kad_post_title":"","_kad_post_layout":"default","_kad_post_sidebar_id":"","_kad_post_content_style":"default","_kad_post_vertical_padding":"default","_kad_post_feature":"","_kad_post_feature_position":"","_kad_post_header":false,"_kad_post_footer":false},"product_brand":[],"product_cat":[217],"product_tag":[1205,1207],"class_list":{"0":"post-5349","1":"product","2":"type-product","3":"status-publish","4":"has-post-thumbnail","6":"product_cat-water-tap","7":"product_tag-balcony-bibcock","8":"product_tag-public-bibcock","10":"first","11":"instock","12":"shipping-taxable","13":"purchasable","14":"product-type-variable","15":"wvs-archive-product-wrapper","16":"entry","17":"content-bg","18":"loop-entry"},"acf":[],"yoast_head":"<!-- This site is optimized with the Yoast SEO Premium plugin v25.4 (Yoast SEO v27.0) - https:\/\/yoast.com\/product\/yoast-seo-premium-wordpress\/ -->\n<title>Modern Design Professional Quality Public Bibcock Plastic Iron Valve Core with Copper Rod Zinc Good Polished for Balcony Use - YOROOW<\/title>\n<meta name=\"description\" content=\"Modern design professional quality public bibcock with plastic iron valve core and copper rod, polished zinc finish, ideal for balconies and outdoor water points. Chinese factory expertise ensures longevity and cost-effectiveness, making it suitable for South American and Southeast Asian public utility markets.\" \/>\n<meta name=\"robots\" content=\"index, follow, max-snippet:-1, max-image-preview:large, max-video-preview:-1\" \/>\n<link rel=\"canonical\" href=\"https:\/\/www.yoroow.com\/de\/produktdetail\/professionelle-qualitat-fur-jemen-messing-zink-gut-poliert-bibcock\/\" \/>\n<meta property=\"og:locale\" content=\"de_DE\" \/>\n<meta property=\"og:type\" content=\"article\" \/>\n<meta property=\"og:title\" content=\"Modern Design Professional Quality Public Bibcock Plastic Iron Valve Core with Copper Rod Zinc Good Polished for Balcony Use\" \/>\n<meta property=\"og:description\" content=\"Modern design professional quality public bibcock with plastic iron valve core and copper rod, polished zinc finish, ideal for balconies and outdoor water points. Chinese factory expertise ensures longevity and cost-effectiveness, making it suitable for South American and Southeast Asian public utility markets.\" \/>\n<meta property=\"og:url\" content=\"https:\/\/www.yoroow.com\/de\/produktdetail\/professionelle-qualitat-fur-jemen-messing-zink-gut-poliert-bibcock\/\" \/>\n<meta property=\"og:site_name\" content=\"YOROOW\" \/>\n<meta property=\"article:publisher\" content=\"https:\/\/www.facebook.com\/people\/yoroowfaucetfactory\/61564236752362\/\" \/>\n<meta property=\"article:modified_time\" content=\"2025-05-16T01:15:39+00:00\" \/>\n<meta property=\"og:image\" content=\"https:\/\/www.yoroow.com\/wp-content\/uploads\/2024\/12\/2024122209063158.jpg\" \/>\n\t<meta property=\"og:image:width\" content=\"800\" \/>\n\t<meta property=\"og:image:height\" content=\"800\" \/>\n\t<meta property=\"og:image:type\" content=\"image\/jpeg\" \/>\n<meta name=\"twitter:card\" content=\"summary_large_image\" \/>\n<meta name=\"twitter:label1\" content=\"Gesch\u00e4tzte Lesezeit\" \/>\n\t<meta name=\"twitter:data1\" content=\"1\u00a0Minute\" \/>\n<script type=\"application\/ld+json\" class=\"yoast-schema-graph\">{\"@context\":\"https:\/\/schema.org\",\"@graph\":[{\"@type\":\"WebPage\",\"@id\":\"https:\/\/www.yoroow.com\/de\/produktdetail\/professionelle-qualitat-fur-jemen-messing-zink-gut-poliert-bibcock\/\",\"url\":\"https:\/\/www.yoroow.com\/de\/produktdetail\/professionelle-qualitat-fur-jemen-messing-zink-gut-poliert-bibcock\/\",\"name\":\"Modern Design Professional Quality Public Bibcock Plastic Iron Valve Core with Copper Rod Zinc Good Polished for Balcony Use - YOROOW\",\"isPartOf\":{\"@id\":\"https:\/\/www.yoroow.com\/de\/#website\"},\"primaryImageOfPage\":{\"@id\":\"https:\/\/www.yoroow.com\/de\/produktdetail\/professionelle-qualitat-fur-jemen-messing-zink-gut-poliert-bibcock\/#primaryimage\"},\"image\":{\"@id\":\"https:\/\/www.yoroow.com\/de\/produktdetail\/professionelle-qualitat-fur-jemen-messing-zink-gut-poliert-bibcock\/#primaryimage\"},\"thumbnailUrl\":\"https:\/\/www.yoroow.com\/wp-content\/uploads\/2024\/12\/2024122209063158.jpg\",\"datePublished\":\"2024-12-21T02:41:19+00:00\",\"dateModified\":\"2025-05-16T01:15:39+00:00\",\"description\":\"Modern design professional quality public bibcock with plastic iron valve core and copper rod, polished zinc finish, ideal for balconies and outdoor water points. Chinese factory expertise ensures longevity and cost-effectiveness, making it suitable for South American and Southeast Asian public utility markets.\",\"breadcrumb\":{\"@id\":\"https:\/\/www.yoroow.com\/de\/produktdetail\/professionelle-qualitat-fur-jemen-messing-zink-gut-poliert-bibcock\/#breadcrumb\"},\"inLanguage\":\"de\",\"potentialAction\":[{\"@type\":\"ReadAction\",\"target\":[\"https:\/\/www.yoroow.com\/de\/produktdetail\/professionelle-qualitat-fur-jemen-messing-zink-gut-poliert-bibcock\/\"]}]},{\"@type\":\"ImageObject\",\"inLanguage\":\"de\",\"@id\":\"https:\/\/www.yoroow.com\/de\/produktdetail\/professionelle-qualitat-fur-jemen-messing-zink-gut-poliert-bibcock\/#primaryimage\",\"url\":\"https:\/\/www.yoroow.com\/wp-content\/uploads\/2024\/12\/2024122209063158.jpg\",\"contentUrl\":\"https:\/\/www.yoroow.com\/wp-content\/uploads\/2024\/12\/2024122209063158.jpg\",\"width\":800,\"height\":800,\"caption\":\"Modern Design Professional Quality Public Bibcock Plastic Iron Valve Core with Copper Rod Zinc Good Polished for Balcony Use\"},{\"@type\":\"BreadcrumbList\",\"@id\":\"https:\/\/www.yoroow.com\/de\/produktdetail\/professionelle-qualitat-fur-jemen-messing-zink-gut-poliert-bibcock\/#breadcrumb\",\"itemListElement\":[{\"@type\":\"ListItem\",\"position\":1,\"name\":\"home\",\"item\":\"https:\/\/www.yoroow.com\/\"},{\"@type\":\"ListItem\",\"position\":2,\"name\":\"Product\",\"item\":\"https:\/\/www.yoroow.com\/product\/\"},{\"@type\":\"ListItem\",\"position\":3,\"name\":\"Modern Design Professional Quality Public Bibcock Plastic Iron Valve Core with Copper Rod Zinc Good Polished for Balcony Use\"}]},{\"@type\":\"WebSite\",\"@id\":\"https:\/\/www.yoroow.com\/de\/#website\",\"url\":\"https:\/\/www.yoroow.com\/de\/\",\"name\":\"YOROOW\",\"description\":\"\",\"publisher\":{\"@id\":\"https:\/\/www.yoroow.com\/de\/#organization\"},\"potentialAction\":[{\"@type\":\"SearchAction\",\"target\":{\"@type\":\"EntryPoint\",\"urlTemplate\":\"https:\/\/www.yoroow.com\/de\/?s={search_term_string}\"},\"query-input\":{\"@type\":\"PropertyValueSpecification\",\"valueRequired\":true,\"valueName\":\"search_term_string\"}}],\"inLanguage\":\"de\"},{\"@type\":\"Organization\",\"@id\":\"https:\/\/www.yoroow.com\/de\/#organization\",\"name\":\"YOROOW\",\"url\":\"https:\/\/www.yoroow.com\/de\/\",\"logo\":{\"@type\":\"ImageObject\",\"inLanguage\":\"de\",\"@id\":\"https:\/\/www.yoroow.com\/de\/#\/schema\/logo\/image\/\",\"url\":\"https:\/\/www.yoroow.com\/wp-content\/uploads\/2024\/12\/2024123007131061.png\",\"contentUrl\":\"https:\/\/www.yoroow.com\/wp-content\/uploads\/2024\/12\/2024123007131061.png\",\"width\":168,\"height\":27,\"caption\":\"YOROOW\"},\"image\":{\"@id\":\"https:\/\/www.yoroow.com\/de\/#\/schema\/logo\/image\/\"},\"sameAs\":[\"https:\/\/www.facebook.com\/people\/yoroowfaucetfactory\/61564236752362\/\"]}]}<\/script>\n<!-- \/ Yoast SEO Premium plugin. -->","yoast_head_json":{"title":"Modern Design Professional Quality Public Bibcock Plastic Iron Valve Core with Copper Rod Zinc Good Polished for Balcony Use - YOROOW","description":"Modern design professional quality public bibcock with plastic iron valve core and copper rod, polished zinc finish, ideal for balconies and outdoor water points. Chinese factory expertise ensures longevity and cost-effectiveness, making it suitable for South American and Southeast Asian public utility markets.","robots":{"index":"index","follow":"follow","max-snippet":"max-snippet:-1","max-image-preview":"max-image-preview:large","max-video-preview":"max-video-preview:-1"},"canonical":"https:\/\/www.yoroow.com\/de\/produktdetail\/professionelle-qualitat-fur-jemen-messing-zink-gut-poliert-bibcock\/","og_locale":"de_DE","og_type":"article","og_title":"Modern Design Professional Quality Public Bibcock Plastic Iron Valve Core with Copper Rod Zinc Good Polished for Balcony Use","og_description":"Modern design professional quality public bibcock with plastic iron valve core and copper rod, polished zinc finish, ideal for balconies and outdoor water points. Chinese factory expertise ensures longevity and cost-effectiveness, making it suitable for South American and Southeast Asian public utility markets.","og_url":"https:\/\/www.yoroow.com\/de\/produktdetail\/professionelle-qualitat-fur-jemen-messing-zink-gut-poliert-bibcock\/","og_site_name":"YOROOW","article_publisher":"https:\/\/www.facebook.com\/people\/yoroowfaucetfactory\/61564236752362\/","article_modified_time":"2025-05-16T01:15:39+00:00","og_image":[{"width":800,"height":800,"url":"https:\/\/www.yoroow.com\/wp-content\/uploads\/2024\/12\/2024122209063158.jpg","type":"image\/jpeg"}],"twitter_card":"summary_large_image","twitter_misc":{"Gesch\u00e4tzte Lesezeit":"1\u00a0Minute"},"schema":{"@context":"https:\/\/schema.org","@graph":[{"@type":"WebPage","@id":"https:\/\/www.yoroow.com\/de\/produktdetail\/professionelle-qualitat-fur-jemen-messing-zink-gut-poliert-bibcock\/","url":"https:\/\/www.yoroow.com\/de\/produktdetail\/professionelle-qualitat-fur-jemen-messing-zink-gut-poliert-bibcock\/","name":"Modern Design Professional Quality Public Bibcock Plastic Iron Valve Core with Copper Rod Zinc Good Polished for Balcony Use - YOROOW","isPartOf":{"@id":"https:\/\/www.yoroow.com\/de\/#website"},"primaryImageOfPage":{"@id":"https:\/\/www.yoroow.com\/de\/produktdetail\/professionelle-qualitat-fur-jemen-messing-zink-gut-poliert-bibcock\/#primaryimage"},"image":{"@id":"https:\/\/www.yoroow.com\/de\/produktdetail\/professionelle-qualitat-fur-jemen-messing-zink-gut-poliert-bibcock\/#primaryimage"},"thumbnailUrl":"https:\/\/www.yoroow.com\/wp-content\/uploads\/2024\/12\/2024122209063158.jpg","datePublished":"2024-12-21T02:41:19+00:00","dateModified":"2025-05-16T01:15:39+00:00","description":"Modern design professional quality public bibcock with plastic iron valve core and copper rod, polished zinc finish, ideal for balconies and outdoor water points. Chinese factory expertise ensures longevity and cost-effectiveness, making it suitable for South American and Southeast Asian public utility markets.","breadcrumb":{"@id":"https:\/\/www.yoroow.com\/de\/produktdetail\/professionelle-qualitat-fur-jemen-messing-zink-gut-poliert-bibcock\/#breadcrumb"},"inLanguage":"de","potentialAction":[{"@type":"ReadAction","target":["https:\/\/www.yoroow.com\/de\/produktdetail\/professionelle-qualitat-fur-jemen-messing-zink-gut-poliert-bibcock\/"]}]},{"@type":"ImageObject","inLanguage":"de","@id":"https:\/\/www.yoroow.com\/de\/produktdetail\/professionelle-qualitat-fur-jemen-messing-zink-gut-poliert-bibcock\/#primaryimage","url":"https:\/\/www.yoroow.com\/wp-content\/uploads\/2024\/12\/2024122209063158.jpg","contentUrl":"https:\/\/www.yoroow.com\/wp-content\/uploads\/2024\/12\/2024122209063158.jpg","width":800,"height":800,"caption":"Modern Design Professional Quality Public Bibcock Plastic Iron Valve Core with Copper Rod Zinc Good Polished for Balcony Use"},{"@type":"BreadcrumbList","@id":"https:\/\/www.yoroow.com\/de\/produktdetail\/professionelle-qualitat-fur-jemen-messing-zink-gut-poliert-bibcock\/#breadcrumb","itemListElement":[{"@type":"ListItem","position":1,"name":"home","item":"https:\/\/www.yoroow.com\/"},{"@type":"ListItem","position":2,"name":"Product","item":"https:\/\/www.yoroow.com\/product\/"},{"@type":"ListItem","position":3,"name":"Modern Design Professional Quality Public Bibcock Plastic Iron Valve Core with Copper Rod Zinc Good Polished for Balcony Use"}]},{"@type":"WebSite","@id":"https:\/\/www.yoroow.com\/de\/#website","url":"https:\/\/www.yoroow.com\/de\/","name":"YOROOW","description":"","publisher":{"@id":"https:\/\/www.yoroow.com\/de\/#organization"},"potentialAction":[{"@type":"SearchAction","target":{"@type":"EntryPoint","urlTemplate":"https:\/\/www.yoroow.com\/de\/?s={search_term_string}"},"query-input":{"@type":"PropertyValueSpecification","valueRequired":true,"valueName":"search_term_string"}}],"inLanguage":"de"},{"@type":"Organization","@id":"https:\/\/www.yoroow.com\/de\/#organization","name":"YOROOW","url":"https:\/\/www.yoroow.com\/de\/","logo":{"@type":"ImageObject","inLanguage":"de","@id":"https:\/\/www.yoroow.com\/de\/#\/schema\/logo\/image\/","url":"https:\/\/www.yoroow.com\/wp-content\/uploads\/2024\/12\/2024123007131061.png","contentUrl":"https:\/\/www.yoroow.com\/wp-content\/uploads\/2024\/12\/2024123007131061.png","width":168,"height":27,"caption":"YOROOW"},"image":{"@id":"https:\/\/www.yoroow.com\/de\/#\/schema\/logo\/image\/"},"sameAs":["https:\/\/www.facebook.com\/people\/yoroowfaucetfactory\/61564236752362\/"]}]}},"_links":{"self":[{"href":"https:\/\/www.yoroow.com\/de\/wp-json\/wp\/v2\/product\/5349","targetHints":{"allow":["GET"]}}],"collection":[{"href":"https:\/\/www.yoroow.com\/de\/wp-json\/wp\/v2\/product"}],"about":[{"href":"https:\/\/www.yoroow.com\/de\/wp-json\/wp\/v2\/types\/product"}],"wp:featuredmedia":[{"embeddable":true,"href":"https:\/\/www.yoroow.com\/de\/wp-json\/wp\/v2\/media\/6345"}],"wp:attachment":[{"href":"https:\/\/www.yoroow.com\/de\/wp-json\/wp\/v2\/media?parent=5349"}],"wp:term":[{"taxonomy":"product_brand","embeddable":true,"href":"https:\/\/www.yoroow.com\/de\/wp-json\/wp\/v2\/product_brand?post=5349"},{"taxonomy":"product_cat","embeddable":true,"href":"https:\/\/www.yoroow.com\/de\/wp-json\/wp\/v2\/product_cat?post=5349"},{"taxonomy":"product_tag","embeddable":true,"href":"https:\/\/www.yoroow.com\/de\/wp-json\/wp\/v2\/product_tag?post=5349"}],"curies":[{"name":"wp","href":"https:\/\/api.w.org\/{rel}","templated":true}]}}