{"id":4311,"date":"2024-12-19T13:39:02","date_gmt":"2024-12-19T05:39:02","guid":{"rendered":"https:\/\/www.yoroow.com\/?post_type=product&#038;p=4311"},"modified":"2025-05-16T09:11:55","modified_gmt":"2025-05-16T01:11:55","slug":"fabrik-design-zeitgenossischen-wirtschaftlichen-wasserhahne-einzigen-griff-wasserhahne-verchromt-deck-montiert-kuche-waschbecken-wasserhahn","status":"publish","type":"product","link":"https:\/\/www.yoroow.com\/de\/produktdetail\/fabrik-design-zeitgenossischen-wirtschaftlichen-wasserhahne-einzigen-griff-wasserhahne-verchromt-deck-montiert-kuche-waschbecken-wasserhahn\/","title":{"rendered":"Zeitgen\u00f6ssische sparsame Ein-Griff verchromt Zink K\u00fcchenarmatur Deck Mounted Kaltwasser Sp\u00fcle Wasserhahn Factory Design"},"content":{"rendered":"<p>Zeitgen\u00f6ssische wirtschaftliche Ein-Griff verchromt Zink K\u00fcchenarmatur Deck Mounted Kaltwasser Sp\u00fcle Wasserhahn Factory Design und Kaltwasser K\u00fcchenarmatur, Zink K\u00fcchenarmatur ist eine praktische und kosteng\u00fcnstige Erg\u00e4nzung f\u00fcr jede K\u00fcche. Das verchromte Zink-Finish verleiht einen Hauch von moderner Eleganz, w\u00e4hrend die Ein-Griff-Bedienung es einfach macht, Wasserfluss und Temperatur einzustellen. Die chinesische Fabrik von YOROOW stellt diese Armaturen mit Pr\u00e4zision her und gew\u00e4hrleistet, dass sie den h\u00f6chsten Anforderungen an Qualit\u00e4t und Haltbarkeit entsprechen. Der Direktvertrieb erm\u00f6glicht es uns, diese erschwingliche Armatur zu wettbewerbsf\u00e4higen Preisen anzubieten, was sie zu einer ausgezeichneten Option f\u00fcr Kunden in S\u00fcdamerika und S\u00fcdostasien macht, die Qualit\u00e4t und Wert suchen.                                                                                                                                                                                                                                             |<\/p>","protected":false},"excerpt":{"rendered":"<p>Contemporary Economical Single-Handle Chrome-Plated Zinc Kitchen Faucet Deck Mounted Cold Water Sink Faucet Factory Design and cold water kitchen faucet, zinc kitchen faucet is a practical and cost-effective addition to any kitchen. The chrome-plated zinc finish adds a touch of modern elegance, while the single-handle control makes it easy to adjust water flow and temperature&#8230;.<\/p>","protected":false},"featured_media":10538,"template":"","meta":{"_acf_changed":false,"_kad_post_transparent":"default","_kad_post_title":"","_kad_post_layout":"default","_kad_post_sidebar_id":"","_kad_post_content_style":"default","_kad_post_vertical_padding":"default","_kad_post_feature":"","_kad_post_feature_position":"","_kad_post_header":false,"_kad_post_footer":false},"product_brand":[],"product_cat":[221],"product_tag":[3137,3081],"class_list":{"0":"post-4311","1":"product","2":"type-product","3":"status-publish","4":"has-post-thumbnail","6":"product_cat-single-cold-kitchen-faucet-kitchen-faucet","7":"product_tag-cold-water-kitchen-faucet","8":"product_tag-zinc-kitchen-faucet","10":"first","11":"instock","12":"shipping-taxable","13":"purchasable","14":"product-type-variable","15":"wvs-archive-product-wrapper","16":"entry","17":"content-bg","18":"loop-entry"},"acf":[],"yoast_head":"<!-- This site is optimized with the Yoast SEO Premium plugin v25.4 (Yoast SEO v27.0) - https:\/\/yoast.com\/product\/yoast-seo-premium-wordpress\/ -->\n<title>Contemporary Economical Single-Handle Chrome-Plated Zinc Kitchen Faucet Deck Mounted Cold Water Sink Faucet Factory Design - YOROOW<\/title>\n<meta name=\"description\" content=\"Contemporary Economical Single-Handle Chrome-Plated Zinc Kitchen Faucet is deck-mounted and designed for cold water sinks. Produced in China with quality plating and cost-effective design. Exported mainly to Brazil and Southeast Asia, meeting demand for affordable kitchen faucets.\" \/>\n<meta name=\"robots\" content=\"index, follow, max-snippet:-1, max-image-preview:large, max-video-preview:-1\" \/>\n<link rel=\"canonical\" href=\"https:\/\/www.yoroow.com\/de\/produktdetail\/fabrik-design-zeitgenossischen-wirtschaftlichen-wasserhahne-einzigen-griff-wasserhahne-verchromt-deck-montiert-kuche-waschbecken-wasserhahn\/\" \/>\n<meta property=\"og:locale\" content=\"de_DE\" \/>\n<meta property=\"og:type\" content=\"article\" \/>\n<meta property=\"og:title\" content=\"Contemporary Economical Single-Handle Chrome-Plated Zinc Kitchen Faucet Deck Mounted Cold Water Sink Faucet Factory Design\" \/>\n<meta property=\"og:description\" content=\"Contemporary Economical Single-Handle Chrome-Plated Zinc Kitchen Faucet is deck-mounted and designed for cold water sinks. Produced in China with quality plating and cost-effective design. Exported mainly to Brazil and Southeast Asia, meeting demand for affordable kitchen faucets.\" \/>\n<meta property=\"og:url\" content=\"https:\/\/www.yoroow.com\/de\/produktdetail\/fabrik-design-zeitgenossischen-wirtschaftlichen-wasserhahne-einzigen-griff-wasserhahne-verchromt-deck-montiert-kuche-waschbecken-wasserhahn\/\" \/>\n<meta property=\"og:site_name\" content=\"YOROOW\" \/>\n<meta property=\"article:publisher\" content=\"https:\/\/www.facebook.com\/people\/yoroowfaucetfactory\/61564236752362\/\" \/>\n<meta property=\"article:modified_time\" content=\"2025-05-16T01:11:55+00:00\" \/>\n<meta property=\"og:image\" content=\"https:\/\/www.yoroow.com\/wp-content\/uploads\/2024\/12\/9531A-052A-V60-2.jpg\" \/>\n\t<meta property=\"og:image:width\" content=\"701\" \/>\n\t<meta property=\"og:image:height\" content=\"701\" \/>\n\t<meta property=\"og:image:type\" content=\"image\/jpeg\" \/>\n<meta name=\"twitter:card\" content=\"summary_large_image\" \/>\n<meta name=\"twitter:label1\" content=\"Gesch\u00e4tzte Lesezeit\" \/>\n\t<meta name=\"twitter:data1\" content=\"2\u00a0Minuten\" \/>\n<script type=\"application\/ld+json\" class=\"yoast-schema-graph\">{\"@context\":\"https:\/\/schema.org\",\"@graph\":[{\"@type\":\"WebPage\",\"@id\":\"https:\/\/www.yoroow.com\/de\/produktdetail\/fabrik-design-zeitgenossischen-wirtschaftlichen-wasserhahne-einzigen-griff-wasserhahne-verchromt-deck-montiert-kuche-waschbecken-wasserhahn\/\",\"url\":\"https:\/\/www.yoroow.com\/de\/produktdetail\/fabrik-design-zeitgenossischen-wirtschaftlichen-wasserhahne-einzigen-griff-wasserhahne-verchromt-deck-montiert-kuche-waschbecken-wasserhahn\/\",\"name\":\"Contemporary Economical Single-Handle Chrome-Plated Zinc Kitchen Faucet Deck Mounted Cold Water Sink Faucet Factory Design - YOROOW\",\"isPartOf\":{\"@id\":\"https:\/\/www.yoroow.com\/de\/#website\"},\"primaryImageOfPage\":{\"@id\":\"https:\/\/www.yoroow.com\/de\/produktdetail\/fabrik-design-zeitgenossischen-wirtschaftlichen-wasserhahne-einzigen-griff-wasserhahne-verchromt-deck-montiert-kuche-waschbecken-wasserhahn\/#primaryimage\"},\"image\":{\"@id\":\"https:\/\/www.yoroow.com\/de\/produktdetail\/fabrik-design-zeitgenossischen-wirtschaftlichen-wasserhahne-einzigen-griff-wasserhahne-verchromt-deck-montiert-kuche-waschbecken-wasserhahn\/#primaryimage\"},\"thumbnailUrl\":\"https:\/\/www.yoroow.com\/wp-content\/uploads\/2024\/12\/9531A-052A-V60-2.jpg\",\"datePublished\":\"2024-12-19T05:39:02+00:00\",\"dateModified\":\"2025-05-16T01:11:55+00:00\",\"description\":\"Contemporary Economical Single-Handle Chrome-Plated Zinc Kitchen Faucet is deck-mounted and designed for cold water sinks. Produced in China with quality plating and cost-effective design. Exported mainly to Brazil and Southeast Asia, meeting demand for affordable kitchen faucets.\",\"breadcrumb\":{\"@id\":\"https:\/\/www.yoroow.com\/de\/produktdetail\/fabrik-design-zeitgenossischen-wirtschaftlichen-wasserhahne-einzigen-griff-wasserhahne-verchromt-deck-montiert-kuche-waschbecken-wasserhahn\/#breadcrumb\"},\"inLanguage\":\"de\",\"potentialAction\":[{\"@type\":\"ReadAction\",\"target\":[\"https:\/\/www.yoroow.com\/de\/produktdetail\/fabrik-design-zeitgenossischen-wirtschaftlichen-wasserhahne-einzigen-griff-wasserhahne-verchromt-deck-montiert-kuche-waschbecken-wasserhahn\/\"]}]},{\"@type\":\"ImageObject\",\"inLanguage\":\"de\",\"@id\":\"https:\/\/www.yoroow.com\/de\/produktdetail\/fabrik-design-zeitgenossischen-wirtschaftlichen-wasserhahne-einzigen-griff-wasserhahne-verchromt-deck-montiert-kuche-waschbecken-wasserhahn\/#primaryimage\",\"url\":\"https:\/\/www.yoroow.com\/wp-content\/uploads\/2024\/12\/9531A-052A-V60-2.jpg\",\"contentUrl\":\"https:\/\/www.yoroow.com\/wp-content\/uploads\/2024\/12\/9531A-052A-V60-2.jpg\",\"width\":701,\"height\":701,\"caption\":\"Contemporary Economical Single-Handle Chrome-Plated Zinc Kitchen Faucet Deck Mounted Cold Water Sink Faucet Factory Design\"},{\"@type\":\"BreadcrumbList\",\"@id\":\"https:\/\/www.yoroow.com\/de\/produktdetail\/fabrik-design-zeitgenossischen-wirtschaftlichen-wasserhahne-einzigen-griff-wasserhahne-verchromt-deck-montiert-kuche-waschbecken-wasserhahn\/#breadcrumb\",\"itemListElement\":[{\"@type\":\"ListItem\",\"position\":1,\"name\":\"home\",\"item\":\"https:\/\/www.yoroow.com\/\"},{\"@type\":\"ListItem\",\"position\":2,\"name\":\"Product\",\"item\":\"https:\/\/www.yoroow.com\/product\/\"},{\"@type\":\"ListItem\",\"position\":3,\"name\":\"Contemporary Economical Single-Handle Chrome-Plated Zinc Kitchen Faucet Deck Mounted Cold Water Sink Faucet Factory Design\"}]},{\"@type\":\"WebSite\",\"@id\":\"https:\/\/www.yoroow.com\/de\/#website\",\"url\":\"https:\/\/www.yoroow.com\/de\/\",\"name\":\"YOROOW\",\"description\":\"\",\"publisher\":{\"@id\":\"https:\/\/www.yoroow.com\/de\/#organization\"},\"potentialAction\":[{\"@type\":\"SearchAction\",\"target\":{\"@type\":\"EntryPoint\",\"urlTemplate\":\"https:\/\/www.yoroow.com\/de\/?s={search_term_string}\"},\"query-input\":{\"@type\":\"PropertyValueSpecification\",\"valueRequired\":true,\"valueName\":\"search_term_string\"}}],\"inLanguage\":\"de\"},{\"@type\":\"Organization\",\"@id\":\"https:\/\/www.yoroow.com\/de\/#organization\",\"name\":\"YOROOW\",\"url\":\"https:\/\/www.yoroow.com\/de\/\",\"logo\":{\"@type\":\"ImageObject\",\"inLanguage\":\"de\",\"@id\":\"https:\/\/www.yoroow.com\/de\/#\/schema\/logo\/image\/\",\"url\":\"https:\/\/www.yoroow.com\/wp-content\/uploads\/2024\/12\/2024123007131061.png\",\"contentUrl\":\"https:\/\/www.yoroow.com\/wp-content\/uploads\/2024\/12\/2024123007131061.png\",\"width\":168,\"height\":27,\"caption\":\"YOROOW\"},\"image\":{\"@id\":\"https:\/\/www.yoroow.com\/de\/#\/schema\/logo\/image\/\"},\"sameAs\":[\"https:\/\/www.facebook.com\/people\/yoroowfaucetfactory\/61564236752362\/\"]}]}<\/script>\n<!-- \/ Yoast SEO Premium plugin. -->","yoast_head_json":{"title":"Contemporary Economical Single-Handle Chrome-Plated Zinc Kitchen Faucet Deck Mounted Cold Water Sink Faucet Factory Design - YOROOW","description":"Contemporary Economical Single-Handle Chrome-Plated Zinc Kitchen Faucet is deck-mounted and designed for cold water sinks. Produced in China with quality plating and cost-effective design. Exported mainly to Brazil and Southeast Asia, meeting demand for affordable kitchen faucets.","robots":{"index":"index","follow":"follow","max-snippet":"max-snippet:-1","max-image-preview":"max-image-preview:large","max-video-preview":"max-video-preview:-1"},"canonical":"https:\/\/www.yoroow.com\/de\/produktdetail\/fabrik-design-zeitgenossischen-wirtschaftlichen-wasserhahne-einzigen-griff-wasserhahne-verchromt-deck-montiert-kuche-waschbecken-wasserhahn\/","og_locale":"de_DE","og_type":"article","og_title":"Contemporary Economical Single-Handle Chrome-Plated Zinc Kitchen Faucet Deck Mounted Cold Water Sink Faucet Factory Design","og_description":"Contemporary Economical Single-Handle Chrome-Plated Zinc Kitchen Faucet is deck-mounted and designed for cold water sinks. Produced in China with quality plating and cost-effective design. Exported mainly to Brazil and Southeast Asia, meeting demand for affordable kitchen faucets.","og_url":"https:\/\/www.yoroow.com\/de\/produktdetail\/fabrik-design-zeitgenossischen-wirtschaftlichen-wasserhahne-einzigen-griff-wasserhahne-verchromt-deck-montiert-kuche-waschbecken-wasserhahn\/","og_site_name":"YOROOW","article_publisher":"https:\/\/www.facebook.com\/people\/yoroowfaucetfactory\/61564236752362\/","article_modified_time":"2025-05-16T01:11:55+00:00","og_image":[{"width":701,"height":701,"url":"https:\/\/www.yoroow.com\/wp-content\/uploads\/2024\/12\/9531A-052A-V60-2.jpg","type":"image\/jpeg"}],"twitter_card":"summary_large_image","twitter_misc":{"Gesch\u00e4tzte Lesezeit":"2\u00a0Minuten"},"schema":{"@context":"https:\/\/schema.org","@graph":[{"@type":"WebPage","@id":"https:\/\/www.yoroow.com\/de\/produktdetail\/fabrik-design-zeitgenossischen-wirtschaftlichen-wasserhahne-einzigen-griff-wasserhahne-verchromt-deck-montiert-kuche-waschbecken-wasserhahn\/","url":"https:\/\/www.yoroow.com\/de\/produktdetail\/fabrik-design-zeitgenossischen-wirtschaftlichen-wasserhahne-einzigen-griff-wasserhahne-verchromt-deck-montiert-kuche-waschbecken-wasserhahn\/","name":"Contemporary Economical Single-Handle Chrome-Plated Zinc Kitchen Faucet Deck Mounted Cold Water Sink Faucet Factory Design - YOROOW","isPartOf":{"@id":"https:\/\/www.yoroow.com\/de\/#website"},"primaryImageOfPage":{"@id":"https:\/\/www.yoroow.com\/de\/produktdetail\/fabrik-design-zeitgenossischen-wirtschaftlichen-wasserhahne-einzigen-griff-wasserhahne-verchromt-deck-montiert-kuche-waschbecken-wasserhahn\/#primaryimage"},"image":{"@id":"https:\/\/www.yoroow.com\/de\/produktdetail\/fabrik-design-zeitgenossischen-wirtschaftlichen-wasserhahne-einzigen-griff-wasserhahne-verchromt-deck-montiert-kuche-waschbecken-wasserhahn\/#primaryimage"},"thumbnailUrl":"https:\/\/www.yoroow.com\/wp-content\/uploads\/2024\/12\/9531A-052A-V60-2.jpg","datePublished":"2024-12-19T05:39:02+00:00","dateModified":"2025-05-16T01:11:55+00:00","description":"Contemporary Economical Single-Handle Chrome-Plated Zinc Kitchen Faucet is deck-mounted and designed for cold water sinks. Produced in China with quality plating and cost-effective design. Exported mainly to Brazil and Southeast Asia, meeting demand for affordable kitchen faucets.","breadcrumb":{"@id":"https:\/\/www.yoroow.com\/de\/produktdetail\/fabrik-design-zeitgenossischen-wirtschaftlichen-wasserhahne-einzigen-griff-wasserhahne-verchromt-deck-montiert-kuche-waschbecken-wasserhahn\/#breadcrumb"},"inLanguage":"de","potentialAction":[{"@type":"ReadAction","target":["https:\/\/www.yoroow.com\/de\/produktdetail\/fabrik-design-zeitgenossischen-wirtschaftlichen-wasserhahne-einzigen-griff-wasserhahne-verchromt-deck-montiert-kuche-waschbecken-wasserhahn\/"]}]},{"@type":"ImageObject","inLanguage":"de","@id":"https:\/\/www.yoroow.com\/de\/produktdetail\/fabrik-design-zeitgenossischen-wirtschaftlichen-wasserhahne-einzigen-griff-wasserhahne-verchromt-deck-montiert-kuche-waschbecken-wasserhahn\/#primaryimage","url":"https:\/\/www.yoroow.com\/wp-content\/uploads\/2024\/12\/9531A-052A-V60-2.jpg","contentUrl":"https:\/\/www.yoroow.com\/wp-content\/uploads\/2024\/12\/9531A-052A-V60-2.jpg","width":701,"height":701,"caption":"Contemporary Economical Single-Handle Chrome-Plated Zinc Kitchen Faucet Deck Mounted Cold Water Sink Faucet Factory Design"},{"@type":"BreadcrumbList","@id":"https:\/\/www.yoroow.com\/de\/produktdetail\/fabrik-design-zeitgenossischen-wirtschaftlichen-wasserhahne-einzigen-griff-wasserhahne-verchromt-deck-montiert-kuche-waschbecken-wasserhahn\/#breadcrumb","itemListElement":[{"@type":"ListItem","position":1,"name":"home","item":"https:\/\/www.yoroow.com\/"},{"@type":"ListItem","position":2,"name":"Product","item":"https:\/\/www.yoroow.com\/product\/"},{"@type":"ListItem","position":3,"name":"Contemporary Economical Single-Handle Chrome-Plated Zinc Kitchen Faucet Deck Mounted Cold Water Sink Faucet Factory Design"}]},{"@type":"WebSite","@id":"https:\/\/www.yoroow.com\/de\/#website","url":"https:\/\/www.yoroow.com\/de\/","name":"YOROOW","description":"","publisher":{"@id":"https:\/\/www.yoroow.com\/de\/#organization"},"potentialAction":[{"@type":"SearchAction","target":{"@type":"EntryPoint","urlTemplate":"https:\/\/www.yoroow.com\/de\/?s={search_term_string}"},"query-input":{"@type":"PropertyValueSpecification","valueRequired":true,"valueName":"search_term_string"}}],"inLanguage":"de"},{"@type":"Organization","@id":"https:\/\/www.yoroow.com\/de\/#organization","name":"YOROOW","url":"https:\/\/www.yoroow.com\/de\/","logo":{"@type":"ImageObject","inLanguage":"de","@id":"https:\/\/www.yoroow.com\/de\/#\/schema\/logo\/image\/","url":"https:\/\/www.yoroow.com\/wp-content\/uploads\/2024\/12\/2024123007131061.png","contentUrl":"https:\/\/www.yoroow.com\/wp-content\/uploads\/2024\/12\/2024123007131061.png","width":168,"height":27,"caption":"YOROOW"},"image":{"@id":"https:\/\/www.yoroow.com\/de\/#\/schema\/logo\/image\/"},"sameAs":["https:\/\/www.facebook.com\/people\/yoroowfaucetfactory\/61564236752362\/"]}]}},"_links":{"self":[{"href":"https:\/\/www.yoroow.com\/de\/wp-json\/wp\/v2\/product\/4311","targetHints":{"allow":["GET"]}}],"collection":[{"href":"https:\/\/www.yoroow.com\/de\/wp-json\/wp\/v2\/product"}],"about":[{"href":"https:\/\/www.yoroow.com\/de\/wp-json\/wp\/v2\/types\/product"}],"wp:featuredmedia":[{"embeddable":true,"href":"https:\/\/www.yoroow.com\/de\/wp-json\/wp\/v2\/media\/10538"}],"wp:attachment":[{"href":"https:\/\/www.yoroow.com\/de\/wp-json\/wp\/v2\/media?parent=4311"}],"wp:term":[{"taxonomy":"product_brand","embeddable":true,"href":"https:\/\/www.yoroow.com\/de\/wp-json\/wp\/v2\/product_brand?post=4311"},{"taxonomy":"product_cat","embeddable":true,"href":"https:\/\/www.yoroow.com\/de\/wp-json\/wp\/v2\/product_cat?post=4311"},{"taxonomy":"product_tag","embeddable":true,"href":"https:\/\/www.yoroow.com\/de\/wp-json\/wp\/v2\/product_tag?post=4311"}],"curies":[{"name":"wp","href":"https:\/\/api.w.org\/{rel}","templated":true}]}}