{"id":2404,"date":"2024-11-27T16:53:32","date_gmt":"2024-11-27T08:53:32","guid":{"rendered":"https:\/\/www.yoroow.com\/?post_type=product&#038;p=2404"},"modified":"2025-05-16T09:11:13","modified_gmt":"2025-05-16T01:11:13","slug":"fabrik-direktverkauf-304sus-toilette-bidet-shattaf-set-fur-frau-sprayer-portable-spruhkopf-geburstetem-nickel-handheld-sprayer","status":"publish","type":"product","link":"https:\/\/www.yoroow.com\/de\/produktdetail\/fabrik-direktverkauf-304sus-toilette-bidet-shattaf-set-fur-frau-sprayer-portable-spruhkopf-geburstetem-nickel-handheld-sprayer\/","title":{"rendered":"Factory Direct 304SUS geb\u00fcrstetem Nickel Handheld Bidet Sprayer Set Badezimmer Shattaf Wasserh\u00e4hne Chrom weichen Schlauch Verbindung Bad Dusche"},"content":{"rendered":"<p>Factory Direct 304SUS Geb\u00fcrstetem Nickel Handheld Bidet Sprayer Set Badezimmer Shattaf Armaturen mit Chrom Soft-Schlauch-Anschluss ist eine hervorragende Erg\u00e4nzung f\u00fcr jedes Badezimmer, bietet Komfort, Hygiene und Flexibilit\u00e4t. Dieses Set enth\u00e4lt eine Bidet-Handbrause, die aus langlebigem 304er Edelstahl gefertigt ist und somit dem t\u00e4glichen Gebrauch standh\u00e4lt. Das geb\u00fcrstete Nickel-Finish sorgt f\u00fcr ein modernes, elegantes Aussehen, w\u00e4hrend der verchromte, weiche Schlauchanschluss die Installation einfach und sicher macht. Diese Bidetbrause ist perfekt f\u00fcr die K\u00f6rperpflege, die Reinigung und sogar die Haustierpflege. Die chinesische Fabrik von YOROOW konzentriert sich auf die Herstellung hochwertiger Badezimmerarmaturen, die internationalen Standards entsprechen, und dieses Produkt ist keine Ausnahme. Durch den direkten Export in die s\u00fcdamerikanischen und s\u00fcdostasiatischen M\u00e4rkte stellen wir sicher, dass die Kunden in diesen Regionen erstklassige Produkte zu erschwinglichen Preisen erhalten. Die Kombination aus hochwertigen Materialien, benutzerfreundlichem Design und effizientem Wasserdurchfluss machen dieses Bidet-Handbrause-Set zu einem Muss f\u00fcr Privathaushalte, Hotels und \u00f6ffentliche Toiletten gleicherma\u00dfen. Dar\u00fcber hinaus k\u00f6nnen wir dank der Flexibilit\u00e4t unseres Werks kundenspezifische L\u00f6sungen anbieten, um spezifische Marktanforderungen zu erf\u00fcllen.<\/p>","protected":false},"excerpt":{"rendered":"<p>Factory Direct 304SUS Brushed Nickel Handheld Bidet Sprayer Set Bathroom Shattaf Faucets with Chrome Soft Hose Connection is an excellent addition to any bathroom, offering convenience, hygiene, and flexibility. This set includes a handheld bidet sprayer, made from durable 304 stainless steel, ensuring that it withstands daily use. The brushed nickel finish provides a modern,&#8230;<\/p>","protected":false},"featured_media":19330,"template":"","meta":{"_acf_changed":false,"_kad_post_transparent":"default","_kad_post_title":"","_kad_post_layout":"default","_kad_post_sidebar_id":"","_kad_post_content_style":"default","_kad_post_vertical_padding":"default","_kad_post_feature":"","_kad_post_feature_position":"","_kad_post_header":false,"_kad_post_footer":false},"product_brand":[],"product_cat":[132],"product_tag":[3683,3512],"class_list":{"0":"post-2404","1":"product","2":"type-product","3":"status-publish","4":"has-post-thumbnail","6":"product_cat-bidet-sprayer","7":"product_tag-bathroom-bidet-sprayer","8":"product_tag-stainless-steel-handheld-toilet-bidets-sprayer-set-wall","10":"first","11":"instock","12":"shipping-taxable","13":"purchasable","14":"product-type-variable","15":"wvs-archive-product-wrapper","16":"entry","17":"content-bg","18":"loop-entry"},"acf":[],"yoast_head":"<!-- This site is optimized with the Yoast SEO Premium plugin v25.4 (Yoast SEO v27.0) - https:\/\/yoast.com\/product\/yoast-seo-premium-wordpress\/ -->\n<title>Factory Direct 304SUS Brushed Nickel Handheld Bidet Sprayer Set Bathroom Shattaf Faucets Chrome Soft Hose Connection Bath Shower - YOROOW<\/title>\n<meta name=\"description\" content=\"Factory Direct 304SUS Brushed Nickel Handheld Bidet Sprayer Set includes bathroom shattaf faucets with soft chrome hoses. Chinese-made stainless steel ensures durability and smooth operation. Popular in South American and Southeast Asian markets for hygienic bathroom accessories. Exporters provide technical support and OEM options.\" \/>\n<meta name=\"robots\" content=\"index, follow, max-snippet:-1, max-image-preview:large, max-video-preview:-1\" \/>\n<link rel=\"canonical\" href=\"https:\/\/www.yoroow.com\/de\/produktdetail\/fabrik-direktverkauf-304sus-toilette-bidet-shattaf-set-fur-frau-sprayer-portable-spruhkopf-geburstetem-nickel-handheld-sprayer\/\" \/>\n<meta property=\"og:locale\" content=\"de_DE\" \/>\n<meta property=\"og:type\" content=\"article\" \/>\n<meta property=\"og:title\" content=\"Factory Direct 304SUS Brushed Nickel Handheld Bidet Sprayer Set Bathroom Shattaf Faucets Chrome Soft Hose Connection Bath Shower\" \/>\n<meta property=\"og:description\" content=\"Factory Direct 304SUS Brushed Nickel Handheld Bidet Sprayer Set includes bathroom shattaf faucets with soft chrome hoses. Chinese-made stainless steel ensures durability and smooth operation. Popular in South American and Southeast Asian markets for hygienic bathroom accessories. Exporters provide technical support and OEM options.\" \/>\n<meta property=\"og:url\" content=\"https:\/\/www.yoroow.com\/de\/produktdetail\/fabrik-direktverkauf-304sus-toilette-bidet-shattaf-set-fur-frau-sprayer-portable-spruhkopf-geburstetem-nickel-handheld-sprayer\/\" \/>\n<meta property=\"og:site_name\" content=\"YOROOW\" \/>\n<meta property=\"article:publisher\" content=\"https:\/\/www.facebook.com\/people\/yoroowfaucetfactory\/61564236752362\/\" \/>\n<meta property=\"article:modified_time\" content=\"2025-05-16T01:11:13+00:00\" \/>\n<meta property=\"og:image\" content=\"https:\/\/www.yoroow.com\/wp-content\/uploads\/2024\/11\/\u4e3b\u56fe_1-30-300x300-1.jpg\" \/>\n\t<meta property=\"og:image:width\" content=\"300\" \/>\n\t<meta property=\"og:image:height\" content=\"300\" \/>\n\t<meta property=\"og:image:type\" content=\"image\/jpeg\" \/>\n<meta name=\"twitter:card\" content=\"summary_large_image\" \/>\n<meta name=\"twitter:label1\" content=\"Gesch\u00e4tzte Lesezeit\" \/>\n\t<meta name=\"twitter:data1\" content=\"2\u00a0Minuten\" \/>\n<script type=\"application\/ld+json\" class=\"yoast-schema-graph\">{\"@context\":\"https:\/\/schema.org\",\"@graph\":[{\"@type\":\"WebPage\",\"@id\":\"https:\/\/www.yoroow.com\/de\/produktdetail\/fabrik-direktverkauf-304sus-toilette-bidet-shattaf-set-fur-frau-sprayer-portable-spruhkopf-geburstetem-nickel-handheld-sprayer\/\",\"url\":\"https:\/\/www.yoroow.com\/de\/produktdetail\/fabrik-direktverkauf-304sus-toilette-bidet-shattaf-set-fur-frau-sprayer-portable-spruhkopf-geburstetem-nickel-handheld-sprayer\/\",\"name\":\"Factory Direct 304SUS Brushed Nickel Handheld Bidet Sprayer Set Bathroom Shattaf Faucets Chrome Soft Hose Connection Bath Shower - YOROOW\",\"isPartOf\":{\"@id\":\"https:\/\/www.yoroow.com\/de\/#website\"},\"primaryImageOfPage\":{\"@id\":\"https:\/\/www.yoroow.com\/de\/produktdetail\/fabrik-direktverkauf-304sus-toilette-bidet-shattaf-set-fur-frau-sprayer-portable-spruhkopf-geburstetem-nickel-handheld-sprayer\/#primaryimage\"},\"image\":{\"@id\":\"https:\/\/www.yoroow.com\/de\/produktdetail\/fabrik-direktverkauf-304sus-toilette-bidet-shattaf-set-fur-frau-sprayer-portable-spruhkopf-geburstetem-nickel-handheld-sprayer\/#primaryimage\"},\"thumbnailUrl\":\"https:\/\/www.yoroow.com\/wp-content\/uploads\/2024\/11\/\u4e3b\u56fe_1-30-300x300-1.jpg\",\"datePublished\":\"2024-11-27T08:53:32+00:00\",\"dateModified\":\"2025-05-16T01:11:13+00:00\",\"description\":\"Factory Direct 304SUS Brushed Nickel Handheld Bidet Sprayer Set includes bathroom shattaf faucets with soft chrome hoses. Chinese-made stainless steel ensures durability and smooth operation. Popular in South American and Southeast Asian markets for hygienic bathroom accessories. Exporters provide technical support and OEM options.\",\"breadcrumb\":{\"@id\":\"https:\/\/www.yoroow.com\/de\/produktdetail\/fabrik-direktverkauf-304sus-toilette-bidet-shattaf-set-fur-frau-sprayer-portable-spruhkopf-geburstetem-nickel-handheld-sprayer\/#breadcrumb\"},\"inLanguage\":\"de\",\"potentialAction\":[{\"@type\":\"ReadAction\",\"target\":[\"https:\/\/www.yoroow.com\/de\/produktdetail\/fabrik-direktverkauf-304sus-toilette-bidet-shattaf-set-fur-frau-sprayer-portable-spruhkopf-geburstetem-nickel-handheld-sprayer\/\"]}]},{\"@type\":\"ImageObject\",\"inLanguage\":\"de\",\"@id\":\"https:\/\/www.yoroow.com\/de\/produktdetail\/fabrik-direktverkauf-304sus-toilette-bidet-shattaf-set-fur-frau-sprayer-portable-spruhkopf-geburstetem-nickel-handheld-sprayer\/#primaryimage\",\"url\":\"https:\/\/www.yoroow.com\/wp-content\/uploads\/2024\/11\/\u4e3b\u56fe_1-30-300x300-1.jpg\",\"contentUrl\":\"https:\/\/www.yoroow.com\/wp-content\/uploads\/2024\/11\/\u4e3b\u56fe_1-30-300x300-1.jpg\",\"width\":300,\"height\":300,\"caption\":\"Factory Direct 304SUS Brushed Nickel Handheld Bidet Sprayer Set Bathroom Shattaf Faucets Chrome Soft Hose Connection Bath Shower\"},{\"@type\":\"BreadcrumbList\",\"@id\":\"https:\/\/www.yoroow.com\/de\/produktdetail\/fabrik-direktverkauf-304sus-toilette-bidet-shattaf-set-fur-frau-sprayer-portable-spruhkopf-geburstetem-nickel-handheld-sprayer\/#breadcrumb\",\"itemListElement\":[{\"@type\":\"ListItem\",\"position\":1,\"name\":\"home\",\"item\":\"https:\/\/www.yoroow.com\/\"},{\"@type\":\"ListItem\",\"position\":2,\"name\":\"Product\",\"item\":\"https:\/\/www.yoroow.com\/product\/\"},{\"@type\":\"ListItem\",\"position\":3,\"name\":\"Factory Direct 304SUS Brushed Nickel Handheld Bidet Sprayer Set Bathroom Shattaf Faucets Chrome Soft Hose Connection Bath Shower\"}]},{\"@type\":\"WebSite\",\"@id\":\"https:\/\/www.yoroow.com\/de\/#website\",\"url\":\"https:\/\/www.yoroow.com\/de\/\",\"name\":\"YOROOW\",\"description\":\"\",\"publisher\":{\"@id\":\"https:\/\/www.yoroow.com\/de\/#organization\"},\"potentialAction\":[{\"@type\":\"SearchAction\",\"target\":{\"@type\":\"EntryPoint\",\"urlTemplate\":\"https:\/\/www.yoroow.com\/de\/?s={search_term_string}\"},\"query-input\":{\"@type\":\"PropertyValueSpecification\",\"valueRequired\":true,\"valueName\":\"search_term_string\"}}],\"inLanguage\":\"de\"},{\"@type\":\"Organization\",\"@id\":\"https:\/\/www.yoroow.com\/de\/#organization\",\"name\":\"YOROOW\",\"url\":\"https:\/\/www.yoroow.com\/de\/\",\"logo\":{\"@type\":\"ImageObject\",\"inLanguage\":\"de\",\"@id\":\"https:\/\/www.yoroow.com\/de\/#\/schema\/logo\/image\/\",\"url\":\"https:\/\/www.yoroow.com\/wp-content\/uploads\/2024\/12\/2024123007131061.png\",\"contentUrl\":\"https:\/\/www.yoroow.com\/wp-content\/uploads\/2024\/12\/2024123007131061.png\",\"width\":168,\"height\":27,\"caption\":\"YOROOW\"},\"image\":{\"@id\":\"https:\/\/www.yoroow.com\/de\/#\/schema\/logo\/image\/\"},\"sameAs\":[\"https:\/\/www.facebook.com\/people\/yoroowfaucetfactory\/61564236752362\/\"]}]}<\/script>\n<!-- \/ Yoast SEO Premium plugin. -->","yoast_head_json":{"title":"Factory Direct 304SUS Brushed Nickel Handheld Bidet Sprayer Set Bathroom Shattaf Faucets Chrome Soft Hose Connection Bath Shower - YOROOW","description":"Factory Direct 304SUS Brushed Nickel Handheld Bidet Sprayer Set includes bathroom shattaf faucets with soft chrome hoses. Chinese-made stainless steel ensures durability and smooth operation. Popular in South American and Southeast Asian markets for hygienic bathroom accessories. Exporters provide technical support and OEM options.","robots":{"index":"index","follow":"follow","max-snippet":"max-snippet:-1","max-image-preview":"max-image-preview:large","max-video-preview":"max-video-preview:-1"},"canonical":"https:\/\/www.yoroow.com\/de\/produktdetail\/fabrik-direktverkauf-304sus-toilette-bidet-shattaf-set-fur-frau-sprayer-portable-spruhkopf-geburstetem-nickel-handheld-sprayer\/","og_locale":"de_DE","og_type":"article","og_title":"Factory Direct 304SUS Brushed Nickel Handheld Bidet Sprayer Set Bathroom Shattaf Faucets Chrome Soft Hose Connection Bath Shower","og_description":"Factory Direct 304SUS Brushed Nickel Handheld Bidet Sprayer Set includes bathroom shattaf faucets with soft chrome hoses. Chinese-made stainless steel ensures durability and smooth operation. Popular in South American and Southeast Asian markets for hygienic bathroom accessories. Exporters provide technical support and OEM options.","og_url":"https:\/\/www.yoroow.com\/de\/produktdetail\/fabrik-direktverkauf-304sus-toilette-bidet-shattaf-set-fur-frau-sprayer-portable-spruhkopf-geburstetem-nickel-handheld-sprayer\/","og_site_name":"YOROOW","article_publisher":"https:\/\/www.facebook.com\/people\/yoroowfaucetfactory\/61564236752362\/","article_modified_time":"2025-05-16T01:11:13+00:00","og_image":[{"width":300,"height":300,"url":"https:\/\/www.yoroow.com\/wp-content\/uploads\/2024\/11\/\u4e3b\u56fe_1-30-300x300-1.jpg","type":"image\/jpeg"}],"twitter_card":"summary_large_image","twitter_misc":{"Gesch\u00e4tzte Lesezeit":"2\u00a0Minuten"},"schema":{"@context":"https:\/\/schema.org","@graph":[{"@type":"WebPage","@id":"https:\/\/www.yoroow.com\/de\/produktdetail\/fabrik-direktverkauf-304sus-toilette-bidet-shattaf-set-fur-frau-sprayer-portable-spruhkopf-geburstetem-nickel-handheld-sprayer\/","url":"https:\/\/www.yoroow.com\/de\/produktdetail\/fabrik-direktverkauf-304sus-toilette-bidet-shattaf-set-fur-frau-sprayer-portable-spruhkopf-geburstetem-nickel-handheld-sprayer\/","name":"Factory Direct 304SUS Brushed Nickel Handheld Bidet Sprayer Set Bathroom Shattaf Faucets Chrome Soft Hose Connection Bath Shower - YOROOW","isPartOf":{"@id":"https:\/\/www.yoroow.com\/de\/#website"},"primaryImageOfPage":{"@id":"https:\/\/www.yoroow.com\/de\/produktdetail\/fabrik-direktverkauf-304sus-toilette-bidet-shattaf-set-fur-frau-sprayer-portable-spruhkopf-geburstetem-nickel-handheld-sprayer\/#primaryimage"},"image":{"@id":"https:\/\/www.yoroow.com\/de\/produktdetail\/fabrik-direktverkauf-304sus-toilette-bidet-shattaf-set-fur-frau-sprayer-portable-spruhkopf-geburstetem-nickel-handheld-sprayer\/#primaryimage"},"thumbnailUrl":"https:\/\/www.yoroow.com\/wp-content\/uploads\/2024\/11\/\u4e3b\u56fe_1-30-300x300-1.jpg","datePublished":"2024-11-27T08:53:32+00:00","dateModified":"2025-05-16T01:11:13+00:00","description":"Factory Direct 304SUS Brushed Nickel Handheld Bidet Sprayer Set includes bathroom shattaf faucets with soft chrome hoses. Chinese-made stainless steel ensures durability and smooth operation. Popular in South American and Southeast Asian markets for hygienic bathroom accessories. Exporters provide technical support and OEM options.","breadcrumb":{"@id":"https:\/\/www.yoroow.com\/de\/produktdetail\/fabrik-direktverkauf-304sus-toilette-bidet-shattaf-set-fur-frau-sprayer-portable-spruhkopf-geburstetem-nickel-handheld-sprayer\/#breadcrumb"},"inLanguage":"de","potentialAction":[{"@type":"ReadAction","target":["https:\/\/www.yoroow.com\/de\/produktdetail\/fabrik-direktverkauf-304sus-toilette-bidet-shattaf-set-fur-frau-sprayer-portable-spruhkopf-geburstetem-nickel-handheld-sprayer\/"]}]},{"@type":"ImageObject","inLanguage":"de","@id":"https:\/\/www.yoroow.com\/de\/produktdetail\/fabrik-direktverkauf-304sus-toilette-bidet-shattaf-set-fur-frau-sprayer-portable-spruhkopf-geburstetem-nickel-handheld-sprayer\/#primaryimage","url":"https:\/\/www.yoroow.com\/wp-content\/uploads\/2024\/11\/\u4e3b\u56fe_1-30-300x300-1.jpg","contentUrl":"https:\/\/www.yoroow.com\/wp-content\/uploads\/2024\/11\/\u4e3b\u56fe_1-30-300x300-1.jpg","width":300,"height":300,"caption":"Factory Direct 304SUS Brushed Nickel Handheld Bidet Sprayer Set Bathroom Shattaf Faucets Chrome Soft Hose Connection Bath Shower"},{"@type":"BreadcrumbList","@id":"https:\/\/www.yoroow.com\/de\/produktdetail\/fabrik-direktverkauf-304sus-toilette-bidet-shattaf-set-fur-frau-sprayer-portable-spruhkopf-geburstetem-nickel-handheld-sprayer\/#breadcrumb","itemListElement":[{"@type":"ListItem","position":1,"name":"home","item":"https:\/\/www.yoroow.com\/"},{"@type":"ListItem","position":2,"name":"Product","item":"https:\/\/www.yoroow.com\/product\/"},{"@type":"ListItem","position":3,"name":"Factory Direct 304SUS Brushed Nickel Handheld Bidet Sprayer Set Bathroom Shattaf Faucets Chrome Soft Hose Connection Bath Shower"}]},{"@type":"WebSite","@id":"https:\/\/www.yoroow.com\/de\/#website","url":"https:\/\/www.yoroow.com\/de\/","name":"YOROOW","description":"","publisher":{"@id":"https:\/\/www.yoroow.com\/de\/#organization"},"potentialAction":[{"@type":"SearchAction","target":{"@type":"EntryPoint","urlTemplate":"https:\/\/www.yoroow.com\/de\/?s={search_term_string}"},"query-input":{"@type":"PropertyValueSpecification","valueRequired":true,"valueName":"search_term_string"}}],"inLanguage":"de"},{"@type":"Organization","@id":"https:\/\/www.yoroow.com\/de\/#organization","name":"YOROOW","url":"https:\/\/www.yoroow.com\/de\/","logo":{"@type":"ImageObject","inLanguage":"de","@id":"https:\/\/www.yoroow.com\/de\/#\/schema\/logo\/image\/","url":"https:\/\/www.yoroow.com\/wp-content\/uploads\/2024\/12\/2024123007131061.png","contentUrl":"https:\/\/www.yoroow.com\/wp-content\/uploads\/2024\/12\/2024123007131061.png","width":168,"height":27,"caption":"YOROOW"},"image":{"@id":"https:\/\/www.yoroow.com\/de\/#\/schema\/logo\/image\/"},"sameAs":["https:\/\/www.facebook.com\/people\/yoroowfaucetfactory\/61564236752362\/"]}]}},"_links":{"self":[{"href":"https:\/\/www.yoroow.com\/de\/wp-json\/wp\/v2\/product\/2404","targetHints":{"allow":["GET"]}}],"collection":[{"href":"https:\/\/www.yoroow.com\/de\/wp-json\/wp\/v2\/product"}],"about":[{"href":"https:\/\/www.yoroow.com\/de\/wp-json\/wp\/v2\/types\/product"}],"wp:featuredmedia":[{"embeddable":true,"href":"https:\/\/www.yoroow.com\/de\/wp-json\/wp\/v2\/media\/19330"}],"wp:attachment":[{"href":"https:\/\/www.yoroow.com\/de\/wp-json\/wp\/v2\/media?parent=2404"}],"wp:term":[{"taxonomy":"product_brand","embeddable":true,"href":"https:\/\/www.yoroow.com\/de\/wp-json\/wp\/v2\/product_brand?post=2404"},{"taxonomy":"product_cat","embeddable":true,"href":"https:\/\/www.yoroow.com\/de\/wp-json\/wp\/v2\/product_cat?post=2404"},{"taxonomy":"product_tag","embeddable":true,"href":"https:\/\/www.yoroow.com\/de\/wp-json\/wp\/v2\/product_tag?post=2404"}],"curies":[{"name":"wp","href":"https:\/\/api.w.org\/{rel}","templated":true}]}}