{"id":2371,"date":"2024-11-27T16:34:03","date_gmt":"2024-11-27T08:34:03","guid":{"rendered":"https:\/\/www.yoroow.com\/?post_type=product&#038;p=2371"},"modified":"2025-05-16T09:11:06","modified_gmt":"2025-05-16T01:11:06","slug":"neues-design-hotel-badezimmer-accessoires-moderne-zink-toilettenpapierhalter-chrom-papierrollenhalter-fur-bad-und-toilette","status":"publish","type":"product","link":"https:\/\/www.yoroow.com\/de\/produktdetail\/neues-design-hotel-badezimmer-accessoires-moderne-zink-toilettenpapierhalter-chrom-papierrollenhalter-fur-bad-und-toilette\/","title":{"rendered":"Modernes neues Design Hotel Badezimmer Zubeh\u00f6r Zinklegierung Toilettenpapierhalter Chrom Finish Edelstahl Wasserhahn Zubeh\u00f6r"},"content":{"rendered":"<p>Modernes neues Design Hotel Badezimmer Zubeh\u00f6r Zinklegierung Toilettenpapierhalter Chrom Finish Edelstahl Wasserhahn Zubeh\u00f6r sind eine hochwertige Erg\u00e4nzung f\u00fcr jedes Badezimmer, die sowohl Funktionalit\u00e4t und Stil kombiniert. Die Konstruktion aus Zinklegierung garantiert Langlebigkeit und Rostbest\u00e4ndigkeit, w\u00e4hrend die verchromte Oberfl\u00e4che einen eleganten, modernen Look bietet, der sowohl zu Hotels als auch zu Hause passt. Diese Badaccessoires werden mit Pr\u00e4zision und hohem handwerklichen Anspruch entworfen. Sie werden in unserer hochmodernen chinesischen Armaturenfabrik hergestellt und profitieren von unserer langj\u00e4hrigen Erfahrung bei der Entwicklung langlebiger und stilvoller Badezimmerl\u00f6sungen. Die Accessoires sind ideal f\u00fcr Luxushotels, moderne Wohnh\u00e4user oder gewerbliche R\u00e4ume, die nach zuverl\u00e4ssigen und eleganten Produkten suchen. Der Direktvertrieb unserer Fabrik bietet wettbewerbsf\u00e4hige Preise f\u00fcr die s\u00fcdamerikanischen und s\u00fcdostasiatischen M\u00e4rkte, in denen die Nachfrage nach qualitativ hochwertigen, aber dennoch erschwinglichen Badprodukten weiter steigt. Mit dem Fokus auf Nachhaltigkeit, Innovation und Qualit\u00e4t liefert YOROOW Badaccessoires, die jeden Raum aufwerten und praktische L\u00f6sungen bieten, die lange halten.<\/p>","protected":false},"excerpt":{"rendered":"<p>Modern New Design Hotel Bathroom Accessories Zinc Alloy Toilet Paper Holder Chrome Finish Stainless Steel Faucet Accessories are a high-quality addition to any bathroom, combining both functionality and style. The zinc alloy construction ensures durability and rust resistance, while the chrome finish offers a sleek, modern look that complements both hotel and home environments. These\u2026<\/p>","protected":false},"featured_media":2373,"template":"","meta":{"_acf_changed":false,"_kad_post_transparent":"default","_kad_post_title":"","_kad_post_layout":"default","_kad_post_sidebar_id":"","_kad_post_content_style":"default","_kad_post_vertical_padding":"default","_kad_post_feature":"","_kad_post_feature_position":"","_kad_post_header":false,"_kad_post_footer":false},"product_brand":[],"product_cat":[7845],"product_tag":[3803],"class_list":{"0":"post-2371","1":"product","2":"type-product","3":"status-publish","4":"has-post-thumbnail","6":"product_cat-bathroom-accessories","7":"product_tag-bathroom","9":"first","10":"instock","11":"shipping-taxable","12":"purchasable","13":"product-type-variable","14":"wvs-archive-product-wrapper","15":"entry","16":"content-bg","17":"loop-entry"},"acf":[],"yoast_head":"<!-- This site is optimized with the Yoast SEO Premium plugin v25.4 (Yoast SEO v27.0) - https:\/\/yoast.com\/product\/yoast-seo-premium-wordpress\/ -->\n<title>Modern New Design Hotel Bathroom Accessories Zinc Alloy Toilet Paper Holder Chrome Finish Stainless Steel Faucet Accessories - YOROOW<\/title>\n<meta name=\"description\" content=\"Modern New Design Hotel Bathroom Accessories include zinc alloy toilet paper holders and chrome finish stainless steel faucet accessories. Made in China with attention to detail, these accessories suit upscale hotels and villas. Export focus on South America and Southeast Asia emphasizes quality and stylish bathroom fittings.\" \/>\n<meta name=\"robots\" content=\"index, follow, max-snippet:-1, max-image-preview:large, max-video-preview:-1\" \/>\n<link rel=\"canonical\" href=\"https:\/\/www.yoroow.com\/de\/produktdetail\/neues-design-hotel-badezimmer-accessoires-moderne-zink-toilettenpapierhalter-chrom-papierrollenhalter-fur-bad-und-toilette\/\" \/>\n<meta property=\"og:locale\" content=\"de_DE\" \/>\n<meta property=\"og:type\" content=\"article\" \/>\n<meta property=\"og:title\" content=\"Modern New Design Hotel Bathroom Accessories Zinc Alloy Toilet Paper Holder Chrome Finish Stainless Steel Faucet Accessories\" \/>\n<meta property=\"og:description\" content=\"Modern New Design Hotel Bathroom Accessories include zinc alloy toilet paper holders and chrome finish stainless steel faucet accessories. Made in China with attention to detail, these accessories suit upscale hotels and villas. Export focus on South America and Southeast Asia emphasizes quality and stylish bathroom fittings.\" \/>\n<meta property=\"og:url\" content=\"https:\/\/www.yoroow.com\/de\/produktdetail\/neues-design-hotel-badezimmer-accessoires-moderne-zink-toilettenpapierhalter-chrom-papierrollenhalter-fur-bad-und-toilette\/\" \/>\n<meta property=\"og:site_name\" content=\"YOROOW\" \/>\n<meta property=\"article:publisher\" content=\"https:\/\/www.facebook.com\/people\/yoroowfaucetfactory\/61564236752362\/\" \/>\n<meta property=\"article:modified_time\" content=\"2025-05-16T01:11:06+00:00\" \/>\n<meta property=\"og:image\" content=\"https:\/\/www.yoroow.com\/wp-content\/uploads\/2024\/11\/\u4e3b\u56fe_2-12.jpg\" \/>\n\t<meta property=\"og:image:width\" content=\"800\" \/>\n\t<meta property=\"og:image:height\" content=\"800\" \/>\n\t<meta property=\"og:image:type\" content=\"image\/jpeg\" \/>\n<meta name=\"twitter:card\" content=\"summary_large_image\" \/>\n<meta name=\"twitter:label1\" content=\"Gesch\u00e4tzte Lesezeit\" \/>\n\t<meta name=\"twitter:data1\" content=\"1\u00a0Minute\" \/>\n<script type=\"application\/ld+json\" class=\"yoast-schema-graph\">{\"@context\":\"https:\/\/schema.org\",\"@graph\":[{\"@type\":\"WebPage\",\"@id\":\"https:\/\/www.yoroow.com\/de\/produktdetail\/neues-design-hotel-badezimmer-accessoires-moderne-zink-toilettenpapierhalter-chrom-papierrollenhalter-fur-bad-und-toilette\/\",\"url\":\"https:\/\/www.yoroow.com\/de\/produktdetail\/neues-design-hotel-badezimmer-accessoires-moderne-zink-toilettenpapierhalter-chrom-papierrollenhalter-fur-bad-und-toilette\/\",\"name\":\"Modern New Design Hotel Bathroom Accessories Zinc Alloy Toilet Paper Holder Chrome Finish Stainless Steel Faucet Accessories - YOROOW\",\"isPartOf\":{\"@id\":\"https:\/\/www.yoroow.com\/de\/#website\"},\"primaryImageOfPage\":{\"@id\":\"https:\/\/www.yoroow.com\/de\/produktdetail\/neues-design-hotel-badezimmer-accessoires-moderne-zink-toilettenpapierhalter-chrom-papierrollenhalter-fur-bad-und-toilette\/#primaryimage\"},\"image\":{\"@id\":\"https:\/\/www.yoroow.com\/de\/produktdetail\/neues-design-hotel-badezimmer-accessoires-moderne-zink-toilettenpapierhalter-chrom-papierrollenhalter-fur-bad-und-toilette\/#primaryimage\"},\"thumbnailUrl\":\"https:\/\/www.yoroow.com\/wp-content\/uploads\/2024\/11\/\u4e3b\u56fe_2-12.jpg\",\"datePublished\":\"2024-11-27T08:34:03+00:00\",\"dateModified\":\"2025-05-16T01:11:06+00:00\",\"description\":\"Modern New Design Hotel Bathroom Accessories include zinc alloy toilet paper holders and chrome finish stainless steel faucet accessories. Made in China with attention to detail, these accessories suit upscale hotels and villas. Export focus on South America and Southeast Asia emphasizes quality and stylish bathroom fittings.\",\"breadcrumb\":{\"@id\":\"https:\/\/www.yoroow.com\/de\/produktdetail\/neues-design-hotel-badezimmer-accessoires-moderne-zink-toilettenpapierhalter-chrom-papierrollenhalter-fur-bad-und-toilette\/#breadcrumb\"},\"inLanguage\":\"de\",\"potentialAction\":[{\"@type\":\"ReadAction\",\"target\":[\"https:\/\/www.yoroow.com\/de\/produktdetail\/neues-design-hotel-badezimmer-accessoires-moderne-zink-toilettenpapierhalter-chrom-papierrollenhalter-fur-bad-und-toilette\/\"]}]},{\"@type\":\"ImageObject\",\"inLanguage\":\"de\",\"@id\":\"https:\/\/www.yoroow.com\/de\/produktdetail\/neues-design-hotel-badezimmer-accessoires-moderne-zink-toilettenpapierhalter-chrom-papierrollenhalter-fur-bad-und-toilette\/#primaryimage\",\"url\":\"https:\/\/www.yoroow.com\/wp-content\/uploads\/2024\/11\/\u4e3b\u56fe_2-12.jpg\",\"contentUrl\":\"https:\/\/www.yoroow.com\/wp-content\/uploads\/2024\/11\/\u4e3b\u56fe_2-12.jpg\",\"width\":800,\"height\":800,\"caption\":\"New Design Hotel Bathroom Accessories Modern Zinc Toilet Paper Holder Chrome Paper Roll Holder For Bathroom And Toilet\"},{\"@type\":\"BreadcrumbList\",\"@id\":\"https:\/\/www.yoroow.com\/de\/produktdetail\/neues-design-hotel-badezimmer-accessoires-moderne-zink-toilettenpapierhalter-chrom-papierrollenhalter-fur-bad-und-toilette\/#breadcrumb\",\"itemListElement\":[{\"@type\":\"ListItem\",\"position\":1,\"name\":\"home\",\"item\":\"https:\/\/www.yoroow.com\/\"},{\"@type\":\"ListItem\",\"position\":2,\"name\":\"Product\",\"item\":\"https:\/\/www.yoroow.com\/product\/\"},{\"@type\":\"ListItem\",\"position\":3,\"name\":\"Modern New Design Hotel Bathroom Accessories Zinc Alloy Toilet Paper Holder Chrome Finish Stainless Steel Faucet Accessories\"}]},{\"@type\":\"WebSite\",\"@id\":\"https:\/\/www.yoroow.com\/de\/#website\",\"url\":\"https:\/\/www.yoroow.com\/de\/\",\"name\":\"YOROOW\",\"description\":\"\",\"publisher\":{\"@id\":\"https:\/\/www.yoroow.com\/de\/#organization\"},\"potentialAction\":[{\"@type\":\"SearchAction\",\"target\":{\"@type\":\"EntryPoint\",\"urlTemplate\":\"https:\/\/www.yoroow.com\/de\/?s={search_term_string}\"},\"query-input\":{\"@type\":\"PropertyValueSpecification\",\"valueRequired\":true,\"valueName\":\"search_term_string\"}}],\"inLanguage\":\"de\"},{\"@type\":\"Organization\",\"@id\":\"https:\/\/www.yoroow.com\/de\/#organization\",\"name\":\"YOROOW\",\"url\":\"https:\/\/www.yoroow.com\/de\/\",\"logo\":{\"@type\":\"ImageObject\",\"inLanguage\":\"de\",\"@id\":\"https:\/\/www.yoroow.com\/de\/#\/schema\/logo\/image\/\",\"url\":\"https:\/\/www.yoroow.com\/wp-content\/uploads\/2024\/12\/2024123007131061.png\",\"contentUrl\":\"https:\/\/www.yoroow.com\/wp-content\/uploads\/2024\/12\/2024123007131061.png\",\"width\":168,\"height\":27,\"caption\":\"YOROOW\"},\"image\":{\"@id\":\"https:\/\/www.yoroow.com\/de\/#\/schema\/logo\/image\/\"},\"sameAs\":[\"https:\/\/www.facebook.com\/people\/yoroowfaucetfactory\/61564236752362\/\"]}]}<\/script>\n<!-- \/ Yoast SEO Premium plugin. -->","yoast_head_json":{"title":"Modern New Design Hotel Bathroom Accessories Zinc Alloy Toilet Paper Holder Chrome Finish Stainless Steel Faucet Accessories - YOROOW","description":"Modern New Design Hotel Bathroom Accessories include zinc alloy toilet paper holders and chrome finish stainless steel faucet accessories. Made in China with attention to detail, these accessories suit upscale hotels and villas. Export focus on South America and Southeast Asia emphasizes quality and stylish bathroom fittings.","robots":{"index":"index","follow":"follow","max-snippet":"max-snippet:-1","max-image-preview":"max-image-preview:large","max-video-preview":"max-video-preview:-1"},"canonical":"https:\/\/www.yoroow.com\/de\/produktdetail\/neues-design-hotel-badezimmer-accessoires-moderne-zink-toilettenpapierhalter-chrom-papierrollenhalter-fur-bad-und-toilette\/","og_locale":"de_DE","og_type":"article","og_title":"Modern New Design Hotel Bathroom Accessories Zinc Alloy Toilet Paper Holder Chrome Finish Stainless Steel Faucet Accessories","og_description":"Modern New Design Hotel Bathroom Accessories include zinc alloy toilet paper holders and chrome finish stainless steel faucet accessories. Made in China with attention to detail, these accessories suit upscale hotels and villas. Export focus on South America and Southeast Asia emphasizes quality and stylish bathroom fittings.","og_url":"https:\/\/www.yoroow.com\/de\/produktdetail\/neues-design-hotel-badezimmer-accessoires-moderne-zink-toilettenpapierhalter-chrom-papierrollenhalter-fur-bad-und-toilette\/","og_site_name":"YOROOW","article_publisher":"https:\/\/www.facebook.com\/people\/yoroowfaucetfactory\/61564236752362\/","article_modified_time":"2025-05-16T01:11:06+00:00","og_image":[{"width":800,"height":800,"url":"https:\/\/www.yoroow.com\/wp-content\/uploads\/2024\/11\/\u4e3b\u56fe_2-12.jpg","type":"image\/jpeg"}],"twitter_card":"summary_large_image","twitter_misc":{"Gesch\u00e4tzte Lesezeit":"1\u00a0Minute"},"schema":{"@context":"https:\/\/schema.org","@graph":[{"@type":"WebPage","@id":"https:\/\/www.yoroow.com\/de\/produktdetail\/neues-design-hotel-badezimmer-accessoires-moderne-zink-toilettenpapierhalter-chrom-papierrollenhalter-fur-bad-und-toilette\/","url":"https:\/\/www.yoroow.com\/de\/produktdetail\/neues-design-hotel-badezimmer-accessoires-moderne-zink-toilettenpapierhalter-chrom-papierrollenhalter-fur-bad-und-toilette\/","name":"Modern New Design Hotel Bathroom Accessories Zinc Alloy Toilet Paper Holder Chrome Finish Stainless Steel Faucet Accessories - YOROOW","isPartOf":{"@id":"https:\/\/www.yoroow.com\/de\/#website"},"primaryImageOfPage":{"@id":"https:\/\/www.yoroow.com\/de\/produktdetail\/neues-design-hotel-badezimmer-accessoires-moderne-zink-toilettenpapierhalter-chrom-papierrollenhalter-fur-bad-und-toilette\/#primaryimage"},"image":{"@id":"https:\/\/www.yoroow.com\/de\/produktdetail\/neues-design-hotel-badezimmer-accessoires-moderne-zink-toilettenpapierhalter-chrom-papierrollenhalter-fur-bad-und-toilette\/#primaryimage"},"thumbnailUrl":"https:\/\/www.yoroow.com\/wp-content\/uploads\/2024\/11\/\u4e3b\u56fe_2-12.jpg","datePublished":"2024-11-27T08:34:03+00:00","dateModified":"2025-05-16T01:11:06+00:00","description":"Modern New Design Hotel Bathroom Accessories include zinc alloy toilet paper holders and chrome finish stainless steel faucet accessories. Made in China with attention to detail, these accessories suit upscale hotels and villas. Export focus on South America and Southeast Asia emphasizes quality and stylish bathroom fittings.","breadcrumb":{"@id":"https:\/\/www.yoroow.com\/de\/produktdetail\/neues-design-hotel-badezimmer-accessoires-moderne-zink-toilettenpapierhalter-chrom-papierrollenhalter-fur-bad-und-toilette\/#breadcrumb"},"inLanguage":"de","potentialAction":[{"@type":"ReadAction","target":["https:\/\/www.yoroow.com\/de\/produktdetail\/neues-design-hotel-badezimmer-accessoires-moderne-zink-toilettenpapierhalter-chrom-papierrollenhalter-fur-bad-und-toilette\/"]}]},{"@type":"ImageObject","inLanguage":"de","@id":"https:\/\/www.yoroow.com\/de\/produktdetail\/neues-design-hotel-badezimmer-accessoires-moderne-zink-toilettenpapierhalter-chrom-papierrollenhalter-fur-bad-und-toilette\/#primaryimage","url":"https:\/\/www.yoroow.com\/wp-content\/uploads\/2024\/11\/\u4e3b\u56fe_2-12.jpg","contentUrl":"https:\/\/www.yoroow.com\/wp-content\/uploads\/2024\/11\/\u4e3b\u56fe_2-12.jpg","width":800,"height":800,"caption":"New Design Hotel Bathroom Accessories Modern Zinc Toilet Paper Holder Chrome Paper Roll Holder For Bathroom And Toilet"},{"@type":"BreadcrumbList","@id":"https:\/\/www.yoroow.com\/de\/produktdetail\/neues-design-hotel-badezimmer-accessoires-moderne-zink-toilettenpapierhalter-chrom-papierrollenhalter-fur-bad-und-toilette\/#breadcrumb","itemListElement":[{"@type":"ListItem","position":1,"name":"home","item":"https:\/\/www.yoroow.com\/"},{"@type":"ListItem","position":2,"name":"Product","item":"https:\/\/www.yoroow.com\/product\/"},{"@type":"ListItem","position":3,"name":"Modern New Design Hotel Bathroom Accessories Zinc Alloy Toilet Paper Holder Chrome Finish Stainless Steel Faucet Accessories"}]},{"@type":"WebSite","@id":"https:\/\/www.yoroow.com\/de\/#website","url":"https:\/\/www.yoroow.com\/de\/","name":"YOROOW","description":"","publisher":{"@id":"https:\/\/www.yoroow.com\/de\/#organization"},"potentialAction":[{"@type":"SearchAction","target":{"@type":"EntryPoint","urlTemplate":"https:\/\/www.yoroow.com\/de\/?s={search_term_string}"},"query-input":{"@type":"PropertyValueSpecification","valueRequired":true,"valueName":"search_term_string"}}],"inLanguage":"de"},{"@type":"Organization","@id":"https:\/\/www.yoroow.com\/de\/#organization","name":"YOROOW","url":"https:\/\/www.yoroow.com\/de\/","logo":{"@type":"ImageObject","inLanguage":"de","@id":"https:\/\/www.yoroow.com\/de\/#\/schema\/logo\/image\/","url":"https:\/\/www.yoroow.com\/wp-content\/uploads\/2024\/12\/2024123007131061.png","contentUrl":"https:\/\/www.yoroow.com\/wp-content\/uploads\/2024\/12\/2024123007131061.png","width":168,"height":27,"caption":"YOROOW"},"image":{"@id":"https:\/\/www.yoroow.com\/de\/#\/schema\/logo\/image\/"},"sameAs":["https:\/\/www.facebook.com\/people\/yoroowfaucetfactory\/61564236752362\/"]}]}},"_links":{"self":[{"href":"https:\/\/www.yoroow.com\/de\/wp-json\/wp\/v2\/product\/2371","targetHints":{"allow":["GET"]}}],"collection":[{"href":"https:\/\/www.yoroow.com\/de\/wp-json\/wp\/v2\/product"}],"about":[{"href":"https:\/\/www.yoroow.com\/de\/wp-json\/wp\/v2\/types\/product"}],"wp:featuredmedia":[{"embeddable":true,"href":"https:\/\/www.yoroow.com\/de\/wp-json\/wp\/v2\/media\/2373"}],"wp:attachment":[{"href":"https:\/\/www.yoroow.com\/de\/wp-json\/wp\/v2\/media?parent=2371"}],"wp:term":[{"taxonomy":"product_brand","embeddable":true,"href":"https:\/\/www.yoroow.com\/de\/wp-json\/wp\/v2\/product_brand?post=2371"},{"taxonomy":"product_cat","embeddable":true,"href":"https:\/\/www.yoroow.com\/de\/wp-json\/wp\/v2\/product_cat?post=2371"},{"taxonomy":"product_tag","embeddable":true,"href":"https:\/\/www.yoroow.com\/de\/wp-json\/wp\/v2\/product_tag?post=2371"}],"curies":[{"name":"wp","href":"https:\/\/api.w.org\/{rel}","templated":true}]}}