{"id":21440,"date":"2025-06-25T11:14:21","date_gmt":"2025-06-25T03:14:21","guid":{"rendered":"https:\/\/www.yoroow.com\/?post_type=product&#038;p=21440"},"modified":"2025-06-25T11:22:15","modified_gmt":"2025-06-25T03:22:15","slug":"kosteneffiziente-chrom-zink-thermostatische-wassermischbatterie-mit-einem-griff-fur-warmes-und-kaltes-wasser-eckige-waschbeckenarmatur-fur-bad","status":"publish","type":"product","link":"https:\/\/www.yoroow.com\/de\/produktdetail\/kosteneffiziente-chrom-zink-thermostatische-wassermischbatterie-mit-einem-griff-fur-warmes-und-kaltes-wasser-eckige-waschbeckenarmatur-fur-bad\/","title":{"rendered":"Kosteng\u00fcnstige Chrom-Zink Einhand-Thermostatmischbatterie f\u00fcr warmes und kaltes Wasser, quadratische Waschtischarmatur f\u00fcr das Badezimmer"},"content":{"rendered":"","protected":false},"excerpt":{"rendered":"","protected":false},"featured_media":21419,"template":"","meta":{"_acf_changed":false,"_kad_post_transparent":"default","_kad_post_title":"","_kad_post_layout":"default","_kad_post_sidebar_id":"","_kad_post_content_style":"default","_kad_post_vertical_padding":"default","_kad_post_feature":"","_kad_post_feature_position":"","_kad_post_header":false,"_kad_post_footer":false},"product_brand":[],"product_cat":[238],"product_tag":[3378,5881],"class_list":{"0":"post-21440","1":"product","2":"type-product","3":"status-publish","4":"has-post-thumbnail","6":"product_cat-mixer-basin-faucet","7":"product_tag-square-basin-faucet","8":"product_tag-zinc-single-lever-faucet-basin-mixer-tap-for-bathroom","10":"first","11":"instock","12":"shipping-taxable","13":"purchasable","14":"product-type-variable","15":"wvs-archive-product-wrapper","16":"entry","17":"content-bg","18":"loop-entry"},"acf":[],"yoast_head":"<!-- This site is optimized with the Yoast SEO Premium plugin v25.4 (Yoast SEO v27.0) - https:\/\/yoast.com\/product\/yoast-seo-premium-wordpress\/ -->\n<title>Cost-Effective Chrome Zinc Single Handle Thermostatic Hot &amp; Cold Water Basin Mixer Tap Square Basin Faucet for Bathroom - YOROOW<\/title>\n<meta name=\"robots\" content=\"index, follow, max-snippet:-1, max-image-preview:large, max-video-preview:-1\" \/>\n<link rel=\"canonical\" href=\"https:\/\/www.yoroow.com\/de\/produktdetail\/kosteneffiziente-chrom-zink-thermostatische-wassermischbatterie-mit-einem-griff-fur-warmes-und-kaltes-wasser-eckige-waschbeckenarmatur-fur-bad\/\" \/>\n<meta property=\"og:locale\" content=\"de_DE\" \/>\n<meta property=\"og:type\" content=\"article\" \/>\n<meta property=\"og:title\" content=\"Cost-Effective Chrome Zinc Single Handle Thermostatic Hot &amp; Cold Water Basin Mixer Tap Square Basin Faucet for Bathroom\" \/>\n<meta property=\"og:url\" content=\"https:\/\/www.yoroow.com\/de\/produktdetail\/kosteneffiziente-chrom-zink-thermostatische-wassermischbatterie-mit-einem-griff-fur-warmes-und-kaltes-wasser-eckige-waschbeckenarmatur-fur-bad\/\" \/>\n<meta property=\"og:site_name\" content=\"YOROOW\" \/>\n<meta property=\"article:publisher\" content=\"https:\/\/www.facebook.com\/people\/yoroowfaucetfactory\/61564236752362\/\" \/>\n<meta property=\"article:modified_time\" content=\"2025-06-25T03:22:15+00:00\" \/>\n<meta property=\"og:image\" content=\"https:\/\/www.yoroow.com\/wp-content\/uploads\/2025\/06\/27-1.jpg\" \/>\n\t<meta property=\"og:image:width\" content=\"800\" \/>\n\t<meta property=\"og:image:height\" content=\"800\" \/>\n\t<meta property=\"og:image:type\" content=\"image\/jpeg\" \/>\n<meta name=\"twitter:card\" content=\"summary_large_image\" \/>\n<meta name=\"twitter:label1\" content=\"Gesch\u00e4tzte Lesezeit\" \/>\n\t<meta name=\"twitter:data1\" content=\"1\u00a0Minute\" \/>\n<script type=\"application\/ld+json\" class=\"yoast-schema-graph\">{\"@context\":\"https:\/\/schema.org\",\"@graph\":[{\"@type\":\"WebPage\",\"@id\":\"https:\/\/www.yoroow.com\/de\/produktdetail\/kosteneffiziente-chrom-zink-thermostatische-wassermischbatterie-mit-einem-griff-fur-warmes-und-kaltes-wasser-eckige-waschbeckenarmatur-fur-bad\/\",\"url\":\"https:\/\/www.yoroow.com\/de\/produktdetail\/kosteneffiziente-chrom-zink-thermostatische-wassermischbatterie-mit-einem-griff-fur-warmes-und-kaltes-wasser-eckige-waschbeckenarmatur-fur-bad\/\",\"name\":\"Cost-Effective Chrome Zinc Single Handle Thermostatic Hot & Cold Water Basin Mixer Tap Square Basin Faucet for Bathroom - YOROOW\",\"isPartOf\":{\"@id\":\"https:\/\/www.yoroow.com\/de\/#website\"},\"primaryImageOfPage\":{\"@id\":\"https:\/\/www.yoroow.com\/de\/produktdetail\/kosteneffiziente-chrom-zink-thermostatische-wassermischbatterie-mit-einem-griff-fur-warmes-und-kaltes-wasser-eckige-waschbeckenarmatur-fur-bad\/#primaryimage\"},\"image\":{\"@id\":\"https:\/\/www.yoroow.com\/de\/produktdetail\/kosteneffiziente-chrom-zink-thermostatische-wassermischbatterie-mit-einem-griff-fur-warmes-und-kaltes-wasser-eckige-waschbeckenarmatur-fur-bad\/#primaryimage\"},\"thumbnailUrl\":\"https:\/\/www.yoroow.com\/wp-content\/uploads\/2025\/06\/27-1.jpg\",\"datePublished\":\"2025-06-25T03:14:21+00:00\",\"dateModified\":\"2025-06-25T03:22:15+00:00\",\"breadcrumb\":{\"@id\":\"https:\/\/www.yoroow.com\/de\/produktdetail\/kosteneffiziente-chrom-zink-thermostatische-wassermischbatterie-mit-einem-griff-fur-warmes-und-kaltes-wasser-eckige-waschbeckenarmatur-fur-bad\/#breadcrumb\"},\"inLanguage\":\"de\",\"potentialAction\":[{\"@type\":\"ReadAction\",\"target\":[\"https:\/\/www.yoroow.com\/de\/produktdetail\/kosteneffiziente-chrom-zink-thermostatische-wassermischbatterie-mit-einem-griff-fur-warmes-und-kaltes-wasser-eckige-waschbeckenarmatur-fur-bad\/\"]}]},{\"@type\":\"ImageObject\",\"inLanguage\":\"de\",\"@id\":\"https:\/\/www.yoroow.com\/de\/produktdetail\/kosteneffiziente-chrom-zink-thermostatische-wassermischbatterie-mit-einem-griff-fur-warmes-und-kaltes-wasser-eckige-waschbeckenarmatur-fur-bad\/#primaryimage\",\"url\":\"https:\/\/www.yoroow.com\/wp-content\/uploads\/2025\/06\/27-1.jpg\",\"contentUrl\":\"https:\/\/www.yoroow.com\/wp-content\/uploads\/2025\/06\/27-1.jpg\",\"width\":800,\"height\":800},{\"@type\":\"BreadcrumbList\",\"@id\":\"https:\/\/www.yoroow.com\/de\/produktdetail\/kosteneffiziente-chrom-zink-thermostatische-wassermischbatterie-mit-einem-griff-fur-warmes-und-kaltes-wasser-eckige-waschbeckenarmatur-fur-bad\/#breadcrumb\",\"itemListElement\":[{\"@type\":\"ListItem\",\"position\":1,\"name\":\"home\",\"item\":\"https:\/\/www.yoroow.com\/\"},{\"@type\":\"ListItem\",\"position\":2,\"name\":\"Product\",\"item\":\"https:\/\/www.yoroow.com\/product\/\"},{\"@type\":\"ListItem\",\"position\":3,\"name\":\"Cost-Effective Chrome Zinc Single Handle Thermostatic Hot &#038; Cold Water Basin Mixer Tap Square Basin Faucet for Bathroom\"}]},{\"@type\":\"WebSite\",\"@id\":\"https:\/\/www.yoroow.com\/de\/#website\",\"url\":\"https:\/\/www.yoroow.com\/de\/\",\"name\":\"YOROOW\",\"description\":\"\",\"publisher\":{\"@id\":\"https:\/\/www.yoroow.com\/de\/#organization\"},\"potentialAction\":[{\"@type\":\"SearchAction\",\"target\":{\"@type\":\"EntryPoint\",\"urlTemplate\":\"https:\/\/www.yoroow.com\/de\/?s={search_term_string}\"},\"query-input\":{\"@type\":\"PropertyValueSpecification\",\"valueRequired\":true,\"valueName\":\"search_term_string\"}}],\"inLanguage\":\"de\"},{\"@type\":\"Organization\",\"@id\":\"https:\/\/www.yoroow.com\/de\/#organization\",\"name\":\"YOROOW\",\"url\":\"https:\/\/www.yoroow.com\/de\/\",\"logo\":{\"@type\":\"ImageObject\",\"inLanguage\":\"de\",\"@id\":\"https:\/\/www.yoroow.com\/de\/#\/schema\/logo\/image\/\",\"url\":\"https:\/\/www.yoroow.com\/wp-content\/uploads\/2024\/12\/2024123007131061.png\",\"contentUrl\":\"https:\/\/www.yoroow.com\/wp-content\/uploads\/2024\/12\/2024123007131061.png\",\"width\":168,\"height\":27,\"caption\":\"YOROOW\"},\"image\":{\"@id\":\"https:\/\/www.yoroow.com\/de\/#\/schema\/logo\/image\/\"},\"sameAs\":[\"https:\/\/www.facebook.com\/people\/yoroowfaucetfactory\/61564236752362\/\"]}]}<\/script>\n<!-- \/ Yoast SEO Premium plugin. -->","yoast_head_json":{"title":"Cost-Effective Chrome Zinc Single Handle Thermostatic Hot & Cold Water Basin Mixer Tap Square Basin Faucet for Bathroom - YOROOW","robots":{"index":"index","follow":"follow","max-snippet":"max-snippet:-1","max-image-preview":"max-image-preview:large","max-video-preview":"max-video-preview:-1"},"canonical":"https:\/\/www.yoroow.com\/de\/produktdetail\/kosteneffiziente-chrom-zink-thermostatische-wassermischbatterie-mit-einem-griff-fur-warmes-und-kaltes-wasser-eckige-waschbeckenarmatur-fur-bad\/","og_locale":"de_DE","og_type":"article","og_title":"Cost-Effective Chrome Zinc Single Handle Thermostatic Hot & Cold Water Basin Mixer Tap Square Basin Faucet for Bathroom","og_url":"https:\/\/www.yoroow.com\/de\/produktdetail\/kosteneffiziente-chrom-zink-thermostatische-wassermischbatterie-mit-einem-griff-fur-warmes-und-kaltes-wasser-eckige-waschbeckenarmatur-fur-bad\/","og_site_name":"YOROOW","article_publisher":"https:\/\/www.facebook.com\/people\/yoroowfaucetfactory\/61564236752362\/","article_modified_time":"2025-06-25T03:22:15+00:00","og_image":[{"width":800,"height":800,"url":"https:\/\/www.yoroow.com\/wp-content\/uploads\/2025\/06\/27-1.jpg","type":"image\/jpeg"}],"twitter_card":"summary_large_image","twitter_misc":{"Gesch\u00e4tzte Lesezeit":"1\u00a0Minute"},"schema":{"@context":"https:\/\/schema.org","@graph":[{"@type":"WebPage","@id":"https:\/\/www.yoroow.com\/de\/produktdetail\/kosteneffiziente-chrom-zink-thermostatische-wassermischbatterie-mit-einem-griff-fur-warmes-und-kaltes-wasser-eckige-waschbeckenarmatur-fur-bad\/","url":"https:\/\/www.yoroow.com\/de\/produktdetail\/kosteneffiziente-chrom-zink-thermostatische-wassermischbatterie-mit-einem-griff-fur-warmes-und-kaltes-wasser-eckige-waschbeckenarmatur-fur-bad\/","name":"Cost-Effective Chrome Zinc Single Handle Thermostatic Hot & Cold Water Basin Mixer Tap Square Basin Faucet for Bathroom - YOROOW","isPartOf":{"@id":"https:\/\/www.yoroow.com\/de\/#website"},"primaryImageOfPage":{"@id":"https:\/\/www.yoroow.com\/de\/produktdetail\/kosteneffiziente-chrom-zink-thermostatische-wassermischbatterie-mit-einem-griff-fur-warmes-und-kaltes-wasser-eckige-waschbeckenarmatur-fur-bad\/#primaryimage"},"image":{"@id":"https:\/\/www.yoroow.com\/de\/produktdetail\/kosteneffiziente-chrom-zink-thermostatische-wassermischbatterie-mit-einem-griff-fur-warmes-und-kaltes-wasser-eckige-waschbeckenarmatur-fur-bad\/#primaryimage"},"thumbnailUrl":"https:\/\/www.yoroow.com\/wp-content\/uploads\/2025\/06\/27-1.jpg","datePublished":"2025-06-25T03:14:21+00:00","dateModified":"2025-06-25T03:22:15+00:00","breadcrumb":{"@id":"https:\/\/www.yoroow.com\/de\/produktdetail\/kosteneffiziente-chrom-zink-thermostatische-wassermischbatterie-mit-einem-griff-fur-warmes-und-kaltes-wasser-eckige-waschbeckenarmatur-fur-bad\/#breadcrumb"},"inLanguage":"de","potentialAction":[{"@type":"ReadAction","target":["https:\/\/www.yoroow.com\/de\/produktdetail\/kosteneffiziente-chrom-zink-thermostatische-wassermischbatterie-mit-einem-griff-fur-warmes-und-kaltes-wasser-eckige-waschbeckenarmatur-fur-bad\/"]}]},{"@type":"ImageObject","inLanguage":"de","@id":"https:\/\/www.yoroow.com\/de\/produktdetail\/kosteneffiziente-chrom-zink-thermostatische-wassermischbatterie-mit-einem-griff-fur-warmes-und-kaltes-wasser-eckige-waschbeckenarmatur-fur-bad\/#primaryimage","url":"https:\/\/www.yoroow.com\/wp-content\/uploads\/2025\/06\/27-1.jpg","contentUrl":"https:\/\/www.yoroow.com\/wp-content\/uploads\/2025\/06\/27-1.jpg","width":800,"height":800},{"@type":"BreadcrumbList","@id":"https:\/\/www.yoroow.com\/de\/produktdetail\/kosteneffiziente-chrom-zink-thermostatische-wassermischbatterie-mit-einem-griff-fur-warmes-und-kaltes-wasser-eckige-waschbeckenarmatur-fur-bad\/#breadcrumb","itemListElement":[{"@type":"ListItem","position":1,"name":"home","item":"https:\/\/www.yoroow.com\/"},{"@type":"ListItem","position":2,"name":"Product","item":"https:\/\/www.yoroow.com\/product\/"},{"@type":"ListItem","position":3,"name":"Cost-Effective Chrome Zinc Single Handle Thermostatic Hot &#038; Cold Water Basin Mixer Tap Square Basin Faucet for Bathroom"}]},{"@type":"WebSite","@id":"https:\/\/www.yoroow.com\/de\/#website","url":"https:\/\/www.yoroow.com\/de\/","name":"YOROOW","description":"","publisher":{"@id":"https:\/\/www.yoroow.com\/de\/#organization"},"potentialAction":[{"@type":"SearchAction","target":{"@type":"EntryPoint","urlTemplate":"https:\/\/www.yoroow.com\/de\/?s={search_term_string}"},"query-input":{"@type":"PropertyValueSpecification","valueRequired":true,"valueName":"search_term_string"}}],"inLanguage":"de"},{"@type":"Organization","@id":"https:\/\/www.yoroow.com\/de\/#organization","name":"YOROOW","url":"https:\/\/www.yoroow.com\/de\/","logo":{"@type":"ImageObject","inLanguage":"de","@id":"https:\/\/www.yoroow.com\/de\/#\/schema\/logo\/image\/","url":"https:\/\/www.yoroow.com\/wp-content\/uploads\/2024\/12\/2024123007131061.png","contentUrl":"https:\/\/www.yoroow.com\/wp-content\/uploads\/2024\/12\/2024123007131061.png","width":168,"height":27,"caption":"YOROOW"},"image":{"@id":"https:\/\/www.yoroow.com\/de\/#\/schema\/logo\/image\/"},"sameAs":["https:\/\/www.facebook.com\/people\/yoroowfaucetfactory\/61564236752362\/"]}]}},"_links":{"self":[{"href":"https:\/\/www.yoroow.com\/de\/wp-json\/wp\/v2\/product\/21440","targetHints":{"allow":["GET"]}}],"collection":[{"href":"https:\/\/www.yoroow.com\/de\/wp-json\/wp\/v2\/product"}],"about":[{"href":"https:\/\/www.yoroow.com\/de\/wp-json\/wp\/v2\/types\/product"}],"wp:featuredmedia":[{"embeddable":true,"href":"https:\/\/www.yoroow.com\/de\/wp-json\/wp\/v2\/media\/21419"}],"wp:attachment":[{"href":"https:\/\/www.yoroow.com\/de\/wp-json\/wp\/v2\/media?parent=21440"}],"wp:term":[{"taxonomy":"product_brand","embeddable":true,"href":"https:\/\/www.yoroow.com\/de\/wp-json\/wp\/v2\/product_brand?post=21440"},{"taxonomy":"product_cat","embeddable":true,"href":"https:\/\/www.yoroow.com\/de\/wp-json\/wp\/v2\/product_cat?post=21440"},{"taxonomy":"product_tag","embeddable":true,"href":"https:\/\/www.yoroow.com\/de\/wp-json\/wp\/v2\/product_tag?post=21440"}],"curies":[{"name":"wp","href":"https:\/\/api.w.org\/{rel}","templated":true}]}}