{"id":19726,"date":"2025-05-08T15:44:15","date_gmt":"2025-05-08T07:44:15","guid":{"rendered":"https:\/\/www.yoroow.com\/?post_type=product&#038;p=19726"},"modified":"2025-05-16T09:53:49","modified_gmt":"2025-05-16T01:53:49","slug":"modern201-edelstahl-pop-up-abfluss-uberlauf-loch-schwimmende-spule-eitelkeit-gefas-toilette-stopper-fur-bad-waschbecken-leck-stecker","status":"publish","type":"product","link":"https:\/\/www.yoroow.com\/de\/produktdetail\/modern201-edelstahl-pop-up-abfluss-uberlauf-loch-schwimmende-spule-eitelkeit-gefas-toilette-stopper-fur-bad-waschbecken-leck-stecker\/","title":{"rendered":"Modern201 Edelstahl Pop-up Drain \u00dcberlauf Loch Floating Sink Vanity Vessel Lavatory Stopper f\u00fcr Badezimmer Waschbecken Leck Stecker"},"content":{"rendered":"<p>Moderne 201 Edelstahl Pop-up Drain \u00dcberlaufloch Floating Sink Vanity Vessel Lavatory Stopper f\u00fcr Badezimmer Waschbecken Leck Stecker ist aus hochwertigem 201 Edelstahl gew\u00e4hrleistet Korrosionsbest\u00e4ndigkeit und Haltbarkeit. Das schwimmende Design passt in Standard-Abflussl\u00f6cher f\u00fcr Waschbecken und bietet eine sichere Abdichtung, um Lecks und Wasser\u00fcberlauf zu verhindern. Dieser St\u00f6psel ist einfach zu installieren und zu reinigen und eignet sich daher f\u00fcr Waschbecken und Eitelkeiten im Badezimmer. Das von einem erfahrenen chinesischen Hersteller produzierte Produkt wird einer gr\u00fcndlichen Kontrolle unterzogen, um eine hohe Qualit\u00e4t zu gew\u00e4hrleisten. Es erf\u00fcllt die Anforderungen von Kunden in S\u00fcdamerika und S\u00fcdostasien, einschlie\u00dflich M\u00e4rkten wie Kolumbien, Malaysia und Indonesien, wo moderne Badarmaturen beliebt sind. OEM-Services und p\u00fcnktliche Exportlieferungen sorgen f\u00fcr Kundenzufriedenheit. |<\/p>","protected":false},"excerpt":{"rendered":"<p>Modern 201 Stainless Steel Pop-up Drain Overflow Hole Floating Sink Vanity Vessel Lavatory Stopper for Bathroom Sink Leak Plug is made of high-grade 201 stainless steel ensuring corrosion resistance and durability. Its floating design fits standard sink drain holes, providing a secure seal to prevent leaks and water overflow. This stopper is easy to install\u2026<\/p>","protected":false},"featured_media":19728,"template":"","meta":{"_acf_changed":false,"_kad_post_transparent":"default","_kad_post_title":"","_kad_post_layout":"default","_kad_post_sidebar_id":"","_kad_post_content_style":"default","_kad_post_vertical_padding":"default","_kad_post_feature":"","_kad_post_feature_position":"","_kad_post_header":false,"_kad_post_footer":false},"product_brand":[],"product_cat":[341,7862],"product_tag":[],"class_list":{"0":"post-19726","1":"product","2":"type-product","3":"status-publish","4":"has-post-thumbnail","6":"product_cat-sink-leak-plug","7":"product_cat-c-sinkleakplug","9":"first","10":"instock","11":"shipping-taxable","12":"purchasable","13":"product-type-variable","14":"wvs-archive-product-wrapper","15":"entry","16":"content-bg","17":"loop-entry"},"acf":[],"yoast_head":"<!-- This site is optimized with the Yoast SEO Premium plugin v25.4 (Yoast SEO v27.0) - https:\/\/yoast.com\/product\/yoast-seo-premium-wordpress\/ -->\n<title>Modern201 Stainless Steel Pop-up Drain Overflow Hole Floating Sink Vanity Vessel Lavatory Stopper for Bathroom Sink Leak Plug - YOROOW<\/title>\n<meta name=\"description\" content=\"Modern stainless steel pop-up drain overflow floating sink stopper, leak-proof design, ideal for bathroom and kitchen sinks, manufactured in China with export emphasis on South America and Southeast Asia.\" \/>\n<meta name=\"robots\" content=\"index, follow, max-snippet:-1, max-image-preview:large, max-video-preview:-1\" \/>\n<link rel=\"canonical\" href=\"https:\/\/www.yoroow.com\/de\/produktdetail\/modern201-edelstahl-pop-up-abfluss-uberlauf-loch-schwimmende-spule-eitelkeit-gefas-toilette-stopper-fur-bad-waschbecken-leck-stecker\/\" \/>\n<meta property=\"og:locale\" content=\"de_DE\" \/>\n<meta property=\"og:type\" content=\"article\" \/>\n<meta property=\"og:title\" content=\"Modern201 Stainless Steel Pop-up Drain Overflow Hole Floating Sink Vanity Vessel Lavatory Stopper for Bathroom Sink Leak Plug\" \/>\n<meta property=\"og:description\" content=\"Modern stainless steel pop-up drain overflow floating sink stopper, leak-proof design, ideal for bathroom and kitchen sinks, manufactured in China with export emphasis on South America and Southeast Asia.\" \/>\n<meta property=\"og:url\" content=\"https:\/\/www.yoroow.com\/de\/produktdetail\/modern201-edelstahl-pop-up-abfluss-uberlauf-loch-schwimmende-spule-eitelkeit-gefas-toilette-stopper-fur-bad-waschbecken-leck-stecker\/\" \/>\n<meta property=\"og:site_name\" content=\"YOROOW\" \/>\n<meta property=\"article:publisher\" content=\"https:\/\/www.facebook.com\/people\/yoroowfaucetfactory\/61564236752362\/\" \/>\n<meta property=\"article:modified_time\" content=\"2025-05-16T01:53:49+00:00\" \/>\n<meta property=\"og:image\" content=\"https:\/\/www.yoroow.com\/wp-content\/uploads\/2025\/05\/\u5fae\u4fe1\u56fe\u7247_20210922122750.jpg\" \/>\n\t<meta property=\"og:image:width\" content=\"677\" \/>\n\t<meta property=\"og:image:height\" content=\"677\" \/>\n\t<meta property=\"og:image:type\" content=\"image\/jpeg\" \/>\n<meta name=\"twitter:card\" content=\"summary_large_image\" \/>\n<meta name=\"twitter:label1\" content=\"Gesch\u00e4tzte Lesezeit\" \/>\n\t<meta name=\"twitter:data1\" content=\"1\u00a0Minute\" \/>\n<script type=\"application\/ld+json\" class=\"yoast-schema-graph\">{\"@context\":\"https:\/\/schema.org\",\"@graph\":[{\"@type\":\"WebPage\",\"@id\":\"https:\/\/www.yoroow.com\/de\/produktdetail\/modern201-edelstahl-pop-up-abfluss-uberlauf-loch-schwimmende-spule-eitelkeit-gefas-toilette-stopper-fur-bad-waschbecken-leck-stecker\/\",\"url\":\"https:\/\/www.yoroow.com\/de\/produktdetail\/modern201-edelstahl-pop-up-abfluss-uberlauf-loch-schwimmende-spule-eitelkeit-gefas-toilette-stopper-fur-bad-waschbecken-leck-stecker\/\",\"name\":\"Modern201 Stainless Steel Pop-up Drain Overflow Hole Floating Sink Vanity Vessel Lavatory Stopper for Bathroom Sink Leak Plug - YOROOW\",\"isPartOf\":{\"@id\":\"https:\/\/www.yoroow.com\/de\/#website\"},\"primaryImageOfPage\":{\"@id\":\"https:\/\/www.yoroow.com\/de\/produktdetail\/modern201-edelstahl-pop-up-abfluss-uberlauf-loch-schwimmende-spule-eitelkeit-gefas-toilette-stopper-fur-bad-waschbecken-leck-stecker\/#primaryimage\"},\"image\":{\"@id\":\"https:\/\/www.yoroow.com\/de\/produktdetail\/modern201-edelstahl-pop-up-abfluss-uberlauf-loch-schwimmende-spule-eitelkeit-gefas-toilette-stopper-fur-bad-waschbecken-leck-stecker\/#primaryimage\"},\"thumbnailUrl\":\"https:\/\/www.yoroow.com\/wp-content\/uploads\/2025\/05\/\u5fae\u4fe1\u56fe\u7247_20210922122750.jpg\",\"datePublished\":\"2025-05-08T07:44:15+00:00\",\"dateModified\":\"2025-05-16T01:53:49+00:00\",\"description\":\"Modern stainless steel pop-up drain overflow floating sink stopper, leak-proof design, ideal for bathroom and kitchen sinks, manufactured in China with export emphasis on South America and Southeast Asia.\",\"breadcrumb\":{\"@id\":\"https:\/\/www.yoroow.com\/de\/produktdetail\/modern201-edelstahl-pop-up-abfluss-uberlauf-loch-schwimmende-spule-eitelkeit-gefas-toilette-stopper-fur-bad-waschbecken-leck-stecker\/#breadcrumb\"},\"inLanguage\":\"de\",\"potentialAction\":[{\"@type\":\"ReadAction\",\"target\":[\"https:\/\/www.yoroow.com\/de\/produktdetail\/modern201-edelstahl-pop-up-abfluss-uberlauf-loch-schwimmende-spule-eitelkeit-gefas-toilette-stopper-fur-bad-waschbecken-leck-stecker\/\"]}]},{\"@type\":\"ImageObject\",\"inLanguage\":\"de\",\"@id\":\"https:\/\/www.yoroow.com\/de\/produktdetail\/modern201-edelstahl-pop-up-abfluss-uberlauf-loch-schwimmende-spule-eitelkeit-gefas-toilette-stopper-fur-bad-waschbecken-leck-stecker\/#primaryimage\",\"url\":\"https:\/\/www.yoroow.com\/wp-content\/uploads\/2025\/05\/\u5fae\u4fe1\u56fe\u7247_20210922122750.jpg\",\"contentUrl\":\"https:\/\/www.yoroow.com\/wp-content\/uploads\/2025\/05\/\u5fae\u4fe1\u56fe\u7247_20210922122750.jpg\",\"width\":677,\"height\":677,\"caption\":\"Modern201 Stainless Steel Pop-up Drain Overflow Hole Floating Sink Vanity Vessel Lavatory Stopper for Bathroom Sink Leak Plug\"},{\"@type\":\"BreadcrumbList\",\"@id\":\"https:\/\/www.yoroow.com\/de\/produktdetail\/modern201-edelstahl-pop-up-abfluss-uberlauf-loch-schwimmende-spule-eitelkeit-gefas-toilette-stopper-fur-bad-waschbecken-leck-stecker\/#breadcrumb\",\"itemListElement\":[{\"@type\":\"ListItem\",\"position\":1,\"name\":\"home\",\"item\":\"https:\/\/www.yoroow.com\/\"},{\"@type\":\"ListItem\",\"position\":2,\"name\":\"Product\",\"item\":\"https:\/\/www.yoroow.com\/product\/\"},{\"@type\":\"ListItem\",\"position\":3,\"name\":\"Modern201 Stainless Steel Pop-up Drain Overflow Hole Floating Sink Vanity Vessel Lavatory Stopper for Bathroom Sink Leak Plug\"}]},{\"@type\":\"WebSite\",\"@id\":\"https:\/\/www.yoroow.com\/de\/#website\",\"url\":\"https:\/\/www.yoroow.com\/de\/\",\"name\":\"YOROOW\",\"description\":\"\",\"publisher\":{\"@id\":\"https:\/\/www.yoroow.com\/de\/#organization\"},\"potentialAction\":[{\"@type\":\"SearchAction\",\"target\":{\"@type\":\"EntryPoint\",\"urlTemplate\":\"https:\/\/www.yoroow.com\/de\/?s={search_term_string}\"},\"query-input\":{\"@type\":\"PropertyValueSpecification\",\"valueRequired\":true,\"valueName\":\"search_term_string\"}}],\"inLanguage\":\"de\"},{\"@type\":\"Organization\",\"@id\":\"https:\/\/www.yoroow.com\/de\/#organization\",\"name\":\"YOROOW\",\"url\":\"https:\/\/www.yoroow.com\/de\/\",\"logo\":{\"@type\":\"ImageObject\",\"inLanguage\":\"de\",\"@id\":\"https:\/\/www.yoroow.com\/de\/#\/schema\/logo\/image\/\",\"url\":\"https:\/\/www.yoroow.com\/wp-content\/uploads\/2024\/12\/2024123007131061.png\",\"contentUrl\":\"https:\/\/www.yoroow.com\/wp-content\/uploads\/2024\/12\/2024123007131061.png\",\"width\":168,\"height\":27,\"caption\":\"YOROOW\"},\"image\":{\"@id\":\"https:\/\/www.yoroow.com\/de\/#\/schema\/logo\/image\/\"},\"sameAs\":[\"https:\/\/www.facebook.com\/people\/yoroowfaucetfactory\/61564236752362\/\"]}]}<\/script>\n<!-- \/ Yoast SEO Premium plugin. -->","yoast_head_json":{"title":"Modern201 Stainless Steel Pop-up Drain Overflow Hole Floating Sink Vanity Vessel Lavatory Stopper for Bathroom Sink Leak Plug - YOROOW","description":"Modern stainless steel pop-up drain overflow floating sink stopper, leak-proof design, ideal for bathroom and kitchen sinks, manufactured in China with export emphasis on South America and Southeast Asia.","robots":{"index":"index","follow":"follow","max-snippet":"max-snippet:-1","max-image-preview":"max-image-preview:large","max-video-preview":"max-video-preview:-1"},"canonical":"https:\/\/www.yoroow.com\/de\/produktdetail\/modern201-edelstahl-pop-up-abfluss-uberlauf-loch-schwimmende-spule-eitelkeit-gefas-toilette-stopper-fur-bad-waschbecken-leck-stecker\/","og_locale":"de_DE","og_type":"article","og_title":"Modern201 Stainless Steel Pop-up Drain Overflow Hole Floating Sink Vanity Vessel Lavatory Stopper for Bathroom Sink Leak Plug","og_description":"Modern stainless steel pop-up drain overflow floating sink stopper, leak-proof design, ideal for bathroom and kitchen sinks, manufactured in China with export emphasis on South America and Southeast Asia.","og_url":"https:\/\/www.yoroow.com\/de\/produktdetail\/modern201-edelstahl-pop-up-abfluss-uberlauf-loch-schwimmende-spule-eitelkeit-gefas-toilette-stopper-fur-bad-waschbecken-leck-stecker\/","og_site_name":"YOROOW","article_publisher":"https:\/\/www.facebook.com\/people\/yoroowfaucetfactory\/61564236752362\/","article_modified_time":"2025-05-16T01:53:49+00:00","og_image":[{"width":677,"height":677,"url":"https:\/\/www.yoroow.com\/wp-content\/uploads\/2025\/05\/\u5fae\u4fe1\u56fe\u7247_20210922122750.jpg","type":"image\/jpeg"}],"twitter_card":"summary_large_image","twitter_misc":{"Gesch\u00e4tzte Lesezeit":"1\u00a0Minute"},"schema":{"@context":"https:\/\/schema.org","@graph":[{"@type":"WebPage","@id":"https:\/\/www.yoroow.com\/de\/produktdetail\/modern201-edelstahl-pop-up-abfluss-uberlauf-loch-schwimmende-spule-eitelkeit-gefas-toilette-stopper-fur-bad-waschbecken-leck-stecker\/","url":"https:\/\/www.yoroow.com\/de\/produktdetail\/modern201-edelstahl-pop-up-abfluss-uberlauf-loch-schwimmende-spule-eitelkeit-gefas-toilette-stopper-fur-bad-waschbecken-leck-stecker\/","name":"Modern201 Stainless Steel Pop-up Drain Overflow Hole Floating Sink Vanity Vessel Lavatory Stopper for Bathroom Sink Leak Plug - YOROOW","isPartOf":{"@id":"https:\/\/www.yoroow.com\/de\/#website"},"primaryImageOfPage":{"@id":"https:\/\/www.yoroow.com\/de\/produktdetail\/modern201-edelstahl-pop-up-abfluss-uberlauf-loch-schwimmende-spule-eitelkeit-gefas-toilette-stopper-fur-bad-waschbecken-leck-stecker\/#primaryimage"},"image":{"@id":"https:\/\/www.yoroow.com\/de\/produktdetail\/modern201-edelstahl-pop-up-abfluss-uberlauf-loch-schwimmende-spule-eitelkeit-gefas-toilette-stopper-fur-bad-waschbecken-leck-stecker\/#primaryimage"},"thumbnailUrl":"https:\/\/www.yoroow.com\/wp-content\/uploads\/2025\/05\/\u5fae\u4fe1\u56fe\u7247_20210922122750.jpg","datePublished":"2025-05-08T07:44:15+00:00","dateModified":"2025-05-16T01:53:49+00:00","description":"Modern stainless steel pop-up drain overflow floating sink stopper, leak-proof design, ideal for bathroom and kitchen sinks, manufactured in China with export emphasis on South America and Southeast Asia.","breadcrumb":{"@id":"https:\/\/www.yoroow.com\/de\/produktdetail\/modern201-edelstahl-pop-up-abfluss-uberlauf-loch-schwimmende-spule-eitelkeit-gefas-toilette-stopper-fur-bad-waschbecken-leck-stecker\/#breadcrumb"},"inLanguage":"de","potentialAction":[{"@type":"ReadAction","target":["https:\/\/www.yoroow.com\/de\/produktdetail\/modern201-edelstahl-pop-up-abfluss-uberlauf-loch-schwimmende-spule-eitelkeit-gefas-toilette-stopper-fur-bad-waschbecken-leck-stecker\/"]}]},{"@type":"ImageObject","inLanguage":"de","@id":"https:\/\/www.yoroow.com\/de\/produktdetail\/modern201-edelstahl-pop-up-abfluss-uberlauf-loch-schwimmende-spule-eitelkeit-gefas-toilette-stopper-fur-bad-waschbecken-leck-stecker\/#primaryimage","url":"https:\/\/www.yoroow.com\/wp-content\/uploads\/2025\/05\/\u5fae\u4fe1\u56fe\u7247_20210922122750.jpg","contentUrl":"https:\/\/www.yoroow.com\/wp-content\/uploads\/2025\/05\/\u5fae\u4fe1\u56fe\u7247_20210922122750.jpg","width":677,"height":677,"caption":"Modern201 Stainless Steel Pop-up Drain Overflow Hole Floating Sink Vanity Vessel Lavatory Stopper for Bathroom Sink Leak Plug"},{"@type":"BreadcrumbList","@id":"https:\/\/www.yoroow.com\/de\/produktdetail\/modern201-edelstahl-pop-up-abfluss-uberlauf-loch-schwimmende-spule-eitelkeit-gefas-toilette-stopper-fur-bad-waschbecken-leck-stecker\/#breadcrumb","itemListElement":[{"@type":"ListItem","position":1,"name":"home","item":"https:\/\/www.yoroow.com\/"},{"@type":"ListItem","position":2,"name":"Product","item":"https:\/\/www.yoroow.com\/product\/"},{"@type":"ListItem","position":3,"name":"Modern201 Stainless Steel Pop-up Drain Overflow Hole Floating Sink Vanity Vessel Lavatory Stopper for Bathroom Sink Leak Plug"}]},{"@type":"WebSite","@id":"https:\/\/www.yoroow.com\/de\/#website","url":"https:\/\/www.yoroow.com\/de\/","name":"YOROOW","description":"","publisher":{"@id":"https:\/\/www.yoroow.com\/de\/#organization"},"potentialAction":[{"@type":"SearchAction","target":{"@type":"EntryPoint","urlTemplate":"https:\/\/www.yoroow.com\/de\/?s={search_term_string}"},"query-input":{"@type":"PropertyValueSpecification","valueRequired":true,"valueName":"search_term_string"}}],"inLanguage":"de"},{"@type":"Organization","@id":"https:\/\/www.yoroow.com\/de\/#organization","name":"YOROOW","url":"https:\/\/www.yoroow.com\/de\/","logo":{"@type":"ImageObject","inLanguage":"de","@id":"https:\/\/www.yoroow.com\/de\/#\/schema\/logo\/image\/","url":"https:\/\/www.yoroow.com\/wp-content\/uploads\/2024\/12\/2024123007131061.png","contentUrl":"https:\/\/www.yoroow.com\/wp-content\/uploads\/2024\/12\/2024123007131061.png","width":168,"height":27,"caption":"YOROOW"},"image":{"@id":"https:\/\/www.yoroow.com\/de\/#\/schema\/logo\/image\/"},"sameAs":["https:\/\/www.facebook.com\/people\/yoroowfaucetfactory\/61564236752362\/"]}]}},"_links":{"self":[{"href":"https:\/\/www.yoroow.com\/de\/wp-json\/wp\/v2\/product\/19726","targetHints":{"allow":["GET"]}}],"collection":[{"href":"https:\/\/www.yoroow.com\/de\/wp-json\/wp\/v2\/product"}],"about":[{"href":"https:\/\/www.yoroow.com\/de\/wp-json\/wp\/v2\/types\/product"}],"wp:featuredmedia":[{"embeddable":true,"href":"https:\/\/www.yoroow.com\/de\/wp-json\/wp\/v2\/media\/19728"}],"wp:attachment":[{"href":"https:\/\/www.yoroow.com\/de\/wp-json\/wp\/v2\/media?parent=19726"}],"wp:term":[{"taxonomy":"product_brand","embeddable":true,"href":"https:\/\/www.yoroow.com\/de\/wp-json\/wp\/v2\/product_brand?post=19726"},{"taxonomy":"product_cat","embeddable":true,"href":"https:\/\/www.yoroow.com\/de\/wp-json\/wp\/v2\/product_cat?post=19726"},{"taxonomy":"product_tag","embeddable":true,"href":"https:\/\/www.yoroow.com\/de\/wp-json\/wp\/v2\/product_tag?post=19726"}],"curies":[{"name":"wp","href":"https:\/\/api.w.org\/{rel}","templated":true}]}}