{"id":19692,"date":"2025-05-08T14:47:10","date_gmt":"2025-05-08T06:47:10","guid":{"rendered":"https:\/\/www.yoroow.com\/?post_type=product&#038;p=19692"},"modified":"2025-05-16T09:53:15","modified_gmt":"2025-05-16T01:53:15","slug":"moderne-quadratische-chrom-finish-bad-wasserhahn-duschkopf-set-wasserdruckprufung-matt-verdecktes-bad-wasserhahn-zubehor","status":"publish","type":"product","link":"https:\/\/www.yoroow.com\/de\/produktdetail\/moderne-quadratische-chrom-finish-bad-wasserhahn-duschkopf-set-wasserdruckprufung-matt-verdecktes-bad-wasserhahn-zubehor\/","title":{"rendered":"Modernes Quadrat Chrom Finish Badezimmer Wasserhahn Dusche Kopf Set Wasserdruck Test Matte Verdeckte Badezimmer Wasserhahn Zubeh\u00f6r"},"content":{"rendered":"<p>Modernes, quadratisches, verchromtes Badarmaturen-Brausegarnitur-Set Wasserdruckpr\u00fcfung matt Verdecktes Badarmaturenzubeh\u00f6r umfasst eine quadratische, verchromte Kopfbrause und ein Armaturenset, das f\u00fcr den verdeckten Einbau mit einer matten Texturoption konzipiert ist. Das Set gew\u00e4hrleistet einen gleichm\u00e4\u00dfigen Wasserdruck und einen gleichm\u00e4\u00dfigen Wasserfluss, der nach hochwertigen Standards getestet wurde. Das in einer professionellen chinesischen Fabrik mit \u00fcber zehn Jahren OEM-Erfahrung hergestellte Produkt wird Druck- und Dichtheitspr\u00fcfungen unterzogen, um Langlebigkeit und Zuverl\u00e4ssigkeit zu gew\u00e4hrleisten. Es eignet sich f\u00fcr moderne Badezimmer in S\u00fcdamerika und S\u00fcdostasien wie Peru, Malaysia und Brasilien und erf\u00fcllt die wachsende Nachfrage nach stilvollen und funktionalen Badezimmerarmaturen. Die Fabrik bietet ma\u00dfgeschneiderte Verpackungen und eine schnelle Exportlogistik. |<\/p>","protected":false},"excerpt":{"rendered":"<p>Modern Square Chrome Finish Bathroom Faucet Shower Head Set Water Pressure Test Matte Concealed Bathroom Faucet Accessories includes a square-shaped chrome finish shower head and faucet set designed for concealed installation with a matte texture option. The set ensures consistent water pressure and smooth flow, tested to meet high-quality standards. Made in a professional Chinese\u2026<\/p>","protected":false},"featured_media":19704,"template":"","meta":{"_acf_changed":false,"_kad_post_transparent":"default","_kad_post_title":"","_kad_post_layout":"default","_kad_post_sidebar_id":"","_kad_post_content_style":"default","_kad_post_vertical_padding":"default","_kad_post_feature":"","_kad_post_feature_position":"","_kad_post_header":false,"_kad_post_footer":false},"product_brand":[],"product_cat":[234,7865],"product_tag":[3056,5516],"class_list":{"0":"post-19692","1":"product","2":"type-product","3":"status-publish","4":"has-post-thumbnail","6":"product_cat-concealed-shower-set","7":"product_cat-c-shower","8":"product_tag-ceiling-concealed-bathroom-shower-set","9":"product_tag-chrome-shower-system","11":"first","12":"instock","13":"shipping-taxable","14":"product-type-variable","15":"wvs-archive-product-wrapper","16":"entry","17":"content-bg","18":"loop-entry"},"acf":[],"yoast_head":"<!-- This site is optimized with the Yoast SEO Premium plugin v25.4 (Yoast SEO v27.0) - https:\/\/yoast.com\/product\/yoast-seo-premium-wordpress\/ -->\n<title>Modern Square Chrome Finish Bathroom Faucet Shower Head Set Water Pressure Test Matte Concealed Bathroom Faucet Accessories - YOROOW<\/title>\n<meta name=\"description\" content=\"Modern square chrome finish bathroom faucet shower head set with water pressure test, matte concealed accessories, suitable for luxury bathrooms, manufactured in China and exported extensively to South America and Southeast Asia.\" \/>\n<meta name=\"robots\" content=\"index, follow, max-snippet:-1, max-image-preview:large, max-video-preview:-1\" \/>\n<link rel=\"canonical\" href=\"https:\/\/www.yoroow.com\/de\/produktdetail\/moderne-quadratische-chrom-finish-bad-wasserhahn-duschkopf-set-wasserdruckprufung-matt-verdecktes-bad-wasserhahn-zubehor\/\" \/>\n<meta property=\"og:locale\" content=\"de_DE\" \/>\n<meta property=\"og:type\" content=\"article\" \/>\n<meta property=\"og:title\" content=\"Modern Square Chrome Finish Bathroom Faucet Shower Head Set Water Pressure Test Matte Concealed Bathroom Faucet Accessories\" \/>\n<meta property=\"og:description\" content=\"Modern square chrome finish bathroom faucet shower head set with water pressure test, matte concealed accessories, suitable for luxury bathrooms, manufactured in China and exported extensively to South America and Southeast Asia.\" \/>\n<meta property=\"og:url\" content=\"https:\/\/www.yoroow.com\/de\/produktdetail\/moderne-quadratische-chrom-finish-bad-wasserhahn-duschkopf-set-wasserdruckprufung-matt-verdecktes-bad-wasserhahn-zubehor\/\" \/>\n<meta property=\"og:site_name\" content=\"YOROOW\" \/>\n<meta property=\"article:publisher\" content=\"https:\/\/www.facebook.com\/people\/yoroowfaucetfactory\/61564236752362\/\" \/>\n<meta property=\"article:modified_time\" content=\"2025-05-16T01:53:15+00:00\" \/>\n<meta property=\"og:image\" content=\"https:\/\/www.yoroow.com\/wp-content\/uploads\/2025\/05\/MYKONOS-08.fw_.jpg\" \/>\n\t<meta property=\"og:image:width\" content=\"600\" \/>\n\t<meta property=\"og:image:height\" content=\"600\" \/>\n\t<meta property=\"og:image:type\" content=\"image\/jpeg\" \/>\n<meta name=\"twitter:card\" content=\"summary_large_image\" \/>\n<meta name=\"twitter:label1\" content=\"Gesch\u00e4tzte Lesezeit\" \/>\n\t<meta name=\"twitter:data1\" content=\"1\u00a0Minute\" \/>\n<script type=\"application\/ld+json\" class=\"yoast-schema-graph\">{\"@context\":\"https:\/\/schema.org\",\"@graph\":[{\"@type\":\"WebPage\",\"@id\":\"https:\/\/www.yoroow.com\/de\/produktdetail\/moderne-quadratische-chrom-finish-bad-wasserhahn-duschkopf-set-wasserdruckprufung-matt-verdecktes-bad-wasserhahn-zubehor\/\",\"url\":\"https:\/\/www.yoroow.com\/de\/produktdetail\/moderne-quadratische-chrom-finish-bad-wasserhahn-duschkopf-set-wasserdruckprufung-matt-verdecktes-bad-wasserhahn-zubehor\/\",\"name\":\"Modern Square Chrome Finish Bathroom Faucet Shower Head Set Water Pressure Test Matte Concealed Bathroom Faucet Accessories - YOROOW\",\"isPartOf\":{\"@id\":\"https:\/\/www.yoroow.com\/de\/#website\"},\"primaryImageOfPage\":{\"@id\":\"https:\/\/www.yoroow.com\/de\/produktdetail\/moderne-quadratische-chrom-finish-bad-wasserhahn-duschkopf-set-wasserdruckprufung-matt-verdecktes-bad-wasserhahn-zubehor\/#primaryimage\"},\"image\":{\"@id\":\"https:\/\/www.yoroow.com\/de\/produktdetail\/moderne-quadratische-chrom-finish-bad-wasserhahn-duschkopf-set-wasserdruckprufung-matt-verdecktes-bad-wasserhahn-zubehor\/#primaryimage\"},\"thumbnailUrl\":\"https:\/\/www.yoroow.com\/wp-content\/uploads\/2025\/05\/MYKONOS-08.fw_.jpg\",\"datePublished\":\"2025-05-08T06:47:10+00:00\",\"dateModified\":\"2025-05-16T01:53:15+00:00\",\"description\":\"Modern square chrome finish bathroom faucet shower head set with water pressure test, matte concealed accessories, suitable for luxury bathrooms, manufactured in China and exported extensively to South America and Southeast Asia.\",\"breadcrumb\":{\"@id\":\"https:\/\/www.yoroow.com\/de\/produktdetail\/moderne-quadratische-chrom-finish-bad-wasserhahn-duschkopf-set-wasserdruckprufung-matt-verdecktes-bad-wasserhahn-zubehor\/#breadcrumb\"},\"inLanguage\":\"de\",\"potentialAction\":[{\"@type\":\"ReadAction\",\"target\":[\"https:\/\/www.yoroow.com\/de\/produktdetail\/moderne-quadratische-chrom-finish-bad-wasserhahn-duschkopf-set-wasserdruckprufung-matt-verdecktes-bad-wasserhahn-zubehor\/\"]}]},{\"@type\":\"ImageObject\",\"inLanguage\":\"de\",\"@id\":\"https:\/\/www.yoroow.com\/de\/produktdetail\/moderne-quadratische-chrom-finish-bad-wasserhahn-duschkopf-set-wasserdruckprufung-matt-verdecktes-bad-wasserhahn-zubehor\/#primaryimage\",\"url\":\"https:\/\/www.yoroow.com\/wp-content\/uploads\/2025\/05\/MYKONOS-08.fw_.jpg\",\"contentUrl\":\"https:\/\/www.yoroow.com\/wp-content\/uploads\/2025\/05\/MYKONOS-08.fw_.jpg\",\"width\":600,\"height\":600,\"caption\":\"Modern Square Chrome Finish Bathroom Faucet Shower Head Set Water Pressure Test Matte Concealed Bathroom Faucet Accessories\"},{\"@type\":\"BreadcrumbList\",\"@id\":\"https:\/\/www.yoroow.com\/de\/produktdetail\/moderne-quadratische-chrom-finish-bad-wasserhahn-duschkopf-set-wasserdruckprufung-matt-verdecktes-bad-wasserhahn-zubehor\/#breadcrumb\",\"itemListElement\":[{\"@type\":\"ListItem\",\"position\":1,\"name\":\"home\",\"item\":\"https:\/\/www.yoroow.com\/\"},{\"@type\":\"ListItem\",\"position\":2,\"name\":\"Product\",\"item\":\"https:\/\/www.yoroow.com\/product\/\"},{\"@type\":\"ListItem\",\"position\":3,\"name\":\"Modern Square Chrome Finish Bathroom Faucet Shower Head Set Water Pressure Test Matte Concealed Bathroom Faucet Accessories\"}]},{\"@type\":\"WebSite\",\"@id\":\"https:\/\/www.yoroow.com\/de\/#website\",\"url\":\"https:\/\/www.yoroow.com\/de\/\",\"name\":\"YOROOW\",\"description\":\"\",\"publisher\":{\"@id\":\"https:\/\/www.yoroow.com\/de\/#organization\"},\"potentialAction\":[{\"@type\":\"SearchAction\",\"target\":{\"@type\":\"EntryPoint\",\"urlTemplate\":\"https:\/\/www.yoroow.com\/de\/?s={search_term_string}\"},\"query-input\":{\"@type\":\"PropertyValueSpecification\",\"valueRequired\":true,\"valueName\":\"search_term_string\"}}],\"inLanguage\":\"de\"},{\"@type\":\"Organization\",\"@id\":\"https:\/\/www.yoroow.com\/de\/#organization\",\"name\":\"YOROOW\",\"url\":\"https:\/\/www.yoroow.com\/de\/\",\"logo\":{\"@type\":\"ImageObject\",\"inLanguage\":\"de\",\"@id\":\"https:\/\/www.yoroow.com\/de\/#\/schema\/logo\/image\/\",\"url\":\"https:\/\/www.yoroow.com\/wp-content\/uploads\/2024\/12\/2024123007131061.png\",\"contentUrl\":\"https:\/\/www.yoroow.com\/wp-content\/uploads\/2024\/12\/2024123007131061.png\",\"width\":168,\"height\":27,\"caption\":\"YOROOW\"},\"image\":{\"@id\":\"https:\/\/www.yoroow.com\/de\/#\/schema\/logo\/image\/\"},\"sameAs\":[\"https:\/\/www.facebook.com\/people\/yoroowfaucetfactory\/61564236752362\/\"]}]}<\/script>\n<!-- \/ Yoast SEO Premium plugin. -->","yoast_head_json":{"title":"Modern Square Chrome Finish Bathroom Faucet Shower Head Set Water Pressure Test Matte Concealed Bathroom Faucet Accessories - YOROOW","description":"Modern square chrome finish bathroom faucet shower head set with water pressure test, matte concealed accessories, suitable for luxury bathrooms, manufactured in China and exported extensively to South America and Southeast Asia.","robots":{"index":"index","follow":"follow","max-snippet":"max-snippet:-1","max-image-preview":"max-image-preview:large","max-video-preview":"max-video-preview:-1"},"canonical":"https:\/\/www.yoroow.com\/de\/produktdetail\/moderne-quadratische-chrom-finish-bad-wasserhahn-duschkopf-set-wasserdruckprufung-matt-verdecktes-bad-wasserhahn-zubehor\/","og_locale":"de_DE","og_type":"article","og_title":"Modern Square Chrome Finish Bathroom Faucet Shower Head Set Water Pressure Test Matte Concealed Bathroom Faucet Accessories","og_description":"Modern square chrome finish bathroom faucet shower head set with water pressure test, matte concealed accessories, suitable for luxury bathrooms, manufactured in China and exported extensively to South America and Southeast Asia.","og_url":"https:\/\/www.yoroow.com\/de\/produktdetail\/moderne-quadratische-chrom-finish-bad-wasserhahn-duschkopf-set-wasserdruckprufung-matt-verdecktes-bad-wasserhahn-zubehor\/","og_site_name":"YOROOW","article_publisher":"https:\/\/www.facebook.com\/people\/yoroowfaucetfactory\/61564236752362\/","article_modified_time":"2025-05-16T01:53:15+00:00","og_image":[{"width":600,"height":600,"url":"https:\/\/www.yoroow.com\/wp-content\/uploads\/2025\/05\/MYKONOS-08.fw_.jpg","type":"image\/jpeg"}],"twitter_card":"summary_large_image","twitter_misc":{"Gesch\u00e4tzte Lesezeit":"1\u00a0Minute"},"schema":{"@context":"https:\/\/schema.org","@graph":[{"@type":"WebPage","@id":"https:\/\/www.yoroow.com\/de\/produktdetail\/moderne-quadratische-chrom-finish-bad-wasserhahn-duschkopf-set-wasserdruckprufung-matt-verdecktes-bad-wasserhahn-zubehor\/","url":"https:\/\/www.yoroow.com\/de\/produktdetail\/moderne-quadratische-chrom-finish-bad-wasserhahn-duschkopf-set-wasserdruckprufung-matt-verdecktes-bad-wasserhahn-zubehor\/","name":"Modern Square Chrome Finish Bathroom Faucet Shower Head Set Water Pressure Test Matte Concealed Bathroom Faucet Accessories - YOROOW","isPartOf":{"@id":"https:\/\/www.yoroow.com\/de\/#website"},"primaryImageOfPage":{"@id":"https:\/\/www.yoroow.com\/de\/produktdetail\/moderne-quadratische-chrom-finish-bad-wasserhahn-duschkopf-set-wasserdruckprufung-matt-verdecktes-bad-wasserhahn-zubehor\/#primaryimage"},"image":{"@id":"https:\/\/www.yoroow.com\/de\/produktdetail\/moderne-quadratische-chrom-finish-bad-wasserhahn-duschkopf-set-wasserdruckprufung-matt-verdecktes-bad-wasserhahn-zubehor\/#primaryimage"},"thumbnailUrl":"https:\/\/www.yoroow.com\/wp-content\/uploads\/2025\/05\/MYKONOS-08.fw_.jpg","datePublished":"2025-05-08T06:47:10+00:00","dateModified":"2025-05-16T01:53:15+00:00","description":"Modern square chrome finish bathroom faucet shower head set with water pressure test, matte concealed accessories, suitable for luxury bathrooms, manufactured in China and exported extensively to South America and Southeast Asia.","breadcrumb":{"@id":"https:\/\/www.yoroow.com\/de\/produktdetail\/moderne-quadratische-chrom-finish-bad-wasserhahn-duschkopf-set-wasserdruckprufung-matt-verdecktes-bad-wasserhahn-zubehor\/#breadcrumb"},"inLanguage":"de","potentialAction":[{"@type":"ReadAction","target":["https:\/\/www.yoroow.com\/de\/produktdetail\/moderne-quadratische-chrom-finish-bad-wasserhahn-duschkopf-set-wasserdruckprufung-matt-verdecktes-bad-wasserhahn-zubehor\/"]}]},{"@type":"ImageObject","inLanguage":"de","@id":"https:\/\/www.yoroow.com\/de\/produktdetail\/moderne-quadratische-chrom-finish-bad-wasserhahn-duschkopf-set-wasserdruckprufung-matt-verdecktes-bad-wasserhahn-zubehor\/#primaryimage","url":"https:\/\/www.yoroow.com\/wp-content\/uploads\/2025\/05\/MYKONOS-08.fw_.jpg","contentUrl":"https:\/\/www.yoroow.com\/wp-content\/uploads\/2025\/05\/MYKONOS-08.fw_.jpg","width":600,"height":600,"caption":"Modern Square Chrome Finish Bathroom Faucet Shower Head Set Water Pressure Test Matte Concealed Bathroom Faucet Accessories"},{"@type":"BreadcrumbList","@id":"https:\/\/www.yoroow.com\/de\/produktdetail\/moderne-quadratische-chrom-finish-bad-wasserhahn-duschkopf-set-wasserdruckprufung-matt-verdecktes-bad-wasserhahn-zubehor\/#breadcrumb","itemListElement":[{"@type":"ListItem","position":1,"name":"home","item":"https:\/\/www.yoroow.com\/"},{"@type":"ListItem","position":2,"name":"Product","item":"https:\/\/www.yoroow.com\/product\/"},{"@type":"ListItem","position":3,"name":"Modern Square Chrome Finish Bathroom Faucet Shower Head Set Water Pressure Test Matte Concealed Bathroom Faucet Accessories"}]},{"@type":"WebSite","@id":"https:\/\/www.yoroow.com\/de\/#website","url":"https:\/\/www.yoroow.com\/de\/","name":"YOROOW","description":"","publisher":{"@id":"https:\/\/www.yoroow.com\/de\/#organization"},"potentialAction":[{"@type":"SearchAction","target":{"@type":"EntryPoint","urlTemplate":"https:\/\/www.yoroow.com\/de\/?s={search_term_string}"},"query-input":{"@type":"PropertyValueSpecification","valueRequired":true,"valueName":"search_term_string"}}],"inLanguage":"de"},{"@type":"Organization","@id":"https:\/\/www.yoroow.com\/de\/#organization","name":"YOROOW","url":"https:\/\/www.yoroow.com\/de\/","logo":{"@type":"ImageObject","inLanguage":"de","@id":"https:\/\/www.yoroow.com\/de\/#\/schema\/logo\/image\/","url":"https:\/\/www.yoroow.com\/wp-content\/uploads\/2024\/12\/2024123007131061.png","contentUrl":"https:\/\/www.yoroow.com\/wp-content\/uploads\/2024\/12\/2024123007131061.png","width":168,"height":27,"caption":"YOROOW"},"image":{"@id":"https:\/\/www.yoroow.com\/de\/#\/schema\/logo\/image\/"},"sameAs":["https:\/\/www.facebook.com\/people\/yoroowfaucetfactory\/61564236752362\/"]}]}},"_links":{"self":[{"href":"https:\/\/www.yoroow.com\/de\/wp-json\/wp\/v2\/product\/19692","targetHints":{"allow":["GET"]}}],"collection":[{"href":"https:\/\/www.yoroow.com\/de\/wp-json\/wp\/v2\/product"}],"about":[{"href":"https:\/\/www.yoroow.com\/de\/wp-json\/wp\/v2\/types\/product"}],"wp:featuredmedia":[{"embeddable":true,"href":"https:\/\/www.yoroow.com\/de\/wp-json\/wp\/v2\/media\/19704"}],"wp:attachment":[{"href":"https:\/\/www.yoroow.com\/de\/wp-json\/wp\/v2\/media?parent=19692"}],"wp:term":[{"taxonomy":"product_brand","embeddable":true,"href":"https:\/\/www.yoroow.com\/de\/wp-json\/wp\/v2\/product_brand?post=19692"},{"taxonomy":"product_cat","embeddable":true,"href":"https:\/\/www.yoroow.com\/de\/wp-json\/wp\/v2\/product_cat?post=19692"},{"taxonomy":"product_tag","embeddable":true,"href":"https:\/\/www.yoroow.com\/de\/wp-json\/wp\/v2\/product_tag?post=19692"}],"curies":[{"name":"wp","href":"https:\/\/api.w.org\/{rel}","templated":true}]}}