{"id":17203,"date":"2025-03-29T11:25:09","date_gmt":"2025-03-29T03:25:09","guid":{"rendered":"https:\/\/www.yoroow.com\/?post_type=product&#038;p=17203"},"modified":"2025-05-16T09:49:14","modified_gmt":"2025-05-16T01:49:14","slug":"modernes-design-kalt-und-warmwassermischbatterie-universal-galvanisch-verzinkter-wasserhahn-griffarmaturen-fur-bad-und-kuche","status":"publish","type":"product","link":"https:\/\/www.yoroow.com\/de\/produktdetail\/modernes-design-kalt-und-warmwassermischbatterie-universal-galvanisch-verzinkter-wasserhahn-griffarmaturen-fur-bad-und-kuche\/","title":{"rendered":"Modernes Design Warm- und Kaltwasser-Mischbatterie Universal Galvanisch verzinkter Wasserhahn Griff Armaturen f\u00fcr Bad &amp; K\u00fcche"},"content":{"rendered":"<p>Diese Griffarmatur eignet sich f\u00fcr Warm- und Kaltwasser-Mischbatterien in Badezimmern und K\u00fcchen und bietet ein elegantes, modernes Design aus galvanisiertem Zink. Dank ihrer universellen Gr\u00f6\u00dfe ist sie f\u00fcr eine Vielzahl von Wasserhahnmodellen geeignet. Das in China in einem mehrstufigen Polier- und Beschichtungsverfahren hergestellte Produkt gew\u00e4hrleistet sowohl Aussehen als auch Korrosionsbest\u00e4ndigkeit. Es werden gro\u00dfe OEM-Bestellungen und kundenspezifische Verpackungen unterst\u00fctzt, so dass es sich perfekt f\u00fcr den Vertrieb in S\u00fcdostasien und S\u00fcdamerika eignet, wo DIY-Reparaturteile f\u00fcr Wasserh\u00e4hne gefragt sind.<\/p>","protected":false},"excerpt":{"rendered":"<p>This handle fitting supports hot and cold water mixer faucets in both bathrooms and kitchens, offering a sleek modern design in electroplated zinc. Its universal fitting size makes it suitable for widespread faucet models. Made in China with multi-step polishing and plating procedures, the product ensures both appearance and corrosion resistance. Large-scale OEM orders and\u2026<\/p>","protected":false},"featured_media":17208,"template":"","meta":{"_acf_changed":false,"_kad_post_transparent":"default","_kad_post_title":"","_kad_post_layout":"default","_kad_post_sidebar_id":"","_kad_post_content_style":"default","_kad_post_vertical_padding":"default","_kad_post_feature":"","_kad_post_feature_position":"","_kad_post_header":false,"_kad_post_footer":false},"product_brand":[],"product_cat":[7106],"product_tag":[7126,7125],"class_list":{"0":"post-17203","1":"product","2":"type-product","3":"status-publish","4":"has-post-thumbnail","6":"product_cat-faucet-handle","7":"product_tag-universal-faucet-handle","8":"product_tag-zinc-faucet-handle-fittings","10":"first","11":"instock","12":"shipping-taxable","13":"purchasable","14":"product-type-variable","15":"wvs-archive-product-wrapper","16":"entry","17":"content-bg","18":"loop-entry"},"acf":[],"yoast_head":"<!-- This site is optimized with the Yoast SEO Premium plugin v25.4 (Yoast SEO v27.0) - https:\/\/yoast.com\/product\/yoast-seo-premium-wordpress\/ -->\n<title>Modern Design Hot &amp; Cold Water Mixer Faucet Universal Electroplated Zinc Faucet Handle Fittings for Bathroom &amp; Kitchen - YOROOW<\/title>\n<meta name=\"description\" content=\"Modern design hot and cold water mixer faucet handle with universal electroplated zinc fittings suitable for bathroom and kitchen faucets. High quality and durability ensured by Chinese factory expertise, exported mainly to South American and Southeast Asian markets.\" \/>\n<meta name=\"robots\" content=\"index, follow, max-snippet:-1, max-image-preview:large, max-video-preview:-1\" \/>\n<link rel=\"canonical\" href=\"https:\/\/www.yoroow.com\/de\/produktdetail\/modernes-design-kalt-und-warmwassermischbatterie-universal-galvanisch-verzinkter-wasserhahn-griffarmaturen-fur-bad-und-kuche\/\" \/>\n<meta property=\"og:locale\" content=\"de_DE\" \/>\n<meta property=\"og:type\" content=\"article\" \/>\n<meta property=\"og:title\" content=\"Modern Design Hot &amp; Cold Water Mixer Faucet Universal Electroplated Zinc Faucet Handle Fittings for Bathroom &amp; Kitchen\" \/>\n<meta property=\"og:description\" content=\"Modern design hot and cold water mixer faucet handle with universal electroplated zinc fittings suitable for bathroom and kitchen faucets. High quality and durability ensured by Chinese factory expertise, exported mainly to South American and Southeast Asian markets.\" \/>\n<meta property=\"og:url\" content=\"https:\/\/www.yoroow.com\/de\/produktdetail\/modernes-design-kalt-und-warmwassermischbatterie-universal-galvanisch-verzinkter-wasserhahn-griffarmaturen-fur-bad-und-kuche\/\" \/>\n<meta property=\"og:site_name\" content=\"YOROOW\" \/>\n<meta property=\"article:publisher\" content=\"https:\/\/www.facebook.com\/people\/yoroowfaucetfactory\/61564236752362\/\" \/>\n<meta property=\"article:modified_time\" content=\"2025-05-16T01:49:14+00:00\" \/>\n<meta property=\"og:image\" content=\"https:\/\/www.yoroow.com\/wp-content\/uploads\/2025\/03\/076P-1.jpg\" \/>\n\t<meta property=\"og:image:width\" content=\"800\" \/>\n\t<meta property=\"og:image:height\" content=\"800\" \/>\n\t<meta property=\"og:image:type\" content=\"image\/jpeg\" \/>\n<meta name=\"twitter:card\" content=\"summary_large_image\" \/>\n<meta name=\"twitter:label1\" content=\"Gesch\u00e4tzte Lesezeit\" \/>\n\t<meta name=\"twitter:data1\" content=\"1\u00a0Minute\" \/>\n<script type=\"application\/ld+json\" class=\"yoast-schema-graph\">{\"@context\":\"https:\/\/schema.org\",\"@graph\":[{\"@type\":\"WebPage\",\"@id\":\"https:\/\/www.yoroow.com\/de\/produktdetail\/modernes-design-kalt-und-warmwassermischbatterie-universal-galvanisch-verzinkter-wasserhahn-griffarmaturen-fur-bad-und-kuche\/\",\"url\":\"https:\/\/www.yoroow.com\/de\/produktdetail\/modernes-design-kalt-und-warmwassermischbatterie-universal-galvanisch-verzinkter-wasserhahn-griffarmaturen-fur-bad-und-kuche\/\",\"name\":\"Modern Design Hot & Cold Water Mixer Faucet Universal Electroplated Zinc Faucet Handle Fittings for Bathroom & Kitchen - YOROOW\",\"isPartOf\":{\"@id\":\"https:\/\/www.yoroow.com\/de\/#website\"},\"primaryImageOfPage\":{\"@id\":\"https:\/\/www.yoroow.com\/de\/produktdetail\/modernes-design-kalt-und-warmwassermischbatterie-universal-galvanisch-verzinkter-wasserhahn-griffarmaturen-fur-bad-und-kuche\/#primaryimage\"},\"image\":{\"@id\":\"https:\/\/www.yoroow.com\/de\/produktdetail\/modernes-design-kalt-und-warmwassermischbatterie-universal-galvanisch-verzinkter-wasserhahn-griffarmaturen-fur-bad-und-kuche\/#primaryimage\"},\"thumbnailUrl\":\"https:\/\/www.yoroow.com\/wp-content\/uploads\/2025\/03\/076P-1.jpg\",\"datePublished\":\"2025-03-29T03:25:09+00:00\",\"dateModified\":\"2025-05-16T01:49:14+00:00\",\"description\":\"Modern design hot and cold water mixer faucet handle with universal electroplated zinc fittings suitable for bathroom and kitchen faucets. High quality and durability ensured by Chinese factory expertise, exported mainly to South American and Southeast Asian markets.\",\"breadcrumb\":{\"@id\":\"https:\/\/www.yoroow.com\/de\/produktdetail\/modernes-design-kalt-und-warmwassermischbatterie-universal-galvanisch-verzinkter-wasserhahn-griffarmaturen-fur-bad-und-kuche\/#breadcrumb\"},\"inLanguage\":\"de\",\"potentialAction\":[{\"@type\":\"ReadAction\",\"target\":[\"https:\/\/www.yoroow.com\/de\/produktdetail\/modernes-design-kalt-und-warmwassermischbatterie-universal-galvanisch-verzinkter-wasserhahn-griffarmaturen-fur-bad-und-kuche\/\"]}]},{\"@type\":\"ImageObject\",\"inLanguage\":\"de\",\"@id\":\"https:\/\/www.yoroow.com\/de\/produktdetail\/modernes-design-kalt-und-warmwassermischbatterie-universal-galvanisch-verzinkter-wasserhahn-griffarmaturen-fur-bad-und-kuche\/#primaryimage\",\"url\":\"https:\/\/www.yoroow.com\/wp-content\/uploads\/2025\/03\/076P-1.jpg\",\"contentUrl\":\"https:\/\/www.yoroow.com\/wp-content\/uploads\/2025\/03\/076P-1.jpg\",\"width\":800,\"height\":800,\"caption\":\"Modern Design Hot & Cold Water Mixer Faucet Universal Electroplated Zinc Faucet Handle Fittings for Bathroom & Kitchen\"},{\"@type\":\"BreadcrumbList\",\"@id\":\"https:\/\/www.yoroow.com\/de\/produktdetail\/modernes-design-kalt-und-warmwassermischbatterie-universal-galvanisch-verzinkter-wasserhahn-griffarmaturen-fur-bad-und-kuche\/#breadcrumb\",\"itemListElement\":[{\"@type\":\"ListItem\",\"position\":1,\"name\":\"home\",\"item\":\"https:\/\/www.yoroow.com\/\"},{\"@type\":\"ListItem\",\"position\":2,\"name\":\"Product\",\"item\":\"https:\/\/www.yoroow.com\/product\/\"},{\"@type\":\"ListItem\",\"position\":3,\"name\":\"Modern Design Hot &#038; Cold Water Mixer Faucet Universal Electroplated Zinc Faucet Handle Fittings for Bathroom &#038; Kitchen\"}]},{\"@type\":\"WebSite\",\"@id\":\"https:\/\/www.yoroow.com\/de\/#website\",\"url\":\"https:\/\/www.yoroow.com\/de\/\",\"name\":\"YOROOW\",\"description\":\"\",\"publisher\":{\"@id\":\"https:\/\/www.yoroow.com\/de\/#organization\"},\"potentialAction\":[{\"@type\":\"SearchAction\",\"target\":{\"@type\":\"EntryPoint\",\"urlTemplate\":\"https:\/\/www.yoroow.com\/de\/?s={search_term_string}\"},\"query-input\":{\"@type\":\"PropertyValueSpecification\",\"valueRequired\":true,\"valueName\":\"search_term_string\"}}],\"inLanguage\":\"de\"},{\"@type\":\"Organization\",\"@id\":\"https:\/\/www.yoroow.com\/de\/#organization\",\"name\":\"YOROOW\",\"url\":\"https:\/\/www.yoroow.com\/de\/\",\"logo\":{\"@type\":\"ImageObject\",\"inLanguage\":\"de\",\"@id\":\"https:\/\/www.yoroow.com\/de\/#\/schema\/logo\/image\/\",\"url\":\"https:\/\/www.yoroow.com\/wp-content\/uploads\/2024\/12\/2024123007131061.png\",\"contentUrl\":\"https:\/\/www.yoroow.com\/wp-content\/uploads\/2024\/12\/2024123007131061.png\",\"width\":168,\"height\":27,\"caption\":\"YOROOW\"},\"image\":{\"@id\":\"https:\/\/www.yoroow.com\/de\/#\/schema\/logo\/image\/\"},\"sameAs\":[\"https:\/\/www.facebook.com\/people\/yoroowfaucetfactory\/61564236752362\/\"]}]}<\/script>\n<!-- \/ Yoast SEO Premium plugin. -->","yoast_head_json":{"title":"Modern Design Hot & Cold Water Mixer Faucet Universal Electroplated Zinc Faucet Handle Fittings for Bathroom & Kitchen - YOROOW","description":"Modern design hot and cold water mixer faucet handle with universal electroplated zinc fittings suitable for bathroom and kitchen faucets. High quality and durability ensured by Chinese factory expertise, exported mainly to South American and Southeast Asian markets.","robots":{"index":"index","follow":"follow","max-snippet":"max-snippet:-1","max-image-preview":"max-image-preview:large","max-video-preview":"max-video-preview:-1"},"canonical":"https:\/\/www.yoroow.com\/de\/produktdetail\/modernes-design-kalt-und-warmwassermischbatterie-universal-galvanisch-verzinkter-wasserhahn-griffarmaturen-fur-bad-und-kuche\/","og_locale":"de_DE","og_type":"article","og_title":"Modern Design Hot & Cold Water Mixer Faucet Universal Electroplated Zinc Faucet Handle Fittings for Bathroom & Kitchen","og_description":"Modern design hot and cold water mixer faucet handle with universal electroplated zinc fittings suitable for bathroom and kitchen faucets. High quality and durability ensured by Chinese factory expertise, exported mainly to South American and Southeast Asian markets.","og_url":"https:\/\/www.yoroow.com\/de\/produktdetail\/modernes-design-kalt-und-warmwassermischbatterie-universal-galvanisch-verzinkter-wasserhahn-griffarmaturen-fur-bad-und-kuche\/","og_site_name":"YOROOW","article_publisher":"https:\/\/www.facebook.com\/people\/yoroowfaucetfactory\/61564236752362\/","article_modified_time":"2025-05-16T01:49:14+00:00","og_image":[{"width":800,"height":800,"url":"https:\/\/www.yoroow.com\/wp-content\/uploads\/2025\/03\/076P-1.jpg","type":"image\/jpeg"}],"twitter_card":"summary_large_image","twitter_misc":{"Gesch\u00e4tzte Lesezeit":"1\u00a0Minute"},"schema":{"@context":"https:\/\/schema.org","@graph":[{"@type":"WebPage","@id":"https:\/\/www.yoroow.com\/de\/produktdetail\/modernes-design-kalt-und-warmwassermischbatterie-universal-galvanisch-verzinkter-wasserhahn-griffarmaturen-fur-bad-und-kuche\/","url":"https:\/\/www.yoroow.com\/de\/produktdetail\/modernes-design-kalt-und-warmwassermischbatterie-universal-galvanisch-verzinkter-wasserhahn-griffarmaturen-fur-bad-und-kuche\/","name":"Modern Design Hot & Cold Water Mixer Faucet Universal Electroplated Zinc Faucet Handle Fittings for Bathroom & Kitchen - YOROOW","isPartOf":{"@id":"https:\/\/www.yoroow.com\/de\/#website"},"primaryImageOfPage":{"@id":"https:\/\/www.yoroow.com\/de\/produktdetail\/modernes-design-kalt-und-warmwassermischbatterie-universal-galvanisch-verzinkter-wasserhahn-griffarmaturen-fur-bad-und-kuche\/#primaryimage"},"image":{"@id":"https:\/\/www.yoroow.com\/de\/produktdetail\/modernes-design-kalt-und-warmwassermischbatterie-universal-galvanisch-verzinkter-wasserhahn-griffarmaturen-fur-bad-und-kuche\/#primaryimage"},"thumbnailUrl":"https:\/\/www.yoroow.com\/wp-content\/uploads\/2025\/03\/076P-1.jpg","datePublished":"2025-03-29T03:25:09+00:00","dateModified":"2025-05-16T01:49:14+00:00","description":"Modern design hot and cold water mixer faucet handle with universal electroplated zinc fittings suitable for bathroom and kitchen faucets. High quality and durability ensured by Chinese factory expertise, exported mainly to South American and Southeast Asian markets.","breadcrumb":{"@id":"https:\/\/www.yoroow.com\/de\/produktdetail\/modernes-design-kalt-und-warmwassermischbatterie-universal-galvanisch-verzinkter-wasserhahn-griffarmaturen-fur-bad-und-kuche\/#breadcrumb"},"inLanguage":"de","potentialAction":[{"@type":"ReadAction","target":["https:\/\/www.yoroow.com\/de\/produktdetail\/modernes-design-kalt-und-warmwassermischbatterie-universal-galvanisch-verzinkter-wasserhahn-griffarmaturen-fur-bad-und-kuche\/"]}]},{"@type":"ImageObject","inLanguage":"de","@id":"https:\/\/www.yoroow.com\/de\/produktdetail\/modernes-design-kalt-und-warmwassermischbatterie-universal-galvanisch-verzinkter-wasserhahn-griffarmaturen-fur-bad-und-kuche\/#primaryimage","url":"https:\/\/www.yoroow.com\/wp-content\/uploads\/2025\/03\/076P-1.jpg","contentUrl":"https:\/\/www.yoroow.com\/wp-content\/uploads\/2025\/03\/076P-1.jpg","width":800,"height":800,"caption":"Modern Design Hot & Cold Water Mixer Faucet Universal Electroplated Zinc Faucet Handle Fittings for Bathroom & Kitchen"},{"@type":"BreadcrumbList","@id":"https:\/\/www.yoroow.com\/de\/produktdetail\/modernes-design-kalt-und-warmwassermischbatterie-universal-galvanisch-verzinkter-wasserhahn-griffarmaturen-fur-bad-und-kuche\/#breadcrumb","itemListElement":[{"@type":"ListItem","position":1,"name":"home","item":"https:\/\/www.yoroow.com\/"},{"@type":"ListItem","position":2,"name":"Product","item":"https:\/\/www.yoroow.com\/product\/"},{"@type":"ListItem","position":3,"name":"Modern Design Hot &#038; Cold Water Mixer Faucet Universal Electroplated Zinc Faucet Handle Fittings for Bathroom &#038; Kitchen"}]},{"@type":"WebSite","@id":"https:\/\/www.yoroow.com\/de\/#website","url":"https:\/\/www.yoroow.com\/de\/","name":"YOROOW","description":"","publisher":{"@id":"https:\/\/www.yoroow.com\/de\/#organization"},"potentialAction":[{"@type":"SearchAction","target":{"@type":"EntryPoint","urlTemplate":"https:\/\/www.yoroow.com\/de\/?s={search_term_string}"},"query-input":{"@type":"PropertyValueSpecification","valueRequired":true,"valueName":"search_term_string"}}],"inLanguage":"de"},{"@type":"Organization","@id":"https:\/\/www.yoroow.com\/de\/#organization","name":"YOROOW","url":"https:\/\/www.yoroow.com\/de\/","logo":{"@type":"ImageObject","inLanguage":"de","@id":"https:\/\/www.yoroow.com\/de\/#\/schema\/logo\/image\/","url":"https:\/\/www.yoroow.com\/wp-content\/uploads\/2024\/12\/2024123007131061.png","contentUrl":"https:\/\/www.yoroow.com\/wp-content\/uploads\/2024\/12\/2024123007131061.png","width":168,"height":27,"caption":"YOROOW"},"image":{"@id":"https:\/\/www.yoroow.com\/de\/#\/schema\/logo\/image\/"},"sameAs":["https:\/\/www.facebook.com\/people\/yoroowfaucetfactory\/61564236752362\/"]}]}},"_links":{"self":[{"href":"https:\/\/www.yoroow.com\/de\/wp-json\/wp\/v2\/product\/17203","targetHints":{"allow":["GET"]}}],"collection":[{"href":"https:\/\/www.yoroow.com\/de\/wp-json\/wp\/v2\/product"}],"about":[{"href":"https:\/\/www.yoroow.com\/de\/wp-json\/wp\/v2\/types\/product"}],"wp:featuredmedia":[{"embeddable":true,"href":"https:\/\/www.yoroow.com\/de\/wp-json\/wp\/v2\/media\/17208"}],"wp:attachment":[{"href":"https:\/\/www.yoroow.com\/de\/wp-json\/wp\/v2\/media?parent=17203"}],"wp:term":[{"taxonomy":"product_brand","embeddable":true,"href":"https:\/\/www.yoroow.com\/de\/wp-json\/wp\/v2\/product_brand?post=17203"},{"taxonomy":"product_cat","embeddable":true,"href":"https:\/\/www.yoroow.com\/de\/wp-json\/wp\/v2\/product_cat?post=17203"},{"taxonomy":"product_tag","embeddable":true,"href":"https:\/\/www.yoroow.com\/de\/wp-json\/wp\/v2\/product_tag?post=17203"}],"curies":[{"name":"wp","href":"https:\/\/api.w.org\/{rel}","templated":true}]}}