{"id":17186,"date":"2025-03-29T10:36:26","date_gmt":"2025-03-29T02:36:26","guid":{"rendered":"https:\/\/www.yoroow.com\/?post_type=product&#038;p=17186"},"modified":"2025-05-16T09:48:42","modified_gmt":"2025-05-16T01:48:42","slug":"hochwertiger-gebogener-wasserhahngriff-aus-zinklegierung-modernes-design-fur-kuchenarmatur-mit-einem-griff-fur-das-badezimmer","status":"publish","type":"product","link":"https:\/\/www.yoroow.com\/de\/produktdetail\/hochwertiger-gebogener-wasserhahngriff-aus-zinklegierung-modernes-design-fur-kuchenarmatur-mit-einem-griff-fur-das-badezimmer\/","title":{"rendered":"Hochwertige Zinklegierung gekr\u00fcmmten Wasserhahn Griff Modernes Design f\u00fcr Single Handle K\u00fcchenarmatur Mixer f\u00fcr Bad verwenden"},"content":{"rendered":"<p>Dieser hochwertige, gebogene Griff aus Zinklegierung wurde speziell f\u00fcr Einhebelmischer entwickelt und hat ein schlankes, bogenf\u00f6rmiges Design, das die Griffigkeit und Kontrolle verbessert. Seine universelle Passform passt zu einer Vielzahl von K\u00fcchen- und Badarmaturen und macht ihn zu einem beliebten Ersatzteil. Dieser Griff, der in unserer chinesischen Fabrik mit CNC-Werkzeugen mit hoher Toleranz und galvanischen Oberfl\u00e4chen hergestellt wird, vereint Qualit\u00e4t und Erschwinglichkeit. Er eignet sich ideal f\u00fcr den Export nach Lateinamerika und S\u00fcdostasien, wo erschwingliche Ersatzkomponenten mit hoher optischer Attraktivit\u00e4t bei Einzelh\u00e4ndlern und Installateuren sehr gefragt sind.<\/p>","protected":false},"excerpt":{"rendered":"<p>This high-quality zinc alloy curved handle is specifically designed for single-handle faucet mixers, with a sleek arc-shaped design that enhances grip and control. Its universal fit suits a wide range of kitchen and bathroom faucets, making it a popular replacement item. Produced with high-tolerance CNC tooling and electroplated finishes in our Chinese factory, this handle\u2026<\/p>","protected":false},"featured_media":17187,"template":"","meta":{"_acf_changed":false,"_kad_post_transparent":"default","_kad_post_title":"","_kad_post_layout":"default","_kad_post_sidebar_id":"","_kad_post_content_style":"default","_kad_post_vertical_padding":"default","_kad_post_feature":"","_kad_post_feature_position":"","_kad_post_header":false,"_kad_post_footer":false},"product_brand":[],"product_cat":[7106],"product_tag":[7129,7126],"class_list":{"0":"post-17186","1":"product","2":"type-product","3":"status-publish","4":"has-post-thumbnail","6":"product_cat-faucet-handle","7":"product_tag-replacement-faucet-lever","8":"product_tag-universal-faucet-handle","10":"first","11":"instock","12":"shipping-taxable","13":"purchasable","14":"product-type-variable","15":"wvs-archive-product-wrapper","16":"entry","17":"content-bg","18":"loop-entry"},"acf":[],"yoast_head":"<!-- This site is optimized with the Yoast SEO Premium plugin v25.4 (Yoast SEO v27.0) - https:\/\/yoast.com\/product\/yoast-seo-premium-wordpress\/ -->\n<title>High Quality Zinc Alloy Curved Faucet Handle Modern Design for Single Handle Kitchen Faucet Mixer for Bathroom Use - YOROOW<\/title>\n<meta name=\"description\" content=\"High quality zinc alloy curved faucet handle with modern design suitable for single handle kitchen faucet mixers, ideal for bathroom use and replacement. Made in China with precise electroplating, widely exported to South America and Southeast Asia.\" \/>\n<meta name=\"robots\" content=\"index, follow, max-snippet:-1, max-image-preview:large, max-video-preview:-1\" \/>\n<link rel=\"canonical\" href=\"https:\/\/www.yoroow.com\/de\/produktdetail\/hochwertiger-gebogener-wasserhahngriff-aus-zinklegierung-modernes-design-fur-kuchenarmatur-mit-einem-griff-fur-das-badezimmer\/\" \/>\n<meta property=\"og:locale\" content=\"de_DE\" \/>\n<meta property=\"og:type\" content=\"article\" \/>\n<meta property=\"og:title\" content=\"High Quality Zinc Alloy Curved Faucet Handle Modern Design for Single Handle Kitchen Faucet Mixer for Bathroom Use\" \/>\n<meta property=\"og:description\" content=\"High quality zinc alloy curved faucet handle with modern design suitable for single handle kitchen faucet mixers, ideal for bathroom use and replacement. Made in China with precise electroplating, widely exported to South America and Southeast Asia.\" \/>\n<meta property=\"og:url\" content=\"https:\/\/www.yoroow.com\/de\/produktdetail\/hochwertiger-gebogener-wasserhahngriff-aus-zinklegierung-modernes-design-fur-kuchenarmatur-mit-einem-griff-fur-das-badezimmer\/\" \/>\n<meta property=\"og:site_name\" content=\"YOROOW\" \/>\n<meta property=\"article:publisher\" content=\"https:\/\/www.facebook.com\/people\/yoroowfaucetfactory\/61564236752362\/\" \/>\n<meta property=\"article:modified_time\" content=\"2025-05-16T01:48:42+00:00\" \/>\n<meta property=\"og:image\" content=\"https:\/\/www.yoroow.com\/wp-content\/uploads\/2025\/03\/007P2.jpg\" \/>\n\t<meta property=\"og:image:width\" content=\"800\" \/>\n\t<meta property=\"og:image:height\" content=\"800\" \/>\n\t<meta property=\"og:image:type\" content=\"image\/jpeg\" \/>\n<meta name=\"twitter:card\" content=\"summary_large_image\" \/>\n<meta name=\"twitter:label1\" content=\"Gesch\u00e4tzte Lesezeit\" \/>\n\t<meta name=\"twitter:data1\" content=\"1\u00a0Minute\" \/>\n<script type=\"application\/ld+json\" class=\"yoast-schema-graph\">{\"@context\":\"https:\/\/schema.org\",\"@graph\":[{\"@type\":\"WebPage\",\"@id\":\"https:\/\/www.yoroow.com\/de\/produktdetail\/hochwertiger-gebogener-wasserhahngriff-aus-zinklegierung-modernes-design-fur-kuchenarmatur-mit-einem-griff-fur-das-badezimmer\/\",\"url\":\"https:\/\/www.yoroow.com\/de\/produktdetail\/hochwertiger-gebogener-wasserhahngriff-aus-zinklegierung-modernes-design-fur-kuchenarmatur-mit-einem-griff-fur-das-badezimmer\/\",\"name\":\"High Quality Zinc Alloy Curved Faucet Handle Modern Design for Single Handle Kitchen Faucet Mixer for Bathroom Use - YOROOW\",\"isPartOf\":{\"@id\":\"https:\/\/www.yoroow.com\/de\/#website\"},\"primaryImageOfPage\":{\"@id\":\"https:\/\/www.yoroow.com\/de\/produktdetail\/hochwertiger-gebogener-wasserhahngriff-aus-zinklegierung-modernes-design-fur-kuchenarmatur-mit-einem-griff-fur-das-badezimmer\/#primaryimage\"},\"image\":{\"@id\":\"https:\/\/www.yoroow.com\/de\/produktdetail\/hochwertiger-gebogener-wasserhahngriff-aus-zinklegierung-modernes-design-fur-kuchenarmatur-mit-einem-griff-fur-das-badezimmer\/#primaryimage\"},\"thumbnailUrl\":\"https:\/\/www.yoroow.com\/wp-content\/uploads\/2025\/03\/007P2.jpg\",\"datePublished\":\"2025-03-29T02:36:26+00:00\",\"dateModified\":\"2025-05-16T01:48:42+00:00\",\"description\":\"High quality zinc alloy curved faucet handle with modern design suitable for single handle kitchen faucet mixers, ideal for bathroom use and replacement. Made in China with precise electroplating, widely exported to South America and Southeast Asia.\",\"breadcrumb\":{\"@id\":\"https:\/\/www.yoroow.com\/de\/produktdetail\/hochwertiger-gebogener-wasserhahngriff-aus-zinklegierung-modernes-design-fur-kuchenarmatur-mit-einem-griff-fur-das-badezimmer\/#breadcrumb\"},\"inLanguage\":\"de\",\"potentialAction\":[{\"@type\":\"ReadAction\",\"target\":[\"https:\/\/www.yoroow.com\/de\/produktdetail\/hochwertiger-gebogener-wasserhahngriff-aus-zinklegierung-modernes-design-fur-kuchenarmatur-mit-einem-griff-fur-das-badezimmer\/\"]}]},{\"@type\":\"ImageObject\",\"inLanguage\":\"de\",\"@id\":\"https:\/\/www.yoroow.com\/de\/produktdetail\/hochwertiger-gebogener-wasserhahngriff-aus-zinklegierung-modernes-design-fur-kuchenarmatur-mit-einem-griff-fur-das-badezimmer\/#primaryimage\",\"url\":\"https:\/\/www.yoroow.com\/wp-content\/uploads\/2025\/03\/007P2.jpg\",\"contentUrl\":\"https:\/\/www.yoroow.com\/wp-content\/uploads\/2025\/03\/007P2.jpg\",\"width\":800,\"height\":800,\"caption\":\"High Quality Zinc Alloy Curved Faucet Handle Modern Design for Single Handle Kitchen Faucet Mixer for Bathroom Use\"},{\"@type\":\"BreadcrumbList\",\"@id\":\"https:\/\/www.yoroow.com\/de\/produktdetail\/hochwertiger-gebogener-wasserhahngriff-aus-zinklegierung-modernes-design-fur-kuchenarmatur-mit-einem-griff-fur-das-badezimmer\/#breadcrumb\",\"itemListElement\":[{\"@type\":\"ListItem\",\"position\":1,\"name\":\"home\",\"item\":\"https:\/\/www.yoroow.com\/\"},{\"@type\":\"ListItem\",\"position\":2,\"name\":\"Product\",\"item\":\"https:\/\/www.yoroow.com\/product\/\"},{\"@type\":\"ListItem\",\"position\":3,\"name\":\"High Quality Zinc Alloy Curved Faucet Handle Modern Design for Single Handle Kitchen Faucet Mixer for Bathroom Use\"}]},{\"@type\":\"WebSite\",\"@id\":\"https:\/\/www.yoroow.com\/de\/#website\",\"url\":\"https:\/\/www.yoroow.com\/de\/\",\"name\":\"YOROOW\",\"description\":\"\",\"publisher\":{\"@id\":\"https:\/\/www.yoroow.com\/de\/#organization\"},\"potentialAction\":[{\"@type\":\"SearchAction\",\"target\":{\"@type\":\"EntryPoint\",\"urlTemplate\":\"https:\/\/www.yoroow.com\/de\/?s={search_term_string}\"},\"query-input\":{\"@type\":\"PropertyValueSpecification\",\"valueRequired\":true,\"valueName\":\"search_term_string\"}}],\"inLanguage\":\"de\"},{\"@type\":\"Organization\",\"@id\":\"https:\/\/www.yoroow.com\/de\/#organization\",\"name\":\"YOROOW\",\"url\":\"https:\/\/www.yoroow.com\/de\/\",\"logo\":{\"@type\":\"ImageObject\",\"inLanguage\":\"de\",\"@id\":\"https:\/\/www.yoroow.com\/de\/#\/schema\/logo\/image\/\",\"url\":\"https:\/\/www.yoroow.com\/wp-content\/uploads\/2024\/12\/2024123007131061.png\",\"contentUrl\":\"https:\/\/www.yoroow.com\/wp-content\/uploads\/2024\/12\/2024123007131061.png\",\"width\":168,\"height\":27,\"caption\":\"YOROOW\"},\"image\":{\"@id\":\"https:\/\/www.yoroow.com\/de\/#\/schema\/logo\/image\/\"},\"sameAs\":[\"https:\/\/www.facebook.com\/people\/yoroowfaucetfactory\/61564236752362\/\"]}]}<\/script>\n<!-- \/ Yoast SEO Premium plugin. -->","yoast_head_json":{"title":"High Quality Zinc Alloy Curved Faucet Handle Modern Design for Single Handle Kitchen Faucet Mixer for Bathroom Use - YOROOW","description":"High quality zinc alloy curved faucet handle with modern design suitable for single handle kitchen faucet mixers, ideal for bathroom use and replacement. Made in China with precise electroplating, widely exported to South America and Southeast Asia.","robots":{"index":"index","follow":"follow","max-snippet":"max-snippet:-1","max-image-preview":"max-image-preview:large","max-video-preview":"max-video-preview:-1"},"canonical":"https:\/\/www.yoroow.com\/de\/produktdetail\/hochwertiger-gebogener-wasserhahngriff-aus-zinklegierung-modernes-design-fur-kuchenarmatur-mit-einem-griff-fur-das-badezimmer\/","og_locale":"de_DE","og_type":"article","og_title":"High Quality Zinc Alloy Curved Faucet Handle Modern Design for Single Handle Kitchen Faucet Mixer for Bathroom Use","og_description":"High quality zinc alloy curved faucet handle with modern design suitable for single handle kitchen faucet mixers, ideal for bathroom use and replacement. Made in China with precise electroplating, widely exported to South America and Southeast Asia.","og_url":"https:\/\/www.yoroow.com\/de\/produktdetail\/hochwertiger-gebogener-wasserhahngriff-aus-zinklegierung-modernes-design-fur-kuchenarmatur-mit-einem-griff-fur-das-badezimmer\/","og_site_name":"YOROOW","article_publisher":"https:\/\/www.facebook.com\/people\/yoroowfaucetfactory\/61564236752362\/","article_modified_time":"2025-05-16T01:48:42+00:00","og_image":[{"width":800,"height":800,"url":"https:\/\/www.yoroow.com\/wp-content\/uploads\/2025\/03\/007P2.jpg","type":"image\/jpeg"}],"twitter_card":"summary_large_image","twitter_misc":{"Gesch\u00e4tzte Lesezeit":"1\u00a0Minute"},"schema":{"@context":"https:\/\/schema.org","@graph":[{"@type":"WebPage","@id":"https:\/\/www.yoroow.com\/de\/produktdetail\/hochwertiger-gebogener-wasserhahngriff-aus-zinklegierung-modernes-design-fur-kuchenarmatur-mit-einem-griff-fur-das-badezimmer\/","url":"https:\/\/www.yoroow.com\/de\/produktdetail\/hochwertiger-gebogener-wasserhahngriff-aus-zinklegierung-modernes-design-fur-kuchenarmatur-mit-einem-griff-fur-das-badezimmer\/","name":"High Quality Zinc Alloy Curved Faucet Handle Modern Design for Single Handle Kitchen Faucet Mixer for Bathroom Use - YOROOW","isPartOf":{"@id":"https:\/\/www.yoroow.com\/de\/#website"},"primaryImageOfPage":{"@id":"https:\/\/www.yoroow.com\/de\/produktdetail\/hochwertiger-gebogener-wasserhahngriff-aus-zinklegierung-modernes-design-fur-kuchenarmatur-mit-einem-griff-fur-das-badezimmer\/#primaryimage"},"image":{"@id":"https:\/\/www.yoroow.com\/de\/produktdetail\/hochwertiger-gebogener-wasserhahngriff-aus-zinklegierung-modernes-design-fur-kuchenarmatur-mit-einem-griff-fur-das-badezimmer\/#primaryimage"},"thumbnailUrl":"https:\/\/www.yoroow.com\/wp-content\/uploads\/2025\/03\/007P2.jpg","datePublished":"2025-03-29T02:36:26+00:00","dateModified":"2025-05-16T01:48:42+00:00","description":"High quality zinc alloy curved faucet handle with modern design suitable for single handle kitchen faucet mixers, ideal for bathroom use and replacement. Made in China with precise electroplating, widely exported to South America and Southeast Asia.","breadcrumb":{"@id":"https:\/\/www.yoroow.com\/de\/produktdetail\/hochwertiger-gebogener-wasserhahngriff-aus-zinklegierung-modernes-design-fur-kuchenarmatur-mit-einem-griff-fur-das-badezimmer\/#breadcrumb"},"inLanguage":"de","potentialAction":[{"@type":"ReadAction","target":["https:\/\/www.yoroow.com\/de\/produktdetail\/hochwertiger-gebogener-wasserhahngriff-aus-zinklegierung-modernes-design-fur-kuchenarmatur-mit-einem-griff-fur-das-badezimmer\/"]}]},{"@type":"ImageObject","inLanguage":"de","@id":"https:\/\/www.yoroow.com\/de\/produktdetail\/hochwertiger-gebogener-wasserhahngriff-aus-zinklegierung-modernes-design-fur-kuchenarmatur-mit-einem-griff-fur-das-badezimmer\/#primaryimage","url":"https:\/\/www.yoroow.com\/wp-content\/uploads\/2025\/03\/007P2.jpg","contentUrl":"https:\/\/www.yoroow.com\/wp-content\/uploads\/2025\/03\/007P2.jpg","width":800,"height":800,"caption":"High Quality Zinc Alloy Curved Faucet Handle Modern Design for Single Handle Kitchen Faucet Mixer for Bathroom Use"},{"@type":"BreadcrumbList","@id":"https:\/\/www.yoroow.com\/de\/produktdetail\/hochwertiger-gebogener-wasserhahngriff-aus-zinklegierung-modernes-design-fur-kuchenarmatur-mit-einem-griff-fur-das-badezimmer\/#breadcrumb","itemListElement":[{"@type":"ListItem","position":1,"name":"home","item":"https:\/\/www.yoroow.com\/"},{"@type":"ListItem","position":2,"name":"Product","item":"https:\/\/www.yoroow.com\/product\/"},{"@type":"ListItem","position":3,"name":"High Quality Zinc Alloy Curved Faucet Handle Modern Design for Single Handle Kitchen Faucet Mixer for Bathroom Use"}]},{"@type":"WebSite","@id":"https:\/\/www.yoroow.com\/de\/#website","url":"https:\/\/www.yoroow.com\/de\/","name":"YOROOW","description":"","publisher":{"@id":"https:\/\/www.yoroow.com\/de\/#organization"},"potentialAction":[{"@type":"SearchAction","target":{"@type":"EntryPoint","urlTemplate":"https:\/\/www.yoroow.com\/de\/?s={search_term_string}"},"query-input":{"@type":"PropertyValueSpecification","valueRequired":true,"valueName":"search_term_string"}}],"inLanguage":"de"},{"@type":"Organization","@id":"https:\/\/www.yoroow.com\/de\/#organization","name":"YOROOW","url":"https:\/\/www.yoroow.com\/de\/","logo":{"@type":"ImageObject","inLanguage":"de","@id":"https:\/\/www.yoroow.com\/de\/#\/schema\/logo\/image\/","url":"https:\/\/www.yoroow.com\/wp-content\/uploads\/2024\/12\/2024123007131061.png","contentUrl":"https:\/\/www.yoroow.com\/wp-content\/uploads\/2024\/12\/2024123007131061.png","width":168,"height":27,"caption":"YOROOW"},"image":{"@id":"https:\/\/www.yoroow.com\/de\/#\/schema\/logo\/image\/"},"sameAs":["https:\/\/www.facebook.com\/people\/yoroowfaucetfactory\/61564236752362\/"]}]}},"_links":{"self":[{"href":"https:\/\/www.yoroow.com\/de\/wp-json\/wp\/v2\/product\/17186","targetHints":{"allow":["GET"]}}],"collection":[{"href":"https:\/\/www.yoroow.com\/de\/wp-json\/wp\/v2\/product"}],"about":[{"href":"https:\/\/www.yoroow.com\/de\/wp-json\/wp\/v2\/types\/product"}],"wp:featuredmedia":[{"embeddable":true,"href":"https:\/\/www.yoroow.com\/de\/wp-json\/wp\/v2\/media\/17187"}],"wp:attachment":[{"href":"https:\/\/www.yoroow.com\/de\/wp-json\/wp\/v2\/media?parent=17186"}],"wp:term":[{"taxonomy":"product_brand","embeddable":true,"href":"https:\/\/www.yoroow.com\/de\/wp-json\/wp\/v2\/product_brand?post=17186"},{"taxonomy":"product_cat","embeddable":true,"href":"https:\/\/www.yoroow.com\/de\/wp-json\/wp\/v2\/product_cat?post=17186"},{"taxonomy":"product_tag","embeddable":true,"href":"https:\/\/www.yoroow.com\/de\/wp-json\/wp\/v2\/product_tag?post=17186"}],"curies":[{"name":"wp","href":"https:\/\/api.w.org\/{rel}","templated":true}]}}