{"id":13887,"date":"2025-03-04T17:06:56","date_gmt":"2025-03-04T09:06:56","guid":{"rendered":"https:\/\/www.yoroow.com\/?post_type=product&#038;p=13887"},"modified":"2025-05-16T09:45:43","modified_gmt":"2025-05-16T01:45:43","slug":"hochwertiger-goldener-waschtisch-wasserhahn-mit-messinggehause-und-keramischem-ventileinsatz-fur-badezimmerschranke","status":"publish","type":"product","link":"https:\/\/www.yoroow.com\/de\/produktdetail\/hochwertiger-goldener-waschtisch-wasserhahn-mit-messinggehause-und-keramischem-ventileinsatz-fur-badezimmerschranke\/","title":{"rendered":"Moderne Beliebte Einhebelmischer Gold Waschtischarmatur Gute Qualit\u00e4t Gro\u00dfer Messingmischer f\u00fcr Haus Bad"},"content":{"rendered":"<p>Diese Waschtischarmatur mit einem Griff ist in mattem Schwarz gehalten und verleiht jedem Badezimmer einen eleganten und modernen Look. Die Armatur ist aus hochwertigem Messing gefertigt und bietet Langlebigkeit und Best\u00e4ndigkeit gegen Rost und Korrosion. Das schlichte, stilvolle Design passt sowohl in moderne als auch in minimalistische Badezimmer. Die Armatur erm\u00f6glicht eine pr\u00e4zise Temperatur- und Durchflussregelung mit einem einzigen Griff und bietet so eine hervorragende Benutzererfahrung. Die in China hergestellte Armatur wird zu wettbewerbsf\u00e4higen Preisen angeboten und ist ideal f\u00fcr den Export nach S\u00fcdamerika und S\u00fcdostasien. Die starken Produktionskapazit\u00e4ten des Werks gew\u00e4hrleisten qualitativ hochwertige Produkte mit flexiblen Anpassungsm\u00f6glichkeiten an die spezifischen Marktanforderungen.<\/p>","protected":false},"excerpt":{"rendered":"<p>This single-handle basin faucet is designed with a matte black finish, adding a sleek and modern look to any bathroom. Made from high-quality brass, the faucet offers durability and resistance to rust and corrosion. Its simple, stylish design fits well in both contemporary and minimalist bathroom settings. The faucet allows for precise temperature and flow\u2026<\/p>","protected":false},"featured_media":13877,"template":"","meta":{"_acf_changed":false,"_kad_post_transparent":"default","_kad_post_title":"","_kad_post_layout":"default","_kad_post_sidebar_id":"","_kad_post_content_style":"default","_kad_post_vertical_padding":"default","_kad_post_feature":"","_kad_post_feature_position":"","_kad_post_header":false,"_kad_post_footer":false},"product_brand":[],"product_cat":[238],"product_tag":[7843,3383],"class_list":{"0":"post-13887","1":"product","2":"type-product","3":"status-publish","4":"has-post-thumbnail","6":"product_cat-mixer-basin-faucet","7":"product_tag-modern-popular-basin-faucet","8":"product_tag-tall-basin-faucet-gold","10":"first","11":"instock","12":"shipping-taxable","13":"purchasable","14":"product-type-variable","15":"wvs-archive-product-wrapper","16":"entry","17":"content-bg","18":"loop-entry"},"acf":[],"yoast_head":"<!-- This site is optimized with the Yoast SEO Premium plugin v25.4 (Yoast SEO v27.0) - https:\/\/yoast.com\/product\/yoast-seo-premium-wordpress\/ -->\n<title>Modern Popular Single-Handle Gold Basin Faucet Good Quality Tall Brass Mixer for Home Bathroom - YOROOW<\/title>\n<meta name=\"description\" content=\"Modern popular single-handle gold basin faucet made of tall brass mixer, suitable for elegant home bathrooms, combining style with functionality, manufactured in China with advanced production lines, strongly exported to South America and Southeast Asia markets.\" \/>\n<meta name=\"robots\" content=\"index, follow, max-snippet:-1, max-image-preview:large, max-video-preview:-1\" \/>\n<link rel=\"canonical\" href=\"https:\/\/www.yoroow.com\/de\/produktdetail\/hochwertiger-goldener-waschtisch-wasserhahn-mit-messinggehause-und-keramischem-ventileinsatz-fur-badezimmerschranke\/\" \/>\n<meta property=\"og:locale\" content=\"de_DE\" \/>\n<meta property=\"og:type\" content=\"article\" \/>\n<meta property=\"og:title\" content=\"Modern Popular Single-Handle Gold Basin Faucet Good Quality Tall Brass Mixer for Home Bathroom\" \/>\n<meta property=\"og:description\" content=\"Modern popular single-handle gold basin faucet made of tall brass mixer, suitable for elegant home bathrooms, combining style with functionality, manufactured in China with advanced production lines, strongly exported to South America and Southeast Asia markets.\" \/>\n<meta property=\"og:url\" content=\"https:\/\/www.yoroow.com\/de\/produktdetail\/hochwertiger-goldener-waschtisch-wasserhahn-mit-messinggehause-und-keramischem-ventileinsatz-fur-badezimmerschranke\/\" \/>\n<meta property=\"og:site_name\" content=\"YOROOW\" \/>\n<meta property=\"article:publisher\" content=\"https:\/\/www.facebook.com\/people\/yoroowfaucetfactory\/61564236752362\/\" \/>\n<meta property=\"article:modified_time\" content=\"2025-05-16T01:45:43+00:00\" \/>\n<meta property=\"og:image\" content=\"https:\/\/www.yoroow.com\/wp-content\/uploads\/2025\/03\/FE5BE6DB-5C18-4A90-BF46-B3DFCEAAD512.jpeg\" \/>\n\t<meta property=\"og:image:width\" content=\"603\" \/>\n\t<meta property=\"og:image:height\" content=\"599\" \/>\n\t<meta property=\"og:image:type\" content=\"image\/jpeg\" \/>\n<meta name=\"twitter:card\" content=\"summary_large_image\" \/>\n<meta name=\"twitter:label1\" content=\"Gesch\u00e4tzte Lesezeit\" \/>\n\t<meta name=\"twitter:data1\" content=\"1\u00a0Minute\" \/>\n<script type=\"application\/ld+json\" class=\"yoast-schema-graph\">{\"@context\":\"https:\/\/schema.org\",\"@graph\":[{\"@type\":\"WebPage\",\"@id\":\"https:\/\/www.yoroow.com\/de\/produktdetail\/hochwertiger-goldener-waschtisch-wasserhahn-mit-messinggehause-und-keramischem-ventileinsatz-fur-badezimmerschranke\/\",\"url\":\"https:\/\/www.yoroow.com\/de\/produktdetail\/hochwertiger-goldener-waschtisch-wasserhahn-mit-messinggehause-und-keramischem-ventileinsatz-fur-badezimmerschranke\/\",\"name\":\"Modern Popular Single-Handle Gold Basin Faucet Good Quality Tall Brass Mixer for Home Bathroom - YOROOW\",\"isPartOf\":{\"@id\":\"https:\/\/www.yoroow.com\/de\/#website\"},\"primaryImageOfPage\":{\"@id\":\"https:\/\/www.yoroow.com\/de\/produktdetail\/hochwertiger-goldener-waschtisch-wasserhahn-mit-messinggehause-und-keramischem-ventileinsatz-fur-badezimmerschranke\/#primaryimage\"},\"image\":{\"@id\":\"https:\/\/www.yoroow.com\/de\/produktdetail\/hochwertiger-goldener-waschtisch-wasserhahn-mit-messinggehause-und-keramischem-ventileinsatz-fur-badezimmerschranke\/#primaryimage\"},\"thumbnailUrl\":\"https:\/\/www.yoroow.com\/wp-content\/uploads\/2025\/03\/FE5BE6DB-5C18-4A90-BF46-B3DFCEAAD512.jpeg\",\"datePublished\":\"2025-03-04T09:06:56+00:00\",\"dateModified\":\"2025-05-16T01:45:43+00:00\",\"description\":\"Modern popular single-handle gold basin faucet made of tall brass mixer, suitable for elegant home bathrooms, combining style with functionality, manufactured in China with advanced production lines, strongly exported to South America and Southeast Asia markets.\",\"breadcrumb\":{\"@id\":\"https:\/\/www.yoroow.com\/de\/produktdetail\/hochwertiger-goldener-waschtisch-wasserhahn-mit-messinggehause-und-keramischem-ventileinsatz-fur-badezimmerschranke\/#breadcrumb\"},\"inLanguage\":\"de\",\"potentialAction\":[{\"@type\":\"ReadAction\",\"target\":[\"https:\/\/www.yoroow.com\/de\/produktdetail\/hochwertiger-goldener-waschtisch-wasserhahn-mit-messinggehause-und-keramischem-ventileinsatz-fur-badezimmerschranke\/\"]}]},{\"@type\":\"ImageObject\",\"inLanguage\":\"de\",\"@id\":\"https:\/\/www.yoroow.com\/de\/produktdetail\/hochwertiger-goldener-waschtisch-wasserhahn-mit-messinggehause-und-keramischem-ventileinsatz-fur-badezimmerschranke\/#primaryimage\",\"url\":\"https:\/\/www.yoroow.com\/wp-content\/uploads\/2025\/03\/FE5BE6DB-5C18-4A90-BF46-B3DFCEAAD512.jpeg\",\"contentUrl\":\"https:\/\/www.yoroow.com\/wp-content\/uploads\/2025\/03\/FE5BE6DB-5C18-4A90-BF46-B3DFCEAAD512.jpeg\",\"width\":603,\"height\":599,\"caption\":\"Antique Bronze Basin Faucet Modern Single-Handle Gun Grey Design Premium Copper Brass for Home Bathroom\"},{\"@type\":\"BreadcrumbList\",\"@id\":\"https:\/\/www.yoroow.com\/de\/produktdetail\/hochwertiger-goldener-waschtisch-wasserhahn-mit-messinggehause-und-keramischem-ventileinsatz-fur-badezimmerschranke\/#breadcrumb\",\"itemListElement\":[{\"@type\":\"ListItem\",\"position\":1,\"name\":\"home\",\"item\":\"https:\/\/www.yoroow.com\/\"},{\"@type\":\"ListItem\",\"position\":2,\"name\":\"Product\",\"item\":\"https:\/\/www.yoroow.com\/product\/\"},{\"@type\":\"ListItem\",\"position\":3,\"name\":\"Modern Popular Single-Handle Gold Basin Faucet Good Quality Tall Brass Mixer for Home Bathroom\"}]},{\"@type\":\"WebSite\",\"@id\":\"https:\/\/www.yoroow.com\/de\/#website\",\"url\":\"https:\/\/www.yoroow.com\/de\/\",\"name\":\"YOROOW\",\"description\":\"\",\"publisher\":{\"@id\":\"https:\/\/www.yoroow.com\/de\/#organization\"},\"potentialAction\":[{\"@type\":\"SearchAction\",\"target\":{\"@type\":\"EntryPoint\",\"urlTemplate\":\"https:\/\/www.yoroow.com\/de\/?s={search_term_string}\"},\"query-input\":{\"@type\":\"PropertyValueSpecification\",\"valueRequired\":true,\"valueName\":\"search_term_string\"}}],\"inLanguage\":\"de\"},{\"@type\":\"Organization\",\"@id\":\"https:\/\/www.yoroow.com\/de\/#organization\",\"name\":\"YOROOW\",\"url\":\"https:\/\/www.yoroow.com\/de\/\",\"logo\":{\"@type\":\"ImageObject\",\"inLanguage\":\"de\",\"@id\":\"https:\/\/www.yoroow.com\/de\/#\/schema\/logo\/image\/\",\"url\":\"https:\/\/www.yoroow.com\/wp-content\/uploads\/2024\/12\/2024123007131061.png\",\"contentUrl\":\"https:\/\/www.yoroow.com\/wp-content\/uploads\/2024\/12\/2024123007131061.png\",\"width\":168,\"height\":27,\"caption\":\"YOROOW\"},\"image\":{\"@id\":\"https:\/\/www.yoroow.com\/de\/#\/schema\/logo\/image\/\"},\"sameAs\":[\"https:\/\/www.facebook.com\/people\/yoroowfaucetfactory\/61564236752362\/\"]}]}<\/script>\n<!-- \/ Yoast SEO Premium plugin. -->","yoast_head_json":{"title":"Modern Popular Single-Handle Gold Basin Faucet Good Quality Tall Brass Mixer for Home Bathroom - YOROOW","description":"Modern popular single-handle gold basin faucet made of tall brass mixer, suitable for elegant home bathrooms, combining style with functionality, manufactured in China with advanced production lines, strongly exported to South America and Southeast Asia markets.","robots":{"index":"index","follow":"follow","max-snippet":"max-snippet:-1","max-image-preview":"max-image-preview:large","max-video-preview":"max-video-preview:-1"},"canonical":"https:\/\/www.yoroow.com\/de\/produktdetail\/hochwertiger-goldener-waschtisch-wasserhahn-mit-messinggehause-und-keramischem-ventileinsatz-fur-badezimmerschranke\/","og_locale":"de_DE","og_type":"article","og_title":"Modern Popular Single-Handle Gold Basin Faucet Good Quality Tall Brass Mixer for Home Bathroom","og_description":"Modern popular single-handle gold basin faucet made of tall brass mixer, suitable for elegant home bathrooms, combining style with functionality, manufactured in China with advanced production lines, strongly exported to South America and Southeast Asia markets.","og_url":"https:\/\/www.yoroow.com\/de\/produktdetail\/hochwertiger-goldener-waschtisch-wasserhahn-mit-messinggehause-und-keramischem-ventileinsatz-fur-badezimmerschranke\/","og_site_name":"YOROOW","article_publisher":"https:\/\/www.facebook.com\/people\/yoroowfaucetfactory\/61564236752362\/","article_modified_time":"2025-05-16T01:45:43+00:00","og_image":[{"width":603,"height":599,"url":"https:\/\/www.yoroow.com\/wp-content\/uploads\/2025\/03\/FE5BE6DB-5C18-4A90-BF46-B3DFCEAAD512.jpeg","type":"image\/jpeg"}],"twitter_card":"summary_large_image","twitter_misc":{"Gesch\u00e4tzte Lesezeit":"1\u00a0Minute"},"schema":{"@context":"https:\/\/schema.org","@graph":[{"@type":"WebPage","@id":"https:\/\/www.yoroow.com\/de\/produktdetail\/hochwertiger-goldener-waschtisch-wasserhahn-mit-messinggehause-und-keramischem-ventileinsatz-fur-badezimmerschranke\/","url":"https:\/\/www.yoroow.com\/de\/produktdetail\/hochwertiger-goldener-waschtisch-wasserhahn-mit-messinggehause-und-keramischem-ventileinsatz-fur-badezimmerschranke\/","name":"Modern Popular Single-Handle Gold Basin Faucet Good Quality Tall Brass Mixer for Home Bathroom - YOROOW","isPartOf":{"@id":"https:\/\/www.yoroow.com\/de\/#website"},"primaryImageOfPage":{"@id":"https:\/\/www.yoroow.com\/de\/produktdetail\/hochwertiger-goldener-waschtisch-wasserhahn-mit-messinggehause-und-keramischem-ventileinsatz-fur-badezimmerschranke\/#primaryimage"},"image":{"@id":"https:\/\/www.yoroow.com\/de\/produktdetail\/hochwertiger-goldener-waschtisch-wasserhahn-mit-messinggehause-und-keramischem-ventileinsatz-fur-badezimmerschranke\/#primaryimage"},"thumbnailUrl":"https:\/\/www.yoroow.com\/wp-content\/uploads\/2025\/03\/FE5BE6DB-5C18-4A90-BF46-B3DFCEAAD512.jpeg","datePublished":"2025-03-04T09:06:56+00:00","dateModified":"2025-05-16T01:45:43+00:00","description":"Modern popular single-handle gold basin faucet made of tall brass mixer, suitable for elegant home bathrooms, combining style with functionality, manufactured in China with advanced production lines, strongly exported to South America and Southeast Asia markets.","breadcrumb":{"@id":"https:\/\/www.yoroow.com\/de\/produktdetail\/hochwertiger-goldener-waschtisch-wasserhahn-mit-messinggehause-und-keramischem-ventileinsatz-fur-badezimmerschranke\/#breadcrumb"},"inLanguage":"de","potentialAction":[{"@type":"ReadAction","target":["https:\/\/www.yoroow.com\/de\/produktdetail\/hochwertiger-goldener-waschtisch-wasserhahn-mit-messinggehause-und-keramischem-ventileinsatz-fur-badezimmerschranke\/"]}]},{"@type":"ImageObject","inLanguage":"de","@id":"https:\/\/www.yoroow.com\/de\/produktdetail\/hochwertiger-goldener-waschtisch-wasserhahn-mit-messinggehause-und-keramischem-ventileinsatz-fur-badezimmerschranke\/#primaryimage","url":"https:\/\/www.yoroow.com\/wp-content\/uploads\/2025\/03\/FE5BE6DB-5C18-4A90-BF46-B3DFCEAAD512.jpeg","contentUrl":"https:\/\/www.yoroow.com\/wp-content\/uploads\/2025\/03\/FE5BE6DB-5C18-4A90-BF46-B3DFCEAAD512.jpeg","width":603,"height":599,"caption":"Antique Bronze Basin Faucet Modern Single-Handle Gun Grey Design Premium Copper Brass for Home Bathroom"},{"@type":"BreadcrumbList","@id":"https:\/\/www.yoroow.com\/de\/produktdetail\/hochwertiger-goldener-waschtisch-wasserhahn-mit-messinggehause-und-keramischem-ventileinsatz-fur-badezimmerschranke\/#breadcrumb","itemListElement":[{"@type":"ListItem","position":1,"name":"home","item":"https:\/\/www.yoroow.com\/"},{"@type":"ListItem","position":2,"name":"Product","item":"https:\/\/www.yoroow.com\/product\/"},{"@type":"ListItem","position":3,"name":"Modern Popular Single-Handle Gold Basin Faucet Good Quality Tall Brass Mixer for Home Bathroom"}]},{"@type":"WebSite","@id":"https:\/\/www.yoroow.com\/de\/#website","url":"https:\/\/www.yoroow.com\/de\/","name":"YOROOW","description":"","publisher":{"@id":"https:\/\/www.yoroow.com\/de\/#organization"},"potentialAction":[{"@type":"SearchAction","target":{"@type":"EntryPoint","urlTemplate":"https:\/\/www.yoroow.com\/de\/?s={search_term_string}"},"query-input":{"@type":"PropertyValueSpecification","valueRequired":true,"valueName":"search_term_string"}}],"inLanguage":"de"},{"@type":"Organization","@id":"https:\/\/www.yoroow.com\/de\/#organization","name":"YOROOW","url":"https:\/\/www.yoroow.com\/de\/","logo":{"@type":"ImageObject","inLanguage":"de","@id":"https:\/\/www.yoroow.com\/de\/#\/schema\/logo\/image\/","url":"https:\/\/www.yoroow.com\/wp-content\/uploads\/2024\/12\/2024123007131061.png","contentUrl":"https:\/\/www.yoroow.com\/wp-content\/uploads\/2024\/12\/2024123007131061.png","width":168,"height":27,"caption":"YOROOW"},"image":{"@id":"https:\/\/www.yoroow.com\/de\/#\/schema\/logo\/image\/"},"sameAs":["https:\/\/www.facebook.com\/people\/yoroowfaucetfactory\/61564236752362\/"]}]}},"_links":{"self":[{"href":"https:\/\/www.yoroow.com\/de\/wp-json\/wp\/v2\/product\/13887","targetHints":{"allow":["GET"]}}],"collection":[{"href":"https:\/\/www.yoroow.com\/de\/wp-json\/wp\/v2\/product"}],"about":[{"href":"https:\/\/www.yoroow.com\/de\/wp-json\/wp\/v2\/types\/product"}],"wp:featuredmedia":[{"embeddable":true,"href":"https:\/\/www.yoroow.com\/de\/wp-json\/wp\/v2\/media\/13877"}],"wp:attachment":[{"href":"https:\/\/www.yoroow.com\/de\/wp-json\/wp\/v2\/media?parent=13887"}],"wp:term":[{"taxonomy":"product_brand","embeddable":true,"href":"https:\/\/www.yoroow.com\/de\/wp-json\/wp\/v2\/product_brand?post=13887"},{"taxonomy":"product_cat","embeddable":true,"href":"https:\/\/www.yoroow.com\/de\/wp-json\/wp\/v2\/product_cat?post=13887"},{"taxonomy":"product_tag","embeddable":true,"href":"https:\/\/www.yoroow.com\/de\/wp-json\/wp\/v2\/product_tag?post=13887"}],"curies":[{"name":"wp","href":"https:\/\/api.w.org\/{rel}","templated":true}]}}