{"id":13882,"date":"2025-03-04T17:06:50","date_gmt":"2025-03-04T09:06:50","guid":{"rendered":"https:\/\/www.yoroow.com\/?post_type=product&#038;p=13882"},"modified":"2025-05-16T09:45:40","modified_gmt":"2025-05-16T01:45:40","slug":"neue-design-bad-waschbecken-wasserfall-wasserhahn-eingriff-kalt-und-warmwasser-mischer-chrom-bad-waschbecken-armatur","status":"publish","type":"product","link":"https:\/\/www.yoroow.com\/de\/produktdetail\/neue-design-bad-waschbecken-wasserfall-wasserhahn-eingriff-kalt-und-warmwasser-mischer-chrom-bad-waschbecken-armatur\/","title":{"rendered":"Klassischer antiker verchromter Wasserhahn f\u00fcr das Waschbecken Einhebelmischer f\u00fcr kaltes und warmes Wasser Neues Design Vintage Waschbecken Wasserfall Wasserhahn"},"content":{"rendered":"<p>Diese hohe goldene Messing-Waschtischarmatur mit einem Griff wurde entwickelt, um modernen Badezimmern einen Hauch von Luxus zu verleihen. Die Armatur ist aus hochwertigem Messing mit einer polierten Goldoberfl\u00e4che gefertigt und bietet sowohl Sch\u00f6nheit als auch Haltbarkeit. Sie ist einfach zu installieren und zu warten und eignet sich daher hervorragend f\u00fcr private und gewerbliche Badezimmer. Der Wasserhahn bietet eine sanfte und pr\u00e4zise Steuerung des Wasserdurchflusses und sorgt so f\u00fcr ein optimales Benutzererlebnis. Der in China hergestellte Wasserhahn wird zu wettbewerbsf\u00e4higen Preisen angeboten, wobei f\u00fcr den Export nach S\u00fcdamerika und S\u00fcdostasien auch kundenspezifische Anpassungen m\u00f6glich sind. Die fortschrittlichen Produktionsanlagen des Werks erm\u00f6glichen eine schnelle Abwicklung und Massenproduktion, was es zu einer beliebten Wahl f\u00fcr internationale K\u00e4ufer macht.<\/p>","protected":false},"excerpt":{"rendered":"<p>This tall brass single-handle gold basin faucet is designed to add a touch of luxury to modern bathrooms. The faucet is made from high-quality brass with a polished gold finish, providing both beauty and durability. It is easy to install and maintain, making it a great option for residential and commercial bathroom settings. The faucet\u2026<\/p>","protected":false},"featured_media":13874,"template":"","meta":{"_acf_changed":false,"_kad_post_transparent":"default","_kad_post_title":"","_kad_post_layout":"default","_kad_post_sidebar_id":"","_kad_post_content_style":"default","_kad_post_vertical_padding":"default","_kad_post_feature":"","_kad_post_feature_position":"","_kad_post_header":false,"_kad_post_footer":false},"product_brand":[],"product_cat":[238],"product_tag":[6024,5941],"class_list":{"0":"post-13882","1":"product","2":"type-product","3":"status-publish","4":"has-post-thumbnail","6":"product_cat-mixer-basin-faucet","7":"product_tag-classic-antique-basin-tap-mixer","8":"product_tag-vintage-bathroom-basin-faucet-mixer-tap","10":"first","11":"instock","12":"shipping-taxable","13":"purchasable","14":"product-type-variable","15":"wvs-archive-product-wrapper","16":"entry","17":"content-bg","18":"loop-entry"},"acf":[],"yoast_head":"<!-- This site is optimized with the Yoast SEO Premium plugin v25.4 (Yoast SEO v27.0) - https:\/\/yoast.com\/product\/yoast-seo-premium-wordpress\/ -->\n<title>Classic Antique Chrome Basin Faucet Single Handle Cold Hot Water Mixer Tap New Design Vintage Bathroom Sink Waterfall Faucet - YOROOW<\/title>\n<meta name=\"description\" content=\"Classic antique chrome basin faucet with single handle cold and hot water mixer tap, vintage bathroom sink waterfall style, ideal for upscale bathroom renovation, made by professional Chinese factories ensuring quality and competitive pricing, mainly exported to South American and Southeast Asian customers.\" \/>\n<meta name=\"robots\" content=\"index, follow, max-snippet:-1, max-image-preview:large, max-video-preview:-1\" \/>\n<link rel=\"canonical\" href=\"https:\/\/www.yoroow.com\/de\/produktdetail\/neue-design-bad-waschbecken-wasserfall-wasserhahn-eingriff-kalt-und-warmwasser-mischer-chrom-bad-waschbecken-armatur\/\" \/>\n<meta property=\"og:locale\" content=\"de_DE\" \/>\n<meta property=\"og:type\" content=\"article\" \/>\n<meta property=\"og:title\" content=\"Classic Antique Chrome Basin Faucet Single Handle Cold Hot Water Mixer Tap New Design Vintage Bathroom Sink Waterfall Faucet\" \/>\n<meta property=\"og:description\" content=\"Classic antique chrome basin faucet with single handle cold and hot water mixer tap, vintage bathroom sink waterfall style, ideal for upscale bathroom renovation, made by professional Chinese factories ensuring quality and competitive pricing, mainly exported to South American and Southeast Asian customers.\" \/>\n<meta property=\"og:url\" content=\"https:\/\/www.yoroow.com\/de\/produktdetail\/neue-design-bad-waschbecken-wasserfall-wasserhahn-eingriff-kalt-und-warmwasser-mischer-chrom-bad-waschbecken-armatur\/\" \/>\n<meta property=\"og:site_name\" content=\"YOROOW\" \/>\n<meta property=\"article:publisher\" content=\"https:\/\/www.facebook.com\/people\/yoroowfaucetfactory\/61564236752362\/\" \/>\n<meta property=\"article:modified_time\" content=\"2025-05-16T01:45:40+00:00\" \/>\n<meta property=\"og:image\" content=\"https:\/\/www.yoroow.com\/wp-content\/uploads\/2025\/03\/8B2CDF13-B097-42DA-A680-56B660528CF3.jpeg\" \/>\n\t<meta property=\"og:image:width\" content=\"659\" \/>\n\t<meta property=\"og:image:height\" content=\"664\" \/>\n\t<meta property=\"og:image:type\" content=\"image\/jpeg\" \/>\n<meta name=\"twitter:card\" content=\"summary_large_image\" \/>\n<meta name=\"twitter:label1\" content=\"Gesch\u00e4tzte Lesezeit\" \/>\n\t<meta name=\"twitter:data1\" content=\"1\u00a0Minute\" \/>\n<script type=\"application\/ld+json\" class=\"yoast-schema-graph\">{\"@context\":\"https:\/\/schema.org\",\"@graph\":[{\"@type\":\"WebPage\",\"@id\":\"https:\/\/www.yoroow.com\/de\/produktdetail\/neue-design-bad-waschbecken-wasserfall-wasserhahn-eingriff-kalt-und-warmwasser-mischer-chrom-bad-waschbecken-armatur\/\",\"url\":\"https:\/\/www.yoroow.com\/de\/produktdetail\/neue-design-bad-waschbecken-wasserfall-wasserhahn-eingriff-kalt-und-warmwasser-mischer-chrom-bad-waschbecken-armatur\/\",\"name\":\"Classic Antique Chrome Basin Faucet Single Handle Cold Hot Water Mixer Tap New Design Vintage Bathroom Sink Waterfall Faucet - YOROOW\",\"isPartOf\":{\"@id\":\"https:\/\/www.yoroow.com\/de\/#website\"},\"primaryImageOfPage\":{\"@id\":\"https:\/\/www.yoroow.com\/de\/produktdetail\/neue-design-bad-waschbecken-wasserfall-wasserhahn-eingriff-kalt-und-warmwasser-mischer-chrom-bad-waschbecken-armatur\/#primaryimage\"},\"image\":{\"@id\":\"https:\/\/www.yoroow.com\/de\/produktdetail\/neue-design-bad-waschbecken-wasserfall-wasserhahn-eingriff-kalt-und-warmwasser-mischer-chrom-bad-waschbecken-armatur\/#primaryimage\"},\"thumbnailUrl\":\"https:\/\/www.yoroow.com\/wp-content\/uploads\/2025\/03\/8B2CDF13-B097-42DA-A680-56B660528CF3.jpeg\",\"datePublished\":\"2025-03-04T09:06:50+00:00\",\"dateModified\":\"2025-05-16T01:45:40+00:00\",\"description\":\"Classic antique chrome basin faucet with single handle cold and hot water mixer tap, vintage bathroom sink waterfall style, ideal for upscale bathroom renovation, made by professional Chinese factories ensuring quality and competitive pricing, mainly exported to South American and Southeast Asian customers.\",\"breadcrumb\":{\"@id\":\"https:\/\/www.yoroow.com\/de\/produktdetail\/neue-design-bad-waschbecken-wasserfall-wasserhahn-eingriff-kalt-und-warmwasser-mischer-chrom-bad-waschbecken-armatur\/#breadcrumb\"},\"inLanguage\":\"de\",\"potentialAction\":[{\"@type\":\"ReadAction\",\"target\":[\"https:\/\/www.yoroow.com\/de\/produktdetail\/neue-design-bad-waschbecken-wasserfall-wasserhahn-eingriff-kalt-und-warmwasser-mischer-chrom-bad-waschbecken-armatur\/\"]}]},{\"@type\":\"ImageObject\",\"inLanguage\":\"de\",\"@id\":\"https:\/\/www.yoroow.com\/de\/produktdetail\/neue-design-bad-waschbecken-wasserfall-wasserhahn-eingriff-kalt-und-warmwasser-mischer-chrom-bad-waschbecken-armatur\/#primaryimage\",\"url\":\"https:\/\/www.yoroow.com\/wp-content\/uploads\/2025\/03\/8B2CDF13-B097-42DA-A680-56B660528CF3.jpeg\",\"contentUrl\":\"https:\/\/www.yoroow.com\/wp-content\/uploads\/2025\/03\/8B2CDF13-B097-42DA-A680-56B660528CF3.jpeg\",\"width\":659,\"height\":664,\"caption\":\"Antique Bronze Basin Faucet Modern Single-Handle Gun Grey Design Premium Copper Brass for Home Bathroom\"},{\"@type\":\"BreadcrumbList\",\"@id\":\"https:\/\/www.yoroow.com\/de\/produktdetail\/neue-design-bad-waschbecken-wasserfall-wasserhahn-eingriff-kalt-und-warmwasser-mischer-chrom-bad-waschbecken-armatur\/#breadcrumb\",\"itemListElement\":[{\"@type\":\"ListItem\",\"position\":1,\"name\":\"home\",\"item\":\"https:\/\/www.yoroow.com\/\"},{\"@type\":\"ListItem\",\"position\":2,\"name\":\"Product\",\"item\":\"https:\/\/www.yoroow.com\/product\/\"},{\"@type\":\"ListItem\",\"position\":3,\"name\":\"Classic Antique Chrome Basin Faucet Single Handle Cold Hot Water Mixer Tap New Design Vintage Bathroom Sink Waterfall Faucet\"}]},{\"@type\":\"WebSite\",\"@id\":\"https:\/\/www.yoroow.com\/de\/#website\",\"url\":\"https:\/\/www.yoroow.com\/de\/\",\"name\":\"YOROOW\",\"description\":\"\",\"publisher\":{\"@id\":\"https:\/\/www.yoroow.com\/de\/#organization\"},\"potentialAction\":[{\"@type\":\"SearchAction\",\"target\":{\"@type\":\"EntryPoint\",\"urlTemplate\":\"https:\/\/www.yoroow.com\/de\/?s={search_term_string}\"},\"query-input\":{\"@type\":\"PropertyValueSpecification\",\"valueRequired\":true,\"valueName\":\"search_term_string\"}}],\"inLanguage\":\"de\"},{\"@type\":\"Organization\",\"@id\":\"https:\/\/www.yoroow.com\/de\/#organization\",\"name\":\"YOROOW\",\"url\":\"https:\/\/www.yoroow.com\/de\/\",\"logo\":{\"@type\":\"ImageObject\",\"inLanguage\":\"de\",\"@id\":\"https:\/\/www.yoroow.com\/de\/#\/schema\/logo\/image\/\",\"url\":\"https:\/\/www.yoroow.com\/wp-content\/uploads\/2024\/12\/2024123007131061.png\",\"contentUrl\":\"https:\/\/www.yoroow.com\/wp-content\/uploads\/2024\/12\/2024123007131061.png\",\"width\":168,\"height\":27,\"caption\":\"YOROOW\"},\"image\":{\"@id\":\"https:\/\/www.yoroow.com\/de\/#\/schema\/logo\/image\/\"},\"sameAs\":[\"https:\/\/www.facebook.com\/people\/yoroowfaucetfactory\/61564236752362\/\"]}]}<\/script>\n<!-- \/ Yoast SEO Premium plugin. -->","yoast_head_json":{"title":"Classic Antique Chrome Basin Faucet Single Handle Cold Hot Water Mixer Tap New Design Vintage Bathroom Sink Waterfall Faucet - YOROOW","description":"Classic antique chrome basin faucet with single handle cold and hot water mixer tap, vintage bathroom sink waterfall style, ideal for upscale bathroom renovation, made by professional Chinese factories ensuring quality and competitive pricing, mainly exported to South American and Southeast Asian customers.","robots":{"index":"index","follow":"follow","max-snippet":"max-snippet:-1","max-image-preview":"max-image-preview:large","max-video-preview":"max-video-preview:-1"},"canonical":"https:\/\/www.yoroow.com\/de\/produktdetail\/neue-design-bad-waschbecken-wasserfall-wasserhahn-eingriff-kalt-und-warmwasser-mischer-chrom-bad-waschbecken-armatur\/","og_locale":"de_DE","og_type":"article","og_title":"Classic Antique Chrome Basin Faucet Single Handle Cold Hot Water Mixer Tap New Design Vintage Bathroom Sink Waterfall Faucet","og_description":"Classic antique chrome basin faucet with single handle cold and hot water mixer tap, vintage bathroom sink waterfall style, ideal for upscale bathroom renovation, made by professional Chinese factories ensuring quality and competitive pricing, mainly exported to South American and Southeast Asian customers.","og_url":"https:\/\/www.yoroow.com\/de\/produktdetail\/neue-design-bad-waschbecken-wasserfall-wasserhahn-eingriff-kalt-und-warmwasser-mischer-chrom-bad-waschbecken-armatur\/","og_site_name":"YOROOW","article_publisher":"https:\/\/www.facebook.com\/people\/yoroowfaucetfactory\/61564236752362\/","article_modified_time":"2025-05-16T01:45:40+00:00","og_image":[{"width":659,"height":664,"url":"https:\/\/www.yoroow.com\/wp-content\/uploads\/2025\/03\/8B2CDF13-B097-42DA-A680-56B660528CF3.jpeg","type":"image\/jpeg"}],"twitter_card":"summary_large_image","twitter_misc":{"Gesch\u00e4tzte Lesezeit":"1\u00a0Minute"},"schema":{"@context":"https:\/\/schema.org","@graph":[{"@type":"WebPage","@id":"https:\/\/www.yoroow.com\/de\/produktdetail\/neue-design-bad-waschbecken-wasserfall-wasserhahn-eingriff-kalt-und-warmwasser-mischer-chrom-bad-waschbecken-armatur\/","url":"https:\/\/www.yoroow.com\/de\/produktdetail\/neue-design-bad-waschbecken-wasserfall-wasserhahn-eingriff-kalt-und-warmwasser-mischer-chrom-bad-waschbecken-armatur\/","name":"Classic Antique Chrome Basin Faucet Single Handle Cold Hot Water Mixer Tap New Design Vintage Bathroom Sink Waterfall Faucet - YOROOW","isPartOf":{"@id":"https:\/\/www.yoroow.com\/de\/#website"},"primaryImageOfPage":{"@id":"https:\/\/www.yoroow.com\/de\/produktdetail\/neue-design-bad-waschbecken-wasserfall-wasserhahn-eingriff-kalt-und-warmwasser-mischer-chrom-bad-waschbecken-armatur\/#primaryimage"},"image":{"@id":"https:\/\/www.yoroow.com\/de\/produktdetail\/neue-design-bad-waschbecken-wasserfall-wasserhahn-eingriff-kalt-und-warmwasser-mischer-chrom-bad-waschbecken-armatur\/#primaryimage"},"thumbnailUrl":"https:\/\/www.yoroow.com\/wp-content\/uploads\/2025\/03\/8B2CDF13-B097-42DA-A680-56B660528CF3.jpeg","datePublished":"2025-03-04T09:06:50+00:00","dateModified":"2025-05-16T01:45:40+00:00","description":"Classic antique chrome basin faucet with single handle cold and hot water mixer tap, vintage bathroom sink waterfall style, ideal for upscale bathroom renovation, made by professional Chinese factories ensuring quality and competitive pricing, mainly exported to South American and Southeast Asian customers.","breadcrumb":{"@id":"https:\/\/www.yoroow.com\/de\/produktdetail\/neue-design-bad-waschbecken-wasserfall-wasserhahn-eingriff-kalt-und-warmwasser-mischer-chrom-bad-waschbecken-armatur\/#breadcrumb"},"inLanguage":"de","potentialAction":[{"@type":"ReadAction","target":["https:\/\/www.yoroow.com\/de\/produktdetail\/neue-design-bad-waschbecken-wasserfall-wasserhahn-eingriff-kalt-und-warmwasser-mischer-chrom-bad-waschbecken-armatur\/"]}]},{"@type":"ImageObject","inLanguage":"de","@id":"https:\/\/www.yoroow.com\/de\/produktdetail\/neue-design-bad-waschbecken-wasserfall-wasserhahn-eingriff-kalt-und-warmwasser-mischer-chrom-bad-waschbecken-armatur\/#primaryimage","url":"https:\/\/www.yoroow.com\/wp-content\/uploads\/2025\/03\/8B2CDF13-B097-42DA-A680-56B660528CF3.jpeg","contentUrl":"https:\/\/www.yoroow.com\/wp-content\/uploads\/2025\/03\/8B2CDF13-B097-42DA-A680-56B660528CF3.jpeg","width":659,"height":664,"caption":"Antique Bronze Basin Faucet Modern Single-Handle Gun Grey Design Premium Copper Brass for Home Bathroom"},{"@type":"BreadcrumbList","@id":"https:\/\/www.yoroow.com\/de\/produktdetail\/neue-design-bad-waschbecken-wasserfall-wasserhahn-eingriff-kalt-und-warmwasser-mischer-chrom-bad-waschbecken-armatur\/#breadcrumb","itemListElement":[{"@type":"ListItem","position":1,"name":"home","item":"https:\/\/www.yoroow.com\/"},{"@type":"ListItem","position":2,"name":"Product","item":"https:\/\/www.yoroow.com\/product\/"},{"@type":"ListItem","position":3,"name":"Classic Antique Chrome Basin Faucet Single Handle Cold Hot Water Mixer Tap New Design Vintage Bathroom Sink Waterfall Faucet"}]},{"@type":"WebSite","@id":"https:\/\/www.yoroow.com\/de\/#website","url":"https:\/\/www.yoroow.com\/de\/","name":"YOROOW","description":"","publisher":{"@id":"https:\/\/www.yoroow.com\/de\/#organization"},"potentialAction":[{"@type":"SearchAction","target":{"@type":"EntryPoint","urlTemplate":"https:\/\/www.yoroow.com\/de\/?s={search_term_string}"},"query-input":{"@type":"PropertyValueSpecification","valueRequired":true,"valueName":"search_term_string"}}],"inLanguage":"de"},{"@type":"Organization","@id":"https:\/\/www.yoroow.com\/de\/#organization","name":"YOROOW","url":"https:\/\/www.yoroow.com\/de\/","logo":{"@type":"ImageObject","inLanguage":"de","@id":"https:\/\/www.yoroow.com\/de\/#\/schema\/logo\/image\/","url":"https:\/\/www.yoroow.com\/wp-content\/uploads\/2024\/12\/2024123007131061.png","contentUrl":"https:\/\/www.yoroow.com\/wp-content\/uploads\/2024\/12\/2024123007131061.png","width":168,"height":27,"caption":"YOROOW"},"image":{"@id":"https:\/\/www.yoroow.com\/de\/#\/schema\/logo\/image\/"},"sameAs":["https:\/\/www.facebook.com\/people\/yoroowfaucetfactory\/61564236752362\/"]}]}},"_links":{"self":[{"href":"https:\/\/www.yoroow.com\/de\/wp-json\/wp\/v2\/product\/13882","targetHints":{"allow":["GET"]}}],"collection":[{"href":"https:\/\/www.yoroow.com\/de\/wp-json\/wp\/v2\/product"}],"about":[{"href":"https:\/\/www.yoroow.com\/de\/wp-json\/wp\/v2\/types\/product"}],"wp:featuredmedia":[{"embeddable":true,"href":"https:\/\/www.yoroow.com\/de\/wp-json\/wp\/v2\/media\/13874"}],"wp:attachment":[{"href":"https:\/\/www.yoroow.com\/de\/wp-json\/wp\/v2\/media?parent=13882"}],"wp:term":[{"taxonomy":"product_brand","embeddable":true,"href":"https:\/\/www.yoroow.com\/de\/wp-json\/wp\/v2\/product_brand?post=13882"},{"taxonomy":"product_cat","embeddable":true,"href":"https:\/\/www.yoroow.com\/de\/wp-json\/wp\/v2\/product_cat?post=13882"},{"taxonomy":"product_tag","embeddable":true,"href":"https:\/\/www.yoroow.com\/de\/wp-json\/wp\/v2\/product_tag?post=13882"}],"curies":[{"name":"wp","href":"https:\/\/api.w.org\/{rel}","templated":true}]}}